{"id":23247,"date":"2024-05-09T07:00:26","date_gmt":"2024-05-09T07:00:26","guid":{"rendered":"https:\/\/petproducts.com.cn\/?post_type=product&#038;p=23247"},"modified":"2024-05-09T07:17:24","modified_gmt":"2024-05-09T07:17:24","slug":"dog-shoulder-carrier-customize-travel-carry-bag-for-dog","status":"publish","type":"product","link":"https:\/\/petproducts.com.cn\/pt\/product\/dog-shoulder-carrier-customize-travel-carry-bag-for-dog\/","title":{"rendered":"Porta-ombro para cachorro personaliza bolsa de transporte para cachorro"},"content":{"rendered":"<h2>Carater\u00edsticas da transportadora de ombro para c\u00e3es<\/h2>\n<ol>\n<li><strong>Op\u00e7\u00f5es de tamanho flex\u00edveis<\/strong>: A nossa transportadora de ombro para c\u00e3es est\u00e1 dispon\u00edvel em dois tamanhos, oferecendo versatilidade para acomodar v\u00e1rias ra\u00e7as e tamanhos de c\u00e3es. O tamanho pequeno mede S: 33x15xH29cm, enquanto o tamanho m\u00e9dio mede M: 43x20xH38cm, garantindo um ajuste confort\u00e1vel para diferentes animais de estima\u00e7\u00e3o.<\/li>\n<li><strong>Portabilidade c\u00f3moda<\/strong>: Concebida para ser f\u00e1cil de utilizar, a nossa transportadora de viagem para c\u00e3es \u00e9 leve e f\u00e1cil de dobrar, tornando-a f\u00e1cil de transportar durante as viagens. O seu design compacto permite que os donos dos animais transportem os seus companheiros peludos com o m\u00ednimo esfor\u00e7o, quer seja a p\u00e9 ou em tr\u00e2nsito.<\/li>\n<li><strong>Constru\u00e7\u00e3o leve<\/strong>: Constru\u00eddo com materiais leves, o nosso saco de transporte para c\u00e3es reduz a carga dos donos, garantindo o conforto dos animais de estima\u00e7\u00e3o. Esta carater\u00edstica torna-o f\u00e1cil de transportar durante longos per\u00edodos, facilitando as viagens sem stress tanto para os animais de estima\u00e7\u00e3o como para os donos.<\/li>\n<li><strong>Tecido de acolchoamento dur\u00e1vel<\/strong>: Fabricado em tecido acolchoado dur\u00e1vel, garante longevidade e fiabilidade. Este tecido oferece uma excelente resist\u00eancia e resili\u00eancia, proporcionando prote\u00e7\u00e3o aos animais de estima\u00e7\u00e3o e mantendo um aspeto atraente.<\/li>\n<li><strong>Op\u00e7\u00f5es de personaliza\u00e7\u00e3o<\/strong>: \u00c9 personaliz\u00e1vel para se adequar \u00e0s prefer\u00eancias e requisitos individuais. Desde a sele\u00e7\u00e3o de cores e padr\u00f5es at\u00e9 \u00e0 adi\u00e7\u00e3o de detalhes personalizados, os clientes t\u00eam a liberdade de criar uma transportadora que reflicta o seu estilo \u00fanico, assegurando simultaneamente um conforto e uma funcionalidade ideais para os seus amigos peludos.<\/li>\n<li><strong>Tend\u00eancia da moda<\/strong>: Mantendo-se a par das \u00faltimas tend\u00eancias da moda, o nosso porta-c\u00e3es combina estilo e funcionalidade. O seu design moderno garante que os donos de animais de estima\u00e7\u00e3o possam viajar com os seus animais de estima\u00e7\u00e3o com estilo, fazendo uma declara\u00e7\u00e3o de moda enquanto proporcionam conforto e comodidade aos seus companheiros peludos.<\/li>\n<\/ol>","protected":false},"excerpt":{"rendered":"<p>N\u00f3s somos um fabricante de transportador de ombro para c\u00e3es, transportador de viagem para c\u00e3es com mais de 20 anos de experi\u00eancia. Oferecemos op\u00e7\u00f5es de personaliza\u00e7\u00e3o para cor, tamanho, tecido, padr\u00e3o, log\u00f3tipo e outras carater\u00edsticas.<\/p>","protected":false},"featured_media":23250,"template":"","meta":{"_acf_changed":false},"product_brand":[],"product_cat":[133,71,132,72],"product_tag":[145,144],"class_list":{"0":"post-23247","1":"product","2":"type-product","3":"status-publish","4":"has-post-thumbnail","6":"product_cat-cat-carriers-car-supplies","7":"product_cat-cat-supplies","8":"product_cat-dog-carriers-car-supplies","9":"product_cat-dog-supplies","10":"product_tag-cat-carriers-car-supplies","11":"product_tag-dog-carriers-car-supplies","13":"first","14":"instock","15":"shipping-taxable","16":"product-type-simple"},"acf":[],"yoast_head":"<!-- This site is optimized with the Yoast SEO plugin v27.1.1 - https:\/\/yoast.com\/product\/yoast-seo-wordpress\/ -->\n<title>dog shoulder carrier | Factory Travel Dog Carrier - Petstar<\/title>\n<meta name=\"description\" content=\"Explore dog shoulder carrier, travel dog carrier, carry bag for dog from the manufacturer. Your ideal business solution with Petstar.\" \/>\n<meta name=\"robots\" content=\"index, follow, max-snippet:-1, max-image-preview:large, max-video-preview:-1\" \/>\n<link rel=\"canonical\" href=\"https:\/\/petproducts.com.cn\/pt\/produto\/dog-shoulder-carrier-customize-travel-carry-bag-for-dog\/\" \/>\n<meta property=\"og:locale\" content=\"pt_PT\" \/>\n<meta property=\"og:type\" content=\"article\" \/>\n<meta property=\"og:title\" content=\"dog shoulder carrier | Factory Travel Dog Carrier - Petstar\" \/>\n<meta property=\"og:description\" content=\"Explore dog shoulder carrier, travel dog carrier, carry bag for dog from the manufacturer. Your ideal business solution with Petstar.\" \/>\n<meta property=\"og:url\" content=\"https:\/\/petproducts.com.cn\/pt\/produto\/dog-shoulder-carrier-customize-travel-carry-bag-for-dog\/\" \/>\n<meta property=\"og:site_name\" content=\"Petstar\" \/>\n<meta property=\"article:modified_time\" content=\"2024-05-09T07:17:24+00:00\" \/>\n<meta property=\"og:image\" content=\"https:\/\/petproducts.com.cn\/wp-content\/uploads\/2024\/05\/dog-shoulder-carrier.webp\" \/>\n\t<meta property=\"og:image:width\" content=\"1000\" \/>\n\t<meta property=\"og:image:height\" content=\"1000\" \/>\n\t<meta property=\"og:image:type\" content=\"image\/webp\" \/>\n<meta name=\"twitter:card\" content=\"summary_large_image\" \/>\n<meta name=\"twitter:label1\" content=\"Tempo estimado de leitura\" \/>\n\t<meta name=\"twitter:data1\" content=\"2 minutos\" \/>\n<script type=\"application\/ld+json\" class=\"yoast-schema-graph\">{\"@context\":\"https:\/\/schema.org\",\"@graph\":[{\"@type\":\"WebPage\",\"@id\":\"https:\/\/petproducts.com.cn\/product\/dog-shoulder-carrier-customize-travel-carry-bag-for-dog\/\",\"url\":\"https:\/\/petproducts.com.cn\/product\/dog-shoulder-carrier-customize-travel-carry-bag-for-dog\/\",\"name\":\"dog shoulder carrier | Factory Travel Dog Carrier - Petstar\",\"isPartOf\":{\"@id\":\"https:\/\/petproducts.com.cn\/#website\"},\"primaryImageOfPage\":{\"@id\":\"https:\/\/petproducts.com.cn\/product\/dog-shoulder-carrier-customize-travel-carry-bag-for-dog\/#primaryimage\"},\"image\":{\"@id\":\"https:\/\/petproducts.com.cn\/product\/dog-shoulder-carrier-customize-travel-carry-bag-for-dog\/#primaryimage\"},\"thumbnailUrl\":\"https:\/\/petproducts.com.cn\/wp-content\/uploads\/2024\/05\/dog-shoulder-carrier.webp\",\"datePublished\":\"2024-05-09T07:00:26+00:00\",\"dateModified\":\"2024-05-09T07:17:24+00:00\",\"description\":\"Explore dog shoulder carrier, travel dog carrier, carry bag for dog from the manufacturer. Your ideal business solution with Petstar.\",\"breadcrumb\":{\"@id\":\"https:\/\/petproducts.com.cn\/product\/dog-shoulder-carrier-customize-travel-carry-bag-for-dog\/#breadcrumb\"},\"inLanguage\":\"pt-PT\",\"potentialAction\":[{\"@type\":\"ReadAction\",\"target\":[\"https:\/\/petproducts.com.cn\/product\/dog-shoulder-carrier-customize-travel-carry-bag-for-dog\/\"]}]},{\"@type\":\"ImageObject\",\"inLanguage\":\"pt-PT\",\"@id\":\"https:\/\/petproducts.com.cn\/product\/dog-shoulder-carrier-customize-travel-carry-bag-for-dog\/#primaryimage\",\"url\":\"https:\/\/petproducts.com.cn\/wp-content\/uploads\/2024\/05\/dog-shoulder-carrier.webp\",\"contentUrl\":\"https:\/\/petproducts.com.cn\/wp-content\/uploads\/2024\/05\/dog-shoulder-carrier.webp\",\"width\":1000,\"height\":1000,\"caption\":\"dog shoulder carrier\"},{\"@type\":\"BreadcrumbList\",\"@id\":\"https:\/\/petproducts.com.cn\/product\/dog-shoulder-carrier-customize-travel-carry-bag-for-dog\/#breadcrumb\",\"itemListElement\":[{\"@type\":\"ListItem\",\"position\":1,\"name\":\"HOME\",\"item\":\"https:\/\/petproducts.com.cn\/\"},{\"@type\":\"ListItem\",\"position\":2,\"name\":\"Products\",\"item\":\"https:\/\/petproducts.com.cn\/shop\/\"},{\"@type\":\"ListItem\",\"position\":3,\"name\":\"Dog Carriers &amp; Car Supplies\",\"item\":\"https:\/\/petproducts.com.cn\/product-category\/dog-carriers-car-supplies\/\"},{\"@type\":\"ListItem\",\"position\":4,\"name\":\"Dog Shoulder Carrier Customize Travel Carry Bag For Dog\"}]},{\"@type\":\"WebSite\",\"@id\":\"https:\/\/petproducts.com.cn\/#website\",\"url\":\"https:\/\/petproducts.com.cn\/\",\"name\":\"Petstar\",\"description\":\"Leading Pet Supplies Manufacturer &amp; OEM Pet Products Supplier\",\"publisher\":{\"@id\":\"https:\/\/petproducts.com.cn\/#organization\"},\"alternateName\":\"Petstar Pet Supplies\",\"potentialAction\":[{\"@type\":\"SearchAction\",\"target\":{\"@type\":\"EntryPoint\",\"urlTemplate\":\"https:\/\/petproducts.com.cn\/?s={search_term_string}\"},\"query-input\":{\"@type\":\"PropertyValueSpecification\",\"valueRequired\":true,\"valueName\":\"search_term_string\"}}],\"inLanguage\":\"pt-PT\"},{\"@type\":\"Organization\",\"@id\":\"https:\/\/petproducts.com.cn\/#organization\",\"name\":\"Petstar\",\"url\":\"https:\/\/petproducts.com.cn\/\",\"logo\":{\"@type\":\"ImageObject\",\"inLanguage\":\"pt-PT\",\"@id\":\"https:\/\/petproducts.com.cn\/#\/schema\/logo\/image\/\",\"url\":\"https:\/\/petproducts.com.cn\/wp-content\/uploads\/2020\/02\/petstar-logo.webp\",\"contentUrl\":\"https:\/\/petproducts.com.cn\/wp-content\/uploads\/2020\/02\/petstar-logo.webp\",\"width\":779,\"height\":520,\"caption\":\"Petstar\"},\"image\":{\"@id\":\"https:\/\/petproducts.com.cn\/#\/schema\/logo\/image\/\"}}]}<\/script>\n<!-- \/ Yoast SEO plugin. -->","yoast_head_json":{"title":"porta-c\u00e3es de ombro | Factory Travel Dog Carrier - Petstar","description":"Explore o transportador de ombro para c\u00e3es, transportador de viagem para c\u00e3es, saco de transporte para c\u00e3es do fabricante. A sua solu\u00e7\u00e3o comercial ideal com Petstar.","robots":{"index":"index","follow":"follow","max-snippet":"max-snippet:-1","max-image-preview":"max-image-preview:large","max-video-preview":"max-video-preview:-1"},"canonical":"https:\/\/petproducts.com.cn\/pt\/produto\/dog-shoulder-carrier-customize-travel-carry-bag-for-dog\/","og_locale":"pt_PT","og_type":"article","og_title":"dog shoulder carrier | Factory Travel Dog Carrier - Petstar","og_description":"Explore dog shoulder carrier, travel dog carrier, carry bag for dog from the manufacturer. Your ideal business solution with Petstar.","og_url":"https:\/\/petproducts.com.cn\/pt\/produto\/dog-shoulder-carrier-customize-travel-carry-bag-for-dog\/","og_site_name":"Petstar","article_modified_time":"2024-05-09T07:17:24+00:00","og_image":[{"width":1000,"height":1000,"url":"https:\/\/petproducts.com.cn\/wp-content\/uploads\/2024\/05\/dog-shoulder-carrier.webp","type":"image\/webp"}],"twitter_card":"summary_large_image","twitter_misc":{"Tempo estimado de leitura":"2 minutos"},"schema":{"@context":"https:\/\/schema.org","@graph":[{"@type":"WebPage","@id":"https:\/\/petproducts.com.cn\/product\/dog-shoulder-carrier-customize-travel-carry-bag-for-dog\/","url":"https:\/\/petproducts.com.cn\/product\/dog-shoulder-carrier-customize-travel-carry-bag-for-dog\/","name":"porta-c\u00e3es de ombro | Factory Travel Dog Carrier - Petstar","isPartOf":{"@id":"https:\/\/petproducts.com.cn\/#website"},"primaryImageOfPage":{"@id":"https:\/\/petproducts.com.cn\/product\/dog-shoulder-carrier-customize-travel-carry-bag-for-dog\/#primaryimage"},"image":{"@id":"https:\/\/petproducts.com.cn\/product\/dog-shoulder-carrier-customize-travel-carry-bag-for-dog\/#primaryimage"},"thumbnailUrl":"https:\/\/petproducts.com.cn\/wp-content\/uploads\/2024\/05\/dog-shoulder-carrier.webp","datePublished":"2024-05-09T07:00:26+00:00","dateModified":"2024-05-09T07:17:24+00:00","description":"Explore o transportador de ombro para c\u00e3es, transportador de viagem para c\u00e3es, saco de transporte para c\u00e3es do fabricante. A sua solu\u00e7\u00e3o comercial ideal com Petstar.","breadcrumb":{"@id":"https:\/\/petproducts.com.cn\/product\/dog-shoulder-carrier-customize-travel-carry-bag-for-dog\/#breadcrumb"},"inLanguage":"pt-PT","potentialAction":[{"@type":"ReadAction","target":["https:\/\/petproducts.com.cn\/product\/dog-shoulder-carrier-customize-travel-carry-bag-for-dog\/"]}]},{"@type":"ImageObject","inLanguage":"pt-PT","@id":"https:\/\/petproducts.com.cn\/product\/dog-shoulder-carrier-customize-travel-carry-bag-for-dog\/#primaryimage","url":"https:\/\/petproducts.com.cn\/wp-content\/uploads\/2024\/05\/dog-shoulder-carrier.webp","contentUrl":"https:\/\/petproducts.com.cn\/wp-content\/uploads\/2024\/05\/dog-shoulder-carrier.webp","width":1000,"height":1000,"caption":"dog shoulder carrier"},{"@type":"BreadcrumbList","@id":"https:\/\/petproducts.com.cn\/product\/dog-shoulder-carrier-customize-travel-carry-bag-for-dog\/#breadcrumb","itemListElement":[{"@type":"ListItem","position":1,"name":"HOME","item":"https:\/\/petproducts.com.cn\/"},{"@type":"ListItem","position":2,"name":"Products","item":"https:\/\/petproducts.com.cn\/shop\/"},{"@type":"ListItem","position":3,"name":"Dog Carriers &amp; Car Supplies","item":"https:\/\/petproducts.com.cn\/product-category\/dog-carriers-car-supplies\/"},{"@type":"ListItem","position":4,"name":"Dog Shoulder Carrier Customize Travel Carry Bag For Dog"}]},{"@type":"WebSite","@id":"https:\/\/petproducts.com.cn\/#website","url":"https:\/\/petproducts.com.cn\/","name":"Petstar","description":"Fabricante l\u00edder de artigos para animais de estima\u00e7\u00e3o e fornecedor de produtos OEM para animais de estima\u00e7\u00e3o","publisher":{"@id":"https:\/\/petproducts.com.cn\/#organization"},"alternateName":"Petstar Pet Supplies","potentialAction":[{"@type":"SearchAction","target":{"@type":"EntryPoint","urlTemplate":"https:\/\/petproducts.com.cn\/?s={search_term_string}"},"query-input":{"@type":"PropertyValueSpecification","valueRequired":true,"valueName":"search_term_string"}}],"inLanguage":"pt-PT"},{"@type":"Organization","@id":"https:\/\/petproducts.com.cn\/#organization","name":"Petstar","url":"https:\/\/petproducts.com.cn\/","logo":{"@type":"ImageObject","inLanguage":"pt-PT","@id":"https:\/\/petproducts.com.cn\/#\/schema\/logo\/image\/","url":"https:\/\/petproducts.com.cn\/wp-content\/uploads\/2020\/02\/petstar-logo.webp","contentUrl":"https:\/\/petproducts.com.cn\/wp-content\/uploads\/2020\/02\/petstar-logo.webp","width":779,"height":520,"caption":"Petstar"},"image":{"@id":"https:\/\/petproducts.com.cn\/#\/schema\/logo\/image\/"}}]}},"_links":{"self":[{"href":"https:\/\/petproducts.com.cn\/pt\/wp-json\/wp\/v2\/product\/23247","targetHints":{"allow":["GET"]}}],"collection":[{"href":"https:\/\/petproducts.com.cn\/pt\/wp-json\/wp\/v2\/product"}],"about":[{"href":"https:\/\/petproducts.com.cn\/pt\/wp-json\/wp\/v2\/types\/product"}],"version-history":[{"count":2,"href":"https:\/\/petproducts.com.cn\/pt\/wp-json\/wp\/v2\/product\/23247\/revisions"}],"predecessor-version":[{"id":23256,"href":"https:\/\/petproducts.com.cn\/pt\/wp-json\/wp\/v2\/product\/23247\/revisions\/23256"}],"wp:featuredmedia":[{"embeddable":true,"href":"https:\/\/petproducts.com.cn\/pt\/wp-json\/wp\/v2\/media\/23250"}],"wp:attachment":[{"href":"https:\/\/petproducts.com.cn\/pt\/wp-json\/wp\/v2\/media?parent=23247"}],"wp:term":[{"taxonomy":"product_brand","embeddable":true,"href":"https:\/\/petproducts.com.cn\/pt\/wp-json\/wp\/v2\/product_brand?post=23247"},{"taxonomy":"product_cat","embeddable":true,"href":"https:\/\/petproducts.com.cn\/pt\/wp-json\/wp\/v2\/product_cat?post=23247"},{"taxonomy":"product_tag","embeddable":true,"href":"https:\/\/petproducts.com.cn\/pt\/wp-json\/wp\/v2\/product_tag?post=23247"}],"curies":[{"name":"wp","href":"https:\/\/api.w.org\/{rel}","templated":true}]}}