{"id":23255,"date":"2024-05-09T07:34:33","date_gmt":"2024-05-09T07:34:33","guid":{"rendered":"https:\/\/petproducts.com.cn\/?post_type=product&#038;p=23255"},"modified":"2024-09-05T02:09:34","modified_gmt":"2024-09-05T02:09:34","slug":"latex-dog-chew-toys-oem-animal-chew-toys-for-dogs","status":"publish","type":"product","link":"https:\/\/petproducts.com.cn\/pt\/product\/latex-dog-chew-toys-oem-animal-chew-toys-for-dogs\/","title":{"rendered":"Brinquedos para mastigar para c\u00e3es em l\u00e1tex Brinquedos para mastigar animais OEM para c\u00e3es"},"content":{"rendered":"<h2>Carater\u00edsticas dos brinquedos de l\u00e1tex para mastigar para c\u00e3es<\/h2>\n<ol>\n<li><strong>Tamanho ideal<\/strong>. Os nossos brinquedos de l\u00e1tex para mastigar para c\u00e3es s\u00e3o concebidos com dimens\u00f5es de 14x7x6cm, proporcionando o tamanho perfeito para os c\u00e3es brincarem e mastigarem. Este tamanho garante que os brinquedos s\u00e3o adequados para v\u00e1rias ra\u00e7as e tamanhos de c\u00e3es, oferecendo op\u00e7\u00f5es de entretenimento vers\u00e1teis.<\/li>\n<li><strong>Material de l\u00e1tex<\/strong>. Fabricados a partir de material de l\u00e1tex de alta qualidade, os nossos brinquedos de l\u00e1tex para c\u00e3es oferecem durabilidade e resist\u00eancia. Este material \u00e9 conhecido pela sua dureza, tornando-o adequado para c\u00e3es que gostam de mastigar, garantindo um prazer duradouro para os animais de estima\u00e7\u00e3o.<\/li>\n<li><strong>Ador\u00e1vel forma de coelho<\/strong>. Os nossos brinquedos para c\u00e3es apresentam uma ador\u00e1vel forma de coelho, apelando aos instintos naturais dos c\u00e3es para brincar e explorar. Este design \u00fanico estimula o interesse dos c\u00e3es e incentiva a brincadeira ativa, proporcionando uma estimula\u00e7\u00e3o f\u00edsica e mental.<\/li>\n<li><strong>Op\u00e7\u00f5es personaliz\u00e1veis<\/strong>. Os nossos brinquedos em forma de animal para c\u00e3es s\u00e3o personaliz\u00e1veis para se adaptarem \u00e0s prefer\u00eancias individuais e aos requisitos da marca. Desde a sele\u00e7\u00e3o de cores e padr\u00f5es at\u00e9 \u00e0 adi\u00e7\u00e3o de detalhes personalizados, os clientes t\u00eam a flexibilidade de criar brinquedos que reflectem o seu estilo \u00fanico e a identidade da marca.<\/li>\n<li><strong>Alta qualidade<\/strong>. Comprometidos com a excel\u00eancia, os nossos novos brinquedos para mastigar para c\u00e3es s\u00e3o fabricados com materiais e normas de fabrico de alta qualidade. Damos prioridade \u00e0 qualidade e \u00e0 seguran\u00e7a, garantindo que os nossos brinquedos cumprem os mais elevados padr\u00f5es de durabilidade e seguran\u00e7a para animais de estima\u00e7\u00e3o.<\/li>\n<\/ol>","protected":false},"excerpt":{"rendered":"<p>N\u00f3s somos um fabricante de brinquedos de l\u00e1tex para c\u00e3es, brinquedos de l\u00e1tex para c\u00e3es com mais de 20 anos de experi\u00eancia. Oferecemos op\u00e7\u00f5es de personaliza\u00e7\u00e3o para cor, tamanho, tecido, padr\u00e3o, log\u00f3tipo e outras carater\u00edsticas.<\/p>","protected":false},"featured_media":23259,"template":"","meta":{"_acf_changed":false},"product_brand":[],"product_cat":[72,48],"product_tag":[223,238],"class_list":{"0":"post-23255","1":"product","2":"type-product","3":"status-publish","4":"has-post-thumbnail","6":"product_cat-dog-supplies","7":"product_cat-dog-toys","8":"product_tag-dog-chew-toys","9":"product_tag-latex-dog-toys","11":"first","12":"instock","13":"shipping-taxable","14":"product-type-simple"},"acf":[],"yoast_head":"<!-- This site is optimized with the Yoast SEO plugin v27.1.1 - https:\/\/yoast.com\/product\/yoast-seo-wordpress\/ -->\n<title>latex dog chew toys | OEM Animal Toys For Dogs - Petstar<\/title>\n<meta name=\"description\" content=\"Explore latex dog chew toys, animal toys for dogs, latex dog toys from the manufacturer. Your ideal business solution with Petstar.\" \/>\n<meta name=\"robots\" content=\"index, follow, max-snippet:-1, max-image-preview:large, max-video-preview:-1\" \/>\n<link rel=\"canonical\" href=\"https:\/\/petproducts.com.cn\/pt\/produto\/latex-dog-chew-toys-oem-animal-chew-toys-for-dogs\/\" \/>\n<meta property=\"og:locale\" content=\"pt_PT\" \/>\n<meta property=\"og:type\" content=\"article\" \/>\n<meta property=\"og:title\" content=\"latex dog chew toys | OEM Animal Toys For Dogs - Petstar\" \/>\n<meta property=\"og:description\" content=\"Explore latex dog chew toys, animal toys for dogs, latex dog toys from the manufacturer. Your ideal business solution with Petstar.\" \/>\n<meta property=\"og:url\" content=\"https:\/\/petproducts.com.cn\/pt\/produto\/latex-dog-chew-toys-oem-animal-chew-toys-for-dogs\/\" \/>\n<meta property=\"og:site_name\" content=\"Petstar\" \/>\n<meta property=\"article:modified_time\" content=\"2024-09-05T02:09:34+00:00\" \/>\n<meta property=\"og:image\" content=\"https:\/\/petproducts.com.cn\/wp-content\/uploads\/2024\/05\/latex-dog-chew-toys.webp\" \/>\n\t<meta property=\"og:image:width\" content=\"1000\" \/>\n\t<meta property=\"og:image:height\" content=\"1000\" \/>\n\t<meta property=\"og:image:type\" content=\"image\/webp\" \/>\n<meta name=\"twitter:card\" content=\"summary_large_image\" \/>\n<meta name=\"twitter:label1\" content=\"Tempo estimado de leitura\" \/>\n\t<meta name=\"twitter:data1\" content=\"1 minuto\" \/>\n<script type=\"application\/ld+json\" class=\"yoast-schema-graph\">{\"@context\":\"https:\/\/schema.org\",\"@graph\":[{\"@type\":\"WebPage\",\"@id\":\"https:\/\/petproducts.com.cn\/product\/latex-dog-chew-toys-oem-animal-chew-toys-for-dogs\/\",\"url\":\"https:\/\/petproducts.com.cn\/product\/latex-dog-chew-toys-oem-animal-chew-toys-for-dogs\/\",\"name\":\"latex dog chew toys | OEM Animal Toys For Dogs - Petstar\",\"isPartOf\":{\"@id\":\"https:\/\/petproducts.com.cn\/#website\"},\"primaryImageOfPage\":{\"@id\":\"https:\/\/petproducts.com.cn\/product\/latex-dog-chew-toys-oem-animal-chew-toys-for-dogs\/#primaryimage\"},\"image\":{\"@id\":\"https:\/\/petproducts.com.cn\/product\/latex-dog-chew-toys-oem-animal-chew-toys-for-dogs\/#primaryimage\"},\"thumbnailUrl\":\"https:\/\/petproducts.com.cn\/wp-content\/uploads\/2024\/05\/latex-dog-chew-toys.webp\",\"datePublished\":\"2024-05-09T07:34:33+00:00\",\"dateModified\":\"2024-09-05T02:09:34+00:00\",\"description\":\"Explore latex dog chew toys, animal toys for dogs, latex dog toys from the manufacturer. Your ideal business solution with Petstar.\",\"breadcrumb\":{\"@id\":\"https:\/\/petproducts.com.cn\/product\/latex-dog-chew-toys-oem-animal-chew-toys-for-dogs\/#breadcrumb\"},\"inLanguage\":\"pt-PT\",\"potentialAction\":[{\"@type\":\"ReadAction\",\"target\":[\"https:\/\/petproducts.com.cn\/product\/latex-dog-chew-toys-oem-animal-chew-toys-for-dogs\/\"]}]},{\"@type\":\"ImageObject\",\"inLanguage\":\"pt-PT\",\"@id\":\"https:\/\/petproducts.com.cn\/product\/latex-dog-chew-toys-oem-animal-chew-toys-for-dogs\/#primaryimage\",\"url\":\"https:\/\/petproducts.com.cn\/wp-content\/uploads\/2024\/05\/latex-dog-chew-toys.webp\",\"contentUrl\":\"https:\/\/petproducts.com.cn\/wp-content\/uploads\/2024\/05\/latex-dog-chew-toys.webp\",\"width\":1000,\"height\":1000,\"caption\":\"latex dog chew toys\"},{\"@type\":\"BreadcrumbList\",\"@id\":\"https:\/\/petproducts.com.cn\/product\/latex-dog-chew-toys-oem-animal-chew-toys-for-dogs\/#breadcrumb\",\"itemListElement\":[{\"@type\":\"ListItem\",\"position\":1,\"name\":\"HOME\",\"item\":\"https:\/\/petproducts.com.cn\/\"},{\"@type\":\"ListItem\",\"position\":2,\"name\":\"Products\",\"item\":\"https:\/\/petproducts.com.cn\/shop\/\"},{\"@type\":\"ListItem\",\"position\":3,\"name\":\"Dog Toys\",\"item\":\"https:\/\/petproducts.com.cn\/product-category\/dog-toys\/\"},{\"@type\":\"ListItem\",\"position\":4,\"name\":\"Latex Dog Chew Toys OEM Animal Chew Toys For Dogs\"}]},{\"@type\":\"WebSite\",\"@id\":\"https:\/\/petproducts.com.cn\/#website\",\"url\":\"https:\/\/petproducts.com.cn\/\",\"name\":\"Petstar\",\"description\":\"Leading Pet Supplies Manufacturer &amp; OEM Pet Products Supplier\",\"publisher\":{\"@id\":\"https:\/\/petproducts.com.cn\/#organization\"},\"alternateName\":\"Petstar Pet Supplies\",\"potentialAction\":[{\"@type\":\"SearchAction\",\"target\":{\"@type\":\"EntryPoint\",\"urlTemplate\":\"https:\/\/petproducts.com.cn\/?s={search_term_string}\"},\"query-input\":{\"@type\":\"PropertyValueSpecification\",\"valueRequired\":true,\"valueName\":\"search_term_string\"}}],\"inLanguage\":\"pt-PT\"},{\"@type\":\"Organization\",\"@id\":\"https:\/\/petproducts.com.cn\/#organization\",\"name\":\"Petstar\",\"url\":\"https:\/\/petproducts.com.cn\/\",\"logo\":{\"@type\":\"ImageObject\",\"inLanguage\":\"pt-PT\",\"@id\":\"https:\/\/petproducts.com.cn\/#\/schema\/logo\/image\/\",\"url\":\"https:\/\/petproducts.com.cn\/wp-content\/uploads\/2020\/02\/petstar-logo.webp\",\"contentUrl\":\"https:\/\/petproducts.com.cn\/wp-content\/uploads\/2020\/02\/petstar-logo.webp\",\"width\":779,\"height\":520,\"caption\":\"Petstar\"},\"image\":{\"@id\":\"https:\/\/petproducts.com.cn\/#\/schema\/logo\/image\/\"}}]}<\/script>\n<!-- \/ Yoast SEO plugin. -->","yoast_head_json":{"title":"Brinquedos de l\u00e1tex para mastigar para c\u00e3es | Brinquedos para animais OEM para c\u00e3es - Petstar","description":"Explore brinquedos de l\u00e1tex para c\u00e3es, brinquedos de animais para c\u00e3es, brinquedos de l\u00e1tex para c\u00e3es do fabricante. A sua solu\u00e7\u00e3o comercial ideal com Petstar.","robots":{"index":"index","follow":"follow","max-snippet":"max-snippet:-1","max-image-preview":"max-image-preview:large","max-video-preview":"max-video-preview:-1"},"canonical":"https:\/\/petproducts.com.cn\/pt\/produto\/latex-dog-chew-toys-oem-animal-chew-toys-for-dogs\/","og_locale":"pt_PT","og_type":"article","og_title":"latex dog chew toys | OEM Animal Toys For Dogs - Petstar","og_description":"Explore latex dog chew toys, animal toys for dogs, latex dog toys from the manufacturer. Your ideal business solution with Petstar.","og_url":"https:\/\/petproducts.com.cn\/pt\/produto\/latex-dog-chew-toys-oem-animal-chew-toys-for-dogs\/","og_site_name":"Petstar","article_modified_time":"2024-09-05T02:09:34+00:00","og_image":[{"width":1000,"height":1000,"url":"https:\/\/petproducts.com.cn\/wp-content\/uploads\/2024\/05\/latex-dog-chew-toys.webp","type":"image\/webp"}],"twitter_card":"summary_large_image","twitter_misc":{"Tempo estimado de leitura":"1 minuto"},"schema":{"@context":"https:\/\/schema.org","@graph":[{"@type":"WebPage","@id":"https:\/\/petproducts.com.cn\/product\/latex-dog-chew-toys-oem-animal-chew-toys-for-dogs\/","url":"https:\/\/petproducts.com.cn\/product\/latex-dog-chew-toys-oem-animal-chew-toys-for-dogs\/","name":"Brinquedos de l\u00e1tex para mastigar para c\u00e3es | Brinquedos para animais OEM para c\u00e3es - Petstar","isPartOf":{"@id":"https:\/\/petproducts.com.cn\/#website"},"primaryImageOfPage":{"@id":"https:\/\/petproducts.com.cn\/product\/latex-dog-chew-toys-oem-animal-chew-toys-for-dogs\/#primaryimage"},"image":{"@id":"https:\/\/petproducts.com.cn\/product\/latex-dog-chew-toys-oem-animal-chew-toys-for-dogs\/#primaryimage"},"thumbnailUrl":"https:\/\/petproducts.com.cn\/wp-content\/uploads\/2024\/05\/latex-dog-chew-toys.webp","datePublished":"2024-05-09T07:34:33+00:00","dateModified":"2024-09-05T02:09:34+00:00","description":"Explore brinquedos de l\u00e1tex para c\u00e3es, brinquedos de animais para c\u00e3es, brinquedos de l\u00e1tex para c\u00e3es do fabricante. A sua solu\u00e7\u00e3o comercial ideal com Petstar.","breadcrumb":{"@id":"https:\/\/petproducts.com.cn\/product\/latex-dog-chew-toys-oem-animal-chew-toys-for-dogs\/#breadcrumb"},"inLanguage":"pt-PT","potentialAction":[{"@type":"ReadAction","target":["https:\/\/petproducts.com.cn\/product\/latex-dog-chew-toys-oem-animal-chew-toys-for-dogs\/"]}]},{"@type":"ImageObject","inLanguage":"pt-PT","@id":"https:\/\/petproducts.com.cn\/product\/latex-dog-chew-toys-oem-animal-chew-toys-for-dogs\/#primaryimage","url":"https:\/\/petproducts.com.cn\/wp-content\/uploads\/2024\/05\/latex-dog-chew-toys.webp","contentUrl":"https:\/\/petproducts.com.cn\/wp-content\/uploads\/2024\/05\/latex-dog-chew-toys.webp","width":1000,"height":1000,"caption":"latex dog chew toys"},{"@type":"BreadcrumbList","@id":"https:\/\/petproducts.com.cn\/product\/latex-dog-chew-toys-oem-animal-chew-toys-for-dogs\/#breadcrumb","itemListElement":[{"@type":"ListItem","position":1,"name":"HOME","item":"https:\/\/petproducts.com.cn\/"},{"@type":"ListItem","position":2,"name":"Products","item":"https:\/\/petproducts.com.cn\/shop\/"},{"@type":"ListItem","position":3,"name":"Dog Toys","item":"https:\/\/petproducts.com.cn\/product-category\/dog-toys\/"},{"@type":"ListItem","position":4,"name":"Latex Dog Chew Toys OEM Animal Chew Toys For Dogs"}]},{"@type":"WebSite","@id":"https:\/\/petproducts.com.cn\/#website","url":"https:\/\/petproducts.com.cn\/","name":"Petstar","description":"Fabricante l\u00edder de artigos para animais de estima\u00e7\u00e3o e fornecedor de produtos OEM para animais de estima\u00e7\u00e3o","publisher":{"@id":"https:\/\/petproducts.com.cn\/#organization"},"alternateName":"Petstar Pet Supplies","potentialAction":[{"@type":"SearchAction","target":{"@type":"EntryPoint","urlTemplate":"https:\/\/petproducts.com.cn\/?s={search_term_string}"},"query-input":{"@type":"PropertyValueSpecification","valueRequired":true,"valueName":"search_term_string"}}],"inLanguage":"pt-PT"},{"@type":"Organization","@id":"https:\/\/petproducts.com.cn\/#organization","name":"Petstar","url":"https:\/\/petproducts.com.cn\/","logo":{"@type":"ImageObject","inLanguage":"pt-PT","@id":"https:\/\/petproducts.com.cn\/#\/schema\/logo\/image\/","url":"https:\/\/petproducts.com.cn\/wp-content\/uploads\/2020\/02\/petstar-logo.webp","contentUrl":"https:\/\/petproducts.com.cn\/wp-content\/uploads\/2020\/02\/petstar-logo.webp","width":779,"height":520,"caption":"Petstar"},"image":{"@id":"https:\/\/petproducts.com.cn\/#\/schema\/logo\/image\/"}}]}},"_links":{"self":[{"href":"https:\/\/petproducts.com.cn\/pt\/wp-json\/wp\/v2\/product\/23255","targetHints":{"allow":["GET"]}}],"collection":[{"href":"https:\/\/petproducts.com.cn\/pt\/wp-json\/wp\/v2\/product"}],"about":[{"href":"https:\/\/petproducts.com.cn\/pt\/wp-json\/wp\/v2\/types\/product"}],"version-history":[{"count":1,"href":"https:\/\/petproducts.com.cn\/pt\/wp-json\/wp\/v2\/product\/23255\/revisions"}],"predecessor-version":[{"id":23263,"href":"https:\/\/petproducts.com.cn\/pt\/wp-json\/wp\/v2\/product\/23255\/revisions\/23263"}],"wp:featuredmedia":[{"embeddable":true,"href":"https:\/\/petproducts.com.cn\/pt\/wp-json\/wp\/v2\/media\/23259"}],"wp:attachment":[{"href":"https:\/\/petproducts.com.cn\/pt\/wp-json\/wp\/v2\/media?parent=23255"}],"wp:term":[{"taxonomy":"product_brand","embeddable":true,"href":"https:\/\/petproducts.com.cn\/pt\/wp-json\/wp\/v2\/product_brand?post=23255"},{"taxonomy":"product_cat","embeddable":true,"href":"https:\/\/petproducts.com.cn\/pt\/wp-json\/wp\/v2\/product_cat?post=23255"},{"taxonomy":"product_tag","embeddable":true,"href":"https:\/\/petproducts.com.cn\/pt\/wp-json\/wp\/v2\/product_tag?post=23255"}],"curies":[{"name":"wp","href":"https:\/\/api.w.org\/{rel}","templated":true}]}}