{"id":23264,"date":"2024-05-09T08:06:33","date_gmt":"2024-05-09T08:06:33","guid":{"rendered":"https:\/\/petproducts.com.cn\/?post_type=product&#038;p=23264"},"modified":"2024-09-05T02:09:13","modified_gmt":"2024-09-05T02:09:13","slug":"latex-monkey-dog-toy-wholesale-dog-chewing-toy","status":"publish","type":"product","link":"https:\/\/petproducts.com.cn\/pt\/product\/latex-monkey-dog-toy-wholesale-dog-chewing-toy\/","title":{"rendered":"Brinquedo de l\u00e1tex para c\u00e3es Macaco Brinquedo de mastiga\u00e7\u00e3o para c\u00e3es por atacado"},"content":{"rendered":"<h2>Caracter\u00edsticas do brinquedo para c\u00e3es Latex Monkey<\/h2>\n<ol>\n<li><strong>Tamanho perfeito<\/strong>. O nosso brinquedo para c\u00e3es Latex Monkey tem dimens\u00f5es de 11 x 6 x 7 cm, oferecendo um tamanho adequado para os c\u00e3es brincarem e mastigarem. Este tamanho \u00e9 ideal para v\u00e1rias ra\u00e7as e tamanhos de c\u00e3es, garantindo op\u00e7\u00f5es de entretenimento vers\u00e1teis.<\/li>\n<li><strong>Material de l\u00e1tex dur\u00e1vel<\/strong>. Fabricado com l\u00e1tex de alta qualidade, o nosso brinquedo para c\u00e3es oferece durabilidade e resist\u00eancia. O l\u00e1tex \u00e9 conhecido pela sua resist\u00eancia, tornando-o adequado para c\u00e3es que adoram mastigar, garantindo divers\u00e3o duradoura para os animais de estima\u00e7\u00e3o.<\/li>\n<li><strong>Ador\u00e1vel forma de macaco<\/strong>. Os nossos brinquedos de l\u00e1tex para c\u00e3es, vendidos por grosso, t\u00eam uma forma engra\u00e7ada de macaco que apela aos instintos naturais dos c\u00e3es para brincar e explorar. Este design \u00fanico estimula o interesse dos c\u00e3es e incentiva brincadeiras ativas, proporcionando est\u00edmulo f\u00edsico e mental.<\/li>\n<li><strong>Op\u00e7\u00f5es personaliz\u00e1veis<\/strong>. O nosso brinquedo para c\u00e3es em l\u00e1tex \u00e9 personaliz\u00e1vel para se adequar \u00e0s prefer\u00eancias individuais e aos requisitos de branding. Desde a sele\u00e7\u00e3o de cores e padr\u00f5es at\u00e9 \u00e0 adi\u00e7\u00e3o de detalhes personalizados, os clientes t\u00eam a flexibilidade de criar brinquedos que refletem o seu estilo \u00fanico e identidade de marca.<\/li>\n<li><strong>Alta qualidade e seguran\u00e7a<\/strong>. Comprometidos com a excel\u00eancia, os nossos brinquedos para c\u00e3es s\u00e3o fabricados com materiais de alta qualidade e seguem rigorosos padr\u00f5es de seguran\u00e7a. Priorizamos a seguran\u00e7a dos animais de estima\u00e7\u00e3o, garantindo que os nossos brinquedos sejam livres de produtos qu\u00edmicos nocivos e perigosos, proporcionando tranquilidade aos donos dos animais.<\/li>\n<\/ol>","protected":false},"excerpt":{"rendered":"<p>Somos um fabricante grossista de brinquedos para c\u00e3es em l\u00e1tex, com mais de 20 anos de experi\u00eancia. Oferecemos op\u00e7\u00f5es de personaliza\u00e7\u00e3o de cor, tamanho, tecido, padr\u00e3o, log\u00f3tipo e outras caracter\u00edsticas.<\/p>","protected":false},"featured_media":23268,"template":"","meta":{"_acf_changed":false},"product_brand":[],"product_cat":[72,48],"product_tag":[223,238],"class_list":{"0":"post-23264","1":"product","2":"type-product","3":"status-publish","4":"has-post-thumbnail","6":"product_cat-dog-supplies","7":"product_cat-dog-toys","8":"product_tag-dog-chew-toys","9":"product_tag-latex-dog-toys","11":"first","12":"instock","13":"shipping-taxable","14":"product-type-simple"},"acf":[],"yoast_head":"<!-- This site is optimized with the Yoast SEO plugin v27.1.1 - https:\/\/yoast.com\/product\/yoast-seo-wordpress\/ -->\n<title>latex monkey dog toy | Wholesale Dog Chewing Toy - Petstar<\/title>\n<meta name=\"description\" content=\"Explore latex monkey dog toy, latex dog toys wholesale, dog chewing toy from the manufacturer. Your ideal business solution with Petstar.\" \/>\n<meta name=\"robots\" content=\"index, follow, max-snippet:-1, max-image-preview:large, max-video-preview:-1\" \/>\n<link rel=\"canonical\" href=\"https:\/\/petproducts.com.cn\/pt\/produto\/latex-monkey-dog-toy-wholesale-dog-chewing-toy\/\" \/>\n<meta property=\"og:locale\" content=\"pt_PT\" \/>\n<meta property=\"og:type\" content=\"article\" \/>\n<meta property=\"og:title\" content=\"latex monkey dog toy | Wholesale Dog Chewing Toy - Petstar\" \/>\n<meta property=\"og:description\" content=\"Explore latex monkey dog toy, latex dog toys wholesale, dog chewing toy from the manufacturer. Your ideal business solution with Petstar.\" \/>\n<meta property=\"og:url\" content=\"https:\/\/petproducts.com.cn\/pt\/produto\/latex-monkey-dog-toy-wholesale-dog-chewing-toy\/\" \/>\n<meta property=\"og:site_name\" content=\"Petstar\" \/>\n<meta property=\"article:modified_time\" content=\"2024-09-05T02:09:13+00:00\" \/>\n<meta property=\"og:image\" content=\"https:\/\/petproducts.com.cn\/wp-content\/uploads\/2024\/05\/latex-monkey-dog-toy.webp\" \/>\n\t<meta property=\"og:image:width\" content=\"1000\" \/>\n\t<meta property=\"og:image:height\" content=\"1000\" \/>\n\t<meta property=\"og:image:type\" content=\"image\/webp\" \/>\n<meta name=\"twitter:card\" content=\"summary_large_image\" \/>\n<meta name=\"twitter:label1\" content=\"Tempo estimado de leitura\" \/>\n\t<meta name=\"twitter:data1\" content=\"1 minuto\" \/>\n<script type=\"application\/ld+json\" class=\"yoast-schema-graph\">{\"@context\":\"https:\/\/schema.org\",\"@graph\":[{\"@type\":\"WebPage\",\"@id\":\"https:\/\/petproducts.com.cn\/product\/latex-monkey-dog-toy-wholesale-dog-chewing-toy\/\",\"url\":\"https:\/\/petproducts.com.cn\/product\/latex-monkey-dog-toy-wholesale-dog-chewing-toy\/\",\"name\":\"latex monkey dog toy | Wholesale Dog Chewing Toy - Petstar\",\"isPartOf\":{\"@id\":\"https:\/\/petproducts.com.cn\/#website\"},\"primaryImageOfPage\":{\"@id\":\"https:\/\/petproducts.com.cn\/product\/latex-monkey-dog-toy-wholesale-dog-chewing-toy\/#primaryimage\"},\"image\":{\"@id\":\"https:\/\/petproducts.com.cn\/product\/latex-monkey-dog-toy-wholesale-dog-chewing-toy\/#primaryimage\"},\"thumbnailUrl\":\"https:\/\/petproducts.com.cn\/wp-content\/uploads\/2024\/05\/latex-monkey-dog-toy.webp\",\"datePublished\":\"2024-05-09T08:06:33+00:00\",\"dateModified\":\"2024-09-05T02:09:13+00:00\",\"description\":\"Explore latex monkey dog toy, latex dog toys wholesale, dog chewing toy from the manufacturer. Your ideal business solution with Petstar.\",\"breadcrumb\":{\"@id\":\"https:\/\/petproducts.com.cn\/product\/latex-monkey-dog-toy-wholesale-dog-chewing-toy\/#breadcrumb\"},\"inLanguage\":\"pt-PT\",\"potentialAction\":[{\"@type\":\"ReadAction\",\"target\":[\"https:\/\/petproducts.com.cn\/product\/latex-monkey-dog-toy-wholesale-dog-chewing-toy\/\"]}]},{\"@type\":\"ImageObject\",\"inLanguage\":\"pt-PT\",\"@id\":\"https:\/\/petproducts.com.cn\/product\/latex-monkey-dog-toy-wholesale-dog-chewing-toy\/#primaryimage\",\"url\":\"https:\/\/petproducts.com.cn\/wp-content\/uploads\/2024\/05\/latex-monkey-dog-toy.webp\",\"contentUrl\":\"https:\/\/petproducts.com.cn\/wp-content\/uploads\/2024\/05\/latex-monkey-dog-toy.webp\",\"width\":1000,\"height\":1000,\"caption\":\"latex monkey dog toy\"},{\"@type\":\"BreadcrumbList\",\"@id\":\"https:\/\/petproducts.com.cn\/product\/latex-monkey-dog-toy-wholesale-dog-chewing-toy\/#breadcrumb\",\"itemListElement\":[{\"@type\":\"ListItem\",\"position\":1,\"name\":\"HOME\",\"item\":\"https:\/\/petproducts.com.cn\/\"},{\"@type\":\"ListItem\",\"position\":2,\"name\":\"Products\",\"item\":\"https:\/\/petproducts.com.cn\/shop\/\"},{\"@type\":\"ListItem\",\"position\":3,\"name\":\"Dog Toys\",\"item\":\"https:\/\/petproducts.com.cn\/product-category\/dog-toys\/\"},{\"@type\":\"ListItem\",\"position\":4,\"name\":\"Latex Monkey Dog Toy Wholesale Dog Chewing Toy\"}]},{\"@type\":\"WebSite\",\"@id\":\"https:\/\/petproducts.com.cn\/#website\",\"url\":\"https:\/\/petproducts.com.cn\/\",\"name\":\"Petstar\",\"description\":\"Leading Pet Supplies Manufacturer &amp; OEM Pet Products Supplier\",\"publisher\":{\"@id\":\"https:\/\/petproducts.com.cn\/#organization\"},\"alternateName\":\"Petstar Pet Supplies\",\"potentialAction\":[{\"@type\":\"SearchAction\",\"target\":{\"@type\":\"EntryPoint\",\"urlTemplate\":\"https:\/\/petproducts.com.cn\/?s={search_term_string}\"},\"query-input\":{\"@type\":\"PropertyValueSpecification\",\"valueRequired\":true,\"valueName\":\"search_term_string\"}}],\"inLanguage\":\"pt-PT\"},{\"@type\":\"Organization\",\"@id\":\"https:\/\/petproducts.com.cn\/#organization\",\"name\":\"Petstar\",\"url\":\"https:\/\/petproducts.com.cn\/\",\"logo\":{\"@type\":\"ImageObject\",\"inLanguage\":\"pt-PT\",\"@id\":\"https:\/\/petproducts.com.cn\/#\/schema\/logo\/image\/\",\"url\":\"https:\/\/petproducts.com.cn\/wp-content\/uploads\/2020\/02\/petstar-logo.webp\",\"contentUrl\":\"https:\/\/petproducts.com.cn\/wp-content\/uploads\/2020\/02\/petstar-logo.webp\",\"width\":779,\"height\":520,\"caption\":\"Petstar\"},\"image\":{\"@id\":\"https:\/\/petproducts.com.cn\/#\/schema\/logo\/image\/\"}}]}<\/script>\n<!-- \/ Yoast SEO plugin. -->","yoast_head_json":{"title":"brinquedo de l\u00e1tex para c\u00e3es em forma de macaco | Brinquedo para c\u00e3es mastigarem - Petstar","description":"Explore brinquedos de l\u00e1tex para c\u00e3es em forma de macaco, brinquedos de l\u00e1tex para c\u00e3es por grosso, brinquedos para c\u00e3es mastigarem do fabricante. A sua solu\u00e7\u00e3o empresarial ideal com a Petstar.","robots":{"index":"index","follow":"follow","max-snippet":"max-snippet:-1","max-image-preview":"max-image-preview:large","max-video-preview":"max-video-preview:-1"},"canonical":"https:\/\/petproducts.com.cn\/pt\/produto\/latex-monkey-dog-toy-wholesale-dog-chewing-toy\/","og_locale":"pt_PT","og_type":"article","og_title":"latex monkey dog toy | Wholesale Dog Chewing Toy - Petstar","og_description":"Explore latex monkey dog toy, latex dog toys wholesale, dog chewing toy from the manufacturer. Your ideal business solution with Petstar.","og_url":"https:\/\/petproducts.com.cn\/pt\/produto\/latex-monkey-dog-toy-wholesale-dog-chewing-toy\/","og_site_name":"Petstar","article_modified_time":"2024-09-05T02:09:13+00:00","og_image":[{"width":1000,"height":1000,"url":"https:\/\/petproducts.com.cn\/wp-content\/uploads\/2024\/05\/latex-monkey-dog-toy.webp","type":"image\/webp"}],"twitter_card":"summary_large_image","twitter_misc":{"Tempo estimado de leitura":"1 minuto"},"schema":{"@context":"https:\/\/schema.org","@graph":[{"@type":"WebPage","@id":"https:\/\/petproducts.com.cn\/product\/latex-monkey-dog-toy-wholesale-dog-chewing-toy\/","url":"https:\/\/petproducts.com.cn\/product\/latex-monkey-dog-toy-wholesale-dog-chewing-toy\/","name":"brinquedo de l\u00e1tex para c\u00e3es em forma de macaco | Brinquedo para c\u00e3es mastigarem - Petstar","isPartOf":{"@id":"https:\/\/petproducts.com.cn\/#website"},"primaryImageOfPage":{"@id":"https:\/\/petproducts.com.cn\/product\/latex-monkey-dog-toy-wholesale-dog-chewing-toy\/#primaryimage"},"image":{"@id":"https:\/\/petproducts.com.cn\/product\/latex-monkey-dog-toy-wholesale-dog-chewing-toy\/#primaryimage"},"thumbnailUrl":"https:\/\/petproducts.com.cn\/wp-content\/uploads\/2024\/05\/latex-monkey-dog-toy.webp","datePublished":"2024-05-09T08:06:33+00:00","dateModified":"2024-09-05T02:09:13+00:00","description":"Explore brinquedos de l\u00e1tex para c\u00e3es em forma de macaco, brinquedos de l\u00e1tex para c\u00e3es por grosso, brinquedos para c\u00e3es mastigarem do fabricante. A sua solu\u00e7\u00e3o empresarial ideal com a Petstar.","breadcrumb":{"@id":"https:\/\/petproducts.com.cn\/product\/latex-monkey-dog-toy-wholesale-dog-chewing-toy\/#breadcrumb"},"inLanguage":"pt-PT","potentialAction":[{"@type":"ReadAction","target":["https:\/\/petproducts.com.cn\/product\/latex-monkey-dog-toy-wholesale-dog-chewing-toy\/"]}]},{"@type":"ImageObject","inLanguage":"pt-PT","@id":"https:\/\/petproducts.com.cn\/product\/latex-monkey-dog-toy-wholesale-dog-chewing-toy\/#primaryimage","url":"https:\/\/petproducts.com.cn\/wp-content\/uploads\/2024\/05\/latex-monkey-dog-toy.webp","contentUrl":"https:\/\/petproducts.com.cn\/wp-content\/uploads\/2024\/05\/latex-monkey-dog-toy.webp","width":1000,"height":1000,"caption":"latex monkey dog toy"},{"@type":"BreadcrumbList","@id":"https:\/\/petproducts.com.cn\/product\/latex-monkey-dog-toy-wholesale-dog-chewing-toy\/#breadcrumb","itemListElement":[{"@type":"ListItem","position":1,"name":"HOME","item":"https:\/\/petproducts.com.cn\/"},{"@type":"ListItem","position":2,"name":"Products","item":"https:\/\/petproducts.com.cn\/shop\/"},{"@type":"ListItem","position":3,"name":"Dog Toys","item":"https:\/\/petproducts.com.cn\/product-category\/dog-toys\/"},{"@type":"ListItem","position":4,"name":"Latex Monkey Dog Toy Wholesale Dog Chewing Toy"}]},{"@type":"WebSite","@id":"https:\/\/petproducts.com.cn\/#website","url":"https:\/\/petproducts.com.cn\/","name":"Petstar","description":"Fabricante l\u00edder de artigos para animais de estima\u00e7\u00e3o e fornecedor de produtos OEM para animais de estima\u00e7\u00e3o","publisher":{"@id":"https:\/\/petproducts.com.cn\/#organization"},"alternateName":"Petstar Pet Supplies","potentialAction":[{"@type":"SearchAction","target":{"@type":"EntryPoint","urlTemplate":"https:\/\/petproducts.com.cn\/?s={search_term_string}"},"query-input":{"@type":"PropertyValueSpecification","valueRequired":true,"valueName":"search_term_string"}}],"inLanguage":"pt-PT"},{"@type":"Organization","@id":"https:\/\/petproducts.com.cn\/#organization","name":"Petstar","url":"https:\/\/petproducts.com.cn\/","logo":{"@type":"ImageObject","inLanguage":"pt-PT","@id":"https:\/\/petproducts.com.cn\/#\/schema\/logo\/image\/","url":"https:\/\/petproducts.com.cn\/wp-content\/uploads\/2020\/02\/petstar-logo.webp","contentUrl":"https:\/\/petproducts.com.cn\/wp-content\/uploads\/2020\/02\/petstar-logo.webp","width":779,"height":520,"caption":"Petstar"},"image":{"@id":"https:\/\/petproducts.com.cn\/#\/schema\/logo\/image\/"}}]}},"_links":{"self":[{"href":"https:\/\/petproducts.com.cn\/pt\/wp-json\/wp\/v2\/product\/23264","targetHints":{"allow":["GET"]}}],"collection":[{"href":"https:\/\/petproducts.com.cn\/pt\/wp-json\/wp\/v2\/product"}],"about":[{"href":"https:\/\/petproducts.com.cn\/pt\/wp-json\/wp\/v2\/types\/product"}],"version-history":[{"count":1,"href":"https:\/\/petproducts.com.cn\/pt\/wp-json\/wp\/v2\/product\/23264\/revisions"}],"predecessor-version":[{"id":23269,"href":"https:\/\/petproducts.com.cn\/pt\/wp-json\/wp\/v2\/product\/23264\/revisions\/23269"}],"wp:featuredmedia":[{"embeddable":true,"href":"https:\/\/petproducts.com.cn\/pt\/wp-json\/wp\/v2\/media\/23268"}],"wp:attachment":[{"href":"https:\/\/petproducts.com.cn\/pt\/wp-json\/wp\/v2\/media?parent=23264"}],"wp:term":[{"taxonomy":"product_brand","embeddable":true,"href":"https:\/\/petproducts.com.cn\/pt\/wp-json\/wp\/v2\/product_brand?post=23264"},{"taxonomy":"product_cat","embeddable":true,"href":"https:\/\/petproducts.com.cn\/pt\/wp-json\/wp\/v2\/product_cat?post=23264"},{"taxonomy":"product_tag","embeddable":true,"href":"https:\/\/petproducts.com.cn\/pt\/wp-json\/wp\/v2\/product_tag?post=23264"}],"curies":[{"name":"wp","href":"https:\/\/api.w.org\/{rel}","templated":true}]}}