{"id":23334,"date":"2024-05-11T01:30:44","date_gmt":"2024-05-11T01:30:44","guid":{"rendered":"https:\/\/petproducts.com.cn\/?post_type=product&#038;p=23334"},"modified":"2024-05-11T02:54:02","modified_gmt":"2024-05-11T02:54:02","slug":"dog-poop-bag-pet-waste-cat-litter-bags","status":"publish","type":"product","link":"https:\/\/petproducts.com.cn\/pt\/product\/dog-poop-bag-pet-waste-cat-litter-bags\/","title":{"rendered":"Saco de coc\u00f4 de cachorro para res\u00edduos de animais de estima\u00e7\u00e3o Sacos de areia para gatos"},"content":{"rendered":"<h2><strong>Caracter\u00edsticas do saco de coc\u00f3 para c\u00e3es<\/strong><\/h2>\n<ol>\n<li><strong>100% Material biodegrad\u00e1vel<\/strong><br \/>\nO nosso saco de coc\u00f3 para c\u00e3es \u00e9 fabricado com material biodegrad\u00e1vel 100%, garantindo a sua decomposi\u00e7\u00e3o natural ao longo do tempo. Esta carater\u00edstica ecol\u00f3gica ajuda a reduzir o impacto ambiental, tornando-os uma escolha respons\u00e1vel para os donos de animais de estima\u00e7\u00e3o.<\/li>\n<li><strong>Compat\u00edvel com dispensadores de sacos de lixo<\/strong><br \/>\nEstes sacos de dejectos para animais de estima\u00e7\u00e3o foram concebidos para serem compat\u00edveis com a maioria dos dispensadores de sacos de dejectos, permitindo uma utiliza\u00e7\u00e3o f\u00e1cil e conveniente. Basta colocar os sacos no seu dispensador para um acesso sem problemas durante os passeios ou actividades ao ar livre.<\/li>\n<li><strong>Grande capacidade de tratamento de res\u00edduos<\/strong><br \/>\nOs nossos sacos para dejectos de animais de estima\u00e7\u00e3o t\u00eam uma grande capacidade, o que os torna adequados para lidar com v\u00e1rios tipos de dejectos de animais de estima\u00e7\u00e3o. Quer esteja a limpar um c\u00e3o pequeno ou v\u00e1rios animais de estima\u00e7\u00e3o, estes sacos podem fazer o trabalho de forma eficaz.<\/li>\n<li><strong>Port\u00e1til e c\u00f3modo<\/strong><br \/>\nEstes sacos para dejectos de animais de estima\u00e7\u00e3o s\u00e3o leves e port\u00e1teis, permitindo-lhe transport\u00e1-los facilmente durante passeios ou viagens. O seu tamanho compacto torna-os convenientes para guardar no bolso, na mala ou no saco de acess\u00f3rios para animais de estima\u00e7\u00e3o, garantindo que est\u00e1 sempre preparado para a limpeza.<\/li>\n<li><strong>Utiliza\u00e7\u00e3o vers\u00e1til para gatos e c\u00e3es<\/strong><br \/>\nApesar de terem o nome \"Dog Poop Bag\", estes sacos podem ser utilizados tanto por c\u00e3es como por gatos. Quer esteja a limpar o seu companheiro canino ou a manter a caixa de areia do seu gato, estes sacos oferecem uma solu\u00e7\u00e3o vers\u00e1til para a elimina\u00e7\u00e3o de res\u00edduos de animais de estima\u00e7\u00e3o.<\/li>\n<\/ol>","protected":false},"excerpt":{"rendered":"<p>N\u00f3s somos um fabricante de material de limpeza para animais de estima\u00e7\u00e3o com mais de 20 anos de experi\u00eancia. Oferecemos op\u00e7\u00f5es de personaliza\u00e7\u00e3o para cor, tamanho, tecido, padr\u00e3o, log\u00f3tipo e outras caracter\u00edsticas.<\/p>","protected":false},"featured_media":23341,"template":"","meta":{"_acf_changed":false},"product_brand":[],"product_cat":[137,138,71,136,72],"product_tag":[139,141,140],"class_list":{"0":"post-23334","1":"product","2":"type-product","3":"status-publish","4":"has-post-thumbnail","6":"product_cat-cat-grooming-cleaning-supplies","7":"product_cat-cat-litter-accessories","8":"product_cat-cat-supplies","9":"product_cat-dog-grooming-cleaning-supplies","10":"product_cat-dog-supplies","11":"product_tag-cat-grooming-cleaning-supplies","12":"product_tag-cat-litter-accessories","13":"product_tag-dog-grooming-cleaning-supplies","15":"first","16":"instock","17":"shipping-taxable","18":"product-type-simple"},"acf":[],"yoast_head":"<!-- This site is optimized with the Yoast SEO plugin v27.1.1 - https:\/\/yoast.com\/product\/yoast-seo-wordpress\/ -->\n<title>Dog Poop Bag Factory | Cat Litter Bags Manufacturer - Petstar<\/title>\n<meta name=\"description\" content=\"Explore dog poop bag, cat litter bags, pet waste bags directly from the manufacturer. Your ideal business solution with Petstar.\" \/>\n<meta name=\"robots\" content=\"index, follow, max-snippet:-1, max-image-preview:large, max-video-preview:-1\" \/>\n<link rel=\"canonical\" href=\"https:\/\/petproducts.com.cn\/pt\/produto\/dog-poop-bag-pet-waste-cat-litter-bags\/\" \/>\n<meta property=\"og:locale\" content=\"pt_PT\" \/>\n<meta property=\"og:type\" content=\"article\" \/>\n<meta property=\"og:title\" content=\"Dog Poop Bag Factory | Cat Litter Bags Manufacturer - Petstar\" \/>\n<meta property=\"og:description\" content=\"Explore dog poop bag, cat litter bags, pet waste bags directly from the manufacturer. Your ideal business solution with Petstar.\" \/>\n<meta property=\"og:url\" content=\"https:\/\/petproducts.com.cn\/pt\/produto\/dog-poop-bag-pet-waste-cat-litter-bags\/\" \/>\n<meta property=\"og:site_name\" content=\"Petstar\" \/>\n<meta property=\"article:modified_time\" content=\"2024-05-11T02:54:02+00:00\" \/>\n<meta property=\"og:image\" content=\"https:\/\/petproducts.com.cn\/wp-content\/uploads\/2024\/05\/dog-poop-bag.webp\" \/>\n\t<meta property=\"og:image:width\" content=\"1000\" \/>\n\t<meta property=\"og:image:height\" content=\"1000\" \/>\n\t<meta property=\"og:image:type\" content=\"image\/webp\" \/>\n<meta name=\"twitter:card\" content=\"summary_large_image\" \/>\n<meta name=\"twitter:label1\" content=\"Tempo estimado de leitura\" \/>\n\t<meta name=\"twitter:data1\" content=\"1 minuto\" \/>\n<script type=\"application\/ld+json\" class=\"yoast-schema-graph\">{\"@context\":\"https:\/\/schema.org\",\"@graph\":[{\"@type\":\"WebPage\",\"@id\":\"https:\/\/petproducts.com.cn\/product\/dog-poop-bag-pet-waste-cat-litter-bags\/\",\"url\":\"https:\/\/petproducts.com.cn\/product\/dog-poop-bag-pet-waste-cat-litter-bags\/\",\"name\":\"Dog Poop Bag Factory | Cat Litter Bags Manufacturer - Petstar\",\"isPartOf\":{\"@id\":\"https:\/\/petproducts.com.cn\/#website\"},\"primaryImageOfPage\":{\"@id\":\"https:\/\/petproducts.com.cn\/product\/dog-poop-bag-pet-waste-cat-litter-bags\/#primaryimage\"},\"image\":{\"@id\":\"https:\/\/petproducts.com.cn\/product\/dog-poop-bag-pet-waste-cat-litter-bags\/#primaryimage\"},\"thumbnailUrl\":\"https:\/\/petproducts.com.cn\/wp-content\/uploads\/2024\/05\/dog-poop-bag.webp\",\"datePublished\":\"2024-05-11T01:30:44+00:00\",\"dateModified\":\"2024-05-11T02:54:02+00:00\",\"description\":\"Explore dog poop bag, cat litter bags, pet waste bags directly from the manufacturer. Your ideal business solution with Petstar.\",\"breadcrumb\":{\"@id\":\"https:\/\/petproducts.com.cn\/product\/dog-poop-bag-pet-waste-cat-litter-bags\/#breadcrumb\"},\"inLanguage\":\"pt-PT\",\"potentialAction\":[{\"@type\":\"ReadAction\",\"target\":[\"https:\/\/petproducts.com.cn\/product\/dog-poop-bag-pet-waste-cat-litter-bags\/\"]}]},{\"@type\":\"ImageObject\",\"inLanguage\":\"pt-PT\",\"@id\":\"https:\/\/petproducts.com.cn\/product\/dog-poop-bag-pet-waste-cat-litter-bags\/#primaryimage\",\"url\":\"https:\/\/petproducts.com.cn\/wp-content\/uploads\/2024\/05\/dog-poop-bag.webp\",\"contentUrl\":\"https:\/\/petproducts.com.cn\/wp-content\/uploads\/2024\/05\/dog-poop-bag.webp\",\"width\":1000,\"height\":1000,\"caption\":\"dog poop bag\"},{\"@type\":\"BreadcrumbList\",\"@id\":\"https:\/\/petproducts.com.cn\/product\/dog-poop-bag-pet-waste-cat-litter-bags\/#breadcrumb\",\"itemListElement\":[{\"@type\":\"ListItem\",\"position\":1,\"name\":\"HOME\",\"item\":\"https:\/\/petproducts.com.cn\/\"},{\"@type\":\"ListItem\",\"position\":2,\"name\":\"Products\",\"item\":\"https:\/\/petproducts.com.cn\/shop\/\"},{\"@type\":\"ListItem\",\"position\":3,\"name\":\"Dog Grooming &amp; Cleaning Supplies\",\"item\":\"https:\/\/petproducts.com.cn\/product-category\/dog-grooming-cleaning-supplies\/\"},{\"@type\":\"ListItem\",\"position\":4,\"name\":\"Dog Poop Bag Pet Waste Cat Litter Bags\"}]},{\"@type\":\"WebSite\",\"@id\":\"https:\/\/petproducts.com.cn\/#website\",\"url\":\"https:\/\/petproducts.com.cn\/\",\"name\":\"Petstar\",\"description\":\"Leading Pet Supplies Manufacturer &amp; OEM Pet Products Supplier\",\"publisher\":{\"@id\":\"https:\/\/petproducts.com.cn\/#organization\"},\"alternateName\":\"Petstar Pet Supplies\",\"potentialAction\":[{\"@type\":\"SearchAction\",\"target\":{\"@type\":\"EntryPoint\",\"urlTemplate\":\"https:\/\/petproducts.com.cn\/?s={search_term_string}\"},\"query-input\":{\"@type\":\"PropertyValueSpecification\",\"valueRequired\":true,\"valueName\":\"search_term_string\"}}],\"inLanguage\":\"pt-PT\"},{\"@type\":\"Organization\",\"@id\":\"https:\/\/petproducts.com.cn\/#organization\",\"name\":\"Petstar\",\"url\":\"https:\/\/petproducts.com.cn\/\",\"logo\":{\"@type\":\"ImageObject\",\"inLanguage\":\"pt-PT\",\"@id\":\"https:\/\/petproducts.com.cn\/#\/schema\/logo\/image\/\",\"url\":\"https:\/\/petproducts.com.cn\/wp-content\/uploads\/2020\/02\/petstar-logo.webp\",\"contentUrl\":\"https:\/\/petproducts.com.cn\/wp-content\/uploads\/2020\/02\/petstar-logo.webp\",\"width\":779,\"height\":520,\"caption\":\"Petstar\"},\"image\":{\"@id\":\"https:\/\/petproducts.com.cn\/#\/schema\/logo\/image\/\"}}]}<\/script>\n<!-- \/ Yoast SEO plugin. -->","yoast_head_json":{"title":"F\u00e1brica de sacos de coc\u00f3 para c\u00e3es | Fabricante de sacos de areia para gatos - Petstar","description":"Explore sacos de coc\u00f3 para c\u00e3es, sacos de areia para gatos, sacos de lixo para animais de estima\u00e7\u00e3o diretamente do fabricante. A sua solu\u00e7\u00e3o comercial ideal com Petstar.","robots":{"index":"index","follow":"follow","max-snippet":"max-snippet:-1","max-image-preview":"max-image-preview:large","max-video-preview":"max-video-preview:-1"},"canonical":"https:\/\/petproducts.com.cn\/pt\/produto\/dog-poop-bag-pet-waste-cat-litter-bags\/","og_locale":"pt_PT","og_type":"article","og_title":"Dog Poop Bag Factory | Cat Litter Bags Manufacturer - Petstar","og_description":"Explore dog poop bag, cat litter bags, pet waste bags directly from the manufacturer. Your ideal business solution with Petstar.","og_url":"https:\/\/petproducts.com.cn\/pt\/produto\/dog-poop-bag-pet-waste-cat-litter-bags\/","og_site_name":"Petstar","article_modified_time":"2024-05-11T02:54:02+00:00","og_image":[{"width":1000,"height":1000,"url":"https:\/\/petproducts.com.cn\/wp-content\/uploads\/2024\/05\/dog-poop-bag.webp","type":"image\/webp"}],"twitter_card":"summary_large_image","twitter_misc":{"Tempo estimado de leitura":"1 minuto"},"schema":{"@context":"https:\/\/schema.org","@graph":[{"@type":"WebPage","@id":"https:\/\/petproducts.com.cn\/product\/dog-poop-bag-pet-waste-cat-litter-bags\/","url":"https:\/\/petproducts.com.cn\/product\/dog-poop-bag-pet-waste-cat-litter-bags\/","name":"F\u00e1brica de sacos de coc\u00f3 para c\u00e3es | Fabricante de sacos de areia para gatos - Petstar","isPartOf":{"@id":"https:\/\/petproducts.com.cn\/#website"},"primaryImageOfPage":{"@id":"https:\/\/petproducts.com.cn\/product\/dog-poop-bag-pet-waste-cat-litter-bags\/#primaryimage"},"image":{"@id":"https:\/\/petproducts.com.cn\/product\/dog-poop-bag-pet-waste-cat-litter-bags\/#primaryimage"},"thumbnailUrl":"https:\/\/petproducts.com.cn\/wp-content\/uploads\/2024\/05\/dog-poop-bag.webp","datePublished":"2024-05-11T01:30:44+00:00","dateModified":"2024-05-11T02:54:02+00:00","description":"Explore sacos de coc\u00f3 para c\u00e3es, sacos de areia para gatos, sacos de lixo para animais de estima\u00e7\u00e3o diretamente do fabricante. A sua solu\u00e7\u00e3o comercial ideal com Petstar.","breadcrumb":{"@id":"https:\/\/petproducts.com.cn\/product\/dog-poop-bag-pet-waste-cat-litter-bags\/#breadcrumb"},"inLanguage":"pt-PT","potentialAction":[{"@type":"ReadAction","target":["https:\/\/petproducts.com.cn\/product\/dog-poop-bag-pet-waste-cat-litter-bags\/"]}]},{"@type":"ImageObject","inLanguage":"pt-PT","@id":"https:\/\/petproducts.com.cn\/product\/dog-poop-bag-pet-waste-cat-litter-bags\/#primaryimage","url":"https:\/\/petproducts.com.cn\/wp-content\/uploads\/2024\/05\/dog-poop-bag.webp","contentUrl":"https:\/\/petproducts.com.cn\/wp-content\/uploads\/2024\/05\/dog-poop-bag.webp","width":1000,"height":1000,"caption":"dog poop bag"},{"@type":"BreadcrumbList","@id":"https:\/\/petproducts.com.cn\/product\/dog-poop-bag-pet-waste-cat-litter-bags\/#breadcrumb","itemListElement":[{"@type":"ListItem","position":1,"name":"HOME","item":"https:\/\/petproducts.com.cn\/"},{"@type":"ListItem","position":2,"name":"Products","item":"https:\/\/petproducts.com.cn\/shop\/"},{"@type":"ListItem","position":3,"name":"Dog Grooming &amp; Cleaning Supplies","item":"https:\/\/petproducts.com.cn\/product-category\/dog-grooming-cleaning-supplies\/"},{"@type":"ListItem","position":4,"name":"Dog Poop Bag Pet Waste Cat Litter Bags"}]},{"@type":"WebSite","@id":"https:\/\/petproducts.com.cn\/#website","url":"https:\/\/petproducts.com.cn\/","name":"Petstar","description":"Fabricante l\u00edder de artigos para animais de estima\u00e7\u00e3o e fornecedor de produtos OEM para animais de estima\u00e7\u00e3o","publisher":{"@id":"https:\/\/petproducts.com.cn\/#organization"},"alternateName":"Petstar Pet Supplies","potentialAction":[{"@type":"SearchAction","target":{"@type":"EntryPoint","urlTemplate":"https:\/\/petproducts.com.cn\/?s={search_term_string}"},"query-input":{"@type":"PropertyValueSpecification","valueRequired":true,"valueName":"search_term_string"}}],"inLanguage":"pt-PT"},{"@type":"Organization","@id":"https:\/\/petproducts.com.cn\/#organization","name":"Petstar","url":"https:\/\/petproducts.com.cn\/","logo":{"@type":"ImageObject","inLanguage":"pt-PT","@id":"https:\/\/petproducts.com.cn\/#\/schema\/logo\/image\/","url":"https:\/\/petproducts.com.cn\/wp-content\/uploads\/2020\/02\/petstar-logo.webp","contentUrl":"https:\/\/petproducts.com.cn\/wp-content\/uploads\/2020\/02\/petstar-logo.webp","width":779,"height":520,"caption":"Petstar"},"image":{"@id":"https:\/\/petproducts.com.cn\/#\/schema\/logo\/image\/"}}]}},"_links":{"self":[{"href":"https:\/\/petproducts.com.cn\/pt\/wp-json\/wp\/v2\/product\/23334","targetHints":{"allow":["GET"]}}],"collection":[{"href":"https:\/\/petproducts.com.cn\/pt\/wp-json\/wp\/v2\/product"}],"about":[{"href":"https:\/\/petproducts.com.cn\/pt\/wp-json\/wp\/v2\/types\/product"}],"version-history":[{"count":4,"href":"https:\/\/petproducts.com.cn\/pt\/wp-json\/wp\/v2\/product\/23334\/revisions"}],"predecessor-version":[{"id":23344,"href":"https:\/\/petproducts.com.cn\/pt\/wp-json\/wp\/v2\/product\/23334\/revisions\/23344"}],"wp:featuredmedia":[{"embeddable":true,"href":"https:\/\/petproducts.com.cn\/pt\/wp-json\/wp\/v2\/media\/23341"}],"wp:attachment":[{"href":"https:\/\/petproducts.com.cn\/pt\/wp-json\/wp\/v2\/media?parent=23334"}],"wp:term":[{"taxonomy":"product_brand","embeddable":true,"href":"https:\/\/petproducts.com.cn\/pt\/wp-json\/wp\/v2\/product_brand?post=23334"},{"taxonomy":"product_cat","embeddable":true,"href":"https:\/\/petproducts.com.cn\/pt\/wp-json\/wp\/v2\/product_cat?post=23334"},{"taxonomy":"product_tag","embeddable":true,"href":"https:\/\/petproducts.com.cn\/pt\/wp-json\/wp\/v2\/product_tag?post=23334"}],"curies":[{"name":"wp","href":"https:\/\/api.w.org\/{rel}","templated":true}]}}