{"id":23429,"date":"2024-05-13T05:44:47","date_gmt":"2024-05-13T05:44:47","guid":{"rendered":"https:\/\/petproducts.com.cn\/?post_type=product&#038;p=23429"},"modified":"2024-05-13T06:16:05","modified_gmt":"2024-05-13T06:16:05","slug":"litter-box-liner-bags-cat-litter-waste-bags","status":"publish","type":"product","link":"https:\/\/petproducts.com.cn\/pt\/product\/litter-box-liner-bags-cat-litter-waste-bags\/","title":{"rendered":"Sacos de forro para caixa de areia Sacos de lixo para gatos"},"content":{"rendered":"<h2><strong>Carater\u00edsticas dos sacos de revestimento para caixas de areia<\/strong><\/h2>\n<ol>\n<li><strong>Adaptado para a gest\u00e3o da areia dos gatos<\/strong><br \/>\nOs nossos sacos de revestimento de caixas de areia s\u00e3o meticulosamente concebidos para se adaptarem \u00e0 maioria das caixas de areia normais, garantindo uma experi\u00eancia de elimina\u00e7\u00e3o de res\u00edduos sem problemas. Quer tenha uma caixa de areia aberta ou coberta, estes sacos adaptam-se perfeitamente para uma limpeza sem esfor\u00e7o.<\/li>\n<li><strong>Design port\u00e1til e c\u00f3modo<\/strong><br \/>\nEstes sacos de lixo para gatos t\u00eam um design leve e port\u00e1til, o que os torna perfeitos para utiliza\u00e7\u00e3o em casa e em viagem. A sua natureza compacta permite uma f\u00e1cil arruma\u00e7\u00e3o no seu kit de artigos para animais de estima\u00e7\u00e3o ou mala de viagem, garantindo que est\u00e1 sempre equipado para a elimina\u00e7\u00e3o de res\u00edduos.<\/li>\n<li><strong>Amov\u00edvel e f\u00e1cil de instalar<\/strong><br \/>\nOs nossos sacos de revestimento para gatos s\u00e3o concebidos para serem facilmente remov\u00edveis e instal\u00e1veis, facilitando mudan\u00e7as r\u00e1pidas e sem complica\u00e7\u00f5es. Basta levantar o saco da caixa de areia, deitar fora os res\u00edduos e substitu\u00ed-lo por um saco de revestimento novo para uma limpeza cont\u00ednua.<\/li>\n<li><strong>Manuseamento e elimina\u00e7\u00e3o simples<\/strong><br \/>\nGerir os dejectos dos animais de estima\u00e7\u00e3o \u00e9 muito f\u00e1cil com os nossos sacos de lixo para gatos. O seu design f\u00e1cil de utilizar garante um manuseamento e elimina\u00e7\u00e3o sem esfor\u00e7o, permitindo-lhe manter um ambiente higi\u00e9nico para o seu companheiro felino com o m\u00ednimo de esfor\u00e7o.<\/li>\n<\/ol>","protected":false},"excerpt":{"rendered":"<p>N\u00f3s somos um fabricante de material de limpeza para animais de estima\u00e7\u00e3o com mais de 20 anos de experi\u00eancia. Oferecemos op\u00e7\u00f5es de personaliza\u00e7\u00e3o para cor, tamanho, tecido, padr\u00e3o, log\u00f3tipo e outras caracter\u00edsticas.<\/p>","protected":false},"featured_media":23440,"template":"","meta":{"_acf_changed":false},"product_brand":[],"product_cat":[138,71],"product_tag":[141],"class_list":{"0":"post-23429","1":"product","2":"type-product","3":"status-publish","4":"has-post-thumbnail","6":"product_cat-cat-litter-accessories","7":"product_cat-cat-supplies","8":"product_tag-cat-litter-accessories","10":"first","11":"instock","12":"shipping-taxable","13":"product-type-simple"},"acf":[],"yoast_head":"<!-- This site is optimized with the Yoast SEO plugin v27.1.1 - https:\/\/yoast.com\/product\/yoast-seo-wordpress\/ -->\n<title>Litter Box Liner Bags Factory | Litter Box Bags Manufacturer - Petstar<\/title>\n<meta name=\"description\" content=\"Explore cat litter box liner bags, cat litter waste bags, litter box bags directly from the manufacturer. Your ideal business solution with Petstar.\" \/>\n<meta name=\"robots\" content=\"index, follow, max-snippet:-1, max-image-preview:large, max-video-preview:-1\" \/>\n<link rel=\"canonical\" href=\"https:\/\/petproducts.com.cn\/pt\/produto\/litter-box-liner-bags-cat-litter-waste-bags\/\" \/>\n<meta property=\"og:locale\" content=\"pt_PT\" \/>\n<meta property=\"og:type\" content=\"article\" \/>\n<meta property=\"og:title\" content=\"Litter Box Liner Bags Factory | Litter Box Bags Manufacturer - Petstar\" \/>\n<meta property=\"og:description\" content=\"Explore cat litter box liner bags, cat litter waste bags, litter box bags directly from the manufacturer. Your ideal business solution with Petstar.\" \/>\n<meta property=\"og:url\" content=\"https:\/\/petproducts.com.cn\/pt\/produto\/litter-box-liner-bags-cat-litter-waste-bags\/\" \/>\n<meta property=\"og:site_name\" content=\"Petstar\" \/>\n<meta property=\"article:modified_time\" content=\"2024-05-13T06:16:05+00:00\" \/>\n<meta property=\"og:image\" content=\"https:\/\/petproducts.com.cn\/wp-content\/uploads\/2024\/05\/litter-box-liner-bags-1.webp\" \/>\n\t<meta property=\"og:image:width\" content=\"1000\" \/>\n\t<meta property=\"og:image:height\" content=\"1000\" \/>\n\t<meta property=\"og:image:type\" content=\"image\/webp\" \/>\n<meta name=\"twitter:card\" content=\"summary_large_image\" \/>\n<meta name=\"twitter:label1\" content=\"Tempo estimado de leitura\" \/>\n\t<meta name=\"twitter:data1\" content=\"1 minuto\" \/>\n<script type=\"application\/ld+json\" class=\"yoast-schema-graph\">{\"@context\":\"https:\/\/schema.org\",\"@graph\":[{\"@type\":\"WebPage\",\"@id\":\"https:\/\/petproducts.com.cn\/product\/litter-box-liner-bags-cat-litter-waste-bags\/\",\"url\":\"https:\/\/petproducts.com.cn\/product\/litter-box-liner-bags-cat-litter-waste-bags\/\",\"name\":\"Litter Box Liner Bags Factory | Litter Box Bags Manufacturer - Petstar\",\"isPartOf\":{\"@id\":\"https:\/\/petproducts.com.cn\/#website\"},\"primaryImageOfPage\":{\"@id\":\"https:\/\/petproducts.com.cn\/product\/litter-box-liner-bags-cat-litter-waste-bags\/#primaryimage\"},\"image\":{\"@id\":\"https:\/\/petproducts.com.cn\/product\/litter-box-liner-bags-cat-litter-waste-bags\/#primaryimage\"},\"thumbnailUrl\":\"https:\/\/petproducts.com.cn\/wp-content\/uploads\/2024\/05\/litter-box-liner-bags-1.webp\",\"datePublished\":\"2024-05-13T05:44:47+00:00\",\"dateModified\":\"2024-05-13T06:16:05+00:00\",\"description\":\"Explore cat litter box liner bags, cat litter waste bags, litter box bags directly from the manufacturer. Your ideal business solution with Petstar.\",\"breadcrumb\":{\"@id\":\"https:\/\/petproducts.com.cn\/product\/litter-box-liner-bags-cat-litter-waste-bags\/#breadcrumb\"},\"inLanguage\":\"pt-PT\",\"potentialAction\":[{\"@type\":\"ReadAction\",\"target\":[\"https:\/\/petproducts.com.cn\/product\/litter-box-liner-bags-cat-litter-waste-bags\/\"]}]},{\"@type\":\"ImageObject\",\"inLanguage\":\"pt-PT\",\"@id\":\"https:\/\/petproducts.com.cn\/product\/litter-box-liner-bags-cat-litter-waste-bags\/#primaryimage\",\"url\":\"https:\/\/petproducts.com.cn\/wp-content\/uploads\/2024\/05\/litter-box-liner-bags-1.webp\",\"contentUrl\":\"https:\/\/petproducts.com.cn\/wp-content\/uploads\/2024\/05\/litter-box-liner-bags-1.webp\",\"width\":1000,\"height\":1000,\"caption\":\"litter box liner bags\"},{\"@type\":\"BreadcrumbList\",\"@id\":\"https:\/\/petproducts.com.cn\/product\/litter-box-liner-bags-cat-litter-waste-bags\/#breadcrumb\",\"itemListElement\":[{\"@type\":\"ListItem\",\"position\":1,\"name\":\"HOME\",\"item\":\"https:\/\/petproducts.com.cn\/\"},{\"@type\":\"ListItem\",\"position\":2,\"name\":\"Products\",\"item\":\"https:\/\/petproducts.com.cn\/shop\/\"},{\"@type\":\"ListItem\",\"position\":3,\"name\":\"Cat Litter &amp; Accessories\",\"item\":\"https:\/\/petproducts.com.cn\/product-category\/cat-litter-accessories\/\"},{\"@type\":\"ListItem\",\"position\":4,\"name\":\"Litter Box Liner Bags Cat Litter Waste Bags\"}]},{\"@type\":\"WebSite\",\"@id\":\"https:\/\/petproducts.com.cn\/#website\",\"url\":\"https:\/\/petproducts.com.cn\/\",\"name\":\"Petstar\",\"description\":\"Leading Pet Supplies Manufacturer &amp; OEM Pet Products Supplier\",\"publisher\":{\"@id\":\"https:\/\/petproducts.com.cn\/#organization\"},\"alternateName\":\"Petstar Pet Supplies\",\"potentialAction\":[{\"@type\":\"SearchAction\",\"target\":{\"@type\":\"EntryPoint\",\"urlTemplate\":\"https:\/\/petproducts.com.cn\/?s={search_term_string}\"},\"query-input\":{\"@type\":\"PropertyValueSpecification\",\"valueRequired\":true,\"valueName\":\"search_term_string\"}}],\"inLanguage\":\"pt-PT\"},{\"@type\":\"Organization\",\"@id\":\"https:\/\/petproducts.com.cn\/#organization\",\"name\":\"Petstar\",\"url\":\"https:\/\/petproducts.com.cn\/\",\"logo\":{\"@type\":\"ImageObject\",\"inLanguage\":\"pt-PT\",\"@id\":\"https:\/\/petproducts.com.cn\/#\/schema\/logo\/image\/\",\"url\":\"https:\/\/petproducts.com.cn\/wp-content\/uploads\/2020\/02\/petstar-logo.webp\",\"contentUrl\":\"https:\/\/petproducts.com.cn\/wp-content\/uploads\/2020\/02\/petstar-logo.webp\",\"width\":779,\"height\":520,\"caption\":\"Petstar\"},\"image\":{\"@id\":\"https:\/\/petproducts.com.cn\/#\/schema\/logo\/image\/\"}}]}<\/script>\n<!-- \/ Yoast SEO plugin. -->","yoast_head_json":{"title":"F\u00e1brica de sacos de forro para caixas de areia | Fabricante de sacos para caixas de areia - Petstar","description":"Explore sacos de revestimento para caixas de areia para gatos, sacos de lixo para gatos, sacos para caixas de areia diretamente do fabricante. A sua solu\u00e7\u00e3o comercial ideal com Petstar.","robots":{"index":"index","follow":"follow","max-snippet":"max-snippet:-1","max-image-preview":"max-image-preview:large","max-video-preview":"max-video-preview:-1"},"canonical":"https:\/\/petproducts.com.cn\/pt\/produto\/litter-box-liner-bags-cat-litter-waste-bags\/","og_locale":"pt_PT","og_type":"article","og_title":"Litter Box Liner Bags Factory | Litter Box Bags Manufacturer - Petstar","og_description":"Explore cat litter box liner bags, cat litter waste bags, litter box bags directly from the manufacturer. Your ideal business solution with Petstar.","og_url":"https:\/\/petproducts.com.cn\/pt\/produto\/litter-box-liner-bags-cat-litter-waste-bags\/","og_site_name":"Petstar","article_modified_time":"2024-05-13T06:16:05+00:00","og_image":[{"width":1000,"height":1000,"url":"https:\/\/petproducts.com.cn\/wp-content\/uploads\/2024\/05\/litter-box-liner-bags-1.webp","type":"image\/webp"}],"twitter_card":"summary_large_image","twitter_misc":{"Tempo estimado de leitura":"1 minuto"},"schema":{"@context":"https:\/\/schema.org","@graph":[{"@type":"WebPage","@id":"https:\/\/petproducts.com.cn\/product\/litter-box-liner-bags-cat-litter-waste-bags\/","url":"https:\/\/petproducts.com.cn\/product\/litter-box-liner-bags-cat-litter-waste-bags\/","name":"F\u00e1brica de sacos de forro para caixas de areia | Fabricante de sacos para caixas de areia - Petstar","isPartOf":{"@id":"https:\/\/petproducts.com.cn\/#website"},"primaryImageOfPage":{"@id":"https:\/\/petproducts.com.cn\/product\/litter-box-liner-bags-cat-litter-waste-bags\/#primaryimage"},"image":{"@id":"https:\/\/petproducts.com.cn\/product\/litter-box-liner-bags-cat-litter-waste-bags\/#primaryimage"},"thumbnailUrl":"https:\/\/petproducts.com.cn\/wp-content\/uploads\/2024\/05\/litter-box-liner-bags-1.webp","datePublished":"2024-05-13T05:44:47+00:00","dateModified":"2024-05-13T06:16:05+00:00","description":"Explore sacos de revestimento para caixas de areia para gatos, sacos de lixo para gatos, sacos para caixas de areia diretamente do fabricante. A sua solu\u00e7\u00e3o comercial ideal com Petstar.","breadcrumb":{"@id":"https:\/\/petproducts.com.cn\/product\/litter-box-liner-bags-cat-litter-waste-bags\/#breadcrumb"},"inLanguage":"pt-PT","potentialAction":[{"@type":"ReadAction","target":["https:\/\/petproducts.com.cn\/product\/litter-box-liner-bags-cat-litter-waste-bags\/"]}]},{"@type":"ImageObject","inLanguage":"pt-PT","@id":"https:\/\/petproducts.com.cn\/product\/litter-box-liner-bags-cat-litter-waste-bags\/#primaryimage","url":"https:\/\/petproducts.com.cn\/wp-content\/uploads\/2024\/05\/litter-box-liner-bags-1.webp","contentUrl":"https:\/\/petproducts.com.cn\/wp-content\/uploads\/2024\/05\/litter-box-liner-bags-1.webp","width":1000,"height":1000,"caption":"litter box liner bags"},{"@type":"BreadcrumbList","@id":"https:\/\/petproducts.com.cn\/product\/litter-box-liner-bags-cat-litter-waste-bags\/#breadcrumb","itemListElement":[{"@type":"ListItem","position":1,"name":"HOME","item":"https:\/\/petproducts.com.cn\/"},{"@type":"ListItem","position":2,"name":"Products","item":"https:\/\/petproducts.com.cn\/shop\/"},{"@type":"ListItem","position":3,"name":"Cat Litter &amp; Accessories","item":"https:\/\/petproducts.com.cn\/product-category\/cat-litter-accessories\/"},{"@type":"ListItem","position":4,"name":"Litter Box Liner Bags Cat Litter Waste Bags"}]},{"@type":"WebSite","@id":"https:\/\/petproducts.com.cn\/#website","url":"https:\/\/petproducts.com.cn\/","name":"Petstar","description":"Fabricante l\u00edder de artigos para animais de estima\u00e7\u00e3o e fornecedor de produtos OEM para animais de estima\u00e7\u00e3o","publisher":{"@id":"https:\/\/petproducts.com.cn\/#organization"},"alternateName":"Petstar Pet Supplies","potentialAction":[{"@type":"SearchAction","target":{"@type":"EntryPoint","urlTemplate":"https:\/\/petproducts.com.cn\/?s={search_term_string}"},"query-input":{"@type":"PropertyValueSpecification","valueRequired":true,"valueName":"search_term_string"}}],"inLanguage":"pt-PT"},{"@type":"Organization","@id":"https:\/\/petproducts.com.cn\/#organization","name":"Petstar","url":"https:\/\/petproducts.com.cn\/","logo":{"@type":"ImageObject","inLanguage":"pt-PT","@id":"https:\/\/petproducts.com.cn\/#\/schema\/logo\/image\/","url":"https:\/\/petproducts.com.cn\/wp-content\/uploads\/2020\/02\/petstar-logo.webp","contentUrl":"https:\/\/petproducts.com.cn\/wp-content\/uploads\/2020\/02\/petstar-logo.webp","width":779,"height":520,"caption":"Petstar"},"image":{"@id":"https:\/\/petproducts.com.cn\/#\/schema\/logo\/image\/"}}]}},"_links":{"self":[{"href":"https:\/\/petproducts.com.cn\/pt\/wp-json\/wp\/v2\/product\/23429","targetHints":{"allow":["GET"]}}],"collection":[{"href":"https:\/\/petproducts.com.cn\/pt\/wp-json\/wp\/v2\/product"}],"about":[{"href":"https:\/\/petproducts.com.cn\/pt\/wp-json\/wp\/v2\/types\/product"}],"version-history":[{"count":4,"href":"https:\/\/petproducts.com.cn\/pt\/wp-json\/wp\/v2\/product\/23429\/revisions"}],"predecessor-version":[{"id":23439,"href":"https:\/\/petproducts.com.cn\/pt\/wp-json\/wp\/v2\/product\/23429\/revisions\/23439"}],"wp:featuredmedia":[{"embeddable":true,"href":"https:\/\/petproducts.com.cn\/pt\/wp-json\/wp\/v2\/media\/23440"}],"wp:attachment":[{"href":"https:\/\/petproducts.com.cn\/pt\/wp-json\/wp\/v2\/media?parent=23429"}],"wp:term":[{"taxonomy":"product_brand","embeddable":true,"href":"https:\/\/petproducts.com.cn\/pt\/wp-json\/wp\/v2\/product_brand?post=23429"},{"taxonomy":"product_cat","embeddable":true,"href":"https:\/\/petproducts.com.cn\/pt\/wp-json\/wp\/v2\/product_cat?post=23429"},{"taxonomy":"product_tag","embeddable":true,"href":"https:\/\/petproducts.com.cn\/pt\/wp-json\/wp\/v2\/product_tag?post=23429"}],"curies":[{"name":"wp","href":"https:\/\/api.w.org\/{rel}","templated":true}]}}