{"id":23441,"date":"2024-05-13T06:23:01","date_gmt":"2024-05-13T06:23:01","guid":{"rendered":"https:\/\/petproducts.com.cn\/?post_type=product&#038;p=23441"},"modified":"2024-05-13T06:35:57","modified_gmt":"2024-05-13T06:35:57","slug":"cat-litter-shovel-set-litter-box-scoop","status":"publish","type":"product","link":"https:\/\/petproducts.com.cn\/pt\/product\/cat-litter-shovel-set-litter-box-scoop\/","title":{"rendered":"Conjunto de p\u00e1 para areia de gato, colher para caixa de areia"},"content":{"rendered":"<h2><strong>Caracter\u00edsticas da p\u00e1 para areia de gato<\/strong><\/h2>\n<ol>\n<li><strong>Conjunto completo de 4 pe\u00e7as<\/strong><br \/>\nO nosso conjunto de p\u00e1 para areia para gatos vem completo com quatro pe\u00e7as essenciais, fornecendo tudo o que precisa para uma gest\u00e3o completa dos res\u00edduos. Cada componente \u00e9 cuidadosamente elaborado para agilizar o processo de limpeza, garantindo que n\u00e3o fique nenhuma sujidade para tr\u00e1s.<\/li>\n<li><strong>Armazenamento sem esfor\u00e7o<\/strong><br \/>\nConcebido a pensar na conveni\u00eancia, o nosso conjunto de p\u00e1s para areia para gatos \u00e9 f\u00e1cil de guardar. O tamanho compacto de cada pe\u00e7a permite um armazenamento perfeito em arm\u00e1rios, arm\u00e1rios ou \u00e1reas designadas para animais de estima\u00e7\u00e3o, mantendo o seu espa\u00e7o arrumado e organizado.<\/li>\n<li><strong>F\u00e1cil manuseamento<\/strong><br \/>\nDiga adeus \u00e0s ferramentas de limpeza pesadas! O nosso conjunto de p\u00e1s para caixas de areia para gatos possui cabos ergon\u00f3micos que se adaptam confortavelmente \u00e0 sua m\u00e3o, permitindo uma remo\u00e7\u00e3o f\u00e1cil e eficiente dos res\u00edduos. Com cada p\u00e1, ir\u00e1 experimentar um manuseamento sem esfor\u00e7o e um controlo preciso.<\/li>\n<li><strong>Elimina\u00e7\u00e3o simples de res\u00edduos<\/strong><br \/>\nA nossa p\u00e1 para caixas de areia simplifica a elimina\u00e7\u00e3o de res\u00edduos, tornando a tarefa r\u00e1pida e sem complica\u00e7\u00f5es. A sua constru\u00e7\u00e3o robusta garante que os res\u00edduos s\u00e3o recolhidos e contidos de forma eficiente, minimizando o risco de derrames ou sujidade. Limpar a caixa de areia do seu gato nunca foi t\u00e3o f\u00e1cil!<\/li>\n<\/ol>","protected":false},"excerpt":{"rendered":"<p>N\u00f3s somos um fabricante de acess\u00f3rios para areia para gatos com mais de 20 anos de experi\u00eancia. Oferecemos op\u00e7\u00f5es de personaliza\u00e7\u00e3o para cor, tamanho, tecido, padr\u00e3o, log\u00f3tipo e outras caracter\u00edsticas.<\/p>","protected":false},"featured_media":23447,"template":"","meta":{"_acf_changed":false},"product_brand":[],"product_cat":[138,71],"product_tag":[141],"class_list":{"0":"post-23441","1":"product","2":"type-product","3":"status-publish","4":"has-post-thumbnail","6":"product_cat-cat-litter-accessories","7":"product_cat-cat-supplies","8":"product_tag-cat-litter-accessories","10":"first","11":"instock","12":"shipping-taxable","13":"product-type-simple"},"acf":[],"yoast_head":"<!-- This site is optimized with the Yoast SEO plugin v27.1.1 - https:\/\/yoast.com\/product\/yoast-seo-wordpress\/ -->\n<title>Cat Litter Shovel Factory | Litter Box Scoop Manufacturer - Petstar<\/title>\n<meta name=\"description\" content=\"Explore cat litter shovel, cat litter shovel set, litter box scoop directly from the manufacturer. Your ideal business solution with Petstar.\" \/>\n<meta name=\"robots\" content=\"index, follow, max-snippet:-1, max-image-preview:large, max-video-preview:-1\" \/>\n<link rel=\"canonical\" href=\"https:\/\/petproducts.com.cn\/pt\/produto\/cat-litter-shovel-set-litter-box-scoop\/\" \/>\n<meta property=\"og:locale\" content=\"pt_PT\" \/>\n<meta property=\"og:type\" content=\"article\" \/>\n<meta property=\"og:title\" content=\"Cat Litter Shovel Factory | Litter Box Scoop Manufacturer - Petstar\" \/>\n<meta property=\"og:description\" content=\"Explore cat litter shovel, cat litter shovel set, litter box scoop directly from the manufacturer. Your ideal business solution with Petstar.\" \/>\n<meta property=\"og:url\" content=\"https:\/\/petproducts.com.cn\/pt\/produto\/cat-litter-shovel-set-litter-box-scoop\/\" \/>\n<meta property=\"og:site_name\" content=\"Petstar\" \/>\n<meta property=\"article:modified_time\" content=\"2024-05-13T06:35:57+00:00\" \/>\n<meta property=\"og:image\" content=\"https:\/\/petproducts.com.cn\/wp-content\/uploads\/2024\/05\/cat-litter-shovel.webp\" \/>\n\t<meta property=\"og:image:width\" content=\"800\" \/>\n\t<meta property=\"og:image:height\" content=\"800\" \/>\n\t<meta property=\"og:image:type\" content=\"image\/webp\" \/>\n<meta name=\"twitter:card\" content=\"summary_large_image\" \/>\n<meta name=\"twitter:label1\" content=\"Tempo estimado de leitura\" \/>\n\t<meta name=\"twitter:data1\" content=\"1 minuto\" \/>\n<script type=\"application\/ld+json\" class=\"yoast-schema-graph\">{\"@context\":\"https:\/\/schema.org\",\"@graph\":[{\"@type\":\"WebPage\",\"@id\":\"https:\/\/petproducts.com.cn\/product\/cat-litter-shovel-set-litter-box-scoop\/\",\"url\":\"https:\/\/petproducts.com.cn\/product\/cat-litter-shovel-set-litter-box-scoop\/\",\"name\":\"Cat Litter Shovel Factory | Litter Box Scoop Manufacturer - Petstar\",\"isPartOf\":{\"@id\":\"https:\/\/petproducts.com.cn\/#website\"},\"primaryImageOfPage\":{\"@id\":\"https:\/\/petproducts.com.cn\/product\/cat-litter-shovel-set-litter-box-scoop\/#primaryimage\"},\"image\":{\"@id\":\"https:\/\/petproducts.com.cn\/product\/cat-litter-shovel-set-litter-box-scoop\/#primaryimage\"},\"thumbnailUrl\":\"https:\/\/petproducts.com.cn\/wp-content\/uploads\/2024\/05\/cat-litter-shovel.webp\",\"datePublished\":\"2024-05-13T06:23:01+00:00\",\"dateModified\":\"2024-05-13T06:35:57+00:00\",\"description\":\"Explore cat litter shovel, cat litter shovel set, litter box scoop directly from the manufacturer. Your ideal business solution with Petstar.\",\"breadcrumb\":{\"@id\":\"https:\/\/petproducts.com.cn\/product\/cat-litter-shovel-set-litter-box-scoop\/#breadcrumb\"},\"inLanguage\":\"pt-PT\",\"potentialAction\":[{\"@type\":\"ReadAction\",\"target\":[\"https:\/\/petproducts.com.cn\/product\/cat-litter-shovel-set-litter-box-scoop\/\"]}]},{\"@type\":\"ImageObject\",\"inLanguage\":\"pt-PT\",\"@id\":\"https:\/\/petproducts.com.cn\/product\/cat-litter-shovel-set-litter-box-scoop\/#primaryimage\",\"url\":\"https:\/\/petproducts.com.cn\/wp-content\/uploads\/2024\/05\/cat-litter-shovel.webp\",\"contentUrl\":\"https:\/\/petproducts.com.cn\/wp-content\/uploads\/2024\/05\/cat-litter-shovel.webp\",\"width\":800,\"height\":800,\"caption\":\"cat litter shovel\"},{\"@type\":\"BreadcrumbList\",\"@id\":\"https:\/\/petproducts.com.cn\/product\/cat-litter-shovel-set-litter-box-scoop\/#breadcrumb\",\"itemListElement\":[{\"@type\":\"ListItem\",\"position\":1,\"name\":\"HOME\",\"item\":\"https:\/\/petproducts.com.cn\/\"},{\"@type\":\"ListItem\",\"position\":2,\"name\":\"Products\",\"item\":\"https:\/\/petproducts.com.cn\/shop\/\"},{\"@type\":\"ListItem\",\"position\":3,\"name\":\"Cat Litter &amp; Accessories\",\"item\":\"https:\/\/petproducts.com.cn\/product-category\/cat-litter-accessories\/\"},{\"@type\":\"ListItem\",\"position\":4,\"name\":\"Cat Litter Shovel Set Litter Box Scoop\"}]},{\"@type\":\"WebSite\",\"@id\":\"https:\/\/petproducts.com.cn\/#website\",\"url\":\"https:\/\/petproducts.com.cn\/\",\"name\":\"Petstar\",\"description\":\"Leading Pet Supplies Manufacturer &amp; OEM Pet Products Supplier\",\"publisher\":{\"@id\":\"https:\/\/petproducts.com.cn\/#organization\"},\"alternateName\":\"Petstar Pet Supplies\",\"potentialAction\":[{\"@type\":\"SearchAction\",\"target\":{\"@type\":\"EntryPoint\",\"urlTemplate\":\"https:\/\/petproducts.com.cn\/?s={search_term_string}\"},\"query-input\":{\"@type\":\"PropertyValueSpecification\",\"valueRequired\":true,\"valueName\":\"search_term_string\"}}],\"inLanguage\":\"pt-PT\"},{\"@type\":\"Organization\",\"@id\":\"https:\/\/petproducts.com.cn\/#organization\",\"name\":\"Petstar\",\"url\":\"https:\/\/petproducts.com.cn\/\",\"logo\":{\"@type\":\"ImageObject\",\"inLanguage\":\"pt-PT\",\"@id\":\"https:\/\/petproducts.com.cn\/#\/schema\/logo\/image\/\",\"url\":\"https:\/\/petproducts.com.cn\/wp-content\/uploads\/2020\/02\/petstar-logo.webp\",\"contentUrl\":\"https:\/\/petproducts.com.cn\/wp-content\/uploads\/2020\/02\/petstar-logo.webp\",\"width\":779,\"height\":520,\"caption\":\"Petstar\"},\"image\":{\"@id\":\"https:\/\/petproducts.com.cn\/#\/schema\/logo\/image\/\"}}]}<\/script>\n<!-- \/ Yoast SEO plugin. -->","yoast_head_json":{"title":"P\u00e1 de areia para gatos Fabricante de p\u00e1 de areia para gatos - Petstar","description":"Explore a p\u00e1 para areia de gato, o conjunto de p\u00e1s para areia de gato e a concha para caixa de areia diretamente do fabricante. A sua solu\u00e7\u00e3o comercial ideal com a Petstar.","robots":{"index":"index","follow":"follow","max-snippet":"max-snippet:-1","max-image-preview":"max-image-preview:large","max-video-preview":"max-video-preview:-1"},"canonical":"https:\/\/petproducts.com.cn\/pt\/produto\/cat-litter-shovel-set-litter-box-scoop\/","og_locale":"pt_PT","og_type":"article","og_title":"Cat Litter Shovel Factory | Litter Box Scoop Manufacturer - Petstar","og_description":"Explore cat litter shovel, cat litter shovel set, litter box scoop directly from the manufacturer. Your ideal business solution with Petstar.","og_url":"https:\/\/petproducts.com.cn\/pt\/produto\/cat-litter-shovel-set-litter-box-scoop\/","og_site_name":"Petstar","article_modified_time":"2024-05-13T06:35:57+00:00","og_image":[{"width":800,"height":800,"url":"https:\/\/petproducts.com.cn\/wp-content\/uploads\/2024\/05\/cat-litter-shovel.webp","type":"image\/webp"}],"twitter_card":"summary_large_image","twitter_misc":{"Tempo estimado de leitura":"1 minuto"},"schema":{"@context":"https:\/\/schema.org","@graph":[{"@type":"WebPage","@id":"https:\/\/petproducts.com.cn\/product\/cat-litter-shovel-set-litter-box-scoop\/","url":"https:\/\/petproducts.com.cn\/product\/cat-litter-shovel-set-litter-box-scoop\/","name":"P\u00e1 de areia para gatos Fabricante de p\u00e1 de areia para gatos - Petstar","isPartOf":{"@id":"https:\/\/petproducts.com.cn\/#website"},"primaryImageOfPage":{"@id":"https:\/\/petproducts.com.cn\/product\/cat-litter-shovel-set-litter-box-scoop\/#primaryimage"},"image":{"@id":"https:\/\/petproducts.com.cn\/product\/cat-litter-shovel-set-litter-box-scoop\/#primaryimage"},"thumbnailUrl":"https:\/\/petproducts.com.cn\/wp-content\/uploads\/2024\/05\/cat-litter-shovel.webp","datePublished":"2024-05-13T06:23:01+00:00","dateModified":"2024-05-13T06:35:57+00:00","description":"Explore a p\u00e1 para areia de gato, o conjunto de p\u00e1s para areia de gato e a concha para caixa de areia diretamente do fabricante. A sua solu\u00e7\u00e3o comercial ideal com a Petstar.","breadcrumb":{"@id":"https:\/\/petproducts.com.cn\/product\/cat-litter-shovel-set-litter-box-scoop\/#breadcrumb"},"inLanguage":"pt-PT","potentialAction":[{"@type":"ReadAction","target":["https:\/\/petproducts.com.cn\/product\/cat-litter-shovel-set-litter-box-scoop\/"]}]},{"@type":"ImageObject","inLanguage":"pt-PT","@id":"https:\/\/petproducts.com.cn\/product\/cat-litter-shovel-set-litter-box-scoop\/#primaryimage","url":"https:\/\/petproducts.com.cn\/wp-content\/uploads\/2024\/05\/cat-litter-shovel.webp","contentUrl":"https:\/\/petproducts.com.cn\/wp-content\/uploads\/2024\/05\/cat-litter-shovel.webp","width":800,"height":800,"caption":"cat litter shovel"},{"@type":"BreadcrumbList","@id":"https:\/\/petproducts.com.cn\/product\/cat-litter-shovel-set-litter-box-scoop\/#breadcrumb","itemListElement":[{"@type":"ListItem","position":1,"name":"HOME","item":"https:\/\/petproducts.com.cn\/"},{"@type":"ListItem","position":2,"name":"Products","item":"https:\/\/petproducts.com.cn\/shop\/"},{"@type":"ListItem","position":3,"name":"Cat Litter &amp; Accessories","item":"https:\/\/petproducts.com.cn\/product-category\/cat-litter-accessories\/"},{"@type":"ListItem","position":4,"name":"Cat Litter Shovel Set Litter Box Scoop"}]},{"@type":"WebSite","@id":"https:\/\/petproducts.com.cn\/#website","url":"https:\/\/petproducts.com.cn\/","name":"Petstar","description":"Fabricante l\u00edder de artigos para animais de estima\u00e7\u00e3o e fornecedor de produtos OEM para animais de estima\u00e7\u00e3o","publisher":{"@id":"https:\/\/petproducts.com.cn\/#organization"},"alternateName":"Petstar Pet Supplies","potentialAction":[{"@type":"SearchAction","target":{"@type":"EntryPoint","urlTemplate":"https:\/\/petproducts.com.cn\/?s={search_term_string}"},"query-input":{"@type":"PropertyValueSpecification","valueRequired":true,"valueName":"search_term_string"}}],"inLanguage":"pt-PT"},{"@type":"Organization","@id":"https:\/\/petproducts.com.cn\/#organization","name":"Petstar","url":"https:\/\/petproducts.com.cn\/","logo":{"@type":"ImageObject","inLanguage":"pt-PT","@id":"https:\/\/petproducts.com.cn\/#\/schema\/logo\/image\/","url":"https:\/\/petproducts.com.cn\/wp-content\/uploads\/2020\/02\/petstar-logo.webp","contentUrl":"https:\/\/petproducts.com.cn\/wp-content\/uploads\/2020\/02\/petstar-logo.webp","width":779,"height":520,"caption":"Petstar"},"image":{"@id":"https:\/\/petproducts.com.cn\/#\/schema\/logo\/image\/"}}]}},"_links":{"self":[{"href":"https:\/\/petproducts.com.cn\/pt\/wp-json\/wp\/v2\/product\/23441","targetHints":{"allow":["GET"]}}],"collection":[{"href":"https:\/\/petproducts.com.cn\/pt\/wp-json\/wp\/v2\/product"}],"about":[{"href":"https:\/\/petproducts.com.cn\/pt\/wp-json\/wp\/v2\/types\/product"}],"version-history":[{"count":3,"href":"https:\/\/petproducts.com.cn\/pt\/wp-json\/wp\/v2\/product\/23441\/revisions"}],"predecessor-version":[{"id":23444,"href":"https:\/\/petproducts.com.cn\/pt\/wp-json\/wp\/v2\/product\/23441\/revisions\/23444"}],"wp:featuredmedia":[{"embeddable":true,"href":"https:\/\/petproducts.com.cn\/pt\/wp-json\/wp\/v2\/media\/23447"}],"wp:attachment":[{"href":"https:\/\/petproducts.com.cn\/pt\/wp-json\/wp\/v2\/media?parent=23441"}],"wp:term":[{"taxonomy":"product_brand","embeddable":true,"href":"https:\/\/petproducts.com.cn\/pt\/wp-json\/wp\/v2\/product_brand?post=23441"},{"taxonomy":"product_cat","embeddable":true,"href":"https:\/\/petproducts.com.cn\/pt\/wp-json\/wp\/v2\/product_cat?post=23441"},{"taxonomy":"product_tag","embeddable":true,"href":"https:\/\/petproducts.com.cn\/pt\/wp-json\/wp\/v2\/product_tag?post=23441"}],"curies":[{"name":"wp","href":"https:\/\/api.w.org\/{rel}","templated":true}]}}