{"id":23484,"date":"2024-05-14T02:17:33","date_gmt":"2024-05-14T02:17:33","guid":{"rendered":"https:\/\/petproducts.com.cn\/?post_type=product&#038;p=23484"},"modified":"2024-05-14T03:05:17","modified_gmt":"2024-05-14T03:05:17","slug":"cat-litter-box-shovel-set-cat-litter-scooper","status":"publish","type":"product","link":"https:\/\/petproducts.com.cn\/pt\/product\/cat-litter-box-shovel-set-cat-litter-scooper\/","title":{"rendered":"Conjunto de p\u00e1 para caixa de areia para gatos"},"content":{"rendered":"<h2><strong>Carater\u00edsticas da p\u00e1 para caixa de areia para gatos<\/strong><\/h2>\n<ol>\n<li>Conjunto compacto de 2 pe\u00e7as<br \/>\nO nosso conjunto de p\u00e1s para caixas de areia para gatos \u00e9 composto por duas pe\u00e7as essenciais, fornecendo tudo o que precisa para uma gest\u00e3o eficaz dos res\u00edduos. Com uma p\u00e1 e um ancinho inclu\u00eddos, este conjunto cobre todas as bases para uma limpeza completa.<\/li>\n<li>Armazenamento sem esfor\u00e7o<br \/>\nSimplifique os problemas de arruma\u00e7\u00e3o com o nosso conjunto de p\u00e1s para areia de gato. Ambas as pe\u00e7as foram concebidas para serem compactas e f\u00e1ceis de guardar, cabendo perfeitamente em arm\u00e1rios, gabinetes ou qualquer \u00e1rea designada para animais de estima\u00e7\u00e3o. Desfrute de um espa\u00e7o livre de desordem sem comprometer a funcionalidade.<\/li>\n<li>F\u00e1cil manuseamento<br \/>\nExperimente um manuseamento confort\u00e1vel e eficiente dos res\u00edduos com o nosso conjunto de escavadoras de lixo. O design ergon\u00f3mico de cada pe\u00e7a garante uma ader\u00eancia segura e confort\u00e1vel, permitindo uma recolha precisa e sem esfor\u00e7o. Diga adeus aos utens\u00edlios de limpeza inc\u00f3modos e desconfort\u00e1veis!<\/li>\n<li>Processo de limpeza simples<br \/>\nLimpar a caixa de areia do seu gato nunca foi t\u00e3o f\u00e1cil! O nosso conjunto de p\u00e1s de areia simplifica o processo de limpeza, tornando-o r\u00e1pido e sem complica\u00e7\u00f5es. As superf\u00edcies lisas e os materiais duradouros de cada pe\u00e7a garantem uma limpeza e manuten\u00e7\u00e3o f\u00e1ceis, mantendo as suas ferramentas frescas e prontas a utilizar.<\/li>\n<\/ol>","protected":false},"excerpt":{"rendered":"<p>N\u00f3s somos um fabricante de acess\u00f3rios para areia para gatos com mais de 20 anos de experi\u00eancia. Oferecemos op\u00e7\u00f5es de personaliza\u00e7\u00e3o para cor, tamanho, tecido, padr\u00e3o, log\u00f3tipo e outras caracter\u00edsticas.<\/p>","protected":false},"featured_media":23488,"template":"","meta":{"_acf_changed":false},"product_brand":[],"product_cat":[138,71],"product_tag":[141],"class_list":{"0":"post-23484","1":"product","2":"type-product","3":"status-publish","4":"has-post-thumbnail","6":"product_cat-cat-litter-accessories","7":"product_cat-cat-supplies","8":"product_tag-cat-litter-accessories","10":"first","11":"instock","12":"shipping-taxable","13":"product-type-simple"},"acf":[],"yoast_head":"<!-- This site is optimized with the Yoast SEO plugin v27.1.1 - https:\/\/yoast.com\/product\/yoast-seo-wordpress\/ -->\n<title>Cat Litter Box Shovel Factory | Cat Litter Scooper Manufacturer - Petstar<\/title>\n<meta name=\"description\" content=\"Explore cat litter box shovel, cat litter scooper, and cat scooper directly from the manufacturer. Your ideal business solution with Petstar.\" \/>\n<meta name=\"robots\" content=\"index, follow, max-snippet:-1, max-image-preview:large, max-video-preview:-1\" \/>\n<link rel=\"canonical\" href=\"https:\/\/petproducts.com.cn\/pt\/produto\/cat-litter-box-shovel-set-cat-litter-scooper\/\" \/>\n<meta property=\"og:locale\" content=\"pt_PT\" \/>\n<meta property=\"og:type\" content=\"article\" \/>\n<meta property=\"og:title\" content=\"Cat Litter Box Shovel Factory | Cat Litter Scooper Manufacturer - Petstar\" \/>\n<meta property=\"og:description\" content=\"Explore cat litter box shovel, cat litter scooper, and cat scooper directly from the manufacturer. Your ideal business solution with Petstar.\" \/>\n<meta property=\"og:url\" content=\"https:\/\/petproducts.com.cn\/pt\/produto\/cat-litter-box-shovel-set-cat-litter-scooper\/\" \/>\n<meta property=\"og:site_name\" content=\"Petstar\" \/>\n<meta property=\"article:modified_time\" content=\"2024-05-14T03:05:17+00:00\" \/>\n<meta property=\"og:image\" content=\"https:\/\/petproducts.com.cn\/wp-content\/uploads\/2024\/05\/cat-litter-box-shovel.webp\" \/>\n\t<meta property=\"og:image:width\" content=\"800\" \/>\n\t<meta property=\"og:image:height\" content=\"800\" \/>\n\t<meta property=\"og:image:type\" content=\"image\/webp\" \/>\n<meta name=\"twitter:card\" content=\"summary_large_image\" \/>\n<meta name=\"twitter:label1\" content=\"Tempo estimado de leitura\" \/>\n\t<meta name=\"twitter:data1\" content=\"1 minuto\" \/>\n<script type=\"application\/ld+json\" class=\"yoast-schema-graph\">{\"@context\":\"https:\/\/schema.org\",\"@graph\":[{\"@type\":\"WebPage\",\"@id\":\"https:\/\/petproducts.com.cn\/product\/cat-litter-box-shovel-set-cat-litter-scooper\/\",\"url\":\"https:\/\/petproducts.com.cn\/product\/cat-litter-box-shovel-set-cat-litter-scooper\/\",\"name\":\"Cat Litter Box Shovel Factory | Cat Litter Scooper Manufacturer - Petstar\",\"isPartOf\":{\"@id\":\"https:\/\/petproducts.com.cn\/#website\"},\"primaryImageOfPage\":{\"@id\":\"https:\/\/petproducts.com.cn\/product\/cat-litter-box-shovel-set-cat-litter-scooper\/#primaryimage\"},\"image\":{\"@id\":\"https:\/\/petproducts.com.cn\/product\/cat-litter-box-shovel-set-cat-litter-scooper\/#primaryimage\"},\"thumbnailUrl\":\"https:\/\/petproducts.com.cn\/wp-content\/uploads\/2024\/05\/cat-litter-box-shovel.webp\",\"datePublished\":\"2024-05-14T02:17:33+00:00\",\"dateModified\":\"2024-05-14T03:05:17+00:00\",\"description\":\"Explore cat litter box shovel, cat litter scooper, and cat scooper directly from the manufacturer. Your ideal business solution with Petstar.\",\"breadcrumb\":{\"@id\":\"https:\/\/petproducts.com.cn\/product\/cat-litter-box-shovel-set-cat-litter-scooper\/#breadcrumb\"},\"inLanguage\":\"pt-PT\",\"potentialAction\":[{\"@type\":\"ReadAction\",\"target\":[\"https:\/\/petproducts.com.cn\/product\/cat-litter-box-shovel-set-cat-litter-scooper\/\"]}]},{\"@type\":\"ImageObject\",\"inLanguage\":\"pt-PT\",\"@id\":\"https:\/\/petproducts.com.cn\/product\/cat-litter-box-shovel-set-cat-litter-scooper\/#primaryimage\",\"url\":\"https:\/\/petproducts.com.cn\/wp-content\/uploads\/2024\/05\/cat-litter-box-shovel.webp\",\"contentUrl\":\"https:\/\/petproducts.com.cn\/wp-content\/uploads\/2024\/05\/cat-litter-box-shovel.webp\",\"width\":800,\"height\":800,\"caption\":\"cat litter box shovel\"},{\"@type\":\"BreadcrumbList\",\"@id\":\"https:\/\/petproducts.com.cn\/product\/cat-litter-box-shovel-set-cat-litter-scooper\/#breadcrumb\",\"itemListElement\":[{\"@type\":\"ListItem\",\"position\":1,\"name\":\"HOME\",\"item\":\"https:\/\/petproducts.com.cn\/\"},{\"@type\":\"ListItem\",\"position\":2,\"name\":\"Products\",\"item\":\"https:\/\/petproducts.com.cn\/shop\/\"},{\"@type\":\"ListItem\",\"position\":3,\"name\":\"Cat Litter &amp; Accessories\",\"item\":\"https:\/\/petproducts.com.cn\/product-category\/cat-litter-accessories\/\"},{\"@type\":\"ListItem\",\"position\":4,\"name\":\"Cat Litter Box Shovel Set Cat Litter Scooper\"}]},{\"@type\":\"WebSite\",\"@id\":\"https:\/\/petproducts.com.cn\/#website\",\"url\":\"https:\/\/petproducts.com.cn\/\",\"name\":\"Petstar\",\"description\":\"Leading Pet Supplies Manufacturer &amp; OEM Pet Products Supplier\",\"publisher\":{\"@id\":\"https:\/\/petproducts.com.cn\/#organization\"},\"alternateName\":\"Petstar Pet Supplies\",\"potentialAction\":[{\"@type\":\"SearchAction\",\"target\":{\"@type\":\"EntryPoint\",\"urlTemplate\":\"https:\/\/petproducts.com.cn\/?s={search_term_string}\"},\"query-input\":{\"@type\":\"PropertyValueSpecification\",\"valueRequired\":true,\"valueName\":\"search_term_string\"}}],\"inLanguage\":\"pt-PT\"},{\"@type\":\"Organization\",\"@id\":\"https:\/\/petproducts.com.cn\/#organization\",\"name\":\"Petstar\",\"url\":\"https:\/\/petproducts.com.cn\/\",\"logo\":{\"@type\":\"ImageObject\",\"inLanguage\":\"pt-PT\",\"@id\":\"https:\/\/petproducts.com.cn\/#\/schema\/logo\/image\/\",\"url\":\"https:\/\/petproducts.com.cn\/wp-content\/uploads\/2020\/02\/petstar-logo.webp\",\"contentUrl\":\"https:\/\/petproducts.com.cn\/wp-content\/uploads\/2020\/02\/petstar-logo.webp\",\"width\":779,\"height\":520,\"caption\":\"Petstar\"},\"image\":{\"@id\":\"https:\/\/petproducts.com.cn\/#\/schema\/logo\/image\/\"}}]}<\/script>\n<!-- \/ Yoast SEO plugin. -->","yoast_head_json":{"title":"F\u00e1brica de p\u00e1s para caixas de areia para gatos | Fabricante de colher de areia para gatos - Petstar","description":"Explore a p\u00e1 de caixa de areia para gatos, escavadora de areia para gatos e escavadora de gatos diretamente do fabricante. A sua solu\u00e7\u00e3o comercial ideal com Petstar.","robots":{"index":"index","follow":"follow","max-snippet":"max-snippet:-1","max-image-preview":"max-image-preview:large","max-video-preview":"max-video-preview:-1"},"canonical":"https:\/\/petproducts.com.cn\/pt\/produto\/cat-litter-box-shovel-set-cat-litter-scooper\/","og_locale":"pt_PT","og_type":"article","og_title":"Cat Litter Box Shovel Factory | Cat Litter Scooper Manufacturer - Petstar","og_description":"Explore cat litter box shovel, cat litter scooper, and cat scooper directly from the manufacturer. Your ideal business solution with Petstar.","og_url":"https:\/\/petproducts.com.cn\/pt\/produto\/cat-litter-box-shovel-set-cat-litter-scooper\/","og_site_name":"Petstar","article_modified_time":"2024-05-14T03:05:17+00:00","og_image":[{"width":800,"height":800,"url":"https:\/\/petproducts.com.cn\/wp-content\/uploads\/2024\/05\/cat-litter-box-shovel.webp","type":"image\/webp"}],"twitter_card":"summary_large_image","twitter_misc":{"Tempo estimado de leitura":"1 minuto"},"schema":{"@context":"https:\/\/schema.org","@graph":[{"@type":"WebPage","@id":"https:\/\/petproducts.com.cn\/product\/cat-litter-box-shovel-set-cat-litter-scooper\/","url":"https:\/\/petproducts.com.cn\/product\/cat-litter-box-shovel-set-cat-litter-scooper\/","name":"F\u00e1brica de p\u00e1s para caixas de areia para gatos | Fabricante de colher de areia para gatos - Petstar","isPartOf":{"@id":"https:\/\/petproducts.com.cn\/#website"},"primaryImageOfPage":{"@id":"https:\/\/petproducts.com.cn\/product\/cat-litter-box-shovel-set-cat-litter-scooper\/#primaryimage"},"image":{"@id":"https:\/\/petproducts.com.cn\/product\/cat-litter-box-shovel-set-cat-litter-scooper\/#primaryimage"},"thumbnailUrl":"https:\/\/petproducts.com.cn\/wp-content\/uploads\/2024\/05\/cat-litter-box-shovel.webp","datePublished":"2024-05-14T02:17:33+00:00","dateModified":"2024-05-14T03:05:17+00:00","description":"Explore a p\u00e1 de caixa de areia para gatos, escavadora de areia para gatos e escavadora de gatos diretamente do fabricante. A sua solu\u00e7\u00e3o comercial ideal com Petstar.","breadcrumb":{"@id":"https:\/\/petproducts.com.cn\/product\/cat-litter-box-shovel-set-cat-litter-scooper\/#breadcrumb"},"inLanguage":"pt-PT","potentialAction":[{"@type":"ReadAction","target":["https:\/\/petproducts.com.cn\/product\/cat-litter-box-shovel-set-cat-litter-scooper\/"]}]},{"@type":"ImageObject","inLanguage":"pt-PT","@id":"https:\/\/petproducts.com.cn\/product\/cat-litter-box-shovel-set-cat-litter-scooper\/#primaryimage","url":"https:\/\/petproducts.com.cn\/wp-content\/uploads\/2024\/05\/cat-litter-box-shovel.webp","contentUrl":"https:\/\/petproducts.com.cn\/wp-content\/uploads\/2024\/05\/cat-litter-box-shovel.webp","width":800,"height":800,"caption":"cat litter box shovel"},{"@type":"BreadcrumbList","@id":"https:\/\/petproducts.com.cn\/product\/cat-litter-box-shovel-set-cat-litter-scooper\/#breadcrumb","itemListElement":[{"@type":"ListItem","position":1,"name":"HOME","item":"https:\/\/petproducts.com.cn\/"},{"@type":"ListItem","position":2,"name":"Products","item":"https:\/\/petproducts.com.cn\/shop\/"},{"@type":"ListItem","position":3,"name":"Cat Litter &amp; Accessories","item":"https:\/\/petproducts.com.cn\/product-category\/cat-litter-accessories\/"},{"@type":"ListItem","position":4,"name":"Cat Litter Box Shovel Set Cat Litter Scooper"}]},{"@type":"WebSite","@id":"https:\/\/petproducts.com.cn\/#website","url":"https:\/\/petproducts.com.cn\/","name":"Petstar","description":"Fabricante l\u00edder de artigos para animais de estima\u00e7\u00e3o e fornecedor de produtos OEM para animais de estima\u00e7\u00e3o","publisher":{"@id":"https:\/\/petproducts.com.cn\/#organization"},"alternateName":"Petstar Pet Supplies","potentialAction":[{"@type":"SearchAction","target":{"@type":"EntryPoint","urlTemplate":"https:\/\/petproducts.com.cn\/?s={search_term_string}"},"query-input":{"@type":"PropertyValueSpecification","valueRequired":true,"valueName":"search_term_string"}}],"inLanguage":"pt-PT"},{"@type":"Organization","@id":"https:\/\/petproducts.com.cn\/#organization","name":"Petstar","url":"https:\/\/petproducts.com.cn\/","logo":{"@type":"ImageObject","inLanguage":"pt-PT","@id":"https:\/\/petproducts.com.cn\/#\/schema\/logo\/image\/","url":"https:\/\/petproducts.com.cn\/wp-content\/uploads\/2020\/02\/petstar-logo.webp","contentUrl":"https:\/\/petproducts.com.cn\/wp-content\/uploads\/2020\/02\/petstar-logo.webp","width":779,"height":520,"caption":"Petstar"},"image":{"@id":"https:\/\/petproducts.com.cn\/#\/schema\/logo\/image\/"}}]}},"_links":{"self":[{"href":"https:\/\/petproducts.com.cn\/pt\/wp-json\/wp\/v2\/product\/23484","targetHints":{"allow":["GET"]}}],"collection":[{"href":"https:\/\/petproducts.com.cn\/pt\/wp-json\/wp\/v2\/product"}],"about":[{"href":"https:\/\/petproducts.com.cn\/pt\/wp-json\/wp\/v2\/types\/product"}],"version-history":[{"count":3,"href":"https:\/\/petproducts.com.cn\/pt\/wp-json\/wp\/v2\/product\/23484\/revisions"}],"predecessor-version":[{"id":23487,"href":"https:\/\/petproducts.com.cn\/pt\/wp-json\/wp\/v2\/product\/23484\/revisions\/23487"}],"wp:featuredmedia":[{"embeddable":true,"href":"https:\/\/petproducts.com.cn\/pt\/wp-json\/wp\/v2\/media\/23488"}],"wp:attachment":[{"href":"https:\/\/petproducts.com.cn\/pt\/wp-json\/wp\/v2\/media?parent=23484"}],"wp:term":[{"taxonomy":"product_brand","embeddable":true,"href":"https:\/\/petproducts.com.cn\/pt\/wp-json\/wp\/v2\/product_brand?post=23484"},{"taxonomy":"product_cat","embeddable":true,"href":"https:\/\/petproducts.com.cn\/pt\/wp-json\/wp\/v2\/product_cat?post=23484"},{"taxonomy":"product_tag","embeddable":true,"href":"https:\/\/petproducts.com.cn\/pt\/wp-json\/wp\/v2\/product_tag?post=23484"}],"curies":[{"name":"wp","href":"https:\/\/api.w.org\/{rel}","templated":true}]}}