{"id":23494,"date":"2024-05-14T03:07:28","date_gmt":"2024-05-14T03:07:28","guid":{"rendered":"https:\/\/petproducts.com.cn\/?post_type=product&#038;p=23494"},"modified":"2024-05-14T05:34:39","modified_gmt":"2024-05-14T05:34:39","slug":"cat-litter-mat-best-cat-litter-trap-mat","status":"publish","type":"product","link":"https:\/\/petproducts.com.cn\/pt\/product\/cat-litter-mat-best-cat-litter-trap-mat\/","title":{"rendered":"Tapete para areia de gato O melhor tapete para areia de gato"},"content":{"rendered":"<h2><strong>Caracter\u00edsticas do tapete de areia para gatos<\/strong><\/h2>\n<p><strong>1. Tapete de areia para gatos em EVA de camada dupla<\/strong> O nosso tapete para caixa de areia tem um design de camada dupla feito de material EVA dur\u00e1vel. Isto garante durabilidade e longevidade, fornecendo uma solu\u00e7\u00e3o fi\u00e1vel para prender a areia e manter o ch\u00e3o limpo. Com este melhor tapete para caixas de areia, pode conter eficazmente a sujidade da areia e manter uma casa arrumada.<\/p>\n<p><strong>2. Grelha em favo de mel com orif\u00edcios grandes<\/strong> O padr\u00e3o de grelha em favo de mel do nosso tapete de recolha de areia para gatos apresenta orif\u00edcios grandes que ret\u00eam eficazmente a areia quando o gato sai da caixa de areia. Este design inovador evita que a areia se espalhe pelo ch\u00e3o, reduzindo a necessidade de varrer e aspirar constantemente. Com este tapete de areia para gatos, pode dizer adeus ao rasto de areia por toda a casa.<\/p>\n<p><strong>3. Elimina\u00e7\u00e3o numa s\u00f3 etapa<\/strong> O nosso tapete de recolha de areia para gatos foi concebido para ser pr\u00e1tico, apresentando um processo de elimina\u00e7\u00e3o num s\u00f3 passo. Basta levantar o tapete e deitar a areia retida de volta na caixa de areia ou elimin\u00e1-la conforme necess\u00e1rio. Esta carater\u00edstica f\u00e1cil de utilizar simplifica a manuten\u00e7\u00e3o da caixa de areia, poupando-lhe tempo e esfor\u00e7o.<\/p>\n<p><strong>4. \u00c0 prova de \u00e1gua e f\u00e1cil de limpar<\/strong> Constru\u00eddo em material EVA imperme\u00e1vel, o nosso tapete de areia \u00e9 resistente \u00e0 humidade e a derrames. Isto torna a limpeza muito f\u00e1cil - basta enxaguar o tapete com \u00e1gua ou passar um pano h\u00famido para remover qualquer lixo ou detritos presos. Com este melhor tapete de recolha de areia para gatos, manter o ch\u00e3o limpo nunca foi t\u00e3o f\u00e1cil.<\/p>","protected":false},"excerpt":{"rendered":"<p>N\u00f3s somos um fabricante de acess\u00f3rios para areia para gatos com mais de 20 anos de experi\u00eancia. Oferecemos op\u00e7\u00f5es de personaliza\u00e7\u00e3o para cor, tamanho, tecido, padr\u00e3o, log\u00f3tipo e outras caracter\u00edsticas.<\/p>","protected":false},"featured_media":23500,"template":"","meta":{"_acf_changed":false},"product_brand":[],"product_cat":[138,71],"product_tag":[141],"class_list":{"0":"post-23494","1":"product","2":"type-product","3":"status-publish","4":"has-post-thumbnail","6":"product_cat-cat-litter-accessories","7":"product_cat-cat-supplies","8":"product_tag-cat-litter-accessories","10":"first","11":"instock","12":"shipping-taxable","13":"product-type-simple"},"acf":[],"yoast_head":"<!-- This site is optimized with the Yoast SEO plugin v27.1.1 - https:\/\/yoast.com\/product\/yoast-seo-wordpress\/ -->\n<title>Cat Litter Mat Factory | Cat Litter Trap Mat Manufacturer - Petstar<\/title>\n<meta name=\"description\" content=\"Explore cat litter mat, best cat litter trap mat directly from the manufacturer. Your ideal business solution with Petstar.\" \/>\n<meta name=\"robots\" content=\"index, follow, max-snippet:-1, max-image-preview:large, max-video-preview:-1\" \/>\n<link rel=\"canonical\" href=\"https:\/\/petproducts.com.cn\/pt\/produto\/cat-litter-mat-best-cat-litter-trap-mat\/\" \/>\n<meta property=\"og:locale\" content=\"pt_PT\" \/>\n<meta property=\"og:type\" content=\"article\" \/>\n<meta property=\"og:title\" content=\"Cat Litter Mat Factory | Cat Litter Trap Mat Manufacturer - Petstar\" \/>\n<meta property=\"og:description\" content=\"Explore cat litter mat, best cat litter trap mat directly from the manufacturer. Your ideal business solution with Petstar.\" \/>\n<meta property=\"og:url\" content=\"https:\/\/petproducts.com.cn\/pt\/produto\/cat-litter-mat-best-cat-litter-trap-mat\/\" \/>\n<meta property=\"og:site_name\" content=\"Petstar\" \/>\n<meta property=\"article:modified_time\" content=\"2024-05-14T05:34:39+00:00\" \/>\n<meta property=\"og:image\" content=\"https:\/\/petproducts.com.cn\/wp-content\/uploads\/2024\/05\/cat-litter-mat-1.webp\" \/>\n\t<meta property=\"og:image:width\" content=\"1000\" \/>\n\t<meta property=\"og:image:height\" content=\"1000\" \/>\n\t<meta property=\"og:image:type\" content=\"image\/webp\" \/>\n<meta name=\"twitter:card\" content=\"summary_large_image\" \/>\n<meta name=\"twitter:label1\" content=\"Tempo estimado de leitura\" \/>\n\t<meta name=\"twitter:data1\" content=\"2 minutos\" \/>\n<script type=\"application\/ld+json\" class=\"yoast-schema-graph\">{\"@context\":\"https:\/\/schema.org\",\"@graph\":[{\"@type\":\"WebPage\",\"@id\":\"https:\/\/petproducts.com.cn\/product\/cat-litter-mat-best-cat-litter-trap-mat\/\",\"url\":\"https:\/\/petproducts.com.cn\/product\/cat-litter-mat-best-cat-litter-trap-mat\/\",\"name\":\"Cat Litter Mat Factory | Cat Litter Trap Mat Manufacturer - Petstar\",\"isPartOf\":{\"@id\":\"https:\/\/petproducts.com.cn\/#website\"},\"primaryImageOfPage\":{\"@id\":\"https:\/\/petproducts.com.cn\/product\/cat-litter-mat-best-cat-litter-trap-mat\/#primaryimage\"},\"image\":{\"@id\":\"https:\/\/petproducts.com.cn\/product\/cat-litter-mat-best-cat-litter-trap-mat\/#primaryimage\"},\"thumbnailUrl\":\"https:\/\/petproducts.com.cn\/wp-content\/uploads\/2024\/05\/cat-litter-mat-1.webp\",\"datePublished\":\"2024-05-14T03:07:28+00:00\",\"dateModified\":\"2024-05-14T05:34:39+00:00\",\"description\":\"Explore cat litter mat, best cat litter trap mat directly from the manufacturer. Your ideal business solution with Petstar.\",\"breadcrumb\":{\"@id\":\"https:\/\/petproducts.com.cn\/product\/cat-litter-mat-best-cat-litter-trap-mat\/#breadcrumb\"},\"inLanguage\":\"pt-PT\",\"potentialAction\":[{\"@type\":\"ReadAction\",\"target\":[\"https:\/\/petproducts.com.cn\/product\/cat-litter-mat-best-cat-litter-trap-mat\/\"]}]},{\"@type\":\"ImageObject\",\"inLanguage\":\"pt-PT\",\"@id\":\"https:\/\/petproducts.com.cn\/product\/cat-litter-mat-best-cat-litter-trap-mat\/#primaryimage\",\"url\":\"https:\/\/petproducts.com.cn\/wp-content\/uploads\/2024\/05\/cat-litter-mat-1.webp\",\"contentUrl\":\"https:\/\/petproducts.com.cn\/wp-content\/uploads\/2024\/05\/cat-litter-mat-1.webp\",\"width\":1000,\"height\":1000,\"caption\":\"cat litter mat\"},{\"@type\":\"BreadcrumbList\",\"@id\":\"https:\/\/petproducts.com.cn\/product\/cat-litter-mat-best-cat-litter-trap-mat\/#breadcrumb\",\"itemListElement\":[{\"@type\":\"ListItem\",\"position\":1,\"name\":\"HOME\",\"item\":\"https:\/\/petproducts.com.cn\/\"},{\"@type\":\"ListItem\",\"position\":2,\"name\":\"Products\",\"item\":\"https:\/\/petproducts.com.cn\/shop\/\"},{\"@type\":\"ListItem\",\"position\":3,\"name\":\"Cat Litter &amp; Accessories\",\"item\":\"https:\/\/petproducts.com.cn\/product-category\/cat-litter-accessories\/\"},{\"@type\":\"ListItem\",\"position\":4,\"name\":\"Cat Litter Mat Best Cat Litter Trap Mat\"}]},{\"@type\":\"WebSite\",\"@id\":\"https:\/\/petproducts.com.cn\/#website\",\"url\":\"https:\/\/petproducts.com.cn\/\",\"name\":\"Petstar\",\"description\":\"Leading Pet Supplies Manufacturer &amp; OEM Pet Products Supplier\",\"publisher\":{\"@id\":\"https:\/\/petproducts.com.cn\/#organization\"},\"alternateName\":\"Petstar Pet Supplies\",\"potentialAction\":[{\"@type\":\"SearchAction\",\"target\":{\"@type\":\"EntryPoint\",\"urlTemplate\":\"https:\/\/petproducts.com.cn\/?s={search_term_string}\"},\"query-input\":{\"@type\":\"PropertyValueSpecification\",\"valueRequired\":true,\"valueName\":\"search_term_string\"}}],\"inLanguage\":\"pt-PT\"},{\"@type\":\"Organization\",\"@id\":\"https:\/\/petproducts.com.cn\/#organization\",\"name\":\"Petstar\",\"url\":\"https:\/\/petproducts.com.cn\/\",\"logo\":{\"@type\":\"ImageObject\",\"inLanguage\":\"pt-PT\",\"@id\":\"https:\/\/petproducts.com.cn\/#\/schema\/logo\/image\/\",\"url\":\"https:\/\/petproducts.com.cn\/wp-content\/uploads\/2020\/02\/petstar-logo.webp\",\"contentUrl\":\"https:\/\/petproducts.com.cn\/wp-content\/uploads\/2020\/02\/petstar-logo.webp\",\"width\":779,\"height\":520,\"caption\":\"Petstar\"},\"image\":{\"@id\":\"https:\/\/petproducts.com.cn\/#\/schema\/logo\/image\/\"}}]}<\/script>\n<!-- \/ Yoast SEO plugin. -->","yoast_head_json":{"title":"F\u00e1brica de tapetes de areia para gatos | Fabricante de tapetes de areia para gatos - Petstar","description":"Explore o tapete de areia para gatos, o melhor tapete de areia para gatos diretamente do fabricante. A sua solu\u00e7\u00e3o comercial ideal com Petstar.","robots":{"index":"index","follow":"follow","max-snippet":"max-snippet:-1","max-image-preview":"max-image-preview:large","max-video-preview":"max-video-preview:-1"},"canonical":"https:\/\/petproducts.com.cn\/pt\/produto\/cat-litter-mat-best-cat-litter-trap-mat\/","og_locale":"pt_PT","og_type":"article","og_title":"Cat Litter Mat Factory | Cat Litter Trap Mat Manufacturer - Petstar","og_description":"Explore cat litter mat, best cat litter trap mat directly from the manufacturer. Your ideal business solution with Petstar.","og_url":"https:\/\/petproducts.com.cn\/pt\/produto\/cat-litter-mat-best-cat-litter-trap-mat\/","og_site_name":"Petstar","article_modified_time":"2024-05-14T05:34:39+00:00","og_image":[{"width":1000,"height":1000,"url":"https:\/\/petproducts.com.cn\/wp-content\/uploads\/2024\/05\/cat-litter-mat-1.webp","type":"image\/webp"}],"twitter_card":"summary_large_image","twitter_misc":{"Tempo estimado de leitura":"2 minutos"},"schema":{"@context":"https:\/\/schema.org","@graph":[{"@type":"WebPage","@id":"https:\/\/petproducts.com.cn\/product\/cat-litter-mat-best-cat-litter-trap-mat\/","url":"https:\/\/petproducts.com.cn\/product\/cat-litter-mat-best-cat-litter-trap-mat\/","name":"F\u00e1brica de tapetes de areia para gatos | Fabricante de tapetes de areia para gatos - Petstar","isPartOf":{"@id":"https:\/\/petproducts.com.cn\/#website"},"primaryImageOfPage":{"@id":"https:\/\/petproducts.com.cn\/product\/cat-litter-mat-best-cat-litter-trap-mat\/#primaryimage"},"image":{"@id":"https:\/\/petproducts.com.cn\/product\/cat-litter-mat-best-cat-litter-trap-mat\/#primaryimage"},"thumbnailUrl":"https:\/\/petproducts.com.cn\/wp-content\/uploads\/2024\/05\/cat-litter-mat-1.webp","datePublished":"2024-05-14T03:07:28+00:00","dateModified":"2024-05-14T05:34:39+00:00","description":"Explore o tapete de areia para gatos, o melhor tapete de areia para gatos diretamente do fabricante. A sua solu\u00e7\u00e3o comercial ideal com Petstar.","breadcrumb":{"@id":"https:\/\/petproducts.com.cn\/product\/cat-litter-mat-best-cat-litter-trap-mat\/#breadcrumb"},"inLanguage":"pt-PT","potentialAction":[{"@type":"ReadAction","target":["https:\/\/petproducts.com.cn\/product\/cat-litter-mat-best-cat-litter-trap-mat\/"]}]},{"@type":"ImageObject","inLanguage":"pt-PT","@id":"https:\/\/petproducts.com.cn\/product\/cat-litter-mat-best-cat-litter-trap-mat\/#primaryimage","url":"https:\/\/petproducts.com.cn\/wp-content\/uploads\/2024\/05\/cat-litter-mat-1.webp","contentUrl":"https:\/\/petproducts.com.cn\/wp-content\/uploads\/2024\/05\/cat-litter-mat-1.webp","width":1000,"height":1000,"caption":"cat litter mat"},{"@type":"BreadcrumbList","@id":"https:\/\/petproducts.com.cn\/product\/cat-litter-mat-best-cat-litter-trap-mat\/#breadcrumb","itemListElement":[{"@type":"ListItem","position":1,"name":"HOME","item":"https:\/\/petproducts.com.cn\/"},{"@type":"ListItem","position":2,"name":"Products","item":"https:\/\/petproducts.com.cn\/shop\/"},{"@type":"ListItem","position":3,"name":"Cat Litter &amp; Accessories","item":"https:\/\/petproducts.com.cn\/product-category\/cat-litter-accessories\/"},{"@type":"ListItem","position":4,"name":"Cat Litter Mat Best Cat Litter Trap Mat"}]},{"@type":"WebSite","@id":"https:\/\/petproducts.com.cn\/#website","url":"https:\/\/petproducts.com.cn\/","name":"Petstar","description":"Fabricante l\u00edder de artigos para animais de estima\u00e7\u00e3o e fornecedor de produtos OEM para animais de estima\u00e7\u00e3o","publisher":{"@id":"https:\/\/petproducts.com.cn\/#organization"},"alternateName":"Petstar Pet Supplies","potentialAction":[{"@type":"SearchAction","target":{"@type":"EntryPoint","urlTemplate":"https:\/\/petproducts.com.cn\/?s={search_term_string}"},"query-input":{"@type":"PropertyValueSpecification","valueRequired":true,"valueName":"search_term_string"}}],"inLanguage":"pt-PT"},{"@type":"Organization","@id":"https:\/\/petproducts.com.cn\/#organization","name":"Petstar","url":"https:\/\/petproducts.com.cn\/","logo":{"@type":"ImageObject","inLanguage":"pt-PT","@id":"https:\/\/petproducts.com.cn\/#\/schema\/logo\/image\/","url":"https:\/\/petproducts.com.cn\/wp-content\/uploads\/2020\/02\/petstar-logo.webp","contentUrl":"https:\/\/petproducts.com.cn\/wp-content\/uploads\/2020\/02\/petstar-logo.webp","width":779,"height":520,"caption":"Petstar"},"image":{"@id":"https:\/\/petproducts.com.cn\/#\/schema\/logo\/image\/"}}]}},"_links":{"self":[{"href":"https:\/\/petproducts.com.cn\/pt\/wp-json\/wp\/v2\/product\/23494","targetHints":{"allow":["GET"]}}],"collection":[{"href":"https:\/\/petproducts.com.cn\/pt\/wp-json\/wp\/v2\/product"}],"about":[{"href":"https:\/\/petproducts.com.cn\/pt\/wp-json\/wp\/v2\/types\/product"}],"version-history":[{"count":2,"href":"https:\/\/petproducts.com.cn\/pt\/wp-json\/wp\/v2\/product\/23494\/revisions"}],"predecessor-version":[{"id":23496,"href":"https:\/\/petproducts.com.cn\/pt\/wp-json\/wp\/v2\/product\/23494\/revisions\/23496"}],"wp:featuredmedia":[{"embeddable":true,"href":"https:\/\/petproducts.com.cn\/pt\/wp-json\/wp\/v2\/media\/23500"}],"wp:attachment":[{"href":"https:\/\/petproducts.com.cn\/pt\/wp-json\/wp\/v2\/media?parent=23494"}],"wp:term":[{"taxonomy":"product_brand","embeddable":true,"href":"https:\/\/petproducts.com.cn\/pt\/wp-json\/wp\/v2\/product_brand?post=23494"},{"taxonomy":"product_cat","embeddable":true,"href":"https:\/\/petproducts.com.cn\/pt\/wp-json\/wp\/v2\/product_cat?post=23494"},{"taxonomy":"product_tag","embeddable":true,"href":"https:\/\/petproducts.com.cn\/pt\/wp-json\/wp\/v2\/product_tag?post=23494"}],"curies":[{"name":"wp","href":"https:\/\/api.w.org\/{rel}","templated":true}]}}