{"id":23503,"date":"2024-05-14T05:18:26","date_gmt":"2024-05-14T05:18:26","guid":{"rendered":"https:\/\/petproducts.com.cn\/?post_type=product&#038;p=23503"},"modified":"2024-05-14T05:33:41","modified_gmt":"2024-05-14T05:33:41","slug":"cat-litter-box-mat-double-layer-cat-litter-pad","status":"publish","type":"product","link":"https:\/\/petproducts.com.cn\/pt\/product\/cat-litter-box-mat-double-layer-cat-litter-pad\/","title":{"rendered":"Tapete para caixa de areia para gatos de camada dupla"},"content":{"rendered":"<h2><strong>Carater\u00edsticas do tapete para caixa de areia para gatos<\/strong><\/h2>\n<p><strong>1. Tapete de areia para gatos em EVA de camada dupla<\/strong> O nosso tapete para caixa de areia para gatos apresenta um design de camada dupla fabricado em material EVA duradouro. Esta constru\u00e7\u00e3o garante longevidade e durabilidade, proporcionando uma solu\u00e7\u00e3o eficaz para reter o lixo e manter o ch\u00e3o limpo. Com este tapete de areia para gatos de camada dupla, pode conter eficazmente a sujidade da areia e manter um ambiente higi\u00e9nico.<\/p>\n<p><strong>2. Grelha em favo de mel com orif\u00edcios espa\u00e7osos<\/strong> Com um padr\u00e3o de grelha em favo de mel com orif\u00edcios espa\u00e7osos, o nosso tapete de areia para gatos ret\u00e9m eficazmente a areia quando o seu gato sai da caixa de areia. O design inovador evita a dispers\u00e3o da areia, minimizando a necessidade de varrer e aspirar constantemente. Com esta almofada para a caixa de areia para gatos, pode dizer adeus ao rasto de areia por toda a casa.<\/p>\n<p><strong>3. Destac\u00e1vel para uma limpeza f\u00e1cil<\/strong> O nosso tapete de areia para gatos foi concebido para ser pr\u00e1tico, com uma carater\u00edstica destac\u00e1vel que simplifica a limpeza. Pode separar facilmente as camadas para sacudir o lixo preso ou enxaguar bem o tapete. Este processo de limpeza sem esfor\u00e7o garante que a manuten\u00e7\u00e3o de uma \u00e1rea de areia arrumada n\u00e3o \u00e9 um inc\u00f3modo.<\/p>\n<p><strong>4. Imperme\u00e1vel e de manuten\u00e7\u00e3o simples<\/strong> Fabricado em material EVA \u00e0 prova de \u00e1gua, o nosso tapete de areia para gatos \u00e9 resistente \u00e0 humidade e a derrames. Isto torna a limpeza f\u00e1cil - pode simplesmente limpar o tapete com um pano h\u00famido ou pass\u00e1-lo por \u00e1gua corrente para remover qualquer lixo ou detritos presos. Com este tapete de areia para gatos, manter o ch\u00e3o limpo e seco \u00e9 muito f\u00e1cil.<\/p>","protected":false},"excerpt":{"rendered":"<p>N\u00f3s somos um fabricante de acess\u00f3rios para areia para gatos com mais de 20 anos de experi\u00eancia. Oferecemos op\u00e7\u00f5es de personaliza\u00e7\u00e3o para cor, tamanho, tecido, padr\u00e3o, log\u00f3tipo e outras caracter\u00edsticas.<\/p>","protected":false},"featured_media":23512,"template":"","meta":{"_acf_changed":false},"product_brand":[],"product_cat":[138,71],"product_tag":[141],"class_list":{"0":"post-23503","1":"product","2":"type-product","3":"status-publish","4":"has-post-thumbnail","6":"product_cat-cat-litter-accessories","7":"product_cat-cat-supplies","8":"product_tag-cat-litter-accessories","10":"first","11":"instock","12":"shipping-taxable","13":"product-type-simple"},"acf":[],"yoast_head":"<!-- This site is optimized with the Yoast SEO plugin v27.1.1 - https:\/\/yoast.com\/product\/yoast-seo-wordpress\/ -->\n<title>Cat Litter Box Mat Factory | Cat Litter Pad Manufacturer - Petstar<\/title>\n<meta name=\"description\" content=\"Explore cat litter box mat, cat litter mat double layer, cat litter pad directly from the manufacturer. Your ideal business solution with Petstar.\" \/>\n<meta name=\"robots\" content=\"index, follow, max-snippet:-1, max-image-preview:large, max-video-preview:-1\" \/>\n<link rel=\"canonical\" href=\"https:\/\/petproducts.com.cn\/pt\/produto\/cat-litter-box-mat-double-layer-cat-litter-pad\/\" \/>\n<meta property=\"og:locale\" content=\"pt_PT\" \/>\n<meta property=\"og:type\" content=\"article\" \/>\n<meta property=\"og:title\" content=\"Cat Litter Box Mat Factory | Cat Litter Pad Manufacturer - Petstar\" \/>\n<meta property=\"og:description\" content=\"Explore cat litter box mat, cat litter mat double layer, cat litter pad directly from the manufacturer. Your ideal business solution with Petstar.\" \/>\n<meta property=\"og:url\" content=\"https:\/\/petproducts.com.cn\/pt\/produto\/cat-litter-box-mat-double-layer-cat-litter-pad\/\" \/>\n<meta property=\"og:site_name\" content=\"Petstar\" \/>\n<meta property=\"article:modified_time\" content=\"2024-05-14T05:33:41+00:00\" \/>\n<meta property=\"og:image\" content=\"https:\/\/petproducts.com.cn\/wp-content\/uploads\/2024\/05\/Cat-Litter-Box-Mat.webp\" \/>\n\t<meta property=\"og:image:width\" content=\"1000\" \/>\n\t<meta property=\"og:image:height\" content=\"1000\" \/>\n\t<meta property=\"og:image:type\" content=\"image\/webp\" \/>\n<meta name=\"twitter:card\" content=\"summary_large_image\" \/>\n<meta name=\"twitter:label1\" content=\"Tempo estimado de leitura\" \/>\n\t<meta name=\"twitter:data1\" content=\"2 minutos\" \/>\n<script type=\"application\/ld+json\" class=\"yoast-schema-graph\">{\"@context\":\"https:\/\/schema.org\",\"@graph\":[{\"@type\":\"WebPage\",\"@id\":\"https:\/\/petproducts.com.cn\/product\/cat-litter-box-mat-double-layer-cat-litter-pad\/\",\"url\":\"https:\/\/petproducts.com.cn\/product\/cat-litter-box-mat-double-layer-cat-litter-pad\/\",\"name\":\"Cat Litter Box Mat Factory | Cat Litter Pad Manufacturer - Petstar\",\"isPartOf\":{\"@id\":\"https:\/\/petproducts.com.cn\/#website\"},\"primaryImageOfPage\":{\"@id\":\"https:\/\/petproducts.com.cn\/product\/cat-litter-box-mat-double-layer-cat-litter-pad\/#primaryimage\"},\"image\":{\"@id\":\"https:\/\/petproducts.com.cn\/product\/cat-litter-box-mat-double-layer-cat-litter-pad\/#primaryimage\"},\"thumbnailUrl\":\"https:\/\/petproducts.com.cn\/wp-content\/uploads\/2024\/05\/Cat-Litter-Box-Mat.webp\",\"datePublished\":\"2024-05-14T05:18:26+00:00\",\"dateModified\":\"2024-05-14T05:33:41+00:00\",\"description\":\"Explore cat litter box mat, cat litter mat double layer, cat litter pad directly from the manufacturer. Your ideal business solution with Petstar.\",\"breadcrumb\":{\"@id\":\"https:\/\/petproducts.com.cn\/product\/cat-litter-box-mat-double-layer-cat-litter-pad\/#breadcrumb\"},\"inLanguage\":\"pt-PT\",\"potentialAction\":[{\"@type\":\"ReadAction\",\"target\":[\"https:\/\/petproducts.com.cn\/product\/cat-litter-box-mat-double-layer-cat-litter-pad\/\"]}]},{\"@type\":\"ImageObject\",\"inLanguage\":\"pt-PT\",\"@id\":\"https:\/\/petproducts.com.cn\/product\/cat-litter-box-mat-double-layer-cat-litter-pad\/#primaryimage\",\"url\":\"https:\/\/petproducts.com.cn\/wp-content\/uploads\/2024\/05\/Cat-Litter-Box-Mat.webp\",\"contentUrl\":\"https:\/\/petproducts.com.cn\/wp-content\/uploads\/2024\/05\/Cat-Litter-Box-Mat.webp\",\"width\":1000,\"height\":1000,\"caption\":\"Cat Litter Box Mat\"},{\"@type\":\"BreadcrumbList\",\"@id\":\"https:\/\/petproducts.com.cn\/product\/cat-litter-box-mat-double-layer-cat-litter-pad\/#breadcrumb\",\"itemListElement\":[{\"@type\":\"ListItem\",\"position\":1,\"name\":\"HOME\",\"item\":\"https:\/\/petproducts.com.cn\/\"},{\"@type\":\"ListItem\",\"position\":2,\"name\":\"Products\",\"item\":\"https:\/\/petproducts.com.cn\/shop\/\"},{\"@type\":\"ListItem\",\"position\":3,\"name\":\"Cat Litter &amp; Accessories\",\"item\":\"https:\/\/petproducts.com.cn\/product-category\/cat-litter-accessories\/\"},{\"@type\":\"ListItem\",\"position\":4,\"name\":\"Cat Litter Box Mat Double Layer Cat Litter Pad\"}]},{\"@type\":\"WebSite\",\"@id\":\"https:\/\/petproducts.com.cn\/#website\",\"url\":\"https:\/\/petproducts.com.cn\/\",\"name\":\"Petstar\",\"description\":\"Leading Pet Supplies Manufacturer &amp; OEM Pet Products Supplier\",\"publisher\":{\"@id\":\"https:\/\/petproducts.com.cn\/#organization\"},\"alternateName\":\"Petstar Pet Supplies\",\"potentialAction\":[{\"@type\":\"SearchAction\",\"target\":{\"@type\":\"EntryPoint\",\"urlTemplate\":\"https:\/\/petproducts.com.cn\/?s={search_term_string}\"},\"query-input\":{\"@type\":\"PropertyValueSpecification\",\"valueRequired\":true,\"valueName\":\"search_term_string\"}}],\"inLanguage\":\"pt-PT\"},{\"@type\":\"Organization\",\"@id\":\"https:\/\/petproducts.com.cn\/#organization\",\"name\":\"Petstar\",\"url\":\"https:\/\/petproducts.com.cn\/\",\"logo\":{\"@type\":\"ImageObject\",\"inLanguage\":\"pt-PT\",\"@id\":\"https:\/\/petproducts.com.cn\/#\/schema\/logo\/image\/\",\"url\":\"https:\/\/petproducts.com.cn\/wp-content\/uploads\/2020\/02\/petstar-logo.webp\",\"contentUrl\":\"https:\/\/petproducts.com.cn\/wp-content\/uploads\/2020\/02\/petstar-logo.webp\",\"width\":779,\"height\":520,\"caption\":\"Petstar\"},\"image\":{\"@id\":\"https:\/\/petproducts.com.cn\/#\/schema\/logo\/image\/\"}}]}<\/script>\n<!-- \/ Yoast SEO plugin. -->","yoast_head_json":{"title":"F\u00e1brica de tapetes para caixas de areia para gatos | Fabricante de tapetes para caixas de areia para gatos - Petstar","description":"Explore o tapete da caixa de areia para gatos, o tapete de areia para gatos de camada dupla e a almofada de areia para gatos diretamente do fabricante. Sua solu\u00e7\u00e3o de neg\u00f3cios ideal com Petstar.","robots":{"index":"index","follow":"follow","max-snippet":"max-snippet:-1","max-image-preview":"max-image-preview:large","max-video-preview":"max-video-preview:-1"},"canonical":"https:\/\/petproducts.com.cn\/pt\/produto\/cat-litter-box-mat-double-layer-cat-litter-pad\/","og_locale":"pt_PT","og_type":"article","og_title":"Cat Litter Box Mat Factory | Cat Litter Pad Manufacturer - Petstar","og_description":"Explore cat litter box mat, cat litter mat double layer, cat litter pad directly from the manufacturer. Your ideal business solution with Petstar.","og_url":"https:\/\/petproducts.com.cn\/pt\/produto\/cat-litter-box-mat-double-layer-cat-litter-pad\/","og_site_name":"Petstar","article_modified_time":"2024-05-14T05:33:41+00:00","og_image":[{"width":1000,"height":1000,"url":"https:\/\/petproducts.com.cn\/wp-content\/uploads\/2024\/05\/Cat-Litter-Box-Mat.webp","type":"image\/webp"}],"twitter_card":"summary_large_image","twitter_misc":{"Tempo estimado de leitura":"2 minutos"},"schema":{"@context":"https:\/\/schema.org","@graph":[{"@type":"WebPage","@id":"https:\/\/petproducts.com.cn\/product\/cat-litter-box-mat-double-layer-cat-litter-pad\/","url":"https:\/\/petproducts.com.cn\/product\/cat-litter-box-mat-double-layer-cat-litter-pad\/","name":"F\u00e1brica de tapetes para caixas de areia para gatos | Fabricante de tapetes para caixas de areia para gatos - Petstar","isPartOf":{"@id":"https:\/\/petproducts.com.cn\/#website"},"primaryImageOfPage":{"@id":"https:\/\/petproducts.com.cn\/product\/cat-litter-box-mat-double-layer-cat-litter-pad\/#primaryimage"},"image":{"@id":"https:\/\/petproducts.com.cn\/product\/cat-litter-box-mat-double-layer-cat-litter-pad\/#primaryimage"},"thumbnailUrl":"https:\/\/petproducts.com.cn\/wp-content\/uploads\/2024\/05\/Cat-Litter-Box-Mat.webp","datePublished":"2024-05-14T05:18:26+00:00","dateModified":"2024-05-14T05:33:41+00:00","description":"Explore o tapete da caixa de areia para gatos, o tapete de areia para gatos de camada dupla e a almofada de areia para gatos diretamente do fabricante. Sua solu\u00e7\u00e3o de neg\u00f3cios ideal com Petstar.","breadcrumb":{"@id":"https:\/\/petproducts.com.cn\/product\/cat-litter-box-mat-double-layer-cat-litter-pad\/#breadcrumb"},"inLanguage":"pt-PT","potentialAction":[{"@type":"ReadAction","target":["https:\/\/petproducts.com.cn\/product\/cat-litter-box-mat-double-layer-cat-litter-pad\/"]}]},{"@type":"ImageObject","inLanguage":"pt-PT","@id":"https:\/\/petproducts.com.cn\/product\/cat-litter-box-mat-double-layer-cat-litter-pad\/#primaryimage","url":"https:\/\/petproducts.com.cn\/wp-content\/uploads\/2024\/05\/Cat-Litter-Box-Mat.webp","contentUrl":"https:\/\/petproducts.com.cn\/wp-content\/uploads\/2024\/05\/Cat-Litter-Box-Mat.webp","width":1000,"height":1000,"caption":"Cat Litter Box Mat"},{"@type":"BreadcrumbList","@id":"https:\/\/petproducts.com.cn\/product\/cat-litter-box-mat-double-layer-cat-litter-pad\/#breadcrumb","itemListElement":[{"@type":"ListItem","position":1,"name":"HOME","item":"https:\/\/petproducts.com.cn\/"},{"@type":"ListItem","position":2,"name":"Products","item":"https:\/\/petproducts.com.cn\/shop\/"},{"@type":"ListItem","position":3,"name":"Cat Litter &amp; Accessories","item":"https:\/\/petproducts.com.cn\/product-category\/cat-litter-accessories\/"},{"@type":"ListItem","position":4,"name":"Cat Litter Box Mat Double Layer Cat Litter Pad"}]},{"@type":"WebSite","@id":"https:\/\/petproducts.com.cn\/#website","url":"https:\/\/petproducts.com.cn\/","name":"Petstar","description":"Fabricante l\u00edder de artigos para animais de estima\u00e7\u00e3o e fornecedor de produtos OEM para animais de estima\u00e7\u00e3o","publisher":{"@id":"https:\/\/petproducts.com.cn\/#organization"},"alternateName":"Petstar Pet Supplies","potentialAction":[{"@type":"SearchAction","target":{"@type":"EntryPoint","urlTemplate":"https:\/\/petproducts.com.cn\/?s={search_term_string}"},"query-input":{"@type":"PropertyValueSpecification","valueRequired":true,"valueName":"search_term_string"}}],"inLanguage":"pt-PT"},{"@type":"Organization","@id":"https:\/\/petproducts.com.cn\/#organization","name":"Petstar","url":"https:\/\/petproducts.com.cn\/","logo":{"@type":"ImageObject","inLanguage":"pt-PT","@id":"https:\/\/petproducts.com.cn\/#\/schema\/logo\/image\/","url":"https:\/\/petproducts.com.cn\/wp-content\/uploads\/2020\/02\/petstar-logo.webp","contentUrl":"https:\/\/petproducts.com.cn\/wp-content\/uploads\/2020\/02\/petstar-logo.webp","width":779,"height":520,"caption":"Petstar"},"image":{"@id":"https:\/\/petproducts.com.cn\/#\/schema\/logo\/image\/"}}]}},"_links":{"self":[{"href":"https:\/\/petproducts.com.cn\/pt\/wp-json\/wp\/v2\/product\/23503","targetHints":{"allow":["GET"]}}],"collection":[{"href":"https:\/\/petproducts.com.cn\/pt\/wp-json\/wp\/v2\/product"}],"about":[{"href":"https:\/\/petproducts.com.cn\/pt\/wp-json\/wp\/v2\/types\/product"}],"version-history":[{"count":2,"href":"https:\/\/petproducts.com.cn\/pt\/wp-json\/wp\/v2\/product\/23503\/revisions"}],"predecessor-version":[{"id":23517,"href":"https:\/\/petproducts.com.cn\/pt\/wp-json\/wp\/v2\/product\/23503\/revisions\/23517"}],"wp:featuredmedia":[{"embeddable":true,"href":"https:\/\/petproducts.com.cn\/pt\/wp-json\/wp\/v2\/media\/23512"}],"wp:attachment":[{"href":"https:\/\/petproducts.com.cn\/pt\/wp-json\/wp\/v2\/media?parent=23503"}],"wp:term":[{"taxonomy":"product_brand","embeddable":true,"href":"https:\/\/petproducts.com.cn\/pt\/wp-json\/wp\/v2\/product_brand?post=23503"},{"taxonomy":"product_cat","embeddable":true,"href":"https:\/\/petproducts.com.cn\/pt\/wp-json\/wp\/v2\/product_cat?post=23503"},{"taxonomy":"product_tag","embeddable":true,"href":"https:\/\/petproducts.com.cn\/pt\/wp-json\/wp\/v2\/product_tag?post=23503"}],"curies":[{"name":"wp","href":"https:\/\/api.w.org\/{rel}","templated":true}]}}