{"id":23573,"date":"2024-05-15T01:42:00","date_gmt":"2024-05-15T01:42:00","guid":{"rendered":"https:\/\/petproducts.com.cn\/?post_type=product&#038;p=23573"},"modified":"2024-05-15T02:13:17","modified_gmt":"2024-05-15T02:13:17","slug":"litter-box-pad-cat-litter-tray-mat","status":"publish","type":"product","link":"https:\/\/petproducts.com.cn\/pt\/product\/litter-box-pad-cat-litter-tray-mat\/","title":{"rendered":"Tapete para caixa de areia para gatos"},"content":{"rendered":"<h2><strong>Carater\u00edsticas da almofada para caixa de areia<\/strong><\/h2>\n<p><strong>1. Tapete de areia para gatos em EVA de camada dupla<\/strong> O nosso tapete para caixa de areia tem um design de camada dupla feito de material EVA dur\u00e1vel, proporcionando uma durabilidade e efic\u00e1cia excepcionais na reten\u00e7\u00e3o da areia. Com a sua constru\u00e7\u00e3o robusta, este tapete para caixa de areia para gatos oferece uma solu\u00e7\u00e3o fi\u00e1vel para manter o ch\u00e3o limpo e arrumado.<\/p>\n<p><strong>2. Grelha em favo de mel com orif\u00edcios espa\u00e7osos<\/strong> Com um padr\u00e3o de grelha em favo de mel com orif\u00edcios espa\u00e7osos, o nosso tapete de areia para gatos ret\u00e9m eficazmente a areia quando o seu gato sai da caixa de areia. Este design inovador minimiza a dispers\u00e3o da areia, reduzindo a necessidade de varrer e aspirar frequentemente. Com este tapete para caixas de areia, pode dizer adeus ao rasto de areia por toda a casa.<\/p>\n<p><strong>3. Destac\u00e1vel para uma limpeza f\u00e1cil<\/strong> Para maior comodidade, o nosso tapete para o tabuleiro de areia para gatos foi concebido para ser destac\u00e1vel, tornando a limpeza muito f\u00e1cil. Basta separar as camadas para sacudir o lixo preso ou passar o tapete por \u00e1gua corrente para uma limpeza completa. Este processo de limpeza sem esfor\u00e7o garante que a manuten\u00e7\u00e3o de uma \u00e1rea de areia higi\u00e9nica \u00e9 simples e direta.<\/p>\n<p><strong>4. Imperme\u00e1vel e de f\u00e1cil manuten\u00e7\u00e3o<\/strong> Fabricado em material EVA \u00e0 prova de \u00e1gua, o nosso tapete de areia para gatos \u00e9 resistente \u00e0 humidade e aos derrames, o que facilita a sua manuten\u00e7\u00e3o. Pode limpar facilmente o tapete com um pano h\u00famido ou pass\u00e1-lo por \u00e1gua para remover qualquer lixo ou detritos presos. Com este tapete de areia para gatos, manter o ch\u00e3o limpo e seco nunca foi t\u00e3o f\u00e1cil.<\/p>","protected":false},"excerpt":{"rendered":"<p>N\u00f3s somos um fabricante de acess\u00f3rios para areia para gatos com mais de 20 anos de experi\u00eancia. Oferecemos op\u00e7\u00f5es de personaliza\u00e7\u00e3o para cor, tamanho, tecido, padr\u00e3o, log\u00f3tipo e outras caracter\u00edsticas.<\/p>","protected":false},"featured_media":23582,"template":"","meta":{"_acf_changed":false},"product_brand":[],"product_cat":[138,71],"product_tag":[141],"class_list":{"0":"post-23573","1":"product","2":"type-product","3":"status-publish","4":"has-post-thumbnail","6":"product_cat-cat-litter-accessories","7":"product_cat-cat-supplies","8":"product_tag-cat-litter-accessories","10":"first","11":"instock","12":"shipping-taxable","13":"product-type-simple"},"acf":[],"yoast_head":"<!-- This site is optimized with the Yoast SEO plugin v27.1.1 - https:\/\/yoast.com\/product\/yoast-seo-wordpress\/ -->\n<title>Litter Box Pad Factory | Cat Litter Tray Mat Manufacturer - Petstar<\/title>\n<meta name=\"description\" content=\"Explore litter box pad, cat litter tray mat, litter box mat directly from the manufacturer. Your ideal business solution with Petstar.\" \/>\n<meta name=\"robots\" content=\"index, follow, max-snippet:-1, max-image-preview:large, max-video-preview:-1\" \/>\n<link rel=\"canonical\" href=\"https:\/\/petproducts.com.cn\/pt\/produto\/litter-box-pad-cat-litter-tray-mat\/\" \/>\n<meta property=\"og:locale\" content=\"pt_PT\" \/>\n<meta property=\"og:type\" content=\"article\" \/>\n<meta property=\"og:title\" content=\"Litter Box Pad Factory | Cat Litter Tray Mat Manufacturer - Petstar\" \/>\n<meta property=\"og:description\" content=\"Explore litter box pad, cat litter tray mat, litter box mat directly from the manufacturer. Your ideal business solution with Petstar.\" \/>\n<meta property=\"og:url\" content=\"https:\/\/petproducts.com.cn\/pt\/produto\/litter-box-pad-cat-litter-tray-mat\/\" \/>\n<meta property=\"og:site_name\" content=\"Petstar\" \/>\n<meta property=\"article:modified_time\" content=\"2024-05-15T02:13:17+00:00\" \/>\n<meta property=\"og:image\" content=\"https:\/\/petproducts.com.cn\/wp-content\/uploads\/2024\/05\/litter-box-pad.webp\" \/>\n\t<meta property=\"og:image:width\" content=\"1000\" \/>\n\t<meta property=\"og:image:height\" content=\"1000\" \/>\n\t<meta property=\"og:image:type\" content=\"image\/webp\" \/>\n<meta name=\"twitter:card\" content=\"summary_large_image\" \/>\n<meta name=\"twitter:label1\" content=\"Tempo estimado de leitura\" \/>\n\t<meta name=\"twitter:data1\" content=\"2 minutos\" \/>\n<script type=\"application\/ld+json\" class=\"yoast-schema-graph\">{\"@context\":\"https:\/\/schema.org\",\"@graph\":[{\"@type\":\"WebPage\",\"@id\":\"https:\/\/petproducts.com.cn\/product\/litter-box-pad-cat-litter-tray-mat\/\",\"url\":\"https:\/\/petproducts.com.cn\/product\/litter-box-pad-cat-litter-tray-mat\/\",\"name\":\"Litter Box Pad Factory | Cat Litter Tray Mat Manufacturer - Petstar\",\"isPartOf\":{\"@id\":\"https:\/\/petproducts.com.cn\/#website\"},\"primaryImageOfPage\":{\"@id\":\"https:\/\/petproducts.com.cn\/product\/litter-box-pad-cat-litter-tray-mat\/#primaryimage\"},\"image\":{\"@id\":\"https:\/\/petproducts.com.cn\/product\/litter-box-pad-cat-litter-tray-mat\/#primaryimage\"},\"thumbnailUrl\":\"https:\/\/petproducts.com.cn\/wp-content\/uploads\/2024\/05\/litter-box-pad.webp\",\"datePublished\":\"2024-05-15T01:42:00+00:00\",\"dateModified\":\"2024-05-15T02:13:17+00:00\",\"description\":\"Explore litter box pad, cat litter tray mat, litter box mat directly from the manufacturer. Your ideal business solution with Petstar.\",\"breadcrumb\":{\"@id\":\"https:\/\/petproducts.com.cn\/product\/litter-box-pad-cat-litter-tray-mat\/#breadcrumb\"},\"inLanguage\":\"pt-PT\",\"potentialAction\":[{\"@type\":\"ReadAction\",\"target\":[\"https:\/\/petproducts.com.cn\/product\/litter-box-pad-cat-litter-tray-mat\/\"]}]},{\"@type\":\"ImageObject\",\"inLanguage\":\"pt-PT\",\"@id\":\"https:\/\/petproducts.com.cn\/product\/litter-box-pad-cat-litter-tray-mat\/#primaryimage\",\"url\":\"https:\/\/petproducts.com.cn\/wp-content\/uploads\/2024\/05\/litter-box-pad.webp\",\"contentUrl\":\"https:\/\/petproducts.com.cn\/wp-content\/uploads\/2024\/05\/litter-box-pad.webp\",\"width\":1000,\"height\":1000,\"caption\":\"litter box pad\"},{\"@type\":\"BreadcrumbList\",\"@id\":\"https:\/\/petproducts.com.cn\/product\/litter-box-pad-cat-litter-tray-mat\/#breadcrumb\",\"itemListElement\":[{\"@type\":\"ListItem\",\"position\":1,\"name\":\"HOME\",\"item\":\"https:\/\/petproducts.com.cn\/\"},{\"@type\":\"ListItem\",\"position\":2,\"name\":\"Products\",\"item\":\"https:\/\/petproducts.com.cn\/shop\/\"},{\"@type\":\"ListItem\",\"position\":3,\"name\":\"Cat Litter &amp; Accessories\",\"item\":\"https:\/\/petproducts.com.cn\/product-category\/cat-litter-accessories\/\"},{\"@type\":\"ListItem\",\"position\":4,\"name\":\"Litter Box Pad Cat Litter Tray Mat\"}]},{\"@type\":\"WebSite\",\"@id\":\"https:\/\/petproducts.com.cn\/#website\",\"url\":\"https:\/\/petproducts.com.cn\/\",\"name\":\"Petstar\",\"description\":\"Leading Pet Supplies Manufacturer &amp; OEM Pet Products Supplier\",\"publisher\":{\"@id\":\"https:\/\/petproducts.com.cn\/#organization\"},\"alternateName\":\"Petstar Pet Supplies\",\"potentialAction\":[{\"@type\":\"SearchAction\",\"target\":{\"@type\":\"EntryPoint\",\"urlTemplate\":\"https:\/\/petproducts.com.cn\/?s={search_term_string}\"},\"query-input\":{\"@type\":\"PropertyValueSpecification\",\"valueRequired\":true,\"valueName\":\"search_term_string\"}}],\"inLanguage\":\"pt-PT\"},{\"@type\":\"Organization\",\"@id\":\"https:\/\/petproducts.com.cn\/#organization\",\"name\":\"Petstar\",\"url\":\"https:\/\/petproducts.com.cn\/\",\"logo\":{\"@type\":\"ImageObject\",\"inLanguage\":\"pt-PT\",\"@id\":\"https:\/\/petproducts.com.cn\/#\/schema\/logo\/image\/\",\"url\":\"https:\/\/petproducts.com.cn\/wp-content\/uploads\/2020\/02\/petstar-logo.webp\",\"contentUrl\":\"https:\/\/petproducts.com.cn\/wp-content\/uploads\/2020\/02\/petstar-logo.webp\",\"width\":779,\"height\":520,\"caption\":\"Petstar\"},\"image\":{\"@id\":\"https:\/\/petproducts.com.cn\/#\/schema\/logo\/image\/\"}}]}<\/script>\n<!-- \/ Yoast SEO plugin. -->","yoast_head_json":{"title":"F\u00e1brica de almofadas para caixas de areia | Fabricante de tapetes para caixas de areia para gatos - Petstar","description":"Explore o tapete para caixa de areia, tapete para caixa de areia para gatos, tapete para caixa de areia diretamente do fabricante. A sua solu\u00e7\u00e3o comercial ideal com Petstar.","robots":{"index":"index","follow":"follow","max-snippet":"max-snippet:-1","max-image-preview":"max-image-preview:large","max-video-preview":"max-video-preview:-1"},"canonical":"https:\/\/petproducts.com.cn\/pt\/produto\/litter-box-pad-cat-litter-tray-mat\/","og_locale":"pt_PT","og_type":"article","og_title":"Litter Box Pad Factory | Cat Litter Tray Mat Manufacturer - Petstar","og_description":"Explore litter box pad, cat litter tray mat, litter box mat directly from the manufacturer. Your ideal business solution with Petstar.","og_url":"https:\/\/petproducts.com.cn\/pt\/produto\/litter-box-pad-cat-litter-tray-mat\/","og_site_name":"Petstar","article_modified_time":"2024-05-15T02:13:17+00:00","og_image":[{"width":1000,"height":1000,"url":"https:\/\/petproducts.com.cn\/wp-content\/uploads\/2024\/05\/litter-box-pad.webp","type":"image\/webp"}],"twitter_card":"summary_large_image","twitter_misc":{"Tempo estimado de leitura":"2 minutos"},"schema":{"@context":"https:\/\/schema.org","@graph":[{"@type":"WebPage","@id":"https:\/\/petproducts.com.cn\/product\/litter-box-pad-cat-litter-tray-mat\/","url":"https:\/\/petproducts.com.cn\/product\/litter-box-pad-cat-litter-tray-mat\/","name":"F\u00e1brica de almofadas para caixas de areia | Fabricante de tapetes para caixas de areia para gatos - Petstar","isPartOf":{"@id":"https:\/\/petproducts.com.cn\/#website"},"primaryImageOfPage":{"@id":"https:\/\/petproducts.com.cn\/product\/litter-box-pad-cat-litter-tray-mat\/#primaryimage"},"image":{"@id":"https:\/\/petproducts.com.cn\/product\/litter-box-pad-cat-litter-tray-mat\/#primaryimage"},"thumbnailUrl":"https:\/\/petproducts.com.cn\/wp-content\/uploads\/2024\/05\/litter-box-pad.webp","datePublished":"2024-05-15T01:42:00+00:00","dateModified":"2024-05-15T02:13:17+00:00","description":"Explore o tapete para caixa de areia, tapete para caixa de areia para gatos, tapete para caixa de areia diretamente do fabricante. A sua solu\u00e7\u00e3o comercial ideal com Petstar.","breadcrumb":{"@id":"https:\/\/petproducts.com.cn\/product\/litter-box-pad-cat-litter-tray-mat\/#breadcrumb"},"inLanguage":"pt-PT","potentialAction":[{"@type":"ReadAction","target":["https:\/\/petproducts.com.cn\/product\/litter-box-pad-cat-litter-tray-mat\/"]}]},{"@type":"ImageObject","inLanguage":"pt-PT","@id":"https:\/\/petproducts.com.cn\/product\/litter-box-pad-cat-litter-tray-mat\/#primaryimage","url":"https:\/\/petproducts.com.cn\/wp-content\/uploads\/2024\/05\/litter-box-pad.webp","contentUrl":"https:\/\/petproducts.com.cn\/wp-content\/uploads\/2024\/05\/litter-box-pad.webp","width":1000,"height":1000,"caption":"litter box pad"},{"@type":"BreadcrumbList","@id":"https:\/\/petproducts.com.cn\/product\/litter-box-pad-cat-litter-tray-mat\/#breadcrumb","itemListElement":[{"@type":"ListItem","position":1,"name":"HOME","item":"https:\/\/petproducts.com.cn\/"},{"@type":"ListItem","position":2,"name":"Products","item":"https:\/\/petproducts.com.cn\/shop\/"},{"@type":"ListItem","position":3,"name":"Cat Litter &amp; Accessories","item":"https:\/\/petproducts.com.cn\/product-category\/cat-litter-accessories\/"},{"@type":"ListItem","position":4,"name":"Litter Box Pad Cat Litter Tray Mat"}]},{"@type":"WebSite","@id":"https:\/\/petproducts.com.cn\/#website","url":"https:\/\/petproducts.com.cn\/","name":"Petstar","description":"Fabricante l\u00edder de artigos para animais de estima\u00e7\u00e3o e fornecedor de produtos OEM para animais de estima\u00e7\u00e3o","publisher":{"@id":"https:\/\/petproducts.com.cn\/#organization"},"alternateName":"Petstar Pet Supplies","potentialAction":[{"@type":"SearchAction","target":{"@type":"EntryPoint","urlTemplate":"https:\/\/petproducts.com.cn\/?s={search_term_string}"},"query-input":{"@type":"PropertyValueSpecification","valueRequired":true,"valueName":"search_term_string"}}],"inLanguage":"pt-PT"},{"@type":"Organization","@id":"https:\/\/petproducts.com.cn\/#organization","name":"Petstar","url":"https:\/\/petproducts.com.cn\/","logo":{"@type":"ImageObject","inLanguage":"pt-PT","@id":"https:\/\/petproducts.com.cn\/#\/schema\/logo\/image\/","url":"https:\/\/petproducts.com.cn\/wp-content\/uploads\/2020\/02\/petstar-logo.webp","contentUrl":"https:\/\/petproducts.com.cn\/wp-content\/uploads\/2020\/02\/petstar-logo.webp","width":779,"height":520,"caption":"Petstar"},"image":{"@id":"https:\/\/petproducts.com.cn\/#\/schema\/logo\/image\/"}}]}},"_links":{"self":[{"href":"https:\/\/petproducts.com.cn\/pt\/wp-json\/wp\/v2\/product\/23573","targetHints":{"allow":["GET"]}}],"collection":[{"href":"https:\/\/petproducts.com.cn\/pt\/wp-json\/wp\/v2\/product"}],"about":[{"href":"https:\/\/petproducts.com.cn\/pt\/wp-json\/wp\/v2\/types\/product"}],"version-history":[{"count":3,"href":"https:\/\/petproducts.com.cn\/pt\/wp-json\/wp\/v2\/product\/23573\/revisions"}],"predecessor-version":[{"id":23576,"href":"https:\/\/petproducts.com.cn\/pt\/wp-json\/wp\/v2\/product\/23573\/revisions\/23576"}],"wp:featuredmedia":[{"embeddable":true,"href":"https:\/\/petproducts.com.cn\/pt\/wp-json\/wp\/v2\/media\/23582"}],"wp:attachment":[{"href":"https:\/\/petproducts.com.cn\/pt\/wp-json\/wp\/v2\/media?parent=23573"}],"wp:term":[{"taxonomy":"product_brand","embeddable":true,"href":"https:\/\/petproducts.com.cn\/pt\/wp-json\/wp\/v2\/product_brand?post=23573"},{"taxonomy":"product_cat","embeddable":true,"href":"https:\/\/petproducts.com.cn\/pt\/wp-json\/wp\/v2\/product_cat?post=23573"},{"taxonomy":"product_tag","embeddable":true,"href":"https:\/\/petproducts.com.cn\/pt\/wp-json\/wp\/v2\/product_tag?post=23573"}],"curies":[{"name":"wp","href":"https:\/\/api.w.org\/{rel}","templated":true}]}}