{"id":23937,"date":"2024-05-22T03:18:45","date_gmt":"2024-05-22T03:18:45","guid":{"rendered":"https:\/\/petproducts.com.cn\/?post_type=product&#038;p=23937"},"modified":"2024-05-22T07:11:23","modified_gmt":"2024-05-22T07:11:23","slug":"litter-box-cats-good-top-entry-litter-boxes","status":"publish","type":"product","link":"https:\/\/petproducts.com.cn\/pt\/product\/litter-box-cats-good-top-entry-litter-boxes\/","title":{"rendered":"Caixa de areia para gatos com boa entrada superior"},"content":{"rendered":"<h2><strong>Carater\u00edsticas da caixa de areia para gatos<\/strong><\/h2>\n<ul>\n<li><strong>Design fechado para privacidade<\/strong><br \/>\nA Litter Box Cats apresenta um design totalmente fechado, oferecendo ao seu gato a privacidade que ele deseja. Esta estrutura fechada ajuda a conter os odores e proporciona um espa\u00e7o confort\u00e1vel para o seu gato fazer as suas necessidades, garantindo uma experi\u00eancia mais agrad\u00e1vel tanto para o seu animal de estima\u00e7\u00e3o como para a sua casa.<\/li>\n<li><strong>Pontos de entrada duplos para versatilidade<\/strong><br \/>\nEsta boa caixa de areia tem dois pontos de entrada, incluindo uma porta lateral e uma porta de entrada superior. A porta lateral permite um acesso f\u00e1cil aos gatos mais velhos ou menos \u00e1geis, enquanto o design da entrada superior ajuda a reduzir o rasto do lixo e mant\u00e9m a \u00e1rea circundante limpa. Esta versatilidade garante que a caixa de areia se adapta a gatos de todas as idades e capacidades.<\/li>\n<li><strong>Componentes amov\u00edveis para uma limpeza f\u00e1cil<\/strong><br \/>\nEsta caixa de areia de entrada superior foi concebida com componentes amov\u00edveis, tornando a limpeza muito f\u00e1cil. As portas laterais e superior amov\u00edveis permitem um acesso f\u00e1cil a todas as \u00e1reas da caixa de areia, assegurando a sua limpeza e manuten\u00e7\u00e3o com o m\u00ednimo esfor\u00e7o.<\/li>\n<li><strong>Controlo eficaz dos odores<\/strong><br \/>\nO design fechado da Litter Box Cats cont\u00e9m eficazmente os odores, mantendo a sua casa com um cheiro fresco e limpo. O design de entrada superior ajuda ainda mais a reduzir a propaga\u00e7\u00e3o do lixo e a manter a \u00e1rea \u00e0 volta da caixa arrumada. Esta carater\u00edstica assegura um ambiente mais higi\u00e9nico para si e para o seu gato.<\/li>\n<li><strong>Interior espa\u00e7oso para maior conforto<\/strong><br \/>\nCom um interior generoso, esta boa caixa de areia oferece um amplo espa\u00e7o para o seu gato se movimentar confortavelmente. O design espa\u00e7oso permite ao seu gato escavar, cobrir os seus dejectos e sentir-se \u00e0 vontade, promovendo uma utiliza\u00e7\u00e3o consistente da caixa de areia.<\/li>\n<li><strong>Constru\u00e7\u00e3o dur\u00e1vel e de alta qualidade<\/strong><br \/>\nFabricada com materiais de alta qualidade, a Litter Box Cats foi constru\u00edda para durar. Esta constru\u00e7\u00e3o dur\u00e1vel garante que a caixa de areia pode suportar o uso di\u00e1rio e continuar a fornecer uma solu\u00e7\u00e3o fi\u00e1vel para as necessidades sanit\u00e1rias do seu gato.<\/li>\n<\/ul>","protected":false},"excerpt":{"rendered":"<p>N\u00f3s somos um fabricante de acess\u00f3rios para areia para gatos com mais de 20 anos de experi\u00eancia. Oferecemos op\u00e7\u00f5es de personaliza\u00e7\u00e3o para cor, tamanho, tecido, padr\u00e3o, log\u00f3tipo e outras caracter\u00edsticas.<\/p>","protected":false},"featured_media":23956,"template":"","meta":{"_acf_changed":false},"product_brand":[],"product_cat":[138,71],"product_tag":[141],"class_list":{"0":"post-23937","1":"product","2":"type-product","3":"status-publish","4":"has-post-thumbnail","6":"product_cat-cat-litter-accessories","7":"product_cat-cat-supplies","8":"product_tag-cat-litter-accessories","10":"first","11":"instock","12":"shipping-taxable","13":"product-type-simple"},"acf":[],"yoast_head":"<!-- This site is optimized with the Yoast SEO plugin v27.1.1 - https:\/\/yoast.com\/product\/yoast-seo-wordpress\/ -->\n<title>Litter Box Cats Factory | Good Litter Boxes Manufacturer - Petstar<\/title>\n<meta name=\"description\" content=\"Explore litter box cats, good litter boxes, top entry litter box directly from the manufacturer. Your ideal business solution with Petstar.\" \/>\n<meta name=\"robots\" content=\"index, follow, max-snippet:-1, max-image-preview:large, max-video-preview:-1\" \/>\n<link rel=\"canonical\" href=\"https:\/\/petproducts.com.cn\/pt\/produto\/litter-box-cats-good-top-entry-litter-boxes\/\" \/>\n<meta property=\"og:locale\" content=\"pt_PT\" \/>\n<meta property=\"og:type\" content=\"article\" \/>\n<meta property=\"og:title\" content=\"Litter Box Cats Factory | Good Litter Boxes Manufacturer - Petstar\" \/>\n<meta property=\"og:description\" content=\"Explore litter box cats, good litter boxes, top entry litter box directly from the manufacturer. Your ideal business solution with Petstar.\" \/>\n<meta property=\"og:url\" content=\"https:\/\/petproducts.com.cn\/pt\/produto\/litter-box-cats-good-top-entry-litter-boxes\/\" \/>\n<meta property=\"og:site_name\" content=\"Petstar\" \/>\n<meta property=\"article:modified_time\" content=\"2024-05-22T07:11:23+00:00\" \/>\n<meta property=\"og:image\" content=\"https:\/\/petproducts.com.cn\/wp-content\/uploads\/2024\/05\/litter-box-cats.webp\" \/>\n\t<meta property=\"og:image:width\" content=\"1000\" \/>\n\t<meta property=\"og:image:height\" content=\"1000\" \/>\n\t<meta property=\"og:image:type\" content=\"image\/webp\" \/>\n<meta name=\"twitter:card\" content=\"summary_large_image\" \/>\n<meta name=\"twitter:label1\" content=\"Tempo estimado de leitura\" \/>\n\t<meta name=\"twitter:data1\" content=\"2 minutos\" \/>\n<script type=\"application\/ld+json\" class=\"yoast-schema-graph\">{\"@context\":\"https:\/\/schema.org\",\"@graph\":[{\"@type\":\"WebPage\",\"@id\":\"https:\/\/petproducts.com.cn\/product\/litter-box-cats-good-top-entry-litter-boxes\/\",\"url\":\"https:\/\/petproducts.com.cn\/product\/litter-box-cats-good-top-entry-litter-boxes\/\",\"name\":\"Litter Box Cats Factory | Good Litter Boxes Manufacturer - Petstar\",\"isPartOf\":{\"@id\":\"https:\/\/petproducts.com.cn\/#website\"},\"primaryImageOfPage\":{\"@id\":\"https:\/\/petproducts.com.cn\/product\/litter-box-cats-good-top-entry-litter-boxes\/#primaryimage\"},\"image\":{\"@id\":\"https:\/\/petproducts.com.cn\/product\/litter-box-cats-good-top-entry-litter-boxes\/#primaryimage\"},\"thumbnailUrl\":\"https:\/\/petproducts.com.cn\/wp-content\/uploads\/2024\/05\/litter-box-cats.webp\",\"datePublished\":\"2024-05-22T03:18:45+00:00\",\"dateModified\":\"2024-05-22T07:11:23+00:00\",\"description\":\"Explore litter box cats, good litter boxes, top entry litter box directly from the manufacturer. Your ideal business solution with Petstar.\",\"breadcrumb\":{\"@id\":\"https:\/\/petproducts.com.cn\/product\/litter-box-cats-good-top-entry-litter-boxes\/#breadcrumb\"},\"inLanguage\":\"pt-PT\",\"potentialAction\":[{\"@type\":\"ReadAction\",\"target\":[\"https:\/\/petproducts.com.cn\/product\/litter-box-cats-good-top-entry-litter-boxes\/\"]}]},{\"@type\":\"ImageObject\",\"inLanguage\":\"pt-PT\",\"@id\":\"https:\/\/petproducts.com.cn\/product\/litter-box-cats-good-top-entry-litter-boxes\/#primaryimage\",\"url\":\"https:\/\/petproducts.com.cn\/wp-content\/uploads\/2024\/05\/litter-box-cats.webp\",\"contentUrl\":\"https:\/\/petproducts.com.cn\/wp-content\/uploads\/2024\/05\/litter-box-cats.webp\",\"width\":1000,\"height\":1000,\"caption\":\"litter box cats\"},{\"@type\":\"BreadcrumbList\",\"@id\":\"https:\/\/petproducts.com.cn\/product\/litter-box-cats-good-top-entry-litter-boxes\/#breadcrumb\",\"itemListElement\":[{\"@type\":\"ListItem\",\"position\":1,\"name\":\"HOME\",\"item\":\"https:\/\/petproducts.com.cn\/\"},{\"@type\":\"ListItem\",\"position\":2,\"name\":\"Products\",\"item\":\"https:\/\/petproducts.com.cn\/shop\/\"},{\"@type\":\"ListItem\",\"position\":3,\"name\":\"Cat Litter &amp; Accessories\",\"item\":\"https:\/\/petproducts.com.cn\/product-category\/cat-litter-accessories\/\"},{\"@type\":\"ListItem\",\"position\":4,\"name\":\"Litter Box Cats Good Top Entry Litter Boxes\"}]},{\"@type\":\"WebSite\",\"@id\":\"https:\/\/petproducts.com.cn\/#website\",\"url\":\"https:\/\/petproducts.com.cn\/\",\"name\":\"Petstar\",\"description\":\"Leading Pet Supplies Manufacturer &amp; OEM Pet Products Supplier\",\"publisher\":{\"@id\":\"https:\/\/petproducts.com.cn\/#organization\"},\"alternateName\":\"Petstar Pet Supplies\",\"potentialAction\":[{\"@type\":\"SearchAction\",\"target\":{\"@type\":\"EntryPoint\",\"urlTemplate\":\"https:\/\/petproducts.com.cn\/?s={search_term_string}\"},\"query-input\":{\"@type\":\"PropertyValueSpecification\",\"valueRequired\":true,\"valueName\":\"search_term_string\"}}],\"inLanguage\":\"pt-PT\"},{\"@type\":\"Organization\",\"@id\":\"https:\/\/petproducts.com.cn\/#organization\",\"name\":\"Petstar\",\"url\":\"https:\/\/petproducts.com.cn\/\",\"logo\":{\"@type\":\"ImageObject\",\"inLanguage\":\"pt-PT\",\"@id\":\"https:\/\/petproducts.com.cn\/#\/schema\/logo\/image\/\",\"url\":\"https:\/\/petproducts.com.cn\/wp-content\/uploads\/2020\/02\/petstar-logo.webp\",\"contentUrl\":\"https:\/\/petproducts.com.cn\/wp-content\/uploads\/2020\/02\/petstar-logo.webp\",\"width\":779,\"height\":520,\"caption\":\"Petstar\"},\"image\":{\"@id\":\"https:\/\/petproducts.com.cn\/#\/schema\/logo\/image\/\"}}]}<\/script>\n<!-- \/ Yoast SEO plugin. -->","yoast_head_json":{"title":"F\u00e1brica de caixas de areia para gatos | Fabricante de boas caixas de areia - Petstar","description":"Descubra a caixa de areia para gatos, caixas de areia boas, caixa de areia de entrada superior diretamente do fabricante. A sua solu\u00e7\u00e3o comercial ideal com o Petstar.","robots":{"index":"index","follow":"follow","max-snippet":"max-snippet:-1","max-image-preview":"max-image-preview:large","max-video-preview":"max-video-preview:-1"},"canonical":"https:\/\/petproducts.com.cn\/pt\/produto\/litter-box-cats-good-top-entry-litter-boxes\/","og_locale":"pt_PT","og_type":"article","og_title":"Litter Box Cats Factory | Good Litter Boxes Manufacturer - Petstar","og_description":"Explore litter box cats, good litter boxes, top entry litter box directly from the manufacturer. Your ideal business solution with Petstar.","og_url":"https:\/\/petproducts.com.cn\/pt\/produto\/litter-box-cats-good-top-entry-litter-boxes\/","og_site_name":"Petstar","article_modified_time":"2024-05-22T07:11:23+00:00","og_image":[{"width":1000,"height":1000,"url":"https:\/\/petproducts.com.cn\/wp-content\/uploads\/2024\/05\/litter-box-cats.webp","type":"image\/webp"}],"twitter_card":"summary_large_image","twitter_misc":{"Tempo estimado de leitura":"2 minutos"},"schema":{"@context":"https:\/\/schema.org","@graph":[{"@type":"WebPage","@id":"https:\/\/petproducts.com.cn\/product\/litter-box-cats-good-top-entry-litter-boxes\/","url":"https:\/\/petproducts.com.cn\/product\/litter-box-cats-good-top-entry-litter-boxes\/","name":"F\u00e1brica de caixas de areia para gatos | Fabricante de boas caixas de areia - Petstar","isPartOf":{"@id":"https:\/\/petproducts.com.cn\/#website"},"primaryImageOfPage":{"@id":"https:\/\/petproducts.com.cn\/product\/litter-box-cats-good-top-entry-litter-boxes\/#primaryimage"},"image":{"@id":"https:\/\/petproducts.com.cn\/product\/litter-box-cats-good-top-entry-litter-boxes\/#primaryimage"},"thumbnailUrl":"https:\/\/petproducts.com.cn\/wp-content\/uploads\/2024\/05\/litter-box-cats.webp","datePublished":"2024-05-22T03:18:45+00:00","dateModified":"2024-05-22T07:11:23+00:00","description":"Descubra a caixa de areia para gatos, caixas de areia boas, caixa de areia de entrada superior diretamente do fabricante. A sua solu\u00e7\u00e3o comercial ideal com o Petstar.","breadcrumb":{"@id":"https:\/\/petproducts.com.cn\/product\/litter-box-cats-good-top-entry-litter-boxes\/#breadcrumb"},"inLanguage":"pt-PT","potentialAction":[{"@type":"ReadAction","target":["https:\/\/petproducts.com.cn\/product\/litter-box-cats-good-top-entry-litter-boxes\/"]}]},{"@type":"ImageObject","inLanguage":"pt-PT","@id":"https:\/\/petproducts.com.cn\/product\/litter-box-cats-good-top-entry-litter-boxes\/#primaryimage","url":"https:\/\/petproducts.com.cn\/wp-content\/uploads\/2024\/05\/litter-box-cats.webp","contentUrl":"https:\/\/petproducts.com.cn\/wp-content\/uploads\/2024\/05\/litter-box-cats.webp","width":1000,"height":1000,"caption":"litter box cats"},{"@type":"BreadcrumbList","@id":"https:\/\/petproducts.com.cn\/product\/litter-box-cats-good-top-entry-litter-boxes\/#breadcrumb","itemListElement":[{"@type":"ListItem","position":1,"name":"HOME","item":"https:\/\/petproducts.com.cn\/"},{"@type":"ListItem","position":2,"name":"Products","item":"https:\/\/petproducts.com.cn\/shop\/"},{"@type":"ListItem","position":3,"name":"Cat Litter &amp; Accessories","item":"https:\/\/petproducts.com.cn\/product-category\/cat-litter-accessories\/"},{"@type":"ListItem","position":4,"name":"Litter Box Cats Good Top Entry Litter Boxes"}]},{"@type":"WebSite","@id":"https:\/\/petproducts.com.cn\/#website","url":"https:\/\/petproducts.com.cn\/","name":"Petstar","description":"Fabricante l\u00edder de artigos para animais de estima\u00e7\u00e3o e fornecedor de produtos OEM para animais de estima\u00e7\u00e3o","publisher":{"@id":"https:\/\/petproducts.com.cn\/#organization"},"alternateName":"Petstar Pet Supplies","potentialAction":[{"@type":"SearchAction","target":{"@type":"EntryPoint","urlTemplate":"https:\/\/petproducts.com.cn\/?s={search_term_string}"},"query-input":{"@type":"PropertyValueSpecification","valueRequired":true,"valueName":"search_term_string"}}],"inLanguage":"pt-PT"},{"@type":"Organization","@id":"https:\/\/petproducts.com.cn\/#organization","name":"Petstar","url":"https:\/\/petproducts.com.cn\/","logo":{"@type":"ImageObject","inLanguage":"pt-PT","@id":"https:\/\/petproducts.com.cn\/#\/schema\/logo\/image\/","url":"https:\/\/petproducts.com.cn\/wp-content\/uploads\/2020\/02\/petstar-logo.webp","contentUrl":"https:\/\/petproducts.com.cn\/wp-content\/uploads\/2020\/02\/petstar-logo.webp","width":779,"height":520,"caption":"Petstar"},"image":{"@id":"https:\/\/petproducts.com.cn\/#\/schema\/logo\/image\/"}}]}},"_links":{"self":[{"href":"https:\/\/petproducts.com.cn\/pt\/wp-json\/wp\/v2\/product\/23937","targetHints":{"allow":["GET"]}}],"collection":[{"href":"https:\/\/petproducts.com.cn\/pt\/wp-json\/wp\/v2\/product"}],"about":[{"href":"https:\/\/petproducts.com.cn\/pt\/wp-json\/wp\/v2\/types\/product"}],"version-history":[{"count":1,"href":"https:\/\/petproducts.com.cn\/pt\/wp-json\/wp\/v2\/product\/23937\/revisions"}],"predecessor-version":[{"id":23952,"href":"https:\/\/petproducts.com.cn\/pt\/wp-json\/wp\/v2\/product\/23937\/revisions\/23952"}],"wp:featuredmedia":[{"embeddable":true,"href":"https:\/\/petproducts.com.cn\/pt\/wp-json\/wp\/v2\/media\/23956"}],"wp:attachment":[{"href":"https:\/\/petproducts.com.cn\/pt\/wp-json\/wp\/v2\/media?parent=23937"}],"wp:term":[{"taxonomy":"product_brand","embeddable":true,"href":"https:\/\/petproducts.com.cn\/pt\/wp-json\/wp\/v2\/product_brand?post=23937"},{"taxonomy":"product_cat","embeddable":true,"href":"https:\/\/petproducts.com.cn\/pt\/wp-json\/wp\/v2\/product_cat?post=23937"},{"taxonomy":"product_tag","embeddable":true,"href":"https:\/\/petproducts.com.cn\/pt\/wp-json\/wp\/v2\/product_tag?post=23937"}],"curies":[{"name":"wp","href":"https:\/\/api.w.org\/{rel}","templated":true}]}}