{"id":24075,"date":"2024-05-23T09:14:39","date_gmt":"2024-05-23T09:14:39","guid":{"rendered":"https:\/\/petproducts.com.cn\/?post_type=product&#038;p=24075"},"modified":"2024-05-23T09:20:02","modified_gmt":"2024-05-23T09:20:02","slug":"oem-pet-deshedding-rake-comb","status":"publish","type":"product","link":"https:\/\/petproducts.com.cn\/pt\/product\/oem-pet-deshedding-rake-comb\/","title":{"rendered":"Pente para remo\u00e7\u00e3o de p\u00ealos de animais OEM"},"content":{"rendered":"<p><strong>Pente para remo\u00e7\u00e3o de p\u00ealos de animais OEM<\/strong><\/p>\n<p><strong>Descri\u00e7\u00e3o do produto:<\/strong><br \/>\nMelhore a sua linha de produtos de cuidados para animais de estima\u00e7\u00e3o com o nosso pente de remo\u00e7\u00e3o de p\u00ealos para animais de estima\u00e7\u00e3o OEM. Este pente para animais de estima\u00e7\u00e3o altamente eficaz foi concebido para reduzir a queda de pelo, removendo suavemente o pelo solto e o subp\u00ealo, promovendo uma pelagem saud\u00e1vel e brilhante. Enquanto fabricante l\u00edder, fornecemos produtos de limpeza de topo aos principais retalhistas mundiais, garantindo uma qualidade e fiabilidade excepcionais.<\/p>\n<p><strong>Caracter\u00edsticas do produto:<\/strong><\/p>\n<ul>\n<li><strong>Desfolhamento eficaz:<\/strong> O nosso pente para descascar animais de estima\u00e7\u00e3o tem dentes finamente espa\u00e7ados que removem eficazmente os p\u00ealos soltos e o subp\u00ealo, reduzindo a queda e evitando o emaranhamento.<\/li>\n<li><strong>Materiais de alta qualidade:<\/strong> Fabricado com materiais dur\u00e1veis e seguros para animais de estima\u00e7\u00e3o, o nosso pente garante uma utiliza\u00e7\u00e3o duradoura e seguran\u00e7a para os seus animais de estima\u00e7\u00e3o.<\/li>\n<li><strong>Design ergon\u00f3mico:<\/strong> O pente tem um cabo ergon\u00f3mico que proporciona uma ader\u00eancia segura e confort\u00e1vel, tornando as sess\u00f5es de escovagem mais f\u00e1ceis e eficazes.<\/li>\n<li><strong>Suave para os animais de estima\u00e7\u00e3o:<\/strong> Concebido para ser suave para a pele do seu animal de estima\u00e7\u00e3o, o nosso pente para remo\u00e7\u00e3o de p\u00ealos garante uma experi\u00eancia de limpeza agrad\u00e1vel sem causar irrita\u00e7\u00e3o.<\/li>\n<li><strong>Op\u00e7\u00f5es personaliz\u00e1veis:<\/strong> Oferecemos op\u00e7\u00f5es de personaliza\u00e7\u00e3o extensivas, incluindo etiquetagem privada, escolhas de cores e designs exclusivos para satisfazer as suas necessidades espec\u00edficas.<\/li>\n<\/ul>\n<p><strong>Porqu\u00ea escolher-nos:<\/strong><\/p>\n<ul>\n<li><strong>Servi\u00e7os OEM e ODM:<\/strong> Na qualidade de fabricante l\u00edder de pentes para remo\u00e7\u00e3o de p\u00ealos de animais de estima\u00e7\u00e3o, fornecemos solu\u00e7\u00f5es personalizadas adaptadas \u00e0 vis\u00e3o e aos requisitos da sua marca, incluindo etiquetas privadas e designs personalizados.<\/li>\n<li><strong>Suporte multim\u00e9dia gratuito:<\/strong> Melhore os seus esfor\u00e7os de marketing com as nossas fotografias e v\u00eddeos profissionais dos nossos produtos de pente para animais de estima\u00e7\u00e3o.<\/li>\n<li><strong>Embalagem personalizada:<\/strong> Os nossos designs de embalagem personalizados garantem que o seu pente se destaca nas prateleiras das lojas, reflectindo a identidade da sua marca.<\/li>\n<li><strong>Aquisi\u00e7\u00e3o One-Stop:<\/strong> Simplifique o seu processo de aprovisionamento com os nossos servi\u00e7os abrangentes para produtos de pente para animais de estima\u00e7\u00e3o, desde a conce\u00e7\u00e3o \u00e0 log\u00edstica.<\/li>\n<\/ul>\n<p><strong>Fa\u00e7a uma parceria connosco para expandir a sua gama de produtos com o nosso pente de remo\u00e7\u00e3o de p\u00ealos para animais de estima\u00e7\u00e3o OEM.<\/strong> Colabore connosco, um fabricante de pentes para animais de estima\u00e7\u00e3o de confian\u00e7a, para ter acesso a ferramentas de escovagem de qualidade superior que agradam aos donos de animais de estima\u00e7\u00e3o em todo o mundo. Proporcione experi\u00eancias de cuidados superiores e veja a diferen\u00e7a nas suas vendas e na satisfa\u00e7\u00e3o dos clientes.<\/p>","protected":false},"excerpt":{"rendered":"<p>N\u00f3s somos fabricante de pente para animais de estima\u00e7\u00e3o com mais de 20 anos de experi\u00eancia. Oferecemos op\u00e7\u00f5es de personaliza\u00e7\u00e3o para cor, tamanho, tecido, padr\u00e3o, log\u00f3tipo e outras carater\u00edsticas.<\/p>","protected":false},"featured_media":24076,"template":"","meta":{"_acf_changed":false},"product_brand":[],"product_cat":[137,71,136,72],"product_tag":[139,140],"class_list":{"0":"post-24075","1":"product","2":"type-product","3":"status-publish","4":"has-post-thumbnail","6":"product_cat-cat-grooming-cleaning-supplies","7":"product_cat-cat-supplies","8":"product_cat-dog-grooming-cleaning-supplies","9":"product_cat-dog-supplies","10":"product_tag-cat-grooming-cleaning-supplies","11":"product_tag-dog-grooming-cleaning-supplies","13":"first","14":"instock","15":"shipping-taxable","16":"product-type-simple"},"acf":[],"yoast_head":"<!-- This site is optimized with the Yoast SEO plugin v27.1.1 - https:\/\/yoast.com\/product\/yoast-seo-wordpress\/ -->\n<title>Pet grooming comb manufacturers- Petstar<\/title>\n<meta name=\"description\" content=\"Explore pet brush manufacturers, pet grooming comb,cat brush wholesale directly from the manufacturer. Your ideal business solution with Petstar.\" \/>\n<meta name=\"robots\" content=\"index, follow, max-snippet:-1, max-image-preview:large, max-video-preview:-1\" \/>\n<link rel=\"canonical\" href=\"https:\/\/petproducts.com.cn\/pt\/produto\/oem-pet-deshedding-rake-comb\/\" \/>\n<meta property=\"og:locale\" content=\"pt_PT\" \/>\n<meta property=\"og:type\" content=\"article\" \/>\n<meta property=\"og:title\" content=\"Pet grooming comb manufacturers- Petstar\" \/>\n<meta property=\"og:description\" content=\"Explore pet brush manufacturers, pet grooming comb,cat brush wholesale directly from the manufacturer. Your ideal business solution with Petstar.\" \/>\n<meta property=\"og:url\" content=\"https:\/\/petproducts.com.cn\/pt\/produto\/oem-pet-deshedding-rake-comb\/\" \/>\n<meta property=\"og:site_name\" content=\"Petstar\" \/>\n<meta property=\"article:modified_time\" content=\"2024-05-23T09:20:02+00:00\" \/>\n<meta property=\"og:image\" content=\"https:\/\/petproducts.com.cn\/wp-content\/uploads\/2024\/05\/pet-deshedding-comb.webp\" \/>\n\t<meta property=\"og:image:width\" content=\"1000\" \/>\n\t<meta property=\"og:image:height\" content=\"1000\" \/>\n\t<meta property=\"og:image:type\" content=\"image\/webp\" \/>\n<meta name=\"twitter:card\" content=\"summary_large_image\" \/>\n<meta name=\"twitter:label1\" content=\"Tempo estimado de leitura\" \/>\n\t<meta name=\"twitter:data1\" content=\"2 minutos\" \/>\n<script type=\"application\/ld+json\" class=\"yoast-schema-graph\">{\"@context\":\"https:\/\/schema.org\",\"@graph\":[{\"@type\":\"WebPage\",\"@id\":\"https:\/\/petproducts.com.cn\/product\/oem-pet-deshedding-rake-comb\/\",\"url\":\"https:\/\/petproducts.com.cn\/product\/oem-pet-deshedding-rake-comb\/\",\"name\":\"Pet grooming comb manufacturers- Petstar\",\"isPartOf\":{\"@id\":\"https:\/\/petproducts.com.cn\/#website\"},\"primaryImageOfPage\":{\"@id\":\"https:\/\/petproducts.com.cn\/product\/oem-pet-deshedding-rake-comb\/#primaryimage\"},\"image\":{\"@id\":\"https:\/\/petproducts.com.cn\/product\/oem-pet-deshedding-rake-comb\/#primaryimage\"},\"thumbnailUrl\":\"https:\/\/petproducts.com.cn\/wp-content\/uploads\/2024\/05\/pet-deshedding-comb.webp\",\"datePublished\":\"2024-05-23T09:14:39+00:00\",\"dateModified\":\"2024-05-23T09:20:02+00:00\",\"description\":\"Explore pet brush manufacturers, pet grooming comb,cat brush wholesale directly from the manufacturer. Your ideal business solution with Petstar.\",\"breadcrumb\":{\"@id\":\"https:\/\/petproducts.com.cn\/product\/oem-pet-deshedding-rake-comb\/#breadcrumb\"},\"inLanguage\":\"pt-PT\",\"potentialAction\":[{\"@type\":\"ReadAction\",\"target\":[\"https:\/\/petproducts.com.cn\/product\/oem-pet-deshedding-rake-comb\/\"]}]},{\"@type\":\"ImageObject\",\"inLanguage\":\"pt-PT\",\"@id\":\"https:\/\/petproducts.com.cn\/product\/oem-pet-deshedding-rake-comb\/#primaryimage\",\"url\":\"https:\/\/petproducts.com.cn\/wp-content\/uploads\/2024\/05\/pet-deshedding-comb.webp\",\"contentUrl\":\"https:\/\/petproducts.com.cn\/wp-content\/uploads\/2024\/05\/pet-deshedding-comb.webp\",\"width\":1000,\"height\":1000,\"caption\":\"pet deshedding comb\"},{\"@type\":\"BreadcrumbList\",\"@id\":\"https:\/\/petproducts.com.cn\/product\/oem-pet-deshedding-rake-comb\/#breadcrumb\",\"itemListElement\":[{\"@type\":\"ListItem\",\"position\":1,\"name\":\"HOME\",\"item\":\"https:\/\/petproducts.com.cn\/\"},{\"@type\":\"ListItem\",\"position\":2,\"name\":\"Products\",\"item\":\"https:\/\/petproducts.com.cn\/shop\/\"},{\"@type\":\"ListItem\",\"position\":3,\"name\":\"Dog Grooming &amp; Cleaning Supplies\",\"item\":\"https:\/\/petproducts.com.cn\/product-category\/dog-grooming-cleaning-supplies\/\"},{\"@type\":\"ListItem\",\"position\":4,\"name\":\"OEM Pet Deshedding Rake Comb\"}]},{\"@type\":\"WebSite\",\"@id\":\"https:\/\/petproducts.com.cn\/#website\",\"url\":\"https:\/\/petproducts.com.cn\/\",\"name\":\"Petstar\",\"description\":\"Leading Pet Supplies Manufacturer &amp; OEM Pet Products Supplier\",\"publisher\":{\"@id\":\"https:\/\/petproducts.com.cn\/#organization\"},\"alternateName\":\"Petstar Pet Supplies\",\"potentialAction\":[{\"@type\":\"SearchAction\",\"target\":{\"@type\":\"EntryPoint\",\"urlTemplate\":\"https:\/\/petproducts.com.cn\/?s={search_term_string}\"},\"query-input\":{\"@type\":\"PropertyValueSpecification\",\"valueRequired\":true,\"valueName\":\"search_term_string\"}}],\"inLanguage\":\"pt-PT\"},{\"@type\":\"Organization\",\"@id\":\"https:\/\/petproducts.com.cn\/#organization\",\"name\":\"Petstar\",\"url\":\"https:\/\/petproducts.com.cn\/\",\"logo\":{\"@type\":\"ImageObject\",\"inLanguage\":\"pt-PT\",\"@id\":\"https:\/\/petproducts.com.cn\/#\/schema\/logo\/image\/\",\"url\":\"https:\/\/petproducts.com.cn\/wp-content\/uploads\/2020\/02\/petstar-logo.webp\",\"contentUrl\":\"https:\/\/petproducts.com.cn\/wp-content\/uploads\/2020\/02\/petstar-logo.webp\",\"width\":779,\"height\":520,\"caption\":\"Petstar\"},\"image\":{\"@id\":\"https:\/\/petproducts.com.cn\/#\/schema\/logo\/image\/\"}}]}<\/script>\n<!-- \/ Yoast SEO plugin. -->","yoast_head_json":{"title":"Fabricantes de pentes de limpeza para animais de estima\u00e7\u00e3o - Petstar","description":"Explore os fabricantes de escovas para animais de estima\u00e7\u00e3o, pentes de limpeza para animais de estima\u00e7\u00e3o, escovas para gatos por atacado diretamente do fabricante. A sua solu\u00e7\u00e3o de neg\u00f3cio ideal com Petstar.","robots":{"index":"index","follow":"follow","max-snippet":"max-snippet:-1","max-image-preview":"max-image-preview:large","max-video-preview":"max-video-preview:-1"},"canonical":"https:\/\/petproducts.com.cn\/pt\/produto\/oem-pet-deshedding-rake-comb\/","og_locale":"pt_PT","og_type":"article","og_title":"Pet grooming comb manufacturers- Petstar","og_description":"Explore pet brush manufacturers, pet grooming comb,cat brush wholesale directly from the manufacturer. Your ideal business solution with Petstar.","og_url":"https:\/\/petproducts.com.cn\/pt\/produto\/oem-pet-deshedding-rake-comb\/","og_site_name":"Petstar","article_modified_time":"2024-05-23T09:20:02+00:00","og_image":[{"width":1000,"height":1000,"url":"https:\/\/petproducts.com.cn\/wp-content\/uploads\/2024\/05\/pet-deshedding-comb.webp","type":"image\/webp"}],"twitter_card":"summary_large_image","twitter_misc":{"Tempo estimado de leitura":"2 minutos"},"schema":{"@context":"https:\/\/schema.org","@graph":[{"@type":"WebPage","@id":"https:\/\/petproducts.com.cn\/product\/oem-pet-deshedding-rake-comb\/","url":"https:\/\/petproducts.com.cn\/product\/oem-pet-deshedding-rake-comb\/","name":"Fabricantes de pentes de limpeza para animais de estima\u00e7\u00e3o - Petstar","isPartOf":{"@id":"https:\/\/petproducts.com.cn\/#website"},"primaryImageOfPage":{"@id":"https:\/\/petproducts.com.cn\/product\/oem-pet-deshedding-rake-comb\/#primaryimage"},"image":{"@id":"https:\/\/petproducts.com.cn\/product\/oem-pet-deshedding-rake-comb\/#primaryimage"},"thumbnailUrl":"https:\/\/petproducts.com.cn\/wp-content\/uploads\/2024\/05\/pet-deshedding-comb.webp","datePublished":"2024-05-23T09:14:39+00:00","dateModified":"2024-05-23T09:20:02+00:00","description":"Explore os fabricantes de escovas para animais de estima\u00e7\u00e3o, pentes de limpeza para animais de estima\u00e7\u00e3o, escovas para gatos por atacado diretamente do fabricante. A sua solu\u00e7\u00e3o de neg\u00f3cio ideal com Petstar.","breadcrumb":{"@id":"https:\/\/petproducts.com.cn\/product\/oem-pet-deshedding-rake-comb\/#breadcrumb"},"inLanguage":"pt-PT","potentialAction":[{"@type":"ReadAction","target":["https:\/\/petproducts.com.cn\/product\/oem-pet-deshedding-rake-comb\/"]}]},{"@type":"ImageObject","inLanguage":"pt-PT","@id":"https:\/\/petproducts.com.cn\/product\/oem-pet-deshedding-rake-comb\/#primaryimage","url":"https:\/\/petproducts.com.cn\/wp-content\/uploads\/2024\/05\/pet-deshedding-comb.webp","contentUrl":"https:\/\/petproducts.com.cn\/wp-content\/uploads\/2024\/05\/pet-deshedding-comb.webp","width":1000,"height":1000,"caption":"pet deshedding comb"},{"@type":"BreadcrumbList","@id":"https:\/\/petproducts.com.cn\/product\/oem-pet-deshedding-rake-comb\/#breadcrumb","itemListElement":[{"@type":"ListItem","position":1,"name":"HOME","item":"https:\/\/petproducts.com.cn\/"},{"@type":"ListItem","position":2,"name":"Products","item":"https:\/\/petproducts.com.cn\/shop\/"},{"@type":"ListItem","position":3,"name":"Dog Grooming &amp; Cleaning Supplies","item":"https:\/\/petproducts.com.cn\/product-category\/dog-grooming-cleaning-supplies\/"},{"@type":"ListItem","position":4,"name":"OEM Pet Deshedding Rake Comb"}]},{"@type":"WebSite","@id":"https:\/\/petproducts.com.cn\/#website","url":"https:\/\/petproducts.com.cn\/","name":"Petstar","description":"Fabricante l\u00edder de artigos para animais de estima\u00e7\u00e3o e fornecedor de produtos OEM para animais de estima\u00e7\u00e3o","publisher":{"@id":"https:\/\/petproducts.com.cn\/#organization"},"alternateName":"Petstar Pet Supplies","potentialAction":[{"@type":"SearchAction","target":{"@type":"EntryPoint","urlTemplate":"https:\/\/petproducts.com.cn\/?s={search_term_string}"},"query-input":{"@type":"PropertyValueSpecification","valueRequired":true,"valueName":"search_term_string"}}],"inLanguage":"pt-PT"},{"@type":"Organization","@id":"https:\/\/petproducts.com.cn\/#organization","name":"Petstar","url":"https:\/\/petproducts.com.cn\/","logo":{"@type":"ImageObject","inLanguage":"pt-PT","@id":"https:\/\/petproducts.com.cn\/#\/schema\/logo\/image\/","url":"https:\/\/petproducts.com.cn\/wp-content\/uploads\/2020\/02\/petstar-logo.webp","contentUrl":"https:\/\/petproducts.com.cn\/wp-content\/uploads\/2020\/02\/petstar-logo.webp","width":779,"height":520,"caption":"Petstar"},"image":{"@id":"https:\/\/petproducts.com.cn\/#\/schema\/logo\/image\/"}}]}},"_links":{"self":[{"href":"https:\/\/petproducts.com.cn\/pt\/wp-json\/wp\/v2\/product\/24075","targetHints":{"allow":["GET"]}}],"collection":[{"href":"https:\/\/petproducts.com.cn\/pt\/wp-json\/wp\/v2\/product"}],"about":[{"href":"https:\/\/petproducts.com.cn\/pt\/wp-json\/wp\/v2\/types\/product"}],"version-history":[{"count":1,"href":"https:\/\/petproducts.com.cn\/pt\/wp-json\/wp\/v2\/product\/24075\/revisions"}],"predecessor-version":[{"id":24079,"href":"https:\/\/petproducts.com.cn\/pt\/wp-json\/wp\/v2\/product\/24075\/revisions\/24079"}],"wp:featuredmedia":[{"embeddable":true,"href":"https:\/\/petproducts.com.cn\/pt\/wp-json\/wp\/v2\/media\/24076"}],"wp:attachment":[{"href":"https:\/\/petproducts.com.cn\/pt\/wp-json\/wp\/v2\/media?parent=24075"}],"wp:term":[{"taxonomy":"product_brand","embeddable":true,"href":"https:\/\/petproducts.com.cn\/pt\/wp-json\/wp\/v2\/product_brand?post=24075"},{"taxonomy":"product_cat","embeddable":true,"href":"https:\/\/petproducts.com.cn\/pt\/wp-json\/wp\/v2\/product_cat?post=24075"},{"taxonomy":"product_tag","embeddable":true,"href":"https:\/\/petproducts.com.cn\/pt\/wp-json\/wp\/v2\/product_tag?post=24075"}],"curies":[{"name":"wp","href":"https:\/\/api.w.org\/{rel}","templated":true}]}}