{"id":24089,"date":"2024-05-24T05:30:43","date_gmt":"2024-05-24T05:30:43","guid":{"rendered":"https:\/\/petproducts.com.cn\/?post_type=product&#038;p=24089"},"modified":"2024-05-24T06:50:54","modified_gmt":"2024-05-24T06:50:54","slug":"dog-pee-mats-dog-potty-training-mats-pee-pad","status":"publish","type":"product","link":"https:\/\/petproducts.com.cn\/pt\/product\/dog-pee-mats-dog-potty-training-mats-pee-pad\/","title":{"rendered":"Tapetes de xixi para c\u00e3es Tapetes de treino para c\u00e3es Tapetes de xixi"},"content":{"rendered":"<h2><strong>Carater\u00edsticas dos tapetes de xixi para c\u00e3es<\/strong><\/h2>\n<ul>\n<li><strong>Design inovador com estrutura em grelha<\/strong> Os tapetes de xixi para c\u00e3es apresentam um design inovador com uma estrutura em grelha. Esta grelha ajuda a manter a almofada de xixi no lugar e evita que se desloque. A estrutura tamb\u00e9m permite uma absor\u00e7\u00e3o r\u00e1pida e uma conten\u00e7\u00e3o eficaz dos l\u00edquidos, garantindo um ambiente limpo para o seu animal de estima\u00e7\u00e3o.<\/li>\n<li><strong>Sec\u00e7\u00e3o interm\u00e9dia f\u00e1cil de abrir para pensos higi\u00e9nicos<\/strong> Ir\u00e1 apreciar a sec\u00e7\u00e3o central f\u00e1cil de abrir destes tapetes de xixi para c\u00e3es. Esta carater\u00edstica permite-lhe inserir e substituir sem esfor\u00e7o as almofadas de xixi, conforme necess\u00e1rio. Basta levantar a grelha, colocar a almofada de chichi no interior e fech\u00e1-la com seguran\u00e7a. Este design de f\u00e1cil utiliza\u00e7\u00e3o simplifica o processo de manuten\u00e7\u00e3o de um espa\u00e7o limpo e higi\u00e9nico para o seu c\u00e3o.<\/li>\n<li><strong>Materiais duradouros e de alta qualidade<\/strong> Estes tapetes de treino para c\u00e3es s\u00e3o feitos de materiais duradouros e de alta qualidade. A constru\u00e7\u00e3o robusta garante que os tapetes podem suportar a utiliza\u00e7\u00e3o di\u00e1ria e resistir ao desgaste. Pode contar com estes tapetes para um desempenho duradouro, o que os torna um complemento valioso para a sua rotina de treino.<\/li>\n<li><strong>Fundo antiderrapante para estabilidade<\/strong> Os tapetes de xixi para c\u00e3es t\u00eam um fundo antiderrapante que garante a estabilidade. Esta carater\u00edstica impede que os tapetes deslizem, mesmo em superf\u00edcies lisas. O seu c\u00e3o pode utilizar os tapetes com confian\u00e7a, sem qualquer risco de escorregar ou sentir desconforto. Esta estabilidade aumenta a efic\u00e1cia global do processo de treino.<\/li>\n<li><strong>F\u00e1cil de limpar e manter<\/strong> A limpeza e manuten\u00e7\u00e3o destes tapetes de treino para c\u00e3es \u00e9 muito f\u00e1cil. A estrutura em grelha pode ser facilmente levantada para remover os pensos sujos, e todo o tapete pode ser lavado com \u00e1gua e detergente suave. Os materiais de secagem r\u00e1pida asseguram que os tapetes est\u00e3o prontos a utilizar novamente num instante, tornando-os uma escolha pr\u00e1tica para donos de animais ocupados.<\/li>\n<li><strong>Ajuda eficaz para o treino do bacio<\/strong> Os tapetes de xixi para c\u00e3es s\u00e3o uma ajuda eficaz para o treino do bacio. A combina\u00e7\u00e3o da estrutura em grelha, das almofadas absorventes e da base est\u00e1vel cria um ambiente ideal para o treino. O seu c\u00e3o aprender\u00e1 rapidamente a utilizar os tapetes, ajudando a reduzir os acidentes e a promover bons h\u00e1bitos<\/li>\n<\/ul>","protected":false},"excerpt":{"rendered":"<p>N\u00f3s somos um fabricante de material de limpeza para c\u00e3es com mais de 20 anos de experi\u00eancia. Oferecemos op\u00e7\u00f5es de personaliza\u00e7\u00e3o para cor, tamanho, tecido, padr\u00e3o, log\u00f3tipo e outras carater\u00edsticas.<\/p>","protected":false},"featured_media":24092,"template":"","meta":{"_acf_changed":false},"product_brand":[],"product_cat":[136,72],"product_tag":[140],"class_list":{"0":"post-24089","1":"product","2":"type-product","3":"status-publish","4":"has-post-thumbnail","6":"product_cat-dog-grooming-cleaning-supplies","7":"product_cat-dog-supplies","8":"product_tag-dog-grooming-cleaning-supplies","10":"first","11":"instock","12":"shipping-taxable","13":"product-type-simple"},"acf":[],"yoast_head":"<!-- This site is optimized with the Yoast SEO plugin v27.1.1 - https:\/\/yoast.com\/product\/yoast-seo-wordpress\/ -->\n<title>Dog Pee Mats Factory | Dog Potty Mats Manufacturer - Petstar<\/title>\n<meta name=\"description\" content=\"Explore dog pee mats, dog pee pad, dog potty training mats directly from the manufacturer. Your ideal business solution with Petstar.\" \/>\n<meta name=\"robots\" content=\"index, follow, max-snippet:-1, max-image-preview:large, max-video-preview:-1\" \/>\n<link rel=\"canonical\" href=\"https:\/\/petproducts.com.cn\/pt\/produto\/dog-pee-mats-dog-potty-training-mats-pee-pad\/\" \/>\n<meta property=\"og:locale\" content=\"pt_PT\" \/>\n<meta property=\"og:type\" content=\"article\" \/>\n<meta property=\"og:title\" content=\"Dog Pee Mats Factory | Dog Potty Mats Manufacturer - Petstar\" \/>\n<meta property=\"og:description\" content=\"Explore dog pee mats, dog pee pad, dog potty training mats directly from the manufacturer. Your ideal business solution with Petstar.\" \/>\n<meta property=\"og:url\" content=\"https:\/\/petproducts.com.cn\/pt\/produto\/dog-pee-mats-dog-potty-training-mats-pee-pad\/\" \/>\n<meta property=\"og:site_name\" content=\"Petstar\" \/>\n<meta property=\"article:modified_time\" content=\"2024-05-24T06:50:54+00:00\" \/>\n<meta property=\"og:image\" content=\"https:\/\/petproducts.com.cn\/wp-content\/uploads\/2024\/05\/Dog-Pee-Mats.webp\" \/>\n\t<meta property=\"og:image:width\" content=\"1000\" \/>\n\t<meta property=\"og:image:height\" content=\"1000\" \/>\n\t<meta property=\"og:image:type\" content=\"image\/webp\" \/>\n<meta name=\"twitter:card\" content=\"summary_large_image\" \/>\n<meta name=\"twitter:label1\" content=\"Tempo estimado de leitura\" \/>\n\t<meta name=\"twitter:data1\" content=\"2 minutos\" \/>\n<script type=\"application\/ld+json\" class=\"yoast-schema-graph\">{\"@context\":\"https:\/\/schema.org\",\"@graph\":[{\"@type\":\"WebPage\",\"@id\":\"https:\/\/petproducts.com.cn\/product\/dog-pee-mats-dog-potty-training-mats-pee-pad\/\",\"url\":\"https:\/\/petproducts.com.cn\/product\/dog-pee-mats-dog-potty-training-mats-pee-pad\/\",\"name\":\"Dog Pee Mats Factory | Dog Potty Mats Manufacturer - Petstar\",\"isPartOf\":{\"@id\":\"https:\/\/petproducts.com.cn\/#website\"},\"primaryImageOfPage\":{\"@id\":\"https:\/\/petproducts.com.cn\/product\/dog-pee-mats-dog-potty-training-mats-pee-pad\/#primaryimage\"},\"image\":{\"@id\":\"https:\/\/petproducts.com.cn\/product\/dog-pee-mats-dog-potty-training-mats-pee-pad\/#primaryimage\"},\"thumbnailUrl\":\"https:\/\/petproducts.com.cn\/wp-content\/uploads\/2024\/05\/Dog-Pee-Mats.webp\",\"datePublished\":\"2024-05-24T05:30:43+00:00\",\"dateModified\":\"2024-05-24T06:50:54+00:00\",\"description\":\"Explore dog pee mats, dog pee pad, dog potty training mats directly from the manufacturer. Your ideal business solution with Petstar.\",\"breadcrumb\":{\"@id\":\"https:\/\/petproducts.com.cn\/product\/dog-pee-mats-dog-potty-training-mats-pee-pad\/#breadcrumb\"},\"inLanguage\":\"pt-PT\",\"potentialAction\":[{\"@type\":\"ReadAction\",\"target\":[\"https:\/\/petproducts.com.cn\/product\/dog-pee-mats-dog-potty-training-mats-pee-pad\/\"]}]},{\"@type\":\"ImageObject\",\"inLanguage\":\"pt-PT\",\"@id\":\"https:\/\/petproducts.com.cn\/product\/dog-pee-mats-dog-potty-training-mats-pee-pad\/#primaryimage\",\"url\":\"https:\/\/petproducts.com.cn\/wp-content\/uploads\/2024\/05\/Dog-Pee-Mats.webp\",\"contentUrl\":\"https:\/\/petproducts.com.cn\/wp-content\/uploads\/2024\/05\/Dog-Pee-Mats.webp\",\"width\":1000,\"height\":1000,\"caption\":\"Dog Pee Mats\"},{\"@type\":\"BreadcrumbList\",\"@id\":\"https:\/\/petproducts.com.cn\/product\/dog-pee-mats-dog-potty-training-mats-pee-pad\/#breadcrumb\",\"itemListElement\":[{\"@type\":\"ListItem\",\"position\":1,\"name\":\"HOME\",\"item\":\"https:\/\/petproducts.com.cn\/\"},{\"@type\":\"ListItem\",\"position\":2,\"name\":\"Products\",\"item\":\"https:\/\/petproducts.com.cn\/shop\/\"},{\"@type\":\"ListItem\",\"position\":3,\"name\":\"Dog Grooming &amp; Cleaning Supplies\",\"item\":\"https:\/\/petproducts.com.cn\/product-category\/dog-grooming-cleaning-supplies\/\"},{\"@type\":\"ListItem\",\"position\":4,\"name\":\"Dog Pee Mats Dog Potty Training Mats Pee Pad\"}]},{\"@type\":\"WebSite\",\"@id\":\"https:\/\/petproducts.com.cn\/#website\",\"url\":\"https:\/\/petproducts.com.cn\/\",\"name\":\"Petstar\",\"description\":\"Leading Pet Supplies Manufacturer &amp; OEM Pet Products Supplier\",\"publisher\":{\"@id\":\"https:\/\/petproducts.com.cn\/#organization\"},\"alternateName\":\"Petstar Pet Supplies\",\"potentialAction\":[{\"@type\":\"SearchAction\",\"target\":{\"@type\":\"EntryPoint\",\"urlTemplate\":\"https:\/\/petproducts.com.cn\/?s={search_term_string}\"},\"query-input\":{\"@type\":\"PropertyValueSpecification\",\"valueRequired\":true,\"valueName\":\"search_term_string\"}}],\"inLanguage\":\"pt-PT\"},{\"@type\":\"Organization\",\"@id\":\"https:\/\/petproducts.com.cn\/#organization\",\"name\":\"Petstar\",\"url\":\"https:\/\/petproducts.com.cn\/\",\"logo\":{\"@type\":\"ImageObject\",\"inLanguage\":\"pt-PT\",\"@id\":\"https:\/\/petproducts.com.cn\/#\/schema\/logo\/image\/\",\"url\":\"https:\/\/petproducts.com.cn\/wp-content\/uploads\/2020\/02\/petstar-logo.webp\",\"contentUrl\":\"https:\/\/petproducts.com.cn\/wp-content\/uploads\/2020\/02\/petstar-logo.webp\",\"width\":779,\"height\":520,\"caption\":\"Petstar\"},\"image\":{\"@id\":\"https:\/\/petproducts.com.cn\/#\/schema\/logo\/image\/\"}}]}<\/script>\n<!-- \/ Yoast SEO plugin. -->","yoast_head_json":{"title":"F\u00e1brica de tapetes de xixi para c\u00e3es | Fabricante de tapetes de xixi para c\u00e3es - Petstar","description":"Explore os tapetes de xixi para c\u00e3es, tapetes de xixi para c\u00e3es, tapetes de treino para c\u00e3es diretamente do fabricante. A sua solu\u00e7\u00e3o comercial ideal com Petstar.","robots":{"index":"index","follow":"follow","max-snippet":"max-snippet:-1","max-image-preview":"max-image-preview:large","max-video-preview":"max-video-preview:-1"},"canonical":"https:\/\/petproducts.com.cn\/pt\/produto\/dog-pee-mats-dog-potty-training-mats-pee-pad\/","og_locale":"pt_PT","og_type":"article","og_title":"Dog Pee Mats Factory | Dog Potty Mats Manufacturer - Petstar","og_description":"Explore dog pee mats, dog pee pad, dog potty training mats directly from the manufacturer. Your ideal business solution with Petstar.","og_url":"https:\/\/petproducts.com.cn\/pt\/produto\/dog-pee-mats-dog-potty-training-mats-pee-pad\/","og_site_name":"Petstar","article_modified_time":"2024-05-24T06:50:54+00:00","og_image":[{"width":1000,"height":1000,"url":"https:\/\/petproducts.com.cn\/wp-content\/uploads\/2024\/05\/Dog-Pee-Mats.webp","type":"image\/webp"}],"twitter_card":"summary_large_image","twitter_misc":{"Tempo estimado de leitura":"2 minutos"},"schema":{"@context":"https:\/\/schema.org","@graph":[{"@type":"WebPage","@id":"https:\/\/petproducts.com.cn\/product\/dog-pee-mats-dog-potty-training-mats-pee-pad\/","url":"https:\/\/petproducts.com.cn\/product\/dog-pee-mats-dog-potty-training-mats-pee-pad\/","name":"F\u00e1brica de tapetes de xixi para c\u00e3es | Fabricante de tapetes de xixi para c\u00e3es - Petstar","isPartOf":{"@id":"https:\/\/petproducts.com.cn\/#website"},"primaryImageOfPage":{"@id":"https:\/\/petproducts.com.cn\/product\/dog-pee-mats-dog-potty-training-mats-pee-pad\/#primaryimage"},"image":{"@id":"https:\/\/petproducts.com.cn\/product\/dog-pee-mats-dog-potty-training-mats-pee-pad\/#primaryimage"},"thumbnailUrl":"https:\/\/petproducts.com.cn\/wp-content\/uploads\/2024\/05\/Dog-Pee-Mats.webp","datePublished":"2024-05-24T05:30:43+00:00","dateModified":"2024-05-24T06:50:54+00:00","description":"Explore os tapetes de xixi para c\u00e3es, tapetes de xixi para c\u00e3es, tapetes de treino para c\u00e3es diretamente do fabricante. A sua solu\u00e7\u00e3o comercial ideal com Petstar.","breadcrumb":{"@id":"https:\/\/petproducts.com.cn\/product\/dog-pee-mats-dog-potty-training-mats-pee-pad\/#breadcrumb"},"inLanguage":"pt-PT","potentialAction":[{"@type":"ReadAction","target":["https:\/\/petproducts.com.cn\/product\/dog-pee-mats-dog-potty-training-mats-pee-pad\/"]}]},{"@type":"ImageObject","inLanguage":"pt-PT","@id":"https:\/\/petproducts.com.cn\/product\/dog-pee-mats-dog-potty-training-mats-pee-pad\/#primaryimage","url":"https:\/\/petproducts.com.cn\/wp-content\/uploads\/2024\/05\/Dog-Pee-Mats.webp","contentUrl":"https:\/\/petproducts.com.cn\/wp-content\/uploads\/2024\/05\/Dog-Pee-Mats.webp","width":1000,"height":1000,"caption":"Dog Pee Mats"},{"@type":"BreadcrumbList","@id":"https:\/\/petproducts.com.cn\/product\/dog-pee-mats-dog-potty-training-mats-pee-pad\/#breadcrumb","itemListElement":[{"@type":"ListItem","position":1,"name":"HOME","item":"https:\/\/petproducts.com.cn\/"},{"@type":"ListItem","position":2,"name":"Products","item":"https:\/\/petproducts.com.cn\/shop\/"},{"@type":"ListItem","position":3,"name":"Dog Grooming &amp; Cleaning Supplies","item":"https:\/\/petproducts.com.cn\/product-category\/dog-grooming-cleaning-supplies\/"},{"@type":"ListItem","position":4,"name":"Dog Pee Mats Dog Potty Training Mats Pee Pad"}]},{"@type":"WebSite","@id":"https:\/\/petproducts.com.cn\/#website","url":"https:\/\/petproducts.com.cn\/","name":"Petstar","description":"Fabricante l\u00edder de artigos para animais de estima\u00e7\u00e3o e fornecedor de produtos OEM para animais de estima\u00e7\u00e3o","publisher":{"@id":"https:\/\/petproducts.com.cn\/#organization"},"alternateName":"Petstar Pet Supplies","potentialAction":[{"@type":"SearchAction","target":{"@type":"EntryPoint","urlTemplate":"https:\/\/petproducts.com.cn\/?s={search_term_string}"},"query-input":{"@type":"PropertyValueSpecification","valueRequired":true,"valueName":"search_term_string"}}],"inLanguage":"pt-PT"},{"@type":"Organization","@id":"https:\/\/petproducts.com.cn\/#organization","name":"Petstar","url":"https:\/\/petproducts.com.cn\/","logo":{"@type":"ImageObject","inLanguage":"pt-PT","@id":"https:\/\/petproducts.com.cn\/#\/schema\/logo\/image\/","url":"https:\/\/petproducts.com.cn\/wp-content\/uploads\/2020\/02\/petstar-logo.webp","contentUrl":"https:\/\/petproducts.com.cn\/wp-content\/uploads\/2020\/02\/petstar-logo.webp","width":779,"height":520,"caption":"Petstar"},"image":{"@id":"https:\/\/petproducts.com.cn\/#\/schema\/logo\/image\/"}}]}},"_links":{"self":[{"href":"https:\/\/petproducts.com.cn\/pt\/wp-json\/wp\/v2\/product\/24089","targetHints":{"allow":["GET"]}}],"collection":[{"href":"https:\/\/petproducts.com.cn\/pt\/wp-json\/wp\/v2\/product"}],"about":[{"href":"https:\/\/petproducts.com.cn\/pt\/wp-json\/wp\/v2\/types\/product"}],"version-history":[{"count":2,"href":"https:\/\/petproducts.com.cn\/pt\/wp-json\/wp\/v2\/product\/24089\/revisions"}],"predecessor-version":[{"id":24097,"href":"https:\/\/petproducts.com.cn\/pt\/wp-json\/wp\/v2\/product\/24089\/revisions\/24097"}],"wp:featuredmedia":[{"embeddable":true,"href":"https:\/\/petproducts.com.cn\/pt\/wp-json\/wp\/v2\/media\/24092"}],"wp:attachment":[{"href":"https:\/\/petproducts.com.cn\/pt\/wp-json\/wp\/v2\/media?parent=24089"}],"wp:term":[{"taxonomy":"product_brand","embeddable":true,"href":"https:\/\/petproducts.com.cn\/pt\/wp-json\/wp\/v2\/product_brand?post=24089"},{"taxonomy":"product_cat","embeddable":true,"href":"https:\/\/petproducts.com.cn\/pt\/wp-json\/wp\/v2\/product_cat?post=24089"},{"taxonomy":"product_tag","embeddable":true,"href":"https:\/\/petproducts.com.cn\/pt\/wp-json\/wp\/v2\/product_tag?post=24089"}],"curies":[{"name":"wp","href":"https:\/\/api.w.org\/{rel}","templated":true}]}}