{"id":24791,"date":"2024-06-06T02:44:56","date_gmt":"2024-06-06T02:44:56","guid":{"rendered":"https:\/\/petproducts.com.cn\/?post_type=product&#038;p=24791"},"modified":"2024-06-06T05:25:45","modified_gmt":"2024-06-06T05:25:45","slug":"pet-shampoo-safe-dog-grooming-shampoo","status":"publish","type":"product","link":"https:\/\/petproducts.com.cn\/pt\/product\/pet-shampoo-safe-dog-grooming-shampoo\/","title":{"rendered":"Shampoo para animais de estima\u00e7\u00e3o Shampoo seguro para cuidados com c\u00e3es"},"content":{"rendered":"<h2><strong>Carater\u00edsticas do champ\u00f4 para animais de estima\u00e7\u00e3o<\/strong><\/h2>\n<ol>\n<li><strong>Mant\u00e9m o equil\u00edbrio natural do PH da pele<\/strong> Ir\u00e1 apreciar a forma como o nosso champ\u00f4 para animais de estima\u00e7\u00e3o protege o equil\u00edbrio do pH da pele do seu animal. Esta carater\u00edstica assegura que a pele do seu animal de estima\u00e7\u00e3o permanece saud\u00e1vel e resistente, evitando a irrita\u00e7\u00e3o e a secura. A f\u00f3rmula equilibrada apoia as defesas naturais da pele do seu animal de estima\u00e7\u00e3o.<\/li>\n<li><strong>Alivia a comich\u00e3o<\/strong> O nosso champ\u00f4 para c\u00e3es alivia eficazmente a comich\u00e3o. Pode confiar neste champ\u00f4 para acalmar a pele do seu animal de estima\u00e7\u00e3o, proporcionando al\u00edvio do desconforto causado pela secura, alergias ou outros irritantes. O seu animal de estima\u00e7\u00e3o desfrutar\u00e1 de uma vida mais confort\u00e1vel e sem comich\u00e3o.<\/li>\n<li><strong>Controlo de odores com aroma fresco<\/strong> Vai adorar o aroma fresco que o nosso champ\u00f4 para animais de estima\u00e7\u00e3o deixa. Neutraliza os odores desagrad\u00e1veis, deixando o seu animal de estima\u00e7\u00e3o com um cheiro limpo e fresco. Esta carater\u00edstica garante que o seu animal de estima\u00e7\u00e3o n\u00e3o s\u00f3 tem bom aspeto, mas tamb\u00e9m cheira bem, tornando o tempo de carinho mais agrad\u00e1vel.<\/li>\n<li><strong>Alivia as alergias<\/strong> O nosso champ\u00f4 seguro para c\u00e3es foi concebido para acalmar as alergias. Pode utilizar este champ\u00f4 com confian\u00e7a em animais de estima\u00e7\u00e3o com pele sens\u00edvel ou alergias, sabendo que cont\u00e9m ingredientes suaves que reduzem as reac\u00e7\u00f5es al\u00e9rgicas. Esta a\u00e7\u00e3o calmante ajuda a manter o seu animal de estima\u00e7\u00e3o calmo e confort\u00e1vel.<\/li>\n<li><strong>F\u00f3rmula segura e n\u00e3o t\u00f3xica<\/strong> A seguran\u00e7a \u00e9 uma prioridade m\u00e1xima com o nosso champ\u00f4 para animais de estima\u00e7\u00e3o. Ver\u00e1 que a nossa f\u00f3rmula n\u00e3o cont\u00e9m qu\u00edmicos nocivos, o que a torna segura para uma utiliza\u00e7\u00e3o regular no seu animal de estima\u00e7\u00e3o. Este champ\u00f4 n\u00e3o t\u00f3xico garante que a rotina de cuidados do seu animal de estima\u00e7\u00e3o \u00e9 segura e eficaz.<\/li>\n<li><strong>Hidrata\u00e7\u00e3o e hidrata\u00e7\u00e3o<\/strong> Ir\u00e1 notar os benef\u00edcios hidratantes do nosso champ\u00f4 para c\u00e3es. Hidrata a pele e o pelo do seu animal de estima\u00e7\u00e3o, evitando a secura e a descama\u00e7\u00e3o. Esta carater\u00edstica mant\u00e9m o pelo do seu animal de estima\u00e7\u00e3o macio, brilhante e com um aspeto saud\u00e1vel, melhorando a sua apar\u00eancia geral.<\/li>\n<li><strong>Frescura de longa dura\u00e7\u00e3o<\/strong> Apreciar\u00e1 a frescura de longa dura\u00e7\u00e3o proporcionada pelo nosso champ\u00f4. A sua f\u00f3rmula eficaz garante que o seu animal de estima\u00e7\u00e3o se mant\u00e9m limpo e fresco durante mais tempo, reduzindo a necessidade de banhos frequentes. Este efeito de longa dura\u00e7\u00e3o \u00e9 perfeito para donos de animais ocupados.<\/li>\n<\/ol>","protected":false},"excerpt":{"rendered":"<p>N\u00f3s somos fabricante de escova para animais de estima\u00e7\u00e3o com mais de 20 anos de experi\u00eancia. Oferecemos op\u00e7\u00f5es de personaliza\u00e7\u00e3o para cor, tamanho, tecido, padr\u00e3o, log\u00f3tipo e outras caracter\u00edsticas.<\/p>","protected":false},"featured_media":24799,"template":"","meta":{"_acf_changed":false},"product_brand":[],"product_cat":[137,71,136,72],"product_tag":[139,140],"class_list":{"0":"post-24791","1":"product","2":"type-product","3":"status-publish","4":"has-post-thumbnail","6":"product_cat-cat-grooming-cleaning-supplies","7":"product_cat-cat-supplies","8":"product_cat-dog-grooming-cleaning-supplies","9":"product_cat-dog-supplies","10":"product_tag-cat-grooming-cleaning-supplies","11":"product_tag-dog-grooming-cleaning-supplies","13":"first","14":"instock","15":"shipping-taxable","16":"product-type-simple"},"acf":[],"yoast_head":"<!-- This site is optimized with the Yoast SEO plugin v27.1.1 - https:\/\/yoast.com\/product\/yoast-seo-wordpress\/ -->\n<title>Pet Shampoo | Dog Grooming Shampoo Manufacturer - Petstar - Petstar<\/title>\n<meta name=\"description\" content=\"Explore pet shampoo, dog grooming shampoo, safe dog shampoo directly from the manufacturer. Your ideal business solution with Petstar.\" \/>\n<meta name=\"robots\" content=\"index, follow, max-snippet:-1, max-image-preview:large, max-video-preview:-1\" \/>\n<link rel=\"canonical\" href=\"https:\/\/petproducts.com.cn\/pt\/produto\/pet-shampoo-safe-dog-grooming-shampoo\/\" \/>\n<meta property=\"og:locale\" content=\"pt_PT\" \/>\n<meta property=\"og:type\" content=\"article\" \/>\n<meta property=\"og:title\" content=\"Pet Shampoo | Dog Grooming Shampoo Manufacturer - Petstar - Petstar\" \/>\n<meta property=\"og:description\" content=\"Explore pet shampoo, dog grooming shampoo, safe dog shampoo directly from the manufacturer. Your ideal business solution with Petstar.\" \/>\n<meta property=\"og:url\" content=\"https:\/\/petproducts.com.cn\/pt\/produto\/pet-shampoo-safe-dog-grooming-shampoo\/\" \/>\n<meta property=\"og:site_name\" content=\"Petstar\" \/>\n<meta property=\"article:modified_time\" content=\"2024-06-06T05:25:45+00:00\" \/>\n<meta property=\"og:image\" content=\"https:\/\/petproducts.com.cn\/wp-content\/uploads\/2024\/06\/pet-shampoo.webp\" \/>\n\t<meta property=\"og:image:width\" content=\"1000\" \/>\n\t<meta property=\"og:image:height\" content=\"1000\" \/>\n\t<meta property=\"og:image:type\" content=\"image\/webp\" \/>\n<meta name=\"twitter:card\" content=\"summary_large_image\" \/>\n<meta name=\"twitter:label1\" content=\"Tempo estimado de leitura\" \/>\n\t<meta name=\"twitter:data1\" content=\"2 minutos\" \/>\n<script type=\"application\/ld+json\" class=\"yoast-schema-graph\">{\"@context\":\"https:\/\/schema.org\",\"@graph\":[{\"@type\":\"WebPage\",\"@id\":\"https:\/\/petproducts.com.cn\/product\/pet-shampoo-safe-dog-grooming-shampoo\/\",\"url\":\"https:\/\/petproducts.com.cn\/product\/pet-shampoo-safe-dog-grooming-shampoo\/\",\"name\":\"Pet Shampoo | Dog Grooming Shampoo Manufacturer - Petstar - Petstar\",\"isPartOf\":{\"@id\":\"https:\/\/petproducts.com.cn\/#website\"},\"primaryImageOfPage\":{\"@id\":\"https:\/\/petproducts.com.cn\/product\/pet-shampoo-safe-dog-grooming-shampoo\/#primaryimage\"},\"image\":{\"@id\":\"https:\/\/petproducts.com.cn\/product\/pet-shampoo-safe-dog-grooming-shampoo\/#primaryimage\"},\"thumbnailUrl\":\"https:\/\/petproducts.com.cn\/wp-content\/uploads\/2024\/06\/pet-shampoo.webp\",\"datePublished\":\"2024-06-06T02:44:56+00:00\",\"dateModified\":\"2024-06-06T05:25:45+00:00\",\"description\":\"Explore pet shampoo, dog grooming shampoo, safe dog shampoo directly from the manufacturer. Your ideal business solution with Petstar.\",\"breadcrumb\":{\"@id\":\"https:\/\/petproducts.com.cn\/product\/pet-shampoo-safe-dog-grooming-shampoo\/#breadcrumb\"},\"inLanguage\":\"pt-PT\",\"potentialAction\":[{\"@type\":\"ReadAction\",\"target\":[\"https:\/\/petproducts.com.cn\/product\/pet-shampoo-safe-dog-grooming-shampoo\/\"]}]},{\"@type\":\"ImageObject\",\"inLanguage\":\"pt-PT\",\"@id\":\"https:\/\/petproducts.com.cn\/product\/pet-shampoo-safe-dog-grooming-shampoo\/#primaryimage\",\"url\":\"https:\/\/petproducts.com.cn\/wp-content\/uploads\/2024\/06\/pet-shampoo.webp\",\"contentUrl\":\"https:\/\/petproducts.com.cn\/wp-content\/uploads\/2024\/06\/pet-shampoo.webp\",\"width\":1000,\"height\":1000,\"caption\":\"pet shampoo\"},{\"@type\":\"BreadcrumbList\",\"@id\":\"https:\/\/petproducts.com.cn\/product\/pet-shampoo-safe-dog-grooming-shampoo\/#breadcrumb\",\"itemListElement\":[{\"@type\":\"ListItem\",\"position\":1,\"name\":\"HOME\",\"item\":\"https:\/\/petproducts.com.cn\/\"},{\"@type\":\"ListItem\",\"position\":2,\"name\":\"Products\",\"item\":\"https:\/\/petproducts.com.cn\/shop\/\"},{\"@type\":\"ListItem\",\"position\":3,\"name\":\"Dog Grooming &amp; Cleaning Supplies\",\"item\":\"https:\/\/petproducts.com.cn\/product-category\/dog-grooming-cleaning-supplies\/\"},{\"@type\":\"ListItem\",\"position\":4,\"name\":\"Pet Shampoo Safe Dog Grooming Shampoo\"}]},{\"@type\":\"WebSite\",\"@id\":\"https:\/\/petproducts.com.cn\/#website\",\"url\":\"https:\/\/petproducts.com.cn\/\",\"name\":\"Petstar\",\"description\":\"Leading Pet Supplies Manufacturer &amp; OEM Pet Products Supplier\",\"publisher\":{\"@id\":\"https:\/\/petproducts.com.cn\/#organization\"},\"alternateName\":\"Petstar Pet Supplies\",\"potentialAction\":[{\"@type\":\"SearchAction\",\"target\":{\"@type\":\"EntryPoint\",\"urlTemplate\":\"https:\/\/petproducts.com.cn\/?s={search_term_string}\"},\"query-input\":{\"@type\":\"PropertyValueSpecification\",\"valueRequired\":true,\"valueName\":\"search_term_string\"}}],\"inLanguage\":\"pt-PT\"},{\"@type\":\"Organization\",\"@id\":\"https:\/\/petproducts.com.cn\/#organization\",\"name\":\"Petstar\",\"url\":\"https:\/\/petproducts.com.cn\/\",\"logo\":{\"@type\":\"ImageObject\",\"inLanguage\":\"pt-PT\",\"@id\":\"https:\/\/petproducts.com.cn\/#\/schema\/logo\/image\/\",\"url\":\"https:\/\/petproducts.com.cn\/wp-content\/uploads\/2020\/02\/petstar-logo.webp\",\"contentUrl\":\"https:\/\/petproducts.com.cn\/wp-content\/uploads\/2020\/02\/petstar-logo.webp\",\"width\":779,\"height\":520,\"caption\":\"Petstar\"},\"image\":{\"@id\":\"https:\/\/petproducts.com.cn\/#\/schema\/logo\/image\/\"}}]}<\/script>\n<!-- \/ Yoast SEO plugin. -->","yoast_head_json":{"title":"Champ\u00f4 para animais de estima\u00e7\u00e3o | Champ\u00f4 para c\u00e3es Fabricante - Petstar - Petstar","description":"Explore o champ\u00f4 para animais de estima\u00e7\u00e3o, champ\u00f4 para c\u00e3es, champ\u00f4 seguro para c\u00e3es diretamente do fabricante. A sua solu\u00e7\u00e3o comercial ideal com Petstar.","robots":{"index":"index","follow":"follow","max-snippet":"max-snippet:-1","max-image-preview":"max-image-preview:large","max-video-preview":"max-video-preview:-1"},"canonical":"https:\/\/petproducts.com.cn\/pt\/produto\/pet-shampoo-safe-dog-grooming-shampoo\/","og_locale":"pt_PT","og_type":"article","og_title":"Pet Shampoo | Dog Grooming Shampoo Manufacturer - Petstar - Petstar","og_description":"Explore pet shampoo, dog grooming shampoo, safe dog shampoo directly from the manufacturer. Your ideal business solution with Petstar.","og_url":"https:\/\/petproducts.com.cn\/pt\/produto\/pet-shampoo-safe-dog-grooming-shampoo\/","og_site_name":"Petstar","article_modified_time":"2024-06-06T05:25:45+00:00","og_image":[{"width":1000,"height":1000,"url":"https:\/\/petproducts.com.cn\/wp-content\/uploads\/2024\/06\/pet-shampoo.webp","type":"image\/webp"}],"twitter_card":"summary_large_image","twitter_misc":{"Tempo estimado de leitura":"2 minutos"},"schema":{"@context":"https:\/\/schema.org","@graph":[{"@type":"WebPage","@id":"https:\/\/petproducts.com.cn\/product\/pet-shampoo-safe-dog-grooming-shampoo\/","url":"https:\/\/petproducts.com.cn\/product\/pet-shampoo-safe-dog-grooming-shampoo\/","name":"Champ\u00f4 para animais de estima\u00e7\u00e3o | Champ\u00f4 para c\u00e3es Fabricante - Petstar - Petstar","isPartOf":{"@id":"https:\/\/petproducts.com.cn\/#website"},"primaryImageOfPage":{"@id":"https:\/\/petproducts.com.cn\/product\/pet-shampoo-safe-dog-grooming-shampoo\/#primaryimage"},"image":{"@id":"https:\/\/petproducts.com.cn\/product\/pet-shampoo-safe-dog-grooming-shampoo\/#primaryimage"},"thumbnailUrl":"https:\/\/petproducts.com.cn\/wp-content\/uploads\/2024\/06\/pet-shampoo.webp","datePublished":"2024-06-06T02:44:56+00:00","dateModified":"2024-06-06T05:25:45+00:00","description":"Explore o champ\u00f4 para animais de estima\u00e7\u00e3o, champ\u00f4 para c\u00e3es, champ\u00f4 seguro para c\u00e3es diretamente do fabricante. A sua solu\u00e7\u00e3o comercial ideal com Petstar.","breadcrumb":{"@id":"https:\/\/petproducts.com.cn\/product\/pet-shampoo-safe-dog-grooming-shampoo\/#breadcrumb"},"inLanguage":"pt-PT","potentialAction":[{"@type":"ReadAction","target":["https:\/\/petproducts.com.cn\/product\/pet-shampoo-safe-dog-grooming-shampoo\/"]}]},{"@type":"ImageObject","inLanguage":"pt-PT","@id":"https:\/\/petproducts.com.cn\/product\/pet-shampoo-safe-dog-grooming-shampoo\/#primaryimage","url":"https:\/\/petproducts.com.cn\/wp-content\/uploads\/2024\/06\/pet-shampoo.webp","contentUrl":"https:\/\/petproducts.com.cn\/wp-content\/uploads\/2024\/06\/pet-shampoo.webp","width":1000,"height":1000,"caption":"pet shampoo"},{"@type":"BreadcrumbList","@id":"https:\/\/petproducts.com.cn\/product\/pet-shampoo-safe-dog-grooming-shampoo\/#breadcrumb","itemListElement":[{"@type":"ListItem","position":1,"name":"HOME","item":"https:\/\/petproducts.com.cn\/"},{"@type":"ListItem","position":2,"name":"Products","item":"https:\/\/petproducts.com.cn\/shop\/"},{"@type":"ListItem","position":3,"name":"Dog Grooming &amp; Cleaning Supplies","item":"https:\/\/petproducts.com.cn\/product-category\/dog-grooming-cleaning-supplies\/"},{"@type":"ListItem","position":4,"name":"Pet Shampoo Safe Dog Grooming Shampoo"}]},{"@type":"WebSite","@id":"https:\/\/petproducts.com.cn\/#website","url":"https:\/\/petproducts.com.cn\/","name":"Petstar","description":"Fabricante l\u00edder de artigos para animais de estima\u00e7\u00e3o e fornecedor de produtos OEM para animais de estima\u00e7\u00e3o","publisher":{"@id":"https:\/\/petproducts.com.cn\/#organization"},"alternateName":"Petstar Pet Supplies","potentialAction":[{"@type":"SearchAction","target":{"@type":"EntryPoint","urlTemplate":"https:\/\/petproducts.com.cn\/?s={search_term_string}"},"query-input":{"@type":"PropertyValueSpecification","valueRequired":true,"valueName":"search_term_string"}}],"inLanguage":"pt-PT"},{"@type":"Organization","@id":"https:\/\/petproducts.com.cn\/#organization","name":"Petstar","url":"https:\/\/petproducts.com.cn\/","logo":{"@type":"ImageObject","inLanguage":"pt-PT","@id":"https:\/\/petproducts.com.cn\/#\/schema\/logo\/image\/","url":"https:\/\/petproducts.com.cn\/wp-content\/uploads\/2020\/02\/petstar-logo.webp","contentUrl":"https:\/\/petproducts.com.cn\/wp-content\/uploads\/2020\/02\/petstar-logo.webp","width":779,"height":520,"caption":"Petstar"},"image":{"@id":"https:\/\/petproducts.com.cn\/#\/schema\/logo\/image\/"}}]}},"_links":{"self":[{"href":"https:\/\/petproducts.com.cn\/pt\/wp-json\/wp\/v2\/product\/24791","targetHints":{"allow":["GET"]}}],"collection":[{"href":"https:\/\/petproducts.com.cn\/pt\/wp-json\/wp\/v2\/product"}],"about":[{"href":"https:\/\/petproducts.com.cn\/pt\/wp-json\/wp\/v2\/types\/product"}],"version-history":[{"count":3,"href":"https:\/\/petproducts.com.cn\/pt\/wp-json\/wp\/v2\/product\/24791\/revisions"}],"predecessor-version":[{"id":24795,"href":"https:\/\/petproducts.com.cn\/pt\/wp-json\/wp\/v2\/product\/24791\/revisions\/24795"}],"wp:featuredmedia":[{"embeddable":true,"href":"https:\/\/petproducts.com.cn\/pt\/wp-json\/wp\/v2\/media\/24799"}],"wp:attachment":[{"href":"https:\/\/petproducts.com.cn\/pt\/wp-json\/wp\/v2\/media?parent=24791"}],"wp:term":[{"taxonomy":"product_brand","embeddable":true,"href":"https:\/\/petproducts.com.cn\/pt\/wp-json\/wp\/v2\/product_brand?post=24791"},{"taxonomy":"product_cat","embeddable":true,"href":"https:\/\/petproducts.com.cn\/pt\/wp-json\/wp\/v2\/product_cat?post=24791"},{"taxonomy":"product_tag","embeddable":true,"href":"https:\/\/petproducts.com.cn\/pt\/wp-json\/wp\/v2\/product_tag?post=24791"}],"curies":[{"name":"wp","href":"https:\/\/api.w.org\/{rel}","templated":true}]}}