{"id":24811,"date":"2024-06-06T06:10:08","date_gmt":"2024-06-06T06:10:08","guid":{"rendered":"https:\/\/petproducts.com.cn\/?post_type=product&#038;p=24811"},"modified":"2024-06-06T06:18:44","modified_gmt":"2024-06-06T06:18:44","slug":"pet-deodorizing-spray-dog-deodorant-spray-deodorizer","status":"publish","type":"product","link":"https:\/\/petproducts.com.cn\/pt\/product\/pet-deodorizing-spray-dog-deodorant-spray-deodorizer\/","title":{"rendered":"Spray desodorizante para animais de estima\u00e7\u00e3o Desodorizante para c\u00e3es Spray desodorizante"},"content":{"rendered":"<h2><strong>Caracter\u00edsticas do spray desodorizante para animais de estima\u00e7\u00e3o<\/strong><\/h2>\n<ol>\n<li><strong>Neutraliza\u00e7\u00e3o eficaz de odores<\/strong> Ir\u00e1 apreciar a forma como o nosso spray desodorizante para animais de estima\u00e7\u00e3o neutraliza eficazmente os odores desagrad\u00e1veis. Esta caracter\u00edstica garante que o seu animal de estima\u00e7\u00e3o tenha sempre um cheiro fresco, independentemente do seu n\u00edvel de atividade. A f\u00f3rmula potente atua diretamente na origem dos odores, eliminando-os.<\/li>\n<li><strong>Aroma fresco e duradouro<\/strong> O nosso spray desodorizante para c\u00e3es proporciona um aroma fresco e duradouro. Vai adorar a forma como mant\u00e9m o seu animal de estima\u00e7\u00e3o com um cheiro limpo durante longos per\u00edodos. A fragr\u00e2ncia agrad\u00e1vel \u00e9 perfeita para eliminar os odores dos animais de estima\u00e7\u00e3o, tornando a sua casa mais agrad\u00e1vel.<\/li>\n<li><strong>F\u00f3rmula segura e n\u00e3o t\u00f3xica<\/strong> A seguran\u00e7a \u00e9 uma prioridade m\u00e1xima do nosso desodorizante para c\u00e3es. Pode usar este spray com confian\u00e7a, sabendo que ele n\u00e3o cont\u00e9m produtos qu\u00edmicos nocivos. Esta f\u00f3rmula n\u00e3o t\u00f3xica garante a sa\u00fade e o bem-estar do seu animal de estima\u00e7\u00e3o, ao mesmo tempo que neutraliza eficazmente os odores.<\/li>\n<li><strong>Suave para a pele e o p\u00ealo<\/strong> O nosso spray desodorizante para animais de estima\u00e7\u00e3o \u00e9 suave para a pele e o p\u00ealo do seu animal. \u00c9 seguro para uso regular, mesmo em animais com pele sens\u00edvel. Esta caracter\u00edstica garante que o seu animal se mantenha confort\u00e1vel e sem irrita\u00e7\u00f5es, ao mesmo tempo que fica com um cheiro agrad\u00e1vel.<\/li>\n<li><strong>F\u00e1cil de utilizar<\/strong> Voc\u00ea vai achar o nosso spray desodorante para c\u00e3es f\u00e1cil de usar. O pr\u00e1tico frasco spray permite uma aplica\u00e7\u00e3o r\u00e1pida e uniforme. Essa facilidade de uso torna simples refrescar o seu animal de estima\u00e7\u00e3o a qualquer hora e em qualquer lugar.<\/li>\n<li><strong>Aplica\u00e7\u00e3o vers\u00e1til<\/strong> O nosso spray desodorizante para animais de estima\u00e7\u00e3o \u00e9 vers\u00e1til e adequado para todas as ra\u00e7as de c\u00e3es. Pode us\u00e1-lo no p\u00ealo, na cama e em outras \u00e1reas do seu animal de estima\u00e7\u00e3o para mant\u00ea-lo com um cheiro fresco. Essa versatilidade garante um controlo abrangente do odor em v\u00e1rias situa\u00e7\u00f5es.<\/li>\n<li><strong>Port\u00e1til e c\u00f3modo<\/strong> Ir\u00e1 apreciar o tamanho port\u00e1til do nosso frasco de 250 ml. Este tamanho compacto facilita o transporte e a utiliza\u00e7\u00e3o em viagem. A embalagem pr\u00e1tica \u00e9 perfeita para viagens ou retoques r\u00e1pidos durante o dia.<\/li>\n<\/ol>","protected":false},"excerpt":{"rendered":"<p>N\u00f3s somos fabricante de escova para animais de estima\u00e7\u00e3o com mais de 20 anos de experi\u00eancia. Oferecemos op\u00e7\u00f5es de personaliza\u00e7\u00e3o para cor, tamanho, tecido, padr\u00e3o, log\u00f3tipo e outras caracter\u00edsticas.<\/p>","protected":false},"featured_media":24816,"template":"","meta":{"_acf_changed":false},"product_brand":[],"product_cat":[137,71,136,72],"product_tag":[139,140],"class_list":{"0":"post-24811","1":"product","2":"type-product","3":"status-publish","4":"has-post-thumbnail","6":"product_cat-cat-grooming-cleaning-supplies","7":"product_cat-cat-supplies","8":"product_cat-dog-grooming-cleaning-supplies","9":"product_cat-dog-supplies","10":"product_tag-cat-grooming-cleaning-supplies","11":"product_tag-dog-grooming-cleaning-supplies","13":"first","14":"instock","15":"shipping-taxable","16":"product-type-simple"},"acf":[],"yoast_head":"<!-- This site is optimized with the Yoast SEO plugin v27.1.1 - https:\/\/yoast.com\/product\/yoast-seo-wordpress\/ -->\n<title>Pet Deodorizing Spray | Dog Deodorant Spray Manufacturer - Petstar - Petstar<\/title>\n<meta name=\"description\" content=\"Explore pet deodorizing spray, dog deodorant spray, and dog deodorizer directly from the manufacturer. Your ideal business solution with Petstar.\" \/>\n<meta name=\"robots\" content=\"index, follow, max-snippet:-1, max-image-preview:large, max-video-preview:-1\" \/>\n<link rel=\"canonical\" href=\"https:\/\/petproducts.com.cn\/pt\/produto\/pet-deodorizing-spray-dog-deodorant-spray-deodorizer\/\" \/>\n<meta property=\"og:locale\" content=\"pt_PT\" \/>\n<meta property=\"og:type\" content=\"article\" \/>\n<meta property=\"og:title\" content=\"Pet Deodorizing Spray | Dog Deodorant Spray Manufacturer - Petstar - Petstar\" \/>\n<meta property=\"og:description\" content=\"Explore pet deodorizing spray, dog deodorant spray, and dog deodorizer directly from the manufacturer. Your ideal business solution with Petstar.\" \/>\n<meta property=\"og:url\" content=\"https:\/\/petproducts.com.cn\/pt\/produto\/pet-deodorizing-spray-dog-deodorant-spray-deodorizer\/\" \/>\n<meta property=\"og:site_name\" content=\"Petstar\" \/>\n<meta property=\"article:modified_time\" content=\"2024-06-06T06:18:44+00:00\" \/>\n<meta property=\"og:image\" content=\"https:\/\/petproducts.com.cn\/wp-content\/uploads\/2024\/06\/pet-deodorizing-spray.webp\" \/>\n\t<meta property=\"og:image:width\" content=\"1000\" \/>\n\t<meta property=\"og:image:height\" content=\"1000\" \/>\n\t<meta property=\"og:image:type\" content=\"image\/webp\" \/>\n<meta name=\"twitter:card\" content=\"summary_large_image\" \/>\n<meta name=\"twitter:label1\" content=\"Tempo estimado de leitura\" \/>\n\t<meta name=\"twitter:data1\" content=\"2 minutos\" \/>\n<script type=\"application\/ld+json\" class=\"yoast-schema-graph\">{\"@context\":\"https:\/\/schema.org\",\"@graph\":[{\"@type\":\"WebPage\",\"@id\":\"https:\/\/petproducts.com.cn\/product\/pet-deodorizing-spray-dog-deodorant-spray-deodorizer\/\",\"url\":\"https:\/\/petproducts.com.cn\/product\/pet-deodorizing-spray-dog-deodorant-spray-deodorizer\/\",\"name\":\"Pet Deodorizing Spray | Dog Deodorant Spray Manufacturer - Petstar - Petstar\",\"isPartOf\":{\"@id\":\"https:\/\/petproducts.com.cn\/#website\"},\"primaryImageOfPage\":{\"@id\":\"https:\/\/petproducts.com.cn\/product\/pet-deodorizing-spray-dog-deodorant-spray-deodorizer\/#primaryimage\"},\"image\":{\"@id\":\"https:\/\/petproducts.com.cn\/product\/pet-deodorizing-spray-dog-deodorant-spray-deodorizer\/#primaryimage\"},\"thumbnailUrl\":\"https:\/\/petproducts.com.cn\/wp-content\/uploads\/2024\/06\/pet-deodorizing-spray.webp\",\"datePublished\":\"2024-06-06T06:10:08+00:00\",\"dateModified\":\"2024-06-06T06:18:44+00:00\",\"description\":\"Explore pet deodorizing spray, dog deodorant spray, and dog deodorizer directly from the manufacturer. Your ideal business solution with Petstar.\",\"breadcrumb\":{\"@id\":\"https:\/\/petproducts.com.cn\/product\/pet-deodorizing-spray-dog-deodorant-spray-deodorizer\/#breadcrumb\"},\"inLanguage\":\"pt-PT\",\"potentialAction\":[{\"@type\":\"ReadAction\",\"target\":[\"https:\/\/petproducts.com.cn\/product\/pet-deodorizing-spray-dog-deodorant-spray-deodorizer\/\"]}]},{\"@type\":\"ImageObject\",\"inLanguage\":\"pt-PT\",\"@id\":\"https:\/\/petproducts.com.cn\/product\/pet-deodorizing-spray-dog-deodorant-spray-deodorizer\/#primaryimage\",\"url\":\"https:\/\/petproducts.com.cn\/wp-content\/uploads\/2024\/06\/pet-deodorizing-spray.webp\",\"contentUrl\":\"https:\/\/petproducts.com.cn\/wp-content\/uploads\/2024\/06\/pet-deodorizing-spray.webp\",\"width\":1000,\"height\":1000,\"caption\":\"pet deodorizing spray\"},{\"@type\":\"BreadcrumbList\",\"@id\":\"https:\/\/petproducts.com.cn\/product\/pet-deodorizing-spray-dog-deodorant-spray-deodorizer\/#breadcrumb\",\"itemListElement\":[{\"@type\":\"ListItem\",\"position\":1,\"name\":\"HOME\",\"item\":\"https:\/\/petproducts.com.cn\/\"},{\"@type\":\"ListItem\",\"position\":2,\"name\":\"Products\",\"item\":\"https:\/\/petproducts.com.cn\/shop\/\"},{\"@type\":\"ListItem\",\"position\":3,\"name\":\"Dog Grooming &amp; Cleaning Supplies\",\"item\":\"https:\/\/petproducts.com.cn\/product-category\/dog-grooming-cleaning-supplies\/\"},{\"@type\":\"ListItem\",\"position\":4,\"name\":\"Pet Deodorizing Spray Dog Deodorant Spray Deodorizer\"}]},{\"@type\":\"WebSite\",\"@id\":\"https:\/\/petproducts.com.cn\/#website\",\"url\":\"https:\/\/petproducts.com.cn\/\",\"name\":\"Petstar\",\"description\":\"Leading Pet Supplies Manufacturer &amp; OEM Pet Products Supplier\",\"publisher\":{\"@id\":\"https:\/\/petproducts.com.cn\/#organization\"},\"alternateName\":\"Petstar Pet Supplies\",\"potentialAction\":[{\"@type\":\"SearchAction\",\"target\":{\"@type\":\"EntryPoint\",\"urlTemplate\":\"https:\/\/petproducts.com.cn\/?s={search_term_string}\"},\"query-input\":{\"@type\":\"PropertyValueSpecification\",\"valueRequired\":true,\"valueName\":\"search_term_string\"}}],\"inLanguage\":\"pt-PT\"},{\"@type\":\"Organization\",\"@id\":\"https:\/\/petproducts.com.cn\/#organization\",\"name\":\"Petstar\",\"url\":\"https:\/\/petproducts.com.cn\/\",\"logo\":{\"@type\":\"ImageObject\",\"inLanguage\":\"pt-PT\",\"@id\":\"https:\/\/petproducts.com.cn\/#\/schema\/logo\/image\/\",\"url\":\"https:\/\/petproducts.com.cn\/wp-content\/uploads\/2020\/02\/petstar-logo.webp\",\"contentUrl\":\"https:\/\/petproducts.com.cn\/wp-content\/uploads\/2020\/02\/petstar-logo.webp\",\"width\":779,\"height\":520,\"caption\":\"Petstar\"},\"image\":{\"@id\":\"https:\/\/petproducts.com.cn\/#\/schema\/logo\/image\/\"}}]}<\/script>\n<!-- \/ Yoast SEO plugin. -->","yoast_head_json":{"title":"Spray desodorizante para animais de estima\u00e7\u00e3o | Fabricante de spray desodorizante para c\u00e3es - Petstar - Petstar","description":"Explore o spray desodorizante para animais de estima\u00e7\u00e3o, o spray desodorizante para c\u00e3es e o desodorizante para c\u00e3es diretamente do fabricante. A sua solu\u00e7\u00e3o comercial ideal com a Petstar.","robots":{"index":"index","follow":"follow","max-snippet":"max-snippet:-1","max-image-preview":"max-image-preview:large","max-video-preview":"max-video-preview:-1"},"canonical":"https:\/\/petproducts.com.cn\/pt\/produto\/pet-deodorizing-spray-dog-deodorant-spray-deodorizer\/","og_locale":"pt_PT","og_type":"article","og_title":"Pet Deodorizing Spray | Dog Deodorant Spray Manufacturer - Petstar - Petstar","og_description":"Explore pet deodorizing spray, dog deodorant spray, and dog deodorizer directly from the manufacturer. Your ideal business solution with Petstar.","og_url":"https:\/\/petproducts.com.cn\/pt\/produto\/pet-deodorizing-spray-dog-deodorant-spray-deodorizer\/","og_site_name":"Petstar","article_modified_time":"2024-06-06T06:18:44+00:00","og_image":[{"width":1000,"height":1000,"url":"https:\/\/petproducts.com.cn\/wp-content\/uploads\/2024\/06\/pet-deodorizing-spray.webp","type":"image\/webp"}],"twitter_card":"summary_large_image","twitter_misc":{"Tempo estimado de leitura":"2 minutos"},"schema":{"@context":"https:\/\/schema.org","@graph":[{"@type":"WebPage","@id":"https:\/\/petproducts.com.cn\/product\/pet-deodorizing-spray-dog-deodorant-spray-deodorizer\/","url":"https:\/\/petproducts.com.cn\/product\/pet-deodorizing-spray-dog-deodorant-spray-deodorizer\/","name":"Spray desodorizante para animais de estima\u00e7\u00e3o | Fabricante de spray desodorizante para c\u00e3es - Petstar - Petstar","isPartOf":{"@id":"https:\/\/petproducts.com.cn\/#website"},"primaryImageOfPage":{"@id":"https:\/\/petproducts.com.cn\/product\/pet-deodorizing-spray-dog-deodorant-spray-deodorizer\/#primaryimage"},"image":{"@id":"https:\/\/petproducts.com.cn\/product\/pet-deodorizing-spray-dog-deodorant-spray-deodorizer\/#primaryimage"},"thumbnailUrl":"https:\/\/petproducts.com.cn\/wp-content\/uploads\/2024\/06\/pet-deodorizing-spray.webp","datePublished":"2024-06-06T06:10:08+00:00","dateModified":"2024-06-06T06:18:44+00:00","description":"Explore o spray desodorizante para animais de estima\u00e7\u00e3o, o spray desodorizante para c\u00e3es e o desodorizante para c\u00e3es diretamente do fabricante. A sua solu\u00e7\u00e3o comercial ideal com a Petstar.","breadcrumb":{"@id":"https:\/\/petproducts.com.cn\/product\/pet-deodorizing-spray-dog-deodorant-spray-deodorizer\/#breadcrumb"},"inLanguage":"pt-PT","potentialAction":[{"@type":"ReadAction","target":["https:\/\/petproducts.com.cn\/product\/pet-deodorizing-spray-dog-deodorant-spray-deodorizer\/"]}]},{"@type":"ImageObject","inLanguage":"pt-PT","@id":"https:\/\/petproducts.com.cn\/product\/pet-deodorizing-spray-dog-deodorant-spray-deodorizer\/#primaryimage","url":"https:\/\/petproducts.com.cn\/wp-content\/uploads\/2024\/06\/pet-deodorizing-spray.webp","contentUrl":"https:\/\/petproducts.com.cn\/wp-content\/uploads\/2024\/06\/pet-deodorizing-spray.webp","width":1000,"height":1000,"caption":"pet deodorizing spray"},{"@type":"BreadcrumbList","@id":"https:\/\/petproducts.com.cn\/product\/pet-deodorizing-spray-dog-deodorant-spray-deodorizer\/#breadcrumb","itemListElement":[{"@type":"ListItem","position":1,"name":"HOME","item":"https:\/\/petproducts.com.cn\/"},{"@type":"ListItem","position":2,"name":"Products","item":"https:\/\/petproducts.com.cn\/shop\/"},{"@type":"ListItem","position":3,"name":"Dog Grooming &amp; Cleaning Supplies","item":"https:\/\/petproducts.com.cn\/product-category\/dog-grooming-cleaning-supplies\/"},{"@type":"ListItem","position":4,"name":"Pet Deodorizing Spray Dog Deodorant Spray Deodorizer"}]},{"@type":"WebSite","@id":"https:\/\/petproducts.com.cn\/#website","url":"https:\/\/petproducts.com.cn\/","name":"Petstar","description":"Fabricante l\u00edder de artigos para animais de estima\u00e7\u00e3o e fornecedor de produtos OEM para animais de estima\u00e7\u00e3o","publisher":{"@id":"https:\/\/petproducts.com.cn\/#organization"},"alternateName":"Petstar Pet Supplies","potentialAction":[{"@type":"SearchAction","target":{"@type":"EntryPoint","urlTemplate":"https:\/\/petproducts.com.cn\/?s={search_term_string}"},"query-input":{"@type":"PropertyValueSpecification","valueRequired":true,"valueName":"search_term_string"}}],"inLanguage":"pt-PT"},{"@type":"Organization","@id":"https:\/\/petproducts.com.cn\/#organization","name":"Petstar","url":"https:\/\/petproducts.com.cn\/","logo":{"@type":"ImageObject","inLanguage":"pt-PT","@id":"https:\/\/petproducts.com.cn\/#\/schema\/logo\/image\/","url":"https:\/\/petproducts.com.cn\/wp-content\/uploads\/2020\/02\/petstar-logo.webp","contentUrl":"https:\/\/petproducts.com.cn\/wp-content\/uploads\/2020\/02\/petstar-logo.webp","width":779,"height":520,"caption":"Petstar"},"image":{"@id":"https:\/\/petproducts.com.cn\/#\/schema\/logo\/image\/"}}]}},"_links":{"self":[{"href":"https:\/\/petproducts.com.cn\/pt\/wp-json\/wp\/v2\/product\/24811","targetHints":{"allow":["GET"]}}],"collection":[{"href":"https:\/\/petproducts.com.cn\/pt\/wp-json\/wp\/v2\/product"}],"about":[{"href":"https:\/\/petproducts.com.cn\/pt\/wp-json\/wp\/v2\/types\/product"}],"version-history":[{"count":2,"href":"https:\/\/petproducts.com.cn\/pt\/wp-json\/wp\/v2\/product\/24811\/revisions"}],"predecessor-version":[{"id":24819,"href":"https:\/\/petproducts.com.cn\/pt\/wp-json\/wp\/v2\/product\/24811\/revisions\/24819"}],"wp:featuredmedia":[{"embeddable":true,"href":"https:\/\/petproducts.com.cn\/pt\/wp-json\/wp\/v2\/media\/24816"}],"wp:attachment":[{"href":"https:\/\/petproducts.com.cn\/pt\/wp-json\/wp\/v2\/media?parent=24811"}],"wp:term":[{"taxonomy":"product_brand","embeddable":true,"href":"https:\/\/petproducts.com.cn\/pt\/wp-json\/wp\/v2\/product_brand?post=24811"},{"taxonomy":"product_cat","embeddable":true,"href":"https:\/\/petproducts.com.cn\/pt\/wp-json\/wp\/v2\/product_cat?post=24811"},{"taxonomy":"product_tag","embeddable":true,"href":"https:\/\/petproducts.com.cn\/pt\/wp-json\/wp\/v2\/product_tag?post=24811"}],"curies":[{"name":"wp","href":"https:\/\/api.w.org\/{rel}","templated":true}]}}