{"id":24893,"date":"2024-06-11T05:52:18","date_gmt":"2024-06-11T05:52:18","guid":{"rendered":"https:\/\/petproducts.com.cn\/?post_type=product&#038;p=24893"},"modified":"2024-06-11T06:08:43","modified_gmt":"2024-06-11T06:08:43","slug":"dog-spray-natural-pet-dog-deodorizer-spray","status":"publish","type":"product","link":"https:\/\/petproducts.com.cn\/pt\/product\/dog-spray-natural-pet-dog-deodorizer-spray\/","title":{"rendered":"Dog Spray Desodorizante Natural para C\u00e3es de Estima\u00e7\u00e3o"},"content":{"rendered":"<h2><strong>Carater\u00edsticas do spray para c\u00e3es <\/strong><\/h2>\n<ul>\n<li><strong>Controlo eficaz de odores<\/strong> O nosso spray para c\u00e3es proporciona um poderoso controlo dos odores, eliminando instantaneamente os cheiros desagrad\u00e1veis. Ir\u00e1 apreciar a forma como deixa o seu animal de estima\u00e7\u00e3o com um cheiro fresco e limpo. Esta carater\u00edstica garante que a sua casa permanece livre de odores de animais de estima\u00e7\u00e3o.<\/li>\n<li><strong>Aroma fresco<\/strong> Desfrute do aroma refrescante do nosso spray desodorizante para c\u00e3es. Deixa uma fragr\u00e2ncia agrad\u00e1vel que perdura, tornando o seu animal de estima\u00e7\u00e3o mais agrad\u00e1vel de estar por perto. Este aroma fresco \u00e9 perfeito para manter uma atmosfera limpa e convidativa.<\/li>\n<li><strong>Seguro e n\u00e3o t\u00f3xico<\/strong> A seguran\u00e7a \u00e9 a nossa prioridade, e sentir-se-\u00e1 confiante ao utilizar o nosso spray n\u00e3o t\u00f3xico para c\u00e3es. \u00c9 formulado com ingredientes naturais que s\u00e3o suaves para a pele e o pelo do seu animal de estima\u00e7\u00e3o. Esta seguran\u00e7a garante que \u00e9 adequado para uma utiliza\u00e7\u00e3o regular.<\/li>\n<li><strong>Propriedades antibacterianas<\/strong> O nosso spray desodorizante natural para animais de estima\u00e7\u00e3o inclui propriedades antibacterianas. \u00c9 eficaz na redu\u00e7\u00e3o das bact\u00e9rias que causam os odores. Esta a\u00e7\u00e3o antibacteriana mant\u00e9m o seu animal de estima\u00e7\u00e3o mais saud\u00e1vel e limpo.<\/li>\n<li><strong>F\u00f3rmula calmante<\/strong> Vai adorar a forma como o nosso spray acalma a pele do seu animal de estima\u00e7\u00e3o. Foi concebido para ser suave e calmante, reduzindo a irrita\u00e7\u00e3o e o desconforto. Esta f\u00f3rmula calmante torna-o ideal para animais de estima\u00e7\u00e3o com pele sens\u00edvel.<\/li>\n<\/ul>","protected":false},"excerpt":{"rendered":"<p>N\u00f3s somos fabricante de escova para animais de estima\u00e7\u00e3o com mais de 20 anos de experi\u00eancia. Oferecemos op\u00e7\u00f5es de personaliza\u00e7\u00e3o para cor, tamanho, tecido, padr\u00e3o, log\u00f3tipo e outras caracter\u00edsticas.<\/p>","protected":false},"featured_media":24897,"template":"","meta":{"_acf_changed":false},"product_brand":[],"product_cat":[137,71,136,72],"product_tag":[139,140],"class_list":{"0":"post-24893","1":"product","2":"type-product","3":"status-publish","4":"has-post-thumbnail","6":"product_cat-cat-grooming-cleaning-supplies","7":"product_cat-cat-supplies","8":"product_cat-dog-grooming-cleaning-supplies","9":"product_cat-dog-supplies","10":"product_tag-cat-grooming-cleaning-supplies","11":"product_tag-dog-grooming-cleaning-supplies","13":"first","14":"instock","15":"shipping-taxable","16":"product-type-simple"},"acf":[],"yoast_head":"<!-- This site is optimized with the Yoast SEO plugin v27.1.1 - https:\/\/yoast.com\/product\/yoast-seo-wordpress\/ -->\n<title>Dog Spray | Dog Deodorizer Spray Manufacturer - Petstar - Petstar<\/title>\n<meta name=\"description\" content=\"Explore dog spray, dog deodorizer spray, natural pet deodorizer spray directly from the manufacturer. Your ideal business solution with Petstar.\" \/>\n<meta name=\"robots\" content=\"index, follow, max-snippet:-1, max-image-preview:large, max-video-preview:-1\" \/>\n<link rel=\"canonical\" href=\"https:\/\/petproducts.com.cn\/pt\/produto\/dog-spray-natural-pet-dog-deodorizer-spray\/\" \/>\n<meta property=\"og:locale\" content=\"pt_PT\" \/>\n<meta property=\"og:type\" content=\"article\" \/>\n<meta property=\"og:title\" content=\"Dog Spray | Dog Deodorizer Spray Manufacturer - Petstar - Petstar\" \/>\n<meta property=\"og:description\" content=\"Explore dog spray, dog deodorizer spray, natural pet deodorizer spray directly from the manufacturer. Your ideal business solution with Petstar.\" \/>\n<meta property=\"og:url\" content=\"https:\/\/petproducts.com.cn\/pt\/produto\/dog-spray-natural-pet-dog-deodorizer-spray\/\" \/>\n<meta property=\"og:site_name\" content=\"Petstar\" \/>\n<meta property=\"article:modified_time\" content=\"2024-06-11T06:08:43+00:00\" \/>\n<meta property=\"og:image\" content=\"https:\/\/petproducts.com.cn\/wp-content\/uploads\/2024\/06\/Dog-Spray.webp\" \/>\n\t<meta property=\"og:image:width\" content=\"1000\" \/>\n\t<meta property=\"og:image:height\" content=\"1000\" \/>\n\t<meta property=\"og:image:type\" content=\"image\/webp\" \/>\n<meta name=\"twitter:card\" content=\"summary_large_image\" \/>\n<meta name=\"twitter:label1\" content=\"Tempo estimado de leitura\" \/>\n\t<meta name=\"twitter:data1\" content=\"2 minutos\" \/>\n<script type=\"application\/ld+json\" class=\"yoast-schema-graph\">{\"@context\":\"https:\/\/schema.org\",\"@graph\":[{\"@type\":\"WebPage\",\"@id\":\"https:\/\/petproducts.com.cn\/product\/dog-spray-natural-pet-dog-deodorizer-spray\/\",\"url\":\"https:\/\/petproducts.com.cn\/product\/dog-spray-natural-pet-dog-deodorizer-spray\/\",\"name\":\"Dog Spray | Dog Deodorizer Spray Manufacturer - Petstar - Petstar\",\"isPartOf\":{\"@id\":\"https:\/\/petproducts.com.cn\/#website\"},\"primaryImageOfPage\":{\"@id\":\"https:\/\/petproducts.com.cn\/product\/dog-spray-natural-pet-dog-deodorizer-spray\/#primaryimage\"},\"image\":{\"@id\":\"https:\/\/petproducts.com.cn\/product\/dog-spray-natural-pet-dog-deodorizer-spray\/#primaryimage\"},\"thumbnailUrl\":\"https:\/\/petproducts.com.cn\/wp-content\/uploads\/2024\/06\/Dog-Spray.webp\",\"datePublished\":\"2024-06-11T05:52:18+00:00\",\"dateModified\":\"2024-06-11T06:08:43+00:00\",\"description\":\"Explore dog spray, dog deodorizer spray, natural pet deodorizer spray directly from the manufacturer. Your ideal business solution with Petstar.\",\"breadcrumb\":{\"@id\":\"https:\/\/petproducts.com.cn\/product\/dog-spray-natural-pet-dog-deodorizer-spray\/#breadcrumb\"},\"inLanguage\":\"pt-PT\",\"potentialAction\":[{\"@type\":\"ReadAction\",\"target\":[\"https:\/\/petproducts.com.cn\/product\/dog-spray-natural-pet-dog-deodorizer-spray\/\"]}]},{\"@type\":\"ImageObject\",\"inLanguage\":\"pt-PT\",\"@id\":\"https:\/\/petproducts.com.cn\/product\/dog-spray-natural-pet-dog-deodorizer-spray\/#primaryimage\",\"url\":\"https:\/\/petproducts.com.cn\/wp-content\/uploads\/2024\/06\/Dog-Spray.webp\",\"contentUrl\":\"https:\/\/petproducts.com.cn\/wp-content\/uploads\/2024\/06\/Dog-Spray.webp\",\"width\":1000,\"height\":1000,\"caption\":\"Dog Spray\"},{\"@type\":\"BreadcrumbList\",\"@id\":\"https:\/\/petproducts.com.cn\/product\/dog-spray-natural-pet-dog-deodorizer-spray\/#breadcrumb\",\"itemListElement\":[{\"@type\":\"ListItem\",\"position\":1,\"name\":\"HOME\",\"item\":\"https:\/\/petproducts.com.cn\/\"},{\"@type\":\"ListItem\",\"position\":2,\"name\":\"Products\",\"item\":\"https:\/\/petproducts.com.cn\/shop\/\"},{\"@type\":\"ListItem\",\"position\":3,\"name\":\"Dog Grooming &amp; Cleaning Supplies\",\"item\":\"https:\/\/petproducts.com.cn\/product-category\/dog-grooming-cleaning-supplies\/\"},{\"@type\":\"ListItem\",\"position\":4,\"name\":\"Dog Spray Natural Pet Dog Deodorizer Spray\"}]},{\"@type\":\"WebSite\",\"@id\":\"https:\/\/petproducts.com.cn\/#website\",\"url\":\"https:\/\/petproducts.com.cn\/\",\"name\":\"Petstar\",\"description\":\"Leading Pet Supplies Manufacturer &amp; OEM Pet Products Supplier\",\"publisher\":{\"@id\":\"https:\/\/petproducts.com.cn\/#organization\"},\"alternateName\":\"Petstar Pet Supplies\",\"potentialAction\":[{\"@type\":\"SearchAction\",\"target\":{\"@type\":\"EntryPoint\",\"urlTemplate\":\"https:\/\/petproducts.com.cn\/?s={search_term_string}\"},\"query-input\":{\"@type\":\"PropertyValueSpecification\",\"valueRequired\":true,\"valueName\":\"search_term_string\"}}],\"inLanguage\":\"pt-PT\"},{\"@type\":\"Organization\",\"@id\":\"https:\/\/petproducts.com.cn\/#organization\",\"name\":\"Petstar\",\"url\":\"https:\/\/petproducts.com.cn\/\",\"logo\":{\"@type\":\"ImageObject\",\"inLanguage\":\"pt-PT\",\"@id\":\"https:\/\/petproducts.com.cn\/#\/schema\/logo\/image\/\",\"url\":\"https:\/\/petproducts.com.cn\/wp-content\/uploads\/2020\/02\/petstar-logo.webp\",\"contentUrl\":\"https:\/\/petproducts.com.cn\/wp-content\/uploads\/2020\/02\/petstar-logo.webp\",\"width\":779,\"height\":520,\"caption\":\"Petstar\"},\"image\":{\"@id\":\"https:\/\/petproducts.com.cn\/#\/schema\/logo\/image\/\"}}]}<\/script>\n<!-- \/ Yoast SEO plugin. -->","yoast_head_json":{"title":"Pulverizador para c\u00e3es | Desodorizante para c\u00e3es Fabricante - Petstar - Petstar","description":"Explore o spray para c\u00e3es, spray desodorizante para c\u00e3es, spray desodorizante natural para animais de estima\u00e7\u00e3o diretamente do fabricante. A sua solu\u00e7\u00e3o comercial ideal com Petstar.","robots":{"index":"index","follow":"follow","max-snippet":"max-snippet:-1","max-image-preview":"max-image-preview:large","max-video-preview":"max-video-preview:-1"},"canonical":"https:\/\/petproducts.com.cn\/pt\/produto\/dog-spray-natural-pet-dog-deodorizer-spray\/","og_locale":"pt_PT","og_type":"article","og_title":"Dog Spray | Dog Deodorizer Spray Manufacturer - Petstar - Petstar","og_description":"Explore dog spray, dog deodorizer spray, natural pet deodorizer spray directly from the manufacturer. Your ideal business solution with Petstar.","og_url":"https:\/\/petproducts.com.cn\/pt\/produto\/dog-spray-natural-pet-dog-deodorizer-spray\/","og_site_name":"Petstar","article_modified_time":"2024-06-11T06:08:43+00:00","og_image":[{"width":1000,"height":1000,"url":"https:\/\/petproducts.com.cn\/wp-content\/uploads\/2024\/06\/Dog-Spray.webp","type":"image\/webp"}],"twitter_card":"summary_large_image","twitter_misc":{"Tempo estimado de leitura":"2 minutos"},"schema":{"@context":"https:\/\/schema.org","@graph":[{"@type":"WebPage","@id":"https:\/\/petproducts.com.cn\/product\/dog-spray-natural-pet-dog-deodorizer-spray\/","url":"https:\/\/petproducts.com.cn\/product\/dog-spray-natural-pet-dog-deodorizer-spray\/","name":"Pulverizador para c\u00e3es | Desodorizante para c\u00e3es Fabricante - Petstar - Petstar","isPartOf":{"@id":"https:\/\/petproducts.com.cn\/#website"},"primaryImageOfPage":{"@id":"https:\/\/petproducts.com.cn\/product\/dog-spray-natural-pet-dog-deodorizer-spray\/#primaryimage"},"image":{"@id":"https:\/\/petproducts.com.cn\/product\/dog-spray-natural-pet-dog-deodorizer-spray\/#primaryimage"},"thumbnailUrl":"https:\/\/petproducts.com.cn\/wp-content\/uploads\/2024\/06\/Dog-Spray.webp","datePublished":"2024-06-11T05:52:18+00:00","dateModified":"2024-06-11T06:08:43+00:00","description":"Explore o spray para c\u00e3es, spray desodorizante para c\u00e3es, spray desodorizante natural para animais de estima\u00e7\u00e3o diretamente do fabricante. A sua solu\u00e7\u00e3o comercial ideal com Petstar.","breadcrumb":{"@id":"https:\/\/petproducts.com.cn\/product\/dog-spray-natural-pet-dog-deodorizer-spray\/#breadcrumb"},"inLanguage":"pt-PT","potentialAction":[{"@type":"ReadAction","target":["https:\/\/petproducts.com.cn\/product\/dog-spray-natural-pet-dog-deodorizer-spray\/"]}]},{"@type":"ImageObject","inLanguage":"pt-PT","@id":"https:\/\/petproducts.com.cn\/product\/dog-spray-natural-pet-dog-deodorizer-spray\/#primaryimage","url":"https:\/\/petproducts.com.cn\/wp-content\/uploads\/2024\/06\/Dog-Spray.webp","contentUrl":"https:\/\/petproducts.com.cn\/wp-content\/uploads\/2024\/06\/Dog-Spray.webp","width":1000,"height":1000,"caption":"Dog Spray"},{"@type":"BreadcrumbList","@id":"https:\/\/petproducts.com.cn\/product\/dog-spray-natural-pet-dog-deodorizer-spray\/#breadcrumb","itemListElement":[{"@type":"ListItem","position":1,"name":"HOME","item":"https:\/\/petproducts.com.cn\/"},{"@type":"ListItem","position":2,"name":"Products","item":"https:\/\/petproducts.com.cn\/shop\/"},{"@type":"ListItem","position":3,"name":"Dog Grooming &amp; Cleaning Supplies","item":"https:\/\/petproducts.com.cn\/product-category\/dog-grooming-cleaning-supplies\/"},{"@type":"ListItem","position":4,"name":"Dog Spray Natural Pet Dog Deodorizer Spray"}]},{"@type":"WebSite","@id":"https:\/\/petproducts.com.cn\/#website","url":"https:\/\/petproducts.com.cn\/","name":"Petstar","description":"Fabricante l\u00edder de artigos para animais de estima\u00e7\u00e3o e fornecedor de produtos OEM para animais de estima\u00e7\u00e3o","publisher":{"@id":"https:\/\/petproducts.com.cn\/#organization"},"alternateName":"Petstar Pet Supplies","potentialAction":[{"@type":"SearchAction","target":{"@type":"EntryPoint","urlTemplate":"https:\/\/petproducts.com.cn\/?s={search_term_string}"},"query-input":{"@type":"PropertyValueSpecification","valueRequired":true,"valueName":"search_term_string"}}],"inLanguage":"pt-PT"},{"@type":"Organization","@id":"https:\/\/petproducts.com.cn\/#organization","name":"Petstar","url":"https:\/\/petproducts.com.cn\/","logo":{"@type":"ImageObject","inLanguage":"pt-PT","@id":"https:\/\/petproducts.com.cn\/#\/schema\/logo\/image\/","url":"https:\/\/petproducts.com.cn\/wp-content\/uploads\/2020\/02\/petstar-logo.webp","contentUrl":"https:\/\/petproducts.com.cn\/wp-content\/uploads\/2020\/02\/petstar-logo.webp","width":779,"height":520,"caption":"Petstar"},"image":{"@id":"https:\/\/petproducts.com.cn\/#\/schema\/logo\/image\/"}}]}},"_links":{"self":[{"href":"https:\/\/petproducts.com.cn\/pt\/wp-json\/wp\/v2\/product\/24893","targetHints":{"allow":["GET"]}}],"collection":[{"href":"https:\/\/petproducts.com.cn\/pt\/wp-json\/wp\/v2\/product"}],"about":[{"href":"https:\/\/petproducts.com.cn\/pt\/wp-json\/wp\/v2\/types\/product"}],"version-history":[{"count":2,"href":"https:\/\/petproducts.com.cn\/pt\/wp-json\/wp\/v2\/product\/24893\/revisions"}],"predecessor-version":[{"id":24895,"href":"https:\/\/petproducts.com.cn\/pt\/wp-json\/wp\/v2\/product\/24893\/revisions\/24895"}],"wp:featuredmedia":[{"embeddable":true,"href":"https:\/\/petproducts.com.cn\/pt\/wp-json\/wp\/v2\/media\/24897"}],"wp:attachment":[{"href":"https:\/\/petproducts.com.cn\/pt\/wp-json\/wp\/v2\/media?parent=24893"}],"wp:term":[{"taxonomy":"product_brand","embeddable":true,"href":"https:\/\/petproducts.com.cn\/pt\/wp-json\/wp\/v2\/product_brand?post=24893"},{"taxonomy":"product_cat","embeddable":true,"href":"https:\/\/petproducts.com.cn\/pt\/wp-json\/wp\/v2\/product_cat?post=24893"},{"taxonomy":"product_tag","embeddable":true,"href":"https:\/\/petproducts.com.cn\/pt\/wp-json\/wp\/v2\/product_tag?post=24893"}],"curies":[{"name":"wp","href":"https:\/\/api.w.org\/{rel}","templated":true}]}}