{"id":24968,"date":"2024-06-13T01:31:38","date_gmt":"2024-06-13T01:31:38","guid":{"rendered":"https:\/\/petproducts.com.cn\/?post_type=product&#038;p=24968"},"modified":"2024-06-13T03:03:47","modified_gmt":"2024-06-13T03:03:47","slug":"dog-fur-conditioner-professional-dog-grooming-conditioner","status":"publish","type":"product","link":"https:\/\/petproducts.com.cn\/pt\/product\/dog-fur-conditioner-professional-dog-grooming-conditioner\/","title":{"rendered":"Dog Fur Conditioner Condicionador profissional para o cuidado do pelo do c\u00e3o"},"content":{"rendered":"<h2><strong>Caracter\u00edsticas do condicionador de pelo de c\u00e3o<\/strong><\/h2>\n<ul>\n<li><strong>Tamanho de 500 ml para uma utiliza\u00e7\u00e3o duradoura<\/strong> O nosso amaciador de pelo de c\u00e3o de 500 ml proporciona uma utiliza\u00e7\u00e3o duradoura, tornando-o numa adi\u00e7\u00e3o econ\u00f3mica \u00e0 sua rotina de cuidados com o animal de estima\u00e7\u00e3o. Este tamanho generoso garante que tem bastante produto para manter o pelo do seu c\u00e3o nas melhores condi\u00e7\u00f5es.<\/li>\n<li><strong>F\u00f3rmula com pH equilibrado<\/strong> Apreciar\u00e1 a f\u00f3rmula com pH equilibrado que protege a pele do seu c\u00e3o. Este amaciador mant\u00e9m os n\u00edveis naturais de pH da pele do seu animal de estima\u00e7\u00e3o, evitando irrita\u00e7\u00f5es e promovendo a sa\u00fade geral da pele. Um pH equilibrado \u00e9 crucial para um pelo saud\u00e1vel e brilhante.<\/li>\n<li><strong>Alivia a comich\u00e3o<\/strong> O seu c\u00e3o ir\u00e1 sentir al\u00edvio da comich\u00e3o com o nosso amaciador profissional para c\u00e3es. Os ingredientes calmantes aliviam o desconforto causado pela pele seca ou por alergias, assegurando que o seu animal de estima\u00e7\u00e3o se mant\u00e9m confort\u00e1vel e feliz. Este al\u00edvio da comich\u00e3o tamb\u00e9m ajuda a reduzir o co\u00e7ar e os potenciais danos na pele.<\/li>\n<li><strong>Controlo de odores com aroma fresco<\/strong> Vai adorar o aroma fresco que o nosso amaciador para c\u00e3es proporciona. Esta f\u00f3rmula neutraliza os odores e deixa o seu c\u00e3o a cheirar a limpo e fresco durante mais tempo. O controlo eficaz dos odores garante que o seu animal de estima\u00e7\u00e3o est\u00e1 sempre pronto para receber mimos e brincar.<\/li>\n<li><strong>Alivia as alergias<\/strong> O seu c\u00e3o beneficiar\u00e1 das propriedades anti-al\u00e9rgicas do nosso amaciador. Acalma as reac\u00e7\u00f5es al\u00e9rgicas e reduz a inflama\u00e7\u00e3o, proporcionando conforto aos animais de estima\u00e7\u00e3o com pele sens\u00edvel. Esta carater\u00edstica \u00e9 especialmente ben\u00e9fica para c\u00e3es propensos a alergias cut\u00e2neas.<\/li>\n<li><strong>Seguro e n\u00e3o t\u00f3xico<\/strong> Pode confiar que o nosso amaciador de pelo de c\u00e3o \u00e9 seguro e n\u00e3o t\u00f3xico. \u00c9 formulado com ingredientes suaves que s\u00e3o gentis com a pele e o pelo do seu c\u00e3o. A seguran\u00e7a \u00e9 uma prioridade m\u00e1xima, garantindo que pode utilizar este produto com confian\u00e7a.<\/li>\n<\/ul>","protected":false},"excerpt":{"rendered":"<p>N\u00f3s somos fabricante de escova para animais de estima\u00e7\u00e3o com mais de 20 anos de experi\u00eancia. Oferecemos op\u00e7\u00f5es de personaliza\u00e7\u00e3o para cor, tamanho, tecido, padr\u00e3o, log\u00f3tipo e outras caracter\u00edsticas.<\/p>","protected":false},"featured_media":24977,"template":"","meta":{"_acf_changed":false},"product_brand":[],"product_cat":[137,71,136,72],"product_tag":[139,140],"class_list":{"0":"post-24968","1":"product","2":"type-product","3":"status-publish","4":"has-post-thumbnail","6":"product_cat-cat-grooming-cleaning-supplies","7":"product_cat-cat-supplies","8":"product_cat-dog-grooming-cleaning-supplies","9":"product_cat-dog-supplies","10":"product_tag-cat-grooming-cleaning-supplies","11":"product_tag-dog-grooming-cleaning-supplies","13":"first","14":"instock","15":"shipping-taxable","16":"product-type-simple"},"acf":[],"yoast_head":"<!-- This site is optimized with the Yoast SEO plugin v27.1.1 - https:\/\/yoast.com\/product\/yoast-seo-wordpress\/ -->\n<title>Dog Fur Conditioner | Dog Grooming Conditioner Manufacturer - Petstar - Petstar<\/title>\n<meta name=\"description\" content=\"Explore dog fur conditioner, and dog grooming conditioner directly from the manufacturer. Your ideal business solution with Petstar.\" \/>\n<meta name=\"robots\" content=\"index, follow, max-snippet:-1, max-image-preview:large, max-video-preview:-1\" \/>\n<link rel=\"canonical\" href=\"https:\/\/petproducts.com.cn\/pt\/produto\/dog-fur-conditioner-professional-dog-grooming-conditioner\/\" \/>\n<meta property=\"og:locale\" content=\"pt_PT\" \/>\n<meta property=\"og:type\" content=\"article\" \/>\n<meta property=\"og:title\" content=\"Dog Fur Conditioner | Dog Grooming Conditioner Manufacturer - Petstar - Petstar\" \/>\n<meta property=\"og:description\" content=\"Explore dog fur conditioner, and dog grooming conditioner directly from the manufacturer. Your ideal business solution with Petstar.\" \/>\n<meta property=\"og:url\" content=\"https:\/\/petproducts.com.cn\/pt\/produto\/dog-fur-conditioner-professional-dog-grooming-conditioner\/\" \/>\n<meta property=\"og:site_name\" content=\"Petstar\" \/>\n<meta property=\"article:modified_time\" content=\"2024-06-13T03:03:47+00:00\" \/>\n<meta property=\"og:image\" content=\"https:\/\/petproducts.com.cn\/wp-content\/uploads\/2024\/06\/dog-fur-conditioner.webp\" \/>\n\t<meta property=\"og:image:width\" content=\"1000\" \/>\n\t<meta property=\"og:image:height\" content=\"1000\" \/>\n\t<meta property=\"og:image:type\" content=\"image\/webp\" \/>\n<meta name=\"twitter:card\" content=\"summary_large_image\" \/>\n<meta name=\"twitter:label1\" content=\"Tempo estimado de leitura\" \/>\n\t<meta name=\"twitter:data1\" content=\"2 minutos\" \/>\n<script type=\"application\/ld+json\" class=\"yoast-schema-graph\">{\"@context\":\"https:\/\/schema.org\",\"@graph\":[{\"@type\":\"WebPage\",\"@id\":\"https:\/\/petproducts.com.cn\/product\/dog-fur-conditioner-professional-dog-grooming-conditioner\/\",\"url\":\"https:\/\/petproducts.com.cn\/product\/dog-fur-conditioner-professional-dog-grooming-conditioner\/\",\"name\":\"Dog Fur Conditioner | Dog Grooming Conditioner Manufacturer - Petstar - Petstar\",\"isPartOf\":{\"@id\":\"https:\/\/petproducts.com.cn\/#website\"},\"primaryImageOfPage\":{\"@id\":\"https:\/\/petproducts.com.cn\/product\/dog-fur-conditioner-professional-dog-grooming-conditioner\/#primaryimage\"},\"image\":{\"@id\":\"https:\/\/petproducts.com.cn\/product\/dog-fur-conditioner-professional-dog-grooming-conditioner\/#primaryimage\"},\"thumbnailUrl\":\"https:\/\/petproducts.com.cn\/wp-content\/uploads\/2024\/06\/dog-fur-conditioner.webp\",\"datePublished\":\"2024-06-13T01:31:38+00:00\",\"dateModified\":\"2024-06-13T03:03:47+00:00\",\"description\":\"Explore dog fur conditioner, and dog grooming conditioner directly from the manufacturer. Your ideal business solution with Petstar.\",\"breadcrumb\":{\"@id\":\"https:\/\/petproducts.com.cn\/product\/dog-fur-conditioner-professional-dog-grooming-conditioner\/#breadcrumb\"},\"inLanguage\":\"pt-PT\",\"potentialAction\":[{\"@type\":\"ReadAction\",\"target\":[\"https:\/\/petproducts.com.cn\/product\/dog-fur-conditioner-professional-dog-grooming-conditioner\/\"]}]},{\"@type\":\"ImageObject\",\"inLanguage\":\"pt-PT\",\"@id\":\"https:\/\/petproducts.com.cn\/product\/dog-fur-conditioner-professional-dog-grooming-conditioner\/#primaryimage\",\"url\":\"https:\/\/petproducts.com.cn\/wp-content\/uploads\/2024\/06\/dog-fur-conditioner.webp\",\"contentUrl\":\"https:\/\/petproducts.com.cn\/wp-content\/uploads\/2024\/06\/dog-fur-conditioner.webp\",\"width\":1000,\"height\":1000,\"caption\":\"dog fur conditioner\"},{\"@type\":\"BreadcrumbList\",\"@id\":\"https:\/\/petproducts.com.cn\/product\/dog-fur-conditioner-professional-dog-grooming-conditioner\/#breadcrumb\",\"itemListElement\":[{\"@type\":\"ListItem\",\"position\":1,\"name\":\"HOME\",\"item\":\"https:\/\/petproducts.com.cn\/\"},{\"@type\":\"ListItem\",\"position\":2,\"name\":\"Products\",\"item\":\"https:\/\/petproducts.com.cn\/shop\/\"},{\"@type\":\"ListItem\",\"position\":3,\"name\":\"Dog Grooming &amp; Cleaning Supplies\",\"item\":\"https:\/\/petproducts.com.cn\/product-category\/dog-grooming-cleaning-supplies\/\"},{\"@type\":\"ListItem\",\"position\":4,\"name\":\"Dog Fur Conditioner Professional Dog Grooming Conditioner\"}]},{\"@type\":\"WebSite\",\"@id\":\"https:\/\/petproducts.com.cn\/#website\",\"url\":\"https:\/\/petproducts.com.cn\/\",\"name\":\"Petstar\",\"description\":\"Leading Pet Supplies Manufacturer &amp; OEM Pet Products Supplier\",\"publisher\":{\"@id\":\"https:\/\/petproducts.com.cn\/#organization\"},\"alternateName\":\"Petstar Pet Supplies\",\"potentialAction\":[{\"@type\":\"SearchAction\",\"target\":{\"@type\":\"EntryPoint\",\"urlTemplate\":\"https:\/\/petproducts.com.cn\/?s={search_term_string}\"},\"query-input\":{\"@type\":\"PropertyValueSpecification\",\"valueRequired\":true,\"valueName\":\"search_term_string\"}}],\"inLanguage\":\"pt-PT\"},{\"@type\":\"Organization\",\"@id\":\"https:\/\/petproducts.com.cn\/#organization\",\"name\":\"Petstar\",\"url\":\"https:\/\/petproducts.com.cn\/\",\"logo\":{\"@type\":\"ImageObject\",\"inLanguage\":\"pt-PT\",\"@id\":\"https:\/\/petproducts.com.cn\/#\/schema\/logo\/image\/\",\"url\":\"https:\/\/petproducts.com.cn\/wp-content\/uploads\/2020\/02\/petstar-logo.webp\",\"contentUrl\":\"https:\/\/petproducts.com.cn\/wp-content\/uploads\/2020\/02\/petstar-logo.webp\",\"width\":779,\"height\":520,\"caption\":\"Petstar\"},\"image\":{\"@id\":\"https:\/\/petproducts.com.cn\/#\/schema\/logo\/image\/\"}}]}<\/script>\n<!-- \/ Yoast SEO plugin. -->","yoast_head_json":{"title":"Condicionador de Pelo de C\u00e3o | Fabricante de Condicionador de Pelo de C\u00e3o - Petstar - Petstar","description":"Explore o condicionador de pelo de c\u00e3o e o condicionador de limpeza de c\u00e3o diretamente do fabricante. A sua solu\u00e7\u00e3o comercial ideal com Petstar.","robots":{"index":"index","follow":"follow","max-snippet":"max-snippet:-1","max-image-preview":"max-image-preview:large","max-video-preview":"max-video-preview:-1"},"canonical":"https:\/\/petproducts.com.cn\/pt\/produto\/dog-fur-conditioner-professional-dog-grooming-conditioner\/","og_locale":"pt_PT","og_type":"article","og_title":"Dog Fur Conditioner | Dog Grooming Conditioner Manufacturer - Petstar - Petstar","og_description":"Explore dog fur conditioner, and dog grooming conditioner directly from the manufacturer. Your ideal business solution with Petstar.","og_url":"https:\/\/petproducts.com.cn\/pt\/produto\/dog-fur-conditioner-professional-dog-grooming-conditioner\/","og_site_name":"Petstar","article_modified_time":"2024-06-13T03:03:47+00:00","og_image":[{"width":1000,"height":1000,"url":"https:\/\/petproducts.com.cn\/wp-content\/uploads\/2024\/06\/dog-fur-conditioner.webp","type":"image\/webp"}],"twitter_card":"summary_large_image","twitter_misc":{"Tempo estimado de leitura":"2 minutos"},"schema":{"@context":"https:\/\/schema.org","@graph":[{"@type":"WebPage","@id":"https:\/\/petproducts.com.cn\/product\/dog-fur-conditioner-professional-dog-grooming-conditioner\/","url":"https:\/\/petproducts.com.cn\/product\/dog-fur-conditioner-professional-dog-grooming-conditioner\/","name":"Condicionador de Pelo de C\u00e3o | Fabricante de Condicionador de Pelo de C\u00e3o - Petstar - Petstar","isPartOf":{"@id":"https:\/\/petproducts.com.cn\/#website"},"primaryImageOfPage":{"@id":"https:\/\/petproducts.com.cn\/product\/dog-fur-conditioner-professional-dog-grooming-conditioner\/#primaryimage"},"image":{"@id":"https:\/\/petproducts.com.cn\/product\/dog-fur-conditioner-professional-dog-grooming-conditioner\/#primaryimage"},"thumbnailUrl":"https:\/\/petproducts.com.cn\/wp-content\/uploads\/2024\/06\/dog-fur-conditioner.webp","datePublished":"2024-06-13T01:31:38+00:00","dateModified":"2024-06-13T03:03:47+00:00","description":"Explore o condicionador de pelo de c\u00e3o e o condicionador de limpeza de c\u00e3o diretamente do fabricante. A sua solu\u00e7\u00e3o comercial ideal com Petstar.","breadcrumb":{"@id":"https:\/\/petproducts.com.cn\/product\/dog-fur-conditioner-professional-dog-grooming-conditioner\/#breadcrumb"},"inLanguage":"pt-PT","potentialAction":[{"@type":"ReadAction","target":["https:\/\/petproducts.com.cn\/product\/dog-fur-conditioner-professional-dog-grooming-conditioner\/"]}]},{"@type":"ImageObject","inLanguage":"pt-PT","@id":"https:\/\/petproducts.com.cn\/product\/dog-fur-conditioner-professional-dog-grooming-conditioner\/#primaryimage","url":"https:\/\/petproducts.com.cn\/wp-content\/uploads\/2024\/06\/dog-fur-conditioner.webp","contentUrl":"https:\/\/petproducts.com.cn\/wp-content\/uploads\/2024\/06\/dog-fur-conditioner.webp","width":1000,"height":1000,"caption":"dog fur conditioner"},{"@type":"BreadcrumbList","@id":"https:\/\/petproducts.com.cn\/product\/dog-fur-conditioner-professional-dog-grooming-conditioner\/#breadcrumb","itemListElement":[{"@type":"ListItem","position":1,"name":"HOME","item":"https:\/\/petproducts.com.cn\/"},{"@type":"ListItem","position":2,"name":"Products","item":"https:\/\/petproducts.com.cn\/shop\/"},{"@type":"ListItem","position":3,"name":"Dog Grooming &amp; Cleaning Supplies","item":"https:\/\/petproducts.com.cn\/product-category\/dog-grooming-cleaning-supplies\/"},{"@type":"ListItem","position":4,"name":"Dog Fur Conditioner Professional Dog Grooming Conditioner"}]},{"@type":"WebSite","@id":"https:\/\/petproducts.com.cn\/#website","url":"https:\/\/petproducts.com.cn\/","name":"Petstar","description":"Fabricante l\u00edder de artigos para animais de estima\u00e7\u00e3o e fornecedor de produtos OEM para animais de estima\u00e7\u00e3o","publisher":{"@id":"https:\/\/petproducts.com.cn\/#organization"},"alternateName":"Petstar Pet Supplies","potentialAction":[{"@type":"SearchAction","target":{"@type":"EntryPoint","urlTemplate":"https:\/\/petproducts.com.cn\/?s={search_term_string}"},"query-input":{"@type":"PropertyValueSpecification","valueRequired":true,"valueName":"search_term_string"}}],"inLanguage":"pt-PT"},{"@type":"Organization","@id":"https:\/\/petproducts.com.cn\/#organization","name":"Petstar","url":"https:\/\/petproducts.com.cn\/","logo":{"@type":"ImageObject","inLanguage":"pt-PT","@id":"https:\/\/petproducts.com.cn\/#\/schema\/logo\/image\/","url":"https:\/\/petproducts.com.cn\/wp-content\/uploads\/2020\/02\/petstar-logo.webp","contentUrl":"https:\/\/petproducts.com.cn\/wp-content\/uploads\/2020\/02\/petstar-logo.webp","width":779,"height":520,"caption":"Petstar"},"image":{"@id":"https:\/\/petproducts.com.cn\/#\/schema\/logo\/image\/"}}]}},"_links":{"self":[{"href":"https:\/\/petproducts.com.cn\/pt\/wp-json\/wp\/v2\/product\/24968","targetHints":{"allow":["GET"]}}],"collection":[{"href":"https:\/\/petproducts.com.cn\/pt\/wp-json\/wp\/v2\/product"}],"about":[{"href":"https:\/\/petproducts.com.cn\/pt\/wp-json\/wp\/v2\/types\/product"}],"version-history":[{"count":2,"href":"https:\/\/petproducts.com.cn\/pt\/wp-json\/wp\/v2\/product\/24968\/revisions"}],"predecessor-version":[{"id":24976,"href":"https:\/\/petproducts.com.cn\/pt\/wp-json\/wp\/v2\/product\/24968\/revisions\/24976"}],"wp:featuredmedia":[{"embeddable":true,"href":"https:\/\/petproducts.com.cn\/pt\/wp-json\/wp\/v2\/media\/24977"}],"wp:attachment":[{"href":"https:\/\/petproducts.com.cn\/pt\/wp-json\/wp\/v2\/media?parent=24968"}],"wp:term":[{"taxonomy":"product_brand","embeddable":true,"href":"https:\/\/petproducts.com.cn\/pt\/wp-json\/wp\/v2\/product_brand?post=24968"},{"taxonomy":"product_cat","embeddable":true,"href":"https:\/\/petproducts.com.cn\/pt\/wp-json\/wp\/v2\/product_cat?post=24968"},{"taxonomy":"product_tag","embeddable":true,"href":"https:\/\/petproducts.com.cn\/pt\/wp-json\/wp\/v2\/product_tag?post=24968"}],"curies":[{"name":"wp","href":"https:\/\/api.w.org\/{rel}","templated":true}]}}