{"id":25009,"date":"2024-06-17T02:43:09","date_gmt":"2024-06-17T02:43:09","guid":{"rendered":"https:\/\/petproducts.com.cn\/?post_type=product&#038;p=25009"},"modified":"2024-06-17T03:22:55","modified_gmt":"2024-06-17T03:22:55","slug":"overstock-cat-bed-discount-cute-pet-cat-beds","status":"publish","type":"product","link":"https:\/\/petproducts.com.cn\/pt\/product\/overstock-cat-bed-discount-cute-pet-cat-beds\/","title":{"rendered":"Cama para gato Overstock com desconto em camas fofas para gatos"},"content":{"rendered":"<h2>Caracter\u00edsticas da cama para gatos Overstock<\/h2>\n<ul>\n<li><strong>Tecido de pel\u00facia<\/strong> Vai adorar o tecido felpudo utilizado nesta cama para gatos Overstock. O material macio e luxuoso proporciona uma superf\u00edcie confort\u00e1vel para o seu gato descansar e dormir. A textura felpuda \u00e9 suave para a pele do seu gato, garantindo que ele se sinta mimado sempre que a utilizar.<\/li>\n<li><strong>Design da caverna do gato<\/strong> O seu gato ir\u00e1 beneficiar do design acolhedor da caverna para gatos. Esta estrutura fechada cria um espa\u00e7o seguro e privado para o seu gato relaxar, reduzindo o stress e a ansiedade. A forma da caverna imita um esconderijo natural, fazendo com que o seu gato se sinta seguro e confort\u00e1vel.<\/li>\n<li><strong>Ador\u00e1vel estampa de leopardo<\/strong> Voc\u00ea vai descobrir que o design fofo com estampa de leopardo adiciona um toque de estilo \u00e0 sua casa. O padr\u00e3o divertido \u00e9 perfeito para os amantes de gatos que querem que a cama do seu animal de estima\u00e7\u00e3o seja funcional e elegante. A estampa de leopardo tamb\u00e9m adiciona um elemento divertido \u00e0 decora\u00e7\u00e3o da sua casa.<\/li>\n<li><strong>Ideal para gatos de todos os tamanhos<\/strong> Pode escolher esta cama para gatos de todos os tamanhos. O interior espa\u00e7oso da caverna acomoda confortavelmente gatos de pequeno e m\u00e9dio porte. Quer tenha um gatinho ou um gato adulto, esta cama proporcionar\u00e1 um local aconchegante para eles descansarem.<\/li>\n<li><strong>Constru\u00e7\u00e3o duradoura<\/strong> Ir\u00e1 apreciar a constru\u00e7\u00e3o dur\u00e1vel da nossa cama para gatos em excesso de stock. Os materiais de alta qualidade garantem que a cama mant\u00e9m a sua forma e conforto ao longo do tempo. O design robusto suporta o uso di\u00e1rio, tornando-a um investimento duradouro para o seu animal de estima\u00e7\u00e3o.<\/li>\n<\/ul>","protected":false},"excerpt":{"rendered":"<p>Somos fabricantes de camas para animais de estima\u00e7\u00e3o com mais de 20 anos de experi\u00eancia. Oferecemos op\u00e7\u00f5es de personaliza\u00e7\u00e3o de cor, tamanho, tecido, padr\u00e3o, logotipo e outros recursos.<\/p>","protected":false},"featured_media":25016,"template":"","meta":{"_acf_changed":false},"product_brand":[],"product_cat":[58,71],"product_tag":[74,162],"class_list":{"0":"post-25009","1":"product","2":"type-product","3":"status-publish","4":"has-post-thumbnail","6":"product_cat-cat-beds","7":"product_cat-cat-supplies","8":"product_tag-cat-beds","9":"product_tag-stock-pet-supplies","11":"first","12":"instock","13":"shipping-taxable","14":"product-type-simple"},"acf":[],"yoast_head":"<!-- This site is optimized with the Yoast SEO plugin v27.1.1 - https:\/\/yoast.com\/product\/yoast-seo-wordpress\/ -->\n<title>Overstock Cat Bed | Discount Pet Beds Manufacturer- Petstar<\/title>\n<meta name=\"description\" content=\"Explore overstock cat bed, cute cat bed, discount pet beds from the manufacturer. Your ideal business solution with Petstar.\" \/>\n<meta name=\"robots\" content=\"index, follow, max-snippet:-1, max-image-preview:large, max-video-preview:-1\" \/>\n<link rel=\"canonical\" href=\"https:\/\/petproducts.com.cn\/pt\/produto\/overstock-cat-bed-discount-cute-pet-cat-beds\/\" \/>\n<meta property=\"og:locale\" content=\"pt_PT\" \/>\n<meta property=\"og:type\" content=\"article\" \/>\n<meta property=\"og:title\" content=\"Overstock Cat Bed | Discount Pet Beds Manufacturer- Petstar\" \/>\n<meta property=\"og:description\" content=\"Explore overstock cat bed, cute cat bed, discount pet beds from the manufacturer. Your ideal business solution with Petstar.\" \/>\n<meta property=\"og:url\" content=\"https:\/\/petproducts.com.cn\/pt\/produto\/overstock-cat-bed-discount-cute-pet-cat-beds\/\" \/>\n<meta property=\"og:site_name\" content=\"Petstar\" \/>\n<meta property=\"article:modified_time\" content=\"2024-06-17T03:22:55+00:00\" \/>\n<meta property=\"og:image\" content=\"https:\/\/petproducts.com.cn\/wp-content\/uploads\/2024\/06\/Overstock-Cat-Bed.webp\" \/>\n\t<meta property=\"og:image:width\" content=\"1000\" \/>\n\t<meta property=\"og:image:height\" content=\"1000\" \/>\n\t<meta property=\"og:image:type\" content=\"image\/webp\" \/>\n<meta name=\"twitter:card\" content=\"summary_large_image\" \/>\n<meta name=\"twitter:label1\" content=\"Tempo estimado de leitura\" \/>\n\t<meta name=\"twitter:data1\" content=\"2 minutos\" \/>\n<script type=\"application\/ld+json\" class=\"yoast-schema-graph\">{\"@context\":\"https:\/\/schema.org\",\"@graph\":[{\"@type\":\"WebPage\",\"@id\":\"https:\/\/petproducts.com.cn\/product\/overstock-cat-bed-discount-cute-pet-cat-beds\/\",\"url\":\"https:\/\/petproducts.com.cn\/product\/overstock-cat-bed-discount-cute-pet-cat-beds\/\",\"name\":\"Overstock Cat Bed | Discount Pet Beds Manufacturer- Petstar\",\"isPartOf\":{\"@id\":\"https:\/\/petproducts.com.cn\/#website\"},\"primaryImageOfPage\":{\"@id\":\"https:\/\/petproducts.com.cn\/product\/overstock-cat-bed-discount-cute-pet-cat-beds\/#primaryimage\"},\"image\":{\"@id\":\"https:\/\/petproducts.com.cn\/product\/overstock-cat-bed-discount-cute-pet-cat-beds\/#primaryimage\"},\"thumbnailUrl\":\"https:\/\/petproducts.com.cn\/wp-content\/uploads\/2024\/06\/Overstock-Cat-Bed.webp\",\"datePublished\":\"2024-06-17T02:43:09+00:00\",\"dateModified\":\"2024-06-17T03:22:55+00:00\",\"description\":\"Explore overstock cat bed, cute cat bed, discount pet beds from the manufacturer. Your ideal business solution with Petstar.\",\"breadcrumb\":{\"@id\":\"https:\/\/petproducts.com.cn\/product\/overstock-cat-bed-discount-cute-pet-cat-beds\/#breadcrumb\"},\"inLanguage\":\"pt-PT\",\"potentialAction\":[{\"@type\":\"ReadAction\",\"target\":[\"https:\/\/petproducts.com.cn\/product\/overstock-cat-bed-discount-cute-pet-cat-beds\/\"]}]},{\"@type\":\"ImageObject\",\"inLanguage\":\"pt-PT\",\"@id\":\"https:\/\/petproducts.com.cn\/product\/overstock-cat-bed-discount-cute-pet-cat-beds\/#primaryimage\",\"url\":\"https:\/\/petproducts.com.cn\/wp-content\/uploads\/2024\/06\/Overstock-Cat-Bed.webp\",\"contentUrl\":\"https:\/\/petproducts.com.cn\/wp-content\/uploads\/2024\/06\/Overstock-Cat-Bed.webp\",\"width\":1000,\"height\":1000,\"caption\":\"Overstock Cat Bed\"},{\"@type\":\"BreadcrumbList\",\"@id\":\"https:\/\/petproducts.com.cn\/product\/overstock-cat-bed-discount-cute-pet-cat-beds\/#breadcrumb\",\"itemListElement\":[{\"@type\":\"ListItem\",\"position\":1,\"name\":\"HOME\",\"item\":\"https:\/\/petproducts.com.cn\/\"},{\"@type\":\"ListItem\",\"position\":2,\"name\":\"Products\",\"item\":\"https:\/\/petproducts.com.cn\/shop\/\"},{\"@type\":\"ListItem\",\"position\":3,\"name\":\"Cat Beds\",\"item\":\"https:\/\/petproducts.com.cn\/product-category\/cat-beds\/\"},{\"@type\":\"ListItem\",\"position\":4,\"name\":\"Overstock Cat Bed Discount Cute Pet Cat Beds\"}]},{\"@type\":\"WebSite\",\"@id\":\"https:\/\/petproducts.com.cn\/#website\",\"url\":\"https:\/\/petproducts.com.cn\/\",\"name\":\"Petstar\",\"description\":\"Leading Pet Supplies Manufacturer &amp; OEM Pet Products Supplier\",\"publisher\":{\"@id\":\"https:\/\/petproducts.com.cn\/#organization\"},\"alternateName\":\"Petstar Pet Supplies\",\"potentialAction\":[{\"@type\":\"SearchAction\",\"target\":{\"@type\":\"EntryPoint\",\"urlTemplate\":\"https:\/\/petproducts.com.cn\/?s={search_term_string}\"},\"query-input\":{\"@type\":\"PropertyValueSpecification\",\"valueRequired\":true,\"valueName\":\"search_term_string\"}}],\"inLanguage\":\"pt-PT\"},{\"@type\":\"Organization\",\"@id\":\"https:\/\/petproducts.com.cn\/#organization\",\"name\":\"Petstar\",\"url\":\"https:\/\/petproducts.com.cn\/\",\"logo\":{\"@type\":\"ImageObject\",\"inLanguage\":\"pt-PT\",\"@id\":\"https:\/\/petproducts.com.cn\/#\/schema\/logo\/image\/\",\"url\":\"https:\/\/petproducts.com.cn\/wp-content\/uploads\/2020\/02\/petstar-logo.webp\",\"contentUrl\":\"https:\/\/petproducts.com.cn\/wp-content\/uploads\/2020\/02\/petstar-logo.webp\",\"width\":779,\"height\":520,\"caption\":\"Petstar\"},\"image\":{\"@id\":\"https:\/\/petproducts.com.cn\/#\/schema\/logo\/image\/\"}}]}<\/script>\n<!-- \/ Yoast SEO plugin. -->","yoast_head_json":{"title":"Cama para gatos em excesso | Fabricante de camas para animais de estima\u00e7\u00e3o com desconto - Petstar","description":"Explore camas para gatos em excesso de stock, camas para gatos fofas e camas para animais de estima\u00e7\u00e3o com desconto do fabricante. A sua solu\u00e7\u00e3o empresarial ideal com a Petstar.","robots":{"index":"index","follow":"follow","max-snippet":"max-snippet:-1","max-image-preview":"max-image-preview:large","max-video-preview":"max-video-preview:-1"},"canonical":"https:\/\/petproducts.com.cn\/pt\/produto\/overstock-cat-bed-discount-cute-pet-cat-beds\/","og_locale":"pt_PT","og_type":"article","og_title":"Overstock Cat Bed | Discount Pet Beds Manufacturer- Petstar","og_description":"Explore overstock cat bed, cute cat bed, discount pet beds from the manufacturer. Your ideal business solution with Petstar.","og_url":"https:\/\/petproducts.com.cn\/pt\/produto\/overstock-cat-bed-discount-cute-pet-cat-beds\/","og_site_name":"Petstar","article_modified_time":"2024-06-17T03:22:55+00:00","og_image":[{"width":1000,"height":1000,"url":"https:\/\/petproducts.com.cn\/wp-content\/uploads\/2024\/06\/Overstock-Cat-Bed.webp","type":"image\/webp"}],"twitter_card":"summary_large_image","twitter_misc":{"Tempo estimado de leitura":"2 minutos"},"schema":{"@context":"https:\/\/schema.org","@graph":[{"@type":"WebPage","@id":"https:\/\/petproducts.com.cn\/product\/overstock-cat-bed-discount-cute-pet-cat-beds\/","url":"https:\/\/petproducts.com.cn\/product\/overstock-cat-bed-discount-cute-pet-cat-beds\/","name":"Cama para gatos em excesso | Fabricante de camas para animais de estima\u00e7\u00e3o com desconto - Petstar","isPartOf":{"@id":"https:\/\/petproducts.com.cn\/#website"},"primaryImageOfPage":{"@id":"https:\/\/petproducts.com.cn\/product\/overstock-cat-bed-discount-cute-pet-cat-beds\/#primaryimage"},"image":{"@id":"https:\/\/petproducts.com.cn\/product\/overstock-cat-bed-discount-cute-pet-cat-beds\/#primaryimage"},"thumbnailUrl":"https:\/\/petproducts.com.cn\/wp-content\/uploads\/2024\/06\/Overstock-Cat-Bed.webp","datePublished":"2024-06-17T02:43:09+00:00","dateModified":"2024-06-17T03:22:55+00:00","description":"Explore camas para gatos em excesso de stock, camas para gatos fofas e camas para animais de estima\u00e7\u00e3o com desconto do fabricante. A sua solu\u00e7\u00e3o empresarial ideal com a Petstar.","breadcrumb":{"@id":"https:\/\/petproducts.com.cn\/product\/overstock-cat-bed-discount-cute-pet-cat-beds\/#breadcrumb"},"inLanguage":"pt-PT","potentialAction":[{"@type":"ReadAction","target":["https:\/\/petproducts.com.cn\/product\/overstock-cat-bed-discount-cute-pet-cat-beds\/"]}]},{"@type":"ImageObject","inLanguage":"pt-PT","@id":"https:\/\/petproducts.com.cn\/product\/overstock-cat-bed-discount-cute-pet-cat-beds\/#primaryimage","url":"https:\/\/petproducts.com.cn\/wp-content\/uploads\/2024\/06\/Overstock-Cat-Bed.webp","contentUrl":"https:\/\/petproducts.com.cn\/wp-content\/uploads\/2024\/06\/Overstock-Cat-Bed.webp","width":1000,"height":1000,"caption":"Overstock Cat Bed"},{"@type":"BreadcrumbList","@id":"https:\/\/petproducts.com.cn\/product\/overstock-cat-bed-discount-cute-pet-cat-beds\/#breadcrumb","itemListElement":[{"@type":"ListItem","position":1,"name":"HOME","item":"https:\/\/petproducts.com.cn\/"},{"@type":"ListItem","position":2,"name":"Products","item":"https:\/\/petproducts.com.cn\/shop\/"},{"@type":"ListItem","position":3,"name":"Cat Beds","item":"https:\/\/petproducts.com.cn\/product-category\/cat-beds\/"},{"@type":"ListItem","position":4,"name":"Overstock Cat Bed Discount Cute Pet Cat Beds"}]},{"@type":"WebSite","@id":"https:\/\/petproducts.com.cn\/#website","url":"https:\/\/petproducts.com.cn\/","name":"Petstar","description":"Fabricante l\u00edder de artigos para animais de estima\u00e7\u00e3o e fornecedor de produtos OEM para animais de estima\u00e7\u00e3o","publisher":{"@id":"https:\/\/petproducts.com.cn\/#organization"},"alternateName":"Petstar Pet Supplies","potentialAction":[{"@type":"SearchAction","target":{"@type":"EntryPoint","urlTemplate":"https:\/\/petproducts.com.cn\/?s={search_term_string}"},"query-input":{"@type":"PropertyValueSpecification","valueRequired":true,"valueName":"search_term_string"}}],"inLanguage":"pt-PT"},{"@type":"Organization","@id":"https:\/\/petproducts.com.cn\/#organization","name":"Petstar","url":"https:\/\/petproducts.com.cn\/","logo":{"@type":"ImageObject","inLanguage":"pt-PT","@id":"https:\/\/petproducts.com.cn\/#\/schema\/logo\/image\/","url":"https:\/\/petproducts.com.cn\/wp-content\/uploads\/2020\/02\/petstar-logo.webp","contentUrl":"https:\/\/petproducts.com.cn\/wp-content\/uploads\/2020\/02\/petstar-logo.webp","width":779,"height":520,"caption":"Petstar"},"image":{"@id":"https:\/\/petproducts.com.cn\/#\/schema\/logo\/image\/"}}]}},"_links":{"self":[{"href":"https:\/\/petproducts.com.cn\/pt\/wp-json\/wp\/v2\/product\/25009","targetHints":{"allow":["GET"]}}],"collection":[{"href":"https:\/\/petproducts.com.cn\/pt\/wp-json\/wp\/v2\/product"}],"about":[{"href":"https:\/\/petproducts.com.cn\/pt\/wp-json\/wp\/v2\/types\/product"}],"version-history":[{"count":2,"href":"https:\/\/petproducts.com.cn\/pt\/wp-json\/wp\/v2\/product\/25009\/revisions"}],"predecessor-version":[{"id":25011,"href":"https:\/\/petproducts.com.cn\/pt\/wp-json\/wp\/v2\/product\/25009\/revisions\/25011"}],"wp:featuredmedia":[{"embeddable":true,"href":"https:\/\/petproducts.com.cn\/pt\/wp-json\/wp\/v2\/media\/25016"}],"wp:attachment":[{"href":"https:\/\/petproducts.com.cn\/pt\/wp-json\/wp\/v2\/media?parent=25009"}],"wp:term":[{"taxonomy":"product_brand","embeddable":true,"href":"https:\/\/petproducts.com.cn\/pt\/wp-json\/wp\/v2\/product_brand?post=25009"},{"taxonomy":"product_cat","embeddable":true,"href":"https:\/\/petproducts.com.cn\/pt\/wp-json\/wp\/v2\/product_cat?post=25009"},{"taxonomy":"product_tag","embeddable":true,"href":"https:\/\/petproducts.com.cn\/pt\/wp-json\/wp\/v2\/product_tag?post=25009"}],"curies":[{"name":"wp","href":"https:\/\/api.w.org\/{rel}","templated":true}]}}