{"id":26523,"date":"2024-07-02T02:48:28","date_gmt":"2024-07-02T02:48:28","guid":{"rendered":"https:\/\/petproducts.com.cn\/?post_type=product&#038;p=26523"},"modified":"2024-07-02T03:05:11","modified_gmt":"2024-07-02T03:05:11","slug":"rabbit-bed-pet-bunny-supplies-bed","status":"publish","type":"product","link":"https:\/\/petproducts.com.cn\/pt\/product\/rabbit-bed-pet-bunny-supplies-bed\/","title":{"rendered":"Cama de coelho para animais de estima\u00e7\u00e3o cama de suprimentos para coelhos"},"content":{"rendered":"<h2>Carater\u00edsticas da cama de coelho<\/h2>\n<ul>\n<li><strong>Almofada amov\u00edvel para uma limpeza f\u00e1cil<\/strong> Vai adorar a comodidade da almofada amov\u00edvel da nossa cama para coelhos. Esta carater\u00edstica permite-lhe limpar e manter facilmente a \u00e1rea de dormir do seu animal de estima\u00e7\u00e3o, assegurando um ambiente higi\u00e9nico. Basta remover a almofada e lav\u00e1-la conforme necess\u00e1rio.<\/li>\n<li><strong>Encaixa-se perfeitamente no interior das gaiolas<\/strong> A nossa cama de coelho adapta-se perfeitamente \u00e0 maioria das gaiolas normais. Esta versatilidade permite-lhe proporcionar uma \u00e1rea de dormir confort\u00e1vel para o seu coelho dentro da gaiola, maximizando o seu espa\u00e7o de vida. Tamb\u00e9m garante que o seu animal de estima\u00e7\u00e3o se sinta seguro e confort\u00e1vel.<\/li>\n<li><strong>Fabricado com tecido de pel\u00facia de poli\u00e9ster 100%<\/strong> Apreciar\u00e1 o tecido de pel\u00facia de poli\u00e9ster 100% de alta qualidade utilizado na nossa cama para coelhos. Este material \u00e9 macio e suave para a pele do seu animal de estima\u00e7\u00e3o, proporcionando-lhe uma superf\u00edcie luxuosa e confort\u00e1vel para descansar. O tecido de pel\u00facia garante que o seu coelho tenha um sono tranquilo.<\/li>\n<li><strong>Design de caverna acolhedor e seguro<\/strong> Vai adorar o design acolhedor e seguro da nossa cama para coelhos. Este design proporciona uma sensa\u00e7\u00e3o de seguran\u00e7a ao seu coelho, imitando os seus instintos naturais de escava\u00e7\u00e3o. O espa\u00e7o fechado ajuda a reduzir o stress e a ansiedade, promovendo um sono melhor.<\/li>\n<li><strong>Dur\u00e1vel e de longa dura\u00e7\u00e3o<\/strong> Ficar\u00e1 impressionado com a durabilidade da nossa cama para coelhos. Os materiais de alta qualidade e a constru\u00e7\u00e3o robusta garantem que pode suportar a utiliza\u00e7\u00e3o di\u00e1ria e permanecer em excelentes condi\u00e7\u00f5es durante muito tempo. Esta durabilidade proporciona um grande valor para o seu investimento.<\/li>\n<\/ul>","protected":false},"excerpt":{"rendered":"<p>N\u00f3s somos um fabricante de suprimentos para coelhos de estima\u00e7\u00e3o com mais de 20 anos de experi\u00eancia. Oferecemos op\u00e7\u00f5es de personaliza\u00e7\u00e3o para cor, tamanho, tecido, padr\u00e3o, log\u00f3tipo e outras caracter\u00edsticas.<\/p>","protected":false},"featured_media":26531,"template":"","meta":{"_acf_changed":false},"product_brand":[],"product_cat":[158,164,156],"product_tag":[165,160],"class_list":{"0":"post-26523","1":"product","2":"type-product","3":"status-publish","4":"has-post-thumbnail","6":"product_cat-other-animal-supplies","7":"product_cat-rabbit-supplies","8":"product_cat-small-animal-supplies","9":"product_tag-rabbit-supplies","10":"product_tag-small-animal-supplies","12":"first","13":"instock","14":"shipping-taxable","15":"product-type-simple"},"acf":[],"yoast_head":"<!-- This site is optimized with the Yoast SEO plugin v27.1.1 - https:\/\/yoast.com\/product\/yoast-seo-wordpress\/ -->\n<title>Rabbit Bed | Pet Bunny Supplies Manufacturer - Petstar<\/title>\n<meta name=\"description\" content=\"Explore rabbit bed, pet bunny supplies, and pet bunny bed from the rabbit supplies manufacturer. Your ideal business solution with Petstar.\" \/>\n<meta name=\"robots\" content=\"index, follow, max-snippet:-1, max-image-preview:large, max-video-preview:-1\" \/>\n<link rel=\"canonical\" href=\"https:\/\/petproducts.com.cn\/pt\/produto\/rabbit-bed-pet-bunny-supplies-bed\/\" \/>\n<meta property=\"og:locale\" content=\"pt_PT\" \/>\n<meta property=\"og:type\" content=\"article\" \/>\n<meta property=\"og:title\" content=\"Rabbit Bed | Pet Bunny Supplies Manufacturer - Petstar\" \/>\n<meta property=\"og:description\" content=\"Explore rabbit bed, pet bunny supplies, and pet bunny bed from the rabbit supplies manufacturer. Your ideal business solution with Petstar.\" \/>\n<meta property=\"og:url\" content=\"https:\/\/petproducts.com.cn\/pt\/produto\/rabbit-bed-pet-bunny-supplies-bed\/\" \/>\n<meta property=\"og:site_name\" content=\"Petstar\" \/>\n<meta property=\"article:modified_time\" content=\"2024-07-02T03:05:11+00:00\" \/>\n<meta property=\"og:image\" content=\"https:\/\/petproducts.com.cn\/wp-content\/uploads\/2024\/07\/rabbit-bed.webp\" \/>\n\t<meta property=\"og:image:width\" content=\"800\" \/>\n\t<meta property=\"og:image:height\" content=\"800\" \/>\n\t<meta property=\"og:image:type\" content=\"image\/webp\" \/>\n<meta name=\"twitter:card\" content=\"summary_large_image\" \/>\n<meta name=\"twitter:label1\" content=\"Tempo estimado de leitura\" \/>\n\t<meta name=\"twitter:data1\" content=\"2 minutos\" \/>\n<script type=\"application\/ld+json\" class=\"yoast-schema-graph\">{\"@context\":\"https:\/\/schema.org\",\"@graph\":[{\"@type\":\"WebPage\",\"@id\":\"https:\/\/petproducts.com.cn\/product\/rabbit-bed-pet-bunny-supplies-bed\/\",\"url\":\"https:\/\/petproducts.com.cn\/product\/rabbit-bed-pet-bunny-supplies-bed\/\",\"name\":\"Rabbit Bed | Pet Bunny Supplies Manufacturer - Petstar\",\"isPartOf\":{\"@id\":\"https:\/\/petproducts.com.cn\/#website\"},\"primaryImageOfPage\":{\"@id\":\"https:\/\/petproducts.com.cn\/product\/rabbit-bed-pet-bunny-supplies-bed\/#primaryimage\"},\"image\":{\"@id\":\"https:\/\/petproducts.com.cn\/product\/rabbit-bed-pet-bunny-supplies-bed\/#primaryimage\"},\"thumbnailUrl\":\"https:\/\/petproducts.com.cn\/wp-content\/uploads\/2024\/07\/rabbit-bed.webp\",\"datePublished\":\"2024-07-02T02:48:28+00:00\",\"dateModified\":\"2024-07-02T03:05:11+00:00\",\"description\":\"Explore rabbit bed, pet bunny supplies, and pet bunny bed from the rabbit supplies manufacturer. Your ideal business solution with Petstar.\",\"breadcrumb\":{\"@id\":\"https:\/\/petproducts.com.cn\/product\/rabbit-bed-pet-bunny-supplies-bed\/#breadcrumb\"},\"inLanguage\":\"pt-PT\",\"potentialAction\":[{\"@type\":\"ReadAction\",\"target\":[\"https:\/\/petproducts.com.cn\/product\/rabbit-bed-pet-bunny-supplies-bed\/\"]}]},{\"@type\":\"ImageObject\",\"inLanguage\":\"pt-PT\",\"@id\":\"https:\/\/petproducts.com.cn\/product\/rabbit-bed-pet-bunny-supplies-bed\/#primaryimage\",\"url\":\"https:\/\/petproducts.com.cn\/wp-content\/uploads\/2024\/07\/rabbit-bed.webp\",\"contentUrl\":\"https:\/\/petproducts.com.cn\/wp-content\/uploads\/2024\/07\/rabbit-bed.webp\",\"width\":800,\"height\":800,\"caption\":\"rabbit bed\"},{\"@type\":\"BreadcrumbList\",\"@id\":\"https:\/\/petproducts.com.cn\/product\/rabbit-bed-pet-bunny-supplies-bed\/#breadcrumb\",\"itemListElement\":[{\"@type\":\"ListItem\",\"position\":1,\"name\":\"HOME\",\"item\":\"https:\/\/petproducts.com.cn\/\"},{\"@type\":\"ListItem\",\"position\":2,\"name\":\"Products\",\"item\":\"https:\/\/petproducts.com.cn\/shop\/\"},{\"@type\":\"ListItem\",\"position\":3,\"name\":\"Rabbit Supplies\",\"item\":\"https:\/\/petproducts.com.cn\/product-category\/rabbit-supplies\/\"},{\"@type\":\"ListItem\",\"position\":4,\"name\":\"Rabbit Bed Pet Bunny Supplies Bed\"}]},{\"@type\":\"WebSite\",\"@id\":\"https:\/\/petproducts.com.cn\/#website\",\"url\":\"https:\/\/petproducts.com.cn\/\",\"name\":\"Petstar\",\"description\":\"Leading Pet Supplies Manufacturer &amp; OEM Pet Products Supplier\",\"publisher\":{\"@id\":\"https:\/\/petproducts.com.cn\/#organization\"},\"alternateName\":\"Petstar Pet Supplies\",\"potentialAction\":[{\"@type\":\"SearchAction\",\"target\":{\"@type\":\"EntryPoint\",\"urlTemplate\":\"https:\/\/petproducts.com.cn\/?s={search_term_string}\"},\"query-input\":{\"@type\":\"PropertyValueSpecification\",\"valueRequired\":true,\"valueName\":\"search_term_string\"}}],\"inLanguage\":\"pt-PT\"},{\"@type\":\"Organization\",\"@id\":\"https:\/\/petproducts.com.cn\/#organization\",\"name\":\"Petstar\",\"url\":\"https:\/\/petproducts.com.cn\/\",\"logo\":{\"@type\":\"ImageObject\",\"inLanguage\":\"pt-PT\",\"@id\":\"https:\/\/petproducts.com.cn\/#\/schema\/logo\/image\/\",\"url\":\"https:\/\/petproducts.com.cn\/wp-content\/uploads\/2020\/02\/petstar-logo.webp\",\"contentUrl\":\"https:\/\/petproducts.com.cn\/wp-content\/uploads\/2020\/02\/petstar-logo.webp\",\"width\":779,\"height\":520,\"caption\":\"Petstar\"},\"image\":{\"@id\":\"https:\/\/petproducts.com.cn\/#\/schema\/logo\/image\/\"}}]}<\/script>\n<!-- \/ Yoast SEO plugin. -->","yoast_head_json":{"title":"Cama de coelho | Fabricante de artigos para coelhos - Petstar","description":"Explore a cama de coelho, suprimentos para coelhos de estima\u00e7\u00e3o e cama de coelho de estima\u00e7\u00e3o do fabricante de suprimentos para coelhos. A sua solu\u00e7\u00e3o comercial ideal com Petstar.","robots":{"index":"index","follow":"follow","max-snippet":"max-snippet:-1","max-image-preview":"max-image-preview:large","max-video-preview":"max-video-preview:-1"},"canonical":"https:\/\/petproducts.com.cn\/pt\/produto\/rabbit-bed-pet-bunny-supplies-bed\/","og_locale":"pt_PT","og_type":"article","og_title":"Rabbit Bed | Pet Bunny Supplies Manufacturer - Petstar","og_description":"Explore rabbit bed, pet bunny supplies, and pet bunny bed from the rabbit supplies manufacturer. Your ideal business solution with Petstar.","og_url":"https:\/\/petproducts.com.cn\/pt\/produto\/rabbit-bed-pet-bunny-supplies-bed\/","og_site_name":"Petstar","article_modified_time":"2024-07-02T03:05:11+00:00","og_image":[{"width":800,"height":800,"url":"https:\/\/petproducts.com.cn\/wp-content\/uploads\/2024\/07\/rabbit-bed.webp","type":"image\/webp"}],"twitter_card":"summary_large_image","twitter_misc":{"Tempo estimado de leitura":"2 minutos"},"schema":{"@context":"https:\/\/schema.org","@graph":[{"@type":"WebPage","@id":"https:\/\/petproducts.com.cn\/product\/rabbit-bed-pet-bunny-supplies-bed\/","url":"https:\/\/petproducts.com.cn\/product\/rabbit-bed-pet-bunny-supplies-bed\/","name":"Cama de coelho | Fabricante de artigos para coelhos - Petstar","isPartOf":{"@id":"https:\/\/petproducts.com.cn\/#website"},"primaryImageOfPage":{"@id":"https:\/\/petproducts.com.cn\/product\/rabbit-bed-pet-bunny-supplies-bed\/#primaryimage"},"image":{"@id":"https:\/\/petproducts.com.cn\/product\/rabbit-bed-pet-bunny-supplies-bed\/#primaryimage"},"thumbnailUrl":"https:\/\/petproducts.com.cn\/wp-content\/uploads\/2024\/07\/rabbit-bed.webp","datePublished":"2024-07-02T02:48:28+00:00","dateModified":"2024-07-02T03:05:11+00:00","description":"Explore a cama de coelho, suprimentos para coelhos de estima\u00e7\u00e3o e cama de coelho de estima\u00e7\u00e3o do fabricante de suprimentos para coelhos. A sua solu\u00e7\u00e3o comercial ideal com Petstar.","breadcrumb":{"@id":"https:\/\/petproducts.com.cn\/product\/rabbit-bed-pet-bunny-supplies-bed\/#breadcrumb"},"inLanguage":"pt-PT","potentialAction":[{"@type":"ReadAction","target":["https:\/\/petproducts.com.cn\/product\/rabbit-bed-pet-bunny-supplies-bed\/"]}]},{"@type":"ImageObject","inLanguage":"pt-PT","@id":"https:\/\/petproducts.com.cn\/product\/rabbit-bed-pet-bunny-supplies-bed\/#primaryimage","url":"https:\/\/petproducts.com.cn\/wp-content\/uploads\/2024\/07\/rabbit-bed.webp","contentUrl":"https:\/\/petproducts.com.cn\/wp-content\/uploads\/2024\/07\/rabbit-bed.webp","width":800,"height":800,"caption":"rabbit bed"},{"@type":"BreadcrumbList","@id":"https:\/\/petproducts.com.cn\/product\/rabbit-bed-pet-bunny-supplies-bed\/#breadcrumb","itemListElement":[{"@type":"ListItem","position":1,"name":"HOME","item":"https:\/\/petproducts.com.cn\/"},{"@type":"ListItem","position":2,"name":"Products","item":"https:\/\/petproducts.com.cn\/shop\/"},{"@type":"ListItem","position":3,"name":"Rabbit Supplies","item":"https:\/\/petproducts.com.cn\/product-category\/rabbit-supplies\/"},{"@type":"ListItem","position":4,"name":"Rabbit Bed Pet Bunny Supplies Bed"}]},{"@type":"WebSite","@id":"https:\/\/petproducts.com.cn\/#website","url":"https:\/\/petproducts.com.cn\/","name":"Petstar","description":"Fabricante l\u00edder de artigos para animais de estima\u00e7\u00e3o e fornecedor de produtos OEM para animais de estima\u00e7\u00e3o","publisher":{"@id":"https:\/\/petproducts.com.cn\/#organization"},"alternateName":"Petstar Pet Supplies","potentialAction":[{"@type":"SearchAction","target":{"@type":"EntryPoint","urlTemplate":"https:\/\/petproducts.com.cn\/?s={search_term_string}"},"query-input":{"@type":"PropertyValueSpecification","valueRequired":true,"valueName":"search_term_string"}}],"inLanguage":"pt-PT"},{"@type":"Organization","@id":"https:\/\/petproducts.com.cn\/#organization","name":"Petstar","url":"https:\/\/petproducts.com.cn\/","logo":{"@type":"ImageObject","inLanguage":"pt-PT","@id":"https:\/\/petproducts.com.cn\/#\/schema\/logo\/image\/","url":"https:\/\/petproducts.com.cn\/wp-content\/uploads\/2020\/02\/petstar-logo.webp","contentUrl":"https:\/\/petproducts.com.cn\/wp-content\/uploads\/2020\/02\/petstar-logo.webp","width":779,"height":520,"caption":"Petstar"},"image":{"@id":"https:\/\/petproducts.com.cn\/#\/schema\/logo\/image\/"}}]}},"_links":{"self":[{"href":"https:\/\/petproducts.com.cn\/pt\/wp-json\/wp\/v2\/product\/26523","targetHints":{"allow":["GET"]}}],"collection":[{"href":"https:\/\/petproducts.com.cn\/pt\/wp-json\/wp\/v2\/product"}],"about":[{"href":"https:\/\/petproducts.com.cn\/pt\/wp-json\/wp\/v2\/types\/product"}],"version-history":[{"count":2,"href":"https:\/\/petproducts.com.cn\/pt\/wp-json\/wp\/v2\/product\/26523\/revisions"}],"predecessor-version":[{"id":26525,"href":"https:\/\/petproducts.com.cn\/pt\/wp-json\/wp\/v2\/product\/26523\/revisions\/26525"}],"wp:featuredmedia":[{"embeddable":true,"href":"https:\/\/petproducts.com.cn\/pt\/wp-json\/wp\/v2\/media\/26531"}],"wp:attachment":[{"href":"https:\/\/petproducts.com.cn\/pt\/wp-json\/wp\/v2\/media?parent=26523"}],"wp:term":[{"taxonomy":"product_brand","embeddable":true,"href":"https:\/\/petproducts.com.cn\/pt\/wp-json\/wp\/v2\/product_brand?post=26523"},{"taxonomy":"product_cat","embeddable":true,"href":"https:\/\/petproducts.com.cn\/pt\/wp-json\/wp\/v2\/product_cat?post=26523"},{"taxonomy":"product_tag","embeddable":true,"href":"https:\/\/petproducts.com.cn\/pt\/wp-json\/wp\/v2\/product_tag?post=26523"}],"curies":[{"name":"wp","href":"https:\/\/api.w.org\/{rel}","templated":true}]}}