{"id":26541,"date":"2024-07-02T03:19:07","date_gmt":"2024-07-02T03:19:07","guid":{"rendered":"https:\/\/petproducts.com.cn\/?post_type=product&#038;p=26541"},"modified":"2024-07-02T05:56:04","modified_gmt":"2024-07-02T05:56:04","slug":"rabbit-hammock-bed-bunny-products-hammock","status":"publish","type":"product","link":"https:\/\/petproducts.com.cn\/pt\/product\/rabbit-hammock-bed-bunny-products-hammock\/","title":{"rendered":"Rede de produtos para coelhos Cama de rede para coelhos"},"content":{"rendered":"<h2>Carater\u00edsticas da cama de rede Rabbit<\/h2>\n<ul>\n<li><strong>Design pr\u00e1tico para pendurar<\/strong> Vai adorar a forma como a nossa cama de rede para coelhos pode ser convenientemente pendurada dentro da gaiola do seu coelho. Este design maximiza a utiliza\u00e7\u00e3o do espa\u00e7o vertical, permitindo que o seu animal de estima\u00e7\u00e3o desfrute de um local de descanso confort\u00e1vel sem ocupar espa\u00e7o no ch\u00e3o. O seu coelho vai apreciar a perspetiva elevada.<\/li>\n<li><strong>Fabricado em tecido de pel\u00facia de poli\u00e9ster 100%<\/strong> Vai gostar do tecido de pel\u00facia de poli\u00e9ster 100% de alta qualidade utilizado na nossa cama de rede para coelhos. Este material \u00e9 macio e suave para a pele do seu animal de estima\u00e7\u00e3o, oferecendo uma superf\u00edcie luxuosa e acolhedora para o seu coelho relaxar. O tecido de pel\u00facia garante que o seu coelho tenha um sono confort\u00e1vel e repousante.<\/li>\n<li><strong>Quatro correias seguras com clipes met\u00e1licos<\/strong> Ir\u00e1 apreciar as quatro correias seguras com clipes met\u00e1licos que acompanham a nossa cama de rede para coelhos. Estas correias e clipes robustos asseguram que a cama de rede permanece bem presa \u00e0 gaiola, proporcionando uma \u00e1rea de repouso segura e est\u00e1vel para o seu animal de estima\u00e7\u00e3o. Pode confiar que o seu coelho est\u00e1 seguro enquanto descansa.<\/li>\n<li><strong>Adequado para v\u00e1rios animais pequenos<\/strong> Descobrir\u00e1 que a nossa cama de rede para coelhos \u00e9 adequada para v\u00e1rios animais pequenos, incluindo coelhos, porquinhos-da-\u00edndia, fur\u00f5es e muito mais. Esta versatilidade permite que v\u00e1rios animais de estima\u00e7\u00e3o possam beneficiar do conforto e da comodidade da nossa cama de rede.<\/li>\n<\/ul>","protected":false},"excerpt":{"rendered":"<p>N\u00f3s somos um fabricante de suprimentos para coelhos de estima\u00e7\u00e3o com mais de 20 anos de experi\u00eancia. Oferecemos op\u00e7\u00f5es de personaliza\u00e7\u00e3o para cor, tamanho, tecido, padr\u00e3o, log\u00f3tipo e outras caracter\u00edsticas.<\/p>","protected":false},"featured_media":26552,"template":"","meta":{"_acf_changed":false},"product_brand":[],"product_cat":[158,164,156],"product_tag":[165,160],"class_list":{"0":"post-26541","1":"product","2":"type-product","3":"status-publish","4":"has-post-thumbnail","6":"product_cat-other-animal-supplies","7":"product_cat-rabbit-supplies","8":"product_cat-small-animal-supplies","9":"product_tag-rabbit-supplies","10":"product_tag-small-animal-supplies","12":"first","13":"instock","14":"shipping-taxable","15":"product-type-simple"},"acf":[],"yoast_head":"<!-- This site is optimized with the Yoast SEO plugin v27.1.1 - https:\/\/yoast.com\/product\/yoast-seo-wordpress\/ -->\n<title>Rabbit Hammock Bed | Bunny Products Manufacturer - Petstar<\/title>\n<meta name=\"description\" content=\"Explore rabbit hammock bed, bunny products, bunny hammock from the rabbit supplies manufacturer. Your ideal business solution with Petstar.\" \/>\n<meta name=\"robots\" content=\"index, follow, max-snippet:-1, max-image-preview:large, max-video-preview:-1\" \/>\n<link rel=\"canonical\" href=\"https:\/\/petproducts.com.cn\/pt\/produto\/rabbit-hammock-bed-bunny-products-hammock\/\" \/>\n<meta property=\"og:locale\" content=\"pt_PT\" \/>\n<meta property=\"og:type\" content=\"article\" \/>\n<meta property=\"og:title\" content=\"Rabbit Hammock Bed | Bunny Products Manufacturer - Petstar\" \/>\n<meta property=\"og:description\" content=\"Explore rabbit hammock bed, bunny products, bunny hammock from the rabbit supplies manufacturer. Your ideal business solution with Petstar.\" \/>\n<meta property=\"og:url\" content=\"https:\/\/petproducts.com.cn\/pt\/produto\/rabbit-hammock-bed-bunny-products-hammock\/\" \/>\n<meta property=\"og:site_name\" content=\"Petstar\" \/>\n<meta property=\"article:modified_time\" content=\"2024-07-02T05:56:04+00:00\" \/>\n<meta property=\"og:image\" content=\"https:\/\/petproducts.com.cn\/wp-content\/uploads\/2024\/07\/rabbit-hammock-bed.webp\" \/>\n\t<meta property=\"og:image:width\" content=\"800\" \/>\n\t<meta property=\"og:image:height\" content=\"800\" \/>\n\t<meta property=\"og:image:type\" content=\"image\/webp\" \/>\n<meta name=\"twitter:card\" content=\"summary_large_image\" \/>\n<meta name=\"twitter:label1\" content=\"Tempo estimado de leitura\" \/>\n\t<meta name=\"twitter:data1\" content=\"2 minutos\" \/>\n<script type=\"application\/ld+json\" class=\"yoast-schema-graph\">{\"@context\":\"https:\/\/schema.org\",\"@graph\":[{\"@type\":\"WebPage\",\"@id\":\"https:\/\/petproducts.com.cn\/product\/rabbit-hammock-bed-bunny-products-hammock\/\",\"url\":\"https:\/\/petproducts.com.cn\/product\/rabbit-hammock-bed-bunny-products-hammock\/\",\"name\":\"Rabbit Hammock Bed | Bunny Products Manufacturer - Petstar\",\"isPartOf\":{\"@id\":\"https:\/\/petproducts.com.cn\/#website\"},\"primaryImageOfPage\":{\"@id\":\"https:\/\/petproducts.com.cn\/product\/rabbit-hammock-bed-bunny-products-hammock\/#primaryimage\"},\"image\":{\"@id\":\"https:\/\/petproducts.com.cn\/product\/rabbit-hammock-bed-bunny-products-hammock\/#primaryimage\"},\"thumbnailUrl\":\"https:\/\/petproducts.com.cn\/wp-content\/uploads\/2024\/07\/rabbit-hammock-bed.webp\",\"datePublished\":\"2024-07-02T03:19:07+00:00\",\"dateModified\":\"2024-07-02T05:56:04+00:00\",\"description\":\"Explore rabbit hammock bed, bunny products, bunny hammock from the rabbit supplies manufacturer. Your ideal business solution with Petstar.\",\"breadcrumb\":{\"@id\":\"https:\/\/petproducts.com.cn\/product\/rabbit-hammock-bed-bunny-products-hammock\/#breadcrumb\"},\"inLanguage\":\"pt-PT\",\"potentialAction\":[{\"@type\":\"ReadAction\",\"target\":[\"https:\/\/petproducts.com.cn\/product\/rabbit-hammock-bed-bunny-products-hammock\/\"]}]},{\"@type\":\"ImageObject\",\"inLanguage\":\"pt-PT\",\"@id\":\"https:\/\/petproducts.com.cn\/product\/rabbit-hammock-bed-bunny-products-hammock\/#primaryimage\",\"url\":\"https:\/\/petproducts.com.cn\/wp-content\/uploads\/2024\/07\/rabbit-hammock-bed.webp\",\"contentUrl\":\"https:\/\/petproducts.com.cn\/wp-content\/uploads\/2024\/07\/rabbit-hammock-bed.webp\",\"width\":800,\"height\":800,\"caption\":\"rabbit hammock bed\"},{\"@type\":\"BreadcrumbList\",\"@id\":\"https:\/\/petproducts.com.cn\/product\/rabbit-hammock-bed-bunny-products-hammock\/#breadcrumb\",\"itemListElement\":[{\"@type\":\"ListItem\",\"position\":1,\"name\":\"HOME\",\"item\":\"https:\/\/petproducts.com.cn\/\"},{\"@type\":\"ListItem\",\"position\":2,\"name\":\"Products\",\"item\":\"https:\/\/petproducts.com.cn\/shop\/\"},{\"@type\":\"ListItem\",\"position\":3,\"name\":\"Rabbit Supplies\",\"item\":\"https:\/\/petproducts.com.cn\/product-category\/rabbit-supplies\/\"},{\"@type\":\"ListItem\",\"position\":4,\"name\":\"Rabbit Hammock Bed Bunny Products Hammock\"}]},{\"@type\":\"WebSite\",\"@id\":\"https:\/\/petproducts.com.cn\/#website\",\"url\":\"https:\/\/petproducts.com.cn\/\",\"name\":\"Petstar\",\"description\":\"Leading Pet Supplies Manufacturer &amp; OEM Pet Products Supplier\",\"publisher\":{\"@id\":\"https:\/\/petproducts.com.cn\/#organization\"},\"alternateName\":\"Petstar Pet Supplies\",\"potentialAction\":[{\"@type\":\"SearchAction\",\"target\":{\"@type\":\"EntryPoint\",\"urlTemplate\":\"https:\/\/petproducts.com.cn\/?s={search_term_string}\"},\"query-input\":{\"@type\":\"PropertyValueSpecification\",\"valueRequired\":true,\"valueName\":\"search_term_string\"}}],\"inLanguage\":\"pt-PT\"},{\"@type\":\"Organization\",\"@id\":\"https:\/\/petproducts.com.cn\/#organization\",\"name\":\"Petstar\",\"url\":\"https:\/\/petproducts.com.cn\/\",\"logo\":{\"@type\":\"ImageObject\",\"inLanguage\":\"pt-PT\",\"@id\":\"https:\/\/petproducts.com.cn\/#\/schema\/logo\/image\/\",\"url\":\"https:\/\/petproducts.com.cn\/wp-content\/uploads\/2020\/02\/petstar-logo.webp\",\"contentUrl\":\"https:\/\/petproducts.com.cn\/wp-content\/uploads\/2020\/02\/petstar-logo.webp\",\"width\":779,\"height\":520,\"caption\":\"Petstar\"},\"image\":{\"@id\":\"https:\/\/petproducts.com.cn\/#\/schema\/logo\/image\/\"}}]}<\/script>\n<!-- \/ Yoast SEO plugin. -->","yoast_head_json":{"title":"Cama de rede para coelhos | Produtos para coelhos Fabricante - Petstar","description":"Explore a cama de rede para coelhos, produtos para coelhos, rede para coelhos do fabricante de artigos para coelhos. A sua solu\u00e7\u00e3o comercial ideal com Petstar.","robots":{"index":"index","follow":"follow","max-snippet":"max-snippet:-1","max-image-preview":"max-image-preview:large","max-video-preview":"max-video-preview:-1"},"canonical":"https:\/\/petproducts.com.cn\/pt\/produto\/rabbit-hammock-bed-bunny-products-hammock\/","og_locale":"pt_PT","og_type":"article","og_title":"Rabbit Hammock Bed | Bunny Products Manufacturer - Petstar","og_description":"Explore rabbit hammock bed, bunny products, bunny hammock from the rabbit supplies manufacturer. Your ideal business solution with Petstar.","og_url":"https:\/\/petproducts.com.cn\/pt\/produto\/rabbit-hammock-bed-bunny-products-hammock\/","og_site_name":"Petstar","article_modified_time":"2024-07-02T05:56:04+00:00","og_image":[{"width":800,"height":800,"url":"https:\/\/petproducts.com.cn\/wp-content\/uploads\/2024\/07\/rabbit-hammock-bed.webp","type":"image\/webp"}],"twitter_card":"summary_large_image","twitter_misc":{"Tempo estimado de leitura":"2 minutos"},"schema":{"@context":"https:\/\/schema.org","@graph":[{"@type":"WebPage","@id":"https:\/\/petproducts.com.cn\/product\/rabbit-hammock-bed-bunny-products-hammock\/","url":"https:\/\/petproducts.com.cn\/product\/rabbit-hammock-bed-bunny-products-hammock\/","name":"Cama de rede para coelhos | Produtos para coelhos Fabricante - Petstar","isPartOf":{"@id":"https:\/\/petproducts.com.cn\/#website"},"primaryImageOfPage":{"@id":"https:\/\/petproducts.com.cn\/product\/rabbit-hammock-bed-bunny-products-hammock\/#primaryimage"},"image":{"@id":"https:\/\/petproducts.com.cn\/product\/rabbit-hammock-bed-bunny-products-hammock\/#primaryimage"},"thumbnailUrl":"https:\/\/petproducts.com.cn\/wp-content\/uploads\/2024\/07\/rabbit-hammock-bed.webp","datePublished":"2024-07-02T03:19:07+00:00","dateModified":"2024-07-02T05:56:04+00:00","description":"Explore a cama de rede para coelhos, produtos para coelhos, rede para coelhos do fabricante de artigos para coelhos. A sua solu\u00e7\u00e3o comercial ideal com Petstar.","breadcrumb":{"@id":"https:\/\/petproducts.com.cn\/product\/rabbit-hammock-bed-bunny-products-hammock\/#breadcrumb"},"inLanguage":"pt-PT","potentialAction":[{"@type":"ReadAction","target":["https:\/\/petproducts.com.cn\/product\/rabbit-hammock-bed-bunny-products-hammock\/"]}]},{"@type":"ImageObject","inLanguage":"pt-PT","@id":"https:\/\/petproducts.com.cn\/product\/rabbit-hammock-bed-bunny-products-hammock\/#primaryimage","url":"https:\/\/petproducts.com.cn\/wp-content\/uploads\/2024\/07\/rabbit-hammock-bed.webp","contentUrl":"https:\/\/petproducts.com.cn\/wp-content\/uploads\/2024\/07\/rabbit-hammock-bed.webp","width":800,"height":800,"caption":"rabbit hammock bed"},{"@type":"BreadcrumbList","@id":"https:\/\/petproducts.com.cn\/product\/rabbit-hammock-bed-bunny-products-hammock\/#breadcrumb","itemListElement":[{"@type":"ListItem","position":1,"name":"HOME","item":"https:\/\/petproducts.com.cn\/"},{"@type":"ListItem","position":2,"name":"Products","item":"https:\/\/petproducts.com.cn\/shop\/"},{"@type":"ListItem","position":3,"name":"Rabbit Supplies","item":"https:\/\/petproducts.com.cn\/product-category\/rabbit-supplies\/"},{"@type":"ListItem","position":4,"name":"Rabbit Hammock Bed Bunny Products Hammock"}]},{"@type":"WebSite","@id":"https:\/\/petproducts.com.cn\/#website","url":"https:\/\/petproducts.com.cn\/","name":"Petstar","description":"Fabricante l\u00edder de artigos para animais de estima\u00e7\u00e3o e fornecedor de produtos OEM para animais de estima\u00e7\u00e3o","publisher":{"@id":"https:\/\/petproducts.com.cn\/#organization"},"alternateName":"Petstar Pet Supplies","potentialAction":[{"@type":"SearchAction","target":{"@type":"EntryPoint","urlTemplate":"https:\/\/petproducts.com.cn\/?s={search_term_string}"},"query-input":{"@type":"PropertyValueSpecification","valueRequired":true,"valueName":"search_term_string"}}],"inLanguage":"pt-PT"},{"@type":"Organization","@id":"https:\/\/petproducts.com.cn\/#organization","name":"Petstar","url":"https:\/\/petproducts.com.cn\/","logo":{"@type":"ImageObject","inLanguage":"pt-PT","@id":"https:\/\/petproducts.com.cn\/#\/schema\/logo\/image\/","url":"https:\/\/petproducts.com.cn\/wp-content\/uploads\/2020\/02\/petstar-logo.webp","contentUrl":"https:\/\/petproducts.com.cn\/wp-content\/uploads\/2020\/02\/petstar-logo.webp","width":779,"height":520,"caption":"Petstar"},"image":{"@id":"https:\/\/petproducts.com.cn\/#\/schema\/logo\/image\/"}}]}},"_links":{"self":[{"href":"https:\/\/petproducts.com.cn\/pt\/wp-json\/wp\/v2\/product\/26541","targetHints":{"allow":["GET"]}}],"collection":[{"href":"https:\/\/petproducts.com.cn\/pt\/wp-json\/wp\/v2\/product"}],"about":[{"href":"https:\/\/petproducts.com.cn\/pt\/wp-json\/wp\/v2\/types\/product"}],"version-history":[{"count":2,"href":"https:\/\/petproducts.com.cn\/pt\/wp-json\/wp\/v2\/product\/26541\/revisions"}],"predecessor-version":[{"id":26546,"href":"https:\/\/petproducts.com.cn\/pt\/wp-json\/wp\/v2\/product\/26541\/revisions\/26546"}],"wp:featuredmedia":[{"embeddable":true,"href":"https:\/\/petproducts.com.cn\/pt\/wp-json\/wp\/v2\/media\/26552"}],"wp:attachment":[{"href":"https:\/\/petproducts.com.cn\/pt\/wp-json\/wp\/v2\/media?parent=26541"}],"wp:term":[{"taxonomy":"product_brand","embeddable":true,"href":"https:\/\/petproducts.com.cn\/pt\/wp-json\/wp\/v2\/product_brand?post=26541"},{"taxonomy":"product_cat","embeddable":true,"href":"https:\/\/petproducts.com.cn\/pt\/wp-json\/wp\/v2\/product_cat?post=26541"},{"taxonomy":"product_tag","embeddable":true,"href":"https:\/\/petproducts.com.cn\/pt\/wp-json\/wp\/v2\/product_tag?post=26541"}],"curies":[{"name":"wp","href":"https:\/\/api.w.org\/{rel}","templated":true}]}}