{"id":26574,"date":"2024-07-03T03:10:13","date_gmt":"2024-07-03T03:10:13","guid":{"rendered":"https:\/\/petproducts.com.cn\/?post_type=product&#038;p=26574"},"modified":"2024-07-03T06:24:47","modified_gmt":"2024-07-03T06:24:47","slug":"rabbit-tent-bed-products-bunny-teepee-bed","status":"publish","type":"product","link":"https:\/\/petproducts.com.cn\/pt\/product\/rabbit-tent-bed-products-bunny-teepee-bed\/","title":{"rendered":"Produtos para cama de tenda de coelho Cama de tenda de coelho"},"content":{"rendered":"<h2>Caracter\u00edsticas da cama de tenda para coelhos<\/h2>\n<ul>\n<li><strong>F\u00e1cil de montar e desmont\u00e1vel<\/strong> Vai apreciar a facilidade de montagem e desmontagem da nossa cama tenda para coelhos. Com o seu design simples, pode mont\u00e1-la rapidamente sem qualquer problema. Esta carater\u00edstica faz com que seja conveniente proporcionar um espa\u00e7o acolhedor para o seu coelho num instante.<\/li>\n<li><strong>Constru\u00e7\u00e3o robusta com quatro postes de madeira<\/strong> Ficar\u00e1 impressionado com a constru\u00e7\u00e3o robusta da nossa tenda para coelhos, constru\u00edda com quatro postes de madeira. Estes postes garantem que a tenda permanece est\u00e1vel e segura, proporcionando um ambiente seguro para o seu coelho. A estrutura robusta garante longevidade e durabilidade.<\/li>\n<li><strong>Design encantador com cortina de porta ajust\u00e1vel<\/strong> Vai adorar o design encantador da nossa cama tenda para coelhos, com uma cortina de porta ajust\u00e1vel. Pode puxar facilmente a cortina para um lado e at\u00e1-la, dando ao seu coelho a op\u00e7\u00e3o de uma entrada aberta ou fechada. Esta flexibilidade aumenta o atrativo e a funcionalidade da cama.<\/li>\n<li><strong>Interior acolhedor e confort\u00e1vel<\/strong> Vai gostar do interior acolhedor e confort\u00e1vel da nossa tenda-cama para coelhos. O tecido macio e felpudo no interior da tenda oferece um espa\u00e7o quente e convidativo para o seu coelho relaxar. Este conforto garante que o seu animal de estima\u00e7\u00e3o se sinta seguro e satisfeito no seu novo esconderijo.<\/li>\n<\/ul>","protected":false},"excerpt":{"rendered":"<p>N\u00f3s somos um fabricante de suprimentos para coelhos de estima\u00e7\u00e3o com mais de 20 anos de experi\u00eancia. Oferecemos op\u00e7\u00f5es de personaliza\u00e7\u00e3o para cor, tamanho, tecido, padr\u00e3o, log\u00f3tipo e outras caracter\u00edsticas.<\/p>","protected":false},"featured_media":26582,"template":"","meta":{"_acf_changed":false},"product_brand":[],"product_cat":[158,164,156],"product_tag":[165,160],"class_list":{"0":"post-26574","1":"product","2":"type-product","3":"status-publish","4":"has-post-thumbnail","6":"product_cat-other-animal-supplies","7":"product_cat-rabbit-supplies","8":"product_cat-small-animal-supplies","9":"product_tag-rabbit-supplies","10":"product_tag-small-animal-supplies","12":"first","13":"instock","14":"shipping-taxable","15":"product-type-simple"},"acf":[],"yoast_head":"<!-- This site is optimized with the Yoast SEO plugin v27.1.1 - https:\/\/yoast.com\/product\/yoast-seo-wordpress\/ -->\n<title>Rabbit Tent Bed | Bunny Teepee Bed Manufacturer - Petstar<\/title>\n<meta name=\"description\" content=\"Explore rabbit tent bed, bunny teepee bed, rabbit products from the rabbit supplies manufacturer. Your ideal business solution with Petstar.\" \/>\n<meta name=\"robots\" content=\"index, follow, max-snippet:-1, max-image-preview:large, max-video-preview:-1\" \/>\n<link rel=\"canonical\" href=\"https:\/\/petproducts.com.cn\/pt\/produto\/rabbit-tent-bed-products-bunny-teepee-bed\/\" \/>\n<meta property=\"og:locale\" content=\"pt_PT\" \/>\n<meta property=\"og:type\" content=\"article\" \/>\n<meta property=\"og:title\" content=\"Rabbit Tent Bed | Bunny Teepee Bed Manufacturer - Petstar\" \/>\n<meta property=\"og:description\" content=\"Explore rabbit tent bed, bunny teepee bed, rabbit products from the rabbit supplies manufacturer. Your ideal business solution with Petstar.\" \/>\n<meta property=\"og:url\" content=\"https:\/\/petproducts.com.cn\/pt\/produto\/rabbit-tent-bed-products-bunny-teepee-bed\/\" \/>\n<meta property=\"og:site_name\" content=\"Petstar\" \/>\n<meta property=\"article:modified_time\" content=\"2024-07-03T06:24:47+00:00\" \/>\n<meta property=\"og:image\" content=\"https:\/\/petproducts.com.cn\/wp-content\/uploads\/2024\/07\/rabbit-tent-bed.webp\" \/>\n\t<meta property=\"og:image:width\" content=\"800\" \/>\n\t<meta property=\"og:image:height\" content=\"800\" \/>\n\t<meta property=\"og:image:type\" content=\"image\/webp\" \/>\n<meta name=\"twitter:card\" content=\"summary_large_image\" \/>\n<meta name=\"twitter:label1\" content=\"Tempo estimado de leitura\" \/>\n\t<meta name=\"twitter:data1\" content=\"2 minutos\" \/>\n<script type=\"application\/ld+json\" class=\"yoast-schema-graph\">{\"@context\":\"https:\/\/schema.org\",\"@graph\":[{\"@type\":\"WebPage\",\"@id\":\"https:\/\/petproducts.com.cn\/product\/rabbit-tent-bed-products-bunny-teepee-bed\/\",\"url\":\"https:\/\/petproducts.com.cn\/product\/rabbit-tent-bed-products-bunny-teepee-bed\/\",\"name\":\"Rabbit Tent Bed | Bunny Teepee Bed Manufacturer - Petstar\",\"isPartOf\":{\"@id\":\"https:\/\/petproducts.com.cn\/#website\"},\"primaryImageOfPage\":{\"@id\":\"https:\/\/petproducts.com.cn\/product\/rabbit-tent-bed-products-bunny-teepee-bed\/#primaryimage\"},\"image\":{\"@id\":\"https:\/\/petproducts.com.cn\/product\/rabbit-tent-bed-products-bunny-teepee-bed\/#primaryimage\"},\"thumbnailUrl\":\"https:\/\/petproducts.com.cn\/wp-content\/uploads\/2024\/07\/rabbit-tent-bed.webp\",\"datePublished\":\"2024-07-03T03:10:13+00:00\",\"dateModified\":\"2024-07-03T06:24:47+00:00\",\"description\":\"Explore rabbit tent bed, bunny teepee bed, rabbit products from the rabbit supplies manufacturer. Your ideal business solution with Petstar.\",\"breadcrumb\":{\"@id\":\"https:\/\/petproducts.com.cn\/product\/rabbit-tent-bed-products-bunny-teepee-bed\/#breadcrumb\"},\"inLanguage\":\"pt-PT\",\"potentialAction\":[{\"@type\":\"ReadAction\",\"target\":[\"https:\/\/petproducts.com.cn\/product\/rabbit-tent-bed-products-bunny-teepee-bed\/\"]}]},{\"@type\":\"ImageObject\",\"inLanguage\":\"pt-PT\",\"@id\":\"https:\/\/petproducts.com.cn\/product\/rabbit-tent-bed-products-bunny-teepee-bed\/#primaryimage\",\"url\":\"https:\/\/petproducts.com.cn\/wp-content\/uploads\/2024\/07\/rabbit-tent-bed.webp\",\"contentUrl\":\"https:\/\/petproducts.com.cn\/wp-content\/uploads\/2024\/07\/rabbit-tent-bed.webp\",\"width\":800,\"height\":800,\"caption\":\"rabbit tent bed\"},{\"@type\":\"BreadcrumbList\",\"@id\":\"https:\/\/petproducts.com.cn\/product\/rabbit-tent-bed-products-bunny-teepee-bed\/#breadcrumb\",\"itemListElement\":[{\"@type\":\"ListItem\",\"position\":1,\"name\":\"HOME\",\"item\":\"https:\/\/petproducts.com.cn\/\"},{\"@type\":\"ListItem\",\"position\":2,\"name\":\"Products\",\"item\":\"https:\/\/petproducts.com.cn\/shop\/\"},{\"@type\":\"ListItem\",\"position\":3,\"name\":\"Rabbit Supplies\",\"item\":\"https:\/\/petproducts.com.cn\/product-category\/rabbit-supplies\/\"},{\"@type\":\"ListItem\",\"position\":4,\"name\":\"Rabbit Tent Bed Products Bunny Teepee Bed\"}]},{\"@type\":\"WebSite\",\"@id\":\"https:\/\/petproducts.com.cn\/#website\",\"url\":\"https:\/\/petproducts.com.cn\/\",\"name\":\"Petstar\",\"description\":\"Leading Pet Supplies Manufacturer &amp; OEM Pet Products Supplier\",\"publisher\":{\"@id\":\"https:\/\/petproducts.com.cn\/#organization\"},\"alternateName\":\"Petstar Pet Supplies\",\"potentialAction\":[{\"@type\":\"SearchAction\",\"target\":{\"@type\":\"EntryPoint\",\"urlTemplate\":\"https:\/\/petproducts.com.cn\/?s={search_term_string}\"},\"query-input\":{\"@type\":\"PropertyValueSpecification\",\"valueRequired\":true,\"valueName\":\"search_term_string\"}}],\"inLanguage\":\"pt-PT\"},{\"@type\":\"Organization\",\"@id\":\"https:\/\/petproducts.com.cn\/#organization\",\"name\":\"Petstar\",\"url\":\"https:\/\/petproducts.com.cn\/\",\"logo\":{\"@type\":\"ImageObject\",\"inLanguage\":\"pt-PT\",\"@id\":\"https:\/\/petproducts.com.cn\/#\/schema\/logo\/image\/\",\"url\":\"https:\/\/petproducts.com.cn\/wp-content\/uploads\/2020\/02\/petstar-logo.webp\",\"contentUrl\":\"https:\/\/petproducts.com.cn\/wp-content\/uploads\/2020\/02\/petstar-logo.webp\",\"width\":779,\"height\":520,\"caption\":\"Petstar\"},\"image\":{\"@id\":\"https:\/\/petproducts.com.cn\/#\/schema\/logo\/image\/\"}}]}<\/script>\n<!-- \/ Yoast SEO plugin. -->","yoast_head_json":{"title":"Cama tenda para coelhos | Cama tenda para coelhos Fabricante - Petstar","description":"Explore a cama de tenda para coelhos, cama de tenda para coelhos, produtos para coelhos do fabricante de suprimentos para coelhos. A sua solu\u00e7\u00e3o comercial ideal com Petstar.","robots":{"index":"index","follow":"follow","max-snippet":"max-snippet:-1","max-image-preview":"max-image-preview:large","max-video-preview":"max-video-preview:-1"},"canonical":"https:\/\/petproducts.com.cn\/pt\/produto\/rabbit-tent-bed-products-bunny-teepee-bed\/","og_locale":"pt_PT","og_type":"article","og_title":"Rabbit Tent Bed | Bunny Teepee Bed Manufacturer - Petstar","og_description":"Explore rabbit tent bed, bunny teepee bed, rabbit products from the rabbit supplies manufacturer. Your ideal business solution with Petstar.","og_url":"https:\/\/petproducts.com.cn\/pt\/produto\/rabbit-tent-bed-products-bunny-teepee-bed\/","og_site_name":"Petstar","article_modified_time":"2024-07-03T06:24:47+00:00","og_image":[{"width":800,"height":800,"url":"https:\/\/petproducts.com.cn\/wp-content\/uploads\/2024\/07\/rabbit-tent-bed.webp","type":"image\/webp"}],"twitter_card":"summary_large_image","twitter_misc":{"Tempo estimado de leitura":"2 minutos"},"schema":{"@context":"https:\/\/schema.org","@graph":[{"@type":"WebPage","@id":"https:\/\/petproducts.com.cn\/product\/rabbit-tent-bed-products-bunny-teepee-bed\/","url":"https:\/\/petproducts.com.cn\/product\/rabbit-tent-bed-products-bunny-teepee-bed\/","name":"Cama tenda para coelhos | Cama tenda para coelhos Fabricante - Petstar","isPartOf":{"@id":"https:\/\/petproducts.com.cn\/#website"},"primaryImageOfPage":{"@id":"https:\/\/petproducts.com.cn\/product\/rabbit-tent-bed-products-bunny-teepee-bed\/#primaryimage"},"image":{"@id":"https:\/\/petproducts.com.cn\/product\/rabbit-tent-bed-products-bunny-teepee-bed\/#primaryimage"},"thumbnailUrl":"https:\/\/petproducts.com.cn\/wp-content\/uploads\/2024\/07\/rabbit-tent-bed.webp","datePublished":"2024-07-03T03:10:13+00:00","dateModified":"2024-07-03T06:24:47+00:00","description":"Explore a cama de tenda para coelhos, cama de tenda para coelhos, produtos para coelhos do fabricante de suprimentos para coelhos. A sua solu\u00e7\u00e3o comercial ideal com Petstar.","breadcrumb":{"@id":"https:\/\/petproducts.com.cn\/product\/rabbit-tent-bed-products-bunny-teepee-bed\/#breadcrumb"},"inLanguage":"pt-PT","potentialAction":[{"@type":"ReadAction","target":["https:\/\/petproducts.com.cn\/product\/rabbit-tent-bed-products-bunny-teepee-bed\/"]}]},{"@type":"ImageObject","inLanguage":"pt-PT","@id":"https:\/\/petproducts.com.cn\/product\/rabbit-tent-bed-products-bunny-teepee-bed\/#primaryimage","url":"https:\/\/petproducts.com.cn\/wp-content\/uploads\/2024\/07\/rabbit-tent-bed.webp","contentUrl":"https:\/\/petproducts.com.cn\/wp-content\/uploads\/2024\/07\/rabbit-tent-bed.webp","width":800,"height":800,"caption":"rabbit tent bed"},{"@type":"BreadcrumbList","@id":"https:\/\/petproducts.com.cn\/product\/rabbit-tent-bed-products-bunny-teepee-bed\/#breadcrumb","itemListElement":[{"@type":"ListItem","position":1,"name":"HOME","item":"https:\/\/petproducts.com.cn\/"},{"@type":"ListItem","position":2,"name":"Products","item":"https:\/\/petproducts.com.cn\/shop\/"},{"@type":"ListItem","position":3,"name":"Rabbit Supplies","item":"https:\/\/petproducts.com.cn\/product-category\/rabbit-supplies\/"},{"@type":"ListItem","position":4,"name":"Rabbit Tent Bed Products Bunny Teepee Bed"}]},{"@type":"WebSite","@id":"https:\/\/petproducts.com.cn\/#website","url":"https:\/\/petproducts.com.cn\/","name":"Petstar","description":"Fabricante l\u00edder de artigos para animais de estima\u00e7\u00e3o e fornecedor de produtos OEM para animais de estima\u00e7\u00e3o","publisher":{"@id":"https:\/\/petproducts.com.cn\/#organization"},"alternateName":"Petstar Pet Supplies","potentialAction":[{"@type":"SearchAction","target":{"@type":"EntryPoint","urlTemplate":"https:\/\/petproducts.com.cn\/?s={search_term_string}"},"query-input":{"@type":"PropertyValueSpecification","valueRequired":true,"valueName":"search_term_string"}}],"inLanguage":"pt-PT"},{"@type":"Organization","@id":"https:\/\/petproducts.com.cn\/#organization","name":"Petstar","url":"https:\/\/petproducts.com.cn\/","logo":{"@type":"ImageObject","inLanguage":"pt-PT","@id":"https:\/\/petproducts.com.cn\/#\/schema\/logo\/image\/","url":"https:\/\/petproducts.com.cn\/wp-content\/uploads\/2020\/02\/petstar-logo.webp","contentUrl":"https:\/\/petproducts.com.cn\/wp-content\/uploads\/2020\/02\/petstar-logo.webp","width":779,"height":520,"caption":"Petstar"},"image":{"@id":"https:\/\/petproducts.com.cn\/#\/schema\/logo\/image\/"}}]}},"_links":{"self":[{"href":"https:\/\/petproducts.com.cn\/pt\/wp-json\/wp\/v2\/product\/26574","targetHints":{"allow":["GET"]}}],"collection":[{"href":"https:\/\/petproducts.com.cn\/pt\/wp-json\/wp\/v2\/product"}],"about":[{"href":"https:\/\/petproducts.com.cn\/pt\/wp-json\/wp\/v2\/types\/product"}],"version-history":[{"count":2,"href":"https:\/\/petproducts.com.cn\/pt\/wp-json\/wp\/v2\/product\/26574\/revisions"}],"predecessor-version":[{"id":26576,"href":"https:\/\/petproducts.com.cn\/pt\/wp-json\/wp\/v2\/product\/26574\/revisions\/26576"}],"wp:featuredmedia":[{"embeddable":true,"href":"https:\/\/petproducts.com.cn\/pt\/wp-json\/wp\/v2\/media\/26582"}],"wp:attachment":[{"href":"https:\/\/petproducts.com.cn\/pt\/wp-json\/wp\/v2\/media?parent=26574"}],"wp:term":[{"taxonomy":"product_brand","embeddable":true,"href":"https:\/\/petproducts.com.cn\/pt\/wp-json\/wp\/v2\/product_brand?post=26574"},{"taxonomy":"product_cat","embeddable":true,"href":"https:\/\/petproducts.com.cn\/pt\/wp-json\/wp\/v2\/product_cat?post=26574"},{"taxonomy":"product_tag","embeddable":true,"href":"https:\/\/petproducts.com.cn\/pt\/wp-json\/wp\/v2\/product_tag?post=26574"}],"curies":[{"name":"wp","href":"https:\/\/api.w.org\/{rel}","templated":true}]}}