{"id":26710,"date":"2024-07-08T03:05:39","date_gmt":"2024-07-08T03:05:39","guid":{"rendered":"https:\/\/petproducts.com.cn\/?post_type=product&#038;p=26710"},"modified":"2024-07-08T03:18:32","modified_gmt":"2024-07-08T03:18:32","slug":"bunny-hat-clothing-rabbit-ear-hat","status":"publish","type":"product","link":"https:\/\/petproducts.com.cn\/pt\/product\/bunny-hat-clothing-rabbit-ear-hat\/","title":{"rendered":"Chap\u00e9u de coelho com orelha de coelho"},"content":{"rendered":"<h2>Carater\u00edsticas do chap\u00e9u de coelho<\/h2>\n<ul>\n<li><strong>Desenho de um pequeno chap\u00e9u amarelo ador\u00e1vel<\/strong> Vai adorar o ador\u00e1vel design do pequeno chap\u00e9u de coelho amarelo que real\u00e7a instantaneamente a fofura do seu coelhinho. A cor brilhante faz com que o seu coelhinho se destaque, dando um toque alegre \u00e0 sua apar\u00eancia. Este design encantador \u00e9 perfeito para fotografias e ocasi\u00f5es especiais.<\/li>\n<li><strong>Aberturas de ouvido para conforto<\/strong> Apreciar\u00e1 as aberturas para as orelhas cuidadosamente concebidas para garantir o conforto do seu coelho. O chap\u00e9u tem duas aberturas para as orelhas do seu coelho, permitindo-lhes assentar natural e confortavelmente. Esta carater\u00edstica evita a irrita\u00e7\u00e3o e torna o uso do chap\u00e9u agrad\u00e1vel para o seu coelho.<\/li>\n<li><strong>Compacto e leve<\/strong> O chap\u00e9u de coelho \u00e9 compacto e leve, para n\u00e3o pesar na cabe\u00e7a do coelho. O tamanho pequeno facilita a coloca\u00e7\u00e3o e a retirada, proporcionando comodidade tanto para si como para o seu coelho. Este design leve \u00e9 crucial para o conforto do seu coelho.<\/li>\n<li><strong>Material macio e confort\u00e1vel<\/strong> Ficar\u00e1 impressionado com o material macio e confort\u00e1vel utilizado no chap\u00e9u de coelho. O tecido \u00e9 suave para a pele do seu coelho, evitando o desconforto e assegurando uma experi\u00eancia de utiliza\u00e7\u00e3o agrad\u00e1vel. Este conforto \u00e9 essencial para o bem-estar do seu coelho.<\/li>\n<li><strong>Acess\u00f3rio com estilo<\/strong> Vai adorar o facto de o nosso chap\u00e9u de coelho ser um acess\u00f3rio elegante para o seu coelho. O design moderno d\u00e1 um toque \u00fanico \u00e0 roupa do seu coelho, tornando-o ainda mais ador\u00e1vel. Este estilo \u00e9 perfeito para melhorar o guarda-roupa do seu coelho.<\/li>\n<\/ul>","protected":false},"excerpt":{"rendered":"<p>N\u00f3s somos um fabricante de suprimentos para coelhos de estima\u00e7\u00e3o com mais de 20 anos de experi\u00eancia. Oferecemos op\u00e7\u00f5es de personaliza\u00e7\u00e3o para cor, tamanho, tecido, padr\u00e3o, log\u00f3tipo e outras caracter\u00edsticas.<\/p>","protected":false},"featured_media":26716,"template":"","meta":{"_acf_changed":false},"product_brand":[],"product_cat":[158,164,156],"product_tag":[165,160],"class_list":{"0":"post-26710","1":"product","2":"type-product","3":"status-publish","4":"has-post-thumbnail","6":"product_cat-other-animal-supplies","7":"product_cat-rabbit-supplies","8":"product_cat-small-animal-supplies","9":"product_tag-rabbit-supplies","10":"product_tag-small-animal-supplies","12":"first","13":"instock","14":"shipping-taxable","15":"product-type-simple"},"acf":[],"yoast_head":"<!-- This site is optimized with the Yoast SEO plugin v27.1.1 - https:\/\/yoast.com\/product\/yoast-seo-wordpress\/ -->\n<title>Bunny Hat | Rabbit Ear Hat Manufacturer - Petstar<\/title>\n<meta name=\"description\" content=\"Explore bunny hat, rabbit ear hat, clothing bunny from the rabbit supplies manufacturer. Your ideal business solution with Petstar.\" \/>\n<meta name=\"robots\" content=\"index, follow, max-snippet:-1, max-image-preview:large, max-video-preview:-1\" \/>\n<link rel=\"canonical\" href=\"https:\/\/petproducts.com.cn\/pt\/produto\/bunny-hat-clothing-rabbit-ear-hat\/\" \/>\n<meta property=\"og:locale\" content=\"pt_PT\" \/>\n<meta property=\"og:type\" content=\"article\" \/>\n<meta property=\"og:title\" content=\"Bunny Hat | Rabbit Ear Hat Manufacturer - Petstar\" \/>\n<meta property=\"og:description\" content=\"Explore bunny hat, rabbit ear hat, clothing bunny from the rabbit supplies manufacturer. Your ideal business solution with Petstar.\" \/>\n<meta property=\"og:url\" content=\"https:\/\/petproducts.com.cn\/pt\/produto\/bunny-hat-clothing-rabbit-ear-hat\/\" \/>\n<meta property=\"og:site_name\" content=\"Petstar\" \/>\n<meta property=\"article:modified_time\" content=\"2024-07-08T03:18:32+00:00\" \/>\n<meta property=\"og:image\" content=\"https:\/\/petproducts.com.cn\/wp-content\/uploads\/2024\/07\/Bunny-Hat.webp\" \/>\n\t<meta property=\"og:image:width\" content=\"1000\" \/>\n\t<meta property=\"og:image:height\" content=\"1000\" \/>\n\t<meta property=\"og:image:type\" content=\"image\/webp\" \/>\n<meta name=\"twitter:card\" content=\"summary_large_image\" \/>\n<meta name=\"twitter:label1\" content=\"Tempo estimado de leitura\" \/>\n\t<meta name=\"twitter:data1\" content=\"2 minutos\" \/>\n<script type=\"application\/ld+json\" class=\"yoast-schema-graph\">{\"@context\":\"https:\/\/schema.org\",\"@graph\":[{\"@type\":\"WebPage\",\"@id\":\"https:\/\/petproducts.com.cn\/product\/bunny-hat-clothing-rabbit-ear-hat\/\",\"url\":\"https:\/\/petproducts.com.cn\/product\/bunny-hat-clothing-rabbit-ear-hat\/\",\"name\":\"Bunny Hat | Rabbit Ear Hat Manufacturer - Petstar\",\"isPartOf\":{\"@id\":\"https:\/\/petproducts.com.cn\/#website\"},\"primaryImageOfPage\":{\"@id\":\"https:\/\/petproducts.com.cn\/product\/bunny-hat-clothing-rabbit-ear-hat\/#primaryimage\"},\"image\":{\"@id\":\"https:\/\/petproducts.com.cn\/product\/bunny-hat-clothing-rabbit-ear-hat\/#primaryimage\"},\"thumbnailUrl\":\"https:\/\/petproducts.com.cn\/wp-content\/uploads\/2024\/07\/Bunny-Hat.webp\",\"datePublished\":\"2024-07-08T03:05:39+00:00\",\"dateModified\":\"2024-07-08T03:18:32+00:00\",\"description\":\"Explore bunny hat, rabbit ear hat, clothing bunny from the rabbit supplies manufacturer. Your ideal business solution with Petstar.\",\"breadcrumb\":{\"@id\":\"https:\/\/petproducts.com.cn\/product\/bunny-hat-clothing-rabbit-ear-hat\/#breadcrumb\"},\"inLanguage\":\"pt-PT\",\"potentialAction\":[{\"@type\":\"ReadAction\",\"target\":[\"https:\/\/petproducts.com.cn\/product\/bunny-hat-clothing-rabbit-ear-hat\/\"]}]},{\"@type\":\"ImageObject\",\"inLanguage\":\"pt-PT\",\"@id\":\"https:\/\/petproducts.com.cn\/product\/bunny-hat-clothing-rabbit-ear-hat\/#primaryimage\",\"url\":\"https:\/\/petproducts.com.cn\/wp-content\/uploads\/2024\/07\/Bunny-Hat.webp\",\"contentUrl\":\"https:\/\/petproducts.com.cn\/wp-content\/uploads\/2024\/07\/Bunny-Hat.webp\",\"width\":1000,\"height\":1000,\"caption\":\"Bunny Hat\"},{\"@type\":\"BreadcrumbList\",\"@id\":\"https:\/\/petproducts.com.cn\/product\/bunny-hat-clothing-rabbit-ear-hat\/#breadcrumb\",\"itemListElement\":[{\"@type\":\"ListItem\",\"position\":1,\"name\":\"HOME\",\"item\":\"https:\/\/petproducts.com.cn\/\"},{\"@type\":\"ListItem\",\"position\":2,\"name\":\"Products\",\"item\":\"https:\/\/petproducts.com.cn\/shop\/\"},{\"@type\":\"ListItem\",\"position\":3,\"name\":\"Rabbit Supplies\",\"item\":\"https:\/\/petproducts.com.cn\/product-category\/rabbit-supplies\/\"},{\"@type\":\"ListItem\",\"position\":4,\"name\":\"Bunny Hat Clothing Rabbit Ear Hat\"}]},{\"@type\":\"WebSite\",\"@id\":\"https:\/\/petproducts.com.cn\/#website\",\"url\":\"https:\/\/petproducts.com.cn\/\",\"name\":\"Petstar\",\"description\":\"Leading Pet Supplies Manufacturer &amp; OEM Pet Products Supplier\",\"publisher\":{\"@id\":\"https:\/\/petproducts.com.cn\/#organization\"},\"alternateName\":\"Petstar Pet Supplies\",\"potentialAction\":[{\"@type\":\"SearchAction\",\"target\":{\"@type\":\"EntryPoint\",\"urlTemplate\":\"https:\/\/petproducts.com.cn\/?s={search_term_string}\"},\"query-input\":{\"@type\":\"PropertyValueSpecification\",\"valueRequired\":true,\"valueName\":\"search_term_string\"}}],\"inLanguage\":\"pt-PT\"},{\"@type\":\"Organization\",\"@id\":\"https:\/\/petproducts.com.cn\/#organization\",\"name\":\"Petstar\",\"url\":\"https:\/\/petproducts.com.cn\/\",\"logo\":{\"@type\":\"ImageObject\",\"inLanguage\":\"pt-PT\",\"@id\":\"https:\/\/petproducts.com.cn\/#\/schema\/logo\/image\/\",\"url\":\"https:\/\/petproducts.com.cn\/wp-content\/uploads\/2020\/02\/petstar-logo.webp\",\"contentUrl\":\"https:\/\/petproducts.com.cn\/wp-content\/uploads\/2020\/02\/petstar-logo.webp\",\"width\":779,\"height\":520,\"caption\":\"Petstar\"},\"image\":{\"@id\":\"https:\/\/petproducts.com.cn\/#\/schema\/logo\/image\/\"}}]}<\/script>\n<!-- \/ Yoast SEO plugin. -->","yoast_head_json":{"title":"Chap\u00e9u de coelho | Chap\u00e9u de orelha de coelho Fabricante - Petstar","description":"Explore o chap\u00e9u de coelho, chap\u00e9u de orelha de coelho, roupa de coelho do fabricante de suprimentos para coelhos. A sua solu\u00e7\u00e3o comercial ideal com Petstar.","robots":{"index":"index","follow":"follow","max-snippet":"max-snippet:-1","max-image-preview":"max-image-preview:large","max-video-preview":"max-video-preview:-1"},"canonical":"https:\/\/petproducts.com.cn\/pt\/produto\/bunny-hat-clothing-rabbit-ear-hat\/","og_locale":"pt_PT","og_type":"article","og_title":"Bunny Hat | Rabbit Ear Hat Manufacturer - Petstar","og_description":"Explore bunny hat, rabbit ear hat, clothing bunny from the rabbit supplies manufacturer. Your ideal business solution with Petstar.","og_url":"https:\/\/petproducts.com.cn\/pt\/produto\/bunny-hat-clothing-rabbit-ear-hat\/","og_site_name":"Petstar","article_modified_time":"2024-07-08T03:18:32+00:00","og_image":[{"width":1000,"height":1000,"url":"https:\/\/petproducts.com.cn\/wp-content\/uploads\/2024\/07\/Bunny-Hat.webp","type":"image\/webp"}],"twitter_card":"summary_large_image","twitter_misc":{"Tempo estimado de leitura":"2 minutos"},"schema":{"@context":"https:\/\/schema.org","@graph":[{"@type":"WebPage","@id":"https:\/\/petproducts.com.cn\/product\/bunny-hat-clothing-rabbit-ear-hat\/","url":"https:\/\/petproducts.com.cn\/product\/bunny-hat-clothing-rabbit-ear-hat\/","name":"Chap\u00e9u de coelho | Chap\u00e9u de orelha de coelho Fabricante - Petstar","isPartOf":{"@id":"https:\/\/petproducts.com.cn\/#website"},"primaryImageOfPage":{"@id":"https:\/\/petproducts.com.cn\/product\/bunny-hat-clothing-rabbit-ear-hat\/#primaryimage"},"image":{"@id":"https:\/\/petproducts.com.cn\/product\/bunny-hat-clothing-rabbit-ear-hat\/#primaryimage"},"thumbnailUrl":"https:\/\/petproducts.com.cn\/wp-content\/uploads\/2024\/07\/Bunny-Hat.webp","datePublished":"2024-07-08T03:05:39+00:00","dateModified":"2024-07-08T03:18:32+00:00","description":"Explore o chap\u00e9u de coelho, chap\u00e9u de orelha de coelho, roupa de coelho do fabricante de suprimentos para coelhos. A sua solu\u00e7\u00e3o comercial ideal com Petstar.","breadcrumb":{"@id":"https:\/\/petproducts.com.cn\/product\/bunny-hat-clothing-rabbit-ear-hat\/#breadcrumb"},"inLanguage":"pt-PT","potentialAction":[{"@type":"ReadAction","target":["https:\/\/petproducts.com.cn\/product\/bunny-hat-clothing-rabbit-ear-hat\/"]}]},{"@type":"ImageObject","inLanguage":"pt-PT","@id":"https:\/\/petproducts.com.cn\/product\/bunny-hat-clothing-rabbit-ear-hat\/#primaryimage","url":"https:\/\/petproducts.com.cn\/wp-content\/uploads\/2024\/07\/Bunny-Hat.webp","contentUrl":"https:\/\/petproducts.com.cn\/wp-content\/uploads\/2024\/07\/Bunny-Hat.webp","width":1000,"height":1000,"caption":"Bunny Hat"},{"@type":"BreadcrumbList","@id":"https:\/\/petproducts.com.cn\/product\/bunny-hat-clothing-rabbit-ear-hat\/#breadcrumb","itemListElement":[{"@type":"ListItem","position":1,"name":"HOME","item":"https:\/\/petproducts.com.cn\/"},{"@type":"ListItem","position":2,"name":"Products","item":"https:\/\/petproducts.com.cn\/shop\/"},{"@type":"ListItem","position":3,"name":"Rabbit Supplies","item":"https:\/\/petproducts.com.cn\/product-category\/rabbit-supplies\/"},{"@type":"ListItem","position":4,"name":"Bunny Hat Clothing Rabbit Ear Hat"}]},{"@type":"WebSite","@id":"https:\/\/petproducts.com.cn\/#website","url":"https:\/\/petproducts.com.cn\/","name":"Petstar","description":"Fabricante l\u00edder de artigos para animais de estima\u00e7\u00e3o e fornecedor de produtos OEM para animais de estima\u00e7\u00e3o","publisher":{"@id":"https:\/\/petproducts.com.cn\/#organization"},"alternateName":"Petstar Pet Supplies","potentialAction":[{"@type":"SearchAction","target":{"@type":"EntryPoint","urlTemplate":"https:\/\/petproducts.com.cn\/?s={search_term_string}"},"query-input":{"@type":"PropertyValueSpecification","valueRequired":true,"valueName":"search_term_string"}}],"inLanguage":"pt-PT"},{"@type":"Organization","@id":"https:\/\/petproducts.com.cn\/#organization","name":"Petstar","url":"https:\/\/petproducts.com.cn\/","logo":{"@type":"ImageObject","inLanguage":"pt-PT","@id":"https:\/\/petproducts.com.cn\/#\/schema\/logo\/image\/","url":"https:\/\/petproducts.com.cn\/wp-content\/uploads\/2020\/02\/petstar-logo.webp","contentUrl":"https:\/\/petproducts.com.cn\/wp-content\/uploads\/2020\/02\/petstar-logo.webp","width":779,"height":520,"caption":"Petstar"},"image":{"@id":"https:\/\/petproducts.com.cn\/#\/schema\/logo\/image\/"}}]}},"_links":{"self":[{"href":"https:\/\/petproducts.com.cn\/pt\/wp-json\/wp\/v2\/product\/26710","targetHints":{"allow":["GET"]}}],"collection":[{"href":"https:\/\/petproducts.com.cn\/pt\/wp-json\/wp\/v2\/product"}],"about":[{"href":"https:\/\/petproducts.com.cn\/pt\/wp-json\/wp\/v2\/types\/product"}],"version-history":[{"count":2,"href":"https:\/\/petproducts.com.cn\/pt\/wp-json\/wp\/v2\/product\/26710\/revisions"}],"predecessor-version":[{"id":26712,"href":"https:\/\/petproducts.com.cn\/pt\/wp-json\/wp\/v2\/product\/26710\/revisions\/26712"}],"wp:featuredmedia":[{"embeddable":true,"href":"https:\/\/petproducts.com.cn\/pt\/wp-json\/wp\/v2\/media\/26716"}],"wp:attachment":[{"href":"https:\/\/petproducts.com.cn\/pt\/wp-json\/wp\/v2\/media?parent=26710"}],"wp:term":[{"taxonomy":"product_brand","embeddable":true,"href":"https:\/\/petproducts.com.cn\/pt\/wp-json\/wp\/v2\/product_brand?post=26710"},{"taxonomy":"product_cat","embeddable":true,"href":"https:\/\/petproducts.com.cn\/pt\/wp-json\/wp\/v2\/product_cat?post=26710"},{"taxonomy":"product_tag","embeddable":true,"href":"https:\/\/petproducts.com.cn\/pt\/wp-json\/wp\/v2\/product_tag?post=26710"}],"curies":[{"name":"wp","href":"https:\/\/api.w.org\/{rel}","templated":true}]}}