{"id":26719,"date":"2024-07-08T03:22:20","date_gmt":"2024-07-08T03:22:20","guid":{"rendered":"https:\/\/petproducts.com.cn\/?post_type=product&#038;p=26719"},"modified":"2024-07-08T06:09:02","modified_gmt":"2024-07-08T06:09:02","slug":"rabbit-vest-harness-leash-bunny-clothes-vest","status":"publish","type":"product","link":"https:\/\/petproducts.com.cn\/pt\/product\/rabbit-vest-harness-leash-bunny-clothes-vest\/","title":{"rendered":"Coelho colete arn\u00eas trela coelho roupas colete"},"content":{"rendered":"<h2>Carater\u00edsticas do arn\u00eas para coletes de coelho<\/h2>\n<ul>\n<li><strong>Design ador\u00e1vel de colete amarelo<\/strong> Vai adorar o colete amarelo bonito e vibrante que d\u00e1 imediatamente um toque de charme ao seu coelhinho. A cor viva \u00e9 perfeita para fazer sobressair o seu coelho, quer esteja no interior ou no exterior. Este design elegante do Arn\u00eas Colete Coelho \u00e9 \u00f3timo para fotografias e ocasi\u00f5es especiais.<\/li>\n<li><strong>Material confort\u00e1vel e macio<\/strong> Apreciar\u00e1 o material macio e confort\u00e1vel utilizado no nosso arn\u00eas de colete para coelhos. O colete \u00e9 suave para a pele do seu coelho, evitando qualquer irrita\u00e7\u00e3o e assegurando uma experi\u00eancia de utiliza\u00e7\u00e3o agrad\u00e1vel. Este conforto \u00e9 essencial para o bem-estar do seu coelho.<\/li>\n<li><strong>Arn\u00eas seguro com trela<\/strong> Beneficiar\u00e1 do design seguro do arn\u00eas que vem com uma trela, permitindo-lhe levar o seu coelho a passear em seguran\u00e7a. O arn\u00eas \u00e9 muito confort\u00e1vel, evitando que o seu coelho escorregue, enquanto a trela lhe d\u00e1 controlo. Esta carater\u00edstica \u00e9 perfeita para aventuras ao ar livre.<\/li>\n<li><strong>F\u00e1cil de p\u00f4r e tirar<\/strong> O nosso colete para coelhos \u00e9 f\u00e1cil de p\u00f4r e tirar, gra\u00e7as ao seu design pr\u00e1tico. O colete possui tiras ajust\u00e1veis e fechos seguros, tornando simples vestir o seu coelho rapidamente. Esta facilidade de utiliza\u00e7\u00e3o \u00e9 importante tanto para si como para o seu coelho.<\/li>\n<li><strong>Utiliza\u00e7\u00e3o vers\u00e1til para actividades no interior e no exterior<\/strong> Vai gostar de utilizar o nosso arn\u00eas de colete para coelhos tanto para actividades no interior como no exterior. Quer leve o seu coelho a passear ou apenas o deixe explorar a casa, este colete \u00e9 suficientemente vers\u00e1til para qualquer situa\u00e7\u00e3o. Esta versatilidade \u00e9 ideal para todos os tipos de aventuras.<\/li>\n<\/ul>","protected":false},"excerpt":{"rendered":"<p>N\u00f3s somos um fabricante de suprimentos para coelhos de estima\u00e7\u00e3o com mais de 20 anos de experi\u00eancia. Oferecemos op\u00e7\u00f5es de personaliza\u00e7\u00e3o para cor, tamanho, tecido, padr\u00e3o, log\u00f3tipo e outras caracter\u00edsticas.<\/p>","protected":false},"featured_media":26726,"template":"","meta":{"_acf_changed":false},"product_brand":[],"product_cat":[158,164,156],"product_tag":[165,160],"class_list":{"0":"post-26719","1":"product","2":"type-product","3":"status-publish","4":"has-post-thumbnail","6":"product_cat-other-animal-supplies","7":"product_cat-rabbit-supplies","8":"product_cat-small-animal-supplies","9":"product_tag-rabbit-supplies","10":"product_tag-small-animal-supplies","12":"first","13":"instock","14":"shipping-taxable","15":"product-type-simple"},"acf":[],"yoast_head":"<!-- This site is optimized with the Yoast SEO plugin v27.1.1 - https:\/\/yoast.com\/product\/yoast-seo-wordpress\/ -->\n<title>Rabbit Vest Harness | Bunny Clothes Vest Manufacturer - Petstar<\/title>\n<meta name=\"description\" content=\"Explore rabbit vest harness, rabbit harness leash, bunny clothes vest from the rabbit supplies manufacturer. Your ideal business solution with Petstar.\" \/>\n<meta name=\"robots\" content=\"index, follow, max-snippet:-1, max-image-preview:large, max-video-preview:-1\" \/>\n<link rel=\"canonical\" href=\"https:\/\/petproducts.com.cn\/pt\/produto\/rabbit-vest-harness-leash-bunny-clothes-vest\/\" \/>\n<meta property=\"og:locale\" content=\"pt_PT\" \/>\n<meta property=\"og:type\" content=\"article\" \/>\n<meta property=\"og:title\" content=\"Rabbit Vest Harness | Bunny Clothes Vest Manufacturer - Petstar\" \/>\n<meta property=\"og:description\" content=\"Explore rabbit vest harness, rabbit harness leash, bunny clothes vest from the rabbit supplies manufacturer. Your ideal business solution with Petstar.\" \/>\n<meta property=\"og:url\" content=\"https:\/\/petproducts.com.cn\/pt\/produto\/rabbit-vest-harness-leash-bunny-clothes-vest\/\" \/>\n<meta property=\"og:site_name\" content=\"Petstar\" \/>\n<meta property=\"article:modified_time\" content=\"2024-07-08T06:09:02+00:00\" \/>\n<meta property=\"og:image\" content=\"https:\/\/petproducts.com.cn\/wp-content\/uploads\/2024\/07\/rabbit-vest-harness.webp\" \/>\n\t<meta property=\"og:image:width\" content=\"1000\" \/>\n\t<meta property=\"og:image:height\" content=\"1000\" \/>\n\t<meta property=\"og:image:type\" content=\"image\/webp\" \/>\n<meta name=\"twitter:card\" content=\"summary_large_image\" \/>\n<meta name=\"twitter:label1\" content=\"Tempo estimado de leitura\" \/>\n\t<meta name=\"twitter:data1\" content=\"2 minutos\" \/>\n<script type=\"application\/ld+json\" class=\"yoast-schema-graph\">{\"@context\":\"https:\/\/schema.org\",\"@graph\":[{\"@type\":\"WebPage\",\"@id\":\"https:\/\/petproducts.com.cn\/product\/rabbit-vest-harness-leash-bunny-clothes-vest\/\",\"url\":\"https:\/\/petproducts.com.cn\/product\/rabbit-vest-harness-leash-bunny-clothes-vest\/\",\"name\":\"Rabbit Vest Harness | Bunny Clothes Vest Manufacturer - Petstar\",\"isPartOf\":{\"@id\":\"https:\/\/petproducts.com.cn\/#website\"},\"primaryImageOfPage\":{\"@id\":\"https:\/\/petproducts.com.cn\/product\/rabbit-vest-harness-leash-bunny-clothes-vest\/#primaryimage\"},\"image\":{\"@id\":\"https:\/\/petproducts.com.cn\/product\/rabbit-vest-harness-leash-bunny-clothes-vest\/#primaryimage\"},\"thumbnailUrl\":\"https:\/\/petproducts.com.cn\/wp-content\/uploads\/2024\/07\/rabbit-vest-harness.webp\",\"datePublished\":\"2024-07-08T03:22:20+00:00\",\"dateModified\":\"2024-07-08T06:09:02+00:00\",\"description\":\"Explore rabbit vest harness, rabbit harness leash, bunny clothes vest from the rabbit supplies manufacturer. Your ideal business solution with Petstar.\",\"breadcrumb\":{\"@id\":\"https:\/\/petproducts.com.cn\/product\/rabbit-vest-harness-leash-bunny-clothes-vest\/#breadcrumb\"},\"inLanguage\":\"pt-PT\",\"potentialAction\":[{\"@type\":\"ReadAction\",\"target\":[\"https:\/\/petproducts.com.cn\/product\/rabbit-vest-harness-leash-bunny-clothes-vest\/\"]}]},{\"@type\":\"ImageObject\",\"inLanguage\":\"pt-PT\",\"@id\":\"https:\/\/petproducts.com.cn\/product\/rabbit-vest-harness-leash-bunny-clothes-vest\/#primaryimage\",\"url\":\"https:\/\/petproducts.com.cn\/wp-content\/uploads\/2024\/07\/rabbit-vest-harness.webp\",\"contentUrl\":\"https:\/\/petproducts.com.cn\/wp-content\/uploads\/2024\/07\/rabbit-vest-harness.webp\",\"width\":1000,\"height\":1000,\"caption\":\"rabbit vest harness\"},{\"@type\":\"BreadcrumbList\",\"@id\":\"https:\/\/petproducts.com.cn\/product\/rabbit-vest-harness-leash-bunny-clothes-vest\/#breadcrumb\",\"itemListElement\":[{\"@type\":\"ListItem\",\"position\":1,\"name\":\"HOME\",\"item\":\"https:\/\/petproducts.com.cn\/\"},{\"@type\":\"ListItem\",\"position\":2,\"name\":\"Products\",\"item\":\"https:\/\/petproducts.com.cn\/shop\/\"},{\"@type\":\"ListItem\",\"position\":3,\"name\":\"Rabbit Supplies\",\"item\":\"https:\/\/petproducts.com.cn\/product-category\/rabbit-supplies\/\"},{\"@type\":\"ListItem\",\"position\":4,\"name\":\"Rabbit Vest Harness Leash Bunny Clothes Vest\"}]},{\"@type\":\"WebSite\",\"@id\":\"https:\/\/petproducts.com.cn\/#website\",\"url\":\"https:\/\/petproducts.com.cn\/\",\"name\":\"Petstar\",\"description\":\"Leading Pet Supplies Manufacturer &amp; OEM Pet Products Supplier\",\"publisher\":{\"@id\":\"https:\/\/petproducts.com.cn\/#organization\"},\"alternateName\":\"Petstar Pet Supplies\",\"potentialAction\":[{\"@type\":\"SearchAction\",\"target\":{\"@type\":\"EntryPoint\",\"urlTemplate\":\"https:\/\/petproducts.com.cn\/?s={search_term_string}\"},\"query-input\":{\"@type\":\"PropertyValueSpecification\",\"valueRequired\":true,\"valueName\":\"search_term_string\"}}],\"inLanguage\":\"pt-PT\"},{\"@type\":\"Organization\",\"@id\":\"https:\/\/petproducts.com.cn\/#organization\",\"name\":\"Petstar\",\"url\":\"https:\/\/petproducts.com.cn\/\",\"logo\":{\"@type\":\"ImageObject\",\"inLanguage\":\"pt-PT\",\"@id\":\"https:\/\/petproducts.com.cn\/#\/schema\/logo\/image\/\",\"url\":\"https:\/\/petproducts.com.cn\/wp-content\/uploads\/2020\/02\/petstar-logo.webp\",\"contentUrl\":\"https:\/\/petproducts.com.cn\/wp-content\/uploads\/2020\/02\/petstar-logo.webp\",\"width\":779,\"height\":520,\"caption\":\"Petstar\"},\"image\":{\"@id\":\"https:\/\/petproducts.com.cn\/#\/schema\/logo\/image\/\"}}]}<\/script>\n<!-- \/ Yoast SEO plugin. -->","yoast_head_json":{"title":"Colete para coelhos Arreios | Colete para coelhos Fabricante - Petstar","description":"Explore o colete de coelho, coleira de coelho, colete de roupas de coelho do fabricante de suprimentos para coelhos. A sua solu\u00e7\u00e3o comercial ideal com Petstar.","robots":{"index":"index","follow":"follow","max-snippet":"max-snippet:-1","max-image-preview":"max-image-preview:large","max-video-preview":"max-video-preview:-1"},"canonical":"https:\/\/petproducts.com.cn\/pt\/produto\/rabbit-vest-harness-leash-bunny-clothes-vest\/","og_locale":"pt_PT","og_type":"article","og_title":"Rabbit Vest Harness | Bunny Clothes Vest Manufacturer - Petstar","og_description":"Explore rabbit vest harness, rabbit harness leash, bunny clothes vest from the rabbit supplies manufacturer. Your ideal business solution with Petstar.","og_url":"https:\/\/petproducts.com.cn\/pt\/produto\/rabbit-vest-harness-leash-bunny-clothes-vest\/","og_site_name":"Petstar","article_modified_time":"2024-07-08T06:09:02+00:00","og_image":[{"width":1000,"height":1000,"url":"https:\/\/petproducts.com.cn\/wp-content\/uploads\/2024\/07\/rabbit-vest-harness.webp","type":"image\/webp"}],"twitter_card":"summary_large_image","twitter_misc":{"Tempo estimado de leitura":"2 minutos"},"schema":{"@context":"https:\/\/schema.org","@graph":[{"@type":"WebPage","@id":"https:\/\/petproducts.com.cn\/product\/rabbit-vest-harness-leash-bunny-clothes-vest\/","url":"https:\/\/petproducts.com.cn\/product\/rabbit-vest-harness-leash-bunny-clothes-vest\/","name":"Colete para coelhos Arreios | Colete para coelhos Fabricante - Petstar","isPartOf":{"@id":"https:\/\/petproducts.com.cn\/#website"},"primaryImageOfPage":{"@id":"https:\/\/petproducts.com.cn\/product\/rabbit-vest-harness-leash-bunny-clothes-vest\/#primaryimage"},"image":{"@id":"https:\/\/petproducts.com.cn\/product\/rabbit-vest-harness-leash-bunny-clothes-vest\/#primaryimage"},"thumbnailUrl":"https:\/\/petproducts.com.cn\/wp-content\/uploads\/2024\/07\/rabbit-vest-harness.webp","datePublished":"2024-07-08T03:22:20+00:00","dateModified":"2024-07-08T06:09:02+00:00","description":"Explore o colete de coelho, coleira de coelho, colete de roupas de coelho do fabricante de suprimentos para coelhos. A sua solu\u00e7\u00e3o comercial ideal com Petstar.","breadcrumb":{"@id":"https:\/\/petproducts.com.cn\/product\/rabbit-vest-harness-leash-bunny-clothes-vest\/#breadcrumb"},"inLanguage":"pt-PT","potentialAction":[{"@type":"ReadAction","target":["https:\/\/petproducts.com.cn\/product\/rabbit-vest-harness-leash-bunny-clothes-vest\/"]}]},{"@type":"ImageObject","inLanguage":"pt-PT","@id":"https:\/\/petproducts.com.cn\/product\/rabbit-vest-harness-leash-bunny-clothes-vest\/#primaryimage","url":"https:\/\/petproducts.com.cn\/wp-content\/uploads\/2024\/07\/rabbit-vest-harness.webp","contentUrl":"https:\/\/petproducts.com.cn\/wp-content\/uploads\/2024\/07\/rabbit-vest-harness.webp","width":1000,"height":1000,"caption":"rabbit vest harness"},{"@type":"BreadcrumbList","@id":"https:\/\/petproducts.com.cn\/product\/rabbit-vest-harness-leash-bunny-clothes-vest\/#breadcrumb","itemListElement":[{"@type":"ListItem","position":1,"name":"HOME","item":"https:\/\/petproducts.com.cn\/"},{"@type":"ListItem","position":2,"name":"Products","item":"https:\/\/petproducts.com.cn\/shop\/"},{"@type":"ListItem","position":3,"name":"Rabbit Supplies","item":"https:\/\/petproducts.com.cn\/product-category\/rabbit-supplies\/"},{"@type":"ListItem","position":4,"name":"Rabbit Vest Harness Leash Bunny Clothes Vest"}]},{"@type":"WebSite","@id":"https:\/\/petproducts.com.cn\/#website","url":"https:\/\/petproducts.com.cn\/","name":"Petstar","description":"Fabricante l\u00edder de artigos para animais de estima\u00e7\u00e3o e fornecedor de produtos OEM para animais de estima\u00e7\u00e3o","publisher":{"@id":"https:\/\/petproducts.com.cn\/#organization"},"alternateName":"Petstar Pet Supplies","potentialAction":[{"@type":"SearchAction","target":{"@type":"EntryPoint","urlTemplate":"https:\/\/petproducts.com.cn\/?s={search_term_string}"},"query-input":{"@type":"PropertyValueSpecification","valueRequired":true,"valueName":"search_term_string"}}],"inLanguage":"pt-PT"},{"@type":"Organization","@id":"https:\/\/petproducts.com.cn\/#organization","name":"Petstar","url":"https:\/\/petproducts.com.cn\/","logo":{"@type":"ImageObject","inLanguage":"pt-PT","@id":"https:\/\/petproducts.com.cn\/#\/schema\/logo\/image\/","url":"https:\/\/petproducts.com.cn\/wp-content\/uploads\/2020\/02\/petstar-logo.webp","contentUrl":"https:\/\/petproducts.com.cn\/wp-content\/uploads\/2020\/02\/petstar-logo.webp","width":779,"height":520,"caption":"Petstar"},"image":{"@id":"https:\/\/petproducts.com.cn\/#\/schema\/logo\/image\/"}}]}},"_links":{"self":[{"href":"https:\/\/petproducts.com.cn\/pt\/wp-json\/wp\/v2\/product\/26719","targetHints":{"allow":["GET"]}}],"collection":[{"href":"https:\/\/petproducts.com.cn\/pt\/wp-json\/wp\/v2\/product"}],"about":[{"href":"https:\/\/petproducts.com.cn\/pt\/wp-json\/wp\/v2\/types\/product"}],"version-history":[{"count":2,"href":"https:\/\/petproducts.com.cn\/pt\/wp-json\/wp\/v2\/product\/26719\/revisions"}],"predecessor-version":[{"id":26721,"href":"https:\/\/petproducts.com.cn\/pt\/wp-json\/wp\/v2\/product\/26719\/revisions\/26721"}],"wp:featuredmedia":[{"embeddable":true,"href":"https:\/\/petproducts.com.cn\/pt\/wp-json\/wp\/v2\/media\/26726"}],"wp:attachment":[{"href":"https:\/\/petproducts.com.cn\/pt\/wp-json\/wp\/v2\/media?parent=26719"}],"wp:term":[{"taxonomy":"product_brand","embeddable":true,"href":"https:\/\/petproducts.com.cn\/pt\/wp-json\/wp\/v2\/product_brand?post=26719"},{"taxonomy":"product_cat","embeddable":true,"href":"https:\/\/petproducts.com.cn\/pt\/wp-json\/wp\/v2\/product_cat?post=26719"},{"taxonomy":"product_tag","embeddable":true,"href":"https:\/\/petproducts.com.cn\/pt\/wp-json\/wp\/v2\/product_tag?post=26719"}],"curies":[{"name":"wp","href":"https:\/\/api.w.org\/{rel}","templated":true}]}}