{"id":26750,"date":"2024-07-09T01:32:09","date_gmt":"2024-07-09T01:32:09","guid":{"rendered":"https:\/\/petproducts.com.cn\/?post_type=product&#038;p=26750"},"modified":"2024-07-09T03:14:45","modified_gmt":"2024-07-09T03:14:45","slug":"rabbit-collar-bunny-bow-tie-bandana","status":"publish","type":"product","link":"https:\/\/petproducts.com.cn\/pt\/product\/rabbit-collar-bunny-bow-tie-bandana\/","title":{"rendered":"Coleira de coelho La\u00e7o de fita de coelho Bandana"},"content":{"rendered":"<h2>Carater\u00edsticas da coleira para coelhos<\/h2>\n<ul>\n<li><strong>Design encantador de gravata borboleta<\/strong> Vai adorar o design encantador do la\u00e7o da coleira para coelhos, que d\u00e1 um toque de eleg\u00e2ncia ao visual do seu coelho. Este acess\u00f3rio da moda \u00e9 perfeito para ocasi\u00f5es especiais e para o dia a dia, fazendo do seu coelho o centro das aten\u00e7\u00f5es.<\/li>\n<li><strong>Adi\u00e7\u00e3o de um len\u00e7o com estilo<\/strong> Ir\u00e1 apreciar a elegante bandana que complementa o la\u00e7o. Este len\u00e7o acrescenta uma camada extra de fofura e moda, assegurando que o seu coelhinho fica na moda e ador\u00e1vel. O len\u00e7o foi concebido para ser confort\u00e1vel e n\u00e3o restritivo.<\/li>\n<li><strong>Fecho de fivela seguro<\/strong> Beneficiar\u00e1 do fecho de fivela seguro que garante que a coleira se mant\u00e9m no lugar. Esta fivela f\u00e1cil de utilizar facilita a coloca\u00e7\u00e3o e a retirada da coleira, proporcionando comodidade para si e seguran\u00e7a para o seu coelho.<\/li>\n<li><strong>Ajuste ajust\u00e1vel para maior conforto<\/strong> O ajuste ajust\u00e1vel da nossa coleira para coelhos \u00e9 perfeito para garantir o conforto do seu coelho. A coleira pode ser facilmente ajustada para se adaptar a diferentes tamanhos de pesco\u00e7o, proporcionando um ajuste confort\u00e1vel para o seu animal de estima\u00e7\u00e3o.<\/li>\n<li><strong>Material macio e confort\u00e1vel<\/strong> Ir\u00e1 apreciar o material macio e confort\u00e1vel utilizado na nossa coleira para coelhos. Este tecido de alta qualidade \u00e9 suave para a pele do seu coelho, evitando irrita\u00e7\u00f5es e garantindo uma experi\u00eancia de utiliza\u00e7\u00e3o agrad\u00e1vel.<\/li>\n<\/ul>","protected":false},"excerpt":{"rendered":"<p>N\u00f3s somos um fabricante de suprimentos para coelhos de estima\u00e7\u00e3o com mais de 20 anos de experi\u00eancia. Oferecemos op\u00e7\u00f5es de personaliza\u00e7\u00e3o para cor, tamanho, tecido, padr\u00e3o, log\u00f3tipo e outras caracter\u00edsticas.<\/p>","protected":false},"featured_media":26757,"template":"","meta":{"_acf_changed":false},"product_brand":[],"product_cat":[158,164,156],"product_tag":[165,160],"class_list":{"0":"post-26750","1":"product","2":"type-product","3":"status-publish","4":"has-post-thumbnail","6":"product_cat-other-animal-supplies","7":"product_cat-rabbit-supplies","8":"product_cat-small-animal-supplies","9":"product_tag-rabbit-supplies","10":"product_tag-small-animal-supplies","12":"first","13":"instock","14":"shipping-taxable","15":"product-type-simple"},"acf":[],"yoast_head":"<!-- This site is optimized with the Yoast SEO plugin v27.1.1 - https:\/\/yoast.com\/product\/yoast-seo-wordpress\/ -->\n<title>Rabbit Collar | Bunny Bandana Manufacturer - Petstar<\/title>\n<meta name=\"description\" content=\"Explore rabbit collar, bunny bow tie, bunny bandana from the rabbit supplies manufacturer. Your ideal business solution with Petstar.\" \/>\n<meta name=\"robots\" content=\"index, follow, max-snippet:-1, max-image-preview:large, max-video-preview:-1\" \/>\n<link rel=\"canonical\" href=\"https:\/\/petproducts.com.cn\/pt\/produto\/rabbit-collar-bunny-bow-tie-bandana\/\" \/>\n<meta property=\"og:locale\" content=\"pt_PT\" \/>\n<meta property=\"og:type\" content=\"article\" \/>\n<meta property=\"og:title\" content=\"Rabbit Collar | Bunny Bandana Manufacturer - Petstar\" \/>\n<meta property=\"og:description\" content=\"Explore rabbit collar, bunny bow tie, bunny bandana from the rabbit supplies manufacturer. Your ideal business solution with Petstar.\" \/>\n<meta property=\"og:url\" content=\"https:\/\/petproducts.com.cn\/pt\/produto\/rabbit-collar-bunny-bow-tie-bandana\/\" \/>\n<meta property=\"og:site_name\" content=\"Petstar\" \/>\n<meta property=\"article:modified_time\" content=\"2024-07-09T03:14:45+00:00\" \/>\n<meta property=\"og:image\" content=\"https:\/\/petproducts.com.cn\/wp-content\/uploads\/2024\/07\/rabbit-collar.webp\" \/>\n\t<meta property=\"og:image:width\" content=\"1000\" \/>\n\t<meta property=\"og:image:height\" content=\"1000\" \/>\n\t<meta property=\"og:image:type\" content=\"image\/webp\" \/>\n<meta name=\"twitter:card\" content=\"summary_large_image\" \/>\n<meta name=\"twitter:label1\" content=\"Tempo estimado de leitura\" \/>\n\t<meta name=\"twitter:data1\" content=\"2 minutos\" \/>\n<script type=\"application\/ld+json\" class=\"yoast-schema-graph\">{\"@context\":\"https:\/\/schema.org\",\"@graph\":[{\"@type\":\"WebPage\",\"@id\":\"https:\/\/petproducts.com.cn\/product\/rabbit-collar-bunny-bow-tie-bandana\/\",\"url\":\"https:\/\/petproducts.com.cn\/product\/rabbit-collar-bunny-bow-tie-bandana\/\",\"name\":\"Rabbit Collar | Bunny Bandana Manufacturer - Petstar\",\"isPartOf\":{\"@id\":\"https:\/\/petproducts.com.cn\/#website\"},\"primaryImageOfPage\":{\"@id\":\"https:\/\/petproducts.com.cn\/product\/rabbit-collar-bunny-bow-tie-bandana\/#primaryimage\"},\"image\":{\"@id\":\"https:\/\/petproducts.com.cn\/product\/rabbit-collar-bunny-bow-tie-bandana\/#primaryimage\"},\"thumbnailUrl\":\"https:\/\/petproducts.com.cn\/wp-content\/uploads\/2024\/07\/rabbit-collar.webp\",\"datePublished\":\"2024-07-09T01:32:09+00:00\",\"dateModified\":\"2024-07-09T03:14:45+00:00\",\"description\":\"Explore rabbit collar, bunny bow tie, bunny bandana from the rabbit supplies manufacturer. Your ideal business solution with Petstar.\",\"breadcrumb\":{\"@id\":\"https:\/\/petproducts.com.cn\/product\/rabbit-collar-bunny-bow-tie-bandana\/#breadcrumb\"},\"inLanguage\":\"pt-PT\",\"potentialAction\":[{\"@type\":\"ReadAction\",\"target\":[\"https:\/\/petproducts.com.cn\/product\/rabbit-collar-bunny-bow-tie-bandana\/\"]}]},{\"@type\":\"ImageObject\",\"inLanguage\":\"pt-PT\",\"@id\":\"https:\/\/petproducts.com.cn\/product\/rabbit-collar-bunny-bow-tie-bandana\/#primaryimage\",\"url\":\"https:\/\/petproducts.com.cn\/wp-content\/uploads\/2024\/07\/rabbit-collar.webp\",\"contentUrl\":\"https:\/\/petproducts.com.cn\/wp-content\/uploads\/2024\/07\/rabbit-collar.webp\",\"width\":1000,\"height\":1000,\"caption\":\"rabbit collar\"},{\"@type\":\"BreadcrumbList\",\"@id\":\"https:\/\/petproducts.com.cn\/product\/rabbit-collar-bunny-bow-tie-bandana\/#breadcrumb\",\"itemListElement\":[{\"@type\":\"ListItem\",\"position\":1,\"name\":\"HOME\",\"item\":\"https:\/\/petproducts.com.cn\/\"},{\"@type\":\"ListItem\",\"position\":2,\"name\":\"Products\",\"item\":\"https:\/\/petproducts.com.cn\/shop\/\"},{\"@type\":\"ListItem\",\"position\":3,\"name\":\"Rabbit Supplies\",\"item\":\"https:\/\/petproducts.com.cn\/product-category\/rabbit-supplies\/\"},{\"@type\":\"ListItem\",\"position\":4,\"name\":\"Rabbit Collar Bunny Bow Tie Bandana\"}]},{\"@type\":\"WebSite\",\"@id\":\"https:\/\/petproducts.com.cn\/#website\",\"url\":\"https:\/\/petproducts.com.cn\/\",\"name\":\"Petstar\",\"description\":\"Leading Pet Supplies Manufacturer &amp; OEM Pet Products Supplier\",\"publisher\":{\"@id\":\"https:\/\/petproducts.com.cn\/#organization\"},\"alternateName\":\"Petstar Pet Supplies\",\"potentialAction\":[{\"@type\":\"SearchAction\",\"target\":{\"@type\":\"EntryPoint\",\"urlTemplate\":\"https:\/\/petproducts.com.cn\/?s={search_term_string}\"},\"query-input\":{\"@type\":\"PropertyValueSpecification\",\"valueRequired\":true,\"valueName\":\"search_term_string\"}}],\"inLanguage\":\"pt-PT\"},{\"@type\":\"Organization\",\"@id\":\"https:\/\/petproducts.com.cn\/#organization\",\"name\":\"Petstar\",\"url\":\"https:\/\/petproducts.com.cn\/\",\"logo\":{\"@type\":\"ImageObject\",\"inLanguage\":\"pt-PT\",\"@id\":\"https:\/\/petproducts.com.cn\/#\/schema\/logo\/image\/\",\"url\":\"https:\/\/petproducts.com.cn\/wp-content\/uploads\/2020\/02\/petstar-logo.webp\",\"contentUrl\":\"https:\/\/petproducts.com.cn\/wp-content\/uploads\/2020\/02\/petstar-logo.webp\",\"width\":779,\"height\":520,\"caption\":\"Petstar\"},\"image\":{\"@id\":\"https:\/\/petproducts.com.cn\/#\/schema\/logo\/image\/\"}}]}<\/script>\n<!-- \/ Yoast SEO plugin. -->","yoast_head_json":{"title":"Coleira de coelho | Bandana de coelho Fabricante - Petstar","description":"Explore coleira de coelho, gravata borboleta de coelho e bandana de coelho do fabricante de suprimentos para coelhos. Sua solu\u00e7\u00e3o de neg\u00f3cios ideal com Petstar.","robots":{"index":"index","follow":"follow","max-snippet":"max-snippet:-1","max-image-preview":"max-image-preview:large","max-video-preview":"max-video-preview:-1"},"canonical":"https:\/\/petproducts.com.cn\/pt\/produto\/rabbit-collar-bunny-bow-tie-bandana\/","og_locale":"pt_PT","og_type":"article","og_title":"Rabbit Collar | Bunny Bandana Manufacturer - Petstar","og_description":"Explore rabbit collar, bunny bow tie, bunny bandana from the rabbit supplies manufacturer. Your ideal business solution with Petstar.","og_url":"https:\/\/petproducts.com.cn\/pt\/produto\/rabbit-collar-bunny-bow-tie-bandana\/","og_site_name":"Petstar","article_modified_time":"2024-07-09T03:14:45+00:00","og_image":[{"width":1000,"height":1000,"url":"https:\/\/petproducts.com.cn\/wp-content\/uploads\/2024\/07\/rabbit-collar.webp","type":"image\/webp"}],"twitter_card":"summary_large_image","twitter_misc":{"Tempo estimado de leitura":"2 minutos"},"schema":{"@context":"https:\/\/schema.org","@graph":[{"@type":"WebPage","@id":"https:\/\/petproducts.com.cn\/product\/rabbit-collar-bunny-bow-tie-bandana\/","url":"https:\/\/petproducts.com.cn\/product\/rabbit-collar-bunny-bow-tie-bandana\/","name":"Coleira de coelho | Bandana de coelho Fabricante - Petstar","isPartOf":{"@id":"https:\/\/petproducts.com.cn\/#website"},"primaryImageOfPage":{"@id":"https:\/\/petproducts.com.cn\/product\/rabbit-collar-bunny-bow-tie-bandana\/#primaryimage"},"image":{"@id":"https:\/\/petproducts.com.cn\/product\/rabbit-collar-bunny-bow-tie-bandana\/#primaryimage"},"thumbnailUrl":"https:\/\/petproducts.com.cn\/wp-content\/uploads\/2024\/07\/rabbit-collar.webp","datePublished":"2024-07-09T01:32:09+00:00","dateModified":"2024-07-09T03:14:45+00:00","description":"Explore coleira de coelho, gravata borboleta de coelho e bandana de coelho do fabricante de suprimentos para coelhos. Sua solu\u00e7\u00e3o de neg\u00f3cios ideal com Petstar.","breadcrumb":{"@id":"https:\/\/petproducts.com.cn\/product\/rabbit-collar-bunny-bow-tie-bandana\/#breadcrumb"},"inLanguage":"pt-PT","potentialAction":[{"@type":"ReadAction","target":["https:\/\/petproducts.com.cn\/product\/rabbit-collar-bunny-bow-tie-bandana\/"]}]},{"@type":"ImageObject","inLanguage":"pt-PT","@id":"https:\/\/petproducts.com.cn\/product\/rabbit-collar-bunny-bow-tie-bandana\/#primaryimage","url":"https:\/\/petproducts.com.cn\/wp-content\/uploads\/2024\/07\/rabbit-collar.webp","contentUrl":"https:\/\/petproducts.com.cn\/wp-content\/uploads\/2024\/07\/rabbit-collar.webp","width":1000,"height":1000,"caption":"rabbit collar"},{"@type":"BreadcrumbList","@id":"https:\/\/petproducts.com.cn\/product\/rabbit-collar-bunny-bow-tie-bandana\/#breadcrumb","itemListElement":[{"@type":"ListItem","position":1,"name":"HOME","item":"https:\/\/petproducts.com.cn\/"},{"@type":"ListItem","position":2,"name":"Products","item":"https:\/\/petproducts.com.cn\/shop\/"},{"@type":"ListItem","position":3,"name":"Rabbit Supplies","item":"https:\/\/petproducts.com.cn\/product-category\/rabbit-supplies\/"},{"@type":"ListItem","position":4,"name":"Rabbit Collar Bunny Bow Tie Bandana"}]},{"@type":"WebSite","@id":"https:\/\/petproducts.com.cn\/#website","url":"https:\/\/petproducts.com.cn\/","name":"Petstar","description":"Fabricante l\u00edder de artigos para animais de estima\u00e7\u00e3o e fornecedor de produtos OEM para animais de estima\u00e7\u00e3o","publisher":{"@id":"https:\/\/petproducts.com.cn\/#organization"},"alternateName":"Petstar Pet Supplies","potentialAction":[{"@type":"SearchAction","target":{"@type":"EntryPoint","urlTemplate":"https:\/\/petproducts.com.cn\/?s={search_term_string}"},"query-input":{"@type":"PropertyValueSpecification","valueRequired":true,"valueName":"search_term_string"}}],"inLanguage":"pt-PT"},{"@type":"Organization","@id":"https:\/\/petproducts.com.cn\/#organization","name":"Petstar","url":"https:\/\/petproducts.com.cn\/","logo":{"@type":"ImageObject","inLanguage":"pt-PT","@id":"https:\/\/petproducts.com.cn\/#\/schema\/logo\/image\/","url":"https:\/\/petproducts.com.cn\/wp-content\/uploads\/2020\/02\/petstar-logo.webp","contentUrl":"https:\/\/petproducts.com.cn\/wp-content\/uploads\/2020\/02\/petstar-logo.webp","width":779,"height":520,"caption":"Petstar"},"image":{"@id":"https:\/\/petproducts.com.cn\/#\/schema\/logo\/image\/"}}]}},"_links":{"self":[{"href":"https:\/\/petproducts.com.cn\/pt\/wp-json\/wp\/v2\/product\/26750","targetHints":{"allow":["GET"]}}],"collection":[{"href":"https:\/\/petproducts.com.cn\/pt\/wp-json\/wp\/v2\/product"}],"about":[{"href":"https:\/\/petproducts.com.cn\/pt\/wp-json\/wp\/v2\/types\/product"}],"version-history":[{"count":2,"href":"https:\/\/petproducts.com.cn\/pt\/wp-json\/wp\/v2\/product\/26750\/revisions"}],"predecessor-version":[{"id":26758,"href":"https:\/\/petproducts.com.cn\/pt\/wp-json\/wp\/v2\/product\/26750\/revisions\/26758"}],"wp:featuredmedia":[{"embeddable":true,"href":"https:\/\/petproducts.com.cn\/pt\/wp-json\/wp\/v2\/media\/26757"}],"wp:attachment":[{"href":"https:\/\/petproducts.com.cn\/pt\/wp-json\/wp\/v2\/media?parent=26750"}],"wp:term":[{"taxonomy":"product_brand","embeddable":true,"href":"https:\/\/petproducts.com.cn\/pt\/wp-json\/wp\/v2\/product_brand?post=26750"},{"taxonomy":"product_cat","embeddable":true,"href":"https:\/\/petproducts.com.cn\/pt\/wp-json\/wp\/v2\/product_cat?post=26750"},{"taxonomy":"product_tag","embeddable":true,"href":"https:\/\/petproducts.com.cn\/pt\/wp-json\/wp\/v2\/product_tag?post=26750"}],"curies":[{"name":"wp","href":"https:\/\/api.w.org\/{rel}","templated":true}]}}