{"id":27324,"date":"2024-07-24T05:53:29","date_gmt":"2024-07-24T05:53:29","guid":{"rendered":"https:\/\/petproducts.com.cn\/?post_type=product&#038;p=27324"},"modified":"2024-07-24T06:18:30","modified_gmt":"2024-07-24T06:18:30","slug":"plush-cat-toy-pet-cat-toys-with-catnip","status":"publish","type":"product","link":"https:\/\/petproducts.com.cn\/pt\/product\/plush-cat-toy-pet-cat-toys-with-catnip\/","title":{"rendered":"Brinquedo de peluche para gatos Brinquedos para gatos com erva-dos-gatos"},"content":{"rendered":"<h2>Carater\u00edsticas do brinquedo de pel\u00facia para gatos<\/h2>\n<ul>\n<li><strong>Material de pel\u00facia macio<\/strong> Vai adorar o material de pel\u00facia macio deste brinquedo para gatos. O tecido de alta qualidade garante um toque suave, tornando-o perfeito para o seu gato acariciar e brincar com ele. Este brinquedo de pel\u00facia para gatos foi concebido para proporcionar conforto e entretenimento, tornando-o indispens\u00e1vel na sua cole\u00e7\u00e3o de brinquedos para gatos de estima\u00e7\u00e3o.<\/li>\n<li><strong>Infundido com Catnip<\/strong> Este brinquedo \u00e9 ainda mais apelativo com a adi\u00e7\u00e3o de erva-dos-gatos. O brinquedo \u00e9 infundido com erva-dos-gatos de primeira qualidade, que \u00e9 conhecida por estimular e excitar os gatos. Esta carater\u00edstica torna o brinquedo irresist\u00edvel para o seu amigo felino, encorajando-o a brincar ativamente e reduzindo o t\u00e9dio. Os brinquedos para gatos com erva-dos-gatos s\u00e3o essenciais para manter o seu gato empenhado e feliz.<\/li>\n<li><strong>Acess\u00f3rio de penas para maior divers\u00e3o<\/strong> O acess\u00f3rio de penas acrescenta um elemento extra de divers\u00e3o. A pena move-se de forma sedutora, captando a aten\u00e7\u00e3o do seu gato e promovendo os instintos de ca\u00e7a. Esta carater\u00edstica interactiva torna o brinquedo de pel\u00facia para gatos mais excitante, proporcionando horas de entretenimento ao seu animal de estima\u00e7\u00e3o.<\/li>\n<li><strong>Dur\u00e1vel e seguro<\/strong> Apreciar\u00e1 a durabilidade e a seguran\u00e7a deste brinquedo para gatos. Feito de materiais n\u00e3o t\u00f3xicos, o brinquedo foi concebido para resistir a brincadeiras vigorosas. A constru\u00e7\u00e3o robusta garante que dura mais tempo, mesmo com o uso di\u00e1rio, tornando-o uma escolha fi\u00e1vel entre os brinquedos para gatos de estima\u00e7\u00e3o.<\/li>\n<li><strong>Tamanho perfeito para todos os gatos<\/strong> Este brinquedo tem o tamanho perfeito para gatos de todas as idades e tamanhos. O design compacto torna-o f\u00e1cil de transportar, de bater e de brincar com o seu gato. Este tamanho vers\u00e1til garante que \u00e9 adequado tanto para gatinhos como para gatos adultos, proporcionando divers\u00e3o sem fim para todos.<\/li>\n<\/ul>","protected":false},"excerpt":{"rendered":"<p>O Plush Cat Toy Pet Cat Toys With Catnip oferece uma excelente combina\u00e7\u00e3o de conforto, divers\u00e3o e benef\u00edcios para a sa\u00fade do seu gato. Ir\u00e1 adorar a forma como mant\u00e9m o seu gato entretido e ativo, enquanto o seu amigo felino ir\u00e1 apreciar o design envolvente e estimulante.<\/p>","protected":false},"featured_media":27331,"template":"","meta":{"_acf_changed":false},"product_brand":[],"product_cat":[71,81],"product_tag":[86,180,181],"class_list":{"0":"post-27324","1":"product","2":"type-product","3":"status-publish","4":"has-post-thumbnail","6":"product_cat-cat-supplies","7":"product_cat-cat-toys","8":"product_tag-cat-toys","9":"product_tag-catnip-cat-toys","10":"product_tag-plush-cat-toys","12":"first","13":"instock","14":"shipping-taxable","15":"product-type-simple"},"acf":[],"yoast_head":"<!-- This site is optimized with the Yoast SEO plugin v27.1.1 - https:\/\/yoast.com\/product\/yoast-seo-wordpress\/ -->\n<title>Plush Cat Toy | Pet Cat Toys Manufacturer - Petstar<\/title>\n<meta name=\"description\" content=\"Explore plush cat toy, cat toys with catnip, pet cat toys from the manufacturer. Your ideal business solution with Petstar.\" \/>\n<meta name=\"robots\" content=\"index, follow, max-snippet:-1, max-image-preview:large, max-video-preview:-1\" \/>\n<link rel=\"canonical\" href=\"https:\/\/petproducts.com.cn\/pt\/produto\/plush-cat-toy-pet-cat-toys-with-catnip\/\" \/>\n<meta property=\"og:locale\" content=\"pt_PT\" \/>\n<meta property=\"og:type\" content=\"article\" \/>\n<meta property=\"og:title\" content=\"Plush Cat Toy | Pet Cat Toys Manufacturer - Petstar\" \/>\n<meta property=\"og:description\" content=\"Explore plush cat toy, cat toys with catnip, pet cat toys from the manufacturer. Your ideal business solution with Petstar.\" \/>\n<meta property=\"og:url\" content=\"https:\/\/petproducts.com.cn\/pt\/produto\/plush-cat-toy-pet-cat-toys-with-catnip\/\" \/>\n<meta property=\"og:site_name\" content=\"Petstar\" \/>\n<meta property=\"article:modified_time\" content=\"2024-07-24T06:18:30+00:00\" \/>\n<meta property=\"og:image\" content=\"https:\/\/petproducts.com.cn\/wp-content\/uploads\/2024\/07\/plush-cat-toy.webp\" \/>\n\t<meta property=\"og:image:width\" content=\"1020\" \/>\n\t<meta property=\"og:image:height\" content=\"1000\" \/>\n\t<meta property=\"og:image:type\" content=\"image\/webp\" \/>\n<meta name=\"twitter:card\" content=\"summary_large_image\" \/>\n<meta name=\"twitter:label1\" content=\"Tempo estimado de leitura\" \/>\n\t<meta name=\"twitter:data1\" content=\"2 minutos\" \/>\n<script type=\"application\/ld+json\" class=\"yoast-schema-graph\">{\"@context\":\"https:\/\/schema.org\",\"@graph\":[{\"@type\":\"WebPage\",\"@id\":\"https:\/\/petproducts.com.cn\/product\/plush-cat-toy-pet-cat-toys-with-catnip\/\",\"url\":\"https:\/\/petproducts.com.cn\/product\/plush-cat-toy-pet-cat-toys-with-catnip\/\",\"name\":\"Plush Cat Toy | Pet Cat Toys Manufacturer - Petstar\",\"isPartOf\":{\"@id\":\"https:\/\/petproducts.com.cn\/#website\"},\"primaryImageOfPage\":{\"@id\":\"https:\/\/petproducts.com.cn\/product\/plush-cat-toy-pet-cat-toys-with-catnip\/#primaryimage\"},\"image\":{\"@id\":\"https:\/\/petproducts.com.cn\/product\/plush-cat-toy-pet-cat-toys-with-catnip\/#primaryimage\"},\"thumbnailUrl\":\"https:\/\/petproducts.com.cn\/wp-content\/uploads\/2024\/07\/plush-cat-toy.webp\",\"datePublished\":\"2024-07-24T05:53:29+00:00\",\"dateModified\":\"2024-07-24T06:18:30+00:00\",\"description\":\"Explore plush cat toy, cat toys with catnip, pet cat toys from the manufacturer. Your ideal business solution with Petstar.\",\"breadcrumb\":{\"@id\":\"https:\/\/petproducts.com.cn\/product\/plush-cat-toy-pet-cat-toys-with-catnip\/#breadcrumb\"},\"inLanguage\":\"pt-PT\",\"potentialAction\":[{\"@type\":\"ReadAction\",\"target\":[\"https:\/\/petproducts.com.cn\/product\/plush-cat-toy-pet-cat-toys-with-catnip\/\"]}]},{\"@type\":\"ImageObject\",\"inLanguage\":\"pt-PT\",\"@id\":\"https:\/\/petproducts.com.cn\/product\/plush-cat-toy-pet-cat-toys-with-catnip\/#primaryimage\",\"url\":\"https:\/\/petproducts.com.cn\/wp-content\/uploads\/2024\/07\/plush-cat-toy.webp\",\"contentUrl\":\"https:\/\/petproducts.com.cn\/wp-content\/uploads\/2024\/07\/plush-cat-toy.webp\",\"width\":1020,\"height\":1000,\"caption\":\"plush cat toy\"},{\"@type\":\"BreadcrumbList\",\"@id\":\"https:\/\/petproducts.com.cn\/product\/plush-cat-toy-pet-cat-toys-with-catnip\/#breadcrumb\",\"itemListElement\":[{\"@type\":\"ListItem\",\"position\":1,\"name\":\"HOME\",\"item\":\"https:\/\/petproducts.com.cn\/\"},{\"@type\":\"ListItem\",\"position\":2,\"name\":\"Products\",\"item\":\"https:\/\/petproducts.com.cn\/shop\/\"},{\"@type\":\"ListItem\",\"position\":3,\"name\":\"Cat Toys\",\"item\":\"https:\/\/petproducts.com.cn\/product-category\/cat-toys\/\"},{\"@type\":\"ListItem\",\"position\":4,\"name\":\"Plush Cat Toy Pet Cat Toys With Catnip\"}]},{\"@type\":\"WebSite\",\"@id\":\"https:\/\/petproducts.com.cn\/#website\",\"url\":\"https:\/\/petproducts.com.cn\/\",\"name\":\"Petstar\",\"description\":\"Leading Pet Supplies Manufacturer &amp; OEM Pet Products Supplier\",\"publisher\":{\"@id\":\"https:\/\/petproducts.com.cn\/#organization\"},\"alternateName\":\"Petstar Pet Supplies\",\"potentialAction\":[{\"@type\":\"SearchAction\",\"target\":{\"@type\":\"EntryPoint\",\"urlTemplate\":\"https:\/\/petproducts.com.cn\/?s={search_term_string}\"},\"query-input\":{\"@type\":\"PropertyValueSpecification\",\"valueRequired\":true,\"valueName\":\"search_term_string\"}}],\"inLanguage\":\"pt-PT\"},{\"@type\":\"Organization\",\"@id\":\"https:\/\/petproducts.com.cn\/#organization\",\"name\":\"Petstar\",\"url\":\"https:\/\/petproducts.com.cn\/\",\"logo\":{\"@type\":\"ImageObject\",\"inLanguage\":\"pt-PT\",\"@id\":\"https:\/\/petproducts.com.cn\/#\/schema\/logo\/image\/\",\"url\":\"https:\/\/petproducts.com.cn\/wp-content\/uploads\/2020\/02\/petstar-logo.webp\",\"contentUrl\":\"https:\/\/petproducts.com.cn\/wp-content\/uploads\/2020\/02\/petstar-logo.webp\",\"width\":779,\"height\":520,\"caption\":\"Petstar\"},\"image\":{\"@id\":\"https:\/\/petproducts.com.cn\/#\/schema\/logo\/image\/\"}}]}<\/script>\n<!-- \/ Yoast SEO plugin. -->","yoast_head_json":{"title":"Brinquedos de peluche para gatos | Fabricante de brinquedos para gatos - Petstar","description":"Explore brinquedos de peluche para gatos, brinquedos para gatos com catnip, brinquedos para gatos de estima\u00e7\u00e3o do fabricante. A sua solu\u00e7\u00e3o comercial ideal com Petstar.","robots":{"index":"index","follow":"follow","max-snippet":"max-snippet:-1","max-image-preview":"max-image-preview:large","max-video-preview":"max-video-preview:-1"},"canonical":"https:\/\/petproducts.com.cn\/pt\/produto\/plush-cat-toy-pet-cat-toys-with-catnip\/","og_locale":"pt_PT","og_type":"article","og_title":"Plush Cat Toy | Pet Cat Toys Manufacturer - Petstar","og_description":"Explore plush cat toy, cat toys with catnip, pet cat toys from the manufacturer. Your ideal business solution with Petstar.","og_url":"https:\/\/petproducts.com.cn\/pt\/produto\/plush-cat-toy-pet-cat-toys-with-catnip\/","og_site_name":"Petstar","article_modified_time":"2024-07-24T06:18:30+00:00","og_image":[{"width":1020,"height":1000,"url":"https:\/\/petproducts.com.cn\/wp-content\/uploads\/2024\/07\/plush-cat-toy.webp","type":"image\/webp"}],"twitter_card":"summary_large_image","twitter_misc":{"Tempo estimado de leitura":"2 minutos"},"schema":{"@context":"https:\/\/schema.org","@graph":[{"@type":"WebPage","@id":"https:\/\/petproducts.com.cn\/product\/plush-cat-toy-pet-cat-toys-with-catnip\/","url":"https:\/\/petproducts.com.cn\/product\/plush-cat-toy-pet-cat-toys-with-catnip\/","name":"Brinquedos de peluche para gatos | Fabricante de brinquedos para gatos - Petstar","isPartOf":{"@id":"https:\/\/petproducts.com.cn\/#website"},"primaryImageOfPage":{"@id":"https:\/\/petproducts.com.cn\/product\/plush-cat-toy-pet-cat-toys-with-catnip\/#primaryimage"},"image":{"@id":"https:\/\/petproducts.com.cn\/product\/plush-cat-toy-pet-cat-toys-with-catnip\/#primaryimage"},"thumbnailUrl":"https:\/\/petproducts.com.cn\/wp-content\/uploads\/2024\/07\/plush-cat-toy.webp","datePublished":"2024-07-24T05:53:29+00:00","dateModified":"2024-07-24T06:18:30+00:00","description":"Explore brinquedos de peluche para gatos, brinquedos para gatos com catnip, brinquedos para gatos de estima\u00e7\u00e3o do fabricante. A sua solu\u00e7\u00e3o comercial ideal com Petstar.","breadcrumb":{"@id":"https:\/\/petproducts.com.cn\/product\/plush-cat-toy-pet-cat-toys-with-catnip\/#breadcrumb"},"inLanguage":"pt-PT","potentialAction":[{"@type":"ReadAction","target":["https:\/\/petproducts.com.cn\/product\/plush-cat-toy-pet-cat-toys-with-catnip\/"]}]},{"@type":"ImageObject","inLanguage":"pt-PT","@id":"https:\/\/petproducts.com.cn\/product\/plush-cat-toy-pet-cat-toys-with-catnip\/#primaryimage","url":"https:\/\/petproducts.com.cn\/wp-content\/uploads\/2024\/07\/plush-cat-toy.webp","contentUrl":"https:\/\/petproducts.com.cn\/wp-content\/uploads\/2024\/07\/plush-cat-toy.webp","width":1020,"height":1000,"caption":"plush cat toy"},{"@type":"BreadcrumbList","@id":"https:\/\/petproducts.com.cn\/product\/plush-cat-toy-pet-cat-toys-with-catnip\/#breadcrumb","itemListElement":[{"@type":"ListItem","position":1,"name":"HOME","item":"https:\/\/petproducts.com.cn\/"},{"@type":"ListItem","position":2,"name":"Products","item":"https:\/\/petproducts.com.cn\/shop\/"},{"@type":"ListItem","position":3,"name":"Cat Toys","item":"https:\/\/petproducts.com.cn\/product-category\/cat-toys\/"},{"@type":"ListItem","position":4,"name":"Plush Cat Toy Pet Cat Toys With Catnip"}]},{"@type":"WebSite","@id":"https:\/\/petproducts.com.cn\/#website","url":"https:\/\/petproducts.com.cn\/","name":"Petstar","description":"Fabricante l\u00edder de artigos para animais de estima\u00e7\u00e3o e fornecedor de produtos OEM para animais de estima\u00e7\u00e3o","publisher":{"@id":"https:\/\/petproducts.com.cn\/#organization"},"alternateName":"Petstar Pet Supplies","potentialAction":[{"@type":"SearchAction","target":{"@type":"EntryPoint","urlTemplate":"https:\/\/petproducts.com.cn\/?s={search_term_string}"},"query-input":{"@type":"PropertyValueSpecification","valueRequired":true,"valueName":"search_term_string"}}],"inLanguage":"pt-PT"},{"@type":"Organization","@id":"https:\/\/petproducts.com.cn\/#organization","name":"Petstar","url":"https:\/\/petproducts.com.cn\/","logo":{"@type":"ImageObject","inLanguage":"pt-PT","@id":"https:\/\/petproducts.com.cn\/#\/schema\/logo\/image\/","url":"https:\/\/petproducts.com.cn\/wp-content\/uploads\/2020\/02\/petstar-logo.webp","contentUrl":"https:\/\/petproducts.com.cn\/wp-content\/uploads\/2020\/02\/petstar-logo.webp","width":779,"height":520,"caption":"Petstar"},"image":{"@id":"https:\/\/petproducts.com.cn\/#\/schema\/logo\/image\/"}}]}},"_links":{"self":[{"href":"https:\/\/petproducts.com.cn\/pt\/wp-json\/wp\/v2\/product\/27324","targetHints":{"allow":["GET"]}}],"collection":[{"href":"https:\/\/petproducts.com.cn\/pt\/wp-json\/wp\/v2\/product"}],"about":[{"href":"https:\/\/petproducts.com.cn\/pt\/wp-json\/wp\/v2\/types\/product"}],"version-history":[{"count":2,"href":"https:\/\/petproducts.com.cn\/pt\/wp-json\/wp\/v2\/product\/27324\/revisions"}],"predecessor-version":[{"id":27332,"href":"https:\/\/petproducts.com.cn\/pt\/wp-json\/wp\/v2\/product\/27324\/revisions\/27332"}],"wp:featuredmedia":[{"embeddable":true,"href":"https:\/\/petproducts.com.cn\/pt\/wp-json\/wp\/v2\/media\/27331"}],"wp:attachment":[{"href":"https:\/\/petproducts.com.cn\/pt\/wp-json\/wp\/v2\/media?parent=27324"}],"wp:term":[{"taxonomy":"product_brand","embeddable":true,"href":"https:\/\/petproducts.com.cn\/pt\/wp-json\/wp\/v2\/product_brand?post=27324"},{"taxonomy":"product_cat","embeddable":true,"href":"https:\/\/petproducts.com.cn\/pt\/wp-json\/wp\/v2\/product_cat?post=27324"},{"taxonomy":"product_tag","embeddable":true,"href":"https:\/\/petproducts.com.cn\/pt\/wp-json\/wp\/v2\/product_tag?post=27324"}],"curies":[{"name":"wp","href":"https:\/\/api.w.org\/{rel}","templated":true}]}}