{"id":27378,"date":"2024-07-25T03:16:15","date_gmt":"2024-07-25T03:16:15","guid":{"rendered":"https:\/\/petproducts.com.cn\/?post_type=product&#038;p=27378"},"modified":"2024-07-25T05:59:21","modified_gmt":"2024-07-25T05:59:21","slug":"hamster-tunnel-small-animal-tunnel-toy","status":"publish","type":"product","link":"https:\/\/petproducts.com.cn\/pt\/product\/hamster-tunnel-small-animal-tunnel-toy\/","title":{"rendered":"Brinquedo de t\u00fanel para animais pequenos t\u00fanel hamster"},"content":{"rendered":"<h2>Caracter\u00edsticas do t\u00fanel hamster<\/h2>\n<ul>\n<li><strong>Design Expans\u00edvel<\/strong> Voc\u00ea vai adorar o design expans\u00edvel deste t\u00fanel para hamster. Ele se estende por v\u00e1rios comprimentos, tornando-o vers\u00e1til para diferentes espa\u00e7os de lazer. A flexibilidade deste t\u00fanel garante que o seu hamster tenha muito espa\u00e7o para explorar, acrescentando emo\u00e7\u00e3o \u00e0s suas atividades di\u00e1rias. Esse recurso torna o t\u00fanel para hamster uma adi\u00e7\u00e3o fant\u00e1stica \u00e0 sua cole\u00e7\u00e3o de t\u00faneis para pequenos animais.<\/li>\n<li><strong>Adequado para v\u00e1rios animais pequenos<\/strong> Voc\u00ea descobrir\u00e1 que este t\u00fanel \u00e9 adequado para mais do que apenas hamsters. \u00c9 perfeito para coelhos e outros pequenos animais, oferecendo um ambiente divertido e interativo para diversos animais de estima\u00e7\u00e3o. Essa versatilidade garante que voc\u00ea possa usar o t\u00fanel para diferentes animais de estima\u00e7\u00e3o, tornando-o um investimento valioso em brinquedos para t\u00faneis para pequenos animais.<\/li>\n<li><strong>Material PE dur\u00e1vel<\/strong> Voc\u00ea apreciar\u00e1 o material PE dur\u00e1vel usado neste t\u00fanel. \u00c9 forte o suficiente para suportar o uso frequente e \u00e9 f\u00e1cil de limpar, garantindo um uso duradouro. Este material fornece um ambiente seguro e resistente para seus animais de estima\u00e7\u00e3o brincarem, tornando o T\u00fanel para Pequenos Animais uma escolha confi\u00e1vel entre os t\u00faneis para pequenos animais.<\/li>\n<li><strong>Jogo interativo<\/strong> Voc\u00ea vai gostar de ver seus animais de estima\u00e7\u00e3o se envolverem neste t\u00fanel. O design incentiva a brincadeira e a explora\u00e7\u00e3o ativas, mantendo seus animais de estima\u00e7\u00e3o entretidos e estimulados. Esta brincadeira interativa ajuda a reduzir o t\u00e9dio e promove a atividade f\u00edsica, essencial para a sa\u00fade e o bem-estar dos seus pequenos animais. O brinquedo t\u00fanel para hamster oferece horas de divers\u00e3o e envolvimento para seus animais de estima\u00e7\u00e3o.<\/li>\n<li><strong>Promove Comportamento Natural<\/strong> Voc\u00ea ver\u00e1 seus animais de estima\u00e7\u00e3o exibindo comportamentos naturais com este t\u00fanel. O espa\u00e7o fechado imita as tocas e t\u00faneis encontrados na natureza, incentivando seus animais de estima\u00e7\u00e3o a explorar e se esconder. Esta estimula\u00e7\u00e3o dos instintos naturais \u00e9 crucial para a sa\u00fade f\u00edsica e mental dos seus pequenos animais, fazendo do t\u00fanel para hamster um brinquedo ben\u00e9fico para o seu bem-estar.<\/li>\n<\/ul>","protected":false},"excerpt":{"rendered":"<p>O brinquedo de t\u00fanel para pequenos animais Hamster Tunnel oferece um ambiente de jogo vers\u00e1til, dur\u00e1vel e envolvente para seus pequenos animais de estima\u00e7\u00e3o. Voc\u00ea vai adorar como ele melhora o habitat do seu animal de estima\u00e7\u00e3o e promove comportamentos naturais, enquanto seus animais de estima\u00e7\u00e3o ir\u00e3o desfrutar do design interativo e expans\u00edvel.<\/p>","protected":false},"featured_media":27385,"template":"","meta":{"_acf_changed":false},"product_brand":[],"product_cat":[157,158,164,156],"product_tag":[159,165,160],"class_list":{"0":"post-27378","1":"product","2":"type-product","3":"status-publish","4":"has-post-thumbnail","6":"product_cat-hamster-supplies","7":"product_cat-other-animal-supplies","8":"product_cat-rabbit-supplies","9":"product_cat-small-animal-supplies","10":"product_tag-hamster-supplies","11":"product_tag-rabbit-supplies","12":"product_tag-small-animal-supplies","14":"first","15":"instock","16":"shipping-taxable","17":"product-type-simple"},"acf":[],"yoast_head":"<!-- This site is optimized with the Yoast SEO plugin v27.1.1 - https:\/\/yoast.com\/product\/yoast-seo-wordpress\/ -->\n<title>Hamster Tunnel | Small Animal Toy Manufacturer - Petstar<\/title>\n<meta name=\"description\" content=\"Explore hamster tunnel, small animal tunnel from the hamster supplies manufacturer. Your ideal business solution with Petstar.\" \/>\n<meta name=\"robots\" content=\"index, follow, max-snippet:-1, max-image-preview:large, max-video-preview:-1\" \/>\n<link rel=\"canonical\" href=\"https:\/\/petproducts.com.cn\/pt\/produto\/hamster-tunnel-small-animal-tunnel-toy\/\" \/>\n<meta property=\"og:locale\" content=\"pt_PT\" \/>\n<meta property=\"og:type\" content=\"article\" \/>\n<meta property=\"og:title\" content=\"Hamster Tunnel | Small Animal Toy Manufacturer - Petstar\" \/>\n<meta property=\"og:description\" content=\"Explore hamster tunnel, small animal tunnel from the hamster supplies manufacturer. Your ideal business solution with Petstar.\" \/>\n<meta property=\"og:url\" content=\"https:\/\/petproducts.com.cn\/pt\/produto\/hamster-tunnel-small-animal-tunnel-toy\/\" \/>\n<meta property=\"og:site_name\" content=\"Petstar\" \/>\n<meta property=\"article:modified_time\" content=\"2024-07-25T05:59:21+00:00\" \/>\n<meta property=\"og:image\" content=\"https:\/\/petproducts.com.cn\/wp-content\/uploads\/2024\/07\/hamster-tunnel.webp\" \/>\n\t<meta property=\"og:image:width\" content=\"1000\" \/>\n\t<meta property=\"og:image:height\" content=\"1000\" \/>\n\t<meta property=\"og:image:type\" content=\"image\/webp\" \/>\n<meta name=\"twitter:card\" content=\"summary_large_image\" \/>\n<meta name=\"twitter:label1\" content=\"Tempo estimado de leitura\" \/>\n\t<meta name=\"twitter:data1\" content=\"2 minutos\" \/>\n<script type=\"application\/ld+json\" class=\"yoast-schema-graph\">{\"@context\":\"https:\/\/schema.org\",\"@graph\":[{\"@type\":\"WebPage\",\"@id\":\"https:\/\/petproducts.com.cn\/product\/hamster-tunnel-small-animal-tunnel-toy\/\",\"url\":\"https:\/\/petproducts.com.cn\/product\/hamster-tunnel-small-animal-tunnel-toy\/\",\"name\":\"Hamster Tunnel | Small Animal Toy Manufacturer - Petstar\",\"isPartOf\":{\"@id\":\"https:\/\/petproducts.com.cn\/#website\"},\"primaryImageOfPage\":{\"@id\":\"https:\/\/petproducts.com.cn\/product\/hamster-tunnel-small-animal-tunnel-toy\/#primaryimage\"},\"image\":{\"@id\":\"https:\/\/petproducts.com.cn\/product\/hamster-tunnel-small-animal-tunnel-toy\/#primaryimage\"},\"thumbnailUrl\":\"https:\/\/petproducts.com.cn\/wp-content\/uploads\/2024\/07\/hamster-tunnel.webp\",\"datePublished\":\"2024-07-25T03:16:15+00:00\",\"dateModified\":\"2024-07-25T05:59:21+00:00\",\"description\":\"Explore hamster tunnel, small animal tunnel from the hamster supplies manufacturer. Your ideal business solution with Petstar.\",\"breadcrumb\":{\"@id\":\"https:\/\/petproducts.com.cn\/product\/hamster-tunnel-small-animal-tunnel-toy\/#breadcrumb\"},\"inLanguage\":\"pt-PT\",\"potentialAction\":[{\"@type\":\"ReadAction\",\"target\":[\"https:\/\/petproducts.com.cn\/product\/hamster-tunnel-small-animal-tunnel-toy\/\"]}]},{\"@type\":\"ImageObject\",\"inLanguage\":\"pt-PT\",\"@id\":\"https:\/\/petproducts.com.cn\/product\/hamster-tunnel-small-animal-tunnel-toy\/#primaryimage\",\"url\":\"https:\/\/petproducts.com.cn\/wp-content\/uploads\/2024\/07\/hamster-tunnel.webp\",\"contentUrl\":\"https:\/\/petproducts.com.cn\/wp-content\/uploads\/2024\/07\/hamster-tunnel.webp\",\"width\":1000,\"height\":1000,\"caption\":\"hamster tunnel\"},{\"@type\":\"BreadcrumbList\",\"@id\":\"https:\/\/petproducts.com.cn\/product\/hamster-tunnel-small-animal-tunnel-toy\/#breadcrumb\",\"itemListElement\":[{\"@type\":\"ListItem\",\"position\":1,\"name\":\"HOME\",\"item\":\"https:\/\/petproducts.com.cn\/\"},{\"@type\":\"ListItem\",\"position\":2,\"name\":\"Products\",\"item\":\"https:\/\/petproducts.com.cn\/shop\/\"},{\"@type\":\"ListItem\",\"position\":3,\"name\":\"Hamster Supplies\",\"item\":\"https:\/\/petproducts.com.cn\/product-category\/hamster-supplies\/\"},{\"@type\":\"ListItem\",\"position\":4,\"name\":\"Hamster Tunnel Small Animal Tunnel Toy\"}]},{\"@type\":\"WebSite\",\"@id\":\"https:\/\/petproducts.com.cn\/#website\",\"url\":\"https:\/\/petproducts.com.cn\/\",\"name\":\"Petstar\",\"description\":\"Leading Pet Supplies Manufacturer &amp; OEM Pet Products Supplier\",\"publisher\":{\"@id\":\"https:\/\/petproducts.com.cn\/#organization\"},\"alternateName\":\"Petstar Pet Supplies\",\"potentialAction\":[{\"@type\":\"SearchAction\",\"target\":{\"@type\":\"EntryPoint\",\"urlTemplate\":\"https:\/\/petproducts.com.cn\/?s={search_term_string}\"},\"query-input\":{\"@type\":\"PropertyValueSpecification\",\"valueRequired\":true,\"valueName\":\"search_term_string\"}}],\"inLanguage\":\"pt-PT\"},{\"@type\":\"Organization\",\"@id\":\"https:\/\/petproducts.com.cn\/#organization\",\"name\":\"Petstar\",\"url\":\"https:\/\/petproducts.com.cn\/\",\"logo\":{\"@type\":\"ImageObject\",\"inLanguage\":\"pt-PT\",\"@id\":\"https:\/\/petproducts.com.cn\/#\/schema\/logo\/image\/\",\"url\":\"https:\/\/petproducts.com.cn\/wp-content\/uploads\/2020\/02\/petstar-logo.webp\",\"contentUrl\":\"https:\/\/petproducts.com.cn\/wp-content\/uploads\/2020\/02\/petstar-logo.webp\",\"width\":779,\"height\":520,\"caption\":\"Petstar\"},\"image\":{\"@id\":\"https:\/\/petproducts.com.cn\/#\/schema\/logo\/image\/\"}}]}<\/script>\n<!-- \/ Yoast SEO plugin. -->","yoast_head_json":{"title":"T\u00fanel para hamster | Fabricante de brinquedos para pequenos animais - Petstar","description":"Explore o t\u00fanel para hamster, t\u00fanel para pequenos animais do fabricante de material para hamster. A sua solu\u00e7\u00e3o comercial ideal com Petstar.","robots":{"index":"index","follow":"follow","max-snippet":"max-snippet:-1","max-image-preview":"max-image-preview:large","max-video-preview":"max-video-preview:-1"},"canonical":"https:\/\/petproducts.com.cn\/pt\/produto\/hamster-tunnel-small-animal-tunnel-toy\/","og_locale":"pt_PT","og_type":"article","og_title":"Hamster Tunnel | Small Animal Toy Manufacturer - Petstar","og_description":"Explore hamster tunnel, small animal tunnel from the hamster supplies manufacturer. Your ideal business solution with Petstar.","og_url":"https:\/\/petproducts.com.cn\/pt\/produto\/hamster-tunnel-small-animal-tunnel-toy\/","og_site_name":"Petstar","article_modified_time":"2024-07-25T05:59:21+00:00","og_image":[{"width":1000,"height":1000,"url":"https:\/\/petproducts.com.cn\/wp-content\/uploads\/2024\/07\/hamster-tunnel.webp","type":"image\/webp"}],"twitter_card":"summary_large_image","twitter_misc":{"Tempo estimado de leitura":"2 minutos"},"schema":{"@context":"https:\/\/schema.org","@graph":[{"@type":"WebPage","@id":"https:\/\/petproducts.com.cn\/product\/hamster-tunnel-small-animal-tunnel-toy\/","url":"https:\/\/petproducts.com.cn\/product\/hamster-tunnel-small-animal-tunnel-toy\/","name":"T\u00fanel para hamster | Fabricante de brinquedos para pequenos animais - Petstar","isPartOf":{"@id":"https:\/\/petproducts.com.cn\/#website"},"primaryImageOfPage":{"@id":"https:\/\/petproducts.com.cn\/product\/hamster-tunnel-small-animal-tunnel-toy\/#primaryimage"},"image":{"@id":"https:\/\/petproducts.com.cn\/product\/hamster-tunnel-small-animal-tunnel-toy\/#primaryimage"},"thumbnailUrl":"https:\/\/petproducts.com.cn\/wp-content\/uploads\/2024\/07\/hamster-tunnel.webp","datePublished":"2024-07-25T03:16:15+00:00","dateModified":"2024-07-25T05:59:21+00:00","description":"Explore o t\u00fanel para hamster, t\u00fanel para pequenos animais do fabricante de material para hamster. A sua solu\u00e7\u00e3o comercial ideal com Petstar.","breadcrumb":{"@id":"https:\/\/petproducts.com.cn\/product\/hamster-tunnel-small-animal-tunnel-toy\/#breadcrumb"},"inLanguage":"pt-PT","potentialAction":[{"@type":"ReadAction","target":["https:\/\/petproducts.com.cn\/product\/hamster-tunnel-small-animal-tunnel-toy\/"]}]},{"@type":"ImageObject","inLanguage":"pt-PT","@id":"https:\/\/petproducts.com.cn\/product\/hamster-tunnel-small-animal-tunnel-toy\/#primaryimage","url":"https:\/\/petproducts.com.cn\/wp-content\/uploads\/2024\/07\/hamster-tunnel.webp","contentUrl":"https:\/\/petproducts.com.cn\/wp-content\/uploads\/2024\/07\/hamster-tunnel.webp","width":1000,"height":1000,"caption":"hamster tunnel"},{"@type":"BreadcrumbList","@id":"https:\/\/petproducts.com.cn\/product\/hamster-tunnel-small-animal-tunnel-toy\/#breadcrumb","itemListElement":[{"@type":"ListItem","position":1,"name":"HOME","item":"https:\/\/petproducts.com.cn\/"},{"@type":"ListItem","position":2,"name":"Products","item":"https:\/\/petproducts.com.cn\/shop\/"},{"@type":"ListItem","position":3,"name":"Hamster Supplies","item":"https:\/\/petproducts.com.cn\/product-category\/hamster-supplies\/"},{"@type":"ListItem","position":4,"name":"Hamster Tunnel Small Animal Tunnel Toy"}]},{"@type":"WebSite","@id":"https:\/\/petproducts.com.cn\/#website","url":"https:\/\/petproducts.com.cn\/","name":"Petstar","description":"Fabricante l\u00edder de artigos para animais de estima\u00e7\u00e3o e fornecedor de produtos OEM para animais de estima\u00e7\u00e3o","publisher":{"@id":"https:\/\/petproducts.com.cn\/#organization"},"alternateName":"Petstar Pet Supplies","potentialAction":[{"@type":"SearchAction","target":{"@type":"EntryPoint","urlTemplate":"https:\/\/petproducts.com.cn\/?s={search_term_string}"},"query-input":{"@type":"PropertyValueSpecification","valueRequired":true,"valueName":"search_term_string"}}],"inLanguage":"pt-PT"},{"@type":"Organization","@id":"https:\/\/petproducts.com.cn\/#organization","name":"Petstar","url":"https:\/\/petproducts.com.cn\/","logo":{"@type":"ImageObject","inLanguage":"pt-PT","@id":"https:\/\/petproducts.com.cn\/#\/schema\/logo\/image\/","url":"https:\/\/petproducts.com.cn\/wp-content\/uploads\/2020\/02\/petstar-logo.webp","contentUrl":"https:\/\/petproducts.com.cn\/wp-content\/uploads\/2020\/02\/petstar-logo.webp","width":779,"height":520,"caption":"Petstar"},"image":{"@id":"https:\/\/petproducts.com.cn\/#\/schema\/logo\/image\/"}}]}},"_links":{"self":[{"href":"https:\/\/petproducts.com.cn\/pt\/wp-json\/wp\/v2\/product\/27378","targetHints":{"allow":["GET"]}}],"collection":[{"href":"https:\/\/petproducts.com.cn\/pt\/wp-json\/wp\/v2\/product"}],"about":[{"href":"https:\/\/petproducts.com.cn\/pt\/wp-json\/wp\/v2\/types\/product"}],"version-history":[{"count":5,"href":"https:\/\/petproducts.com.cn\/pt\/wp-json\/wp\/v2\/product\/27378\/revisions"}],"predecessor-version":[{"id":27388,"href":"https:\/\/petproducts.com.cn\/pt\/wp-json\/wp\/v2\/product\/27378\/revisions\/27388"}],"wp:featuredmedia":[{"embeddable":true,"href":"https:\/\/petproducts.com.cn\/pt\/wp-json\/wp\/v2\/media\/27385"}],"wp:attachment":[{"href":"https:\/\/petproducts.com.cn\/pt\/wp-json\/wp\/v2\/media?parent=27378"}],"wp:term":[{"taxonomy":"product_brand","embeddable":true,"href":"https:\/\/petproducts.com.cn\/pt\/wp-json\/wp\/v2\/product_brand?post=27378"},{"taxonomy":"product_cat","embeddable":true,"href":"https:\/\/petproducts.com.cn\/pt\/wp-json\/wp\/v2\/product_cat?post=27378"},{"taxonomy":"product_tag","embeddable":true,"href":"https:\/\/petproducts.com.cn\/pt\/wp-json\/wp\/v2\/product_tag?post=27378"}],"curies":[{"name":"wp","href":"https:\/\/api.w.org\/{rel}","templated":true}]}}