{"id":27492,"date":"2024-07-27T07:34:30","date_gmt":"2024-07-27T07:34:30","guid":{"rendered":"https:\/\/petproducts.com.cn\/?post_type=product&#038;p=27492"},"modified":"2024-07-27T07:45:23","modified_gmt":"2024-07-27T07:45:23","slug":"small-animal-grass-feeder-rabbit-grass-rack-hamster-grass-trough","status":"publish","type":"product","link":"https:\/\/petproducts.com.cn\/pt\/product\/small-animal-grass-feeder-rabbit-grass-rack-hamster-grass-trough\/","title":{"rendered":"Comedouro de relva para pequenos animais Comedouro de relva para coelhos Comedouro de relva para hamsters"},"content":{"rendered":"<h2>Carater\u00edsticas do alimentador de relva para pequenos animais<\/h2>\n<ul>\n<li><strong>Constru\u00e7\u00e3o em madeira dur\u00e1vel<\/strong> Ir\u00e1 apreciar a constru\u00e7\u00e3o em madeira duradoura deste comedouro para pequenos animais. \u00c9 feito de madeira natural de alta qualidade, garantindo longevidade e seguran\u00e7a para os seus animais de estima\u00e7\u00e3o. Este material \u00e9 seguro para mastigar, proporcionando um benef\u00edcio adicional para os pequenos animais que gostam de roer.<\/li>\n<li><strong>Solu\u00e7\u00e3o eficiente de alimenta\u00e7\u00e3o de relva<\/strong> Este comedouro \u00e9 uma solu\u00e7\u00e3o eficaz para alimentar os seus pequenos animais de estima\u00e7\u00e3o com erva. Foi concebido para conter uma quantidade generosa de feno, mantendo-o limpo e fora do ch\u00e3o da gaiola. Isto ajuda a reduzir os res\u00edduos e garante que os seus animais de estima\u00e7\u00e3o t\u00eam sempre acesso a feno fresco.<\/li>\n<li><strong>Encaixa-se facilmente nas gaiolas<\/strong> Vai adorar a facilidade com que este alimentador de erva se adapta a v\u00e1rios tipos de gaiolas. Foi concebido para ser compacto mas espa\u00e7oso, o que o torna um complemento ideal para qualquer recinto de pequenos animais. Esta carater\u00edstica permite-lhe proporcionar uma \u00e1rea de alimenta\u00e7\u00e3o limpa e organizada aos seus animais de estima\u00e7\u00e3o.<\/li>\n<li><strong>Incentiva o comportamento natural de procura de alimentos<\/strong> Ir\u00e1 notar que este comedouro incentiva o comportamento natural de procura de alimentos nos seus animais de estima\u00e7\u00e3o. O design permite que os pequenos animais puxem o feno atrav\u00e9s das aberturas, imitando os seus h\u00e1bitos naturais de pastagem. Isto n\u00e3o s\u00f3 os mant\u00e9m entretidos, como tamb\u00e9m promove comportamentos alimentares saud\u00e1veis.<\/li>\n<li><strong>Evita a contamina\u00e7\u00e3o do feno<\/strong> Ficar\u00e1 satisfeito com a forma como este alimentador de erva evita a contamina\u00e7\u00e3o do feno. Ao manter o feno elevado e contido, reduz o risco de ficar sujo com a cama ou res\u00edduos. Isto garante que os seus animais de estima\u00e7\u00e3o t\u00eam acesso a feno limpo e seco, o que \u00e9 crucial para a sua sa\u00fade.<\/li>\n<li><strong>Vers\u00e1til para v\u00e1rios animais de pequeno porte<\/strong> Apreciar\u00e1 a versatilidade deste alimentador de relva. \u00c9 adequado para uma vasta gama de pequenos animais, incluindo coelhos, hamsters, porquinhos-da-\u00edndia e muito mais. Isto torna-o uma escolha pr\u00e1tica se tiver v\u00e1rios tipos de animais de estima\u00e7\u00e3o em casa.<\/li>\n<\/ul>","protected":false},"excerpt":{"rendered":"<p>O alimentador de relva para pequenos animais Rabbit Grass Rack Hamster Grass Trough oferece uma solu\u00e7\u00e3o de alimenta\u00e7\u00e3o dur\u00e1vel, eficiente e vers\u00e1til para os seus pequenos animais de estima\u00e7\u00e3o.<\/p>","protected":false},"featured_media":27499,"template":"","meta":{"_acf_changed":false},"product_brand":[],"product_cat":[157,158,164,156],"product_tag":[159,165,160],"class_list":{"0":"post-27492","1":"product","2":"type-product","3":"status-publish","4":"has-post-thumbnail","6":"product_cat-hamster-supplies","7":"product_cat-other-animal-supplies","8":"product_cat-rabbit-supplies","9":"product_cat-small-animal-supplies","10":"product_tag-hamster-supplies","11":"product_tag-rabbit-supplies","12":"product_tag-small-animal-supplies","14":"first","15":"instock","16":"shipping-taxable","17":"product-type-simple"},"acf":[],"yoast_head":"<!-- This site is optimized with the Yoast SEO plugin v27.1.1 - https:\/\/yoast.com\/product\/yoast-seo-wordpress\/ -->\n<title>Small Animal Grass Feeder | Rabbit Grass Rack Manufacturer - Petstar<\/title>\n<meta name=\"description\" content=\"Explore small animal grass feeder, rabbit grass rack, hamster grass trough from the rabbit supplies manufacturer. Your ideal business solution with Petstar.\" \/>\n<meta name=\"robots\" content=\"index, follow, max-snippet:-1, max-image-preview:large, max-video-preview:-1\" \/>\n<link rel=\"canonical\" href=\"https:\/\/petproducts.com.cn\/pt\/produto\/small-animal-grass-feeder-rabbit-grass-rack-hamster-grass-trough\/\" \/>\n<meta property=\"og:locale\" content=\"pt_PT\" \/>\n<meta property=\"og:type\" content=\"article\" \/>\n<meta property=\"og:title\" content=\"Small Animal Grass Feeder | Rabbit Grass Rack Manufacturer - Petstar\" \/>\n<meta property=\"og:description\" content=\"Explore small animal grass feeder, rabbit grass rack, hamster grass trough from the rabbit supplies manufacturer. Your ideal business solution with Petstar.\" \/>\n<meta property=\"og:url\" content=\"https:\/\/petproducts.com.cn\/pt\/produto\/small-animal-grass-feeder-rabbit-grass-rack-hamster-grass-trough\/\" \/>\n<meta property=\"og:site_name\" content=\"Petstar\" \/>\n<meta property=\"article:modified_time\" content=\"2024-07-27T07:45:23+00:00\" \/>\n<meta property=\"og:image\" content=\"https:\/\/petproducts.com.cn\/wp-content\/uploads\/2024\/07\/small-animal-grass-feeder.webp\" \/>\n\t<meta property=\"og:image:width\" content=\"1000\" \/>\n\t<meta property=\"og:image:height\" content=\"1000\" \/>\n\t<meta property=\"og:image:type\" content=\"image\/webp\" \/>\n<meta name=\"twitter:card\" content=\"summary_large_image\" \/>\n<meta name=\"twitter:label1\" content=\"Tempo estimado de leitura\" \/>\n\t<meta name=\"twitter:data1\" content=\"2 minutos\" \/>\n<script type=\"application\/ld+json\" class=\"yoast-schema-graph\">{\"@context\":\"https:\/\/schema.org\",\"@graph\":[{\"@type\":\"WebPage\",\"@id\":\"https:\/\/petproducts.com.cn\/product\/small-animal-grass-feeder-rabbit-grass-rack-hamster-grass-trough\/\",\"url\":\"https:\/\/petproducts.com.cn\/product\/small-animal-grass-feeder-rabbit-grass-rack-hamster-grass-trough\/\",\"name\":\"Small Animal Grass Feeder | Rabbit Grass Rack Manufacturer - Petstar\",\"isPartOf\":{\"@id\":\"https:\/\/petproducts.com.cn\/#website\"},\"primaryImageOfPage\":{\"@id\":\"https:\/\/petproducts.com.cn\/product\/small-animal-grass-feeder-rabbit-grass-rack-hamster-grass-trough\/#primaryimage\"},\"image\":{\"@id\":\"https:\/\/petproducts.com.cn\/product\/small-animal-grass-feeder-rabbit-grass-rack-hamster-grass-trough\/#primaryimage\"},\"thumbnailUrl\":\"https:\/\/petproducts.com.cn\/wp-content\/uploads\/2024\/07\/small-animal-grass-feeder.webp\",\"datePublished\":\"2024-07-27T07:34:30+00:00\",\"dateModified\":\"2024-07-27T07:45:23+00:00\",\"description\":\"Explore small animal grass feeder, rabbit grass rack, hamster grass trough from the rabbit supplies manufacturer. Your ideal business solution with Petstar.\",\"breadcrumb\":{\"@id\":\"https:\/\/petproducts.com.cn\/product\/small-animal-grass-feeder-rabbit-grass-rack-hamster-grass-trough\/#breadcrumb\"},\"inLanguage\":\"pt-PT\",\"potentialAction\":[{\"@type\":\"ReadAction\",\"target\":[\"https:\/\/petproducts.com.cn\/product\/small-animal-grass-feeder-rabbit-grass-rack-hamster-grass-trough\/\"]}]},{\"@type\":\"ImageObject\",\"inLanguage\":\"pt-PT\",\"@id\":\"https:\/\/petproducts.com.cn\/product\/small-animal-grass-feeder-rabbit-grass-rack-hamster-grass-trough\/#primaryimage\",\"url\":\"https:\/\/petproducts.com.cn\/wp-content\/uploads\/2024\/07\/small-animal-grass-feeder.webp\",\"contentUrl\":\"https:\/\/petproducts.com.cn\/wp-content\/uploads\/2024\/07\/small-animal-grass-feeder.webp\",\"width\":1000,\"height\":1000,\"caption\":\"small animal grass feeder\"},{\"@type\":\"BreadcrumbList\",\"@id\":\"https:\/\/petproducts.com.cn\/product\/small-animal-grass-feeder-rabbit-grass-rack-hamster-grass-trough\/#breadcrumb\",\"itemListElement\":[{\"@type\":\"ListItem\",\"position\":1,\"name\":\"HOME\",\"item\":\"https:\/\/petproducts.com.cn\/\"},{\"@type\":\"ListItem\",\"position\":2,\"name\":\"Products\",\"item\":\"https:\/\/petproducts.com.cn\/shop\/\"},{\"@type\":\"ListItem\",\"position\":3,\"name\":\"Rabbit Supplies\",\"item\":\"https:\/\/petproducts.com.cn\/product-category\/rabbit-supplies\/\"},{\"@type\":\"ListItem\",\"position\":4,\"name\":\"Small Animal Grass Feeder Rabbit Grass Rack Hamster Grass Trough\"}]},{\"@type\":\"WebSite\",\"@id\":\"https:\/\/petproducts.com.cn\/#website\",\"url\":\"https:\/\/petproducts.com.cn\/\",\"name\":\"Petstar\",\"description\":\"Leading Pet Supplies Manufacturer &amp; OEM Pet Products Supplier\",\"publisher\":{\"@id\":\"https:\/\/petproducts.com.cn\/#organization\"},\"alternateName\":\"Petstar Pet Supplies\",\"potentialAction\":[{\"@type\":\"SearchAction\",\"target\":{\"@type\":\"EntryPoint\",\"urlTemplate\":\"https:\/\/petproducts.com.cn\/?s={search_term_string}\"},\"query-input\":{\"@type\":\"PropertyValueSpecification\",\"valueRequired\":true,\"valueName\":\"search_term_string\"}}],\"inLanguage\":\"pt-PT\"},{\"@type\":\"Organization\",\"@id\":\"https:\/\/petproducts.com.cn\/#organization\",\"name\":\"Petstar\",\"url\":\"https:\/\/petproducts.com.cn\/\",\"logo\":{\"@type\":\"ImageObject\",\"inLanguage\":\"pt-PT\",\"@id\":\"https:\/\/petproducts.com.cn\/#\/schema\/logo\/image\/\",\"url\":\"https:\/\/petproducts.com.cn\/wp-content\/uploads\/2020\/02\/petstar-logo.webp\",\"contentUrl\":\"https:\/\/petproducts.com.cn\/wp-content\/uploads\/2020\/02\/petstar-logo.webp\",\"width\":779,\"height\":520,\"caption\":\"Petstar\"},\"image\":{\"@id\":\"https:\/\/petproducts.com.cn\/#\/schema\/logo\/image\/\"}}]}<\/script>\n<!-- \/ Yoast SEO plugin. -->","yoast_head_json":{"title":"Alimentador de relva para pequenos animais | Fabricante de suportes de relva para coelhos - Petstar","description":"Explore o alimentador de relva para pequenos animais, o suporte de relva para coelhos, o bebedouro de relva para hamsters do fabricante de suprimentos para coelhos. A sua solu\u00e7\u00e3o comercial ideal com Petstar.","robots":{"index":"index","follow":"follow","max-snippet":"max-snippet:-1","max-image-preview":"max-image-preview:large","max-video-preview":"max-video-preview:-1"},"canonical":"https:\/\/petproducts.com.cn\/pt\/produto\/small-animal-grass-feeder-rabbit-grass-rack-hamster-grass-trough\/","og_locale":"pt_PT","og_type":"article","og_title":"Small Animal Grass Feeder | Rabbit Grass Rack Manufacturer - Petstar","og_description":"Explore small animal grass feeder, rabbit grass rack, hamster grass trough from the rabbit supplies manufacturer. Your ideal business solution with Petstar.","og_url":"https:\/\/petproducts.com.cn\/pt\/produto\/small-animal-grass-feeder-rabbit-grass-rack-hamster-grass-trough\/","og_site_name":"Petstar","article_modified_time":"2024-07-27T07:45:23+00:00","og_image":[{"width":1000,"height":1000,"url":"https:\/\/petproducts.com.cn\/wp-content\/uploads\/2024\/07\/small-animal-grass-feeder.webp","type":"image\/webp"}],"twitter_card":"summary_large_image","twitter_misc":{"Tempo estimado de leitura":"2 minutos"},"schema":{"@context":"https:\/\/schema.org","@graph":[{"@type":"WebPage","@id":"https:\/\/petproducts.com.cn\/product\/small-animal-grass-feeder-rabbit-grass-rack-hamster-grass-trough\/","url":"https:\/\/petproducts.com.cn\/product\/small-animal-grass-feeder-rabbit-grass-rack-hamster-grass-trough\/","name":"Alimentador de relva para pequenos animais | Fabricante de suportes de relva para coelhos - Petstar","isPartOf":{"@id":"https:\/\/petproducts.com.cn\/#website"},"primaryImageOfPage":{"@id":"https:\/\/petproducts.com.cn\/product\/small-animal-grass-feeder-rabbit-grass-rack-hamster-grass-trough\/#primaryimage"},"image":{"@id":"https:\/\/petproducts.com.cn\/product\/small-animal-grass-feeder-rabbit-grass-rack-hamster-grass-trough\/#primaryimage"},"thumbnailUrl":"https:\/\/petproducts.com.cn\/wp-content\/uploads\/2024\/07\/small-animal-grass-feeder.webp","datePublished":"2024-07-27T07:34:30+00:00","dateModified":"2024-07-27T07:45:23+00:00","description":"Explore o alimentador de relva para pequenos animais, o suporte de relva para coelhos, o bebedouro de relva para hamsters do fabricante de suprimentos para coelhos. A sua solu\u00e7\u00e3o comercial ideal com Petstar.","breadcrumb":{"@id":"https:\/\/petproducts.com.cn\/product\/small-animal-grass-feeder-rabbit-grass-rack-hamster-grass-trough\/#breadcrumb"},"inLanguage":"pt-PT","potentialAction":[{"@type":"ReadAction","target":["https:\/\/petproducts.com.cn\/product\/small-animal-grass-feeder-rabbit-grass-rack-hamster-grass-trough\/"]}]},{"@type":"ImageObject","inLanguage":"pt-PT","@id":"https:\/\/petproducts.com.cn\/product\/small-animal-grass-feeder-rabbit-grass-rack-hamster-grass-trough\/#primaryimage","url":"https:\/\/petproducts.com.cn\/wp-content\/uploads\/2024\/07\/small-animal-grass-feeder.webp","contentUrl":"https:\/\/petproducts.com.cn\/wp-content\/uploads\/2024\/07\/small-animal-grass-feeder.webp","width":1000,"height":1000,"caption":"small animal grass feeder"},{"@type":"BreadcrumbList","@id":"https:\/\/petproducts.com.cn\/product\/small-animal-grass-feeder-rabbit-grass-rack-hamster-grass-trough\/#breadcrumb","itemListElement":[{"@type":"ListItem","position":1,"name":"HOME","item":"https:\/\/petproducts.com.cn\/"},{"@type":"ListItem","position":2,"name":"Products","item":"https:\/\/petproducts.com.cn\/shop\/"},{"@type":"ListItem","position":3,"name":"Rabbit Supplies","item":"https:\/\/petproducts.com.cn\/product-category\/rabbit-supplies\/"},{"@type":"ListItem","position":4,"name":"Small Animal Grass Feeder Rabbit Grass Rack Hamster Grass Trough"}]},{"@type":"WebSite","@id":"https:\/\/petproducts.com.cn\/#website","url":"https:\/\/petproducts.com.cn\/","name":"Petstar","description":"Fabricante l\u00edder de artigos para animais de estima\u00e7\u00e3o e fornecedor de produtos OEM para animais de estima\u00e7\u00e3o","publisher":{"@id":"https:\/\/petproducts.com.cn\/#organization"},"alternateName":"Petstar Pet Supplies","potentialAction":[{"@type":"SearchAction","target":{"@type":"EntryPoint","urlTemplate":"https:\/\/petproducts.com.cn\/?s={search_term_string}"},"query-input":{"@type":"PropertyValueSpecification","valueRequired":true,"valueName":"search_term_string"}}],"inLanguage":"pt-PT"},{"@type":"Organization","@id":"https:\/\/petproducts.com.cn\/#organization","name":"Petstar","url":"https:\/\/petproducts.com.cn\/","logo":{"@type":"ImageObject","inLanguage":"pt-PT","@id":"https:\/\/petproducts.com.cn\/#\/schema\/logo\/image\/","url":"https:\/\/petproducts.com.cn\/wp-content\/uploads\/2020\/02\/petstar-logo.webp","contentUrl":"https:\/\/petproducts.com.cn\/wp-content\/uploads\/2020\/02\/petstar-logo.webp","width":779,"height":520,"caption":"Petstar"},"image":{"@id":"https:\/\/petproducts.com.cn\/#\/schema\/logo\/image\/"}}]}},"_links":{"self":[{"href":"https:\/\/petproducts.com.cn\/pt\/wp-json\/wp\/v2\/product\/27492","targetHints":{"allow":["GET"]}}],"collection":[{"href":"https:\/\/petproducts.com.cn\/pt\/wp-json\/wp\/v2\/product"}],"about":[{"href":"https:\/\/petproducts.com.cn\/pt\/wp-json\/wp\/v2\/types\/product"}],"version-history":[{"count":2,"href":"https:\/\/petproducts.com.cn\/pt\/wp-json\/wp\/v2\/product\/27492\/revisions"}],"predecessor-version":[{"id":27494,"href":"https:\/\/petproducts.com.cn\/pt\/wp-json\/wp\/v2\/product\/27492\/revisions\/27494"}],"wp:featuredmedia":[{"embeddable":true,"href":"https:\/\/petproducts.com.cn\/pt\/wp-json\/wp\/v2\/media\/27499"}],"wp:attachment":[{"href":"https:\/\/petproducts.com.cn\/pt\/wp-json\/wp\/v2\/media?parent=27492"}],"wp:term":[{"taxonomy":"product_brand","embeddable":true,"href":"https:\/\/petproducts.com.cn\/pt\/wp-json\/wp\/v2\/product_brand?post=27492"},{"taxonomy":"product_cat","embeddable":true,"href":"https:\/\/petproducts.com.cn\/pt\/wp-json\/wp\/v2\/product_cat?post=27492"},{"taxonomy":"product_tag","embeddable":true,"href":"https:\/\/petproducts.com.cn\/pt\/wp-json\/wp\/v2\/product_tag?post=27492"}],"curies":[{"name":"wp","href":"https:\/\/api.w.org\/{rel}","templated":true}]}}