{"id":28091,"date":"2024-08-15T01:37:29","date_gmt":"2024-08-15T01:37:29","guid":{"rendered":"https:\/\/petproducts.com.cn\/?post_type=product&#038;p=28091"},"modified":"2024-08-15T02:51:04","modified_gmt":"2024-08-15T02:51:04","slug":"puppy-dog-toy-set-4-pcs-pet-pack-plush-rope-dog-toys","status":"publish","type":"product","link":"https:\/\/petproducts.com.cn\/pt\/product\/puppy-dog-toy-set-4-pcs-pet-pack-plush-rope-dog-toys\/","title":{"rendered":"Conjunto de brinquedos para cachorros 4 pe\u00e7as de pel\u00facia para c\u00e3es"},"content":{"rendered":"<h2>Carater\u00edsticas do conjunto de brinquedos para c\u00e3es<\/h2>\n<ul>\n<li><strong>Conjunto completo:<\/strong> Este conjunto de 4 pe\u00e7as de brinquedos para cachorros inclui um cobertor macio para animais de estima\u00e7\u00e3o, um brinquedo de corda dur\u00e1vel e um brinquedo de pel\u00facia em forma de cenoura, oferecendo uma variedade de texturas e actividades para o seu cachorro.<\/li>\n<li><strong>Manta macia para animais de estima\u00e7\u00e3o:<\/strong> O cobertor inclu\u00eddo \u00e9 feito de material de pel\u00facia, proporcionando calor e conforto durante o tempo de descanso, tornando-o perfeito para se aconchegar.<\/li>\n<li><strong>Brinquedo de corda dur\u00e1vel:<\/strong> O brinquedo de corda de algod\u00e3o foi concebido para brincadeiras interactivas, permitindo-lhe participar em divertidos jogos de cabo de guerra com o seu cachorro, ajudando a refor\u00e7ar os seus la\u00e7os.<\/li>\n<li><strong>Brinquedo de peluche para cenouras:<\/strong> O ador\u00e1vel brinquedo de peluche em forma de cenoura \u00e9 perfeito para mastigar suavemente, satisfazendo o instinto natural do seu cachorro de roer, ao mesmo tempo que \u00e9 f\u00e1cil para os seus dentes.<\/li>\n<li><strong>Seguro e n\u00e3o t\u00f3xico:<\/strong> Cada artigo deste conjunto \u00e9 fabricado com materiais n\u00e3o t\u00f3xicos e seguros para animais de estima\u00e7\u00e3o, garantindo que o seu cachorro pode brincar em seguran\u00e7a sem quaisquer qu\u00edmicos nocivos.<\/li>\n<li><strong>Ideal para treino:<\/strong> O brinquedo de corda \u00e9 ideal para treinar o seu cachorro, ajudando-o a desenvolver bons h\u00e1bitos de mastiga\u00e7\u00e3o, ao mesmo tempo que lhe proporciona um escape para o excesso de energia.<\/li>\n<li><strong>Divers\u00e3o interativa:<\/strong> A variedade de brinquedos favorece as brincadeiras interactivas, essenciais para o desenvolvimento f\u00edsico e mental do seu cachorro, mantendo-o empenhado e feliz.<\/li>\n<li><strong>Port\u00e1til e f\u00e1cil de viajar:<\/strong> Este conjunto de brinquedos \u00e9 compacto e f\u00e1cil de transportar, o que o torna uma op\u00e7\u00e3o conveniente para viagens, garantindo que o seu cachorro tem entretenimento em viagem.<\/li>\n<li><strong>Cores vivas e atractivas:<\/strong> As cores vibrantes dos brinquedos s\u00e3o visualmente apelativas, estimulando o interesse do seu cachorro e encorajando-o a brincar ativamente.<\/li>\n<\/ul>","protected":false},"excerpt":{"rendered":"<p>Este conjunto de 4 pe\u00e7as de brinquedos para c\u00e3es foi concebido para manter o seu amigo peludo entretido, confort\u00e1vel e empenhado, com uma variedade de brinquedos que satisfazem diferentes estilos e necessidades de brincadeira.<\/p>","protected":false},"featured_media":28097,"template":"","meta":{"_acf_changed":false},"product_brand":[],"product_cat":[72,48],"product_tag":[196,195],"class_list":{"0":"post-28091","1":"product","2":"type-product","3":"status-publish","4":"has-post-thumbnail","6":"product_cat-dog-supplies","7":"product_cat-dog-toys","8":"product_tag-dog-supplies-set","9":"product_tag-dog-toys-set","11":"first","12":"instock","13":"shipping-taxable","14":"product-type-simple"},"acf":[],"yoast_head":"<!-- This site is optimized with the Yoast SEO plugin v27.1.1 - https:\/\/yoast.com\/product\/yoast-seo-wordpress\/ -->\n<title>Puppy Dog Toy Set | Plush Rope Dog Toys Manufacturer - Petstar<\/title>\n<meta name=\"description\" content=\"Explore Puppy Dog Toy Set from the best pet toy suppliers. Petstar is a global pet supplies manufacturer. Your ideal business solution with Petstar.\" \/>\n<meta name=\"robots\" content=\"index, follow, max-snippet:-1, max-image-preview:large, max-video-preview:-1\" \/>\n<link rel=\"canonical\" href=\"https:\/\/petproducts.com.cn\/pt\/produto\/puppy-dog-toy-set-4-pcs-pet-pack-plush-rope-dog-toys\/\" \/>\n<meta property=\"og:locale\" content=\"pt_PT\" \/>\n<meta property=\"og:type\" content=\"article\" \/>\n<meta property=\"og:title\" content=\"Puppy Dog Toy Set | Plush Rope Dog Toys Manufacturer - Petstar\" \/>\n<meta property=\"og:description\" content=\"Explore Puppy Dog Toy Set from the best pet toy suppliers. Petstar is a global pet supplies manufacturer. Your ideal business solution with Petstar.\" \/>\n<meta property=\"og:url\" content=\"https:\/\/petproducts.com.cn\/pt\/produto\/puppy-dog-toy-set-4-pcs-pet-pack-plush-rope-dog-toys\/\" \/>\n<meta property=\"og:site_name\" content=\"Petstar\" \/>\n<meta property=\"article:modified_time\" content=\"2024-08-15T02:51:04+00:00\" \/>\n<meta property=\"og:image\" content=\"https:\/\/petproducts.com.cn\/wp-content\/uploads\/2024\/08\/puppy-dog-toy-set.webp\" \/>\n\t<meta property=\"og:image:width\" content=\"800\" \/>\n\t<meta property=\"og:image:height\" content=\"800\" \/>\n\t<meta property=\"og:image:type\" content=\"image\/webp\" \/>\n<meta name=\"twitter:card\" content=\"summary_large_image\" \/>\n<meta name=\"twitter:label1\" content=\"Tempo estimado de leitura\" \/>\n\t<meta name=\"twitter:data1\" content=\"2 minutos\" \/>\n<script type=\"application\/ld+json\" class=\"yoast-schema-graph\">{\"@context\":\"https:\/\/schema.org\",\"@graph\":[{\"@type\":\"WebPage\",\"@id\":\"https:\/\/petproducts.com.cn\/product\/puppy-dog-toy-set-4-pcs-pet-pack-plush-rope-dog-toys\/\",\"url\":\"https:\/\/petproducts.com.cn\/product\/puppy-dog-toy-set-4-pcs-pet-pack-plush-rope-dog-toys\/\",\"name\":\"Puppy Dog Toy Set | Plush Rope Dog Toys Manufacturer - Petstar\",\"isPartOf\":{\"@id\":\"https:\/\/petproducts.com.cn\/#website\"},\"primaryImageOfPage\":{\"@id\":\"https:\/\/petproducts.com.cn\/product\/puppy-dog-toy-set-4-pcs-pet-pack-plush-rope-dog-toys\/#primaryimage\"},\"image\":{\"@id\":\"https:\/\/petproducts.com.cn\/product\/puppy-dog-toy-set-4-pcs-pet-pack-plush-rope-dog-toys\/#primaryimage\"},\"thumbnailUrl\":\"https:\/\/petproducts.com.cn\/wp-content\/uploads\/2024\/08\/puppy-dog-toy-set.webp\",\"datePublished\":\"2024-08-15T01:37:29+00:00\",\"dateModified\":\"2024-08-15T02:51:04+00:00\",\"description\":\"Explore Puppy Dog Toy Set from the best pet toy suppliers. Petstar is a global pet supplies manufacturer. Your ideal business solution with Petstar.\",\"breadcrumb\":{\"@id\":\"https:\/\/petproducts.com.cn\/product\/puppy-dog-toy-set-4-pcs-pet-pack-plush-rope-dog-toys\/#breadcrumb\"},\"inLanguage\":\"pt-PT\",\"potentialAction\":[{\"@type\":\"ReadAction\",\"target\":[\"https:\/\/petproducts.com.cn\/product\/puppy-dog-toy-set-4-pcs-pet-pack-plush-rope-dog-toys\/\"]}]},{\"@type\":\"ImageObject\",\"inLanguage\":\"pt-PT\",\"@id\":\"https:\/\/petproducts.com.cn\/product\/puppy-dog-toy-set-4-pcs-pet-pack-plush-rope-dog-toys\/#primaryimage\",\"url\":\"https:\/\/petproducts.com.cn\/wp-content\/uploads\/2024\/08\/puppy-dog-toy-set.webp\",\"contentUrl\":\"https:\/\/petproducts.com.cn\/wp-content\/uploads\/2024\/08\/puppy-dog-toy-set.webp\",\"width\":800,\"height\":800,\"caption\":\"puppy dog toy set\"},{\"@type\":\"BreadcrumbList\",\"@id\":\"https:\/\/petproducts.com.cn\/product\/puppy-dog-toy-set-4-pcs-pet-pack-plush-rope-dog-toys\/#breadcrumb\",\"itemListElement\":[{\"@type\":\"ListItem\",\"position\":1,\"name\":\"HOME\",\"item\":\"https:\/\/petproducts.com.cn\/\"},{\"@type\":\"ListItem\",\"position\":2,\"name\":\"Products\",\"item\":\"https:\/\/petproducts.com.cn\/shop\/\"},{\"@type\":\"ListItem\",\"position\":3,\"name\":\"Dog Toys\",\"item\":\"https:\/\/petproducts.com.cn\/product-category\/dog-toys\/\"},{\"@type\":\"ListItem\",\"position\":4,\"name\":\"Puppy Dog Toy Set 4 Pcs Pet Pack Plush Rope Dog Toys\"}]},{\"@type\":\"WebSite\",\"@id\":\"https:\/\/petproducts.com.cn\/#website\",\"url\":\"https:\/\/petproducts.com.cn\/\",\"name\":\"Petstar\",\"description\":\"Leading Pet Supplies Manufacturer &amp; OEM Pet Products Supplier\",\"publisher\":{\"@id\":\"https:\/\/petproducts.com.cn\/#organization\"},\"alternateName\":\"Petstar Pet Supplies\",\"potentialAction\":[{\"@type\":\"SearchAction\",\"target\":{\"@type\":\"EntryPoint\",\"urlTemplate\":\"https:\/\/petproducts.com.cn\/?s={search_term_string}\"},\"query-input\":{\"@type\":\"PropertyValueSpecification\",\"valueRequired\":true,\"valueName\":\"search_term_string\"}}],\"inLanguage\":\"pt-PT\"},{\"@type\":\"Organization\",\"@id\":\"https:\/\/petproducts.com.cn\/#organization\",\"name\":\"Petstar\",\"url\":\"https:\/\/petproducts.com.cn\/\",\"logo\":{\"@type\":\"ImageObject\",\"inLanguage\":\"pt-PT\",\"@id\":\"https:\/\/petproducts.com.cn\/#\/schema\/logo\/image\/\",\"url\":\"https:\/\/petproducts.com.cn\/wp-content\/uploads\/2020\/02\/petstar-logo.webp\",\"contentUrl\":\"https:\/\/petproducts.com.cn\/wp-content\/uploads\/2020\/02\/petstar-logo.webp\",\"width\":779,\"height\":520,\"caption\":\"Petstar\"},\"image\":{\"@id\":\"https:\/\/petproducts.com.cn\/#\/schema\/logo\/image\/\"}}]}<\/script>\n<!-- \/ Yoast SEO plugin. -->","yoast_head_json":{"title":"Conjunto de brinquedos para cachorros | Brinquedos de peluche com corda Fabricante - Petstar","description":"Explore o conjunto de brinquedos para cachorros dos melhores fornecedores de brinquedos para animais de estima\u00e7\u00e3o. Petstar \u00e9 um fabricante mundial de artigos para animais de estima\u00e7\u00e3o. A sua solu\u00e7\u00e3o de neg\u00f3cio ideal com Petstar.","robots":{"index":"index","follow":"follow","max-snippet":"max-snippet:-1","max-image-preview":"max-image-preview:large","max-video-preview":"max-video-preview:-1"},"canonical":"https:\/\/petproducts.com.cn\/pt\/produto\/puppy-dog-toy-set-4-pcs-pet-pack-plush-rope-dog-toys\/","og_locale":"pt_PT","og_type":"article","og_title":"Puppy Dog Toy Set | Plush Rope Dog Toys Manufacturer - Petstar","og_description":"Explore Puppy Dog Toy Set from the best pet toy suppliers. Petstar is a global pet supplies manufacturer. Your ideal business solution with Petstar.","og_url":"https:\/\/petproducts.com.cn\/pt\/produto\/puppy-dog-toy-set-4-pcs-pet-pack-plush-rope-dog-toys\/","og_site_name":"Petstar","article_modified_time":"2024-08-15T02:51:04+00:00","og_image":[{"width":800,"height":800,"url":"https:\/\/petproducts.com.cn\/wp-content\/uploads\/2024\/08\/puppy-dog-toy-set.webp","type":"image\/webp"}],"twitter_card":"summary_large_image","twitter_misc":{"Tempo estimado de leitura":"2 minutos"},"schema":{"@context":"https:\/\/schema.org","@graph":[{"@type":"WebPage","@id":"https:\/\/petproducts.com.cn\/product\/puppy-dog-toy-set-4-pcs-pet-pack-plush-rope-dog-toys\/","url":"https:\/\/petproducts.com.cn\/product\/puppy-dog-toy-set-4-pcs-pet-pack-plush-rope-dog-toys\/","name":"Conjunto de brinquedos para cachorros | Brinquedos de peluche com corda Fabricante - Petstar","isPartOf":{"@id":"https:\/\/petproducts.com.cn\/#website"},"primaryImageOfPage":{"@id":"https:\/\/petproducts.com.cn\/product\/puppy-dog-toy-set-4-pcs-pet-pack-plush-rope-dog-toys\/#primaryimage"},"image":{"@id":"https:\/\/petproducts.com.cn\/product\/puppy-dog-toy-set-4-pcs-pet-pack-plush-rope-dog-toys\/#primaryimage"},"thumbnailUrl":"https:\/\/petproducts.com.cn\/wp-content\/uploads\/2024\/08\/puppy-dog-toy-set.webp","datePublished":"2024-08-15T01:37:29+00:00","dateModified":"2024-08-15T02:51:04+00:00","description":"Explore o conjunto de brinquedos para cachorros dos melhores fornecedores de brinquedos para animais de estima\u00e7\u00e3o. Petstar \u00e9 um fabricante mundial de artigos para animais de estima\u00e7\u00e3o. A sua solu\u00e7\u00e3o de neg\u00f3cio ideal com Petstar.","breadcrumb":{"@id":"https:\/\/petproducts.com.cn\/product\/puppy-dog-toy-set-4-pcs-pet-pack-plush-rope-dog-toys\/#breadcrumb"},"inLanguage":"pt-PT","potentialAction":[{"@type":"ReadAction","target":["https:\/\/petproducts.com.cn\/product\/puppy-dog-toy-set-4-pcs-pet-pack-plush-rope-dog-toys\/"]}]},{"@type":"ImageObject","inLanguage":"pt-PT","@id":"https:\/\/petproducts.com.cn\/product\/puppy-dog-toy-set-4-pcs-pet-pack-plush-rope-dog-toys\/#primaryimage","url":"https:\/\/petproducts.com.cn\/wp-content\/uploads\/2024\/08\/puppy-dog-toy-set.webp","contentUrl":"https:\/\/petproducts.com.cn\/wp-content\/uploads\/2024\/08\/puppy-dog-toy-set.webp","width":800,"height":800,"caption":"puppy dog toy set"},{"@type":"BreadcrumbList","@id":"https:\/\/petproducts.com.cn\/product\/puppy-dog-toy-set-4-pcs-pet-pack-plush-rope-dog-toys\/#breadcrumb","itemListElement":[{"@type":"ListItem","position":1,"name":"HOME","item":"https:\/\/petproducts.com.cn\/"},{"@type":"ListItem","position":2,"name":"Products","item":"https:\/\/petproducts.com.cn\/shop\/"},{"@type":"ListItem","position":3,"name":"Dog Toys","item":"https:\/\/petproducts.com.cn\/product-category\/dog-toys\/"},{"@type":"ListItem","position":4,"name":"Puppy Dog Toy Set 4 Pcs Pet Pack Plush Rope Dog Toys"}]},{"@type":"WebSite","@id":"https:\/\/petproducts.com.cn\/#website","url":"https:\/\/petproducts.com.cn\/","name":"Petstar","description":"Fabricante l\u00edder de artigos para animais de estima\u00e7\u00e3o e fornecedor de produtos OEM para animais de estima\u00e7\u00e3o","publisher":{"@id":"https:\/\/petproducts.com.cn\/#organization"},"alternateName":"Petstar Pet Supplies","potentialAction":[{"@type":"SearchAction","target":{"@type":"EntryPoint","urlTemplate":"https:\/\/petproducts.com.cn\/?s={search_term_string}"},"query-input":{"@type":"PropertyValueSpecification","valueRequired":true,"valueName":"search_term_string"}}],"inLanguage":"pt-PT"},{"@type":"Organization","@id":"https:\/\/petproducts.com.cn\/#organization","name":"Petstar","url":"https:\/\/petproducts.com.cn\/","logo":{"@type":"ImageObject","inLanguage":"pt-PT","@id":"https:\/\/petproducts.com.cn\/#\/schema\/logo\/image\/","url":"https:\/\/petproducts.com.cn\/wp-content\/uploads\/2020\/02\/petstar-logo.webp","contentUrl":"https:\/\/petproducts.com.cn\/wp-content\/uploads\/2020\/02\/petstar-logo.webp","width":779,"height":520,"caption":"Petstar"},"image":{"@id":"https:\/\/petproducts.com.cn\/#\/schema\/logo\/image\/"}}]}},"_links":{"self":[{"href":"https:\/\/petproducts.com.cn\/pt\/wp-json\/wp\/v2\/product\/28091","targetHints":{"allow":["GET"]}}],"collection":[{"href":"https:\/\/petproducts.com.cn\/pt\/wp-json\/wp\/v2\/product"}],"about":[{"href":"https:\/\/petproducts.com.cn\/pt\/wp-json\/wp\/v2\/types\/product"}],"version-history":[{"count":2,"href":"https:\/\/petproducts.com.cn\/pt\/wp-json\/wp\/v2\/product\/28091\/revisions"}],"predecessor-version":[{"id":28093,"href":"https:\/\/petproducts.com.cn\/pt\/wp-json\/wp\/v2\/product\/28091\/revisions\/28093"}],"wp:featuredmedia":[{"embeddable":true,"href":"https:\/\/petproducts.com.cn\/pt\/wp-json\/wp\/v2\/media\/28097"}],"wp:attachment":[{"href":"https:\/\/petproducts.com.cn\/pt\/wp-json\/wp\/v2\/media?parent=28091"}],"wp:term":[{"taxonomy":"product_brand","embeddable":true,"href":"https:\/\/petproducts.com.cn\/pt\/wp-json\/wp\/v2\/product_brand?post=28091"},{"taxonomy":"product_cat","embeddable":true,"href":"https:\/\/petproducts.com.cn\/pt\/wp-json\/wp\/v2\/product_cat?post=28091"},{"taxonomy":"product_tag","embeddable":true,"href":"https:\/\/petproducts.com.cn\/pt\/wp-json\/wp\/v2\/product_tag?post=28091"}],"curies":[{"name":"wp","href":"https:\/\/api.w.org\/{rel}","templated":true}]}}