{"id":28109,"date":"2024-08-19T01:45:24","date_gmt":"2024-08-19T01:45:24","guid":{"rendered":"https:\/\/petproducts.com.cn\/?post_type=product&#038;p=28109"},"modified":"2024-09-03T05:30:58","modified_gmt":"2024-09-03T05:30:58","slug":"halloween-cat-cardboard-pet-cat-scratch-board","status":"publish","type":"product","link":"https:\/\/petproducts.com.cn\/pt\/product\/halloween-cat-cardboard-pet-cat-scratch-board\/","title":{"rendered":"Quadro de raspar para gatos de Halloween em cart\u00e3o"},"content":{"rendered":"<h2>Carater\u00edsticas do cart\u00e3o de gato do Dia das Bruxas<\/h2>\n<ul>\n<li><strong>Desenho de caix\u00e3o com tema de Halloween:<\/strong> Celebre a \u00e9poca assustadora com um cart\u00e3o para gatos do Dia das Bruxas que tamb\u00e9m serve de decora\u00e7\u00e3o para o Dia das Bruxas. A forma \u00fanica do caix\u00e3o n\u00e3o \u00e9 apenas atractiva, mas tamb\u00e9m funcional, proporcionando aos seus gatos uma \u00e1rea grande e dedicada para arranhar e brincar.<\/li>\n<li><strong>Irresist\u00edvel Catnip inclu\u00eddo:<\/strong> Para tornar este quadro de arranhar ainda mais atrativo, \u00e9 fornecido com um pacote de erva-dos-gatos. Polvilhe a erva-dos-gatos no quadro para atrair instantaneamente os seus gatos, assegurando que eles ficar\u00e3o entusiasmados em us\u00e1-lo imediatamente.<\/li>\n<li><strong>Constru\u00e7\u00e3o dur\u00e1vel:<\/strong> Fabricado em cart\u00e3o denso e de alta qualidade, este quadro de arranhar foi concebido para resistir \u00e0s sess\u00f5es de arranhar mais duras. Os seus gatos podem desfrutar de arranh\u00f5es intermin\u00e1veis sem que o quadro se desgaste facilmente, tornando-o uma adi\u00e7\u00e3o duradoura \u00e0 sua casa.<\/li>\n<li><strong>Promove a manuten\u00e7\u00e3o saud\u00e1vel das unhas:<\/strong> Arranhar \u00e9 um comportamento natural dos gatos, e esta t\u00e1bua proporciona uma sa\u00edda perfeita para o mesmo. A utiliza\u00e7\u00e3o regular ajuda os gatos a manter as garras saud\u00e1veis, reduzindo a probabilidade de unhas crescidas e a possibilidade de danificar os seus m\u00f3veis.<\/li>\n<\/ul>","protected":false},"excerpt":{"rendered":"<p>Fa\u00e7a com que os seus amigos felinos entrem no esp\u00edrito do Dia das Bruxas com este quadro de raspar para gatos com um design criativo. Com uma forma de caix\u00e3o assustador e enriquecido com erva-dos-gatos, este quadro de raspar \u00e9 perfeito para cativar os seus gatos e dar um toque festivo \u00e0 decora\u00e7\u00e3o da sua casa.<\/p>","protected":false},"featured_media":28116,"template":"","meta":{"_acf_changed":false},"product_brand":[],"product_cat":[71,81],"product_tag":[209,198,210],"class_list":{"0":"post-28109","1":"product","2":"type-product","3":"status-publish","4":"has-post-thumbnail","6":"product_cat-cat-supplies","7":"product_cat-cat-toys","8":"product_tag-cat-cardboard","9":"product_tag-halloween-pet-supplies","10":"product_tag-halloween-pet-toys","12":"first","13":"instock","14":"shipping-taxable","15":"product-type-simple"},"acf":[],"yoast_head":"<!-- This site is optimized with the Yoast SEO plugin v27.1.1 - https:\/\/yoast.com\/product\/yoast-seo-wordpress\/ -->\n<title>Halloween Cat Cardboard | Cat Scratch Board Manufacturer - Petstar<\/title>\n<meta name=\"description\" content=\"Explore Halloween Cat Cardboard from the best pet supplier. Petstar is a global pet supplies manufacturer. Your ideal business solution with Petstar.\" \/>\n<meta name=\"robots\" content=\"index, follow, max-snippet:-1, max-image-preview:large, max-video-preview:-1\" \/>\n<link rel=\"canonical\" href=\"https:\/\/petproducts.com.cn\/pt\/produto\/halloween-cat-cardboard-pet-cat-scratch-board\/\" \/>\n<meta property=\"og:locale\" content=\"pt_PT\" \/>\n<meta property=\"og:type\" content=\"article\" \/>\n<meta property=\"og:title\" content=\"Halloween Cat Cardboard | Cat Scratch Board Manufacturer - Petstar\" \/>\n<meta property=\"og:description\" content=\"Explore Halloween Cat Cardboard from the best pet supplier. Petstar is a global pet supplies manufacturer. Your ideal business solution with Petstar.\" \/>\n<meta property=\"og:url\" content=\"https:\/\/petproducts.com.cn\/pt\/produto\/halloween-cat-cardboard-pet-cat-scratch-board\/\" \/>\n<meta property=\"og:site_name\" content=\"Petstar\" \/>\n<meta property=\"article:modified_time\" content=\"2024-09-03T05:30:58+00:00\" \/>\n<meta property=\"og:image\" content=\"https:\/\/petproducts.com.cn\/wp-content\/uploads\/2024\/08\/Halloween-Cat-Cardboard.webp\" \/>\n\t<meta property=\"og:image:width\" content=\"1000\" \/>\n\t<meta property=\"og:image:height\" content=\"1000\" \/>\n\t<meta property=\"og:image:type\" content=\"image\/webp\" \/>\n<meta name=\"twitter:card\" content=\"summary_large_image\" \/>\n<meta name=\"twitter:label1\" content=\"Tempo estimado de leitura\" \/>\n\t<meta name=\"twitter:data1\" content=\"1 minuto\" \/>\n<script type=\"application\/ld+json\" class=\"yoast-schema-graph\">{\"@context\":\"https:\/\/schema.org\",\"@graph\":[{\"@type\":\"WebPage\",\"@id\":\"https:\/\/petproducts.com.cn\/product\/halloween-cat-cardboard-pet-cat-scratch-board\/\",\"url\":\"https:\/\/petproducts.com.cn\/product\/halloween-cat-cardboard-pet-cat-scratch-board\/\",\"name\":\"Halloween Cat Cardboard | Cat Scratch Board Manufacturer - Petstar\",\"isPartOf\":{\"@id\":\"https:\/\/petproducts.com.cn\/#website\"},\"primaryImageOfPage\":{\"@id\":\"https:\/\/petproducts.com.cn\/product\/halloween-cat-cardboard-pet-cat-scratch-board\/#primaryimage\"},\"image\":{\"@id\":\"https:\/\/petproducts.com.cn\/product\/halloween-cat-cardboard-pet-cat-scratch-board\/#primaryimage\"},\"thumbnailUrl\":\"https:\/\/petproducts.com.cn\/wp-content\/uploads\/2024\/08\/Halloween-Cat-Cardboard.webp\",\"datePublished\":\"2024-08-19T01:45:24+00:00\",\"dateModified\":\"2024-09-03T05:30:58+00:00\",\"description\":\"Explore Halloween Cat Cardboard from the best pet supplier. Petstar is a global pet supplies manufacturer. Your ideal business solution with Petstar.\",\"breadcrumb\":{\"@id\":\"https:\/\/petproducts.com.cn\/product\/halloween-cat-cardboard-pet-cat-scratch-board\/#breadcrumb\"},\"inLanguage\":\"pt-PT\",\"potentialAction\":[{\"@type\":\"ReadAction\",\"target\":[\"https:\/\/petproducts.com.cn\/product\/halloween-cat-cardboard-pet-cat-scratch-board\/\"]}]},{\"@type\":\"ImageObject\",\"inLanguage\":\"pt-PT\",\"@id\":\"https:\/\/petproducts.com.cn\/product\/halloween-cat-cardboard-pet-cat-scratch-board\/#primaryimage\",\"url\":\"https:\/\/petproducts.com.cn\/wp-content\/uploads\/2024\/08\/Halloween-Cat-Cardboard.webp\",\"contentUrl\":\"https:\/\/petproducts.com.cn\/wp-content\/uploads\/2024\/08\/Halloween-Cat-Cardboard.webp\",\"width\":1000,\"height\":1000,\"caption\":\"Halloween Cat Cardboard\"},{\"@type\":\"BreadcrumbList\",\"@id\":\"https:\/\/petproducts.com.cn\/product\/halloween-cat-cardboard-pet-cat-scratch-board\/#breadcrumb\",\"itemListElement\":[{\"@type\":\"ListItem\",\"position\":1,\"name\":\"HOME\",\"item\":\"https:\/\/petproducts.com.cn\/\"},{\"@type\":\"ListItem\",\"position\":2,\"name\":\"Products\",\"item\":\"https:\/\/petproducts.com.cn\/shop\/\"},{\"@type\":\"ListItem\",\"position\":3,\"name\":\"Cat Toys\",\"item\":\"https:\/\/petproducts.com.cn\/product-category\/cat-toys\/\"},{\"@type\":\"ListItem\",\"position\":4,\"name\":\"Halloween Cat Cardboard Pet Cat Scratch Board\"}]},{\"@type\":\"WebSite\",\"@id\":\"https:\/\/petproducts.com.cn\/#website\",\"url\":\"https:\/\/petproducts.com.cn\/\",\"name\":\"Petstar\",\"description\":\"Leading Pet Supplies Manufacturer &amp; OEM Pet Products Supplier\",\"publisher\":{\"@id\":\"https:\/\/petproducts.com.cn\/#organization\"},\"alternateName\":\"Petstar Pet Supplies\",\"potentialAction\":[{\"@type\":\"SearchAction\",\"target\":{\"@type\":\"EntryPoint\",\"urlTemplate\":\"https:\/\/petproducts.com.cn\/?s={search_term_string}\"},\"query-input\":{\"@type\":\"PropertyValueSpecification\",\"valueRequired\":true,\"valueName\":\"search_term_string\"}}],\"inLanguage\":\"pt-PT\"},{\"@type\":\"Organization\",\"@id\":\"https:\/\/petproducts.com.cn\/#organization\",\"name\":\"Petstar\",\"url\":\"https:\/\/petproducts.com.cn\/\",\"logo\":{\"@type\":\"ImageObject\",\"inLanguage\":\"pt-PT\",\"@id\":\"https:\/\/petproducts.com.cn\/#\/schema\/logo\/image\/\",\"url\":\"https:\/\/petproducts.com.cn\/wp-content\/uploads\/2020\/02\/petstar-logo.webp\",\"contentUrl\":\"https:\/\/petproducts.com.cn\/wp-content\/uploads\/2020\/02\/petstar-logo.webp\",\"width\":779,\"height\":520,\"caption\":\"Petstar\"},\"image\":{\"@id\":\"https:\/\/petproducts.com.cn\/#\/schema\/logo\/image\/\"}}]}<\/script>\n<!-- \/ Yoast SEO plugin. -->","yoast_head_json":{"title":"Cart\u00e3o para gatos Halloween | Raspadinha para gatos Fabricante - Petstar","description":"Explore o Halloween Cat Cardboard do melhor fornecedor de animais de estima\u00e7\u00e3o. Petstar \u00e9 um fabricante mundial de artigos para animais de estima\u00e7\u00e3o. A sua solu\u00e7\u00e3o de neg\u00f3cio ideal com Petstar.","robots":{"index":"index","follow":"follow","max-snippet":"max-snippet:-1","max-image-preview":"max-image-preview:large","max-video-preview":"max-video-preview:-1"},"canonical":"https:\/\/petproducts.com.cn\/pt\/produto\/halloween-cat-cardboard-pet-cat-scratch-board\/","og_locale":"pt_PT","og_type":"article","og_title":"Halloween Cat Cardboard | Cat Scratch Board Manufacturer - Petstar","og_description":"Explore Halloween Cat Cardboard from the best pet supplier. Petstar is a global pet supplies manufacturer. Your ideal business solution with Petstar.","og_url":"https:\/\/petproducts.com.cn\/pt\/produto\/halloween-cat-cardboard-pet-cat-scratch-board\/","og_site_name":"Petstar","article_modified_time":"2024-09-03T05:30:58+00:00","og_image":[{"width":1000,"height":1000,"url":"https:\/\/petproducts.com.cn\/wp-content\/uploads\/2024\/08\/Halloween-Cat-Cardboard.webp","type":"image\/webp"}],"twitter_card":"summary_large_image","twitter_misc":{"Tempo estimado de leitura":"1 minuto"},"schema":{"@context":"https:\/\/schema.org","@graph":[{"@type":"WebPage","@id":"https:\/\/petproducts.com.cn\/product\/halloween-cat-cardboard-pet-cat-scratch-board\/","url":"https:\/\/petproducts.com.cn\/product\/halloween-cat-cardboard-pet-cat-scratch-board\/","name":"Cart\u00e3o para gatos Halloween | Raspadinha para gatos Fabricante - Petstar","isPartOf":{"@id":"https:\/\/petproducts.com.cn\/#website"},"primaryImageOfPage":{"@id":"https:\/\/petproducts.com.cn\/product\/halloween-cat-cardboard-pet-cat-scratch-board\/#primaryimage"},"image":{"@id":"https:\/\/petproducts.com.cn\/product\/halloween-cat-cardboard-pet-cat-scratch-board\/#primaryimage"},"thumbnailUrl":"https:\/\/petproducts.com.cn\/wp-content\/uploads\/2024\/08\/Halloween-Cat-Cardboard.webp","datePublished":"2024-08-19T01:45:24+00:00","dateModified":"2024-09-03T05:30:58+00:00","description":"Explore o Halloween Cat Cardboard do melhor fornecedor de animais de estima\u00e7\u00e3o. Petstar \u00e9 um fabricante mundial de artigos para animais de estima\u00e7\u00e3o. A sua solu\u00e7\u00e3o de neg\u00f3cio ideal com Petstar.","breadcrumb":{"@id":"https:\/\/petproducts.com.cn\/product\/halloween-cat-cardboard-pet-cat-scratch-board\/#breadcrumb"},"inLanguage":"pt-PT","potentialAction":[{"@type":"ReadAction","target":["https:\/\/petproducts.com.cn\/product\/halloween-cat-cardboard-pet-cat-scratch-board\/"]}]},{"@type":"ImageObject","inLanguage":"pt-PT","@id":"https:\/\/petproducts.com.cn\/product\/halloween-cat-cardboard-pet-cat-scratch-board\/#primaryimage","url":"https:\/\/petproducts.com.cn\/wp-content\/uploads\/2024\/08\/Halloween-Cat-Cardboard.webp","contentUrl":"https:\/\/petproducts.com.cn\/wp-content\/uploads\/2024\/08\/Halloween-Cat-Cardboard.webp","width":1000,"height":1000,"caption":"Halloween Cat Cardboard"},{"@type":"BreadcrumbList","@id":"https:\/\/petproducts.com.cn\/product\/halloween-cat-cardboard-pet-cat-scratch-board\/#breadcrumb","itemListElement":[{"@type":"ListItem","position":1,"name":"HOME","item":"https:\/\/petproducts.com.cn\/"},{"@type":"ListItem","position":2,"name":"Products","item":"https:\/\/petproducts.com.cn\/shop\/"},{"@type":"ListItem","position":3,"name":"Cat Toys","item":"https:\/\/petproducts.com.cn\/product-category\/cat-toys\/"},{"@type":"ListItem","position":4,"name":"Halloween Cat Cardboard Pet Cat Scratch Board"}]},{"@type":"WebSite","@id":"https:\/\/petproducts.com.cn\/#website","url":"https:\/\/petproducts.com.cn\/","name":"Petstar","description":"Fabricante l\u00edder de artigos para animais de estima\u00e7\u00e3o e fornecedor de produtos OEM para animais de estima\u00e7\u00e3o","publisher":{"@id":"https:\/\/petproducts.com.cn\/#organization"},"alternateName":"Petstar Pet Supplies","potentialAction":[{"@type":"SearchAction","target":{"@type":"EntryPoint","urlTemplate":"https:\/\/petproducts.com.cn\/?s={search_term_string}"},"query-input":{"@type":"PropertyValueSpecification","valueRequired":true,"valueName":"search_term_string"}}],"inLanguage":"pt-PT"},{"@type":"Organization","@id":"https:\/\/petproducts.com.cn\/#organization","name":"Petstar","url":"https:\/\/petproducts.com.cn\/","logo":{"@type":"ImageObject","inLanguage":"pt-PT","@id":"https:\/\/petproducts.com.cn\/#\/schema\/logo\/image\/","url":"https:\/\/petproducts.com.cn\/wp-content\/uploads\/2020\/02\/petstar-logo.webp","contentUrl":"https:\/\/petproducts.com.cn\/wp-content\/uploads\/2020\/02\/petstar-logo.webp","width":779,"height":520,"caption":"Petstar"},"image":{"@id":"https:\/\/petproducts.com.cn\/#\/schema\/logo\/image\/"}}]}},"_links":{"self":[{"href":"https:\/\/petproducts.com.cn\/pt\/wp-json\/wp\/v2\/product\/28109","targetHints":{"allow":["GET"]}}],"collection":[{"href":"https:\/\/petproducts.com.cn\/pt\/wp-json\/wp\/v2\/product"}],"about":[{"href":"https:\/\/petproducts.com.cn\/pt\/wp-json\/wp\/v2\/types\/product"}],"version-history":[{"count":2,"href":"https:\/\/petproducts.com.cn\/pt\/wp-json\/wp\/v2\/product\/28109\/revisions"}],"predecessor-version":[{"id":28111,"href":"https:\/\/petproducts.com.cn\/pt\/wp-json\/wp\/v2\/product\/28109\/revisions\/28111"}],"wp:featuredmedia":[{"embeddable":true,"href":"https:\/\/petproducts.com.cn\/pt\/wp-json\/wp\/v2\/media\/28116"}],"wp:attachment":[{"href":"https:\/\/petproducts.com.cn\/pt\/wp-json\/wp\/v2\/media?parent=28109"}],"wp:term":[{"taxonomy":"product_brand","embeddable":true,"href":"https:\/\/petproducts.com.cn\/pt\/wp-json\/wp\/v2\/product_brand?post=28109"},{"taxonomy":"product_cat","embeddable":true,"href":"https:\/\/petproducts.com.cn\/pt\/wp-json\/wp\/v2\/product_cat?post=28109"},{"taxonomy":"product_tag","embeddable":true,"href":"https:\/\/petproducts.com.cn\/pt\/wp-json\/wp\/v2\/product_tag?post=28109"}],"curies":[{"name":"wp","href":"https:\/\/api.w.org\/{rel}","templated":true}]}}