{"id":28557,"date":"2024-08-28T07:36:45","date_gmt":"2024-08-28T07:36:45","guid":{"rendered":"https:\/\/petproducts.com.cn\/?post_type=product&#038;p=28557"},"modified":"2024-08-28T08:25:04","modified_gmt":"2024-08-28T08:25:04","slug":"cat-condo-bed-sisal-plant-cat-tree-scratcher-ball-cat-mushroom-house","status":"publish","type":"product","link":"https:\/\/petproducts.com.cn\/pt\/product\/cat-condo-bed-sisal-plant-cat-tree-scratcher-ball-cat-mushroom-house\/","title":{"rendered":"Cama para gatos Cama para gatos Sisal Planta \u00c1rvore para gatos Arranhador Bola Casa para gatos Cogumelo"},"content":{"rendered":"<h2>Carater\u00edsticas da Cama Cat Condo<\/h2>\n<ul>\n<li><strong>Design caprichoso de cogumelos:<\/strong> Vai adorar a forma encantadora de cogumelo deste contentor para gatos. Traz um toque de natureza para a sua casa, oferecendo ao seu gato um local divertido e visualmente apelativo para brincar e descansar.<\/li>\n<li><strong>Casa de gato acolhedora:<\/strong> O seu gato sentir-se-\u00e1 seguro e aconchegado na casa para gatos incorporada. Este espa\u00e7o fechado proporciona um retiro tranquilo para a sesta, dando ao seu gato uma sensa\u00e7\u00e3o de seguran\u00e7a e privacidade sempre que precisar de uma pausa nas brincadeiras.<\/li>\n<li><strong>Posto de co\u00e7ar coberto de sisal:<\/strong> Pode ajudar o seu gato a manter as garras saud\u00e1veis com o poste para co\u00e7ar coberto de sisal no topo. Este material natural \u00e9 perfeito para arranhar, mantendo as garras do seu gato aparadas e satisfazendo o seu instinto de arranhar.<\/li>\n<li><strong>Bola de pel\u00facia interactiva:<\/strong> O seu gato ficar\u00e1 entretido durante horas com a bola de peluche pendurada. Esta balan\u00e7a no topo do cogumelo, incentivando o seu gato a bater e a persegui-la, o que contribui para a experi\u00eancia l\u00fadica geral do condom\u00ednio.<\/li>\n<li><strong>Constru\u00e7\u00e3o dur\u00e1vel e est\u00e1vel:<\/strong> Apreciar\u00e1 a constru\u00e7\u00e3o s\u00f3lida desta cama de condom\u00ednio para gatos. O seu design robusto garante estabilidade, evitando qualquer oscila\u00e7\u00e3o ou inclina\u00e7\u00e3o, para que o seu gato possa brincar com seguran\u00e7a e confian\u00e7a.<\/li>\n<li><strong>Perfeito para espa\u00e7os pequenos:<\/strong> Esta casa cogumelo para gatos \u00e9 ideal para qualquer casa, grande ou pequena. O seu tamanho compacto permite-lhe coloc\u00e1-la em qualquer divis\u00e3o sem ocupar muito espa\u00e7o, tornando-a uma adi\u00e7\u00e3o vers\u00e1til ao ambiente do seu gato.<\/li>\n<\/ul>\n<p style=\"text-align: center;\"><em><strong>Para mais informa\u00e7\u00f5es <a href=\"https:\/\/petproducts.com.cn\/pt\/wholesale-cat-trees\/\">\u00e1rvores de gato<\/a><\/strong><\/em><em><strong>, por favor <a href=\"https:\/\/petproducts.com.cn\/pt\/contactar-nos\/\">Contate-nos<\/a>!<\/strong><\/em><\/p>","protected":false},"excerpt":{"rendered":"<p>Transforme o tempo de brincadeira do seu gato com a Cama Cat Condo, com um design caprichoso de cogumelo, arranhador coberto de sisal, casa de gato acolhedora e bola de pel\u00facia pendurada.<\/p>","protected":false},"featured_media":28560,"template":"","meta":{"_acf_changed":false},"product_brand":[],"product_cat":[58,71,47],"product_tag":[206,203,197],"class_list":{"0":"post-28557","1":"product","2":"type-product","3":"status-publish","4":"has-post-thumbnail","6":"product_cat-cat-beds","7":"product_cat-cat-supplies","8":"product_cat-cat-trees-furniture","9":"product_tag-cat-trees","10":"product_tag-pet-beds","11":"product_tag-pet-cave-beds","13":"first","14":"instock","15":"shipping-taxable","16":"product-type-simple"},"acf":[],"yoast_head":"<!-- This site is optimized with the Yoast SEO plugin v27.1.1 - https:\/\/yoast.com\/product\/yoast-seo-wordpress\/ -->\n<title>Cat Condo Bed | Cat Tree House Manufacturer- Petstar<\/title>\n<meta name=\"description\" content=\"Explore Cat Condo Bed from the best pet products supplier. Petstar is a global pet supplies manufacturer. Your ideal business solution with Petstar.\" \/>\n<meta name=\"robots\" content=\"index, follow, max-snippet:-1, max-image-preview:large, max-video-preview:-1\" \/>\n<link rel=\"canonical\" href=\"https:\/\/petproducts.com.cn\/pt\/produto\/cat-condo-bed-sisal-plant-cat-tree-scratcher-ball-cat-mushroom-house\/\" \/>\n<meta property=\"og:locale\" content=\"pt_PT\" \/>\n<meta property=\"og:type\" content=\"article\" \/>\n<meta property=\"og:title\" content=\"Cat Condo Bed | Cat Tree House Manufacturer- Petstar\" \/>\n<meta property=\"og:description\" content=\"Explore Cat Condo Bed from the best pet products supplier. Petstar is a global pet supplies manufacturer. Your ideal business solution with Petstar.\" \/>\n<meta property=\"og:url\" content=\"https:\/\/petproducts.com.cn\/pt\/produto\/cat-condo-bed-sisal-plant-cat-tree-scratcher-ball-cat-mushroom-house\/\" \/>\n<meta property=\"og:site_name\" content=\"Petstar\" \/>\n<meta property=\"article:modified_time\" content=\"2024-08-28T08:25:04+00:00\" \/>\n<meta property=\"og:image\" content=\"https:\/\/petproducts.com.cn\/wp-content\/uploads\/2024\/08\/Cat-Condo-Bed.webp\" \/>\n\t<meta property=\"og:image:width\" content=\"1000\" \/>\n\t<meta property=\"og:image:height\" content=\"1000\" \/>\n\t<meta property=\"og:image:type\" content=\"image\/webp\" \/>\n<meta name=\"twitter:card\" content=\"summary_large_image\" \/>\n<meta name=\"twitter:label1\" content=\"Tempo estimado de leitura\" \/>\n\t<meta name=\"twitter:data1\" content=\"2 minutos\" \/>\n<script type=\"application\/ld+json\" class=\"yoast-schema-graph\">{\"@context\":\"https:\/\/schema.org\",\"@graph\":[{\"@type\":\"WebPage\",\"@id\":\"https:\/\/petproducts.com.cn\/product\/cat-condo-bed-sisal-plant-cat-tree-scratcher-ball-cat-mushroom-house\/\",\"url\":\"https:\/\/petproducts.com.cn\/product\/cat-condo-bed-sisal-plant-cat-tree-scratcher-ball-cat-mushroom-house\/\",\"name\":\"Cat Condo Bed | Cat Tree House Manufacturer- Petstar\",\"isPartOf\":{\"@id\":\"https:\/\/petproducts.com.cn\/#website\"},\"primaryImageOfPage\":{\"@id\":\"https:\/\/petproducts.com.cn\/product\/cat-condo-bed-sisal-plant-cat-tree-scratcher-ball-cat-mushroom-house\/#primaryimage\"},\"image\":{\"@id\":\"https:\/\/petproducts.com.cn\/product\/cat-condo-bed-sisal-plant-cat-tree-scratcher-ball-cat-mushroom-house\/#primaryimage\"},\"thumbnailUrl\":\"https:\/\/petproducts.com.cn\/wp-content\/uploads\/2024\/08\/Cat-Condo-Bed.webp\",\"datePublished\":\"2024-08-28T07:36:45+00:00\",\"dateModified\":\"2024-08-28T08:25:04+00:00\",\"description\":\"Explore Cat Condo Bed from the best pet products supplier. Petstar is a global pet supplies manufacturer. Your ideal business solution with Petstar.\",\"breadcrumb\":{\"@id\":\"https:\/\/petproducts.com.cn\/product\/cat-condo-bed-sisal-plant-cat-tree-scratcher-ball-cat-mushroom-house\/#breadcrumb\"},\"inLanguage\":\"pt-PT\",\"potentialAction\":[{\"@type\":\"ReadAction\",\"target\":[\"https:\/\/petproducts.com.cn\/product\/cat-condo-bed-sisal-plant-cat-tree-scratcher-ball-cat-mushroom-house\/\"]}]},{\"@type\":\"ImageObject\",\"inLanguage\":\"pt-PT\",\"@id\":\"https:\/\/petproducts.com.cn\/product\/cat-condo-bed-sisal-plant-cat-tree-scratcher-ball-cat-mushroom-house\/#primaryimage\",\"url\":\"https:\/\/petproducts.com.cn\/wp-content\/uploads\/2024\/08\/Cat-Condo-Bed.webp\",\"contentUrl\":\"https:\/\/petproducts.com.cn\/wp-content\/uploads\/2024\/08\/Cat-Condo-Bed.webp\",\"width\":1000,\"height\":1000,\"caption\":\"Cat Condo Bed\"},{\"@type\":\"BreadcrumbList\",\"@id\":\"https:\/\/petproducts.com.cn\/product\/cat-condo-bed-sisal-plant-cat-tree-scratcher-ball-cat-mushroom-house\/#breadcrumb\",\"itemListElement\":[{\"@type\":\"ListItem\",\"position\":1,\"name\":\"HOME\",\"item\":\"https:\/\/petproducts.com.cn\/\"},{\"@type\":\"ListItem\",\"position\":2,\"name\":\"Products\",\"item\":\"https:\/\/petproducts.com.cn\/shop\/\"},{\"@type\":\"ListItem\",\"position\":3,\"name\":\"Cat Trees &amp; Furniture\",\"item\":\"https:\/\/petproducts.com.cn\/product-category\/cat-trees-furniture\/\"},{\"@type\":\"ListItem\",\"position\":4,\"name\":\"Cat Condo Bed Sisal Plant Cat Tree Scratcher Ball Cat Mushroom House\"}]},{\"@type\":\"WebSite\",\"@id\":\"https:\/\/petproducts.com.cn\/#website\",\"url\":\"https:\/\/petproducts.com.cn\/\",\"name\":\"Petstar\",\"description\":\"Leading Pet Supplies Manufacturer &amp; OEM Pet Products Supplier\",\"publisher\":{\"@id\":\"https:\/\/petproducts.com.cn\/#organization\"},\"alternateName\":\"Petstar Pet Supplies\",\"potentialAction\":[{\"@type\":\"SearchAction\",\"target\":{\"@type\":\"EntryPoint\",\"urlTemplate\":\"https:\/\/petproducts.com.cn\/?s={search_term_string}\"},\"query-input\":{\"@type\":\"PropertyValueSpecification\",\"valueRequired\":true,\"valueName\":\"search_term_string\"}}],\"inLanguage\":\"pt-PT\"},{\"@type\":\"Organization\",\"@id\":\"https:\/\/petproducts.com.cn\/#organization\",\"name\":\"Petstar\",\"url\":\"https:\/\/petproducts.com.cn\/\",\"logo\":{\"@type\":\"ImageObject\",\"inLanguage\":\"pt-PT\",\"@id\":\"https:\/\/petproducts.com.cn\/#\/schema\/logo\/image\/\",\"url\":\"https:\/\/petproducts.com.cn\/wp-content\/uploads\/2020\/02\/petstar-logo.webp\",\"contentUrl\":\"https:\/\/petproducts.com.cn\/wp-content\/uploads\/2020\/02\/petstar-logo.webp\",\"width\":779,\"height\":520,\"caption\":\"Petstar\"},\"image\":{\"@id\":\"https:\/\/petproducts.com.cn\/#\/schema\/logo\/image\/\"}}]}<\/script>\n<!-- \/ Yoast SEO plugin. -->","yoast_head_json":{"title":"Cama para gato em condom\u00ednio | Casa na \u00e1rvore para gatos Fabricante - Petstar","description":"Explore Cat Condo Bed do melhor fornecedor de produtos para animais de estima\u00e7\u00e3o. Petstar \u00e9 um fabricante global de produtos para animais de estima\u00e7\u00e3o. A sua solu\u00e7\u00e3o de neg\u00f3cio ideal com Petstar.","robots":{"index":"index","follow":"follow","max-snippet":"max-snippet:-1","max-image-preview":"max-image-preview:large","max-video-preview":"max-video-preview:-1"},"canonical":"https:\/\/petproducts.com.cn\/pt\/produto\/cat-condo-bed-sisal-plant-cat-tree-scratcher-ball-cat-mushroom-house\/","og_locale":"pt_PT","og_type":"article","og_title":"Cat Condo Bed | Cat Tree House Manufacturer- Petstar","og_description":"Explore Cat Condo Bed from the best pet products supplier. Petstar is a global pet supplies manufacturer. Your ideal business solution with Petstar.","og_url":"https:\/\/petproducts.com.cn\/pt\/produto\/cat-condo-bed-sisal-plant-cat-tree-scratcher-ball-cat-mushroom-house\/","og_site_name":"Petstar","article_modified_time":"2024-08-28T08:25:04+00:00","og_image":[{"width":1000,"height":1000,"url":"https:\/\/petproducts.com.cn\/wp-content\/uploads\/2024\/08\/Cat-Condo-Bed.webp","type":"image\/webp"}],"twitter_card":"summary_large_image","twitter_misc":{"Tempo estimado de leitura":"2 minutos"},"schema":{"@context":"https:\/\/schema.org","@graph":[{"@type":"WebPage","@id":"https:\/\/petproducts.com.cn\/product\/cat-condo-bed-sisal-plant-cat-tree-scratcher-ball-cat-mushroom-house\/","url":"https:\/\/petproducts.com.cn\/product\/cat-condo-bed-sisal-plant-cat-tree-scratcher-ball-cat-mushroom-house\/","name":"Cama para gato em condom\u00ednio | Casa na \u00e1rvore para gatos Fabricante - Petstar","isPartOf":{"@id":"https:\/\/petproducts.com.cn\/#website"},"primaryImageOfPage":{"@id":"https:\/\/petproducts.com.cn\/product\/cat-condo-bed-sisal-plant-cat-tree-scratcher-ball-cat-mushroom-house\/#primaryimage"},"image":{"@id":"https:\/\/petproducts.com.cn\/product\/cat-condo-bed-sisal-plant-cat-tree-scratcher-ball-cat-mushroom-house\/#primaryimage"},"thumbnailUrl":"https:\/\/petproducts.com.cn\/wp-content\/uploads\/2024\/08\/Cat-Condo-Bed.webp","datePublished":"2024-08-28T07:36:45+00:00","dateModified":"2024-08-28T08:25:04+00:00","description":"Explore Cat Condo Bed do melhor fornecedor de produtos para animais de estima\u00e7\u00e3o. Petstar \u00e9 um fabricante global de produtos para animais de estima\u00e7\u00e3o. A sua solu\u00e7\u00e3o de neg\u00f3cio ideal com Petstar.","breadcrumb":{"@id":"https:\/\/petproducts.com.cn\/product\/cat-condo-bed-sisal-plant-cat-tree-scratcher-ball-cat-mushroom-house\/#breadcrumb"},"inLanguage":"pt-PT","potentialAction":[{"@type":"ReadAction","target":["https:\/\/petproducts.com.cn\/product\/cat-condo-bed-sisal-plant-cat-tree-scratcher-ball-cat-mushroom-house\/"]}]},{"@type":"ImageObject","inLanguage":"pt-PT","@id":"https:\/\/petproducts.com.cn\/product\/cat-condo-bed-sisal-plant-cat-tree-scratcher-ball-cat-mushroom-house\/#primaryimage","url":"https:\/\/petproducts.com.cn\/wp-content\/uploads\/2024\/08\/Cat-Condo-Bed.webp","contentUrl":"https:\/\/petproducts.com.cn\/wp-content\/uploads\/2024\/08\/Cat-Condo-Bed.webp","width":1000,"height":1000,"caption":"Cat Condo Bed"},{"@type":"BreadcrumbList","@id":"https:\/\/petproducts.com.cn\/product\/cat-condo-bed-sisal-plant-cat-tree-scratcher-ball-cat-mushroom-house\/#breadcrumb","itemListElement":[{"@type":"ListItem","position":1,"name":"HOME","item":"https:\/\/petproducts.com.cn\/"},{"@type":"ListItem","position":2,"name":"Products","item":"https:\/\/petproducts.com.cn\/shop\/"},{"@type":"ListItem","position":3,"name":"Cat Trees &amp; Furniture","item":"https:\/\/petproducts.com.cn\/product-category\/cat-trees-furniture\/"},{"@type":"ListItem","position":4,"name":"Cat Condo Bed Sisal Plant Cat Tree Scratcher Ball Cat Mushroom House"}]},{"@type":"WebSite","@id":"https:\/\/petproducts.com.cn\/#website","url":"https:\/\/petproducts.com.cn\/","name":"Petstar","description":"Fabricante l\u00edder de artigos para animais de estima\u00e7\u00e3o e fornecedor de produtos OEM para animais de estima\u00e7\u00e3o","publisher":{"@id":"https:\/\/petproducts.com.cn\/#organization"},"alternateName":"Petstar Pet Supplies","potentialAction":[{"@type":"SearchAction","target":{"@type":"EntryPoint","urlTemplate":"https:\/\/petproducts.com.cn\/?s={search_term_string}"},"query-input":{"@type":"PropertyValueSpecification","valueRequired":true,"valueName":"search_term_string"}}],"inLanguage":"pt-PT"},{"@type":"Organization","@id":"https:\/\/petproducts.com.cn\/#organization","name":"Petstar","url":"https:\/\/petproducts.com.cn\/","logo":{"@type":"ImageObject","inLanguage":"pt-PT","@id":"https:\/\/petproducts.com.cn\/#\/schema\/logo\/image\/","url":"https:\/\/petproducts.com.cn\/wp-content\/uploads\/2020\/02\/petstar-logo.webp","contentUrl":"https:\/\/petproducts.com.cn\/wp-content\/uploads\/2020\/02\/petstar-logo.webp","width":779,"height":520,"caption":"Petstar"},"image":{"@id":"https:\/\/petproducts.com.cn\/#\/schema\/logo\/image\/"}}]}},"_links":{"self":[{"href":"https:\/\/petproducts.com.cn\/pt\/wp-json\/wp\/v2\/product\/28557","targetHints":{"allow":["GET"]}}],"collection":[{"href":"https:\/\/petproducts.com.cn\/pt\/wp-json\/wp\/v2\/product"}],"about":[{"href":"https:\/\/petproducts.com.cn\/pt\/wp-json\/wp\/v2\/types\/product"}],"version-history":[{"count":2,"href":"https:\/\/petproducts.com.cn\/pt\/wp-json\/wp\/v2\/product\/28557\/revisions"}],"predecessor-version":[{"id":28559,"href":"https:\/\/petproducts.com.cn\/pt\/wp-json\/wp\/v2\/product\/28557\/revisions\/28559"}],"wp:featuredmedia":[{"embeddable":true,"href":"https:\/\/petproducts.com.cn\/pt\/wp-json\/wp\/v2\/media\/28560"}],"wp:attachment":[{"href":"https:\/\/petproducts.com.cn\/pt\/wp-json\/wp\/v2\/media?parent=28557"}],"wp:term":[{"taxonomy":"product_brand","embeddable":true,"href":"https:\/\/petproducts.com.cn\/pt\/wp-json\/wp\/v2\/product_brand?post=28557"},{"taxonomy":"product_cat","embeddable":true,"href":"https:\/\/petproducts.com.cn\/pt\/wp-json\/wp\/v2\/product_cat?post=28557"},{"taxonomy":"product_tag","embeddable":true,"href":"https:\/\/petproducts.com.cn\/pt\/wp-json\/wp\/v2\/product_tag?post=28557"}],"curies":[{"name":"wp","href":"https:\/\/api.w.org\/{rel}","templated":true}]}}