{"id":29232,"date":"2024-09-20T02:46:07","date_gmt":"2024-09-20T02:46:07","guid":{"rendered":"https:\/\/petproducts.com.cn\/?post_type=product&#038;p=29232"},"modified":"2024-09-20T06:35:03","modified_gmt":"2024-09-20T06:35:03","slug":"self-warming-pet-bed-bolster-hot-selling-cat-dog-heated-pet-beds","status":"publish","type":"product","link":"https:\/\/petproducts.com.cn\/pt\/product\/self-warming-pet-bed-bolster-hot-selling-cat-dog-heated-pet-beds\/","title":{"rendered":"Cama para animais de estima\u00e7\u00e3o com aquecimento autom\u00e1tico Bolster Camas para animais de estima\u00e7\u00e3o aquecidas para c\u00e3es e gatos"},"content":{"rendered":"<h2>Carater\u00edsticas da cama auto-aquecida para animais de estima\u00e7\u00e3o<\/h2>\n<p>Esta cama auto-aquecida para animais de estima\u00e7\u00e3o combina conforto e calor, concebida para manter o seu animal de estima\u00e7\u00e3o aconchegado com um design em forma de coroa de pel\u00facia e aquecido. Ideal para c\u00e3es e gatos, esta cama aquecida garante um ambiente confort\u00e1vel e repousante.<\/p>\n<ol>\n<li><strong>Tecnologia de auto-aquecimento<\/strong><br \/>\nA cama utiliza materiais avan\u00e7ados de auto-aquecimento, pelo que n\u00e3o necessita de eletricidade. O calor do corpo do seu animal de estima\u00e7\u00e3o reflecte-se para ele, mantendo-o quente durante os meses mais frios. Isto garante um calor natural sem consumo adicional de energia.<\/li>\n<li><strong>Design em forma de coroa<\/strong><br \/>\nCom a sua forma poligonal \u00fanica inspirada numa coroa, esta cama d\u00e1 um toque de realeza ao espa\u00e7o do seu animal de estima\u00e7\u00e3o. Proporciona-lhes uma sensa\u00e7\u00e3o de aconchego e de privacidade, perfeita para se enroscarem e descansarem.<\/li>\n<li><strong>Fundo antiderrapante<\/strong><br \/>\nPara seguran\u00e7a e estabilidade, a parte inferior desta cama tem uma carater\u00edstica antiderrapante. Isto ajuda a evitar que a cama deslize sobre superf\u00edcies lisas, oferecendo seguran\u00e7a mesmo em pisos de madeira ou azulejos.<\/li>\n<li><strong>Interior macio e felpudo<\/strong><br \/>\nO interior da cama \u00e9 forrado com materiais ultra-suaves, tornando-a perfeita para os animais de estima\u00e7\u00e3o que gostam de se aninhar. Isto cria um ambiente irresistivelmente acolhedor onde o seu amigo peludo pode relaxar.<\/li>\n<li><strong>Ret\u00e9m o calor de forma eficiente<\/strong><br \/>\nConcebida com tecidos que ret\u00eam o calor, esta cama ret\u00e9m eficazmente o calor do corpo do seu animal de estima\u00e7\u00e3o, mantendo um ambiente quente mesmo com temperaturas mais baixas.<\/li>\n<li><strong>Perfeito para gatos e c\u00e3es<\/strong><br \/>\nO design e o tamanho vers\u00e1teis tornam-no adequado tanto para gatos como para c\u00e3es pequenos, permitindo que o seu animal de estima\u00e7\u00e3o durma com conforto, independentemente da ra\u00e7a.<\/li>\n<\/ol>\n<p style=\"text-align: center;\"><em><strong>Para mais informa\u00e7\u00f5es <a href=\"https:\/\/petproducts.com.cn\/pt\/wholesale-dog-beds\/\">c\u00e3o\u00a0<\/a><\/strong><\/em><em><strong><a href=\"https:\/\/petproducts.com.cn\/pt\/wholesale-dog-beds\/\">camas<\/a> &amp; <a href=\"https:\/\/petproducts.com.cn\/pt\/wholesale-cat-beds\/\">camas para gatos<\/a>, por favor <a href=\"https:\/\/petproducts.com.cn\/pt\/contactar-nos\/\">Contate-nos<\/a>!<\/strong><\/em><\/p>","protected":false},"excerpt":{"rendered":"<p>Esta cama auto-aquecida para animais de estima\u00e7\u00e3o combina conforto e calor, concebida para manter o seu animal de estima\u00e7\u00e3o aconchegado com um design em forma de coroa de pel\u00facia e aquecido. Ideal para c\u00e3es e gatos, esta cama aquecida garante um ambiente confort\u00e1vel e repousante.<\/p>","protected":false},"featured_media":29247,"template":"","meta":{"_acf_changed":false},"product_brand":[],"product_cat":[58,71,57,72],"product_tag":[249,191,203],"class_list":{"0":"post-29232","1":"product","2":"type-product","3":"status-publish","4":"has-post-thumbnail","6":"product_cat-cat-beds","7":"product_cat-cat-supplies","8":"product_cat-dog-beds","9":"product_cat-dog-supplies","10":"product_tag-bolster-pet-beds","11":"product_tag-heated-pet-beds","12":"product_tag-pet-beds","14":"first","15":"instock","16":"shipping-taxable","17":"product-type-simple"},"acf":[],"yoast_head":"<!-- This site is optimized with the Yoast SEO plugin v27.1.1 - https:\/\/yoast.com\/product\/yoast-seo-wordpress\/ -->\n<title>Self-Warming Pet Bed | Heated Pet Beds Manufacturer - Petstar<\/title>\n<meta name=\"description\" content=\"Explore Self-Warming Pet Bed from the best pet products supplier. Petstar is a global pet products manufacturer. Your ideal business solution with Petstar.\" \/>\n<meta name=\"robots\" content=\"index, follow, max-snippet:-1, max-image-preview:large, max-video-preview:-1\" \/>\n<link rel=\"canonical\" href=\"https:\/\/petproducts.com.cn\/pt\/produto\/self-warming-pet-bed-bolster-hot-selling-cat-dog-heated-pet-beds\/\" \/>\n<meta property=\"og:locale\" content=\"pt_PT\" \/>\n<meta property=\"og:type\" content=\"article\" \/>\n<meta property=\"og:title\" content=\"Self-Warming Pet Bed | Heated Pet Beds Manufacturer - Petstar\" \/>\n<meta property=\"og:description\" content=\"Explore Self-Warming Pet Bed from the best pet products supplier. Petstar is a global pet products manufacturer. Your ideal business solution with Petstar.\" \/>\n<meta property=\"og:url\" content=\"https:\/\/petproducts.com.cn\/pt\/produto\/self-warming-pet-bed-bolster-hot-selling-cat-dog-heated-pet-beds\/\" \/>\n<meta property=\"og:site_name\" content=\"Petstar\" \/>\n<meta property=\"article:modified_time\" content=\"2024-09-20T06:35:03+00:00\" \/>\n<meta property=\"og:image\" content=\"https:\/\/petproducts.com.cn\/wp-content\/uploads\/2024\/09\/Self-Warming-Pet-Bed-1.webp\" \/>\n\t<meta property=\"og:image:width\" content=\"800\" \/>\n\t<meta property=\"og:image:height\" content=\"800\" \/>\n\t<meta property=\"og:image:type\" content=\"image\/webp\" \/>\n<meta name=\"twitter:card\" content=\"summary_large_image\" \/>\n<meta name=\"twitter:label1\" content=\"Tempo estimado de leitura\" \/>\n\t<meta name=\"twitter:data1\" content=\"2 minutos\" \/>\n<script type=\"application\/ld+json\" class=\"yoast-schema-graph\">{\"@context\":\"https:\/\/schema.org\",\"@graph\":[{\"@type\":\"WebPage\",\"@id\":\"https:\/\/petproducts.com.cn\/product\/self-warming-pet-bed-bolster-hot-selling-cat-dog-heated-pet-beds\/\",\"url\":\"https:\/\/petproducts.com.cn\/product\/self-warming-pet-bed-bolster-hot-selling-cat-dog-heated-pet-beds\/\",\"name\":\"Self-Warming Pet Bed | Heated Pet Beds Manufacturer - Petstar\",\"isPartOf\":{\"@id\":\"https:\/\/petproducts.com.cn\/#website\"},\"primaryImageOfPage\":{\"@id\":\"https:\/\/petproducts.com.cn\/product\/self-warming-pet-bed-bolster-hot-selling-cat-dog-heated-pet-beds\/#primaryimage\"},\"image\":{\"@id\":\"https:\/\/petproducts.com.cn\/product\/self-warming-pet-bed-bolster-hot-selling-cat-dog-heated-pet-beds\/#primaryimage\"},\"thumbnailUrl\":\"https:\/\/petproducts.com.cn\/wp-content\/uploads\/2024\/09\/Self-Warming-Pet-Bed-1.webp\",\"datePublished\":\"2024-09-20T02:46:07+00:00\",\"dateModified\":\"2024-09-20T06:35:03+00:00\",\"description\":\"Explore Self-Warming Pet Bed from the best pet products supplier. Petstar is a global pet products manufacturer. Your ideal business solution with Petstar.\",\"breadcrumb\":{\"@id\":\"https:\/\/petproducts.com.cn\/product\/self-warming-pet-bed-bolster-hot-selling-cat-dog-heated-pet-beds\/#breadcrumb\"},\"inLanguage\":\"pt-PT\",\"potentialAction\":[{\"@type\":\"ReadAction\",\"target\":[\"https:\/\/petproducts.com.cn\/product\/self-warming-pet-bed-bolster-hot-selling-cat-dog-heated-pet-beds\/\"]}]},{\"@type\":\"ImageObject\",\"inLanguage\":\"pt-PT\",\"@id\":\"https:\/\/petproducts.com.cn\/product\/self-warming-pet-bed-bolster-hot-selling-cat-dog-heated-pet-beds\/#primaryimage\",\"url\":\"https:\/\/petproducts.com.cn\/wp-content\/uploads\/2024\/09\/Self-Warming-Pet-Bed-1.webp\",\"contentUrl\":\"https:\/\/petproducts.com.cn\/wp-content\/uploads\/2024\/09\/Self-Warming-Pet-Bed-1.webp\",\"width\":800,\"height\":800,\"caption\":\"Self-Warming Pet Bed\"},{\"@type\":\"BreadcrumbList\",\"@id\":\"https:\/\/petproducts.com.cn\/product\/self-warming-pet-bed-bolster-hot-selling-cat-dog-heated-pet-beds\/#breadcrumb\",\"itemListElement\":[{\"@type\":\"ListItem\",\"position\":1,\"name\":\"HOME\",\"item\":\"https:\/\/petproducts.com.cn\/\"},{\"@type\":\"ListItem\",\"position\":2,\"name\":\"Products\",\"item\":\"https:\/\/petproducts.com.cn\/shop\/\"},{\"@type\":\"ListItem\",\"position\":3,\"name\":\"Dog Beds\",\"item\":\"https:\/\/petproducts.com.cn\/product-category\/dog-beds\/\"},{\"@type\":\"ListItem\",\"position\":4,\"name\":\"Self-Warming Pet Bed Bolster Hot Selling Cat Dog Heated Pet Beds\"}]},{\"@type\":\"WebSite\",\"@id\":\"https:\/\/petproducts.com.cn\/#website\",\"url\":\"https:\/\/petproducts.com.cn\/\",\"name\":\"Petstar\",\"description\":\"Leading Pet Supplies Manufacturer &amp; OEM Pet Products Supplier\",\"publisher\":{\"@id\":\"https:\/\/petproducts.com.cn\/#organization\"},\"alternateName\":\"Petstar Pet Supplies\",\"potentialAction\":[{\"@type\":\"SearchAction\",\"target\":{\"@type\":\"EntryPoint\",\"urlTemplate\":\"https:\/\/petproducts.com.cn\/?s={search_term_string}\"},\"query-input\":{\"@type\":\"PropertyValueSpecification\",\"valueRequired\":true,\"valueName\":\"search_term_string\"}}],\"inLanguage\":\"pt-PT\"},{\"@type\":\"Organization\",\"@id\":\"https:\/\/petproducts.com.cn\/#organization\",\"name\":\"Petstar\",\"url\":\"https:\/\/petproducts.com.cn\/\",\"logo\":{\"@type\":\"ImageObject\",\"inLanguage\":\"pt-PT\",\"@id\":\"https:\/\/petproducts.com.cn\/#\/schema\/logo\/image\/\",\"url\":\"https:\/\/petproducts.com.cn\/wp-content\/uploads\/2020\/02\/petstar-logo.webp\",\"contentUrl\":\"https:\/\/petproducts.com.cn\/wp-content\/uploads\/2020\/02\/petstar-logo.webp\",\"width\":779,\"height\":520,\"caption\":\"Petstar\"},\"image\":{\"@id\":\"https:\/\/petproducts.com.cn\/#\/schema\/logo\/image\/\"}}]}<\/script>\n<!-- \/ Yoast SEO plugin. -->","yoast_head_json":{"title":"Cama auto aquec\u00edvel para animais de estima\u00e7\u00e3o | Fabricante de camas aquecidas para animais de estima\u00e7\u00e3o - Petstar","description":"Explore Cama para animais de estima\u00e7\u00e3o com aquecimento autom\u00e1tico do melhor fornecedor de produtos para animais de estima\u00e7\u00e3o. Petstar \u00e9 um fabricante global de produtos para animais de estima\u00e7\u00e3o. A sua solu\u00e7\u00e3o de neg\u00f3cio ideal com Petstar.","robots":{"index":"index","follow":"follow","max-snippet":"max-snippet:-1","max-image-preview":"max-image-preview:large","max-video-preview":"max-video-preview:-1"},"canonical":"https:\/\/petproducts.com.cn\/pt\/produto\/self-warming-pet-bed-bolster-hot-selling-cat-dog-heated-pet-beds\/","og_locale":"pt_PT","og_type":"article","og_title":"Self-Warming Pet Bed | Heated Pet Beds Manufacturer - Petstar","og_description":"Explore Self-Warming Pet Bed from the best pet products supplier. Petstar is a global pet products manufacturer. Your ideal business solution with Petstar.","og_url":"https:\/\/petproducts.com.cn\/pt\/produto\/self-warming-pet-bed-bolster-hot-selling-cat-dog-heated-pet-beds\/","og_site_name":"Petstar","article_modified_time":"2024-09-20T06:35:03+00:00","og_image":[{"width":800,"height":800,"url":"https:\/\/petproducts.com.cn\/wp-content\/uploads\/2024\/09\/Self-Warming-Pet-Bed-1.webp","type":"image\/webp"}],"twitter_card":"summary_large_image","twitter_misc":{"Tempo estimado de leitura":"2 minutos"},"schema":{"@context":"https:\/\/schema.org","@graph":[{"@type":"WebPage","@id":"https:\/\/petproducts.com.cn\/product\/self-warming-pet-bed-bolster-hot-selling-cat-dog-heated-pet-beds\/","url":"https:\/\/petproducts.com.cn\/product\/self-warming-pet-bed-bolster-hot-selling-cat-dog-heated-pet-beds\/","name":"Cama auto aquec\u00edvel para animais de estima\u00e7\u00e3o | Fabricante de camas aquecidas para animais de estima\u00e7\u00e3o - Petstar","isPartOf":{"@id":"https:\/\/petproducts.com.cn\/#website"},"primaryImageOfPage":{"@id":"https:\/\/petproducts.com.cn\/product\/self-warming-pet-bed-bolster-hot-selling-cat-dog-heated-pet-beds\/#primaryimage"},"image":{"@id":"https:\/\/petproducts.com.cn\/product\/self-warming-pet-bed-bolster-hot-selling-cat-dog-heated-pet-beds\/#primaryimage"},"thumbnailUrl":"https:\/\/petproducts.com.cn\/wp-content\/uploads\/2024\/09\/Self-Warming-Pet-Bed-1.webp","datePublished":"2024-09-20T02:46:07+00:00","dateModified":"2024-09-20T06:35:03+00:00","description":"Explore Cama para animais de estima\u00e7\u00e3o com aquecimento autom\u00e1tico do melhor fornecedor de produtos para animais de estima\u00e7\u00e3o. Petstar \u00e9 um fabricante global de produtos para animais de estima\u00e7\u00e3o. A sua solu\u00e7\u00e3o de neg\u00f3cio ideal com Petstar.","breadcrumb":{"@id":"https:\/\/petproducts.com.cn\/product\/self-warming-pet-bed-bolster-hot-selling-cat-dog-heated-pet-beds\/#breadcrumb"},"inLanguage":"pt-PT","potentialAction":[{"@type":"ReadAction","target":["https:\/\/petproducts.com.cn\/product\/self-warming-pet-bed-bolster-hot-selling-cat-dog-heated-pet-beds\/"]}]},{"@type":"ImageObject","inLanguage":"pt-PT","@id":"https:\/\/petproducts.com.cn\/product\/self-warming-pet-bed-bolster-hot-selling-cat-dog-heated-pet-beds\/#primaryimage","url":"https:\/\/petproducts.com.cn\/wp-content\/uploads\/2024\/09\/Self-Warming-Pet-Bed-1.webp","contentUrl":"https:\/\/petproducts.com.cn\/wp-content\/uploads\/2024\/09\/Self-Warming-Pet-Bed-1.webp","width":800,"height":800,"caption":"Self-Warming Pet Bed"},{"@type":"BreadcrumbList","@id":"https:\/\/petproducts.com.cn\/product\/self-warming-pet-bed-bolster-hot-selling-cat-dog-heated-pet-beds\/#breadcrumb","itemListElement":[{"@type":"ListItem","position":1,"name":"HOME","item":"https:\/\/petproducts.com.cn\/"},{"@type":"ListItem","position":2,"name":"Products","item":"https:\/\/petproducts.com.cn\/shop\/"},{"@type":"ListItem","position":3,"name":"Dog Beds","item":"https:\/\/petproducts.com.cn\/product-category\/dog-beds\/"},{"@type":"ListItem","position":4,"name":"Self-Warming Pet Bed Bolster Hot Selling Cat Dog Heated Pet Beds"}]},{"@type":"WebSite","@id":"https:\/\/petproducts.com.cn\/#website","url":"https:\/\/petproducts.com.cn\/","name":"Petstar","description":"Fabricante l\u00edder de artigos para animais de estima\u00e7\u00e3o e fornecedor de produtos OEM para animais de estima\u00e7\u00e3o","publisher":{"@id":"https:\/\/petproducts.com.cn\/#organization"},"alternateName":"Petstar Pet Supplies","potentialAction":[{"@type":"SearchAction","target":{"@type":"EntryPoint","urlTemplate":"https:\/\/petproducts.com.cn\/?s={search_term_string}"},"query-input":{"@type":"PropertyValueSpecification","valueRequired":true,"valueName":"search_term_string"}}],"inLanguage":"pt-PT"},{"@type":"Organization","@id":"https:\/\/petproducts.com.cn\/#organization","name":"Petstar","url":"https:\/\/petproducts.com.cn\/","logo":{"@type":"ImageObject","inLanguage":"pt-PT","@id":"https:\/\/petproducts.com.cn\/#\/schema\/logo\/image\/","url":"https:\/\/petproducts.com.cn\/wp-content\/uploads\/2020\/02\/petstar-logo.webp","contentUrl":"https:\/\/petproducts.com.cn\/wp-content\/uploads\/2020\/02\/petstar-logo.webp","width":779,"height":520,"caption":"Petstar"},"image":{"@id":"https:\/\/petproducts.com.cn\/#\/schema\/logo\/image\/"}}]}},"_links":{"self":[{"href":"https:\/\/petproducts.com.cn\/pt\/wp-json\/wp\/v2\/product\/29232","targetHints":{"allow":["GET"]}}],"collection":[{"href":"https:\/\/petproducts.com.cn\/pt\/wp-json\/wp\/v2\/product"}],"about":[{"href":"https:\/\/petproducts.com.cn\/pt\/wp-json\/wp\/v2\/types\/product"}],"version-history":[{"count":3,"href":"https:\/\/petproducts.com.cn\/pt\/wp-json\/wp\/v2\/product\/29232\/revisions"}],"predecessor-version":[{"id":29250,"href":"https:\/\/petproducts.com.cn\/pt\/wp-json\/wp\/v2\/product\/29232\/revisions\/29250"}],"wp:featuredmedia":[{"embeddable":true,"href":"https:\/\/petproducts.com.cn\/pt\/wp-json\/wp\/v2\/media\/29247"}],"wp:attachment":[{"href":"https:\/\/petproducts.com.cn\/pt\/wp-json\/wp\/v2\/media?parent=29232"}],"wp:term":[{"taxonomy":"product_brand","embeddable":true,"href":"https:\/\/petproducts.com.cn\/pt\/wp-json\/wp\/v2\/product_brand?post=29232"},{"taxonomy":"product_cat","embeddable":true,"href":"https:\/\/petproducts.com.cn\/pt\/wp-json\/wp\/v2\/product_cat?post=29232"},{"taxonomy":"product_tag","embeddable":true,"href":"https:\/\/petproducts.com.cn\/pt\/wp-json\/wp\/v2\/product_tag?post=29232"}],"curies":[{"name":"wp","href":"https:\/\/api.w.org\/{rel}","templated":true}]}}