{"id":29308,"date":"2024-09-26T03:03:23","date_gmt":"2024-09-26T03:03:23","guid":{"rendered":"https:\/\/petproducts.com.cn\/?post_type=product&#038;p=29308"},"modified":"2024-09-26T03:16:46","modified_gmt":"2024-09-26T03:16:46","slug":"dog-puzzle-toys-pet-slow-bowl-interactive-iq-training-cat-dog-enrichment-toys","status":"publish","type":"product","link":"https:\/\/petproducts.com.cn\/pt\/product\/dog-puzzle-toys-pet-slow-bowl-interactive-iq-training-cat-dog-enrichment-toys\/","title":{"rendered":"Brinquedos de quebra-cabe\u00e7as para c\u00e3es Tigela lenta para animais de estima\u00e7\u00e3o Brinquedos interactivos de enriquecimento para c\u00e3es e gatos"},"content":{"rendered":"<h2>Carater\u00edsticas dos brinquedos puzzle para c\u00e3es<\/h2>\n<p>Os Dog Puzzle Toys foram concebidos para proporcionar estimula\u00e7\u00e3o mental e abrandar os h\u00e1bitos alimentares do seu animal de estima\u00e7\u00e3o. Com a forma de uma \u00e1rvore e v\u00e1rios compartimentos ocultos, este alimentador interativo com puzzles incentiva a resolu\u00e7\u00e3o de problemas e transforma a hora da refei\u00e7\u00e3o numa atividade divertida e enriquecedora para c\u00e3es e gatos.<\/p>\n<ul>\n<li><strong>Desenho do puzzle de treino de QI<\/strong><br \/>\nO comedouro em forma de \u00e1rvore oferece v\u00e1rios compartimentos de comida escondidos, incluindo uma gaveta extra\u00edvel. O seu animal de estima\u00e7\u00e3o ter\u00e1 de usar a sua intelig\u00eancia e instintos para desbloquear cada compartimento, tornando-o num desafio cativante de cada vez que come.<\/li>\n<li><strong>Fun\u00e7\u00e3o de alimenta\u00e7\u00e3o lenta<\/strong><br \/>\nEste brinquedo puzzle abranda naturalmente a alimenta\u00e7\u00e3o do seu animal de estima\u00e7\u00e3o, o que ajuda a evitar excessos e melhora a digest\u00e3o. A fun\u00e7\u00e3o de alimenta\u00e7\u00e3o lenta \u00e9 perfeita para animais de estima\u00e7\u00e3o com tend\u00eancia para comer demasiado depressa, promovendo h\u00e1bitos alimentares mais saud\u00e1veis.<\/li>\n<li><strong>Bot\u00e3o Press-to-Sound para maior divers\u00e3o<\/strong><br \/>\nNo centro do comedouro, encontrar\u00e1 um bot\u00e3o de press\u00e3o sonora que capta a aten\u00e7\u00e3o do seu animal de estima\u00e7\u00e3o. Quando premido, emite um som, motivando ainda mais o seu c\u00e3o ou gato a continuar a brincar e a explorar o puzzle.<\/li>\n<li><strong>Gavetas e compartimentos ocultos<\/strong><br \/>\nCom v\u00e1rios esconderijos e uma gaveta extra\u00edvel, este brinquedo estimula a curiosidade do seu animal de estima\u00e7\u00e3o. Mant\u00e9m-no entretido por per\u00edodos mais longos, reduzindo o t\u00e9dio e proporcionando uma fonte de enriquecimento mental.<\/li>\n<li><strong>Base antiderrapante para estabilidade<\/strong><br \/>\nO comedouro \u00e9 fornecido com uma base antiderrapante para garantir que se mant\u00e9m no lugar enquanto o seu animal de estima\u00e7\u00e3o interage com ele. Este design reduz a confus\u00e3o e a frustra\u00e7\u00e3o, mantendo o comedouro est\u00e1vel em qualquer superf\u00edcie, quer seja em azulejos ou em pisos de madeira.<\/li>\n<li><strong>Adequado para c\u00e3es e gatos<\/strong><br \/>\nEste alimentador interativo \u00e9 vers\u00e1til e ideal tanto para c\u00e3es como para gatos. Foi concebido para desafiar animais de estima\u00e7\u00e3o de todos os tamanhos e ra\u00e7as, o que o torna um \u00f3timo complemento para qualquer casa que pretenda manter os seus animais de estima\u00e7\u00e3o mentalmente atentos e fisicamente saud\u00e1veis.<\/li>\n<\/ul>","protected":false},"excerpt":{"rendered":"<p>Os Dog Puzzle Toys foram concebidos para proporcionar estimula\u00e7\u00e3o mental e abrandar os h\u00e1bitos alimentares do seu animal de estima\u00e7\u00e3o. Com a forma de uma \u00e1rvore e v\u00e1rios compartimentos ocultos, este alimentador interativo com puzzles incentiva a resolu\u00e7\u00e3o de problemas e transforma a hora da refei\u00e7\u00e3o numa atividade divertida e enriquecedora para c\u00e3es e gatos.<\/p>","protected":false},"featured_media":29315,"template":"","meta":{"_acf_changed":false},"product_brand":[],"product_cat":[134,71,81,127,72,48],"product_tag":[252,167,251,173],"class_list":{"0":"post-29308","1":"product","2":"type-product","3":"status-publish","4":"has-post-thumbnail","6":"product_cat-cat-feeding-watering-supplies","7":"product_cat-cat-supplies","8":"product_cat-cat-toys","9":"product_cat-dog-feeding-watering-supplies","10":"product_cat-dog-supplies","11":"product_cat-dog-toys","12":"product_tag-dog-puzzle-toys","13":"product_tag-pet-bowls","14":"product_tag-puzzle-pet-bowls","15":"product_tag-slow-pet-bowls","17":"first","18":"instock","19":"shipping-taxable","20":"product-type-simple"},"acf":[],"yoast_head":"<!-- This site is optimized with the Yoast SEO plugin v27.1.1 - https:\/\/yoast.com\/product\/yoast-seo-wordpress\/ -->\n<title>Dog Puzzle Toys | Dog Enrichment Toys Manufacturer- Petstar<\/title>\n<meta name=\"description\" content=\"Explore Dog Puzzle Toys from the best pet products supplier. Petstar is a global pet product manufacturer. Your ideal business solution with Petstar.\" \/>\n<meta name=\"robots\" content=\"index, follow, max-snippet:-1, max-image-preview:large, max-video-preview:-1\" \/>\n<link rel=\"canonical\" href=\"https:\/\/petproducts.com.cn\/pt\/produto\/dog-puzzle-toys-pet-slow-bowl-interactive-iq-training-cat-dog-enrichment-toys\/\" \/>\n<meta property=\"og:locale\" content=\"pt_PT\" \/>\n<meta property=\"og:type\" content=\"article\" \/>\n<meta property=\"og:title\" content=\"Dog Puzzle Toys | Dog Enrichment Toys Manufacturer- Petstar\" \/>\n<meta property=\"og:description\" content=\"Explore Dog Puzzle Toys from the best pet products supplier. Petstar is a global pet product manufacturer. Your ideal business solution with Petstar.\" \/>\n<meta property=\"og:url\" content=\"https:\/\/petproducts.com.cn\/pt\/produto\/dog-puzzle-toys-pet-slow-bowl-interactive-iq-training-cat-dog-enrichment-toys\/\" \/>\n<meta property=\"og:site_name\" content=\"Petstar\" \/>\n<meta property=\"article:modified_time\" content=\"2024-09-26T03:16:46+00:00\" \/>\n<meta property=\"og:image\" content=\"https:\/\/petproducts.com.cn\/wp-content\/uploads\/2024\/09\/Wholesale-Dog-Puzzle-Toys.webp\" \/>\n\t<meta property=\"og:image:width\" content=\"800\" \/>\n\t<meta property=\"og:image:height\" content=\"800\" \/>\n\t<meta property=\"og:image:type\" content=\"image\/webp\" \/>\n<meta name=\"twitter:card\" content=\"summary_large_image\" \/>\n<meta name=\"twitter:label1\" content=\"Tempo estimado de leitura\" \/>\n\t<meta name=\"twitter:data1\" content=\"2 minutos\" \/>\n<script type=\"application\/ld+json\" class=\"yoast-schema-graph\">{\"@context\":\"https:\/\/schema.org\",\"@graph\":[{\"@type\":\"WebPage\",\"@id\":\"https:\/\/petproducts.com.cn\/product\/dog-puzzle-toys-pet-slow-bowl-interactive-iq-training-cat-dog-enrichment-toys\/\",\"url\":\"https:\/\/petproducts.com.cn\/product\/dog-puzzle-toys-pet-slow-bowl-interactive-iq-training-cat-dog-enrichment-toys\/\",\"name\":\"Dog Puzzle Toys | Dog Enrichment Toys Manufacturer- Petstar\",\"isPartOf\":{\"@id\":\"https:\/\/petproducts.com.cn\/#website\"},\"primaryImageOfPage\":{\"@id\":\"https:\/\/petproducts.com.cn\/product\/dog-puzzle-toys-pet-slow-bowl-interactive-iq-training-cat-dog-enrichment-toys\/#primaryimage\"},\"image\":{\"@id\":\"https:\/\/petproducts.com.cn\/product\/dog-puzzle-toys-pet-slow-bowl-interactive-iq-training-cat-dog-enrichment-toys\/#primaryimage\"},\"thumbnailUrl\":\"https:\/\/petproducts.com.cn\/wp-content\/uploads\/2024\/09\/Wholesale-Dog-Puzzle-Toys.webp\",\"datePublished\":\"2024-09-26T03:03:23+00:00\",\"dateModified\":\"2024-09-26T03:16:46+00:00\",\"description\":\"Explore Dog Puzzle Toys from the best pet products supplier. Petstar is a global pet product manufacturer. Your ideal business solution with Petstar.\",\"breadcrumb\":{\"@id\":\"https:\/\/petproducts.com.cn\/product\/dog-puzzle-toys-pet-slow-bowl-interactive-iq-training-cat-dog-enrichment-toys\/#breadcrumb\"},\"inLanguage\":\"pt-PT\",\"potentialAction\":[{\"@type\":\"ReadAction\",\"target\":[\"https:\/\/petproducts.com.cn\/product\/dog-puzzle-toys-pet-slow-bowl-interactive-iq-training-cat-dog-enrichment-toys\/\"]}]},{\"@type\":\"ImageObject\",\"inLanguage\":\"pt-PT\",\"@id\":\"https:\/\/petproducts.com.cn\/product\/dog-puzzle-toys-pet-slow-bowl-interactive-iq-training-cat-dog-enrichment-toys\/#primaryimage\",\"url\":\"https:\/\/petproducts.com.cn\/wp-content\/uploads\/2024\/09\/Wholesale-Dog-Puzzle-Toys.webp\",\"contentUrl\":\"https:\/\/petproducts.com.cn\/wp-content\/uploads\/2024\/09\/Wholesale-Dog-Puzzle-Toys.webp\",\"width\":800,\"height\":800,\"caption\":\"Dog Puzzle Toys\"},{\"@type\":\"BreadcrumbList\",\"@id\":\"https:\/\/petproducts.com.cn\/product\/dog-puzzle-toys-pet-slow-bowl-interactive-iq-training-cat-dog-enrichment-toys\/#breadcrumb\",\"itemListElement\":[{\"@type\":\"ListItem\",\"position\":1,\"name\":\"HOME\",\"item\":\"https:\/\/petproducts.com.cn\/\"},{\"@type\":\"ListItem\",\"position\":2,\"name\":\"Products\",\"item\":\"https:\/\/petproducts.com.cn\/shop\/\"},{\"@type\":\"ListItem\",\"position\":3,\"name\":\"Dog Toys\",\"item\":\"https:\/\/petproducts.com.cn\/product-category\/dog-toys\/\"},{\"@type\":\"ListItem\",\"position\":4,\"name\":\"Dog Puzzle Toys Pet Slow Bowl Interactive IQ Training Cat Dog Enrichment Toys\"}]},{\"@type\":\"WebSite\",\"@id\":\"https:\/\/petproducts.com.cn\/#website\",\"url\":\"https:\/\/petproducts.com.cn\/\",\"name\":\"Petstar\",\"description\":\"Leading Pet Supplies Manufacturer &amp; OEM Pet Products Supplier\",\"publisher\":{\"@id\":\"https:\/\/petproducts.com.cn\/#organization\"},\"alternateName\":\"Petstar Pet Supplies\",\"potentialAction\":[{\"@type\":\"SearchAction\",\"target\":{\"@type\":\"EntryPoint\",\"urlTemplate\":\"https:\/\/petproducts.com.cn\/?s={search_term_string}\"},\"query-input\":{\"@type\":\"PropertyValueSpecification\",\"valueRequired\":true,\"valueName\":\"search_term_string\"}}],\"inLanguage\":\"pt-PT\"},{\"@type\":\"Organization\",\"@id\":\"https:\/\/petproducts.com.cn\/#organization\",\"name\":\"Petstar\",\"url\":\"https:\/\/petproducts.com.cn\/\",\"logo\":{\"@type\":\"ImageObject\",\"inLanguage\":\"pt-PT\",\"@id\":\"https:\/\/petproducts.com.cn\/#\/schema\/logo\/image\/\",\"url\":\"https:\/\/petproducts.com.cn\/wp-content\/uploads\/2020\/02\/petstar-logo.webp\",\"contentUrl\":\"https:\/\/petproducts.com.cn\/wp-content\/uploads\/2020\/02\/petstar-logo.webp\",\"width\":779,\"height\":520,\"caption\":\"Petstar\"},\"image\":{\"@id\":\"https:\/\/petproducts.com.cn\/#\/schema\/logo\/image\/\"}}]}<\/script>\n<!-- \/ Yoast SEO plugin. -->","yoast_head_json":{"title":"Brinquedos puzzle para c\u00e3es | Brinquedos de enriquecimento para c\u00e3es Fabricante- Petstar","description":"Explore Dog Puzzle Toys do melhor fornecedor de produtos para animais de estima\u00e7\u00e3o. Petstar \u00e9 um fabricante global de produtos para animais de estima\u00e7\u00e3o. A sua solu\u00e7\u00e3o de neg\u00f3cio ideal com Petstar.","robots":{"index":"index","follow":"follow","max-snippet":"max-snippet:-1","max-image-preview":"max-image-preview:large","max-video-preview":"max-video-preview:-1"},"canonical":"https:\/\/petproducts.com.cn\/pt\/produto\/dog-puzzle-toys-pet-slow-bowl-interactive-iq-training-cat-dog-enrichment-toys\/","og_locale":"pt_PT","og_type":"article","og_title":"Dog Puzzle Toys | Dog Enrichment Toys Manufacturer- Petstar","og_description":"Explore Dog Puzzle Toys from the best pet products supplier. Petstar is a global pet product manufacturer. Your ideal business solution with Petstar.","og_url":"https:\/\/petproducts.com.cn\/pt\/produto\/dog-puzzle-toys-pet-slow-bowl-interactive-iq-training-cat-dog-enrichment-toys\/","og_site_name":"Petstar","article_modified_time":"2024-09-26T03:16:46+00:00","og_image":[{"width":800,"height":800,"url":"https:\/\/petproducts.com.cn\/wp-content\/uploads\/2024\/09\/Wholesale-Dog-Puzzle-Toys.webp","type":"image\/webp"}],"twitter_card":"summary_large_image","twitter_misc":{"Tempo estimado de leitura":"2 minutos"},"schema":{"@context":"https:\/\/schema.org","@graph":[{"@type":"WebPage","@id":"https:\/\/petproducts.com.cn\/product\/dog-puzzle-toys-pet-slow-bowl-interactive-iq-training-cat-dog-enrichment-toys\/","url":"https:\/\/petproducts.com.cn\/product\/dog-puzzle-toys-pet-slow-bowl-interactive-iq-training-cat-dog-enrichment-toys\/","name":"Brinquedos puzzle para c\u00e3es | Brinquedos de enriquecimento para c\u00e3es Fabricante- Petstar","isPartOf":{"@id":"https:\/\/petproducts.com.cn\/#website"},"primaryImageOfPage":{"@id":"https:\/\/petproducts.com.cn\/product\/dog-puzzle-toys-pet-slow-bowl-interactive-iq-training-cat-dog-enrichment-toys\/#primaryimage"},"image":{"@id":"https:\/\/petproducts.com.cn\/product\/dog-puzzle-toys-pet-slow-bowl-interactive-iq-training-cat-dog-enrichment-toys\/#primaryimage"},"thumbnailUrl":"https:\/\/petproducts.com.cn\/wp-content\/uploads\/2024\/09\/Wholesale-Dog-Puzzle-Toys.webp","datePublished":"2024-09-26T03:03:23+00:00","dateModified":"2024-09-26T03:16:46+00:00","description":"Explore Dog Puzzle Toys do melhor fornecedor de produtos para animais de estima\u00e7\u00e3o. Petstar \u00e9 um fabricante global de produtos para animais de estima\u00e7\u00e3o. A sua solu\u00e7\u00e3o de neg\u00f3cio ideal com Petstar.","breadcrumb":{"@id":"https:\/\/petproducts.com.cn\/product\/dog-puzzle-toys-pet-slow-bowl-interactive-iq-training-cat-dog-enrichment-toys\/#breadcrumb"},"inLanguage":"pt-PT","potentialAction":[{"@type":"ReadAction","target":["https:\/\/petproducts.com.cn\/product\/dog-puzzle-toys-pet-slow-bowl-interactive-iq-training-cat-dog-enrichment-toys\/"]}]},{"@type":"ImageObject","inLanguage":"pt-PT","@id":"https:\/\/petproducts.com.cn\/product\/dog-puzzle-toys-pet-slow-bowl-interactive-iq-training-cat-dog-enrichment-toys\/#primaryimage","url":"https:\/\/petproducts.com.cn\/wp-content\/uploads\/2024\/09\/Wholesale-Dog-Puzzle-Toys.webp","contentUrl":"https:\/\/petproducts.com.cn\/wp-content\/uploads\/2024\/09\/Wholesale-Dog-Puzzle-Toys.webp","width":800,"height":800,"caption":"Dog Puzzle Toys"},{"@type":"BreadcrumbList","@id":"https:\/\/petproducts.com.cn\/product\/dog-puzzle-toys-pet-slow-bowl-interactive-iq-training-cat-dog-enrichment-toys\/#breadcrumb","itemListElement":[{"@type":"ListItem","position":1,"name":"HOME","item":"https:\/\/petproducts.com.cn\/"},{"@type":"ListItem","position":2,"name":"Products","item":"https:\/\/petproducts.com.cn\/shop\/"},{"@type":"ListItem","position":3,"name":"Dog Toys","item":"https:\/\/petproducts.com.cn\/product-category\/dog-toys\/"},{"@type":"ListItem","position":4,"name":"Dog Puzzle Toys Pet Slow Bowl Interactive IQ Training Cat Dog Enrichment Toys"}]},{"@type":"WebSite","@id":"https:\/\/petproducts.com.cn\/#website","url":"https:\/\/petproducts.com.cn\/","name":"Petstar","description":"Fabricante l\u00edder de artigos para animais de estima\u00e7\u00e3o e fornecedor de produtos OEM para animais de estima\u00e7\u00e3o","publisher":{"@id":"https:\/\/petproducts.com.cn\/#organization"},"alternateName":"Petstar Pet Supplies","potentialAction":[{"@type":"SearchAction","target":{"@type":"EntryPoint","urlTemplate":"https:\/\/petproducts.com.cn\/?s={search_term_string}"},"query-input":{"@type":"PropertyValueSpecification","valueRequired":true,"valueName":"search_term_string"}}],"inLanguage":"pt-PT"},{"@type":"Organization","@id":"https:\/\/petproducts.com.cn\/#organization","name":"Petstar","url":"https:\/\/petproducts.com.cn\/","logo":{"@type":"ImageObject","inLanguage":"pt-PT","@id":"https:\/\/petproducts.com.cn\/#\/schema\/logo\/image\/","url":"https:\/\/petproducts.com.cn\/wp-content\/uploads\/2020\/02\/petstar-logo.webp","contentUrl":"https:\/\/petproducts.com.cn\/wp-content\/uploads\/2020\/02\/petstar-logo.webp","width":779,"height":520,"caption":"Petstar"},"image":{"@id":"https:\/\/petproducts.com.cn\/#\/schema\/logo\/image\/"}}]}},"_links":{"self":[{"href":"https:\/\/petproducts.com.cn\/pt\/wp-json\/wp\/v2\/product\/29308","targetHints":{"allow":["GET"]}}],"collection":[{"href":"https:\/\/petproducts.com.cn\/pt\/wp-json\/wp\/v2\/product"}],"about":[{"href":"https:\/\/petproducts.com.cn\/pt\/wp-json\/wp\/v2\/types\/product"}],"version-history":[{"count":2,"href":"https:\/\/petproducts.com.cn\/pt\/wp-json\/wp\/v2\/product\/29308\/revisions"}],"predecessor-version":[{"id":29316,"href":"https:\/\/petproducts.com.cn\/pt\/wp-json\/wp\/v2\/product\/29308\/revisions\/29316"}],"wp:featuredmedia":[{"embeddable":true,"href":"https:\/\/petproducts.com.cn\/pt\/wp-json\/wp\/v2\/media\/29315"}],"wp:attachment":[{"href":"https:\/\/petproducts.com.cn\/pt\/wp-json\/wp\/v2\/media?parent=29308"}],"wp:term":[{"taxonomy":"product_brand","embeddable":true,"href":"https:\/\/petproducts.com.cn\/pt\/wp-json\/wp\/v2\/product_brand?post=29308"},{"taxonomy":"product_cat","embeddable":true,"href":"https:\/\/petproducts.com.cn\/pt\/wp-json\/wp\/v2\/product_cat?post=29308"},{"taxonomy":"product_tag","embeddable":true,"href":"https:\/\/petproducts.com.cn\/pt\/wp-json\/wp\/v2\/product_tag?post=29308"}],"curies":[{"name":"wp","href":"https:\/\/api.w.org\/{rel}","templated":true}]}}