{"id":29601,"date":"2024-10-15T07:20:34","date_gmt":"2024-10-15T07:20:34","guid":{"rendered":"https:\/\/petproducts.com.cn\/?post_type=product&#038;p=29601"},"modified":"2024-10-15T07:35:48","modified_gmt":"2024-10-15T07:35:48","slug":"cat-ball-toy-smart-interactive-pet-kitten-fishing-yoyo-cat-electric-toys","status":"publish","type":"product","link":"https:\/\/petproducts.com.cn\/pt\/product\/cat-ball-toy-smart-interactive-pet-kitten-fishing-yoyo-cat-electric-toys\/","title":{"rendered":"Brinquedo de bola para gatos Brinquedos el\u00e9ctricos interactivos inteligentes para gatinhos que pescam Yoyo Cat"},"content":{"rendered":"<h2>Carater\u00edsticas do brinquedo bola para gatos<\/h2>\n<ul>\n<li><strong>Saltos irregulares para uma excita\u00e7\u00e3o extra<\/strong>: O Cat Ball Toy salta de forma imprevis\u00edvel, estimulando os instintos naturais de ca\u00e7a do seu gato. Este movimento irregular mant\u00e9m o tempo de jogo interessante e ajuda o seu gato a manter-se ativo, garantindo que nunca perde o interesse.<\/li>\n<li><strong>Design eletr\u00f3nico inteligente para um jogo cont\u00ednuo<\/strong>: Este brinquedo el\u00e9trico para gatos possui um mecanismo eletr\u00f3nico que alimenta os seus movimentos \u00fanicos. Com um desempenho consistente, mant\u00e9m o seu gato entretido mesmo quando est\u00e1 ocupado, proporcionando divers\u00e3o interactiva sem parar.<\/li>\n<li><strong>Pr\u00e1tica fun\u00e7\u00e3o de suspens\u00e3o para uma utiliza\u00e7\u00e3o vers\u00e1til<\/strong>: Pode fixar facilmente o Pet Ball Toy em \u00e1rvores para gatos, tampos de mesa ou prateleiras. Esta flexibilidade permite-lhe criar zonas de brincadeira em qualquer lugar, dando ao seu gato a liberdade de desfrutar do seu novo brinquedo favorito em v\u00e1rios locais da casa.<\/li>\n<li><strong>Jogo interativo para divers\u00e3o a solo e partilhada<\/strong>: O brinquedo favorece as brincadeiras a solo, o que o torna perfeito para quando o seu gato precisa de se entreter sozinho. Ao mesmo tempo, pode utiliz\u00e1-lo para sess\u00f5es interactivas, refor\u00e7ando a liga\u00e7\u00e3o entre si e o seu animal de estima\u00e7\u00e3o.<\/li>\n<li><strong>Exterior de pel\u00facia macio e seguro<\/strong>: O <strong>Brinquedo bola para gatos<\/strong> combina um n\u00facleo eletr\u00f3nico dur\u00e1vel com uma superf\u00edcie de pel\u00facia macia que \u00e9 suave para as patas do seu gato. O exterior em pel\u00facia garante a seguran\u00e7a durante o jogo, enquanto a constru\u00e7\u00e3o robusta oferece um prazer duradouro.<\/li>\n<li><strong>Port\u00e1til e f\u00e1cil de guardar<\/strong>: O seu design compacto e leve torna o Cat Yoyo Toy f\u00e1cil de transportar e guardar. Pode desloc\u00e1-lo pela casa ou lev\u00e1-lo em viagens, assegurando que o seu gato tem o seu brinquedo preferido onde quer que v\u00e1.<\/li>\n<\/ul>\n<p style=\"text-align: center;\"><em><strong>Para mais informa\u00e7\u00f5es <a href=\"https:\/\/petproducts.com.cn\/pt\/wholesale-cat-toys\/\">brinquedos para gatos<\/a> &amp; <a href=\"https:\/\/petproducts.com.cn\/pt\/wholesale-dog-toys\/\">brinquedos para c\u00e3es<\/a>,<\/strong><\/em><em><strong>\u00a0por favor <a href=\"https:\/\/petproducts.com.cn\/pt\/contactar-nos\/\">Contate-nos<\/a>!<\/strong><\/em><\/p>","protected":false},"excerpt":{"rendered":"<p>A bola de brinquedo para gatos proporciona uma divers\u00e3o interactiva intermin\u00e1vel com o seu salto irregular e o seu design inteligente, perfeito para manter o seu gatinho envolvido e ativo.<\/p>","protected":false},"featured_media":29604,"template":"","meta":{"_acf_changed":false},"product_brand":[],"product_cat":[71,81,73,103],"product_tag":[182,253,230],"class_list":{"0":"post-29601","1":"product","2":"type-product","3":"status-publish","4":"has-post-thumbnail","6":"product_cat-cat-supplies","7":"product_cat-cat-toys","8":"product_cat-pet-electronics","9":"product_cat-toys","10":"product_tag-electronic-cat-toys","11":"product_tag-electronic-pet-toys","12":"product_tag-interactive-cat-toys","14":"first","15":"instock","16":"shipping-taxable","17":"product-type-simple"},"acf":[],"yoast_head":"<!-- This site is optimized with the Yoast SEO plugin v27.1.1 - https:\/\/yoast.com\/product\/yoast-seo-wordpress\/ -->\n<title>Cat Ball Toy | Cat Electric Toys Manufacturer- Petstar<\/title>\n<meta name=\"description\" content=\"Explore Cat Ball Toy from the best pet products supplier. Petstar is a global pet product manufacturer. Your ideal business solution with Petstar.\" \/>\n<meta name=\"robots\" content=\"index, follow, max-snippet:-1, max-image-preview:large, max-video-preview:-1\" \/>\n<link rel=\"canonical\" href=\"https:\/\/petproducts.com.cn\/pt\/produto\/cat-ball-toy-smart-interactive-pet-kitten-fishing-yoyo-cat-electric-toys\/\" \/>\n<meta property=\"og:locale\" content=\"pt_PT\" \/>\n<meta property=\"og:type\" content=\"article\" \/>\n<meta property=\"og:title\" content=\"Cat Ball Toy | Cat Electric Toys Manufacturer- Petstar\" \/>\n<meta property=\"og:description\" content=\"Explore Cat Ball Toy from the best pet products supplier. Petstar is a global pet product manufacturer. Your ideal business solution with Petstar.\" \/>\n<meta property=\"og:url\" content=\"https:\/\/petproducts.com.cn\/pt\/produto\/cat-ball-toy-smart-interactive-pet-kitten-fishing-yoyo-cat-electric-toys\/\" \/>\n<meta property=\"og:site_name\" content=\"Petstar\" \/>\n<meta property=\"article:modified_time\" content=\"2024-10-15T07:35:48+00:00\" \/>\n<meta property=\"og:image\" content=\"https:\/\/petproducts.com.cn\/wp-content\/uploads\/2024\/10\/Cat-Ball-Toy.webp\" \/>\n\t<meta property=\"og:image:width\" content=\"800\" \/>\n\t<meta property=\"og:image:height\" content=\"800\" \/>\n\t<meta property=\"og:image:type\" content=\"image\/webp\" \/>\n<meta name=\"twitter:card\" content=\"summary_large_image\" \/>\n<meta name=\"twitter:label1\" content=\"Tempo estimado de leitura\" \/>\n\t<meta name=\"twitter:data1\" content=\"2 minutos\" \/>\n<script type=\"application\/ld+json\" class=\"yoast-schema-graph\">{\"@context\":\"https:\/\/schema.org\",\"@graph\":[{\"@type\":\"WebPage\",\"@id\":\"https:\/\/petproducts.com.cn\/product\/cat-ball-toy-smart-interactive-pet-kitten-fishing-yoyo-cat-electric-toys\/\",\"url\":\"https:\/\/petproducts.com.cn\/product\/cat-ball-toy-smart-interactive-pet-kitten-fishing-yoyo-cat-electric-toys\/\",\"name\":\"Cat Ball Toy | Cat Electric Toys Manufacturer- Petstar\",\"isPartOf\":{\"@id\":\"https:\/\/petproducts.com.cn\/#website\"},\"primaryImageOfPage\":{\"@id\":\"https:\/\/petproducts.com.cn\/product\/cat-ball-toy-smart-interactive-pet-kitten-fishing-yoyo-cat-electric-toys\/#primaryimage\"},\"image\":{\"@id\":\"https:\/\/petproducts.com.cn\/product\/cat-ball-toy-smart-interactive-pet-kitten-fishing-yoyo-cat-electric-toys\/#primaryimage\"},\"thumbnailUrl\":\"https:\/\/petproducts.com.cn\/wp-content\/uploads\/2024\/10\/Cat-Ball-Toy.webp\",\"datePublished\":\"2024-10-15T07:20:34+00:00\",\"dateModified\":\"2024-10-15T07:35:48+00:00\",\"description\":\"Explore Cat Ball Toy from the best pet products supplier. Petstar is a global pet product manufacturer. Your ideal business solution with Petstar.\",\"breadcrumb\":{\"@id\":\"https:\/\/petproducts.com.cn\/product\/cat-ball-toy-smart-interactive-pet-kitten-fishing-yoyo-cat-electric-toys\/#breadcrumb\"},\"inLanguage\":\"pt-PT\",\"potentialAction\":[{\"@type\":\"ReadAction\",\"target\":[\"https:\/\/petproducts.com.cn\/product\/cat-ball-toy-smart-interactive-pet-kitten-fishing-yoyo-cat-electric-toys\/\"]}]},{\"@type\":\"ImageObject\",\"inLanguage\":\"pt-PT\",\"@id\":\"https:\/\/petproducts.com.cn\/product\/cat-ball-toy-smart-interactive-pet-kitten-fishing-yoyo-cat-electric-toys\/#primaryimage\",\"url\":\"https:\/\/petproducts.com.cn\/wp-content\/uploads\/2024\/10\/Cat-Ball-Toy.webp\",\"contentUrl\":\"https:\/\/petproducts.com.cn\/wp-content\/uploads\/2024\/10\/Cat-Ball-Toy.webp\",\"width\":800,\"height\":800,\"caption\":\"Cat Ball Toy\"},{\"@type\":\"BreadcrumbList\",\"@id\":\"https:\/\/petproducts.com.cn\/product\/cat-ball-toy-smart-interactive-pet-kitten-fishing-yoyo-cat-electric-toys\/#breadcrumb\",\"itemListElement\":[{\"@type\":\"ListItem\",\"position\":1,\"name\":\"HOME\",\"item\":\"https:\/\/petproducts.com.cn\/\"},{\"@type\":\"ListItem\",\"position\":2,\"name\":\"Products\",\"item\":\"https:\/\/petproducts.com.cn\/shop\/\"},{\"@type\":\"ListItem\",\"position\":3,\"name\":\"Cat Toys\",\"item\":\"https:\/\/petproducts.com.cn\/product-category\/cat-toys\/\"},{\"@type\":\"ListItem\",\"position\":4,\"name\":\"Cat Ball Toy Smart Interactive Pet Kitten Fishing Yoyo Cat Electric Toys\"}]},{\"@type\":\"WebSite\",\"@id\":\"https:\/\/petproducts.com.cn\/#website\",\"url\":\"https:\/\/petproducts.com.cn\/\",\"name\":\"Petstar\",\"description\":\"Leading Pet Supplies Manufacturer &amp; OEM Pet Products Supplier\",\"publisher\":{\"@id\":\"https:\/\/petproducts.com.cn\/#organization\"},\"alternateName\":\"Petstar Pet Supplies\",\"potentialAction\":[{\"@type\":\"SearchAction\",\"target\":{\"@type\":\"EntryPoint\",\"urlTemplate\":\"https:\/\/petproducts.com.cn\/?s={search_term_string}\"},\"query-input\":{\"@type\":\"PropertyValueSpecification\",\"valueRequired\":true,\"valueName\":\"search_term_string\"}}],\"inLanguage\":\"pt-PT\"},{\"@type\":\"Organization\",\"@id\":\"https:\/\/petproducts.com.cn\/#organization\",\"name\":\"Petstar\",\"url\":\"https:\/\/petproducts.com.cn\/\",\"logo\":{\"@type\":\"ImageObject\",\"inLanguage\":\"pt-PT\",\"@id\":\"https:\/\/petproducts.com.cn\/#\/schema\/logo\/image\/\",\"url\":\"https:\/\/petproducts.com.cn\/wp-content\/uploads\/2020\/02\/petstar-logo.webp\",\"contentUrl\":\"https:\/\/petproducts.com.cn\/wp-content\/uploads\/2020\/02\/petstar-logo.webp\",\"width\":779,\"height\":520,\"caption\":\"Petstar\"},\"image\":{\"@id\":\"https:\/\/petproducts.com.cn\/#\/schema\/logo\/image\/\"}}]}<\/script>\n<!-- \/ Yoast SEO plugin. -->","yoast_head_json":{"title":"Brinquedo de bola para gatos | Brinquedos el\u00e9ctricos para gatos Fabricante- Petstar","description":"Explore Cat Ball Toy do melhor fornecedor de produtos para animais de estima\u00e7\u00e3o. Petstar \u00e9 um fabricante global de produtos para animais de estima\u00e7\u00e3o. A sua solu\u00e7\u00e3o de neg\u00f3cio ideal com Petstar.","robots":{"index":"index","follow":"follow","max-snippet":"max-snippet:-1","max-image-preview":"max-image-preview:large","max-video-preview":"max-video-preview:-1"},"canonical":"https:\/\/petproducts.com.cn\/pt\/produto\/cat-ball-toy-smart-interactive-pet-kitten-fishing-yoyo-cat-electric-toys\/","og_locale":"pt_PT","og_type":"article","og_title":"Cat Ball Toy | Cat Electric Toys Manufacturer- Petstar","og_description":"Explore Cat Ball Toy from the best pet products supplier. Petstar is a global pet product manufacturer. Your ideal business solution with Petstar.","og_url":"https:\/\/petproducts.com.cn\/pt\/produto\/cat-ball-toy-smart-interactive-pet-kitten-fishing-yoyo-cat-electric-toys\/","og_site_name":"Petstar","article_modified_time":"2024-10-15T07:35:48+00:00","og_image":[{"width":800,"height":800,"url":"https:\/\/petproducts.com.cn\/wp-content\/uploads\/2024\/10\/Cat-Ball-Toy.webp","type":"image\/webp"}],"twitter_card":"summary_large_image","twitter_misc":{"Tempo estimado de leitura":"2 minutos"},"schema":{"@context":"https:\/\/schema.org","@graph":[{"@type":"WebPage","@id":"https:\/\/petproducts.com.cn\/product\/cat-ball-toy-smart-interactive-pet-kitten-fishing-yoyo-cat-electric-toys\/","url":"https:\/\/petproducts.com.cn\/product\/cat-ball-toy-smart-interactive-pet-kitten-fishing-yoyo-cat-electric-toys\/","name":"Brinquedo de bola para gatos | Brinquedos el\u00e9ctricos para gatos Fabricante- Petstar","isPartOf":{"@id":"https:\/\/petproducts.com.cn\/#website"},"primaryImageOfPage":{"@id":"https:\/\/petproducts.com.cn\/product\/cat-ball-toy-smart-interactive-pet-kitten-fishing-yoyo-cat-electric-toys\/#primaryimage"},"image":{"@id":"https:\/\/petproducts.com.cn\/product\/cat-ball-toy-smart-interactive-pet-kitten-fishing-yoyo-cat-electric-toys\/#primaryimage"},"thumbnailUrl":"https:\/\/petproducts.com.cn\/wp-content\/uploads\/2024\/10\/Cat-Ball-Toy.webp","datePublished":"2024-10-15T07:20:34+00:00","dateModified":"2024-10-15T07:35:48+00:00","description":"Explore Cat Ball Toy do melhor fornecedor de produtos para animais de estima\u00e7\u00e3o. Petstar \u00e9 um fabricante global de produtos para animais de estima\u00e7\u00e3o. A sua solu\u00e7\u00e3o de neg\u00f3cio ideal com Petstar.","breadcrumb":{"@id":"https:\/\/petproducts.com.cn\/product\/cat-ball-toy-smart-interactive-pet-kitten-fishing-yoyo-cat-electric-toys\/#breadcrumb"},"inLanguage":"pt-PT","potentialAction":[{"@type":"ReadAction","target":["https:\/\/petproducts.com.cn\/product\/cat-ball-toy-smart-interactive-pet-kitten-fishing-yoyo-cat-electric-toys\/"]}]},{"@type":"ImageObject","inLanguage":"pt-PT","@id":"https:\/\/petproducts.com.cn\/product\/cat-ball-toy-smart-interactive-pet-kitten-fishing-yoyo-cat-electric-toys\/#primaryimage","url":"https:\/\/petproducts.com.cn\/wp-content\/uploads\/2024\/10\/Cat-Ball-Toy.webp","contentUrl":"https:\/\/petproducts.com.cn\/wp-content\/uploads\/2024\/10\/Cat-Ball-Toy.webp","width":800,"height":800,"caption":"Cat Ball Toy"},{"@type":"BreadcrumbList","@id":"https:\/\/petproducts.com.cn\/product\/cat-ball-toy-smart-interactive-pet-kitten-fishing-yoyo-cat-electric-toys\/#breadcrumb","itemListElement":[{"@type":"ListItem","position":1,"name":"HOME","item":"https:\/\/petproducts.com.cn\/"},{"@type":"ListItem","position":2,"name":"Products","item":"https:\/\/petproducts.com.cn\/shop\/"},{"@type":"ListItem","position":3,"name":"Cat Toys","item":"https:\/\/petproducts.com.cn\/product-category\/cat-toys\/"},{"@type":"ListItem","position":4,"name":"Cat Ball Toy Smart Interactive Pet Kitten Fishing Yoyo Cat Electric Toys"}]},{"@type":"WebSite","@id":"https:\/\/petproducts.com.cn\/#website","url":"https:\/\/petproducts.com.cn\/","name":"Petstar","description":"Fabricante l\u00edder de artigos para animais de estima\u00e7\u00e3o e fornecedor de produtos OEM para animais de estima\u00e7\u00e3o","publisher":{"@id":"https:\/\/petproducts.com.cn\/#organization"},"alternateName":"Petstar Pet Supplies","potentialAction":[{"@type":"SearchAction","target":{"@type":"EntryPoint","urlTemplate":"https:\/\/petproducts.com.cn\/?s={search_term_string}"},"query-input":{"@type":"PropertyValueSpecification","valueRequired":true,"valueName":"search_term_string"}}],"inLanguage":"pt-PT"},{"@type":"Organization","@id":"https:\/\/petproducts.com.cn\/#organization","name":"Petstar","url":"https:\/\/petproducts.com.cn\/","logo":{"@type":"ImageObject","inLanguage":"pt-PT","@id":"https:\/\/petproducts.com.cn\/#\/schema\/logo\/image\/","url":"https:\/\/petproducts.com.cn\/wp-content\/uploads\/2020\/02\/petstar-logo.webp","contentUrl":"https:\/\/petproducts.com.cn\/wp-content\/uploads\/2020\/02\/petstar-logo.webp","width":779,"height":520,"caption":"Petstar"},"image":{"@id":"https:\/\/petproducts.com.cn\/#\/schema\/logo\/image\/"}}]}},"_links":{"self":[{"href":"https:\/\/petproducts.com.cn\/pt\/wp-json\/wp\/v2\/product\/29601","targetHints":{"allow":["GET"]}}],"collection":[{"href":"https:\/\/petproducts.com.cn\/pt\/wp-json\/wp\/v2\/product"}],"about":[{"href":"https:\/\/petproducts.com.cn\/pt\/wp-json\/wp\/v2\/types\/product"}],"version-history":[{"count":2,"href":"https:\/\/petproducts.com.cn\/pt\/wp-json\/wp\/v2\/product\/29601\/revisions"}],"predecessor-version":[{"id":29609,"href":"https:\/\/petproducts.com.cn\/pt\/wp-json\/wp\/v2\/product\/29601\/revisions\/29609"}],"wp:featuredmedia":[{"embeddable":true,"href":"https:\/\/petproducts.com.cn\/pt\/wp-json\/wp\/v2\/media\/29604"}],"wp:attachment":[{"href":"https:\/\/petproducts.com.cn\/pt\/wp-json\/wp\/v2\/media?parent=29601"}],"wp:term":[{"taxonomy":"product_brand","embeddable":true,"href":"https:\/\/petproducts.com.cn\/pt\/wp-json\/wp\/v2\/product_brand?post=29601"},{"taxonomy":"product_cat","embeddable":true,"href":"https:\/\/petproducts.com.cn\/pt\/wp-json\/wp\/v2\/product_cat?post=29601"},{"taxonomy":"product_tag","embeddable":true,"href":"https:\/\/petproducts.com.cn\/pt\/wp-json\/wp\/v2\/product_tag?post=29601"}],"curies":[{"name":"wp","href":"https:\/\/api.w.org\/{rel}","templated":true}]}}