{"id":29820,"date":"2024-10-22T05:44:08","date_gmt":"2024-10-22T05:44:08","guid":{"rendered":"https:\/\/petproducts.com.cn\/?post_type=product&#038;p=29820"},"modified":"2024-10-22T06:23:49","modified_gmt":"2024-10-22T06:23:49","slug":"cat-dog-carrier-bag-shoulder-bag-handbag-cute-panda-shape-pet-travel-bags","status":"publish","type":"product","link":"https:\/\/petproducts.com.cn\/pt\/product\/cat-dog-carrier-bag-shoulder-bag-handbag-cute-panda-shape-pet-travel-bags\/","title":{"rendered":"Bolsa de transporte para c\u00e3es e gatos Bolsa de ombro Bolsa de viagem para animais de estima\u00e7\u00e3o em forma de panda"},"content":{"rendered":"<h2><strong>Carater\u00edsticas do saco de transporte para c\u00e3es e gatos<\/strong><\/h2>\n<ul>\n<li><strong>Desenho de panda ador\u00e1vel<\/strong>: Este saco de transporte para c\u00e3es e gatos apresenta uma forma divertida de panda, com um orif\u00edcio redondo no meio por onde a cabe\u00e7a do seu animal de estima\u00e7\u00e3o pode passar, fazendo com que pare\u00e7a a cabe\u00e7a do panda. O design giro e \u00fanico acrescenta divers\u00e3o \u00e0 experi\u00eancia de viagem do seu animal de estima\u00e7\u00e3o.<\/li>\n<li><strong>Op\u00e7\u00f5es de transporte vers\u00e1teis<\/strong>: Pode transportar este saco como saco de ombro ou de m\u00e3o, o que lhe d\u00e1 flexibilidade na forma como transporta o seu animal de estima\u00e7\u00e3o. As al\u00e7as resistentes facilitam a altern\u00e2ncia entre os estilos de transporte, consoante o seu conforto e as suas necessidades.<\/li>\n<li><strong>Material macio e confort\u00e1vel<\/strong>: O saco \u00e9 feito de um tecido macio e de pel\u00facia que garante o conforto do seu animal de estima\u00e7\u00e3o no interior. A textura de pel\u00facia torna-o confort\u00e1vel para o seu animal de estima\u00e7\u00e3o se deitar, ao mesmo tempo que lhe d\u00e1 uma ader\u00eancia confort\u00e1vel.<\/li>\n<li><strong>Dur\u00e1vel e leve<\/strong>: Apesar dos seus materiais macios, este saco de transporte para c\u00e3es e gatos \u00e9 leve mas duradouro. Suporta a utiliza\u00e7\u00e3o regular e os movimentos inevit\u00e1veis do seu animal de estima\u00e7\u00e3o sem perder a sua forma.<\/li>\n<li><strong>Cor verde elegante<\/strong>: A cor verde n\u00e3o s\u00f3 d\u00e1 ao porta-animais um aspeto elegante, como tamb\u00e9m se destaca como um acess\u00f3rio moderno quando est\u00e1 a passear com o seu animal de estima\u00e7\u00e3o. Esta cor fresca complementa o design do panda para um visual \u00fanico e apelativo.<\/li>\n<\/ul>\n<p style=\"text-align: center;\"><em><strong>Para mais informa\u00e7\u00f5es <a href=\"https:\/\/petproducts.com.cn\/pt\/dog-carriers-manufacturer\/\">transportadores para animais de estima\u00e7\u00e3o<\/a>, por favor <a href=\"https:\/\/petproducts.com.cn\/pt\/contactar-nos\/\">Contate-nos<\/a>!<\/strong><\/em><\/p>\n<p>&nbsp;<\/p>","protected":false},"excerpt":{"rendered":"<p>O saco de transporte para c\u00e3es e gatos em forma de panda oferece uma forma elegante e pr\u00e1tica de transportar o seu animal de estima\u00e7\u00e3o. Com materiais macios e um design inteligente, \u00e9 perfeito para viajar confortavelmente com o seu animal de estima\u00e7\u00e3o.<\/p>","protected":false},"featured_media":29823,"template":"","meta":{"_acf_changed":false},"product_brand":[],"product_cat":[133,71,132,72],"product_tag":[192,257],"class_list":{"0":"post-29820","1":"product","2":"type-product","3":"status-publish","4":"has-post-thumbnail","6":"product_cat-cat-carriers-car-supplies","7":"product_cat-cat-supplies","8":"product_cat-dog-carriers-car-supplies","9":"product_cat-dog-supplies","10":"product_tag-pet-bags","11":"product_tag-pet-carriers","13":"first","14":"instock","15":"shipping-taxable","16":"product-type-simple"},"acf":[],"yoast_head":"<!-- This site is optimized with the Yoast SEO plugin v27.1.1 - https:\/\/yoast.com\/product\/yoast-seo-wordpress\/ -->\n<title>Cat Dog Carrier Bag | Pet Travel Bags Manufacturer - Petstar<\/title>\n<meta name=\"description\" content=\"Explore Cat Dog Carrier Bag from the best pet product supplier. Petstar is a global pet supplies manufacturer. Your ideal business solution with Petstar.\" \/>\n<meta name=\"robots\" content=\"index, follow, max-snippet:-1, max-image-preview:large, max-video-preview:-1\" \/>\n<link rel=\"canonical\" href=\"https:\/\/petproducts.com.cn\/pt\/produto\/cat-dog-carrier-bag-shoulder-bag-handbag-cute-panda-shape-pet-travel-bags\/\" \/>\n<meta property=\"og:locale\" content=\"pt_PT\" \/>\n<meta property=\"og:type\" content=\"article\" \/>\n<meta property=\"og:title\" content=\"Cat Dog Carrier Bag | Pet Travel Bags Manufacturer - Petstar\" \/>\n<meta property=\"og:description\" content=\"Explore Cat Dog Carrier Bag from the best pet product supplier. Petstar is a global pet supplies manufacturer. Your ideal business solution with Petstar.\" \/>\n<meta property=\"og:url\" content=\"https:\/\/petproducts.com.cn\/pt\/produto\/cat-dog-carrier-bag-shoulder-bag-handbag-cute-panda-shape-pet-travel-bags\/\" \/>\n<meta property=\"og:site_name\" content=\"Petstar\" \/>\n<meta property=\"article:modified_time\" content=\"2024-10-22T06:23:49+00:00\" \/>\n<meta property=\"og:image\" content=\"https:\/\/petproducts.com.cn\/wp-content\/uploads\/2024\/10\/Cat-Dog-Carrier-Bag.jpg\" \/>\n\t<meta property=\"og:image:width\" content=\"1000\" \/>\n\t<meta property=\"og:image:height\" content=\"1000\" \/>\n\t<meta property=\"og:image:type\" content=\"image\/jpeg\" \/>\n<meta name=\"twitter:card\" content=\"summary_large_image\" \/>\n<meta name=\"twitter:label1\" content=\"Tempo estimado de leitura\" \/>\n\t<meta name=\"twitter:data1\" content=\"2 minutos\" \/>\n<script type=\"application\/ld+json\" class=\"yoast-schema-graph\">{\"@context\":\"https:\/\/schema.org\",\"@graph\":[{\"@type\":\"WebPage\",\"@id\":\"https:\/\/petproducts.com.cn\/product\/cat-dog-carrier-bag-shoulder-bag-handbag-cute-panda-shape-pet-travel-bags\/\",\"url\":\"https:\/\/petproducts.com.cn\/product\/cat-dog-carrier-bag-shoulder-bag-handbag-cute-panda-shape-pet-travel-bags\/\",\"name\":\"Cat Dog Carrier Bag | Pet Travel Bags Manufacturer - Petstar\",\"isPartOf\":{\"@id\":\"https:\/\/petproducts.com.cn\/#website\"},\"primaryImageOfPage\":{\"@id\":\"https:\/\/petproducts.com.cn\/product\/cat-dog-carrier-bag-shoulder-bag-handbag-cute-panda-shape-pet-travel-bags\/#primaryimage\"},\"image\":{\"@id\":\"https:\/\/petproducts.com.cn\/product\/cat-dog-carrier-bag-shoulder-bag-handbag-cute-panda-shape-pet-travel-bags\/#primaryimage\"},\"thumbnailUrl\":\"https:\/\/petproducts.com.cn\/wp-content\/uploads\/2024\/10\/Cat-Dog-Carrier-Bag.jpg\",\"datePublished\":\"2024-10-22T05:44:08+00:00\",\"dateModified\":\"2024-10-22T06:23:49+00:00\",\"description\":\"Explore Cat Dog Carrier Bag from the best pet product supplier. Petstar is a global pet supplies manufacturer. Your ideal business solution with Petstar.\",\"breadcrumb\":{\"@id\":\"https:\/\/petproducts.com.cn\/product\/cat-dog-carrier-bag-shoulder-bag-handbag-cute-panda-shape-pet-travel-bags\/#breadcrumb\"},\"inLanguage\":\"pt-PT\",\"potentialAction\":[{\"@type\":\"ReadAction\",\"target\":[\"https:\/\/petproducts.com.cn\/product\/cat-dog-carrier-bag-shoulder-bag-handbag-cute-panda-shape-pet-travel-bags\/\"]}]},{\"@type\":\"ImageObject\",\"inLanguage\":\"pt-PT\",\"@id\":\"https:\/\/petproducts.com.cn\/product\/cat-dog-carrier-bag-shoulder-bag-handbag-cute-panda-shape-pet-travel-bags\/#primaryimage\",\"url\":\"https:\/\/petproducts.com.cn\/wp-content\/uploads\/2024\/10\/Cat-Dog-Carrier-Bag.jpg\",\"contentUrl\":\"https:\/\/petproducts.com.cn\/wp-content\/uploads\/2024\/10\/Cat-Dog-Carrier-Bag.jpg\",\"width\":1000,\"height\":1000,\"caption\":\"Cat Dog Carrier Bag\"},{\"@type\":\"BreadcrumbList\",\"@id\":\"https:\/\/petproducts.com.cn\/product\/cat-dog-carrier-bag-shoulder-bag-handbag-cute-panda-shape-pet-travel-bags\/#breadcrumb\",\"itemListElement\":[{\"@type\":\"ListItem\",\"position\":1,\"name\":\"HOME\",\"item\":\"https:\/\/petproducts.com.cn\/\"},{\"@type\":\"ListItem\",\"position\":2,\"name\":\"Products\",\"item\":\"https:\/\/petproducts.com.cn\/shop\/\"},{\"@type\":\"ListItem\",\"position\":3,\"name\":\"Dog Carriers &amp; Car Supplies\",\"item\":\"https:\/\/petproducts.com.cn\/product-category\/dog-carriers-car-supplies\/\"},{\"@type\":\"ListItem\",\"position\":4,\"name\":\"Cat Dog Carrier Bag Shoulder Bag Handbag Cute Panda Shape Pet Travel Bags\"}]},{\"@type\":\"WebSite\",\"@id\":\"https:\/\/petproducts.com.cn\/#website\",\"url\":\"https:\/\/petproducts.com.cn\/\",\"name\":\"Petstar\",\"description\":\"Leading Pet Supplies Manufacturer &amp; OEM Pet Products Supplier\",\"publisher\":{\"@id\":\"https:\/\/petproducts.com.cn\/#organization\"},\"alternateName\":\"Petstar Pet Supplies\",\"potentialAction\":[{\"@type\":\"SearchAction\",\"target\":{\"@type\":\"EntryPoint\",\"urlTemplate\":\"https:\/\/petproducts.com.cn\/?s={search_term_string}\"},\"query-input\":{\"@type\":\"PropertyValueSpecification\",\"valueRequired\":true,\"valueName\":\"search_term_string\"}}],\"inLanguage\":\"pt-PT\"},{\"@type\":\"Organization\",\"@id\":\"https:\/\/petproducts.com.cn\/#organization\",\"name\":\"Petstar\",\"url\":\"https:\/\/petproducts.com.cn\/\",\"logo\":{\"@type\":\"ImageObject\",\"inLanguage\":\"pt-PT\",\"@id\":\"https:\/\/petproducts.com.cn\/#\/schema\/logo\/image\/\",\"url\":\"https:\/\/petproducts.com.cn\/wp-content\/uploads\/2020\/02\/petstar-logo.webp\",\"contentUrl\":\"https:\/\/petproducts.com.cn\/wp-content\/uploads\/2020\/02\/petstar-logo.webp\",\"width\":779,\"height\":520,\"caption\":\"Petstar\"},\"image\":{\"@id\":\"https:\/\/petproducts.com.cn\/#\/schema\/logo\/image\/\"}}]}<\/script>\n<!-- \/ Yoast SEO plugin. -->","yoast_head_json":{"title":"Saco de transporte para c\u00e3es e gatos | Sacos de viagem para animais de estima\u00e7\u00e3o Fabricante - Petstar","description":"Explore Bolsa de transporte para c\u00e3es e gatos do melhor fornecedor de produtos para animais de estima\u00e7\u00e3o. Petstar \u00e9 um fabricante global de produtos para animais de estima\u00e7\u00e3o. A sua solu\u00e7\u00e3o de neg\u00f3cio ideal com Petstar.","robots":{"index":"index","follow":"follow","max-snippet":"max-snippet:-1","max-image-preview":"max-image-preview:large","max-video-preview":"max-video-preview:-1"},"canonical":"https:\/\/petproducts.com.cn\/pt\/produto\/cat-dog-carrier-bag-shoulder-bag-handbag-cute-panda-shape-pet-travel-bags\/","og_locale":"pt_PT","og_type":"article","og_title":"Cat Dog Carrier Bag | Pet Travel Bags Manufacturer - Petstar","og_description":"Explore Cat Dog Carrier Bag from the best pet product supplier. Petstar is a global pet supplies manufacturer. Your ideal business solution with Petstar.","og_url":"https:\/\/petproducts.com.cn\/pt\/produto\/cat-dog-carrier-bag-shoulder-bag-handbag-cute-panda-shape-pet-travel-bags\/","og_site_name":"Petstar","article_modified_time":"2024-10-22T06:23:49+00:00","og_image":[{"width":1000,"height":1000,"url":"https:\/\/petproducts.com.cn\/wp-content\/uploads\/2024\/10\/Cat-Dog-Carrier-Bag.jpg","type":"image\/jpeg"}],"twitter_card":"summary_large_image","twitter_misc":{"Tempo estimado de leitura":"2 minutos"},"schema":{"@context":"https:\/\/schema.org","@graph":[{"@type":"WebPage","@id":"https:\/\/petproducts.com.cn\/product\/cat-dog-carrier-bag-shoulder-bag-handbag-cute-panda-shape-pet-travel-bags\/","url":"https:\/\/petproducts.com.cn\/product\/cat-dog-carrier-bag-shoulder-bag-handbag-cute-panda-shape-pet-travel-bags\/","name":"Saco de transporte para c\u00e3es e gatos | Sacos de viagem para animais de estima\u00e7\u00e3o Fabricante - Petstar","isPartOf":{"@id":"https:\/\/petproducts.com.cn\/#website"},"primaryImageOfPage":{"@id":"https:\/\/petproducts.com.cn\/product\/cat-dog-carrier-bag-shoulder-bag-handbag-cute-panda-shape-pet-travel-bags\/#primaryimage"},"image":{"@id":"https:\/\/petproducts.com.cn\/product\/cat-dog-carrier-bag-shoulder-bag-handbag-cute-panda-shape-pet-travel-bags\/#primaryimage"},"thumbnailUrl":"https:\/\/petproducts.com.cn\/wp-content\/uploads\/2024\/10\/Cat-Dog-Carrier-Bag.jpg","datePublished":"2024-10-22T05:44:08+00:00","dateModified":"2024-10-22T06:23:49+00:00","description":"Explore Bolsa de transporte para c\u00e3es e gatos do melhor fornecedor de produtos para animais de estima\u00e7\u00e3o. Petstar \u00e9 um fabricante global de produtos para animais de estima\u00e7\u00e3o. A sua solu\u00e7\u00e3o de neg\u00f3cio ideal com Petstar.","breadcrumb":{"@id":"https:\/\/petproducts.com.cn\/product\/cat-dog-carrier-bag-shoulder-bag-handbag-cute-panda-shape-pet-travel-bags\/#breadcrumb"},"inLanguage":"pt-PT","potentialAction":[{"@type":"ReadAction","target":["https:\/\/petproducts.com.cn\/product\/cat-dog-carrier-bag-shoulder-bag-handbag-cute-panda-shape-pet-travel-bags\/"]}]},{"@type":"ImageObject","inLanguage":"pt-PT","@id":"https:\/\/petproducts.com.cn\/product\/cat-dog-carrier-bag-shoulder-bag-handbag-cute-panda-shape-pet-travel-bags\/#primaryimage","url":"https:\/\/petproducts.com.cn\/wp-content\/uploads\/2024\/10\/Cat-Dog-Carrier-Bag.jpg","contentUrl":"https:\/\/petproducts.com.cn\/wp-content\/uploads\/2024\/10\/Cat-Dog-Carrier-Bag.jpg","width":1000,"height":1000,"caption":"Cat Dog Carrier Bag"},{"@type":"BreadcrumbList","@id":"https:\/\/petproducts.com.cn\/product\/cat-dog-carrier-bag-shoulder-bag-handbag-cute-panda-shape-pet-travel-bags\/#breadcrumb","itemListElement":[{"@type":"ListItem","position":1,"name":"HOME","item":"https:\/\/petproducts.com.cn\/"},{"@type":"ListItem","position":2,"name":"Products","item":"https:\/\/petproducts.com.cn\/shop\/"},{"@type":"ListItem","position":3,"name":"Dog Carriers &amp; Car Supplies","item":"https:\/\/petproducts.com.cn\/product-category\/dog-carriers-car-supplies\/"},{"@type":"ListItem","position":4,"name":"Cat Dog Carrier Bag Shoulder Bag Handbag Cute Panda Shape Pet Travel Bags"}]},{"@type":"WebSite","@id":"https:\/\/petproducts.com.cn\/#website","url":"https:\/\/petproducts.com.cn\/","name":"Petstar","description":"Fabricante l\u00edder de artigos para animais de estima\u00e7\u00e3o e fornecedor de produtos OEM para animais de estima\u00e7\u00e3o","publisher":{"@id":"https:\/\/petproducts.com.cn\/#organization"},"alternateName":"Petstar Pet Supplies","potentialAction":[{"@type":"SearchAction","target":{"@type":"EntryPoint","urlTemplate":"https:\/\/petproducts.com.cn\/?s={search_term_string}"},"query-input":{"@type":"PropertyValueSpecification","valueRequired":true,"valueName":"search_term_string"}}],"inLanguage":"pt-PT"},{"@type":"Organization","@id":"https:\/\/petproducts.com.cn\/#organization","name":"Petstar","url":"https:\/\/petproducts.com.cn\/","logo":{"@type":"ImageObject","inLanguage":"pt-PT","@id":"https:\/\/petproducts.com.cn\/#\/schema\/logo\/image\/","url":"https:\/\/petproducts.com.cn\/wp-content\/uploads\/2020\/02\/petstar-logo.webp","contentUrl":"https:\/\/petproducts.com.cn\/wp-content\/uploads\/2020\/02\/petstar-logo.webp","width":779,"height":520,"caption":"Petstar"},"image":{"@id":"https:\/\/petproducts.com.cn\/#\/schema\/logo\/image\/"}}]}},"_links":{"self":[{"href":"https:\/\/petproducts.com.cn\/pt\/wp-json\/wp\/v2\/product\/29820","targetHints":{"allow":["GET"]}}],"collection":[{"href":"https:\/\/petproducts.com.cn\/pt\/wp-json\/wp\/v2\/product"}],"about":[{"href":"https:\/\/petproducts.com.cn\/pt\/wp-json\/wp\/v2\/types\/product"}],"version-history":[{"count":2,"href":"https:\/\/petproducts.com.cn\/pt\/wp-json\/wp\/v2\/product\/29820\/revisions"}],"predecessor-version":[{"id":29828,"href":"https:\/\/petproducts.com.cn\/pt\/wp-json\/wp\/v2\/product\/29820\/revisions\/29828"}],"wp:featuredmedia":[{"embeddable":true,"href":"https:\/\/petproducts.com.cn\/pt\/wp-json\/wp\/v2\/media\/29823"}],"wp:attachment":[{"href":"https:\/\/petproducts.com.cn\/pt\/wp-json\/wp\/v2\/media?parent=29820"}],"wp:term":[{"taxonomy":"product_brand","embeddable":true,"href":"https:\/\/petproducts.com.cn\/pt\/wp-json\/wp\/v2\/product_brand?post=29820"},{"taxonomy":"product_cat","embeddable":true,"href":"https:\/\/petproducts.com.cn\/pt\/wp-json\/wp\/v2\/product_cat?post=29820"},{"taxonomy":"product_tag","embeddable":true,"href":"https:\/\/petproducts.com.cn\/pt\/wp-json\/wp\/v2\/product_tag?post=29820"}],"curies":[{"name":"wp","href":"https:\/\/api.w.org\/{rel}","templated":true}]}}