{"id":30105,"date":"2024-10-29T02:54:03","date_gmt":"2024-10-29T02:54:03","guid":{"rendered":"https:\/\/petproducts.com.cn\/?post_type=product&#038;p=30105"},"modified":"2024-10-29T06:14:40","modified_gmt":"2024-10-29T06:14:40","slug":"eco-pet-beds-house-2-in-1-recycle-pet-fabric-recycled-kitty-cave-cat-bed","status":"publish","type":"product","link":"https:\/\/petproducts.com.cn\/pt\/product\/eco-pet-beds-house-2-in-1-recycle-pet-fabric-recycled-kitty-cave-cat-bed\/","title":{"rendered":"Cama para gatos Eco Pet Beds House 2 em 1 Reciclar PET Tecido Reciclado Kitty Cave"},"content":{"rendered":"<h2>Carater\u00edsticas das Eco Pet Beds<\/h2>\n<ul>\n<li><strong>Tecido PET reciclado amigo do ambiente<\/strong>: Fabricadas com tecido PET reciclado 100%, as Eco Pet Beds permitem-lhe proporcionar um espa\u00e7o acolhedor ao seu animal de estima\u00e7\u00e3o, apoiando simultaneamente um estilo de vida sustent\u00e1vel. Os materiais ecol\u00f3gicos tornam-na uma escolha respons\u00e1vel para os donos de animais com consci\u00eancia ambiental.<\/li>\n<li><strong>Design 2 em 1 - Cama-cama e sof\u00e1-cama<\/strong>: Esta cama transforma-se facilmente de uma caverna confort\u00e1vel num sof\u00e1-cama aberto, adaptando-se \u00e0s prefer\u00eancias do seu animal de estima\u00e7\u00e3o. Quando o seu animal de estima\u00e7\u00e3o quer privacidade, a gruta oferece um espa\u00e7o seguro e fechado, e quando prefere relaxar, basta transform\u00e1-la num sof\u00e1-cama macio.<\/li>\n<li><strong>Interior quente e confort\u00e1vel<\/strong>: O interior de pel\u00facia proporciona calor e suavidade, dando ao seu animal de estima\u00e7\u00e3o um lugar reconfortante para dormir e relaxar. Esta cama \u00e9 perfeita para animais de estima\u00e7\u00e3o que adoram um ambiente acolhedor, tornando-a ideal para o tempo frio e para o conforto durante todo o dia.<\/li>\n<li><strong>Fundo antiderrapante para estabilidade<\/strong>: Concebida com um fundo antiderrapante, esta cama mant\u00e9m-se firmemente no lugar, impedindo o movimento em qualquer tipo de pavimento. N\u00e3o ter\u00e1 de se preocupar com o facto de ela deslizar quando o seu animal de estima\u00e7\u00e3o entra ou sai, garantindo um local de repouso est\u00e1vel e seguro.<\/li>\n<\/ul>\n<p style=\"text-align: center;\"><em><strong>Para mais informa\u00e7\u00f5es <a href=\"https:\/\/petproducts.com.cn\/pt\/wholesale-dog-beds\/\">c\u00e3o\u00a0<\/a><\/strong><\/em><em><strong><a href=\"https:\/\/petproducts.com.cn\/pt\/wholesale-dog-beds\/\">camas<\/a> &amp; <a href=\"https:\/\/petproducts.com.cn\/pt\/wholesale-cat-beds\/\">camas para gatos<\/a>, por favor <a href=\"https:\/\/petproducts.com.cn\/pt\/contactar-nos\/\">Contate-nos<\/a>!<\/strong><\/em><\/p>","protected":false},"excerpt":{"rendered":"<p>A Eco Pet Beds House \u00e9 uma cama para animais de estima\u00e7\u00e3o sustent\u00e1vel e vers\u00e1til que funciona como uma caverna acolhedora e um sof\u00e1-cama macio. Fabricada com tecido PET reciclado, esta cama amiga do ambiente oferece calor e conforto ao seu animal de estima\u00e7\u00e3o.<\/p>","protected":false},"featured_media":30107,"template":"","meta":{"_acf_changed":false},"product_brand":[],"product_cat":[58,71,57,72],"product_tag":[242,203,197,241],"class_list":{"0":"post-30105","1":"product","2":"type-product","3":"status-publish","4":"has-post-thumbnail","6":"product_cat-cat-beds","7":"product_cat-cat-supplies","8":"product_cat-dog-beds","9":"product_cat-dog-supplies","10":"product_tag-multipurpose-pet-beds","11":"product_tag-pet-beds","12":"product_tag-pet-cave-beds","13":"product_tag-recycled-pet-beds","15":"first","16":"instock","17":"shipping-taxable","18":"product-type-simple"},"acf":[],"yoast_head":"<!-- This site is optimized with the Yoast SEO plugin v27.1.1 - https:\/\/yoast.com\/product\/yoast-seo-wordpress\/ -->\n<title>Eco Pet Beds | Kitty Cave Cat Bed Manufacturer - Petstar<\/title>\n<meta name=\"description\" content=\"Explore Eco Pet Beds from the best pet products supplier. Petstar is a global pet products manufacturer. Your ideal business solution with Petstar.\" \/>\n<meta name=\"robots\" content=\"index, follow, max-snippet:-1, max-image-preview:large, max-video-preview:-1\" \/>\n<link rel=\"canonical\" href=\"https:\/\/petproducts.com.cn\/pt\/produto\/eco-pet-beds-house-2-in-1-recycle-pet-fabric-recycled-kitty-cave-cat-bed\/\" \/>\n<meta property=\"og:locale\" content=\"pt_PT\" \/>\n<meta property=\"og:type\" content=\"article\" \/>\n<meta property=\"og:title\" content=\"Eco Pet Beds | Kitty Cave Cat Bed Manufacturer - Petstar\" \/>\n<meta property=\"og:description\" content=\"Explore Eco Pet Beds from the best pet products supplier. Petstar is a global pet products manufacturer. Your ideal business solution with Petstar.\" \/>\n<meta property=\"og:url\" content=\"https:\/\/petproducts.com.cn\/pt\/produto\/eco-pet-beds-house-2-in-1-recycle-pet-fabric-recycled-kitty-cave-cat-bed\/\" \/>\n<meta property=\"og:site_name\" content=\"Petstar\" \/>\n<meta property=\"article:modified_time\" content=\"2024-10-29T06:14:40+00:00\" \/>\n<meta property=\"og:image\" content=\"https:\/\/petproducts.com.cn\/wp-content\/uploads\/2024\/10\/Best-Eco-Pet-Beds.webp\" \/>\n\t<meta property=\"og:image:width\" content=\"800\" \/>\n\t<meta property=\"og:image:height\" content=\"800\" \/>\n\t<meta property=\"og:image:type\" content=\"image\/webp\" \/>\n<meta name=\"twitter:card\" content=\"summary_large_image\" \/>\n<meta name=\"twitter:label1\" content=\"Tempo estimado de leitura\" \/>\n\t<meta name=\"twitter:data1\" content=\"2 minutos\" \/>\n<script type=\"application\/ld+json\" class=\"yoast-schema-graph\">{\"@context\":\"https:\/\/schema.org\",\"@graph\":[{\"@type\":\"WebPage\",\"@id\":\"https:\/\/petproducts.com.cn\/product\/eco-pet-beds-house-2-in-1-recycle-pet-fabric-recycled-kitty-cave-cat-bed\/\",\"url\":\"https:\/\/petproducts.com.cn\/product\/eco-pet-beds-house-2-in-1-recycle-pet-fabric-recycled-kitty-cave-cat-bed\/\",\"name\":\"Eco Pet Beds | Kitty Cave Cat Bed Manufacturer - Petstar\",\"isPartOf\":{\"@id\":\"https:\/\/petproducts.com.cn\/#website\"},\"primaryImageOfPage\":{\"@id\":\"https:\/\/petproducts.com.cn\/product\/eco-pet-beds-house-2-in-1-recycle-pet-fabric-recycled-kitty-cave-cat-bed\/#primaryimage\"},\"image\":{\"@id\":\"https:\/\/petproducts.com.cn\/product\/eco-pet-beds-house-2-in-1-recycle-pet-fabric-recycled-kitty-cave-cat-bed\/#primaryimage\"},\"thumbnailUrl\":\"https:\/\/petproducts.com.cn\/wp-content\/uploads\/2024\/10\/Best-Eco-Pet-Beds.webp\",\"datePublished\":\"2024-10-29T02:54:03+00:00\",\"dateModified\":\"2024-10-29T06:14:40+00:00\",\"description\":\"Explore Eco Pet Beds from the best pet products supplier. Petstar is a global pet products manufacturer. Your ideal business solution with Petstar.\",\"breadcrumb\":{\"@id\":\"https:\/\/petproducts.com.cn\/product\/eco-pet-beds-house-2-in-1-recycle-pet-fabric-recycled-kitty-cave-cat-bed\/#breadcrumb\"},\"inLanguage\":\"pt-PT\",\"potentialAction\":[{\"@type\":\"ReadAction\",\"target\":[\"https:\/\/petproducts.com.cn\/product\/eco-pet-beds-house-2-in-1-recycle-pet-fabric-recycled-kitty-cave-cat-bed\/\"]}]},{\"@type\":\"ImageObject\",\"inLanguage\":\"pt-PT\",\"@id\":\"https:\/\/petproducts.com.cn\/product\/eco-pet-beds-house-2-in-1-recycle-pet-fabric-recycled-kitty-cave-cat-bed\/#primaryimage\",\"url\":\"https:\/\/petproducts.com.cn\/wp-content\/uploads\/2024\/10\/Best-Eco-Pet-Beds.webp\",\"contentUrl\":\"https:\/\/petproducts.com.cn\/wp-content\/uploads\/2024\/10\/Best-Eco-Pet-Beds.webp\",\"width\":800,\"height\":800,\"caption\":\"Best Eco Pet Beds\"},{\"@type\":\"BreadcrumbList\",\"@id\":\"https:\/\/petproducts.com.cn\/product\/eco-pet-beds-house-2-in-1-recycle-pet-fabric-recycled-kitty-cave-cat-bed\/#breadcrumb\",\"itemListElement\":[{\"@type\":\"ListItem\",\"position\":1,\"name\":\"HOME\",\"item\":\"https:\/\/petproducts.com.cn\/\"},{\"@type\":\"ListItem\",\"position\":2,\"name\":\"Products\",\"item\":\"https:\/\/petproducts.com.cn\/shop\/\"},{\"@type\":\"ListItem\",\"position\":3,\"name\":\"Cat Beds\",\"item\":\"https:\/\/petproducts.com.cn\/product-category\/cat-beds\/\"},{\"@type\":\"ListItem\",\"position\":4,\"name\":\"Eco Pet Beds House 2 In 1 Recycle PET Fabric Recycled Kitty Cave Cat Bed\"}]},{\"@type\":\"WebSite\",\"@id\":\"https:\/\/petproducts.com.cn\/#website\",\"url\":\"https:\/\/petproducts.com.cn\/\",\"name\":\"Petstar\",\"description\":\"Leading Pet Supplies Manufacturer &amp; OEM Pet Products Supplier\",\"publisher\":{\"@id\":\"https:\/\/petproducts.com.cn\/#organization\"},\"alternateName\":\"Petstar Pet Supplies\",\"potentialAction\":[{\"@type\":\"SearchAction\",\"target\":{\"@type\":\"EntryPoint\",\"urlTemplate\":\"https:\/\/petproducts.com.cn\/?s={search_term_string}\"},\"query-input\":{\"@type\":\"PropertyValueSpecification\",\"valueRequired\":true,\"valueName\":\"search_term_string\"}}],\"inLanguage\":\"pt-PT\"},{\"@type\":\"Organization\",\"@id\":\"https:\/\/petproducts.com.cn\/#organization\",\"name\":\"Petstar\",\"url\":\"https:\/\/petproducts.com.cn\/\",\"logo\":{\"@type\":\"ImageObject\",\"inLanguage\":\"pt-PT\",\"@id\":\"https:\/\/petproducts.com.cn\/#\/schema\/logo\/image\/\",\"url\":\"https:\/\/petproducts.com.cn\/wp-content\/uploads\/2020\/02\/petstar-logo.webp\",\"contentUrl\":\"https:\/\/petproducts.com.cn\/wp-content\/uploads\/2020\/02\/petstar-logo.webp\",\"width\":779,\"height\":520,\"caption\":\"Petstar\"},\"image\":{\"@id\":\"https:\/\/petproducts.com.cn\/#\/schema\/logo\/image\/\"}}]}<\/script>\n<!-- \/ Yoast SEO plugin. -->","yoast_head_json":{"title":"Camas Eco Pet | Cama para gatos Kitty Cave Fabricante - Petstar","description":"Explore Eco Pet Beds do melhor fornecedor de produtos para animais de estima\u00e7\u00e3o. Petstar \u00e9 um fabricante global de produtos para animais de estima\u00e7\u00e3o. A sua solu\u00e7\u00e3o de neg\u00f3cio ideal com Petstar.","robots":{"index":"index","follow":"follow","max-snippet":"max-snippet:-1","max-image-preview":"max-image-preview:large","max-video-preview":"max-video-preview:-1"},"canonical":"https:\/\/petproducts.com.cn\/pt\/produto\/eco-pet-beds-house-2-in-1-recycle-pet-fabric-recycled-kitty-cave-cat-bed\/","og_locale":"pt_PT","og_type":"article","og_title":"Eco Pet Beds | Kitty Cave Cat Bed Manufacturer - Petstar","og_description":"Explore Eco Pet Beds from the best pet products supplier. Petstar is a global pet products manufacturer. Your ideal business solution with Petstar.","og_url":"https:\/\/petproducts.com.cn\/pt\/produto\/eco-pet-beds-house-2-in-1-recycle-pet-fabric-recycled-kitty-cave-cat-bed\/","og_site_name":"Petstar","article_modified_time":"2024-10-29T06:14:40+00:00","og_image":[{"width":800,"height":800,"url":"https:\/\/petproducts.com.cn\/wp-content\/uploads\/2024\/10\/Best-Eco-Pet-Beds.webp","type":"image\/webp"}],"twitter_card":"summary_large_image","twitter_misc":{"Tempo estimado de leitura":"2 minutos"},"schema":{"@context":"https:\/\/schema.org","@graph":[{"@type":"WebPage","@id":"https:\/\/petproducts.com.cn\/product\/eco-pet-beds-house-2-in-1-recycle-pet-fabric-recycled-kitty-cave-cat-bed\/","url":"https:\/\/petproducts.com.cn\/product\/eco-pet-beds-house-2-in-1-recycle-pet-fabric-recycled-kitty-cave-cat-bed\/","name":"Camas Eco Pet | Cama para gatos Kitty Cave Fabricante - Petstar","isPartOf":{"@id":"https:\/\/petproducts.com.cn\/#website"},"primaryImageOfPage":{"@id":"https:\/\/petproducts.com.cn\/product\/eco-pet-beds-house-2-in-1-recycle-pet-fabric-recycled-kitty-cave-cat-bed\/#primaryimage"},"image":{"@id":"https:\/\/petproducts.com.cn\/product\/eco-pet-beds-house-2-in-1-recycle-pet-fabric-recycled-kitty-cave-cat-bed\/#primaryimage"},"thumbnailUrl":"https:\/\/petproducts.com.cn\/wp-content\/uploads\/2024\/10\/Best-Eco-Pet-Beds.webp","datePublished":"2024-10-29T02:54:03+00:00","dateModified":"2024-10-29T06:14:40+00:00","description":"Explore Eco Pet Beds do melhor fornecedor de produtos para animais de estima\u00e7\u00e3o. Petstar \u00e9 um fabricante global de produtos para animais de estima\u00e7\u00e3o. A sua solu\u00e7\u00e3o de neg\u00f3cio ideal com Petstar.","breadcrumb":{"@id":"https:\/\/petproducts.com.cn\/product\/eco-pet-beds-house-2-in-1-recycle-pet-fabric-recycled-kitty-cave-cat-bed\/#breadcrumb"},"inLanguage":"pt-PT","potentialAction":[{"@type":"ReadAction","target":["https:\/\/petproducts.com.cn\/product\/eco-pet-beds-house-2-in-1-recycle-pet-fabric-recycled-kitty-cave-cat-bed\/"]}]},{"@type":"ImageObject","inLanguage":"pt-PT","@id":"https:\/\/petproducts.com.cn\/product\/eco-pet-beds-house-2-in-1-recycle-pet-fabric-recycled-kitty-cave-cat-bed\/#primaryimage","url":"https:\/\/petproducts.com.cn\/wp-content\/uploads\/2024\/10\/Best-Eco-Pet-Beds.webp","contentUrl":"https:\/\/petproducts.com.cn\/wp-content\/uploads\/2024\/10\/Best-Eco-Pet-Beds.webp","width":800,"height":800,"caption":"Best Eco Pet Beds"},{"@type":"BreadcrumbList","@id":"https:\/\/petproducts.com.cn\/product\/eco-pet-beds-house-2-in-1-recycle-pet-fabric-recycled-kitty-cave-cat-bed\/#breadcrumb","itemListElement":[{"@type":"ListItem","position":1,"name":"HOME","item":"https:\/\/petproducts.com.cn\/"},{"@type":"ListItem","position":2,"name":"Products","item":"https:\/\/petproducts.com.cn\/shop\/"},{"@type":"ListItem","position":3,"name":"Cat Beds","item":"https:\/\/petproducts.com.cn\/product-category\/cat-beds\/"},{"@type":"ListItem","position":4,"name":"Eco Pet Beds House 2 In 1 Recycle PET Fabric Recycled Kitty Cave Cat Bed"}]},{"@type":"WebSite","@id":"https:\/\/petproducts.com.cn\/#website","url":"https:\/\/petproducts.com.cn\/","name":"Petstar","description":"Fabricante l\u00edder de artigos para animais de estima\u00e7\u00e3o e fornecedor de produtos OEM para animais de estima\u00e7\u00e3o","publisher":{"@id":"https:\/\/petproducts.com.cn\/#organization"},"alternateName":"Petstar Pet Supplies","potentialAction":[{"@type":"SearchAction","target":{"@type":"EntryPoint","urlTemplate":"https:\/\/petproducts.com.cn\/?s={search_term_string}"},"query-input":{"@type":"PropertyValueSpecification","valueRequired":true,"valueName":"search_term_string"}}],"inLanguage":"pt-PT"},{"@type":"Organization","@id":"https:\/\/petproducts.com.cn\/#organization","name":"Petstar","url":"https:\/\/petproducts.com.cn\/","logo":{"@type":"ImageObject","inLanguage":"pt-PT","@id":"https:\/\/petproducts.com.cn\/#\/schema\/logo\/image\/","url":"https:\/\/petproducts.com.cn\/wp-content\/uploads\/2020\/02\/petstar-logo.webp","contentUrl":"https:\/\/petproducts.com.cn\/wp-content\/uploads\/2020\/02\/petstar-logo.webp","width":779,"height":520,"caption":"Petstar"},"image":{"@id":"https:\/\/petproducts.com.cn\/#\/schema\/logo\/image\/"}}]}},"_links":{"self":[{"href":"https:\/\/petproducts.com.cn\/pt\/wp-json\/wp\/v2\/product\/30105","targetHints":{"allow":["GET"]}}],"collection":[{"href":"https:\/\/petproducts.com.cn\/pt\/wp-json\/wp\/v2\/product"}],"about":[{"href":"https:\/\/petproducts.com.cn\/pt\/wp-json\/wp\/v2\/types\/product"}],"version-history":[{"count":1,"href":"https:\/\/petproducts.com.cn\/pt\/wp-json\/wp\/v2\/product\/30105\/revisions"}],"predecessor-version":[{"id":30113,"href":"https:\/\/petproducts.com.cn\/pt\/wp-json\/wp\/v2\/product\/30105\/revisions\/30113"}],"wp:featuredmedia":[{"embeddable":true,"href":"https:\/\/petproducts.com.cn\/pt\/wp-json\/wp\/v2\/media\/30107"}],"wp:attachment":[{"href":"https:\/\/petproducts.com.cn\/pt\/wp-json\/wp\/v2\/media?parent=30105"}],"wp:term":[{"taxonomy":"product_brand","embeddable":true,"href":"https:\/\/petproducts.com.cn\/pt\/wp-json\/wp\/v2\/product_brand?post=30105"},{"taxonomy":"product_cat","embeddable":true,"href":"https:\/\/petproducts.com.cn\/pt\/wp-json\/wp\/v2\/product_cat?post=30105"},{"taxonomy":"product_tag","embeddable":true,"href":"https:\/\/petproducts.com.cn\/pt\/wp-json\/wp\/v2\/product_tag?post=30105"}],"curies":[{"name":"wp","href":"https:\/\/api.w.org\/{rel}","templated":true}]}}