{"id":30235,"date":"2024-11-05T07:13:25","date_gmt":"2024-11-05T07:13:25","guid":{"rendered":"https:\/\/petproducts.com.cn\/?post_type=product&#038;p=30235"},"modified":"2025-01-24T01:41:52","modified_gmt":"2025-01-24T01:41:52","slug":"cat-toy-kit-interactive-15pcs-play-balls-value-pack-pet-kitty-cat-toy-set","status":"publish","type":"product","link":"https:\/\/petproducts.com.cn\/pt\/product\/cat-toy-kit-interactive-15pcs-play-balls-value-pack-pet-kitty-cat-toy-set\/","title":{"rendered":"Kit de brinquedos para gatos Conjunto de brinquedos para gatos com 15 bolas interactivas"},"content":{"rendered":"<h2>Carater\u00edsticas do Kit de brinquedos para gatos<\/h2>\n<ul>\n<li><strong>Pacote de 15 pe\u00e7as para divers\u00e3o sem fim<\/strong>: Com 15 brinquedos \u00fanicos, este conjunto fornece tudo o que o seu gato precisa para horas de brincadeiras envolventes. Cada brinquedo oferece diferentes texturas, sons e actividades para manter o seu animal de estima\u00e7\u00e3o excitado e mentalmente estimulado.<\/li>\n<li><strong>Bolas de gato excitantes para perseguir e bater<\/strong>: Leves e f\u00e1ceis de transportar, as bolas para gatos s\u00e3o ideais para brincadeiras aut\u00f3nomas. O seu movimento incentiva o gato a perseguir, a saltar e a fazer exerc\u00edcio diariamente.<\/li>\n<li><strong>Brinquedos de papel enrugado para estimula\u00e7\u00e3o sonora adicional<\/strong>: Os brinquedos crepitantes proporcionam um envolvimento auditivo, acrescentando outra camada de divers\u00e3o e incentivando a curiosidade. Os gatos adoram o som crepitante, o que torna estes brinquedos \u00f3ptimos para a explora\u00e7\u00e3o l\u00fadica.<\/li>\n<li><strong>Brinquedos de pel\u00facia macios para conforto e carinho<\/strong>: Com desenhos de pel\u00facia e aconchegantes, estes brinquedos s\u00e3o perfeitos para se aconchegar e brincar suavemente. O seu gato pode acariciar com seguran\u00e7a ou mastigar levemente estes brinquedos macios para conforto e entretenimento.<\/li>\n<li><strong>Varinha de brincar interactiva para criar la\u00e7os<\/strong>: A varinha teaser permite-lhe interagir diretamente com o seu gato, encorajando-o a brincar ativamente e a criar la\u00e7os. Esta varinha \u00e9 ideal para simular o comportamento de ca\u00e7a e manter o seu gato ativo.<\/li>\n<\/ul>\n<p style=\"text-align: center;\"><em><strong>Para mais informa\u00e7\u00f5es <a href=\"https:\/\/petproducts.com.cn\/pt\/wholesale-cat-toys\/\">brinquedos para gatos<\/a> &amp; <a href=\"https:\/\/petproducts.com.cn\/pt\/wholesale-dog-toys\/\">brinquedos para c\u00e3es<\/a>,<\/strong><\/em><em><strong>\u00a0por favor <a href=\"https:\/\/petproducts.com.cn\/pt\/contactar-nos\/\">Contate-nos<\/a>!<\/strong><\/em><\/p>","protected":false},"excerpt":{"rendered":"<p>O Cat Toy Kit Interactive 15Pcs \u00e9 um conjunto de brinquedos vers\u00e1til concebido para entreter e envolver o seu gato com uma variedade de op\u00e7\u00f5es de jogo divertidas, estimulantes e interactivas.<\/p>","protected":false},"featured_media":30239,"template":"","meta":{"_acf_changed":false},"product_brand":[],"product_cat":[71,81],"product_tag":[268,286,248,230],"class_list":{"0":"post-30235","1":"product","2":"type-product","3":"status-publish","4":"has-post-thumbnail","6":"product_cat-cat-supplies","7":"product_cat-cat-toys","8":"product_tag-cat-ball-toys","9":"product_tag-cat-teasers","10":"product_tag-cat-toys-set","11":"product_tag-interactive-cat-toys","13":"first","14":"instock","15":"shipping-taxable","16":"product-type-simple"},"acf":[],"yoast_head":"<!-- This site is optimized with the Yoast SEO plugin v27.1.1 - https:\/\/yoast.com\/product\/yoast-seo-wordpress\/ -->\n<title>Cat Toy Kit | Kitty Cat Toy Manufacturer- Petstar<\/title>\n<meta name=\"description\" content=\"Explore Cat Toy Kit from the best pet products supplier. Petstar is a global pet product manufacturer. Your ideal business solution with Petstar.\" \/>\n<meta name=\"robots\" content=\"index, follow, max-snippet:-1, max-image-preview:large, max-video-preview:-1\" \/>\n<link rel=\"canonical\" href=\"https:\/\/petproducts.com.cn\/pt\/produto\/cat-toy-kit-interactive-15pcs-play-balls-value-pack-pet-kitty-cat-toy-set\/\" \/>\n<meta property=\"og:locale\" content=\"pt_PT\" \/>\n<meta property=\"og:type\" content=\"article\" \/>\n<meta property=\"og:title\" content=\"Cat Toy Kit | Kitty Cat Toy Manufacturer- Petstar\" \/>\n<meta property=\"og:description\" content=\"Explore Cat Toy Kit from the best pet products supplier. Petstar is a global pet product manufacturer. Your ideal business solution with Petstar.\" \/>\n<meta property=\"og:url\" content=\"https:\/\/petproducts.com.cn\/pt\/produto\/cat-toy-kit-interactive-15pcs-play-balls-value-pack-pet-kitty-cat-toy-set\/\" \/>\n<meta property=\"og:site_name\" content=\"Petstar\" \/>\n<meta property=\"article:modified_time\" content=\"2025-01-24T01:41:52+00:00\" \/>\n<meta property=\"og:image\" content=\"https:\/\/petproducts.com.cn\/wp-content\/uploads\/2024\/11\/Factory-Cat-Toy-Kit.webp\" \/>\n\t<meta property=\"og:image:width\" content=\"1000\" \/>\n\t<meta property=\"og:image:height\" content=\"1000\" \/>\n\t<meta property=\"og:image:type\" content=\"image\/webp\" \/>\n<meta name=\"twitter:card\" content=\"summary_large_image\" \/>\n<meta name=\"twitter:label1\" content=\"Tempo estimado de leitura\" \/>\n\t<meta name=\"twitter:data1\" content=\"2 minutos\" \/>\n<script type=\"application\/ld+json\" class=\"yoast-schema-graph\">{\"@context\":\"https:\/\/schema.org\",\"@graph\":[{\"@type\":\"WebPage\",\"@id\":\"https:\/\/petproducts.com.cn\/product\/cat-toy-kit-interactive-15pcs-play-balls-value-pack-pet-kitty-cat-toy-set\/\",\"url\":\"https:\/\/petproducts.com.cn\/product\/cat-toy-kit-interactive-15pcs-play-balls-value-pack-pet-kitty-cat-toy-set\/\",\"name\":\"Cat Toy Kit | Kitty Cat Toy Manufacturer- Petstar\",\"isPartOf\":{\"@id\":\"https:\/\/petproducts.com.cn\/#website\"},\"primaryImageOfPage\":{\"@id\":\"https:\/\/petproducts.com.cn\/product\/cat-toy-kit-interactive-15pcs-play-balls-value-pack-pet-kitty-cat-toy-set\/#primaryimage\"},\"image\":{\"@id\":\"https:\/\/petproducts.com.cn\/product\/cat-toy-kit-interactive-15pcs-play-balls-value-pack-pet-kitty-cat-toy-set\/#primaryimage\"},\"thumbnailUrl\":\"https:\/\/petproducts.com.cn\/wp-content\/uploads\/2024\/11\/Factory-Cat-Toy-Kit.webp\",\"datePublished\":\"2024-11-05T07:13:25+00:00\",\"dateModified\":\"2025-01-24T01:41:52+00:00\",\"description\":\"Explore Cat Toy Kit from the best pet products supplier. Petstar is a global pet product manufacturer. Your ideal business solution with Petstar.\",\"breadcrumb\":{\"@id\":\"https:\/\/petproducts.com.cn\/product\/cat-toy-kit-interactive-15pcs-play-balls-value-pack-pet-kitty-cat-toy-set\/#breadcrumb\"},\"inLanguage\":\"pt-PT\",\"potentialAction\":[{\"@type\":\"ReadAction\",\"target\":[\"https:\/\/petproducts.com.cn\/product\/cat-toy-kit-interactive-15pcs-play-balls-value-pack-pet-kitty-cat-toy-set\/\"]}]},{\"@type\":\"ImageObject\",\"inLanguage\":\"pt-PT\",\"@id\":\"https:\/\/petproducts.com.cn\/product\/cat-toy-kit-interactive-15pcs-play-balls-value-pack-pet-kitty-cat-toy-set\/#primaryimage\",\"url\":\"https:\/\/petproducts.com.cn\/wp-content\/uploads\/2024\/11\/Factory-Cat-Toy-Kit.webp\",\"contentUrl\":\"https:\/\/petproducts.com.cn\/wp-content\/uploads\/2024\/11\/Factory-Cat-Toy-Kit.webp\",\"width\":1000,\"height\":1000,\"caption\":\"Factory Cat Toy Kit\"},{\"@type\":\"BreadcrumbList\",\"@id\":\"https:\/\/petproducts.com.cn\/product\/cat-toy-kit-interactive-15pcs-play-balls-value-pack-pet-kitty-cat-toy-set\/#breadcrumb\",\"itemListElement\":[{\"@type\":\"ListItem\",\"position\":1,\"name\":\"HOME\",\"item\":\"https:\/\/petproducts.com.cn\/\"},{\"@type\":\"ListItem\",\"position\":2,\"name\":\"Products\",\"item\":\"https:\/\/petproducts.com.cn\/shop\/\"},{\"@type\":\"ListItem\",\"position\":3,\"name\":\"Cat Toys\",\"item\":\"https:\/\/petproducts.com.cn\/product-category\/cat-toys\/\"},{\"@type\":\"ListItem\",\"position\":4,\"name\":\"Cat Toy Kit Interactive 15Pcs Play Balls Value Pack Pet Kitty Cat Toy Set\"}]},{\"@type\":\"WebSite\",\"@id\":\"https:\/\/petproducts.com.cn\/#website\",\"url\":\"https:\/\/petproducts.com.cn\/\",\"name\":\"Petstar\",\"description\":\"Leading Pet Supplies Manufacturer &amp; OEM Pet Products Supplier\",\"publisher\":{\"@id\":\"https:\/\/petproducts.com.cn\/#organization\"},\"alternateName\":\"Petstar Pet Supplies\",\"potentialAction\":[{\"@type\":\"SearchAction\",\"target\":{\"@type\":\"EntryPoint\",\"urlTemplate\":\"https:\/\/petproducts.com.cn\/?s={search_term_string}\"},\"query-input\":{\"@type\":\"PropertyValueSpecification\",\"valueRequired\":true,\"valueName\":\"search_term_string\"}}],\"inLanguage\":\"pt-PT\"},{\"@type\":\"Organization\",\"@id\":\"https:\/\/petproducts.com.cn\/#organization\",\"name\":\"Petstar\",\"url\":\"https:\/\/petproducts.com.cn\/\",\"logo\":{\"@type\":\"ImageObject\",\"inLanguage\":\"pt-PT\",\"@id\":\"https:\/\/petproducts.com.cn\/#\/schema\/logo\/image\/\",\"url\":\"https:\/\/petproducts.com.cn\/wp-content\/uploads\/2020\/02\/petstar-logo.webp\",\"contentUrl\":\"https:\/\/petproducts.com.cn\/wp-content\/uploads\/2020\/02\/petstar-logo.webp\",\"width\":779,\"height\":520,\"caption\":\"Petstar\"},\"image\":{\"@id\":\"https:\/\/petproducts.com.cn\/#\/schema\/logo\/image\/\"}}]}<\/script>\n<!-- \/ Yoast SEO plugin. -->","yoast_head_json":{"title":"Kit de brinquedos para gatos | Fabricante de brinquedos para gatos - Petstar","description":"Explore Kit de brinquedos para gatos do melhor fornecedor de produtos para animais de estima\u00e7\u00e3o. Petstar \u00e9 um fabricante global de produtos para animais de estima\u00e7\u00e3o. A sua solu\u00e7\u00e3o de neg\u00f3cio ideal com Petstar.","robots":{"index":"index","follow":"follow","max-snippet":"max-snippet:-1","max-image-preview":"max-image-preview:large","max-video-preview":"max-video-preview:-1"},"canonical":"https:\/\/petproducts.com.cn\/pt\/produto\/cat-toy-kit-interactive-15pcs-play-balls-value-pack-pet-kitty-cat-toy-set\/","og_locale":"pt_PT","og_type":"article","og_title":"Cat Toy Kit | Kitty Cat Toy Manufacturer- Petstar","og_description":"Explore Cat Toy Kit from the best pet products supplier. Petstar is a global pet product manufacturer. Your ideal business solution with Petstar.","og_url":"https:\/\/petproducts.com.cn\/pt\/produto\/cat-toy-kit-interactive-15pcs-play-balls-value-pack-pet-kitty-cat-toy-set\/","og_site_name":"Petstar","article_modified_time":"2025-01-24T01:41:52+00:00","og_image":[{"width":1000,"height":1000,"url":"https:\/\/petproducts.com.cn\/wp-content\/uploads\/2024\/11\/Factory-Cat-Toy-Kit.webp","type":"image\/webp"}],"twitter_card":"summary_large_image","twitter_misc":{"Tempo estimado de leitura":"2 minutos"},"schema":{"@context":"https:\/\/schema.org","@graph":[{"@type":"WebPage","@id":"https:\/\/petproducts.com.cn\/product\/cat-toy-kit-interactive-15pcs-play-balls-value-pack-pet-kitty-cat-toy-set\/","url":"https:\/\/petproducts.com.cn\/product\/cat-toy-kit-interactive-15pcs-play-balls-value-pack-pet-kitty-cat-toy-set\/","name":"Kit de brinquedos para gatos | Fabricante de brinquedos para gatos - Petstar","isPartOf":{"@id":"https:\/\/petproducts.com.cn\/#website"},"primaryImageOfPage":{"@id":"https:\/\/petproducts.com.cn\/product\/cat-toy-kit-interactive-15pcs-play-balls-value-pack-pet-kitty-cat-toy-set\/#primaryimage"},"image":{"@id":"https:\/\/petproducts.com.cn\/product\/cat-toy-kit-interactive-15pcs-play-balls-value-pack-pet-kitty-cat-toy-set\/#primaryimage"},"thumbnailUrl":"https:\/\/petproducts.com.cn\/wp-content\/uploads\/2024\/11\/Factory-Cat-Toy-Kit.webp","datePublished":"2024-11-05T07:13:25+00:00","dateModified":"2025-01-24T01:41:52+00:00","description":"Explore Kit de brinquedos para gatos do melhor fornecedor de produtos para animais de estima\u00e7\u00e3o. Petstar \u00e9 um fabricante global de produtos para animais de estima\u00e7\u00e3o. A sua solu\u00e7\u00e3o de neg\u00f3cio ideal com Petstar.","breadcrumb":{"@id":"https:\/\/petproducts.com.cn\/product\/cat-toy-kit-interactive-15pcs-play-balls-value-pack-pet-kitty-cat-toy-set\/#breadcrumb"},"inLanguage":"pt-PT","potentialAction":[{"@type":"ReadAction","target":["https:\/\/petproducts.com.cn\/product\/cat-toy-kit-interactive-15pcs-play-balls-value-pack-pet-kitty-cat-toy-set\/"]}]},{"@type":"ImageObject","inLanguage":"pt-PT","@id":"https:\/\/petproducts.com.cn\/product\/cat-toy-kit-interactive-15pcs-play-balls-value-pack-pet-kitty-cat-toy-set\/#primaryimage","url":"https:\/\/petproducts.com.cn\/wp-content\/uploads\/2024\/11\/Factory-Cat-Toy-Kit.webp","contentUrl":"https:\/\/petproducts.com.cn\/wp-content\/uploads\/2024\/11\/Factory-Cat-Toy-Kit.webp","width":1000,"height":1000,"caption":"Factory Cat Toy Kit"},{"@type":"BreadcrumbList","@id":"https:\/\/petproducts.com.cn\/product\/cat-toy-kit-interactive-15pcs-play-balls-value-pack-pet-kitty-cat-toy-set\/#breadcrumb","itemListElement":[{"@type":"ListItem","position":1,"name":"HOME","item":"https:\/\/petproducts.com.cn\/"},{"@type":"ListItem","position":2,"name":"Products","item":"https:\/\/petproducts.com.cn\/shop\/"},{"@type":"ListItem","position":3,"name":"Cat Toys","item":"https:\/\/petproducts.com.cn\/product-category\/cat-toys\/"},{"@type":"ListItem","position":4,"name":"Cat Toy Kit Interactive 15Pcs Play Balls Value Pack Pet Kitty Cat Toy Set"}]},{"@type":"WebSite","@id":"https:\/\/petproducts.com.cn\/#website","url":"https:\/\/petproducts.com.cn\/","name":"Petstar","description":"Fabricante l\u00edder de artigos para animais de estima\u00e7\u00e3o e fornecedor de produtos OEM para animais de estima\u00e7\u00e3o","publisher":{"@id":"https:\/\/petproducts.com.cn\/#organization"},"alternateName":"Petstar Pet Supplies","potentialAction":[{"@type":"SearchAction","target":{"@type":"EntryPoint","urlTemplate":"https:\/\/petproducts.com.cn\/?s={search_term_string}"},"query-input":{"@type":"PropertyValueSpecification","valueRequired":true,"valueName":"search_term_string"}}],"inLanguage":"pt-PT"},{"@type":"Organization","@id":"https:\/\/petproducts.com.cn\/#organization","name":"Petstar","url":"https:\/\/petproducts.com.cn\/","logo":{"@type":"ImageObject","inLanguage":"pt-PT","@id":"https:\/\/petproducts.com.cn\/#\/schema\/logo\/image\/","url":"https:\/\/petproducts.com.cn\/wp-content\/uploads\/2020\/02\/petstar-logo.webp","contentUrl":"https:\/\/petproducts.com.cn\/wp-content\/uploads\/2020\/02\/petstar-logo.webp","width":779,"height":520,"caption":"Petstar"},"image":{"@id":"https:\/\/petproducts.com.cn\/#\/schema\/logo\/image\/"}}]}},"_links":{"self":[{"href":"https:\/\/petproducts.com.cn\/pt\/wp-json\/wp\/v2\/product\/30235","targetHints":{"allow":["GET"]}}],"collection":[{"href":"https:\/\/petproducts.com.cn\/pt\/wp-json\/wp\/v2\/product"}],"about":[{"href":"https:\/\/petproducts.com.cn\/pt\/wp-json\/wp\/v2\/types\/product"}],"version-history":[{"count":2,"href":"https:\/\/petproducts.com.cn\/pt\/wp-json\/wp\/v2\/product\/30235\/revisions"}],"predecessor-version":[{"id":30243,"href":"https:\/\/petproducts.com.cn\/pt\/wp-json\/wp\/v2\/product\/30235\/revisions\/30243"}],"wp:featuredmedia":[{"embeddable":true,"href":"https:\/\/petproducts.com.cn\/pt\/wp-json\/wp\/v2\/media\/30239"}],"wp:attachment":[{"href":"https:\/\/petproducts.com.cn\/pt\/wp-json\/wp\/v2\/media?parent=30235"}],"wp:term":[{"taxonomy":"product_brand","embeddable":true,"href":"https:\/\/petproducts.com.cn\/pt\/wp-json\/wp\/v2\/product_brand?post=30235"},{"taxonomy":"product_cat","embeddable":true,"href":"https:\/\/petproducts.com.cn\/pt\/wp-json\/wp\/v2\/product_cat?post=30235"},{"taxonomy":"product_tag","embeddable":true,"href":"https:\/\/petproducts.com.cn\/pt\/wp-json\/wp\/v2\/product_tag?post=30235"}],"curies":[{"name":"wp","href":"https:\/\/api.w.org\/{rel}","templated":true}]}}