{"id":30253,"date":"2024-11-07T02:33:15","date_gmt":"2024-11-07T02:33:15","guid":{"rendered":"https:\/\/petproducts.com.cn\/?post_type=product&#038;p=30253"},"modified":"2024-11-07T02:52:35","modified_gmt":"2024-11-07T02:52:35","slug":"cat-toy-packs-value-gift-cheap-interactive-15pcs-pet-cat-toy-set-factory","status":"publish","type":"product","link":"https:\/\/petproducts.com.cn\/pt\/product\/cat-toy-packs-value-gift-cheap-interactive-15pcs-pet-cat-toy-set-factory\/","title":{"rendered":"Packs de brinquedos para gatos Prenda barata Interactiva 15Pcs Conjunto de brinquedos para gatos de estima\u00e7\u00e3o F\u00e1brica"},"content":{"rendered":"<h2>Carater\u00edsticas dos Packs de brinquedos para gatos<\/h2>\n<ul>\n<li><strong>Conjunto de brinquedos sortidos de 15 pe\u00e7as<\/strong>: Com uma mistura de bolas, brinquedos de peluche, papel amassado e ratos de sisal, este pacote de brinquedos para gatos oferece um entretenimento sem fim. Cada pe\u00e7a traz uma divers\u00e3o \u00fanica para estimular a curiosidade do seu gato.<\/li>\n<li><strong>Bolas interactivas para uma brincadeira ativa<\/strong>: Estas bolas leves s\u00e3o f\u00e1ceis de bater e de perseguir pelo seu gato, favorecendo o exerc\u00edcio e apoiando os instintos naturais de ca\u00e7a. A sua a\u00e7\u00e3o rolante mant\u00e9m o seu gato intrigado.<\/li>\n<li><strong>Papel enrugado para estimula\u00e7\u00e3o sensorial<\/strong>: O som do enrugar dos dedos estimula a audi\u00e7\u00e3o do seu gato e aumenta a sua excita\u00e7\u00e3o durante as brincadeiras. Cada estalido capta a aten\u00e7\u00e3o do gato, favorecendo as brincadeiras interactivas e independentes.<\/li>\n<li><strong>Brinquedos de peluche macios para uma mastiga\u00e7\u00e3o suave<\/strong>: Com estes brinquedos de peluche, o seu gato desfruta de uma op\u00e7\u00e3o de jogo suave e acolhedora, perfeita para uma mastiga\u00e7\u00e3o ligeira ou para acariciar. S\u00e3o concebidos para serem suaves para as garras e os dentes, oferecendo conforto em cada salto.<\/li>\n<li><strong>Ratos de sisal dur\u00e1veis para co\u00e7ar e morder<\/strong>: Fabricados em sisal resistente, os brinquedos para ratos resistem aos instintos de arranhar e morder do seu gato. Estes brinquedos simulam uma presa real, proporcionando uma sa\u00edda satisfat\u00f3ria para comportamentos naturais e mantendo os seus m\u00f3veis seguros.<\/li>\n<\/ul>\n<p style=\"text-align: center;\"><em><strong>Para mais informa\u00e7\u00f5es <a href=\"https:\/\/petproducts.com.cn\/pt\/wholesale-cat-toys\/\">brinquedos para gatos<\/a> &amp; <a href=\"https:\/\/petproducts.com.cn\/pt\/wholesale-dog-toys\/\">brinquedos para c\u00e3es<\/a>,<\/strong><\/em><em><strong>\u00a0por favor <a href=\"https:\/\/petproducts.com.cn\/pt\/contactar-nos\/\">Contate-nos<\/a>!<\/strong><\/em><\/p>","protected":false},"excerpt":{"rendered":"<p>O Cat Toy Packs Value Gift oferece um conjunto de 15 pe\u00e7as repleto de divers\u00e3o interactiva, mantendo o seu gato envolvido e ativo com uma variedade de op\u00e7\u00f5es de brinquedos.<\/p>","protected":false},"featured_media":30257,"template":"","meta":{"_acf_changed":false},"product_brand":[],"product_cat":[71,81],"product_tag":[268,248,230],"class_list":{"0":"post-30253","1":"product","2":"type-product","3":"status-publish","4":"has-post-thumbnail","6":"product_cat-cat-supplies","7":"product_cat-cat-toys","8":"product_tag-cat-ball-toys","9":"product_tag-cat-toys-set","10":"product_tag-interactive-cat-toys","12":"first","13":"instock","14":"shipping-taxable","15":"product-type-simple"},"acf":[],"yoast_head":"<!-- This site is optimized with the Yoast SEO plugin v27.1.1 - https:\/\/yoast.com\/product\/yoast-seo-wordpress\/ -->\n<title>Cat Toy Packs | Cat Toy Set Factory &amp; Manufacturer- Petstar<\/title>\n<meta name=\"description\" content=\"Explore Cat Toy Packs from the best pet products supplier. Petstar is a global pet product manufacturer. Your ideal business solution with Petstar.\" \/>\n<meta name=\"robots\" content=\"index, follow, max-snippet:-1, max-image-preview:large, max-video-preview:-1\" \/>\n<link rel=\"canonical\" href=\"https:\/\/petproducts.com.cn\/pt\/produto\/cat-toy-packs-value-gift-cheap-interactive-15pcs-pet-cat-toy-set-factory\/\" \/>\n<meta property=\"og:locale\" content=\"pt_PT\" \/>\n<meta property=\"og:type\" content=\"article\" \/>\n<meta property=\"og:title\" content=\"Cat Toy Packs | Cat Toy Set Factory &amp; Manufacturer- Petstar\" \/>\n<meta property=\"og:description\" content=\"Explore Cat Toy Packs from the best pet products supplier. Petstar is a global pet product manufacturer. Your ideal business solution with Petstar.\" \/>\n<meta property=\"og:url\" content=\"https:\/\/petproducts.com.cn\/pt\/produto\/cat-toy-packs-value-gift-cheap-interactive-15pcs-pet-cat-toy-set-factory\/\" \/>\n<meta property=\"og:site_name\" content=\"Petstar\" \/>\n<meta property=\"article:modified_time\" content=\"2024-11-07T02:52:35+00:00\" \/>\n<meta property=\"og:image\" content=\"https:\/\/petproducts.com.cn\/wp-content\/uploads\/2024\/11\/Factory-cat-toy-packs.webp\" \/>\n\t<meta property=\"og:image:width\" content=\"1200\" \/>\n\t<meta property=\"og:image:height\" content=\"1200\" \/>\n\t<meta property=\"og:image:type\" content=\"image\/webp\" \/>\n<meta name=\"twitter:card\" content=\"summary_large_image\" \/>\n<meta name=\"twitter:label1\" content=\"Tempo estimado de leitura\" \/>\n\t<meta name=\"twitter:data1\" content=\"1 minuto\" \/>\n<script type=\"application\/ld+json\" class=\"yoast-schema-graph\">{\"@context\":\"https:\/\/schema.org\",\"@graph\":[{\"@type\":\"WebPage\",\"@id\":\"https:\/\/petproducts.com.cn\/product\/cat-toy-packs-value-gift-cheap-interactive-15pcs-pet-cat-toy-set-factory\/\",\"url\":\"https:\/\/petproducts.com.cn\/product\/cat-toy-packs-value-gift-cheap-interactive-15pcs-pet-cat-toy-set-factory\/\",\"name\":\"Cat Toy Packs | Cat Toy Set Factory & Manufacturer- Petstar\",\"isPartOf\":{\"@id\":\"https:\/\/petproducts.com.cn\/#website\"},\"primaryImageOfPage\":{\"@id\":\"https:\/\/petproducts.com.cn\/product\/cat-toy-packs-value-gift-cheap-interactive-15pcs-pet-cat-toy-set-factory\/#primaryimage\"},\"image\":{\"@id\":\"https:\/\/petproducts.com.cn\/product\/cat-toy-packs-value-gift-cheap-interactive-15pcs-pet-cat-toy-set-factory\/#primaryimage\"},\"thumbnailUrl\":\"https:\/\/petproducts.com.cn\/wp-content\/uploads\/2024\/11\/Factory-cat-toy-packs.webp\",\"datePublished\":\"2024-11-07T02:33:15+00:00\",\"dateModified\":\"2024-11-07T02:52:35+00:00\",\"description\":\"Explore Cat Toy Packs from the best pet products supplier. Petstar is a global pet product manufacturer. Your ideal business solution with Petstar.\",\"breadcrumb\":{\"@id\":\"https:\/\/petproducts.com.cn\/product\/cat-toy-packs-value-gift-cheap-interactive-15pcs-pet-cat-toy-set-factory\/#breadcrumb\"},\"inLanguage\":\"pt-PT\",\"potentialAction\":[{\"@type\":\"ReadAction\",\"target\":[\"https:\/\/petproducts.com.cn\/product\/cat-toy-packs-value-gift-cheap-interactive-15pcs-pet-cat-toy-set-factory\/\"]}]},{\"@type\":\"ImageObject\",\"inLanguage\":\"pt-PT\",\"@id\":\"https:\/\/petproducts.com.cn\/product\/cat-toy-packs-value-gift-cheap-interactive-15pcs-pet-cat-toy-set-factory\/#primaryimage\",\"url\":\"https:\/\/petproducts.com.cn\/wp-content\/uploads\/2024\/11\/Factory-cat-toy-packs.webp\",\"contentUrl\":\"https:\/\/petproducts.com.cn\/wp-content\/uploads\/2024\/11\/Factory-cat-toy-packs.webp\",\"width\":1200,\"height\":1200,\"caption\":\"Factory cat toy packs\"},{\"@type\":\"BreadcrumbList\",\"@id\":\"https:\/\/petproducts.com.cn\/product\/cat-toy-packs-value-gift-cheap-interactive-15pcs-pet-cat-toy-set-factory\/#breadcrumb\",\"itemListElement\":[{\"@type\":\"ListItem\",\"position\":1,\"name\":\"HOME\",\"item\":\"https:\/\/petproducts.com.cn\/\"},{\"@type\":\"ListItem\",\"position\":2,\"name\":\"Products\",\"item\":\"https:\/\/petproducts.com.cn\/shop\/\"},{\"@type\":\"ListItem\",\"position\":3,\"name\":\"Cat Toys\",\"item\":\"https:\/\/petproducts.com.cn\/product-category\/cat-toys\/\"},{\"@type\":\"ListItem\",\"position\":4,\"name\":\"Cat Toy Packs Value Gift Cheap Interactive 15Pcs Pet Cat Toy Set Factory\"}]},{\"@type\":\"WebSite\",\"@id\":\"https:\/\/petproducts.com.cn\/#website\",\"url\":\"https:\/\/petproducts.com.cn\/\",\"name\":\"Petstar\",\"description\":\"Leading Pet Supplies Manufacturer &amp; OEM Pet Products Supplier\",\"publisher\":{\"@id\":\"https:\/\/petproducts.com.cn\/#organization\"},\"alternateName\":\"Petstar Pet Supplies\",\"potentialAction\":[{\"@type\":\"SearchAction\",\"target\":{\"@type\":\"EntryPoint\",\"urlTemplate\":\"https:\/\/petproducts.com.cn\/?s={search_term_string}\"},\"query-input\":{\"@type\":\"PropertyValueSpecification\",\"valueRequired\":true,\"valueName\":\"search_term_string\"}}],\"inLanguage\":\"pt-PT\"},{\"@type\":\"Organization\",\"@id\":\"https:\/\/petproducts.com.cn\/#organization\",\"name\":\"Petstar\",\"url\":\"https:\/\/petproducts.com.cn\/\",\"logo\":{\"@type\":\"ImageObject\",\"inLanguage\":\"pt-PT\",\"@id\":\"https:\/\/petproducts.com.cn\/#\/schema\/logo\/image\/\",\"url\":\"https:\/\/petproducts.com.cn\/wp-content\/uploads\/2020\/02\/petstar-logo.webp\",\"contentUrl\":\"https:\/\/petproducts.com.cn\/wp-content\/uploads\/2020\/02\/petstar-logo.webp\",\"width\":779,\"height\":520,\"caption\":\"Petstar\"},\"image\":{\"@id\":\"https:\/\/petproducts.com.cn\/#\/schema\/logo\/image\/\"}}]}<\/script>\n<!-- \/ Yoast SEO plugin. -->","yoast_head_json":{"title":"Packs de brinquedos para gatos | Conjunto de brinquedos para gatos F\u00e1brica e Fabricante- Petstar","description":"Explore Cat Toy Packs do melhor fornecedor de produtos para animais de estima\u00e7\u00e3o. Petstar \u00e9 um fabricante global de produtos para animais de estima\u00e7\u00e3o. A sua solu\u00e7\u00e3o de neg\u00f3cio ideal com Petstar.","robots":{"index":"index","follow":"follow","max-snippet":"max-snippet:-1","max-image-preview":"max-image-preview:large","max-video-preview":"max-video-preview:-1"},"canonical":"https:\/\/petproducts.com.cn\/pt\/produto\/cat-toy-packs-value-gift-cheap-interactive-15pcs-pet-cat-toy-set-factory\/","og_locale":"pt_PT","og_type":"article","og_title":"Cat Toy Packs | Cat Toy Set Factory & Manufacturer- Petstar","og_description":"Explore Cat Toy Packs from the best pet products supplier. Petstar is a global pet product manufacturer. Your ideal business solution with Petstar.","og_url":"https:\/\/petproducts.com.cn\/pt\/produto\/cat-toy-packs-value-gift-cheap-interactive-15pcs-pet-cat-toy-set-factory\/","og_site_name":"Petstar","article_modified_time":"2024-11-07T02:52:35+00:00","og_image":[{"width":1200,"height":1200,"url":"https:\/\/petproducts.com.cn\/wp-content\/uploads\/2024\/11\/Factory-cat-toy-packs.webp","type":"image\/webp"}],"twitter_card":"summary_large_image","twitter_misc":{"Tempo estimado de leitura":"1 minuto"},"schema":{"@context":"https:\/\/schema.org","@graph":[{"@type":"WebPage","@id":"https:\/\/petproducts.com.cn\/product\/cat-toy-packs-value-gift-cheap-interactive-15pcs-pet-cat-toy-set-factory\/","url":"https:\/\/petproducts.com.cn\/product\/cat-toy-packs-value-gift-cheap-interactive-15pcs-pet-cat-toy-set-factory\/","name":"Packs de brinquedos para gatos | Conjunto de brinquedos para gatos F\u00e1brica e Fabricante- Petstar","isPartOf":{"@id":"https:\/\/petproducts.com.cn\/#website"},"primaryImageOfPage":{"@id":"https:\/\/petproducts.com.cn\/product\/cat-toy-packs-value-gift-cheap-interactive-15pcs-pet-cat-toy-set-factory\/#primaryimage"},"image":{"@id":"https:\/\/petproducts.com.cn\/product\/cat-toy-packs-value-gift-cheap-interactive-15pcs-pet-cat-toy-set-factory\/#primaryimage"},"thumbnailUrl":"https:\/\/petproducts.com.cn\/wp-content\/uploads\/2024\/11\/Factory-cat-toy-packs.webp","datePublished":"2024-11-07T02:33:15+00:00","dateModified":"2024-11-07T02:52:35+00:00","description":"Explore Cat Toy Packs do melhor fornecedor de produtos para animais de estima\u00e7\u00e3o. Petstar \u00e9 um fabricante global de produtos para animais de estima\u00e7\u00e3o. A sua solu\u00e7\u00e3o de neg\u00f3cio ideal com Petstar.","breadcrumb":{"@id":"https:\/\/petproducts.com.cn\/product\/cat-toy-packs-value-gift-cheap-interactive-15pcs-pet-cat-toy-set-factory\/#breadcrumb"},"inLanguage":"pt-PT","potentialAction":[{"@type":"ReadAction","target":["https:\/\/petproducts.com.cn\/product\/cat-toy-packs-value-gift-cheap-interactive-15pcs-pet-cat-toy-set-factory\/"]}]},{"@type":"ImageObject","inLanguage":"pt-PT","@id":"https:\/\/petproducts.com.cn\/product\/cat-toy-packs-value-gift-cheap-interactive-15pcs-pet-cat-toy-set-factory\/#primaryimage","url":"https:\/\/petproducts.com.cn\/wp-content\/uploads\/2024\/11\/Factory-cat-toy-packs.webp","contentUrl":"https:\/\/petproducts.com.cn\/wp-content\/uploads\/2024\/11\/Factory-cat-toy-packs.webp","width":1200,"height":1200,"caption":"Factory cat toy packs"},{"@type":"BreadcrumbList","@id":"https:\/\/petproducts.com.cn\/product\/cat-toy-packs-value-gift-cheap-interactive-15pcs-pet-cat-toy-set-factory\/#breadcrumb","itemListElement":[{"@type":"ListItem","position":1,"name":"HOME","item":"https:\/\/petproducts.com.cn\/"},{"@type":"ListItem","position":2,"name":"Products","item":"https:\/\/petproducts.com.cn\/shop\/"},{"@type":"ListItem","position":3,"name":"Cat Toys","item":"https:\/\/petproducts.com.cn\/product-category\/cat-toys\/"},{"@type":"ListItem","position":4,"name":"Cat Toy Packs Value Gift Cheap Interactive 15Pcs Pet Cat Toy Set Factory"}]},{"@type":"WebSite","@id":"https:\/\/petproducts.com.cn\/#website","url":"https:\/\/petproducts.com.cn\/","name":"Petstar","description":"Fabricante l\u00edder de artigos para animais de estima\u00e7\u00e3o e fornecedor de produtos OEM para animais de estima\u00e7\u00e3o","publisher":{"@id":"https:\/\/petproducts.com.cn\/#organization"},"alternateName":"Petstar Pet Supplies","potentialAction":[{"@type":"SearchAction","target":{"@type":"EntryPoint","urlTemplate":"https:\/\/petproducts.com.cn\/?s={search_term_string}"},"query-input":{"@type":"PropertyValueSpecification","valueRequired":true,"valueName":"search_term_string"}}],"inLanguage":"pt-PT"},{"@type":"Organization","@id":"https:\/\/petproducts.com.cn\/#organization","name":"Petstar","url":"https:\/\/petproducts.com.cn\/","logo":{"@type":"ImageObject","inLanguage":"pt-PT","@id":"https:\/\/petproducts.com.cn\/#\/schema\/logo\/image\/","url":"https:\/\/petproducts.com.cn\/wp-content\/uploads\/2020\/02\/petstar-logo.webp","contentUrl":"https:\/\/petproducts.com.cn\/wp-content\/uploads\/2020\/02\/petstar-logo.webp","width":779,"height":520,"caption":"Petstar"},"image":{"@id":"https:\/\/petproducts.com.cn\/#\/schema\/logo\/image\/"}}]}},"_links":{"self":[{"href":"https:\/\/petproducts.com.cn\/pt\/wp-json\/wp\/v2\/product\/30253","targetHints":{"allow":["GET"]}}],"collection":[{"href":"https:\/\/petproducts.com.cn\/pt\/wp-json\/wp\/v2\/product"}],"about":[{"href":"https:\/\/petproducts.com.cn\/pt\/wp-json\/wp\/v2\/types\/product"}],"version-history":[{"count":1,"href":"https:\/\/petproducts.com.cn\/pt\/wp-json\/wp\/v2\/product\/30253\/revisions"}],"predecessor-version":[{"id":30254,"href":"https:\/\/petproducts.com.cn\/pt\/wp-json\/wp\/v2\/product\/30253\/revisions\/30254"}],"wp:featuredmedia":[{"embeddable":true,"href":"https:\/\/petproducts.com.cn\/pt\/wp-json\/wp\/v2\/media\/30257"}],"wp:attachment":[{"href":"https:\/\/petproducts.com.cn\/pt\/wp-json\/wp\/v2\/media?parent=30253"}],"wp:term":[{"taxonomy":"product_brand","embeddable":true,"href":"https:\/\/petproducts.com.cn\/pt\/wp-json\/wp\/v2\/product_brand?post=30253"},{"taxonomy":"product_cat","embeddable":true,"href":"https:\/\/petproducts.com.cn\/pt\/wp-json\/wp\/v2\/product_cat?post=30253"},{"taxonomy":"product_tag","embeddable":true,"href":"https:\/\/petproducts.com.cn\/pt\/wp-json\/wp\/v2\/product_tag?post=30253"}],"curies":[{"name":"wp","href":"https:\/\/api.w.org\/{rel}","templated":true}]}}