{"id":30261,"date":"2024-11-07T03:15:19","date_gmt":"2024-11-07T03:15:19","guid":{"rendered":"https:\/\/petproducts.com.cn\/?post_type=product&#038;p=30261"},"modified":"2024-11-07T03:26:59","modified_gmt":"2024-11-07T03:26:59","slug":"cat-toys-set-holiday-15pcs-gift-cheap-value-interactive-pet-cat-toys-pack","status":"publish","type":"product","link":"https:\/\/petproducts.com.cn\/pt\/product\/cat-toys-set-holiday-15pcs-gift-cheap-value-interactive-pet-cat-toys-pack\/","title":{"rendered":"Conjunto de brinquedos para gatos 15 pe\u00e7as para oferta barata Pacote de brinquedos interactivos para gatos"},"content":{"rendered":"<h2>Carater\u00edsticas do conjunto de brinquedos para gatos<\/h2>\n<ul>\n<li><strong>Pacote de variedades de 15 pe\u00e7as<\/strong>: Este conjunto de brinquedos para gatos \u00e9 composto por 15 brinquedos \u00fanicos, proporcionando infinitas op\u00e7\u00f5es para brincar e descobrir. Cada brinquedo \u00e9 cuidadosamente selecionado para satisfazer os diferentes aspectos dos instintos naturais do seu gato.<\/li>\n<li><strong>Bolas de brincar interactivas para um exerc\u00edcio estimulante<\/strong>: O conjunto inclui bolas leves e coloridas que s\u00e3o f\u00e1ceis de perseguir e de bater pelo seu gato, mantendo-o ativo e apoiando os seus instintos de ca\u00e7a.<\/li>\n<li><strong>Brinquedos de papel amassado para divers\u00e3o sensorial<\/strong>: Com texturas e sons enrugados, estes brinquedos estimulam a audi\u00e7\u00e3o e o tato do seu gato, tornando a brincadeira ainda mais emocionante. Cada deslize e cada salto desencadeia um delicioso enrugamento, captando a sua aten\u00e7\u00e3o.<\/li>\n<li><strong>Brinquedos de peluche macios para uma mastiga\u00e7\u00e3o suave<\/strong>: Perfeitos para acariciar ou mastigar ligeiramente, os brinquedos de peluche macio proporcionam uma experi\u00eancia de brincadeira confort\u00e1vel e segura. Estes brinquedos s\u00e3o suaves para as patas e os dentes do seu gato, tornando-os ideais para as brincadeiras di\u00e1rias.<\/li>\n<li><strong>Brinquedos dur\u00e1veis de sisal para ratos para co\u00e7ar e morder<\/strong>: Com uma constru\u00e7\u00e3o em fibra de sisal natural, os brinquedos para ratos incentivam a co\u00e7ar e morder com seguran\u00e7a, proporcionando uma sa\u00edda satisfat\u00f3ria para os comportamentos naturais dos felinos, ao mesmo tempo que ajudam a proteger os seus m\u00f3veis.<\/li>\n<\/ul>\n<p style=\"text-align: center;\"><em><strong>Para mais informa\u00e7\u00f5es <a href=\"https:\/\/petproducts.com.cn\/pt\/wholesale-cat-toys\/\">brinquedos para gatos<\/a> &amp; <a href=\"https:\/\/petproducts.com.cn\/pt\/wholesale-dog-toys\/\">brinquedos para c\u00e3es<\/a>,<\/strong><\/em><em><strong>\u00a0por favor <a href=\"https:\/\/petproducts.com.cn\/pt\/contactar-nos\/\">Contate-nos<\/a>!<\/strong><\/em><\/p>","protected":false},"excerpt":{"rendered":"<p>O Cat Toys Set Holiday 15Pcs Gift oferece uma cole\u00e7\u00e3o acess\u00edvel e interactiva para brincar com uma variedade de brinquedos excitantes para manter o seu gato feliz, ativo e entretido.<\/p>","protected":false},"featured_media":30267,"template":"","meta":{"_acf_changed":false},"product_brand":[],"product_cat":[71,81],"product_tag":[268,248,230],"class_list":{"0":"post-30261","1":"product","2":"type-product","3":"status-publish","4":"has-post-thumbnail","6":"product_cat-cat-supplies","7":"product_cat-cat-toys","8":"product_tag-cat-ball-toys","9":"product_tag-cat-toys-set","10":"product_tag-interactive-cat-toys","12":"first","13":"instock","14":"shipping-taxable","15":"product-type-simple"},"acf":[],"yoast_head":"<!-- This site is optimized with the Yoast SEO plugin v27.1.1 - https:\/\/yoast.com\/product\/yoast-seo-wordpress\/ -->\n<title>Cat Toys Set | Cat Toys Pack Manufacturer- Petstar<\/title>\n<meta name=\"description\" content=\"Explore Cat Toys Set from the best pet products supplier. Petstar is a global pet product manufacturer. Your ideal business solution with Petstar.\" \/>\n<meta name=\"robots\" content=\"index, follow, max-snippet:-1, max-image-preview:large, max-video-preview:-1\" \/>\n<link rel=\"canonical\" href=\"https:\/\/petproducts.com.cn\/pt\/produto\/cat-toys-set-holiday-15pcs-gift-cheap-value-interactive-pet-cat-toys-pack\/\" \/>\n<meta property=\"og:locale\" content=\"pt_PT\" \/>\n<meta property=\"og:type\" content=\"article\" \/>\n<meta property=\"og:title\" content=\"Cat Toys Set | Cat Toys Pack Manufacturer- Petstar\" \/>\n<meta property=\"og:description\" content=\"Explore Cat Toys Set from the best pet products supplier. Petstar is a global pet product manufacturer. Your ideal business solution with Petstar.\" \/>\n<meta property=\"og:url\" content=\"https:\/\/petproducts.com.cn\/pt\/produto\/cat-toys-set-holiday-15pcs-gift-cheap-value-interactive-pet-cat-toys-pack\/\" \/>\n<meta property=\"og:site_name\" content=\"Petstar\" \/>\n<meta property=\"article:modified_time\" content=\"2024-11-07T03:26:59+00:00\" \/>\n<meta property=\"og:image\" content=\"https:\/\/petproducts.com.cn\/wp-content\/uploads\/2024\/11\/Supplier-Cat-Toys-Set.webp\" \/>\n\t<meta property=\"og:image:width\" content=\"1200\" \/>\n\t<meta property=\"og:image:height\" content=\"1200\" \/>\n\t<meta property=\"og:image:type\" content=\"image\/webp\" \/>\n<meta name=\"twitter:card\" content=\"summary_large_image\" \/>\n<meta name=\"twitter:label1\" content=\"Tempo estimado de leitura\" \/>\n\t<meta name=\"twitter:data1\" content=\"2 minutos\" \/>\n<script type=\"application\/ld+json\" class=\"yoast-schema-graph\">{\"@context\":\"https:\/\/schema.org\",\"@graph\":[{\"@type\":\"WebPage\",\"@id\":\"https:\/\/petproducts.com.cn\/product\/cat-toys-set-holiday-15pcs-gift-cheap-value-interactive-pet-cat-toys-pack\/\",\"url\":\"https:\/\/petproducts.com.cn\/product\/cat-toys-set-holiday-15pcs-gift-cheap-value-interactive-pet-cat-toys-pack\/\",\"name\":\"Cat Toys Set | Cat Toys Pack Manufacturer- Petstar\",\"isPartOf\":{\"@id\":\"https:\/\/petproducts.com.cn\/#website\"},\"primaryImageOfPage\":{\"@id\":\"https:\/\/petproducts.com.cn\/product\/cat-toys-set-holiday-15pcs-gift-cheap-value-interactive-pet-cat-toys-pack\/#primaryimage\"},\"image\":{\"@id\":\"https:\/\/petproducts.com.cn\/product\/cat-toys-set-holiday-15pcs-gift-cheap-value-interactive-pet-cat-toys-pack\/#primaryimage\"},\"thumbnailUrl\":\"https:\/\/petproducts.com.cn\/wp-content\/uploads\/2024\/11\/Supplier-Cat-Toys-Set.webp\",\"datePublished\":\"2024-11-07T03:15:19+00:00\",\"dateModified\":\"2024-11-07T03:26:59+00:00\",\"description\":\"Explore Cat Toys Set from the best pet products supplier. Petstar is a global pet product manufacturer. Your ideal business solution with Petstar.\",\"breadcrumb\":{\"@id\":\"https:\/\/petproducts.com.cn\/product\/cat-toys-set-holiday-15pcs-gift-cheap-value-interactive-pet-cat-toys-pack\/#breadcrumb\"},\"inLanguage\":\"pt-PT\",\"potentialAction\":[{\"@type\":\"ReadAction\",\"target\":[\"https:\/\/petproducts.com.cn\/product\/cat-toys-set-holiday-15pcs-gift-cheap-value-interactive-pet-cat-toys-pack\/\"]}]},{\"@type\":\"ImageObject\",\"inLanguage\":\"pt-PT\",\"@id\":\"https:\/\/petproducts.com.cn\/product\/cat-toys-set-holiday-15pcs-gift-cheap-value-interactive-pet-cat-toys-pack\/#primaryimage\",\"url\":\"https:\/\/petproducts.com.cn\/wp-content\/uploads\/2024\/11\/Supplier-Cat-Toys-Set.webp\",\"contentUrl\":\"https:\/\/petproducts.com.cn\/wp-content\/uploads\/2024\/11\/Supplier-Cat-Toys-Set.webp\",\"width\":1200,\"height\":1200,\"caption\":\"Supplier Cat Toys Set\"},{\"@type\":\"BreadcrumbList\",\"@id\":\"https:\/\/petproducts.com.cn\/product\/cat-toys-set-holiday-15pcs-gift-cheap-value-interactive-pet-cat-toys-pack\/#breadcrumb\",\"itemListElement\":[{\"@type\":\"ListItem\",\"position\":1,\"name\":\"HOME\",\"item\":\"https:\/\/petproducts.com.cn\/\"},{\"@type\":\"ListItem\",\"position\":2,\"name\":\"Products\",\"item\":\"https:\/\/petproducts.com.cn\/shop\/\"},{\"@type\":\"ListItem\",\"position\":3,\"name\":\"Cat Toys\",\"item\":\"https:\/\/petproducts.com.cn\/product-category\/cat-toys\/\"},{\"@type\":\"ListItem\",\"position\":4,\"name\":\"Cat Toys Set Holiday 15Pcs Gift Cheap Value Interactive Pet Cat Toys Pack\"}]},{\"@type\":\"WebSite\",\"@id\":\"https:\/\/petproducts.com.cn\/#website\",\"url\":\"https:\/\/petproducts.com.cn\/\",\"name\":\"Petstar\",\"description\":\"Leading Pet Supplies Manufacturer &amp; OEM Pet Products Supplier\",\"publisher\":{\"@id\":\"https:\/\/petproducts.com.cn\/#organization\"},\"alternateName\":\"Petstar Pet Supplies\",\"potentialAction\":[{\"@type\":\"SearchAction\",\"target\":{\"@type\":\"EntryPoint\",\"urlTemplate\":\"https:\/\/petproducts.com.cn\/?s={search_term_string}\"},\"query-input\":{\"@type\":\"PropertyValueSpecification\",\"valueRequired\":true,\"valueName\":\"search_term_string\"}}],\"inLanguage\":\"pt-PT\"},{\"@type\":\"Organization\",\"@id\":\"https:\/\/petproducts.com.cn\/#organization\",\"name\":\"Petstar\",\"url\":\"https:\/\/petproducts.com.cn\/\",\"logo\":{\"@type\":\"ImageObject\",\"inLanguage\":\"pt-PT\",\"@id\":\"https:\/\/petproducts.com.cn\/#\/schema\/logo\/image\/\",\"url\":\"https:\/\/petproducts.com.cn\/wp-content\/uploads\/2020\/02\/petstar-logo.webp\",\"contentUrl\":\"https:\/\/petproducts.com.cn\/wp-content\/uploads\/2020\/02\/petstar-logo.webp\",\"width\":779,\"height\":520,\"caption\":\"Petstar\"},\"image\":{\"@id\":\"https:\/\/petproducts.com.cn\/#\/schema\/logo\/image\/\"}}]}<\/script>\n<!-- \/ Yoast SEO plugin. -->","yoast_head_json":{"title":"Conjunto de brinquedos para gatos | Pack de brinquedos para gatos Fabricante- Petstar","description":"Explore Conjunto de brinquedos para gatos do melhor fornecedor de produtos para animais de estima\u00e7\u00e3o. Petstar \u00e9 um fabricante global de produtos para animais de estima\u00e7\u00e3o. A sua solu\u00e7\u00e3o de neg\u00f3cio ideal com Petstar.","robots":{"index":"index","follow":"follow","max-snippet":"max-snippet:-1","max-image-preview":"max-image-preview:large","max-video-preview":"max-video-preview:-1"},"canonical":"https:\/\/petproducts.com.cn\/pt\/produto\/cat-toys-set-holiday-15pcs-gift-cheap-value-interactive-pet-cat-toys-pack\/","og_locale":"pt_PT","og_type":"article","og_title":"Cat Toys Set | Cat Toys Pack Manufacturer- Petstar","og_description":"Explore Cat Toys Set from the best pet products supplier. Petstar is a global pet product manufacturer. Your ideal business solution with Petstar.","og_url":"https:\/\/petproducts.com.cn\/pt\/produto\/cat-toys-set-holiday-15pcs-gift-cheap-value-interactive-pet-cat-toys-pack\/","og_site_name":"Petstar","article_modified_time":"2024-11-07T03:26:59+00:00","og_image":[{"width":1200,"height":1200,"url":"https:\/\/petproducts.com.cn\/wp-content\/uploads\/2024\/11\/Supplier-Cat-Toys-Set.webp","type":"image\/webp"}],"twitter_card":"summary_large_image","twitter_misc":{"Tempo estimado de leitura":"2 minutos"},"schema":{"@context":"https:\/\/schema.org","@graph":[{"@type":"WebPage","@id":"https:\/\/petproducts.com.cn\/product\/cat-toys-set-holiday-15pcs-gift-cheap-value-interactive-pet-cat-toys-pack\/","url":"https:\/\/petproducts.com.cn\/product\/cat-toys-set-holiday-15pcs-gift-cheap-value-interactive-pet-cat-toys-pack\/","name":"Conjunto de brinquedos para gatos | Pack de brinquedos para gatos Fabricante- Petstar","isPartOf":{"@id":"https:\/\/petproducts.com.cn\/#website"},"primaryImageOfPage":{"@id":"https:\/\/petproducts.com.cn\/product\/cat-toys-set-holiday-15pcs-gift-cheap-value-interactive-pet-cat-toys-pack\/#primaryimage"},"image":{"@id":"https:\/\/petproducts.com.cn\/product\/cat-toys-set-holiday-15pcs-gift-cheap-value-interactive-pet-cat-toys-pack\/#primaryimage"},"thumbnailUrl":"https:\/\/petproducts.com.cn\/wp-content\/uploads\/2024\/11\/Supplier-Cat-Toys-Set.webp","datePublished":"2024-11-07T03:15:19+00:00","dateModified":"2024-11-07T03:26:59+00:00","description":"Explore Conjunto de brinquedos para gatos do melhor fornecedor de produtos para animais de estima\u00e7\u00e3o. Petstar \u00e9 um fabricante global de produtos para animais de estima\u00e7\u00e3o. A sua solu\u00e7\u00e3o de neg\u00f3cio ideal com Petstar.","breadcrumb":{"@id":"https:\/\/petproducts.com.cn\/product\/cat-toys-set-holiday-15pcs-gift-cheap-value-interactive-pet-cat-toys-pack\/#breadcrumb"},"inLanguage":"pt-PT","potentialAction":[{"@type":"ReadAction","target":["https:\/\/petproducts.com.cn\/product\/cat-toys-set-holiday-15pcs-gift-cheap-value-interactive-pet-cat-toys-pack\/"]}]},{"@type":"ImageObject","inLanguage":"pt-PT","@id":"https:\/\/petproducts.com.cn\/product\/cat-toys-set-holiday-15pcs-gift-cheap-value-interactive-pet-cat-toys-pack\/#primaryimage","url":"https:\/\/petproducts.com.cn\/wp-content\/uploads\/2024\/11\/Supplier-Cat-Toys-Set.webp","contentUrl":"https:\/\/petproducts.com.cn\/wp-content\/uploads\/2024\/11\/Supplier-Cat-Toys-Set.webp","width":1200,"height":1200,"caption":"Supplier Cat Toys Set"},{"@type":"BreadcrumbList","@id":"https:\/\/petproducts.com.cn\/product\/cat-toys-set-holiday-15pcs-gift-cheap-value-interactive-pet-cat-toys-pack\/#breadcrumb","itemListElement":[{"@type":"ListItem","position":1,"name":"HOME","item":"https:\/\/petproducts.com.cn\/"},{"@type":"ListItem","position":2,"name":"Products","item":"https:\/\/petproducts.com.cn\/shop\/"},{"@type":"ListItem","position":3,"name":"Cat Toys","item":"https:\/\/petproducts.com.cn\/product-category\/cat-toys\/"},{"@type":"ListItem","position":4,"name":"Cat Toys Set Holiday 15Pcs Gift Cheap Value Interactive Pet Cat Toys Pack"}]},{"@type":"WebSite","@id":"https:\/\/petproducts.com.cn\/#website","url":"https:\/\/petproducts.com.cn\/","name":"Petstar","description":"Fabricante l\u00edder de artigos para animais de estima\u00e7\u00e3o e fornecedor de produtos OEM para animais de estima\u00e7\u00e3o","publisher":{"@id":"https:\/\/petproducts.com.cn\/#organization"},"alternateName":"Petstar Pet Supplies","potentialAction":[{"@type":"SearchAction","target":{"@type":"EntryPoint","urlTemplate":"https:\/\/petproducts.com.cn\/?s={search_term_string}"},"query-input":{"@type":"PropertyValueSpecification","valueRequired":true,"valueName":"search_term_string"}}],"inLanguage":"pt-PT"},{"@type":"Organization","@id":"https:\/\/petproducts.com.cn\/#organization","name":"Petstar","url":"https:\/\/petproducts.com.cn\/","logo":{"@type":"ImageObject","inLanguage":"pt-PT","@id":"https:\/\/petproducts.com.cn\/#\/schema\/logo\/image\/","url":"https:\/\/petproducts.com.cn\/wp-content\/uploads\/2020\/02\/petstar-logo.webp","contentUrl":"https:\/\/petproducts.com.cn\/wp-content\/uploads\/2020\/02\/petstar-logo.webp","width":779,"height":520,"caption":"Petstar"},"image":{"@id":"https:\/\/petproducts.com.cn\/#\/schema\/logo\/image\/"}}]}},"_links":{"self":[{"href":"https:\/\/petproducts.com.cn\/pt\/wp-json\/wp\/v2\/product\/30261","targetHints":{"allow":["GET"]}}],"collection":[{"href":"https:\/\/petproducts.com.cn\/pt\/wp-json\/wp\/v2\/product"}],"about":[{"href":"https:\/\/petproducts.com.cn\/pt\/wp-json\/wp\/v2\/types\/product"}],"version-history":[{"count":2,"href":"https:\/\/petproducts.com.cn\/pt\/wp-json\/wp\/v2\/product\/30261\/revisions"}],"predecessor-version":[{"id":30269,"href":"https:\/\/petproducts.com.cn\/pt\/wp-json\/wp\/v2\/product\/30261\/revisions\/30269"}],"wp:featuredmedia":[{"embeddable":true,"href":"https:\/\/petproducts.com.cn\/pt\/wp-json\/wp\/v2\/media\/30267"}],"wp:attachment":[{"href":"https:\/\/petproducts.com.cn\/pt\/wp-json\/wp\/v2\/media?parent=30261"}],"wp:term":[{"taxonomy":"product_brand","embeddable":true,"href":"https:\/\/petproducts.com.cn\/pt\/wp-json\/wp\/v2\/product_brand?post=30261"},{"taxonomy":"product_cat","embeddable":true,"href":"https:\/\/petproducts.com.cn\/pt\/wp-json\/wp\/v2\/product_cat?post=30261"},{"taxonomy":"product_tag","embeddable":true,"href":"https:\/\/petproducts.com.cn\/pt\/wp-json\/wp\/v2\/product_tag?post=30261"}],"curies":[{"name":"wp","href":"https:\/\/api.w.org\/{rel}","templated":true}]}}