{"id":30366,"date":"2024-11-11T02:38:51","date_gmt":"2024-11-11T02:38:51","guid":{"rendered":"https:\/\/petproducts.com.cn\/?post_type=product&#038;p=30366"},"modified":"2025-01-24T01:42:20","modified_gmt":"2025-01-24T01:42:20","slug":"kitten-cat-toy-set-interactive-holiday-pet-value-gift-cat-toy-variety-pack","status":"publish","type":"product","link":"https:\/\/petproducts.com.cn\/pt\/product\/kitten-cat-toy-set-interactive-holiday-pet-value-gift-cat-toy-variety-pack\/","title":{"rendered":"Conjunto de brinquedos para gatinhos Conjunto de brinquedos interactivos para animais de estima\u00e7\u00e3o com valor de presente para gatos Pacote de variedades"},"content":{"rendered":"<h2>Carater\u00edsticas do conjunto de brinquedos para gatos Kitten<\/h2>\n<p>Este conjunto de brinquedos para gatos Kitten traz uma alegria sem fim com um pacote de 15 pe\u00e7as que oferece jogos interactivos, estimula\u00e7\u00e3o mental e emo\u00e7\u00e3o para o seu gato todos os dias.<\/p>\n<ul>\n<li><strong>Pacote de variedade de 15 pe\u00e7as:<\/strong> Receber\u00e1 uma gama completa de brinquedos, incluindo bolas, sons de embalar, animais de peluche e varinhas de provoca\u00e7\u00e3o, todos concebidos para manter o seu gato entretido durante horas.<\/li>\n<li><strong>Sons envolventes de sinos e amassados:<\/strong> Alguns brinquedos incluem materiais que se enrugam e sinos que acrescentam uma camada extra de excita\u00e7\u00e3o, captando imediatamente a curiosidade e a aten\u00e7\u00e3o do seu gato.<\/li>\n<li><strong>Pel\u00facia macia e materiais seguros:<\/strong> Cada pe\u00e7a utiliza materiais macios e seguros para animais de estima\u00e7\u00e3o que o seu gato pode mastigar, arranhar e bater com seguran\u00e7a, proporcionando-lhe tranquilidade durante as brincadeiras.<\/li>\n<li><strong>Brinquedos para ratos em sisal natural:<\/strong> Com os brinquedos para ratos embrulhados em sisal, satisfaz os instintos de arranhar do seu gato, ajudando-o a manter as suas garras em perfeitas condi\u00e7\u00f5es.<\/li>\n<li><strong>Pacote de oferta ideal para as f\u00e9rias:<\/strong> Este conjunto de brinquedos para gatos \u00e9 um excelente presente para qualquer gatinho ou amante de gatos, perfeito para f\u00e9rias ou divers\u00e3o di\u00e1ria.<\/li>\n<li><strong>Promove a atividade f\u00edsica e mental:<\/strong> Proporciona ao seu gato brinquedos que favorecem um exerc\u00edcio saud\u00e1vel e estimulam a sua curiosidade mental, reduzindo o t\u00e9dio e o stress.<\/li>\n<li><strong>Brinquedos dur\u00e1veis e de longa dura\u00e7\u00e3o:<\/strong> Concebidos para as brincadeiras mais duras, estes brinquedos resistem \u00e0s patadas e aos saltos di\u00e1rios, para que o seu gato possa desfrutar deles durante mais tempo.<\/li>\n<\/ul>\n<p style=\"text-align: center;\"><em><strong>Para mais informa\u00e7\u00f5es <a href=\"https:\/\/petproducts.com.cn\/pt\/wholesale-cat-toys\/\">brinquedos para gatos<\/a> &amp; <a href=\"https:\/\/petproducts.com.cn\/pt\/wholesale-dog-toys\/\">brinquedos para c\u00e3es<\/a>,<\/strong><\/em><em><strong>\u00a0por favor <a href=\"https:\/\/petproducts.com.cn\/pt\/contactar-nos\/\">Contate-nos<\/a>!<\/strong><\/em><\/p>","protected":false},"excerpt":{"rendered":"<p>Este conjunto de brinquedos para gatos Kitten traz uma alegria sem fim com um pacote de 15 pe\u00e7as que oferece jogos interactivos, estimula\u00e7\u00e3o mental e emo\u00e7\u00e3o para o seu gato todos os dias.<\/p>","protected":false},"featured_media":30372,"template":"","meta":{"_acf_changed":false},"product_brand":[],"product_cat":[71,81],"product_tag":[268,248,230],"class_list":{"0":"post-30366","1":"product","2":"type-product","3":"status-publish","4":"has-post-thumbnail","6":"product_cat-cat-supplies","7":"product_cat-cat-toys","8":"product_tag-cat-ball-toys","9":"product_tag-cat-toys-set","10":"product_tag-interactive-cat-toys","12":"first","13":"instock","14":"shipping-taxable","15":"product-type-simple"},"acf":[],"yoast_head":"<!-- This site is optimized with the Yoast SEO plugin v27.1.1 - https:\/\/yoast.com\/product\/yoast-seo-wordpress\/ -->\n<title>Kitten Cat Toy Set | Cat Toy Variety Pack Manufacturer- Petstar<\/title>\n<meta name=\"description\" content=\"Explore Kitten Cat Toy Set from the best pet products supplier. Petstar is a global pet product manufacturer. Your ideal business solution with Petstar.\" \/>\n<meta name=\"robots\" content=\"index, follow, max-snippet:-1, max-image-preview:large, max-video-preview:-1\" \/>\n<link rel=\"canonical\" href=\"https:\/\/petproducts.com.cn\/pt\/produto\/kitten-cat-toy-set-interactive-holiday-pet-value-gift-cat-toy-variety-pack\/\" \/>\n<meta property=\"og:locale\" content=\"pt_PT\" \/>\n<meta property=\"og:type\" content=\"article\" \/>\n<meta property=\"og:title\" content=\"Kitten Cat Toy Set | Cat Toy Variety Pack Manufacturer- Petstar\" \/>\n<meta property=\"og:description\" content=\"Explore Kitten Cat Toy Set from the best pet products supplier. Petstar is a global pet product manufacturer. Your ideal business solution with Petstar.\" \/>\n<meta property=\"og:url\" content=\"https:\/\/petproducts.com.cn\/pt\/produto\/kitten-cat-toy-set-interactive-holiday-pet-value-gift-cat-toy-variety-pack\/\" \/>\n<meta property=\"og:site_name\" content=\"Petstar\" \/>\n<meta property=\"article:modified_time\" content=\"2025-01-24T01:42:20+00:00\" \/>\n<meta property=\"og:image\" content=\"https:\/\/petproducts.com.cn\/wp-content\/uploads\/2024\/11\/Supplier-kitten-cat-toy-set.webp\" \/>\n\t<meta property=\"og:image:width\" content=\"1000\" \/>\n\t<meta property=\"og:image:height\" content=\"1000\" \/>\n\t<meta property=\"og:image:type\" content=\"image\/webp\" \/>\n<meta name=\"twitter:card\" content=\"summary_large_image\" \/>\n<meta name=\"twitter:label1\" content=\"Tempo estimado de leitura\" \/>\n\t<meta name=\"twitter:data1\" content=\"2 minutos\" \/>\n<script type=\"application\/ld+json\" class=\"yoast-schema-graph\">{\"@context\":\"https:\/\/schema.org\",\"@graph\":[{\"@type\":\"WebPage\",\"@id\":\"https:\/\/petproducts.com.cn\/product\/kitten-cat-toy-set-interactive-holiday-pet-value-gift-cat-toy-variety-pack\/\",\"url\":\"https:\/\/petproducts.com.cn\/product\/kitten-cat-toy-set-interactive-holiday-pet-value-gift-cat-toy-variety-pack\/\",\"name\":\"Kitten Cat Toy Set | Cat Toy Variety Pack Manufacturer- Petstar\",\"isPartOf\":{\"@id\":\"https:\/\/petproducts.com.cn\/#website\"},\"primaryImageOfPage\":{\"@id\":\"https:\/\/petproducts.com.cn\/product\/kitten-cat-toy-set-interactive-holiday-pet-value-gift-cat-toy-variety-pack\/#primaryimage\"},\"image\":{\"@id\":\"https:\/\/petproducts.com.cn\/product\/kitten-cat-toy-set-interactive-holiday-pet-value-gift-cat-toy-variety-pack\/#primaryimage\"},\"thumbnailUrl\":\"https:\/\/petproducts.com.cn\/wp-content\/uploads\/2024\/11\/Supplier-kitten-cat-toy-set.webp\",\"datePublished\":\"2024-11-11T02:38:51+00:00\",\"dateModified\":\"2025-01-24T01:42:20+00:00\",\"description\":\"Explore Kitten Cat Toy Set from the best pet products supplier. Petstar is a global pet product manufacturer. Your ideal business solution with Petstar.\",\"breadcrumb\":{\"@id\":\"https:\/\/petproducts.com.cn\/product\/kitten-cat-toy-set-interactive-holiday-pet-value-gift-cat-toy-variety-pack\/#breadcrumb\"},\"inLanguage\":\"pt-PT\",\"potentialAction\":[{\"@type\":\"ReadAction\",\"target\":[\"https:\/\/petproducts.com.cn\/product\/kitten-cat-toy-set-interactive-holiday-pet-value-gift-cat-toy-variety-pack\/\"]}]},{\"@type\":\"ImageObject\",\"inLanguage\":\"pt-PT\",\"@id\":\"https:\/\/petproducts.com.cn\/product\/kitten-cat-toy-set-interactive-holiday-pet-value-gift-cat-toy-variety-pack\/#primaryimage\",\"url\":\"https:\/\/petproducts.com.cn\/wp-content\/uploads\/2024\/11\/Supplier-kitten-cat-toy-set.webp\",\"contentUrl\":\"https:\/\/petproducts.com.cn\/wp-content\/uploads\/2024\/11\/Supplier-kitten-cat-toy-set.webp\",\"width\":1000,\"height\":1000,\"caption\":\"Supplier kitten cat toy set\"},{\"@type\":\"BreadcrumbList\",\"@id\":\"https:\/\/petproducts.com.cn\/product\/kitten-cat-toy-set-interactive-holiday-pet-value-gift-cat-toy-variety-pack\/#breadcrumb\",\"itemListElement\":[{\"@type\":\"ListItem\",\"position\":1,\"name\":\"HOME\",\"item\":\"https:\/\/petproducts.com.cn\/\"},{\"@type\":\"ListItem\",\"position\":2,\"name\":\"Products\",\"item\":\"https:\/\/petproducts.com.cn\/shop\/\"},{\"@type\":\"ListItem\",\"position\":3,\"name\":\"Cat Toys\",\"item\":\"https:\/\/petproducts.com.cn\/product-category\/cat-toys\/\"},{\"@type\":\"ListItem\",\"position\":4,\"name\":\"Kitten Cat Toy Set Interactive Holiday Pet Value Gift Cat Toy Variety Pack\"}]},{\"@type\":\"WebSite\",\"@id\":\"https:\/\/petproducts.com.cn\/#website\",\"url\":\"https:\/\/petproducts.com.cn\/\",\"name\":\"Petstar\",\"description\":\"Leading Pet Supplies Manufacturer &amp; OEM Pet Products Supplier\",\"publisher\":{\"@id\":\"https:\/\/petproducts.com.cn\/#organization\"},\"alternateName\":\"Petstar Pet Supplies\",\"potentialAction\":[{\"@type\":\"SearchAction\",\"target\":{\"@type\":\"EntryPoint\",\"urlTemplate\":\"https:\/\/petproducts.com.cn\/?s={search_term_string}\"},\"query-input\":{\"@type\":\"PropertyValueSpecification\",\"valueRequired\":true,\"valueName\":\"search_term_string\"}}],\"inLanguage\":\"pt-PT\"},{\"@type\":\"Organization\",\"@id\":\"https:\/\/petproducts.com.cn\/#organization\",\"name\":\"Petstar\",\"url\":\"https:\/\/petproducts.com.cn\/\",\"logo\":{\"@type\":\"ImageObject\",\"inLanguage\":\"pt-PT\",\"@id\":\"https:\/\/petproducts.com.cn\/#\/schema\/logo\/image\/\",\"url\":\"https:\/\/petproducts.com.cn\/wp-content\/uploads\/2020\/02\/petstar-logo.webp\",\"contentUrl\":\"https:\/\/petproducts.com.cn\/wp-content\/uploads\/2020\/02\/petstar-logo.webp\",\"width\":779,\"height\":520,\"caption\":\"Petstar\"},\"image\":{\"@id\":\"https:\/\/petproducts.com.cn\/#\/schema\/logo\/image\/\"}}]}<\/script>\n<!-- \/ Yoast SEO plugin. -->","yoast_head_json":{"title":"Conjunto de brinquedos para gatinhos | Pacote de variedade de brinquedos para gatos Fabricante- Petstar","description":"Explore Kitten Cat Toy Set do melhor fornecedor de produtos para animais de estima\u00e7\u00e3o. Petstar \u00e9 um fabricante global de produtos para animais de estima\u00e7\u00e3o. A sua solu\u00e7\u00e3o de neg\u00f3cio ideal com Petstar.","robots":{"index":"index","follow":"follow","max-snippet":"max-snippet:-1","max-image-preview":"max-image-preview:large","max-video-preview":"max-video-preview:-1"},"canonical":"https:\/\/petproducts.com.cn\/pt\/produto\/kitten-cat-toy-set-interactive-holiday-pet-value-gift-cat-toy-variety-pack\/","og_locale":"pt_PT","og_type":"article","og_title":"Kitten Cat Toy Set | Cat Toy Variety Pack Manufacturer- Petstar","og_description":"Explore Kitten Cat Toy Set from the best pet products supplier. Petstar is a global pet product manufacturer. Your ideal business solution with Petstar.","og_url":"https:\/\/petproducts.com.cn\/pt\/produto\/kitten-cat-toy-set-interactive-holiday-pet-value-gift-cat-toy-variety-pack\/","og_site_name":"Petstar","article_modified_time":"2025-01-24T01:42:20+00:00","og_image":[{"width":1000,"height":1000,"url":"https:\/\/petproducts.com.cn\/wp-content\/uploads\/2024\/11\/Supplier-kitten-cat-toy-set.webp","type":"image\/webp"}],"twitter_card":"summary_large_image","twitter_misc":{"Tempo estimado de leitura":"2 minutos"},"schema":{"@context":"https:\/\/schema.org","@graph":[{"@type":"WebPage","@id":"https:\/\/petproducts.com.cn\/product\/kitten-cat-toy-set-interactive-holiday-pet-value-gift-cat-toy-variety-pack\/","url":"https:\/\/petproducts.com.cn\/product\/kitten-cat-toy-set-interactive-holiday-pet-value-gift-cat-toy-variety-pack\/","name":"Conjunto de brinquedos para gatinhos | Pacote de variedade de brinquedos para gatos Fabricante- Petstar","isPartOf":{"@id":"https:\/\/petproducts.com.cn\/#website"},"primaryImageOfPage":{"@id":"https:\/\/petproducts.com.cn\/product\/kitten-cat-toy-set-interactive-holiday-pet-value-gift-cat-toy-variety-pack\/#primaryimage"},"image":{"@id":"https:\/\/petproducts.com.cn\/product\/kitten-cat-toy-set-interactive-holiday-pet-value-gift-cat-toy-variety-pack\/#primaryimage"},"thumbnailUrl":"https:\/\/petproducts.com.cn\/wp-content\/uploads\/2024\/11\/Supplier-kitten-cat-toy-set.webp","datePublished":"2024-11-11T02:38:51+00:00","dateModified":"2025-01-24T01:42:20+00:00","description":"Explore Kitten Cat Toy Set do melhor fornecedor de produtos para animais de estima\u00e7\u00e3o. Petstar \u00e9 um fabricante global de produtos para animais de estima\u00e7\u00e3o. A sua solu\u00e7\u00e3o de neg\u00f3cio ideal com Petstar.","breadcrumb":{"@id":"https:\/\/petproducts.com.cn\/product\/kitten-cat-toy-set-interactive-holiday-pet-value-gift-cat-toy-variety-pack\/#breadcrumb"},"inLanguage":"pt-PT","potentialAction":[{"@type":"ReadAction","target":["https:\/\/petproducts.com.cn\/product\/kitten-cat-toy-set-interactive-holiday-pet-value-gift-cat-toy-variety-pack\/"]}]},{"@type":"ImageObject","inLanguage":"pt-PT","@id":"https:\/\/petproducts.com.cn\/product\/kitten-cat-toy-set-interactive-holiday-pet-value-gift-cat-toy-variety-pack\/#primaryimage","url":"https:\/\/petproducts.com.cn\/wp-content\/uploads\/2024\/11\/Supplier-kitten-cat-toy-set.webp","contentUrl":"https:\/\/petproducts.com.cn\/wp-content\/uploads\/2024\/11\/Supplier-kitten-cat-toy-set.webp","width":1000,"height":1000,"caption":"Supplier kitten cat toy set"},{"@type":"BreadcrumbList","@id":"https:\/\/petproducts.com.cn\/product\/kitten-cat-toy-set-interactive-holiday-pet-value-gift-cat-toy-variety-pack\/#breadcrumb","itemListElement":[{"@type":"ListItem","position":1,"name":"HOME","item":"https:\/\/petproducts.com.cn\/"},{"@type":"ListItem","position":2,"name":"Products","item":"https:\/\/petproducts.com.cn\/shop\/"},{"@type":"ListItem","position":3,"name":"Cat Toys","item":"https:\/\/petproducts.com.cn\/product-category\/cat-toys\/"},{"@type":"ListItem","position":4,"name":"Kitten Cat Toy Set Interactive Holiday Pet Value Gift Cat Toy Variety Pack"}]},{"@type":"WebSite","@id":"https:\/\/petproducts.com.cn\/#website","url":"https:\/\/petproducts.com.cn\/","name":"Petstar","description":"Fabricante l\u00edder de artigos para animais de estima\u00e7\u00e3o e fornecedor de produtos OEM para animais de estima\u00e7\u00e3o","publisher":{"@id":"https:\/\/petproducts.com.cn\/#organization"},"alternateName":"Petstar Pet Supplies","potentialAction":[{"@type":"SearchAction","target":{"@type":"EntryPoint","urlTemplate":"https:\/\/petproducts.com.cn\/?s={search_term_string}"},"query-input":{"@type":"PropertyValueSpecification","valueRequired":true,"valueName":"search_term_string"}}],"inLanguage":"pt-PT"},{"@type":"Organization","@id":"https:\/\/petproducts.com.cn\/#organization","name":"Petstar","url":"https:\/\/petproducts.com.cn\/","logo":{"@type":"ImageObject","inLanguage":"pt-PT","@id":"https:\/\/petproducts.com.cn\/#\/schema\/logo\/image\/","url":"https:\/\/petproducts.com.cn\/wp-content\/uploads\/2020\/02\/petstar-logo.webp","contentUrl":"https:\/\/petproducts.com.cn\/wp-content\/uploads\/2020\/02\/petstar-logo.webp","width":779,"height":520,"caption":"Petstar"},"image":{"@id":"https:\/\/petproducts.com.cn\/#\/schema\/logo\/image\/"}}]}},"_links":{"self":[{"href":"https:\/\/petproducts.com.cn\/pt\/wp-json\/wp\/v2\/product\/30366","targetHints":{"allow":["GET"]}}],"collection":[{"href":"https:\/\/petproducts.com.cn\/pt\/wp-json\/wp\/v2\/product"}],"about":[{"href":"https:\/\/petproducts.com.cn\/pt\/wp-json\/wp\/v2\/types\/product"}],"version-history":[{"count":2,"href":"https:\/\/petproducts.com.cn\/pt\/wp-json\/wp\/v2\/product\/30366\/revisions"}],"predecessor-version":[{"id":30374,"href":"https:\/\/petproducts.com.cn\/pt\/wp-json\/wp\/v2\/product\/30366\/revisions\/30374"}],"wp:featuredmedia":[{"embeddable":true,"href":"https:\/\/petproducts.com.cn\/pt\/wp-json\/wp\/v2\/media\/30372"}],"wp:attachment":[{"href":"https:\/\/petproducts.com.cn\/pt\/wp-json\/wp\/v2\/media?parent=30366"}],"wp:term":[{"taxonomy":"product_brand","embeddable":true,"href":"https:\/\/petproducts.com.cn\/pt\/wp-json\/wp\/v2\/product_brand?post=30366"},{"taxonomy":"product_cat","embeddable":true,"href":"https:\/\/petproducts.com.cn\/pt\/wp-json\/wp\/v2\/product_cat?post=30366"},{"taxonomy":"product_tag","embeddable":true,"href":"https:\/\/petproducts.com.cn\/pt\/wp-json\/wp\/v2\/product_tag?post=30366"}],"curies":[{"name":"wp","href":"https:\/\/api.w.org\/{rel}","templated":true}]}}