{"id":30512,"date":"2024-11-14T03:20:35","date_gmt":"2024-11-14T03:20:35","guid":{"rendered":"https:\/\/petproducts.com.cn\/?post_type=product&#038;p=30512"},"modified":"2024-11-14T07:00:01","modified_gmt":"2024-11-14T07:00:01","slug":"best-floating-dog-toys-wholesale-slipper-shape-tpr-foam-safe-squeaky-dog-toys","status":"publish","type":"product","link":"https:\/\/petproducts.com.cn\/pt\/product\/best-floating-dog-toys-wholesale-slipper-shape-tpr-foam-safe-squeaky-dog-toys\/","title":{"rendered":"Melhores brinquedos flutuantes para c\u00e3es Brinquedos para c\u00e3es por atacado em forma de chinelo TPR espuma segura Squeaky Dog Toys"},"content":{"rendered":"<h2>Carater\u00edsticas dos melhores brinquedos flutuantes para c\u00e3es<\/h2>\n<ul>\n<li><strong>Forma \u00fanica de chinelo para um apelo divertido<\/strong> - Esta forma divertida de chinelo dos Best Floating Dog Toys capta a aten\u00e7\u00e3o do seu c\u00e3o, incentivando-o a participar em jogos emocionantes de busca e mastiga\u00e7\u00e3o.<\/li>\n<li><strong>Fabricado em material de espuma TPR dur\u00e1vel<\/strong> - Ir\u00e1 apreciar a espuma TPR de alta qualidade, concebida para resistir a uma mastiga\u00e7\u00e3o dif\u00edcil, garantindo uma durabilidade duradoura para brincadeiras activas.<\/li>\n<li><strong>Flutua na \u00e1gua para brincar na \u00e1gua<\/strong> - Quer seja na praia ou na piscina, este brinquedo flutua, proporcionando divers\u00e3o intermin\u00e1vel na \u00e1gua e oportunidades de ir buscar onde quer que v\u00e1.<\/li>\n<li><strong>Squeaky Sound para um envolvimento interativo<\/strong> - Com um guincho no interior, o brinquedo emite um som a cada mastiga\u00e7\u00e3o, mantendo o seu c\u00e3o entretido e empenhado durante horas.<\/li>\n<li><strong>Seguro e suave para os dentes<\/strong> - O material de espuma TPR n\u00e3o \u00e9 t\u00f3xico e \u00e9 suave para os dentes do seu c\u00e3o, permitindo-lhe mastigar em seguran\u00e7a sem risco de se magoar.<\/li>\n<li><strong>Cor vibrante para alta visibilidade<\/strong> - Com uma cor brilhante, nunca perder\u00e1 de vista este brinquedo na \u00e1gua ou em terra, tornando-o ideal para aventuras ao ar livre.<\/li>\n<li><strong>F\u00e1cil de limpar e manter<\/strong> - Vai adorar a facilidade de limpeza; um enxaguamento r\u00e1pido mant\u00e9m-na fresca e pronta para a pr\u00f3xima sess\u00e3o de brincadeira do seu c\u00e3o.<\/li>\n<li><strong>Compacto e leve para portabilidade<\/strong> - O design leve torna-o f\u00e1cil de levar para parques, praias ou passeios, garantindo divers\u00e3o a qualquer hora e em qualquer lugar<\/li>\n<\/ul>\n<p style=\"text-align: center;\"><em><strong>Para mais informa\u00e7\u00f5es <a href=\"https:\/\/petproducts.com.cn\/pt\/wholesale-cat-toys\/\">brinquedos para gatos<\/a> &amp; <a href=\"https:\/\/petproducts.com.cn\/pt\/wholesale-dog-toys\/\">brinquedos para c\u00e3es<\/a>,<\/strong><\/em><em><strong>\u00a0por favor <a href=\"https:\/\/petproducts.com.cn\/pt\/contactar-nos\/\">Contate-nos<\/a>!<\/strong><\/em><\/p>","protected":false},"excerpt":{"rendered":"<p>Mantenha o seu c\u00e3o ativo e entretido com estas <em>Brinquedos flutuantes para c\u00e3es<\/em>Concebido com material de espuma TPR dur\u00e1vel para sess\u00f5es intermin\u00e1veis de mastiga\u00e7\u00e3o e brincadeiras com \u00e1gua.<\/p>","protected":false},"featured_media":30517,"template":"","meta":{"_acf_changed":false},"product_brand":[],"product_cat":[72,48],"product_tag":[223,233,273,232,234],"class_list":{"0":"post-30512","1":"product","2":"type-product","3":"status-publish","4":"has-post-thumbnail","6":"product_cat-dog-supplies","7":"product_cat-dog-toys","8":"product_tag-dog-chew-toys","9":"product_tag-dog-squeaky-toys","10":"product_tag-floating-dog-toys","11":"product_tag-interactive-dog-toys","12":"product_tag-tpr-dog-toys","14":"first","15":"instock","16":"shipping-taxable","17":"product-type-simple"},"acf":[],"yoast_head":"<!-- This site is optimized with the Yoast SEO plugin v27.1.1 - https:\/\/yoast.com\/product\/yoast-seo-wordpress\/ -->\n<title>Best Floating Dog Toys | Safe Squeaky Dog Toys Manufacturer- Petstar<\/title>\n<meta name=\"description\" content=\"Explore Best Floating Dog Toys from the best pet products supplier. Petstar is a global pet product manufacturer. Your ideal business solution with Petstar.\" \/>\n<meta name=\"robots\" content=\"index, follow, max-snippet:-1, max-image-preview:large, max-video-preview:-1\" \/>\n<link rel=\"canonical\" href=\"https:\/\/petproducts.com.cn\/pt\/produto\/best-floating-dog-toys-wholesale-slipper-shape-tpr-foam-safe-squeaky-dog-toys\/\" \/>\n<meta property=\"og:locale\" content=\"pt_PT\" \/>\n<meta property=\"og:type\" content=\"article\" \/>\n<meta property=\"og:title\" content=\"Best Floating Dog Toys | Safe Squeaky Dog Toys Manufacturer- Petstar\" \/>\n<meta property=\"og:description\" content=\"Explore Best Floating Dog Toys from the best pet products supplier. Petstar is a global pet product manufacturer. Your ideal business solution with Petstar.\" \/>\n<meta property=\"og:url\" content=\"https:\/\/petproducts.com.cn\/pt\/produto\/best-floating-dog-toys-wholesale-slipper-shape-tpr-foam-safe-squeaky-dog-toys\/\" \/>\n<meta property=\"og:site_name\" content=\"Petstar\" \/>\n<meta property=\"article:modified_time\" content=\"2024-11-14T07:00:01+00:00\" \/>\n<meta property=\"og:image\" content=\"https:\/\/petproducts.com.cn\/wp-content\/uploads\/2024\/11\/Best-Floating-Dog-Toys-1.webp\" \/>\n\t<meta property=\"og:image:width\" content=\"1000\" \/>\n\t<meta property=\"og:image:height\" content=\"1000\" \/>\n\t<meta property=\"og:image:type\" content=\"image\/webp\" \/>\n<meta name=\"twitter:card\" content=\"summary_large_image\" \/>\n<meta name=\"twitter:label1\" content=\"Tempo estimado de leitura\" \/>\n\t<meta name=\"twitter:data1\" content=\"2 minutos\" \/>\n<script type=\"application\/ld+json\" class=\"yoast-schema-graph\">{\"@context\":\"https:\/\/schema.org\",\"@graph\":[{\"@type\":\"WebPage\",\"@id\":\"https:\/\/petproducts.com.cn\/product\/best-floating-dog-toys-wholesale-slipper-shape-tpr-foam-safe-squeaky-dog-toys\/\",\"url\":\"https:\/\/petproducts.com.cn\/product\/best-floating-dog-toys-wholesale-slipper-shape-tpr-foam-safe-squeaky-dog-toys\/\",\"name\":\"Best Floating Dog Toys | Safe Squeaky Dog Toys Manufacturer- Petstar\",\"isPartOf\":{\"@id\":\"https:\/\/petproducts.com.cn\/#website\"},\"primaryImageOfPage\":{\"@id\":\"https:\/\/petproducts.com.cn\/product\/best-floating-dog-toys-wholesale-slipper-shape-tpr-foam-safe-squeaky-dog-toys\/#primaryimage\"},\"image\":{\"@id\":\"https:\/\/petproducts.com.cn\/product\/best-floating-dog-toys-wholesale-slipper-shape-tpr-foam-safe-squeaky-dog-toys\/#primaryimage\"},\"thumbnailUrl\":\"https:\/\/petproducts.com.cn\/wp-content\/uploads\/2024\/11\/Best-Floating-Dog-Toys-1.webp\",\"datePublished\":\"2024-11-14T03:20:35+00:00\",\"dateModified\":\"2024-11-14T07:00:01+00:00\",\"description\":\"Explore Best Floating Dog Toys from the best pet products supplier. Petstar is a global pet product manufacturer. Your ideal business solution with Petstar.\",\"breadcrumb\":{\"@id\":\"https:\/\/petproducts.com.cn\/product\/best-floating-dog-toys-wholesale-slipper-shape-tpr-foam-safe-squeaky-dog-toys\/#breadcrumb\"},\"inLanguage\":\"pt-PT\",\"potentialAction\":[{\"@type\":\"ReadAction\",\"target\":[\"https:\/\/petproducts.com.cn\/product\/best-floating-dog-toys-wholesale-slipper-shape-tpr-foam-safe-squeaky-dog-toys\/\"]}]},{\"@type\":\"ImageObject\",\"inLanguage\":\"pt-PT\",\"@id\":\"https:\/\/petproducts.com.cn\/product\/best-floating-dog-toys-wholesale-slipper-shape-tpr-foam-safe-squeaky-dog-toys\/#primaryimage\",\"url\":\"https:\/\/petproducts.com.cn\/wp-content\/uploads\/2024\/11\/Best-Floating-Dog-Toys-1.webp\",\"contentUrl\":\"https:\/\/petproducts.com.cn\/wp-content\/uploads\/2024\/11\/Best-Floating-Dog-Toys-1.webp\",\"width\":1000,\"height\":1000,\"caption\":\"Best Floating Dog Toys\"},{\"@type\":\"BreadcrumbList\",\"@id\":\"https:\/\/petproducts.com.cn\/product\/best-floating-dog-toys-wholesale-slipper-shape-tpr-foam-safe-squeaky-dog-toys\/#breadcrumb\",\"itemListElement\":[{\"@type\":\"ListItem\",\"position\":1,\"name\":\"HOME\",\"item\":\"https:\/\/petproducts.com.cn\/\"},{\"@type\":\"ListItem\",\"position\":2,\"name\":\"Products\",\"item\":\"https:\/\/petproducts.com.cn\/shop\/\"},{\"@type\":\"ListItem\",\"position\":3,\"name\":\"Dog Toys\",\"item\":\"https:\/\/petproducts.com.cn\/product-category\/dog-toys\/\"},{\"@type\":\"ListItem\",\"position\":4,\"name\":\"Best Floating Dog Toys Wholesale Slipper Shape TPR Foam Safe Squeaky Dog Toys\"}]},{\"@type\":\"WebSite\",\"@id\":\"https:\/\/petproducts.com.cn\/#website\",\"url\":\"https:\/\/petproducts.com.cn\/\",\"name\":\"Petstar\",\"description\":\"Leading Pet Supplies Manufacturer &amp; OEM Pet Products Supplier\",\"publisher\":{\"@id\":\"https:\/\/petproducts.com.cn\/#organization\"},\"alternateName\":\"Petstar Pet Supplies\",\"potentialAction\":[{\"@type\":\"SearchAction\",\"target\":{\"@type\":\"EntryPoint\",\"urlTemplate\":\"https:\/\/petproducts.com.cn\/?s={search_term_string}\"},\"query-input\":{\"@type\":\"PropertyValueSpecification\",\"valueRequired\":true,\"valueName\":\"search_term_string\"}}],\"inLanguage\":\"pt-PT\"},{\"@type\":\"Organization\",\"@id\":\"https:\/\/petproducts.com.cn\/#organization\",\"name\":\"Petstar\",\"url\":\"https:\/\/petproducts.com.cn\/\",\"logo\":{\"@type\":\"ImageObject\",\"inLanguage\":\"pt-PT\",\"@id\":\"https:\/\/petproducts.com.cn\/#\/schema\/logo\/image\/\",\"url\":\"https:\/\/petproducts.com.cn\/wp-content\/uploads\/2020\/02\/petstar-logo.webp\",\"contentUrl\":\"https:\/\/petproducts.com.cn\/wp-content\/uploads\/2020\/02\/petstar-logo.webp\",\"width\":779,\"height\":520,\"caption\":\"Petstar\"},\"image\":{\"@id\":\"https:\/\/petproducts.com.cn\/#\/schema\/logo\/image\/\"}}]}<\/script>\n<!-- \/ Yoast SEO plugin. -->","yoast_head_json":{"title":"Brinquedos flutuantes para c\u00e3es - Brinquedos seguros para c\u00e3es - Petstar","description":"Explore os melhores brinquedos flutuantes para c\u00e3es do melhor fornecedor de produtos para animais de estima\u00e7\u00e3o. Petstar \u00e9 um fabricante global de produtos para animais de estima\u00e7\u00e3o. A sua solu\u00e7\u00e3o de neg\u00f3cio ideal com Petstar.","robots":{"index":"index","follow":"follow","max-snippet":"max-snippet:-1","max-image-preview":"max-image-preview:large","max-video-preview":"max-video-preview:-1"},"canonical":"https:\/\/petproducts.com.cn\/pt\/produto\/best-floating-dog-toys-wholesale-slipper-shape-tpr-foam-safe-squeaky-dog-toys\/","og_locale":"pt_PT","og_type":"article","og_title":"Best Floating Dog Toys | Safe Squeaky Dog Toys Manufacturer- Petstar","og_description":"Explore Best Floating Dog Toys from the best pet products supplier. Petstar is a global pet product manufacturer. Your ideal business solution with Petstar.","og_url":"https:\/\/petproducts.com.cn\/pt\/produto\/best-floating-dog-toys-wholesale-slipper-shape-tpr-foam-safe-squeaky-dog-toys\/","og_site_name":"Petstar","article_modified_time":"2024-11-14T07:00:01+00:00","og_image":[{"width":1000,"height":1000,"url":"https:\/\/petproducts.com.cn\/wp-content\/uploads\/2024\/11\/Best-Floating-Dog-Toys-1.webp","type":"image\/webp"}],"twitter_card":"summary_large_image","twitter_misc":{"Tempo estimado de leitura":"2 minutos"},"schema":{"@context":"https:\/\/schema.org","@graph":[{"@type":"WebPage","@id":"https:\/\/petproducts.com.cn\/product\/best-floating-dog-toys-wholesale-slipper-shape-tpr-foam-safe-squeaky-dog-toys\/","url":"https:\/\/petproducts.com.cn\/product\/best-floating-dog-toys-wholesale-slipper-shape-tpr-foam-safe-squeaky-dog-toys\/","name":"Brinquedos flutuantes para c\u00e3es - Brinquedos seguros para c\u00e3es - Petstar","isPartOf":{"@id":"https:\/\/petproducts.com.cn\/#website"},"primaryImageOfPage":{"@id":"https:\/\/petproducts.com.cn\/product\/best-floating-dog-toys-wholesale-slipper-shape-tpr-foam-safe-squeaky-dog-toys\/#primaryimage"},"image":{"@id":"https:\/\/petproducts.com.cn\/product\/best-floating-dog-toys-wholesale-slipper-shape-tpr-foam-safe-squeaky-dog-toys\/#primaryimage"},"thumbnailUrl":"https:\/\/petproducts.com.cn\/wp-content\/uploads\/2024\/11\/Best-Floating-Dog-Toys-1.webp","datePublished":"2024-11-14T03:20:35+00:00","dateModified":"2024-11-14T07:00:01+00:00","description":"Explore os melhores brinquedos flutuantes para c\u00e3es do melhor fornecedor de produtos para animais de estima\u00e7\u00e3o. Petstar \u00e9 um fabricante global de produtos para animais de estima\u00e7\u00e3o. A sua solu\u00e7\u00e3o de neg\u00f3cio ideal com Petstar.","breadcrumb":{"@id":"https:\/\/petproducts.com.cn\/product\/best-floating-dog-toys-wholesale-slipper-shape-tpr-foam-safe-squeaky-dog-toys\/#breadcrumb"},"inLanguage":"pt-PT","potentialAction":[{"@type":"ReadAction","target":["https:\/\/petproducts.com.cn\/product\/best-floating-dog-toys-wholesale-slipper-shape-tpr-foam-safe-squeaky-dog-toys\/"]}]},{"@type":"ImageObject","inLanguage":"pt-PT","@id":"https:\/\/petproducts.com.cn\/product\/best-floating-dog-toys-wholesale-slipper-shape-tpr-foam-safe-squeaky-dog-toys\/#primaryimage","url":"https:\/\/petproducts.com.cn\/wp-content\/uploads\/2024\/11\/Best-Floating-Dog-Toys-1.webp","contentUrl":"https:\/\/petproducts.com.cn\/wp-content\/uploads\/2024\/11\/Best-Floating-Dog-Toys-1.webp","width":1000,"height":1000,"caption":"Best Floating Dog Toys"},{"@type":"BreadcrumbList","@id":"https:\/\/petproducts.com.cn\/product\/best-floating-dog-toys-wholesale-slipper-shape-tpr-foam-safe-squeaky-dog-toys\/#breadcrumb","itemListElement":[{"@type":"ListItem","position":1,"name":"HOME","item":"https:\/\/petproducts.com.cn\/"},{"@type":"ListItem","position":2,"name":"Products","item":"https:\/\/petproducts.com.cn\/shop\/"},{"@type":"ListItem","position":3,"name":"Dog Toys","item":"https:\/\/petproducts.com.cn\/product-category\/dog-toys\/"},{"@type":"ListItem","position":4,"name":"Best Floating Dog Toys Wholesale Slipper Shape TPR Foam Safe Squeaky Dog Toys"}]},{"@type":"WebSite","@id":"https:\/\/petproducts.com.cn\/#website","url":"https:\/\/petproducts.com.cn\/","name":"Petstar","description":"Fabricante l\u00edder de artigos para animais de estima\u00e7\u00e3o e fornecedor de produtos OEM para animais de estima\u00e7\u00e3o","publisher":{"@id":"https:\/\/petproducts.com.cn\/#organization"},"alternateName":"Petstar Pet Supplies","potentialAction":[{"@type":"SearchAction","target":{"@type":"EntryPoint","urlTemplate":"https:\/\/petproducts.com.cn\/?s={search_term_string}"},"query-input":{"@type":"PropertyValueSpecification","valueRequired":true,"valueName":"search_term_string"}}],"inLanguage":"pt-PT"},{"@type":"Organization","@id":"https:\/\/petproducts.com.cn\/#organization","name":"Petstar","url":"https:\/\/petproducts.com.cn\/","logo":{"@type":"ImageObject","inLanguage":"pt-PT","@id":"https:\/\/petproducts.com.cn\/#\/schema\/logo\/image\/","url":"https:\/\/petproducts.com.cn\/wp-content\/uploads\/2020\/02\/petstar-logo.webp","contentUrl":"https:\/\/petproducts.com.cn\/wp-content\/uploads\/2020\/02\/petstar-logo.webp","width":779,"height":520,"caption":"Petstar"},"image":{"@id":"https:\/\/petproducts.com.cn\/#\/schema\/logo\/image\/"}}]}},"_links":{"self":[{"href":"https:\/\/petproducts.com.cn\/pt\/wp-json\/wp\/v2\/product\/30512","targetHints":{"allow":["GET"]}}],"collection":[{"href":"https:\/\/petproducts.com.cn\/pt\/wp-json\/wp\/v2\/product"}],"about":[{"href":"https:\/\/petproducts.com.cn\/pt\/wp-json\/wp\/v2\/types\/product"}],"version-history":[{"count":5,"href":"https:\/\/petproducts.com.cn\/pt\/wp-json\/wp\/v2\/product\/30512\/revisions"}],"predecessor-version":[{"id":30534,"href":"https:\/\/petproducts.com.cn\/pt\/wp-json\/wp\/v2\/product\/30512\/revisions\/30534"}],"wp:featuredmedia":[{"embeddable":true,"href":"https:\/\/petproducts.com.cn\/pt\/wp-json\/wp\/v2\/media\/30517"}],"wp:attachment":[{"href":"https:\/\/petproducts.com.cn\/pt\/wp-json\/wp\/v2\/media?parent=30512"}],"wp:term":[{"taxonomy":"product_brand","embeddable":true,"href":"https:\/\/petproducts.com.cn\/pt\/wp-json\/wp\/v2\/product_brand?post=30512"},{"taxonomy":"product_cat","embeddable":true,"href":"https:\/\/petproducts.com.cn\/pt\/wp-json\/wp\/v2\/product_cat?post=30512"},{"taxonomy":"product_tag","embeddable":true,"href":"https:\/\/petproducts.com.cn\/pt\/wp-json\/wp\/v2\/product_tag?post=30512"}],"curies":[{"name":"wp","href":"https:\/\/api.w.org\/{rel}","templated":true}]}}