{"id":30773,"date":"2024-11-25T06:48:06","date_gmt":"2024-11-25T06:48:06","guid":{"rendered":"https:\/\/petproducts.com.cn\/?post_type=product&#038;p=30773"},"modified":"2024-11-25T06:48:07","modified_gmt":"2024-11-25T06:48:07","slug":"dog-play-pen-puppy-exercise-fence-vietnam-factory-foldable-indoor-pet-playpen","status":"publish","type":"product","link":"https:\/\/petproducts.com.cn\/pt\/product\/dog-play-pen-puppy-exercise-fence-vietnam-factory-foldable-indoor-pet-playpen\/","title":{"rendered":"Parque de jogos para c\u00e3es Parque de exerc\u00edcios para cachorros F\u00e1brica do Vietname Parque dobr\u00e1vel para animais de estima\u00e7\u00e3o no interior"},"content":{"rendered":"<h2>Carater\u00edsticas do parque infantil para c\u00e3es<\/h2>\n<ul>\n<li><strong>Design dur\u00e1vel em branco<\/strong>: Este parque infantil para c\u00e3es apresenta um acabamento branco e limpo que se integra perfeitamente em qualquer decora\u00e7\u00e3o de casa, proporcionando ao seu animal de estima\u00e7\u00e3o um espa\u00e7o seguro e elegante para brincar.<\/li>\n<li><strong>8 pain\u00e9is para uma configura\u00e7\u00e3o vers\u00e1til<\/strong>: Com 8 pain\u00e9is, pode ajustar facilmente o tamanho e a forma do parque, criando um ambiente seguro e adaptado \u00e0s necessidades do seu animal de estima\u00e7\u00e3o. Isto d\u00e1-lhe a flexibilidade de montar o parque de v\u00e1rias formas, consoante o espa\u00e7o dispon\u00edvel.<\/li>\n<li><strong>Porta embutida para f\u00e1cil acesso<\/strong>: O parque est\u00e1 equipado com uma porta pr\u00e1tica, que lhe permite deixar o seu animal de estima\u00e7\u00e3o entrar e sair sem esfor\u00e7o. Esta carater\u00edstica simples proporciona uma maior comodidade para si e para o seu animal de estima\u00e7\u00e3o.<\/li>\n<li><strong>Dobr\u00e1vel e economizador de espa\u00e7o<\/strong>: Concebido para ser port\u00e1til, este parque infantil \u00e9 totalmente dobr\u00e1vel, o que facilita a sua arruma\u00e7\u00e3o quando n\u00e3o est\u00e1 a ser utilizado. Quer esteja em casa ou em viagem, pode mont\u00e1-lo e arrum\u00e1-lo rapidamente com o m\u00ednimo esfor\u00e7o.<\/li>\n<li><strong>Pain\u00e9is amov\u00edveis para uma f\u00e1cil personaliza\u00e7\u00e3o<\/strong>: Pode retirar os pain\u00e9is para ajustar o tamanho do parque ou para criar uma configura\u00e7\u00e3o diferente. Esta carater\u00edstica facilita a personaliza\u00e7\u00e3o do parque de acordo com as necessidades do seu animal de estima\u00e7\u00e3o.<\/li>\n<li><strong>Port\u00e1til e f\u00e1cil de viajar<\/strong>: Leve mas robusto, este parque \u00e9 f\u00e1cil de transportar. Quer esteja a viajar, a visitar amigos ou simplesmente a desloc\u00e1-lo pela sua casa, este parque para animais de estima\u00e7\u00e3o oferece comodidade e mobilidade.<\/li>\n<li><strong>Fabrico de alta qualidade no Vietname<\/strong>: Orgulhosamente fabricado no Vietname, este parque de brincar para animais de estima\u00e7\u00e3o \u00e9 constru\u00eddo com um artesanato superior, garantindo uma durabilidade e fiabilidade duradouras para a utiliza\u00e7\u00e3o di\u00e1ria.<\/li>\n<\/ul>","protected":false},"excerpt":{"rendered":"<p>Este parque dobr\u00e1vel para c\u00e3es \u00e9 um compartimento para animais de estima\u00e7\u00e3o vers\u00e1til, port\u00e1til e duradouro, f\u00e1cil de montar e guardar. Com 8 pain\u00e9is ajust\u00e1veis, uma porta pr\u00e1tica e um fabrico artesanal de alta qualidade do Vietname, oferece um espa\u00e7o seguro e flex\u00edvel para o seu animal de estima\u00e7\u00e3o brincar e descansar dentro de casa.<\/p>","protected":false},"featured_media":30778,"template":"","meta":{"_acf_changed":false},"product_brand":[],"product_cat":[276,71,52,72],"product_tag":[279],"class_list":{"0":"post-30773","1":"product","2":"type-product","3":"status-publish","4":"has-post-thumbnail","6":"product_cat-cat-crates","7":"product_cat-cat-supplies","8":"product_cat-dog-crates-houses-pens","9":"product_cat-dog-supplies","10":"product_tag-pet-playpen","12":"first","13":"instock","14":"shipping-taxable","15":"product-type-simple"},"acf":[],"yoast_head":"<!-- This site is optimized with the Yoast SEO plugin v27.1.1 - https:\/\/yoast.com\/product\/yoast-seo-wordpress\/ -->\n<title>Dog Play Pen | Large Cat Cages Manufacturer- Petstar<\/title>\n<meta name=\"description\" content=\"Explore Dog Play Pen from the pet products supplier. Petstar is a global pet product manufacturer. Your ideal business solution with Petstar.\" \/>\n<meta name=\"robots\" content=\"index, follow, max-snippet:-1, max-image-preview:large, max-video-preview:-1\" \/>\n<link rel=\"canonical\" href=\"https:\/\/petproducts.com.cn\/pt\/produto\/dog-play-pen-puppy-exercise-fence-vietnam-factory-foldable-indoor-pet-playpen\/\" \/>\n<meta property=\"og:locale\" content=\"pt_PT\" \/>\n<meta property=\"og:type\" content=\"article\" \/>\n<meta property=\"og:title\" content=\"Dog Play Pen | Large Cat Cages Manufacturer- Petstar\" \/>\n<meta property=\"og:description\" content=\"Explore Dog Play Pen from the pet products supplier. Petstar is a global pet product manufacturer. Your ideal business solution with Petstar.\" \/>\n<meta property=\"og:url\" content=\"https:\/\/petproducts.com.cn\/pt\/produto\/dog-play-pen-puppy-exercise-fence-vietnam-factory-foldable-indoor-pet-playpen\/\" \/>\n<meta property=\"og:site_name\" content=\"Petstar\" \/>\n<meta property=\"article:modified_time\" content=\"2024-11-25T06:48:07+00:00\" \/>\n<meta property=\"og:image\" content=\"https:\/\/petproducts.com.cn\/wp-content\/uploads\/2024\/11\/Top-dog-play-pen.webp\" \/>\n\t<meta property=\"og:image:width\" content=\"800\" \/>\n\t<meta property=\"og:image:height\" content=\"800\" \/>\n\t<meta property=\"og:image:type\" content=\"image\/webp\" \/>\n<meta name=\"twitter:card\" content=\"summary_large_image\" \/>\n<meta name=\"twitter:label1\" content=\"Tempo estimado de leitura\" \/>\n\t<meta name=\"twitter:data1\" content=\"2 minutos\" \/>\n<script type=\"application\/ld+json\" class=\"yoast-schema-graph\">{\"@context\":\"https:\/\/schema.org\",\"@graph\":[{\"@type\":\"WebPage\",\"@id\":\"https:\/\/petproducts.com.cn\/product\/dog-play-pen-puppy-exercise-fence-vietnam-factory-foldable-indoor-pet-playpen\/\",\"url\":\"https:\/\/petproducts.com.cn\/product\/dog-play-pen-puppy-exercise-fence-vietnam-factory-foldable-indoor-pet-playpen\/\",\"name\":\"Dog Play Pen | Large Cat Cages Manufacturer- Petstar\",\"isPartOf\":{\"@id\":\"https:\/\/petproducts.com.cn\/#website\"},\"primaryImageOfPage\":{\"@id\":\"https:\/\/petproducts.com.cn\/product\/dog-play-pen-puppy-exercise-fence-vietnam-factory-foldable-indoor-pet-playpen\/#primaryimage\"},\"image\":{\"@id\":\"https:\/\/petproducts.com.cn\/product\/dog-play-pen-puppy-exercise-fence-vietnam-factory-foldable-indoor-pet-playpen\/#primaryimage\"},\"thumbnailUrl\":\"https:\/\/petproducts.com.cn\/wp-content\/uploads\/2024\/11\/Top-dog-play-pen.webp\",\"datePublished\":\"2024-11-25T06:48:06+00:00\",\"dateModified\":\"2024-11-25T06:48:07+00:00\",\"description\":\"Explore Dog Play Pen from the pet products supplier. Petstar is a global pet product manufacturer. Your ideal business solution with Petstar.\",\"breadcrumb\":{\"@id\":\"https:\/\/petproducts.com.cn\/product\/dog-play-pen-puppy-exercise-fence-vietnam-factory-foldable-indoor-pet-playpen\/#breadcrumb\"},\"inLanguage\":\"pt-PT\",\"potentialAction\":[{\"@type\":\"ReadAction\",\"target\":[\"https:\/\/petproducts.com.cn\/product\/dog-play-pen-puppy-exercise-fence-vietnam-factory-foldable-indoor-pet-playpen\/\"]}]},{\"@type\":\"ImageObject\",\"inLanguage\":\"pt-PT\",\"@id\":\"https:\/\/petproducts.com.cn\/product\/dog-play-pen-puppy-exercise-fence-vietnam-factory-foldable-indoor-pet-playpen\/#primaryimage\",\"url\":\"https:\/\/petproducts.com.cn\/wp-content\/uploads\/2024\/11\/Top-dog-play-pen.webp\",\"contentUrl\":\"https:\/\/petproducts.com.cn\/wp-content\/uploads\/2024\/11\/Top-dog-play-pen.webp\",\"width\":800,\"height\":800,\"caption\":\"Top dog play pen\"},{\"@type\":\"BreadcrumbList\",\"@id\":\"https:\/\/petproducts.com.cn\/product\/dog-play-pen-puppy-exercise-fence-vietnam-factory-foldable-indoor-pet-playpen\/#breadcrumb\",\"itemListElement\":[{\"@type\":\"ListItem\",\"position\":1,\"name\":\"HOME\",\"item\":\"https:\/\/petproducts.com.cn\/\"},{\"@type\":\"ListItem\",\"position\":2,\"name\":\"Products\",\"item\":\"https:\/\/petproducts.com.cn\/shop\/\"},{\"@type\":\"ListItem\",\"position\":3,\"name\":\"Dog Crates, Houses &amp; Pens\",\"item\":\"https:\/\/petproducts.com.cn\/product-category\/dog-crates-houses-pens\/\"},{\"@type\":\"ListItem\",\"position\":4,\"name\":\"Dog Play Pen Puppy Exercise Fence Vietnam Factory Foldable Indoor Pet Playpen\"}]},{\"@type\":\"WebSite\",\"@id\":\"https:\/\/petproducts.com.cn\/#website\",\"url\":\"https:\/\/petproducts.com.cn\/\",\"name\":\"Petstar\",\"description\":\"Leading Pet Supplies Manufacturer &amp; OEM Pet Products Supplier\",\"publisher\":{\"@id\":\"https:\/\/petproducts.com.cn\/#organization\"},\"alternateName\":\"Petstar Pet Supplies\",\"potentialAction\":[{\"@type\":\"SearchAction\",\"target\":{\"@type\":\"EntryPoint\",\"urlTemplate\":\"https:\/\/petproducts.com.cn\/?s={search_term_string}\"},\"query-input\":{\"@type\":\"PropertyValueSpecification\",\"valueRequired\":true,\"valueName\":\"search_term_string\"}}],\"inLanguage\":\"pt-PT\"},{\"@type\":\"Organization\",\"@id\":\"https:\/\/petproducts.com.cn\/#organization\",\"name\":\"Petstar\",\"url\":\"https:\/\/petproducts.com.cn\/\",\"logo\":{\"@type\":\"ImageObject\",\"inLanguage\":\"pt-PT\",\"@id\":\"https:\/\/petproducts.com.cn\/#\/schema\/logo\/image\/\",\"url\":\"https:\/\/petproducts.com.cn\/wp-content\/uploads\/2020\/02\/petstar-logo.webp\",\"contentUrl\":\"https:\/\/petproducts.com.cn\/wp-content\/uploads\/2020\/02\/petstar-logo.webp\",\"width\":779,\"height\":520,\"caption\":\"Petstar\"},\"image\":{\"@id\":\"https:\/\/petproducts.com.cn\/#\/schema\/logo\/image\/\"}}]}<\/script>\n<!-- \/ Yoast SEO plugin. -->","yoast_head_json":{"title":"Gaiola de brincar para c\u00e3es | Gaiolas para gatos grandes Fabricante- Petstar","description":"Explore Dog Play Pen do fornecedor de produtos para animais de estima\u00e7\u00e3o. Petstar \u00e9 um fabricante global de produtos para animais de estima\u00e7\u00e3o. A sua solu\u00e7\u00e3o de neg\u00f3cio ideal com Petstar.","robots":{"index":"index","follow":"follow","max-snippet":"max-snippet:-1","max-image-preview":"max-image-preview:large","max-video-preview":"max-video-preview:-1"},"canonical":"https:\/\/petproducts.com.cn\/pt\/produto\/dog-play-pen-puppy-exercise-fence-vietnam-factory-foldable-indoor-pet-playpen\/","og_locale":"pt_PT","og_type":"article","og_title":"Dog Play Pen | Large Cat Cages Manufacturer- Petstar","og_description":"Explore Dog Play Pen from the pet products supplier. Petstar is a global pet product manufacturer. Your ideal business solution with Petstar.","og_url":"https:\/\/petproducts.com.cn\/pt\/produto\/dog-play-pen-puppy-exercise-fence-vietnam-factory-foldable-indoor-pet-playpen\/","og_site_name":"Petstar","article_modified_time":"2024-11-25T06:48:07+00:00","og_image":[{"width":800,"height":800,"url":"https:\/\/petproducts.com.cn\/wp-content\/uploads\/2024\/11\/Top-dog-play-pen.webp","type":"image\/webp"}],"twitter_card":"summary_large_image","twitter_misc":{"Tempo estimado de leitura":"2 minutos"},"schema":{"@context":"https:\/\/schema.org","@graph":[{"@type":"WebPage","@id":"https:\/\/petproducts.com.cn\/product\/dog-play-pen-puppy-exercise-fence-vietnam-factory-foldable-indoor-pet-playpen\/","url":"https:\/\/petproducts.com.cn\/product\/dog-play-pen-puppy-exercise-fence-vietnam-factory-foldable-indoor-pet-playpen\/","name":"Gaiola de brincar para c\u00e3es | Gaiolas para gatos grandes Fabricante- Petstar","isPartOf":{"@id":"https:\/\/petproducts.com.cn\/#website"},"primaryImageOfPage":{"@id":"https:\/\/petproducts.com.cn\/product\/dog-play-pen-puppy-exercise-fence-vietnam-factory-foldable-indoor-pet-playpen\/#primaryimage"},"image":{"@id":"https:\/\/petproducts.com.cn\/product\/dog-play-pen-puppy-exercise-fence-vietnam-factory-foldable-indoor-pet-playpen\/#primaryimage"},"thumbnailUrl":"https:\/\/petproducts.com.cn\/wp-content\/uploads\/2024\/11\/Top-dog-play-pen.webp","datePublished":"2024-11-25T06:48:06+00:00","dateModified":"2024-11-25T06:48:07+00:00","description":"Explore Dog Play Pen do fornecedor de produtos para animais de estima\u00e7\u00e3o. Petstar \u00e9 um fabricante global de produtos para animais de estima\u00e7\u00e3o. A sua solu\u00e7\u00e3o de neg\u00f3cio ideal com Petstar.","breadcrumb":{"@id":"https:\/\/petproducts.com.cn\/product\/dog-play-pen-puppy-exercise-fence-vietnam-factory-foldable-indoor-pet-playpen\/#breadcrumb"},"inLanguage":"pt-PT","potentialAction":[{"@type":"ReadAction","target":["https:\/\/petproducts.com.cn\/product\/dog-play-pen-puppy-exercise-fence-vietnam-factory-foldable-indoor-pet-playpen\/"]}]},{"@type":"ImageObject","inLanguage":"pt-PT","@id":"https:\/\/petproducts.com.cn\/product\/dog-play-pen-puppy-exercise-fence-vietnam-factory-foldable-indoor-pet-playpen\/#primaryimage","url":"https:\/\/petproducts.com.cn\/wp-content\/uploads\/2024\/11\/Top-dog-play-pen.webp","contentUrl":"https:\/\/petproducts.com.cn\/wp-content\/uploads\/2024\/11\/Top-dog-play-pen.webp","width":800,"height":800,"caption":"Top dog play pen"},{"@type":"BreadcrumbList","@id":"https:\/\/petproducts.com.cn\/product\/dog-play-pen-puppy-exercise-fence-vietnam-factory-foldable-indoor-pet-playpen\/#breadcrumb","itemListElement":[{"@type":"ListItem","position":1,"name":"HOME","item":"https:\/\/petproducts.com.cn\/"},{"@type":"ListItem","position":2,"name":"Products","item":"https:\/\/petproducts.com.cn\/shop\/"},{"@type":"ListItem","position":3,"name":"Dog Crates, Houses &amp; Pens","item":"https:\/\/petproducts.com.cn\/product-category\/dog-crates-houses-pens\/"},{"@type":"ListItem","position":4,"name":"Dog Play Pen Puppy Exercise Fence Vietnam Factory Foldable Indoor Pet Playpen"}]},{"@type":"WebSite","@id":"https:\/\/petproducts.com.cn\/#website","url":"https:\/\/petproducts.com.cn\/","name":"Petstar","description":"Fabricante l\u00edder de artigos para animais de estima\u00e7\u00e3o e fornecedor de produtos OEM para animais de estima\u00e7\u00e3o","publisher":{"@id":"https:\/\/petproducts.com.cn\/#organization"},"alternateName":"Petstar Pet Supplies","potentialAction":[{"@type":"SearchAction","target":{"@type":"EntryPoint","urlTemplate":"https:\/\/petproducts.com.cn\/?s={search_term_string}"},"query-input":{"@type":"PropertyValueSpecification","valueRequired":true,"valueName":"search_term_string"}}],"inLanguage":"pt-PT"},{"@type":"Organization","@id":"https:\/\/petproducts.com.cn\/#organization","name":"Petstar","url":"https:\/\/petproducts.com.cn\/","logo":{"@type":"ImageObject","inLanguage":"pt-PT","@id":"https:\/\/petproducts.com.cn\/#\/schema\/logo\/image\/","url":"https:\/\/petproducts.com.cn\/wp-content\/uploads\/2020\/02\/petstar-logo.webp","contentUrl":"https:\/\/petproducts.com.cn\/wp-content\/uploads\/2020\/02\/petstar-logo.webp","width":779,"height":520,"caption":"Petstar"},"image":{"@id":"https:\/\/petproducts.com.cn\/#\/schema\/logo\/image\/"}}]}},"_links":{"self":[{"href":"https:\/\/petproducts.com.cn\/pt\/wp-json\/wp\/v2\/product\/30773","targetHints":{"allow":["GET"]}}],"collection":[{"href":"https:\/\/petproducts.com.cn\/pt\/wp-json\/wp\/v2\/product"}],"about":[{"href":"https:\/\/petproducts.com.cn\/pt\/wp-json\/wp\/v2\/types\/product"}],"version-history":[{"count":2,"href":"https:\/\/petproducts.com.cn\/pt\/wp-json\/wp\/v2\/product\/30773\/revisions"}],"predecessor-version":[{"id":30781,"href":"https:\/\/petproducts.com.cn\/pt\/wp-json\/wp\/v2\/product\/30773\/revisions\/30781"}],"wp:featuredmedia":[{"embeddable":true,"href":"https:\/\/petproducts.com.cn\/pt\/wp-json\/wp\/v2\/media\/30778"}],"wp:attachment":[{"href":"https:\/\/petproducts.com.cn\/pt\/wp-json\/wp\/v2\/media?parent=30773"}],"wp:term":[{"taxonomy":"product_brand","embeddable":true,"href":"https:\/\/petproducts.com.cn\/pt\/wp-json\/wp\/v2\/product_brand?post=30773"},{"taxonomy":"product_cat","embeddable":true,"href":"https:\/\/petproducts.com.cn\/pt\/wp-json\/wp\/v2\/product_cat?post=30773"},{"taxonomy":"product_tag","embeddable":true,"href":"https:\/\/petproducts.com.cn\/pt\/wp-json\/wp\/v2\/product_tag?post=30773"}],"curies":[{"name":"wp","href":"https:\/\/api.w.org\/{rel}","templated":true}]}}