{"id":30829,"date":"2024-11-26T09:17:21","date_gmt":"2024-11-26T09:17:21","guid":{"rendered":"https:\/\/petproducts.com.cn\/?post_type=product&#038;p=30829"},"modified":"2024-11-26T09:28:50","modified_gmt":"2024-11-26T09:28:50","slug":"bulk-christmas-dog-toys-cheap-pet-pack-3-piece-set-plush-vinyl-dog-toys","status":"publish","type":"product","link":"https:\/\/petproducts.com.cn\/pt\/product\/bulk-christmas-dog-toys-cheap-pet-pack-3-piece-set-plush-vinyl-dog-toys\/","title":{"rendered":"Brinquedos de Natal para c\u00e3es a granel Conjunto de 3 pe\u00e7as de pel\u00facia de vinil para c\u00e3es"},"content":{"rendered":"<h2>Carater\u00edsticas dos Brinquedos de Natal para C\u00e3es a granel<\/h2>\n<p>O <em>Brinquedos de Natal para c\u00e3es a granel<\/em> O conjunto de 3 pe\u00e7as oferece divers\u00e3o festiva com brinquedos amov\u00edveis de pel\u00facia e vinil, perfeitos para manter o seu c\u00e3o entretido durante a \u00e9poca festiva.<\/p>\n<ol>\n<li><strong>Conjunto festivo de 3 pe\u00e7as para a melhor alegria das festas<\/strong><br \/>\nEste conjunto inclui tr\u00eas brinquedos com tema de Natal: dois brinquedos de tecido de pel\u00facia e um brinquedo de vinil, dando ao seu c\u00e3o uma variedade de texturas para desfrutar.<\/li>\n<li><strong>Pe\u00e7as amov\u00edveis para jogos interactivos<\/strong><br \/>\nPode destacar as pe\u00e7as, como a bengala doce e a \u00e1rvore de Natal, para um maior envolvimento e divers\u00e3o interactiva com o seu c\u00e3o.<\/li>\n<li><strong>Material de poli\u00e9ster dur\u00e1vel para maior durabilidade<\/strong><br \/>\nOs brinquedos de peluche s\u00e3o fabricados em poli\u00e9ster macio mas resistente, para resistirem \u00e0 mastiga\u00e7\u00e3o regular e aos pux\u00f5es divertidos.<\/li>\n<li><strong>Brinquedo de vinil acrescenta entretenimento extra<\/strong><br \/>\nO componente de vinil inclu\u00eddo proporciona uma experi\u00eancia de mastiga\u00e7\u00e3o satisfat\u00f3ria, tornando-o ideal para c\u00e3es que adoram texturas diferentes.<\/li>\n<li><strong>Tamanho perfeito para todas as ra\u00e7as de c\u00e3es<\/strong><br \/>\nCom dimens\u00f5es adaptadas para facilitar o manuseamento, estes brinquedos s\u00e3o \u00f3ptimos para c\u00e3es pequenos, m\u00e9dios e grandes.<\/li>\n<li><strong>Leve e port\u00e1til para viajar facilmente<\/strong><br \/>\nO design leve permite-lhe transportar estes brinquedos para qualquer lugar, quer seja para passeios em parques ou viagens de f\u00e9rias.<\/li>\n<li><strong>Promove a sa\u00fade dent\u00e1ria e o al\u00edvio do stress<\/strong><br \/>\nMastigar estes brinquedos ajuda a reduzir o stress e promove a sa\u00fade oral do seu c\u00e3o, limpando os dentes e as gengivas.<\/li>\n<li><strong>Tema de Natal brilhante para combinar com a esta\u00e7\u00e3o<\/strong><br \/>\nO design l\u00fadico acrescenta uma vibra\u00e7\u00e3o festiva \u00e0 cole\u00e7\u00e3o de brinquedos do seu animal de estima\u00e7\u00e3o, complementando perfeitamente o esp\u00edrito natal\u00edcio.<\/li>\n<\/ol>\n<p style=\"text-align: center;\"><em><strong>Para mais informa\u00e7\u00f5es <a href=\"https:\/\/petproducts.com.cn\/pt\/wholesale-cat-toys\/\">brinquedos para gatos<\/a> &amp; <a href=\"https:\/\/petproducts.com.cn\/pt\/wholesale-dog-toys\/\">brinquedos para c\u00e3es<\/a>,<\/strong><\/em><em><strong>\u00a0por favor <a href=\"https:\/\/petproducts.com.cn\/pt\/contactar-nos\/\">Contate-nos<\/a>!<\/strong><\/em><\/p>","protected":false},"excerpt":{"rendered":"<p>O <em>Brinquedos de Natal para c\u00e3es a granel<\/em> O conjunto de 3 pe\u00e7as oferece divers\u00e3o festiva com brinquedos amov\u00edveis de pel\u00facia e vinil, perfeitos para manter o seu c\u00e3o entretido durante a \u00e9poca festiva.<\/p>","protected":false},"featured_media":30833,"template":"","meta":{"_acf_changed":false},"product_brand":[],"product_cat":[72,48],"product_tag":[235,247,223,231,195],"class_list":{"0":"post-30829","1":"product","2":"type-product","3":"status-publish","4":"has-post-thumbnail","6":"product_cat-dog-supplies","7":"product_cat-dog-toys","8":"product_tag-christmas-pet-supplies","9":"product_tag-christmas-pet-toys","10":"product_tag-dog-chew-toys","11":"product_tag-dog-plush-toys","12":"product_tag-dog-toys-set","14":"first","15":"instock","16":"shipping-taxable","17":"product-type-simple"},"acf":[],"yoast_head":"<!-- This site is optimized with the Yoast SEO plugin v27.1.1 - https:\/\/yoast.com\/product\/yoast-seo-wordpress\/ -->\n<title>Bulk Christmas Dog Toys | Dog Toys Set Manufacturer- Petstar<\/title>\n<meta name=\"description\" content=\"Explore Bulk Christmas Dog Toys from the best pet products supplier. Petstar is a global pet product manufacturer. Your ideal business solution with Petstar.\" \/>\n<meta name=\"robots\" content=\"index, follow, max-snippet:-1, max-image-preview:large, max-video-preview:-1\" \/>\n<link rel=\"canonical\" href=\"https:\/\/petproducts.com.cn\/pt\/produto\/bulk-christmas-dog-toys-cheap-pet-pack-3-piece-set-plush-vinyl-dog-toys\/\" \/>\n<meta property=\"og:locale\" content=\"pt_PT\" \/>\n<meta property=\"og:type\" content=\"article\" \/>\n<meta property=\"og:title\" content=\"Bulk Christmas Dog Toys | Dog Toys Set Manufacturer- Petstar\" \/>\n<meta property=\"og:description\" content=\"Explore Bulk Christmas Dog Toys from the best pet products supplier. Petstar is a global pet product manufacturer. Your ideal business solution with Petstar.\" \/>\n<meta property=\"og:url\" content=\"https:\/\/petproducts.com.cn\/pt\/produto\/bulk-christmas-dog-toys-cheap-pet-pack-3-piece-set-plush-vinyl-dog-toys\/\" \/>\n<meta property=\"og:site_name\" content=\"Petstar\" \/>\n<meta property=\"article:modified_time\" content=\"2024-11-26T09:28:50+00:00\" \/>\n<meta property=\"og:image\" content=\"https:\/\/petproducts.com.cn\/wp-content\/uploads\/2024\/11\/Manufacturer-Bulk-Christmas-Dog-Toys.webp\" \/>\n\t<meta property=\"og:image:width\" content=\"1000\" \/>\n\t<meta property=\"og:image:height\" content=\"1000\" \/>\n\t<meta property=\"og:image:type\" content=\"image\/webp\" \/>\n<meta name=\"twitter:card\" content=\"summary_large_image\" \/>\n<meta name=\"twitter:label1\" content=\"Tempo estimado de leitura\" \/>\n\t<meta name=\"twitter:data1\" content=\"2 minutos\" \/>\n<script type=\"application\/ld+json\" class=\"yoast-schema-graph\">{\"@context\":\"https:\/\/schema.org\",\"@graph\":[{\"@type\":\"WebPage\",\"@id\":\"https:\/\/petproducts.com.cn\/product\/bulk-christmas-dog-toys-cheap-pet-pack-3-piece-set-plush-vinyl-dog-toys\/\",\"url\":\"https:\/\/petproducts.com.cn\/product\/bulk-christmas-dog-toys-cheap-pet-pack-3-piece-set-plush-vinyl-dog-toys\/\",\"name\":\"Bulk Christmas Dog Toys | Dog Toys Set Manufacturer- Petstar\",\"isPartOf\":{\"@id\":\"https:\/\/petproducts.com.cn\/#website\"},\"primaryImageOfPage\":{\"@id\":\"https:\/\/petproducts.com.cn\/product\/bulk-christmas-dog-toys-cheap-pet-pack-3-piece-set-plush-vinyl-dog-toys\/#primaryimage\"},\"image\":{\"@id\":\"https:\/\/petproducts.com.cn\/product\/bulk-christmas-dog-toys-cheap-pet-pack-3-piece-set-plush-vinyl-dog-toys\/#primaryimage\"},\"thumbnailUrl\":\"https:\/\/petproducts.com.cn\/wp-content\/uploads\/2024\/11\/Manufacturer-Bulk-Christmas-Dog-Toys.webp\",\"datePublished\":\"2024-11-26T09:17:21+00:00\",\"dateModified\":\"2024-11-26T09:28:50+00:00\",\"description\":\"Explore Bulk Christmas Dog Toys from the best pet products supplier. Petstar is a global pet product manufacturer. Your ideal business solution with Petstar.\",\"breadcrumb\":{\"@id\":\"https:\/\/petproducts.com.cn\/product\/bulk-christmas-dog-toys-cheap-pet-pack-3-piece-set-plush-vinyl-dog-toys\/#breadcrumb\"},\"inLanguage\":\"pt-PT\",\"potentialAction\":[{\"@type\":\"ReadAction\",\"target\":[\"https:\/\/petproducts.com.cn\/product\/bulk-christmas-dog-toys-cheap-pet-pack-3-piece-set-plush-vinyl-dog-toys\/\"]}]},{\"@type\":\"ImageObject\",\"inLanguage\":\"pt-PT\",\"@id\":\"https:\/\/petproducts.com.cn\/product\/bulk-christmas-dog-toys-cheap-pet-pack-3-piece-set-plush-vinyl-dog-toys\/#primaryimage\",\"url\":\"https:\/\/petproducts.com.cn\/wp-content\/uploads\/2024\/11\/Manufacturer-Bulk-Christmas-Dog-Toys.webp\",\"contentUrl\":\"https:\/\/petproducts.com.cn\/wp-content\/uploads\/2024\/11\/Manufacturer-Bulk-Christmas-Dog-Toys.webp\",\"width\":1000,\"height\":1000,\"caption\":\"Manufacturer Bulk Christmas Dog Toys\"},{\"@type\":\"BreadcrumbList\",\"@id\":\"https:\/\/petproducts.com.cn\/product\/bulk-christmas-dog-toys-cheap-pet-pack-3-piece-set-plush-vinyl-dog-toys\/#breadcrumb\",\"itemListElement\":[{\"@type\":\"ListItem\",\"position\":1,\"name\":\"HOME\",\"item\":\"https:\/\/petproducts.com.cn\/\"},{\"@type\":\"ListItem\",\"position\":2,\"name\":\"Products\",\"item\":\"https:\/\/petproducts.com.cn\/shop\/\"},{\"@type\":\"ListItem\",\"position\":3,\"name\":\"Dog Toys\",\"item\":\"https:\/\/petproducts.com.cn\/product-category\/dog-toys\/\"},{\"@type\":\"ListItem\",\"position\":4,\"name\":\"Bulk Christmas Dog Toys Cheap Pet Pack 3 Piece Set Plush Vinyl Dog Toys\"}]},{\"@type\":\"WebSite\",\"@id\":\"https:\/\/petproducts.com.cn\/#website\",\"url\":\"https:\/\/petproducts.com.cn\/\",\"name\":\"Petstar\",\"description\":\"Leading Pet Supplies Manufacturer &amp; OEM Pet Products Supplier\",\"publisher\":{\"@id\":\"https:\/\/petproducts.com.cn\/#organization\"},\"alternateName\":\"Petstar Pet Supplies\",\"potentialAction\":[{\"@type\":\"SearchAction\",\"target\":{\"@type\":\"EntryPoint\",\"urlTemplate\":\"https:\/\/petproducts.com.cn\/?s={search_term_string}\"},\"query-input\":{\"@type\":\"PropertyValueSpecification\",\"valueRequired\":true,\"valueName\":\"search_term_string\"}}],\"inLanguage\":\"pt-PT\"},{\"@type\":\"Organization\",\"@id\":\"https:\/\/petproducts.com.cn\/#organization\",\"name\":\"Petstar\",\"url\":\"https:\/\/petproducts.com.cn\/\",\"logo\":{\"@type\":\"ImageObject\",\"inLanguage\":\"pt-PT\",\"@id\":\"https:\/\/petproducts.com.cn\/#\/schema\/logo\/image\/\",\"url\":\"https:\/\/petproducts.com.cn\/wp-content\/uploads\/2020\/02\/petstar-logo.webp\",\"contentUrl\":\"https:\/\/petproducts.com.cn\/wp-content\/uploads\/2020\/02\/petstar-logo.webp\",\"width\":779,\"height\":520,\"caption\":\"Petstar\"},\"image\":{\"@id\":\"https:\/\/petproducts.com.cn\/#\/schema\/logo\/image\/\"}}]}<\/script>\n<!-- \/ Yoast SEO plugin. -->","yoast_head_json":{"title":"Brinquedos de Natal para c\u00e3es a granel | Conjunto de brinquedos para c\u00e3es Fabricante- Petstar","description":"Explore os Brinquedos de Natal para C\u00e3es a granel do melhor fornecedor de produtos para animais de estima\u00e7\u00e3o. Petstar \u00e9 um fabricante global de produtos para animais de estima\u00e7\u00e3o. A sua solu\u00e7\u00e3o de neg\u00f3cio ideal com Petstar.","robots":{"index":"index","follow":"follow","max-snippet":"max-snippet:-1","max-image-preview":"max-image-preview:large","max-video-preview":"max-video-preview:-1"},"canonical":"https:\/\/petproducts.com.cn\/pt\/produto\/bulk-christmas-dog-toys-cheap-pet-pack-3-piece-set-plush-vinyl-dog-toys\/","og_locale":"pt_PT","og_type":"article","og_title":"Bulk Christmas Dog Toys | Dog Toys Set Manufacturer- Petstar","og_description":"Explore Bulk Christmas Dog Toys from the best pet products supplier. Petstar is a global pet product manufacturer. Your ideal business solution with Petstar.","og_url":"https:\/\/petproducts.com.cn\/pt\/produto\/bulk-christmas-dog-toys-cheap-pet-pack-3-piece-set-plush-vinyl-dog-toys\/","og_site_name":"Petstar","article_modified_time":"2024-11-26T09:28:50+00:00","og_image":[{"width":1000,"height":1000,"url":"https:\/\/petproducts.com.cn\/wp-content\/uploads\/2024\/11\/Manufacturer-Bulk-Christmas-Dog-Toys.webp","type":"image\/webp"}],"twitter_card":"summary_large_image","twitter_misc":{"Tempo estimado de leitura":"2 minutos"},"schema":{"@context":"https:\/\/schema.org","@graph":[{"@type":"WebPage","@id":"https:\/\/petproducts.com.cn\/product\/bulk-christmas-dog-toys-cheap-pet-pack-3-piece-set-plush-vinyl-dog-toys\/","url":"https:\/\/petproducts.com.cn\/product\/bulk-christmas-dog-toys-cheap-pet-pack-3-piece-set-plush-vinyl-dog-toys\/","name":"Brinquedos de Natal para c\u00e3es a granel | Conjunto de brinquedos para c\u00e3es Fabricante- Petstar","isPartOf":{"@id":"https:\/\/petproducts.com.cn\/#website"},"primaryImageOfPage":{"@id":"https:\/\/petproducts.com.cn\/product\/bulk-christmas-dog-toys-cheap-pet-pack-3-piece-set-plush-vinyl-dog-toys\/#primaryimage"},"image":{"@id":"https:\/\/petproducts.com.cn\/product\/bulk-christmas-dog-toys-cheap-pet-pack-3-piece-set-plush-vinyl-dog-toys\/#primaryimage"},"thumbnailUrl":"https:\/\/petproducts.com.cn\/wp-content\/uploads\/2024\/11\/Manufacturer-Bulk-Christmas-Dog-Toys.webp","datePublished":"2024-11-26T09:17:21+00:00","dateModified":"2024-11-26T09:28:50+00:00","description":"Explore os Brinquedos de Natal para C\u00e3es a granel do melhor fornecedor de produtos para animais de estima\u00e7\u00e3o. Petstar \u00e9 um fabricante global de produtos para animais de estima\u00e7\u00e3o. A sua solu\u00e7\u00e3o de neg\u00f3cio ideal com Petstar.","breadcrumb":{"@id":"https:\/\/petproducts.com.cn\/product\/bulk-christmas-dog-toys-cheap-pet-pack-3-piece-set-plush-vinyl-dog-toys\/#breadcrumb"},"inLanguage":"pt-PT","potentialAction":[{"@type":"ReadAction","target":["https:\/\/petproducts.com.cn\/product\/bulk-christmas-dog-toys-cheap-pet-pack-3-piece-set-plush-vinyl-dog-toys\/"]}]},{"@type":"ImageObject","inLanguage":"pt-PT","@id":"https:\/\/petproducts.com.cn\/product\/bulk-christmas-dog-toys-cheap-pet-pack-3-piece-set-plush-vinyl-dog-toys\/#primaryimage","url":"https:\/\/petproducts.com.cn\/wp-content\/uploads\/2024\/11\/Manufacturer-Bulk-Christmas-Dog-Toys.webp","contentUrl":"https:\/\/petproducts.com.cn\/wp-content\/uploads\/2024\/11\/Manufacturer-Bulk-Christmas-Dog-Toys.webp","width":1000,"height":1000,"caption":"Manufacturer Bulk Christmas Dog Toys"},{"@type":"BreadcrumbList","@id":"https:\/\/petproducts.com.cn\/product\/bulk-christmas-dog-toys-cheap-pet-pack-3-piece-set-plush-vinyl-dog-toys\/#breadcrumb","itemListElement":[{"@type":"ListItem","position":1,"name":"HOME","item":"https:\/\/petproducts.com.cn\/"},{"@type":"ListItem","position":2,"name":"Products","item":"https:\/\/petproducts.com.cn\/shop\/"},{"@type":"ListItem","position":3,"name":"Dog Toys","item":"https:\/\/petproducts.com.cn\/product-category\/dog-toys\/"},{"@type":"ListItem","position":4,"name":"Bulk Christmas Dog Toys Cheap Pet Pack 3 Piece Set Plush Vinyl Dog Toys"}]},{"@type":"WebSite","@id":"https:\/\/petproducts.com.cn\/#website","url":"https:\/\/petproducts.com.cn\/","name":"Petstar","description":"Fabricante l\u00edder de artigos para animais de estima\u00e7\u00e3o e fornecedor de produtos OEM para animais de estima\u00e7\u00e3o","publisher":{"@id":"https:\/\/petproducts.com.cn\/#organization"},"alternateName":"Petstar Pet Supplies","potentialAction":[{"@type":"SearchAction","target":{"@type":"EntryPoint","urlTemplate":"https:\/\/petproducts.com.cn\/?s={search_term_string}"},"query-input":{"@type":"PropertyValueSpecification","valueRequired":true,"valueName":"search_term_string"}}],"inLanguage":"pt-PT"},{"@type":"Organization","@id":"https:\/\/petproducts.com.cn\/#organization","name":"Petstar","url":"https:\/\/petproducts.com.cn\/","logo":{"@type":"ImageObject","inLanguage":"pt-PT","@id":"https:\/\/petproducts.com.cn\/#\/schema\/logo\/image\/","url":"https:\/\/petproducts.com.cn\/wp-content\/uploads\/2020\/02\/petstar-logo.webp","contentUrl":"https:\/\/petproducts.com.cn\/wp-content\/uploads\/2020\/02\/petstar-logo.webp","width":779,"height":520,"caption":"Petstar"},"image":{"@id":"https:\/\/petproducts.com.cn\/#\/schema\/logo\/image\/"}}]}},"_links":{"self":[{"href":"https:\/\/petproducts.com.cn\/pt\/wp-json\/wp\/v2\/product\/30829","targetHints":{"allow":["GET"]}}],"collection":[{"href":"https:\/\/petproducts.com.cn\/pt\/wp-json\/wp\/v2\/product"}],"about":[{"href":"https:\/\/petproducts.com.cn\/pt\/wp-json\/wp\/v2\/types\/product"}],"version-history":[{"count":2,"href":"https:\/\/petproducts.com.cn\/pt\/wp-json\/wp\/v2\/product\/30829\/revisions"}],"predecessor-version":[{"id":30837,"href":"https:\/\/petproducts.com.cn\/pt\/wp-json\/wp\/v2\/product\/30829\/revisions\/30837"}],"wp:featuredmedia":[{"embeddable":true,"href":"https:\/\/petproducts.com.cn\/pt\/wp-json\/wp\/v2\/media\/30833"}],"wp:attachment":[{"href":"https:\/\/petproducts.com.cn\/pt\/wp-json\/wp\/v2\/media?parent=30829"}],"wp:term":[{"taxonomy":"product_brand","embeddable":true,"href":"https:\/\/petproducts.com.cn\/pt\/wp-json\/wp\/v2\/product_brand?post=30829"},{"taxonomy":"product_cat","embeddable":true,"href":"https:\/\/petproducts.com.cn\/pt\/wp-json\/wp\/v2\/product_cat?post=30829"},{"taxonomy":"product_tag","embeddable":true,"href":"https:\/\/petproducts.com.cn\/pt\/wp-json\/wp\/v2\/product_tag?post=30829"}],"curies":[{"name":"wp","href":"https:\/\/api.w.org\/{rel}","templated":true}]}}