{"id":30838,"date":"2024-11-26T09:31:55","date_gmt":"2024-11-26T09:31:55","guid":{"rendered":"https:\/\/petproducts.com.cn\/?post_type=product&#038;p=30838"},"modified":"2024-11-26T09:37:39","modified_gmt":"2024-11-26T09:37:39","slug":"christmas-dog-toys-bulk-2-piece-set-play-squeaky-plush-vinyl-pig-dog-toy","status":"publish","type":"product","link":"https:\/\/petproducts.com.cn\/pt\/product\/christmas-dog-toys-bulk-2-piece-set-play-squeaky-plush-vinyl-pig-dog-toy\/","title":{"rendered":"Brinquedos de Natal para C\u00e3es em massa Conjunto de 2 pe\u00e7as Brinquedo de Vinil para C\u00e3es de Peluche que faz chiar"},"content":{"rendered":"<h2>Carater\u00edsticas dos brinquedos de Natal para c\u00e3es<\/h2>\n<p>O <em>Brinquedos de Natal para c\u00e3es a granel<\/em> O conjunto de 2 pe\u00e7as oferece divers\u00e3o festiva com um peluche que faz chiar e um brinquedo de vinil para porcos dur\u00e1vel, perfeito para manter o seu c\u00e3o ocupado durante as f\u00e9rias.<\/p>\n<ul>\n<li><strong>Conjunto festivo de 2 pe\u00e7as para o dobro da divers\u00e3o<\/strong><br \/>\nEste conjunto inclui dois brinquedos com tema de Natal: um peluche macio e um brinquedo de vinil para porcos, garantindo uma variedade de texturas e experi\u00eancias de brincadeira para o seu c\u00e3o.<\/li>\n<li><strong>Design que faz chiar para captar a aten\u00e7\u00e3o do seu c\u00e3o<\/strong><br \/>\nAmbos os brinquedos t\u00eam um guincho, proporcionando um som excitante que mant\u00e9m o seu c\u00e3o entretido e empenhado durante o tempo de brincadeira.<\/li>\n<li><strong>Tecido de pel\u00facia dur\u00e1vel para conforto e divers\u00e3o<\/strong><br \/>\nO brinquedo de peluche \u00e9 fabricado em tecido de poli\u00e9ster dur\u00e1vel, oferecendo uma textura suave e aconchegante que \u00e9 perfeita para acariciar ou mastigar.<\/li>\n<li><strong>Brinquedo de vinil para porcos para sess\u00f5es de mastiga\u00e7\u00e3o de longa dura\u00e7\u00e3o<\/strong><br \/>\nO brinquedo de vinil para porcos \u00e9 duro e resistente \u00e0 mastiga\u00e7\u00e3o, o que o torna ideal para c\u00e3es que gostam de roer, proporcionando uma experi\u00eancia de jogo interactiva.<\/li>\n<li><strong>O design festivo traz alegria ao feriado<\/strong><br \/>\nO estilo com tema de Natal acrescenta um toque festivo \u00e0 cole\u00e7\u00e3o de brinquedos do seu c\u00e3o, tornando-o um presente perfeito para a \u00e9poca festiva.<\/li>\n<li><strong>Leve e port\u00e1til para divers\u00e3o em movimento<\/strong><br \/>\nO tamanho compacto e o design leve tornam estes brinquedos f\u00e1ceis de transportar, seja em casa ou durante as viagens de f\u00e9rias.<\/li>\n<li><strong>Incentiva a brincadeira ativa e o exerc\u00edcio<\/strong><br \/>\nEstes brinquedos promovem a atividade f\u00edsica, ajudando o seu c\u00e3o a manter-se saud\u00e1vel e en\u00e9rgico, ao mesmo tempo que reduzem o t\u00e9dio.<\/li>\n<\/ul>\n<p style=\"text-align: center;\"><em><strong>Para mais informa\u00e7\u00f5es <a href=\"https:\/\/petproducts.com.cn\/pt\/wholesale-cat-toys\/\">brinquedos para gatos<\/a> &amp; <a href=\"https:\/\/petproducts.com.cn\/pt\/wholesale-dog-toys\/\">brinquedos para c\u00e3es<\/a>,<\/strong><\/em><em><strong>\u00a0por favor <a href=\"https:\/\/petproducts.com.cn\/pt\/contactar-nos\/\">Contate-nos<\/a>!<\/strong><\/em><\/p>","protected":false},"excerpt":{"rendered":"<p>O <em>Brinquedos de Natal para c\u00e3es a granel<\/em> O conjunto de 2 pe\u00e7as oferece divers\u00e3o festiva com um peluche que faz chiar e um brinquedo de vinil para porcos dur\u00e1vel, perfeito para manter o seu c\u00e3o ocupado durante as f\u00e9rias.<\/p>","protected":false},"featured_media":30844,"template":"","meta":{"_acf_changed":false},"product_brand":[],"product_cat":[72,48],"product_tag":[235,247,195],"class_list":{"0":"post-30838","1":"product","2":"type-product","3":"status-publish","4":"has-post-thumbnail","6":"product_cat-dog-supplies","7":"product_cat-dog-toys","8":"product_tag-christmas-pet-supplies","9":"product_tag-christmas-pet-toys","10":"product_tag-dog-toys-set","12":"first","13":"instock","14":"shipping-taxable","15":"product-type-simple"},"acf":[],"yoast_head":"<!-- This site is optimized with the Yoast SEO plugin v27.1.1 - https:\/\/yoast.com\/product\/yoast-seo-wordpress\/ -->\n<title>Christmas Dog Toys Bulk | Dog Toys Set Manufacturer- Petstar<\/title>\n<meta name=\"description\" content=\"Explore Christmas Dog Toys Bulk from the best pet products supplier. Petstar is a global pet product manufacturer. Your ideal business solution with Petstar.\" \/>\n<meta name=\"robots\" content=\"index, follow, max-snippet:-1, max-image-preview:large, max-video-preview:-1\" \/>\n<link rel=\"canonical\" href=\"https:\/\/petproducts.com.cn\/pt\/produto\/christmas-dog-toys-bulk-2-piece-set-play-squeaky-plush-vinyl-pig-dog-toy\/\" \/>\n<meta property=\"og:locale\" content=\"pt_PT\" \/>\n<meta property=\"og:type\" content=\"article\" \/>\n<meta property=\"og:title\" content=\"Christmas Dog Toys Bulk | Dog Toys Set Manufacturer- Petstar\" \/>\n<meta property=\"og:description\" content=\"Explore Christmas Dog Toys Bulk from the best pet products supplier. Petstar is a global pet product manufacturer. Your ideal business solution with Petstar.\" \/>\n<meta property=\"og:url\" content=\"https:\/\/petproducts.com.cn\/pt\/produto\/christmas-dog-toys-bulk-2-piece-set-play-squeaky-plush-vinyl-pig-dog-toy\/\" \/>\n<meta property=\"og:site_name\" content=\"Petstar\" \/>\n<meta property=\"article:modified_time\" content=\"2024-11-26T09:37:39+00:00\" \/>\n<meta property=\"og:image\" content=\"https:\/\/petproducts.com.cn\/wp-content\/uploads\/2024\/11\/Manufacturer-Christmas-Dog-Toys-Bulk.webp\" \/>\n\t<meta property=\"og:image:width\" content=\"1000\" \/>\n\t<meta property=\"og:image:height\" content=\"1000\" \/>\n\t<meta property=\"og:image:type\" content=\"image\/webp\" \/>\n<meta name=\"twitter:card\" content=\"summary_large_image\" \/>\n<meta name=\"twitter:label1\" content=\"Tempo estimado de leitura\" \/>\n\t<meta name=\"twitter:data1\" content=\"2 minutos\" \/>\n<script type=\"application\/ld+json\" class=\"yoast-schema-graph\">{\"@context\":\"https:\/\/schema.org\",\"@graph\":[{\"@type\":\"WebPage\",\"@id\":\"https:\/\/petproducts.com.cn\/product\/christmas-dog-toys-bulk-2-piece-set-play-squeaky-plush-vinyl-pig-dog-toy\/\",\"url\":\"https:\/\/petproducts.com.cn\/product\/christmas-dog-toys-bulk-2-piece-set-play-squeaky-plush-vinyl-pig-dog-toy\/\",\"name\":\"Christmas Dog Toys Bulk | Dog Toys Set Manufacturer- Petstar\",\"isPartOf\":{\"@id\":\"https:\/\/petproducts.com.cn\/#website\"},\"primaryImageOfPage\":{\"@id\":\"https:\/\/petproducts.com.cn\/product\/christmas-dog-toys-bulk-2-piece-set-play-squeaky-plush-vinyl-pig-dog-toy\/#primaryimage\"},\"image\":{\"@id\":\"https:\/\/petproducts.com.cn\/product\/christmas-dog-toys-bulk-2-piece-set-play-squeaky-plush-vinyl-pig-dog-toy\/#primaryimage\"},\"thumbnailUrl\":\"https:\/\/petproducts.com.cn\/wp-content\/uploads\/2024\/11\/Manufacturer-Christmas-Dog-Toys-Bulk.webp\",\"datePublished\":\"2024-11-26T09:31:55+00:00\",\"dateModified\":\"2024-11-26T09:37:39+00:00\",\"description\":\"Explore Christmas Dog Toys Bulk from the best pet products supplier. Petstar is a global pet product manufacturer. Your ideal business solution with Petstar.\",\"breadcrumb\":{\"@id\":\"https:\/\/petproducts.com.cn\/product\/christmas-dog-toys-bulk-2-piece-set-play-squeaky-plush-vinyl-pig-dog-toy\/#breadcrumb\"},\"inLanguage\":\"pt-PT\",\"potentialAction\":[{\"@type\":\"ReadAction\",\"target\":[\"https:\/\/petproducts.com.cn\/product\/christmas-dog-toys-bulk-2-piece-set-play-squeaky-plush-vinyl-pig-dog-toy\/\"]}]},{\"@type\":\"ImageObject\",\"inLanguage\":\"pt-PT\",\"@id\":\"https:\/\/petproducts.com.cn\/product\/christmas-dog-toys-bulk-2-piece-set-play-squeaky-plush-vinyl-pig-dog-toy\/#primaryimage\",\"url\":\"https:\/\/petproducts.com.cn\/wp-content\/uploads\/2024\/11\/Manufacturer-Christmas-Dog-Toys-Bulk.webp\",\"contentUrl\":\"https:\/\/petproducts.com.cn\/wp-content\/uploads\/2024\/11\/Manufacturer-Christmas-Dog-Toys-Bulk.webp\",\"width\":1000,\"height\":1000,\"caption\":\"Manufacturer Christmas Dog Toys Bulk\"},{\"@type\":\"BreadcrumbList\",\"@id\":\"https:\/\/petproducts.com.cn\/product\/christmas-dog-toys-bulk-2-piece-set-play-squeaky-plush-vinyl-pig-dog-toy\/#breadcrumb\",\"itemListElement\":[{\"@type\":\"ListItem\",\"position\":1,\"name\":\"HOME\",\"item\":\"https:\/\/petproducts.com.cn\/\"},{\"@type\":\"ListItem\",\"position\":2,\"name\":\"Products\",\"item\":\"https:\/\/petproducts.com.cn\/shop\/\"},{\"@type\":\"ListItem\",\"position\":3,\"name\":\"Dog Toys\",\"item\":\"https:\/\/petproducts.com.cn\/product-category\/dog-toys\/\"},{\"@type\":\"ListItem\",\"position\":4,\"name\":\"Christmas Dog Toys Bulk 2 Piece Set Play Squeaky Plush Vinyl Pig Dog Toy\"}]},{\"@type\":\"WebSite\",\"@id\":\"https:\/\/petproducts.com.cn\/#website\",\"url\":\"https:\/\/petproducts.com.cn\/\",\"name\":\"Petstar\",\"description\":\"Leading Pet Supplies Manufacturer &amp; OEM Pet Products Supplier\",\"publisher\":{\"@id\":\"https:\/\/petproducts.com.cn\/#organization\"},\"alternateName\":\"Petstar Pet Supplies\",\"potentialAction\":[{\"@type\":\"SearchAction\",\"target\":{\"@type\":\"EntryPoint\",\"urlTemplate\":\"https:\/\/petproducts.com.cn\/?s={search_term_string}\"},\"query-input\":{\"@type\":\"PropertyValueSpecification\",\"valueRequired\":true,\"valueName\":\"search_term_string\"}}],\"inLanguage\":\"pt-PT\"},{\"@type\":\"Organization\",\"@id\":\"https:\/\/petproducts.com.cn\/#organization\",\"name\":\"Petstar\",\"url\":\"https:\/\/petproducts.com.cn\/\",\"logo\":{\"@type\":\"ImageObject\",\"inLanguage\":\"pt-PT\",\"@id\":\"https:\/\/petproducts.com.cn\/#\/schema\/logo\/image\/\",\"url\":\"https:\/\/petproducts.com.cn\/wp-content\/uploads\/2020\/02\/petstar-logo.webp\",\"contentUrl\":\"https:\/\/petproducts.com.cn\/wp-content\/uploads\/2020\/02\/petstar-logo.webp\",\"width\":779,\"height\":520,\"caption\":\"Petstar\"},\"image\":{\"@id\":\"https:\/\/petproducts.com.cn\/#\/schema\/logo\/image\/\"}}]}<\/script>\n<!-- \/ Yoast SEO plugin. -->","yoast_head_json":{"title":"Brinquedos de Natal para c\u00e3es a granel | Conjunto de brinquedos para c\u00e3es Fabricante- Petstar","description":"Explore Christmas Dog Toys Bulk do melhor fornecedor de produtos para animais de estima\u00e7\u00e3o. Petstar \u00e9 um fabricante global de produtos para animais de estima\u00e7\u00e3o. A sua solu\u00e7\u00e3o de neg\u00f3cio ideal com Petstar.","robots":{"index":"index","follow":"follow","max-snippet":"max-snippet:-1","max-image-preview":"max-image-preview:large","max-video-preview":"max-video-preview:-1"},"canonical":"https:\/\/petproducts.com.cn\/pt\/produto\/christmas-dog-toys-bulk-2-piece-set-play-squeaky-plush-vinyl-pig-dog-toy\/","og_locale":"pt_PT","og_type":"article","og_title":"Christmas Dog Toys Bulk | Dog Toys Set Manufacturer- Petstar","og_description":"Explore Christmas Dog Toys Bulk from the best pet products supplier. Petstar is a global pet product manufacturer. Your ideal business solution with Petstar.","og_url":"https:\/\/petproducts.com.cn\/pt\/produto\/christmas-dog-toys-bulk-2-piece-set-play-squeaky-plush-vinyl-pig-dog-toy\/","og_site_name":"Petstar","article_modified_time":"2024-11-26T09:37:39+00:00","og_image":[{"width":1000,"height":1000,"url":"https:\/\/petproducts.com.cn\/wp-content\/uploads\/2024\/11\/Manufacturer-Christmas-Dog-Toys-Bulk.webp","type":"image\/webp"}],"twitter_card":"summary_large_image","twitter_misc":{"Tempo estimado de leitura":"2 minutos"},"schema":{"@context":"https:\/\/schema.org","@graph":[{"@type":"WebPage","@id":"https:\/\/petproducts.com.cn\/product\/christmas-dog-toys-bulk-2-piece-set-play-squeaky-plush-vinyl-pig-dog-toy\/","url":"https:\/\/petproducts.com.cn\/product\/christmas-dog-toys-bulk-2-piece-set-play-squeaky-plush-vinyl-pig-dog-toy\/","name":"Brinquedos de Natal para c\u00e3es a granel | Conjunto de brinquedos para c\u00e3es Fabricante- Petstar","isPartOf":{"@id":"https:\/\/petproducts.com.cn\/#website"},"primaryImageOfPage":{"@id":"https:\/\/petproducts.com.cn\/product\/christmas-dog-toys-bulk-2-piece-set-play-squeaky-plush-vinyl-pig-dog-toy\/#primaryimage"},"image":{"@id":"https:\/\/petproducts.com.cn\/product\/christmas-dog-toys-bulk-2-piece-set-play-squeaky-plush-vinyl-pig-dog-toy\/#primaryimage"},"thumbnailUrl":"https:\/\/petproducts.com.cn\/wp-content\/uploads\/2024\/11\/Manufacturer-Christmas-Dog-Toys-Bulk.webp","datePublished":"2024-11-26T09:31:55+00:00","dateModified":"2024-11-26T09:37:39+00:00","description":"Explore Christmas Dog Toys Bulk do melhor fornecedor de produtos para animais de estima\u00e7\u00e3o. Petstar \u00e9 um fabricante global de produtos para animais de estima\u00e7\u00e3o. A sua solu\u00e7\u00e3o de neg\u00f3cio ideal com Petstar.","breadcrumb":{"@id":"https:\/\/petproducts.com.cn\/product\/christmas-dog-toys-bulk-2-piece-set-play-squeaky-plush-vinyl-pig-dog-toy\/#breadcrumb"},"inLanguage":"pt-PT","potentialAction":[{"@type":"ReadAction","target":["https:\/\/petproducts.com.cn\/product\/christmas-dog-toys-bulk-2-piece-set-play-squeaky-plush-vinyl-pig-dog-toy\/"]}]},{"@type":"ImageObject","inLanguage":"pt-PT","@id":"https:\/\/petproducts.com.cn\/product\/christmas-dog-toys-bulk-2-piece-set-play-squeaky-plush-vinyl-pig-dog-toy\/#primaryimage","url":"https:\/\/petproducts.com.cn\/wp-content\/uploads\/2024\/11\/Manufacturer-Christmas-Dog-Toys-Bulk.webp","contentUrl":"https:\/\/petproducts.com.cn\/wp-content\/uploads\/2024\/11\/Manufacturer-Christmas-Dog-Toys-Bulk.webp","width":1000,"height":1000,"caption":"Manufacturer Christmas Dog Toys Bulk"},{"@type":"BreadcrumbList","@id":"https:\/\/petproducts.com.cn\/product\/christmas-dog-toys-bulk-2-piece-set-play-squeaky-plush-vinyl-pig-dog-toy\/#breadcrumb","itemListElement":[{"@type":"ListItem","position":1,"name":"HOME","item":"https:\/\/petproducts.com.cn\/"},{"@type":"ListItem","position":2,"name":"Products","item":"https:\/\/petproducts.com.cn\/shop\/"},{"@type":"ListItem","position":3,"name":"Dog Toys","item":"https:\/\/petproducts.com.cn\/product-category\/dog-toys\/"},{"@type":"ListItem","position":4,"name":"Christmas Dog Toys Bulk 2 Piece Set Play Squeaky Plush Vinyl Pig Dog Toy"}]},{"@type":"WebSite","@id":"https:\/\/petproducts.com.cn\/#website","url":"https:\/\/petproducts.com.cn\/","name":"Petstar","description":"Fabricante l\u00edder de artigos para animais de estima\u00e7\u00e3o e fornecedor de produtos OEM para animais de estima\u00e7\u00e3o","publisher":{"@id":"https:\/\/petproducts.com.cn\/#organization"},"alternateName":"Petstar Pet Supplies","potentialAction":[{"@type":"SearchAction","target":{"@type":"EntryPoint","urlTemplate":"https:\/\/petproducts.com.cn\/?s={search_term_string}"},"query-input":{"@type":"PropertyValueSpecification","valueRequired":true,"valueName":"search_term_string"}}],"inLanguage":"pt-PT"},{"@type":"Organization","@id":"https:\/\/petproducts.com.cn\/#organization","name":"Petstar","url":"https:\/\/petproducts.com.cn\/","logo":{"@type":"ImageObject","inLanguage":"pt-PT","@id":"https:\/\/petproducts.com.cn\/#\/schema\/logo\/image\/","url":"https:\/\/petproducts.com.cn\/wp-content\/uploads\/2020\/02\/petstar-logo.webp","contentUrl":"https:\/\/petproducts.com.cn\/wp-content\/uploads\/2020\/02\/petstar-logo.webp","width":779,"height":520,"caption":"Petstar"},"image":{"@id":"https:\/\/petproducts.com.cn\/#\/schema\/logo\/image\/"}}]}},"_links":{"self":[{"href":"https:\/\/petproducts.com.cn\/pt\/wp-json\/wp\/v2\/product\/30838","targetHints":{"allow":["GET"]}}],"collection":[{"href":"https:\/\/petproducts.com.cn\/pt\/wp-json\/wp\/v2\/product"}],"about":[{"href":"https:\/\/petproducts.com.cn\/pt\/wp-json\/wp\/v2\/types\/product"}],"version-history":[{"count":3,"href":"https:\/\/petproducts.com.cn\/pt\/wp-json\/wp\/v2\/product\/30838\/revisions"}],"predecessor-version":[{"id":30847,"href":"https:\/\/petproducts.com.cn\/pt\/wp-json\/wp\/v2\/product\/30838\/revisions\/30847"}],"wp:featuredmedia":[{"embeddable":true,"href":"https:\/\/petproducts.com.cn\/pt\/wp-json\/wp\/v2\/media\/30844"}],"wp:attachment":[{"href":"https:\/\/petproducts.com.cn\/pt\/wp-json\/wp\/v2\/media?parent=30838"}],"wp:term":[{"taxonomy":"product_brand","embeddable":true,"href":"https:\/\/petproducts.com.cn\/pt\/wp-json\/wp\/v2\/product_brand?post=30838"},{"taxonomy":"product_cat","embeddable":true,"href":"https:\/\/petproducts.com.cn\/pt\/wp-json\/wp\/v2\/product_cat?post=30838"},{"taxonomy":"product_tag","embeddable":true,"href":"https:\/\/petproducts.com.cn\/pt\/wp-json\/wp\/v2\/product_tag?post=30838"}],"curies":[{"name":"wp","href":"https:\/\/api.w.org\/{rel}","templated":true}]}}