{"id":31165,"date":"2024-12-12T02:02:25","date_gmt":"2024-12-12T02:02:25","guid":{"rendered":"https:\/\/petproducts.com.cn\/?post_type=product&#038;p=31165"},"modified":"2024-12-12T08:47:01","modified_gmt":"2024-12-12T08:47:01","slug":"dog-travel-mat-wholesale-2-in-1-foldable-portable-blanket-pet-sleeping-bag-bed","status":"publish","type":"product","link":"https:\/\/petproducts.com.cn\/pt\/product\/dog-travel-mat-wholesale-2-in-1-foldable-portable-blanket-pet-sleeping-bag-bed\/","title":{"rendered":"Tapete de viagem para c\u00e3es Atacado 2 em 1 cobertor dobr\u00e1vel port\u00e1til saco de dormir para animais de estima\u00e7\u00e3o cama"},"content":{"rendered":"<h2>Carater\u00edsticas do tapete de viagem para c\u00e3es<\/h2>\n<ul>\n<li><strong>Design 2 em 1 para uma utiliza\u00e7\u00e3o vers\u00e1til<\/strong><br \/>\nEsse <em>Tapete de viagem para c\u00e3es<\/em> apresenta um design inteligente 2 em 1. Pode coloc\u00e1-lo na horizontal como um tapete confort\u00e1vel ou fechar o fecho para criar um saco-cama confort\u00e1vel, proporcionando ao seu animal de estima\u00e7\u00e3o o m\u00e1ximo conforto e calor.<\/li>\n<li><strong>Dobr\u00e1vel e leve para viajar facilmente<\/strong><br \/>\nO tapete dobra-se perfeitamente num tamanho compacto, tornando-o leve e port\u00e1til. Com esta carater\u00edstica, pode transport\u00e1-lo convenientemente na sua mala ou no carro, assegurando uma viagem sem problemas.<\/li>\n<li><strong>Perfeito para aventuras ao ar livre<\/strong><br \/>\nQuer esteja a acampar, a fazer caminhadas ou a fazer um piquenique, este tapete funciona como um espa\u00e7o de descanso acolhedor para o seu animal de estima\u00e7\u00e3o. O seu design duradouro garante que resiste \u00e0s condi\u00e7\u00f5es exteriores, mantendo o seu animal de estima\u00e7\u00e3o confort\u00e1vel.<\/li>\n<li><strong>Material macio e confort\u00e1vel<\/strong><br \/>\nO tapete \u00e9 fabricado em tecido macio e de alta qualidade, proporcionando uma superf\u00edcie macia para o seu animal de estima\u00e7\u00e3o relaxar. O seu interior acolhedor proporciona uma experi\u00eancia reconfortante, quer seja utilizado como cobertor ou como saco-cama.<\/li>\n<li><strong>Fecho de correr c\u00f3modo<\/strong><br \/>\nUm fecho de correr duradouro permite transformar a esteira num saco de dormir em segundos. Esta carater\u00edstica acrescenta uma camada extra de calor e seguran\u00e7a, especialmente para ambientes exteriores mais frios.<\/li>\n<li><strong>Port\u00e1til e economizador de espa\u00e7o<\/strong><br \/>\nO seu design dobr\u00e1vel poupa espa\u00e7o e cabe facilmente nas mochilas ou na bagagem. Vai adorar o facto de ser t\u00e3o simples de embalar e levar para qualquer viagem.<\/li>\n<\/ul>\n<p style=\"text-align: center;\"><em><strong>Para mais informa\u00e7\u00f5es <a href=\"https:\/\/petproducts.com.cn\/pt\/wholesale-dog-beds\/\">c\u00e3o\u00a0<\/a><\/strong><\/em><em><strong><a href=\"https:\/\/petproducts.com.cn\/pt\/wholesale-dog-beds\/\">camas<\/a> &amp; <a href=\"https:\/\/petproducts.com.cn\/pt\/wholesale-cat-beds\/\">camas para gatos<\/a>, por favor <a href=\"https:\/\/petproducts.com.cn\/pt\/contactar-nos\/\">Contate-nos<\/a>!<\/strong><\/em><\/p>","protected":false},"excerpt":{"rendered":"<p>O <em>Tapete de viagem para c\u00e3es<\/em> \u00e9 um acess\u00f3rio 2 em 1 vers\u00e1til para animais de estima\u00e7\u00e3o que se transforma de um tapete port\u00e1til num saco-cama acolhedor. Leve, dobr\u00e1vel e f\u00e1cil de transportar, \u00e9 perfeito para aventuras ao ar livre e viagens.<\/p>","protected":false},"featured_media":31168,"template":"","meta":{"_acf_changed":false},"product_brand":[],"product_cat":[57,72],"product_tag":[242,190,203,283,250,189],"class_list":{"0":"post-31165","1":"product","2":"type-product","3":"status-publish","4":"has-post-thumbnail","6":"product_cat-dog-beds","7":"product_cat-dog-supplies","8":"product_tag-multipurpose-pet-beds","9":"product_tag-outdoor-pet-beds","10":"product_tag-pet-beds","11":"product_tag-pet-foldable-beds","12":"product_tag-pet-mat-beds","13":"product_tag-waterproof-pet-beds","15":"first","16":"instock","17":"shipping-taxable","18":"product-type-simple"},"acf":[],"yoast_head":"<!-- This site is optimized with the Yoast SEO plugin v27.1.1 - https:\/\/yoast.com\/product\/yoast-seo-wordpress\/ -->\n<title>Dog Travel Mat | Pet Sleeping Bag Bed Manufacturer - Petstar<\/title>\n<meta name=\"description\" content=\"Explore Dog Travel Mat from the best pet products supplier. Petstar is a global pet products manufacturer. Your ideal business solution with Petstar.\" \/>\n<meta name=\"robots\" content=\"index, follow, max-snippet:-1, max-image-preview:large, max-video-preview:-1\" \/>\n<link rel=\"canonical\" href=\"https:\/\/petproducts.com.cn\/pt\/produto\/dog-travel-mat-wholesale-2-in-1-foldable-portable-blanket-pet-sleeping-bag-bed\/\" \/>\n<meta property=\"og:locale\" content=\"pt_PT\" \/>\n<meta property=\"og:type\" content=\"article\" \/>\n<meta property=\"og:title\" content=\"Dog Travel Mat | Pet Sleeping Bag Bed Manufacturer - Petstar\" \/>\n<meta property=\"og:description\" content=\"Explore Dog Travel Mat from the best pet products supplier. Petstar is a global pet products manufacturer. Your ideal business solution with Petstar.\" \/>\n<meta property=\"og:url\" content=\"https:\/\/petproducts.com.cn\/pt\/produto\/dog-travel-mat-wholesale-2-in-1-foldable-portable-blanket-pet-sleeping-bag-bed\/\" \/>\n<meta property=\"og:site_name\" content=\"Petstar\" \/>\n<meta property=\"article:modified_time\" content=\"2024-12-12T08:47:01+00:00\" \/>\n<meta property=\"og:image\" content=\"https:\/\/petproducts.com.cn\/wp-content\/uploads\/2024\/12\/Best-dog-travel-mat.webp\" \/>\n\t<meta property=\"og:image:width\" content=\"1000\" \/>\n\t<meta property=\"og:image:height\" content=\"1000\" \/>\n\t<meta property=\"og:image:type\" content=\"image\/webp\" \/>\n<meta name=\"twitter:card\" content=\"summary_large_image\" \/>\n<meta name=\"twitter:label1\" content=\"Tempo estimado de leitura\" \/>\n\t<meta name=\"twitter:data1\" content=\"2 minutos\" \/>\n<script type=\"application\/ld+json\" class=\"yoast-schema-graph\">{\"@context\":\"https:\/\/schema.org\",\"@graph\":[{\"@type\":\"WebPage\",\"@id\":\"https:\/\/petproducts.com.cn\/product\/dog-travel-mat-wholesale-2-in-1-foldable-portable-blanket-pet-sleeping-bag-bed\/\",\"url\":\"https:\/\/petproducts.com.cn\/product\/dog-travel-mat-wholesale-2-in-1-foldable-portable-blanket-pet-sleeping-bag-bed\/\",\"name\":\"Dog Travel Mat | Pet Sleeping Bag Bed Manufacturer - Petstar\",\"isPartOf\":{\"@id\":\"https:\/\/petproducts.com.cn\/#website\"},\"primaryImageOfPage\":{\"@id\":\"https:\/\/petproducts.com.cn\/product\/dog-travel-mat-wholesale-2-in-1-foldable-portable-blanket-pet-sleeping-bag-bed\/#primaryimage\"},\"image\":{\"@id\":\"https:\/\/petproducts.com.cn\/product\/dog-travel-mat-wholesale-2-in-1-foldable-portable-blanket-pet-sleeping-bag-bed\/#primaryimage\"},\"thumbnailUrl\":\"https:\/\/petproducts.com.cn\/wp-content\/uploads\/2024\/12\/Best-dog-travel-mat.webp\",\"datePublished\":\"2024-12-12T02:02:25+00:00\",\"dateModified\":\"2024-12-12T08:47:01+00:00\",\"description\":\"Explore Dog Travel Mat from the best pet products supplier. Petstar is a global pet products manufacturer. Your ideal business solution with Petstar.\",\"breadcrumb\":{\"@id\":\"https:\/\/petproducts.com.cn\/product\/dog-travel-mat-wholesale-2-in-1-foldable-portable-blanket-pet-sleeping-bag-bed\/#breadcrumb\"},\"inLanguage\":\"pt-PT\",\"potentialAction\":[{\"@type\":\"ReadAction\",\"target\":[\"https:\/\/petproducts.com.cn\/product\/dog-travel-mat-wholesale-2-in-1-foldable-portable-blanket-pet-sleeping-bag-bed\/\"]}]},{\"@type\":\"ImageObject\",\"inLanguage\":\"pt-PT\",\"@id\":\"https:\/\/petproducts.com.cn\/product\/dog-travel-mat-wholesale-2-in-1-foldable-portable-blanket-pet-sleeping-bag-bed\/#primaryimage\",\"url\":\"https:\/\/petproducts.com.cn\/wp-content\/uploads\/2024\/12\/Best-dog-travel-mat.webp\",\"contentUrl\":\"https:\/\/petproducts.com.cn\/wp-content\/uploads\/2024\/12\/Best-dog-travel-mat.webp\",\"width\":1000,\"height\":1000,\"caption\":\"Best dog travel mat\"},{\"@type\":\"BreadcrumbList\",\"@id\":\"https:\/\/petproducts.com.cn\/product\/dog-travel-mat-wholesale-2-in-1-foldable-portable-blanket-pet-sleeping-bag-bed\/#breadcrumb\",\"itemListElement\":[{\"@type\":\"ListItem\",\"position\":1,\"name\":\"HOME\",\"item\":\"https:\/\/petproducts.com.cn\/\"},{\"@type\":\"ListItem\",\"position\":2,\"name\":\"Products\",\"item\":\"https:\/\/petproducts.com.cn\/shop\/\"},{\"@type\":\"ListItem\",\"position\":3,\"name\":\"Dog Beds\",\"item\":\"https:\/\/petproducts.com.cn\/product-category\/dog-beds\/\"},{\"@type\":\"ListItem\",\"position\":4,\"name\":\"Dog Travel Mat Wholesale 2 In 1 Foldable Portable Blanket Pet Sleeping Bag Bed\"}]},{\"@type\":\"WebSite\",\"@id\":\"https:\/\/petproducts.com.cn\/#website\",\"url\":\"https:\/\/petproducts.com.cn\/\",\"name\":\"Petstar\",\"description\":\"Leading Pet Supplies Manufacturer &amp; OEM Pet Products Supplier\",\"publisher\":{\"@id\":\"https:\/\/petproducts.com.cn\/#organization\"},\"alternateName\":\"Petstar Pet Supplies\",\"potentialAction\":[{\"@type\":\"SearchAction\",\"target\":{\"@type\":\"EntryPoint\",\"urlTemplate\":\"https:\/\/petproducts.com.cn\/?s={search_term_string}\"},\"query-input\":{\"@type\":\"PropertyValueSpecification\",\"valueRequired\":true,\"valueName\":\"search_term_string\"}}],\"inLanguage\":\"pt-PT\"},{\"@type\":\"Organization\",\"@id\":\"https:\/\/petproducts.com.cn\/#organization\",\"name\":\"Petstar\",\"url\":\"https:\/\/petproducts.com.cn\/\",\"logo\":{\"@type\":\"ImageObject\",\"inLanguage\":\"pt-PT\",\"@id\":\"https:\/\/petproducts.com.cn\/#\/schema\/logo\/image\/\",\"url\":\"https:\/\/petproducts.com.cn\/wp-content\/uploads\/2020\/02\/petstar-logo.webp\",\"contentUrl\":\"https:\/\/petproducts.com.cn\/wp-content\/uploads\/2020\/02\/petstar-logo.webp\",\"width\":779,\"height\":520,\"caption\":\"Petstar\"},\"image\":{\"@id\":\"https:\/\/petproducts.com.cn\/#\/schema\/logo\/image\/\"}}]}<\/script>\n<!-- \/ Yoast SEO plugin. -->","yoast_head_json":{"title":"Dog Travel Mat | Pet Sleeping Bag Bed Manufacturer - Petstar","description":"Explore Dog Travel Mat from the best pet products supplier. Petstar is a global pet products manufacturer. Your ideal business solution with Petstar.","robots":{"index":"index","follow":"follow","max-snippet":"max-snippet:-1","max-image-preview":"max-image-preview:large","max-video-preview":"max-video-preview:-1"},"canonical":"https:\/\/petproducts.com.cn\/pt\/produto\/dog-travel-mat-wholesale-2-in-1-foldable-portable-blanket-pet-sleeping-bag-bed\/","og_locale":"pt_PT","og_type":"article","og_title":"Dog Travel Mat | Pet Sleeping Bag Bed Manufacturer - Petstar","og_description":"Explore Dog Travel Mat from the best pet products supplier. Petstar is a global pet products manufacturer. Your ideal business solution with Petstar.","og_url":"https:\/\/petproducts.com.cn\/pt\/produto\/dog-travel-mat-wholesale-2-in-1-foldable-portable-blanket-pet-sleeping-bag-bed\/","og_site_name":"Petstar","article_modified_time":"2024-12-12T08:47:01+00:00","og_image":[{"width":1000,"height":1000,"url":"https:\/\/petproducts.com.cn\/wp-content\/uploads\/2024\/12\/Best-dog-travel-mat.webp","type":"image\/webp"}],"twitter_card":"summary_large_image","twitter_misc":{"Tempo estimado de leitura":"2 minutos"},"schema":{"@context":"https:\/\/schema.org","@graph":[{"@type":"WebPage","@id":"https:\/\/petproducts.com.cn\/product\/dog-travel-mat-wholesale-2-in-1-foldable-portable-blanket-pet-sleeping-bag-bed\/","url":"https:\/\/petproducts.com.cn\/product\/dog-travel-mat-wholesale-2-in-1-foldable-portable-blanket-pet-sleeping-bag-bed\/","name":"Dog Travel Mat | Pet Sleeping Bag Bed Manufacturer - Petstar","isPartOf":{"@id":"https:\/\/petproducts.com.cn\/#website"},"primaryImageOfPage":{"@id":"https:\/\/petproducts.com.cn\/product\/dog-travel-mat-wholesale-2-in-1-foldable-portable-blanket-pet-sleeping-bag-bed\/#primaryimage"},"image":{"@id":"https:\/\/petproducts.com.cn\/product\/dog-travel-mat-wholesale-2-in-1-foldable-portable-blanket-pet-sleeping-bag-bed\/#primaryimage"},"thumbnailUrl":"https:\/\/petproducts.com.cn\/wp-content\/uploads\/2024\/12\/Best-dog-travel-mat.webp","datePublished":"2024-12-12T02:02:25+00:00","dateModified":"2024-12-12T08:47:01+00:00","description":"Explore Dog Travel Mat from the best pet products supplier. Petstar is a global pet products manufacturer. Your ideal business solution with Petstar.","breadcrumb":{"@id":"https:\/\/petproducts.com.cn\/product\/dog-travel-mat-wholesale-2-in-1-foldable-portable-blanket-pet-sleeping-bag-bed\/#breadcrumb"},"inLanguage":"pt-PT","potentialAction":[{"@type":"ReadAction","target":["https:\/\/petproducts.com.cn\/product\/dog-travel-mat-wholesale-2-in-1-foldable-portable-blanket-pet-sleeping-bag-bed\/"]}]},{"@type":"ImageObject","inLanguage":"pt-PT","@id":"https:\/\/petproducts.com.cn\/product\/dog-travel-mat-wholesale-2-in-1-foldable-portable-blanket-pet-sleeping-bag-bed\/#primaryimage","url":"https:\/\/petproducts.com.cn\/wp-content\/uploads\/2024\/12\/Best-dog-travel-mat.webp","contentUrl":"https:\/\/petproducts.com.cn\/wp-content\/uploads\/2024\/12\/Best-dog-travel-mat.webp","width":1000,"height":1000,"caption":"Best dog travel mat"},{"@type":"BreadcrumbList","@id":"https:\/\/petproducts.com.cn\/product\/dog-travel-mat-wholesale-2-in-1-foldable-portable-blanket-pet-sleeping-bag-bed\/#breadcrumb","itemListElement":[{"@type":"ListItem","position":1,"name":"HOME","item":"https:\/\/petproducts.com.cn\/"},{"@type":"ListItem","position":2,"name":"Products","item":"https:\/\/petproducts.com.cn\/shop\/"},{"@type":"ListItem","position":3,"name":"Dog Beds","item":"https:\/\/petproducts.com.cn\/product-category\/dog-beds\/"},{"@type":"ListItem","position":4,"name":"Dog Travel Mat Wholesale 2 In 1 Foldable Portable Blanket Pet Sleeping Bag Bed"}]},{"@type":"WebSite","@id":"https:\/\/petproducts.com.cn\/#website","url":"https:\/\/petproducts.com.cn\/","name":"Petstar","description":"Fabricante l\u00edder de artigos para animais de estima\u00e7\u00e3o e fornecedor de produtos OEM para animais de estima\u00e7\u00e3o","publisher":{"@id":"https:\/\/petproducts.com.cn\/#organization"},"alternateName":"Petstar Pet Supplies","potentialAction":[{"@type":"SearchAction","target":{"@type":"EntryPoint","urlTemplate":"https:\/\/petproducts.com.cn\/?s={search_term_string}"},"query-input":{"@type":"PropertyValueSpecification","valueRequired":true,"valueName":"search_term_string"}}],"inLanguage":"pt-PT"},{"@type":"Organization","@id":"https:\/\/petproducts.com.cn\/#organization","name":"Petstar","url":"https:\/\/petproducts.com.cn\/","logo":{"@type":"ImageObject","inLanguage":"pt-PT","@id":"https:\/\/petproducts.com.cn\/#\/schema\/logo\/image\/","url":"https:\/\/petproducts.com.cn\/wp-content\/uploads\/2020\/02\/petstar-logo.webp","contentUrl":"https:\/\/petproducts.com.cn\/wp-content\/uploads\/2020\/02\/petstar-logo.webp","width":779,"height":520,"caption":"Petstar"},"image":{"@id":"https:\/\/petproducts.com.cn\/#\/schema\/logo\/image\/"}}]}},"_links":{"self":[{"href":"https:\/\/petproducts.com.cn\/pt\/wp-json\/wp\/v2\/product\/31165","targetHints":{"allow":["GET"]}}],"collection":[{"href":"https:\/\/petproducts.com.cn\/pt\/wp-json\/wp\/v2\/product"}],"about":[{"href":"https:\/\/petproducts.com.cn\/pt\/wp-json\/wp\/v2\/types\/product"}],"version-history":[{"count":3,"href":"https:\/\/petproducts.com.cn\/pt\/wp-json\/wp\/v2\/product\/31165\/revisions"}],"predecessor-version":[{"id":31174,"href":"https:\/\/petproducts.com.cn\/pt\/wp-json\/wp\/v2\/product\/31165\/revisions\/31174"}],"wp:featuredmedia":[{"embeddable":true,"href":"https:\/\/petproducts.com.cn\/pt\/wp-json\/wp\/v2\/media\/31168"}],"wp:attachment":[{"href":"https:\/\/petproducts.com.cn\/pt\/wp-json\/wp\/v2\/media?parent=31165"}],"wp:term":[{"taxonomy":"product_brand","embeddable":true,"href":"https:\/\/petproducts.com.cn\/pt\/wp-json\/wp\/v2\/product_brand?post=31165"},{"taxonomy":"product_cat","embeddable":true,"href":"https:\/\/petproducts.com.cn\/pt\/wp-json\/wp\/v2\/product_cat?post=31165"},{"taxonomy":"product_tag","embeddable":true,"href":"https:\/\/petproducts.com.cn\/pt\/wp-json\/wp\/v2\/product_tag?post=31165"}],"curies":[{"name":"wp","href":"https:\/\/api.w.org\/{rel}","templated":true}]}}