{"id":31481,"date":"2025-01-09T09:13:42","date_gmt":"2025-01-09T09:13:42","guid":{"rendered":"https:\/\/petproducts.com.cn\/?post_type=product&#038;p=31481"},"modified":"2025-01-09T09:20:43","modified_gmt":"2025-01-09T09:20:43","slug":"wooden-cat-tower-plush-ball-toy-platform-hommock-condo-best-cat-tree","status":"publish","type":"product","link":"https:\/\/petproducts.com.cn\/pt\/product\/wooden-cat-tower-plush-ball-toy-platform-hommock-condo-best-cat-tree\/","title":{"rendered":"Torre de madeira para gatos Bola de pel\u00facia Plataforma Hommock Condo Melhor \u00e1rvore para gatos"},"content":{"rendered":"<h2>Carater\u00edsticas da Torre de madeira para gatos<\/h2>\n<ul>\n<li><strong>Design alto e espa\u00e7oso para os gatos explorarem<\/strong><br \/>\nCom uma altura de 49,6 polegadas (126 cm), esta <em>Torre de madeira para gatos<\/em> d\u00e1 ao seu gato muito espa\u00e7o vertical para trepar, empoleirar-se e brincar. Com v\u00e1rios n\u00edveis, mant\u00e9m o seu gato ativo e empenhado durante todo o dia.<\/li>\n<li><strong>Constru\u00e7\u00e3o em madeira dur\u00e1vel para estabilidade<\/strong><br \/>\nApreciar\u00e1 o design em madeira maci\u00e7a que garante estabilidade e seguran\u00e7a. O seu fabrico artesanal de alta qualidade suporta at\u00e9 os gatos mais en\u00e9rgicos, tornando-a a <em>Melhor \u00e1rvore para gatos<\/em> para a sua casa.<\/li>\n<li><strong>Condom\u00ednio para gatos acolhedor para descanso e privacidade<\/strong><br \/>\nA casota para gatos incorporada proporciona um espa\u00e7o privado e confort\u00e1vel para o seu gato relaxar e dormir a sesta. O seu animal de estima\u00e7\u00e3o vai adorar a sensa\u00e7\u00e3o de seguran\u00e7a que oferece, enquanto voc\u00ea vai apreciar o seu design compacto mas funcional.<\/li>\n<li><strong>Rede de pel\u00facia para maior conforto<\/strong><br \/>\nA rede macia e dur\u00e1vel acrescenta um toque de luxo, dando ao seu gato um local confort\u00e1vel para relaxar. \u00c9 perfeita para os gatos que gostam de se esticar e observar o que os rodeia.<\/li>\n<li><strong>Bolas de peluche interactivas para uma divers\u00e3o sem fim<\/strong><br \/>\nDuas bolas de peluche penduradas incentivam os instintos naturais do seu gato para atacar e golpear, mantendo-o entretido durante horas. Vai adorar ver o seu animal de estima\u00e7\u00e3o a brincar e a gastar energia num ambiente seguro e divertido.<\/li>\n<li><strong>Plataformas de v\u00e1rios n\u00edveis para entusiastas da escalada<\/strong><br \/>\nAs plataformas espa\u00e7osas proporcionam um amplo espa\u00e7o para o seu gato saltar, trepar e descansar. Cada n\u00edvel foi cuidadosamente concebido para se adequar a gatos de todos os tamanhos e idades, garantindo a m\u00e1xima facilidade de utiliza\u00e7\u00e3o.<\/li>\n<\/ul>\n<p style=\"text-align: center;\"><em><strong>Para mais informa\u00e7\u00f5es <a href=\"https:\/\/petproducts.com.cn\/pt\/wholesale-cat-trees\/\">\u00e1rvores de gato<\/a><\/strong><\/em><em><strong>, por favor <a href=\"https:\/\/petproducts.com.cn\/pt\/contactar-nos\/\">Contate-nos<\/a>!<\/strong><\/em><\/p>","protected":false},"excerpt":{"rendered":"<p>O <em>Torre de madeira para gatos<\/em> combina um fabrico artesanal duradouro, funcionalidades de jogo interactivas e locais de repouso acolhedores, tornando-o o <em>Melhor \u00e1rvore para gatos<\/em> para o conforto e o entretenimento do seu companheiro peludo.<\/p>","protected":false},"featured_media":31483,"template":"","meta":{"_acf_changed":false},"product_brand":[],"product_cat":[71,47],"product_tag":[206],"class_list":{"0":"post-31481","1":"product","2":"type-product","3":"status-publish","4":"has-post-thumbnail","6":"product_cat-cat-supplies","7":"product_cat-cat-trees-furniture","8":"product_tag-cat-trees","10":"first","11":"instock","12":"shipping-taxable","13":"product-type-simple"},"acf":[],"yoast_head":"<!-- This site is optimized with the Yoast SEO plugin v27.1.1 - https:\/\/yoast.com\/product\/yoast-seo-wordpress\/ -->\n<title>Wooden Cat Tower | Best Cat Tree Manufacturer - Petstar<\/title>\n<meta name=\"description\" content=\"Explore Wooden Cat Tower from pet products supplier. Petstar is a global pet supplies manufacturer. Your ideal business solution with Petstar.\" \/>\n<meta name=\"robots\" content=\"index, follow, max-snippet:-1, max-image-preview:large, max-video-preview:-1\" \/>\n<link rel=\"canonical\" href=\"https:\/\/petproducts.com.cn\/pt\/produto\/wooden-cat-tower-plush-ball-toy-platform-hommock-condo-best-cat-tree\/\" \/>\n<meta property=\"og:locale\" content=\"pt_PT\" \/>\n<meta property=\"og:type\" content=\"article\" \/>\n<meta property=\"og:title\" content=\"Wooden Cat Tower | Best Cat Tree Manufacturer - Petstar\" \/>\n<meta property=\"og:description\" content=\"Explore Wooden Cat Tower from pet products supplier. Petstar is a global pet supplies manufacturer. Your ideal business solution with Petstar.\" \/>\n<meta property=\"og:url\" content=\"https:\/\/petproducts.com.cn\/pt\/produto\/wooden-cat-tower-plush-ball-toy-platform-hommock-condo-best-cat-tree\/\" \/>\n<meta property=\"og:site_name\" content=\"Petstar\" \/>\n<meta property=\"article:modified_time\" content=\"2025-01-09T09:20:43+00:00\" \/>\n<meta property=\"og:image\" content=\"https:\/\/petproducts.com.cn\/wp-content\/uploads\/2025\/01\/Best-Wooden-Cat-Tower.webp\" \/>\n\t<meta property=\"og:image:width\" content=\"1000\" \/>\n\t<meta property=\"og:image:height\" content=\"1000\" \/>\n\t<meta property=\"og:image:type\" content=\"image\/webp\" \/>\n<meta name=\"twitter:card\" content=\"summary_large_image\" \/>\n<meta name=\"twitter:label1\" content=\"Tempo estimado de leitura\" \/>\n\t<meta name=\"twitter:data1\" content=\"2 minutos\" \/>\n<script type=\"application\/ld+json\" class=\"yoast-schema-graph\">{\"@context\":\"https:\/\/schema.org\",\"@graph\":[{\"@type\":\"WebPage\",\"@id\":\"https:\/\/petproducts.com.cn\/product\/wooden-cat-tower-plush-ball-toy-platform-hommock-condo-best-cat-tree\/\",\"url\":\"https:\/\/petproducts.com.cn\/product\/wooden-cat-tower-plush-ball-toy-platform-hommock-condo-best-cat-tree\/\",\"name\":\"Wooden Cat Tower | Best Cat Tree Manufacturer - Petstar\",\"isPartOf\":{\"@id\":\"https:\/\/petproducts.com.cn\/#website\"},\"primaryImageOfPage\":{\"@id\":\"https:\/\/petproducts.com.cn\/product\/wooden-cat-tower-plush-ball-toy-platform-hommock-condo-best-cat-tree\/#primaryimage\"},\"image\":{\"@id\":\"https:\/\/petproducts.com.cn\/product\/wooden-cat-tower-plush-ball-toy-platform-hommock-condo-best-cat-tree\/#primaryimage\"},\"thumbnailUrl\":\"https:\/\/petproducts.com.cn\/wp-content\/uploads\/2025\/01\/Best-Wooden-Cat-Tower.webp\",\"datePublished\":\"2025-01-09T09:13:42+00:00\",\"dateModified\":\"2025-01-09T09:20:43+00:00\",\"description\":\"Explore Wooden Cat Tower from pet products supplier. Petstar is a global pet supplies manufacturer. Your ideal business solution with Petstar.\",\"breadcrumb\":{\"@id\":\"https:\/\/petproducts.com.cn\/product\/wooden-cat-tower-plush-ball-toy-platform-hommock-condo-best-cat-tree\/#breadcrumb\"},\"inLanguage\":\"pt-PT\",\"potentialAction\":[{\"@type\":\"ReadAction\",\"target\":[\"https:\/\/petproducts.com.cn\/product\/wooden-cat-tower-plush-ball-toy-platform-hommock-condo-best-cat-tree\/\"]}]},{\"@type\":\"ImageObject\",\"inLanguage\":\"pt-PT\",\"@id\":\"https:\/\/petproducts.com.cn\/product\/wooden-cat-tower-plush-ball-toy-platform-hommock-condo-best-cat-tree\/#primaryimage\",\"url\":\"https:\/\/petproducts.com.cn\/wp-content\/uploads\/2025\/01\/Best-Wooden-Cat-Tower.webp\",\"contentUrl\":\"https:\/\/petproducts.com.cn\/wp-content\/uploads\/2025\/01\/Best-Wooden-Cat-Tower.webp\",\"width\":1000,\"height\":1000,\"caption\":\"Best Wooden Cat Tower\"},{\"@type\":\"BreadcrumbList\",\"@id\":\"https:\/\/petproducts.com.cn\/product\/wooden-cat-tower-plush-ball-toy-platform-hommock-condo-best-cat-tree\/#breadcrumb\",\"itemListElement\":[{\"@type\":\"ListItem\",\"position\":1,\"name\":\"HOME\",\"item\":\"https:\/\/petproducts.com.cn\/\"},{\"@type\":\"ListItem\",\"position\":2,\"name\":\"Products\",\"item\":\"https:\/\/petproducts.com.cn\/shop\/\"},{\"@type\":\"ListItem\",\"position\":3,\"name\":\"Cat Trees &amp; Furniture\",\"item\":\"https:\/\/petproducts.com.cn\/product-category\/cat-trees-furniture\/\"},{\"@type\":\"ListItem\",\"position\":4,\"name\":\"Wooden Cat Tower Plush Ball Toy Platform Hommock Condo Best Cat Tree\"}]},{\"@type\":\"WebSite\",\"@id\":\"https:\/\/petproducts.com.cn\/#website\",\"url\":\"https:\/\/petproducts.com.cn\/\",\"name\":\"Petstar\",\"description\":\"Leading Pet Supplies Manufacturer &amp; OEM Pet Products Supplier\",\"publisher\":{\"@id\":\"https:\/\/petproducts.com.cn\/#organization\"},\"alternateName\":\"Petstar Pet Supplies\",\"potentialAction\":[{\"@type\":\"SearchAction\",\"target\":{\"@type\":\"EntryPoint\",\"urlTemplate\":\"https:\/\/petproducts.com.cn\/?s={search_term_string}\"},\"query-input\":{\"@type\":\"PropertyValueSpecification\",\"valueRequired\":true,\"valueName\":\"search_term_string\"}}],\"inLanguage\":\"pt-PT\"},{\"@type\":\"Organization\",\"@id\":\"https:\/\/petproducts.com.cn\/#organization\",\"name\":\"Petstar\",\"url\":\"https:\/\/petproducts.com.cn\/\",\"logo\":{\"@type\":\"ImageObject\",\"inLanguage\":\"pt-PT\",\"@id\":\"https:\/\/petproducts.com.cn\/#\/schema\/logo\/image\/\",\"url\":\"https:\/\/petproducts.com.cn\/wp-content\/uploads\/2020\/02\/petstar-logo.webp\",\"contentUrl\":\"https:\/\/petproducts.com.cn\/wp-content\/uploads\/2020\/02\/petstar-logo.webp\",\"width\":779,\"height\":520,\"caption\":\"Petstar\"},\"image\":{\"@id\":\"https:\/\/petproducts.com.cn\/#\/schema\/logo\/image\/\"}}]}<\/script>\n<!-- \/ Yoast SEO plugin. -->","yoast_head_json":{"title":"Torre de madeira para gatos | Melhor fabricante de \u00e1rvores para gatos - Petstar","description":"Explore a Torre de madeira para gatos do fornecedor de produtos para animais de estima\u00e7\u00e3o. Petstar \u00e9 um fabricante global de produtos para animais de estima\u00e7\u00e3o. A sua solu\u00e7\u00e3o de neg\u00f3cio ideal com Petstar.","robots":{"index":"index","follow":"follow","max-snippet":"max-snippet:-1","max-image-preview":"max-image-preview:large","max-video-preview":"max-video-preview:-1"},"canonical":"https:\/\/petproducts.com.cn\/pt\/produto\/wooden-cat-tower-plush-ball-toy-platform-hommock-condo-best-cat-tree\/","og_locale":"pt_PT","og_type":"article","og_title":"Wooden Cat Tower | Best Cat Tree Manufacturer - Petstar","og_description":"Explore Wooden Cat Tower from pet products supplier. Petstar is a global pet supplies manufacturer. Your ideal business solution with Petstar.","og_url":"https:\/\/petproducts.com.cn\/pt\/produto\/wooden-cat-tower-plush-ball-toy-platform-hommock-condo-best-cat-tree\/","og_site_name":"Petstar","article_modified_time":"2025-01-09T09:20:43+00:00","og_image":[{"width":1000,"height":1000,"url":"https:\/\/petproducts.com.cn\/wp-content\/uploads\/2025\/01\/Best-Wooden-Cat-Tower.webp","type":"image\/webp"}],"twitter_card":"summary_large_image","twitter_misc":{"Tempo estimado de leitura":"2 minutos"},"schema":{"@context":"https:\/\/schema.org","@graph":[{"@type":"WebPage","@id":"https:\/\/petproducts.com.cn\/product\/wooden-cat-tower-plush-ball-toy-platform-hommock-condo-best-cat-tree\/","url":"https:\/\/petproducts.com.cn\/product\/wooden-cat-tower-plush-ball-toy-platform-hommock-condo-best-cat-tree\/","name":"Torre de madeira para gatos | Melhor fabricante de \u00e1rvores para gatos - Petstar","isPartOf":{"@id":"https:\/\/petproducts.com.cn\/#website"},"primaryImageOfPage":{"@id":"https:\/\/petproducts.com.cn\/product\/wooden-cat-tower-plush-ball-toy-platform-hommock-condo-best-cat-tree\/#primaryimage"},"image":{"@id":"https:\/\/petproducts.com.cn\/product\/wooden-cat-tower-plush-ball-toy-platform-hommock-condo-best-cat-tree\/#primaryimage"},"thumbnailUrl":"https:\/\/petproducts.com.cn\/wp-content\/uploads\/2025\/01\/Best-Wooden-Cat-Tower.webp","datePublished":"2025-01-09T09:13:42+00:00","dateModified":"2025-01-09T09:20:43+00:00","description":"Explore a Torre de madeira para gatos do fornecedor de produtos para animais de estima\u00e7\u00e3o. Petstar \u00e9 um fabricante global de produtos para animais de estima\u00e7\u00e3o. A sua solu\u00e7\u00e3o de neg\u00f3cio ideal com Petstar.","breadcrumb":{"@id":"https:\/\/petproducts.com.cn\/product\/wooden-cat-tower-plush-ball-toy-platform-hommock-condo-best-cat-tree\/#breadcrumb"},"inLanguage":"pt-PT","potentialAction":[{"@type":"ReadAction","target":["https:\/\/petproducts.com.cn\/product\/wooden-cat-tower-plush-ball-toy-platform-hommock-condo-best-cat-tree\/"]}]},{"@type":"ImageObject","inLanguage":"pt-PT","@id":"https:\/\/petproducts.com.cn\/product\/wooden-cat-tower-plush-ball-toy-platform-hommock-condo-best-cat-tree\/#primaryimage","url":"https:\/\/petproducts.com.cn\/wp-content\/uploads\/2025\/01\/Best-Wooden-Cat-Tower.webp","contentUrl":"https:\/\/petproducts.com.cn\/wp-content\/uploads\/2025\/01\/Best-Wooden-Cat-Tower.webp","width":1000,"height":1000,"caption":"Best Wooden Cat Tower"},{"@type":"BreadcrumbList","@id":"https:\/\/petproducts.com.cn\/product\/wooden-cat-tower-plush-ball-toy-platform-hommock-condo-best-cat-tree\/#breadcrumb","itemListElement":[{"@type":"ListItem","position":1,"name":"HOME","item":"https:\/\/petproducts.com.cn\/"},{"@type":"ListItem","position":2,"name":"Products","item":"https:\/\/petproducts.com.cn\/shop\/"},{"@type":"ListItem","position":3,"name":"Cat Trees &amp; Furniture","item":"https:\/\/petproducts.com.cn\/product-category\/cat-trees-furniture\/"},{"@type":"ListItem","position":4,"name":"Wooden Cat Tower Plush Ball Toy Platform Hommock Condo Best Cat Tree"}]},{"@type":"WebSite","@id":"https:\/\/petproducts.com.cn\/#website","url":"https:\/\/petproducts.com.cn\/","name":"Petstar","description":"Fabricante l\u00edder de artigos para animais de estima\u00e7\u00e3o e fornecedor de produtos OEM para animais de estima\u00e7\u00e3o","publisher":{"@id":"https:\/\/petproducts.com.cn\/#organization"},"alternateName":"Petstar Pet Supplies","potentialAction":[{"@type":"SearchAction","target":{"@type":"EntryPoint","urlTemplate":"https:\/\/petproducts.com.cn\/?s={search_term_string}"},"query-input":{"@type":"PropertyValueSpecification","valueRequired":true,"valueName":"search_term_string"}}],"inLanguage":"pt-PT"},{"@type":"Organization","@id":"https:\/\/petproducts.com.cn\/#organization","name":"Petstar","url":"https:\/\/petproducts.com.cn\/","logo":{"@type":"ImageObject","inLanguage":"pt-PT","@id":"https:\/\/petproducts.com.cn\/#\/schema\/logo\/image\/","url":"https:\/\/petproducts.com.cn\/wp-content\/uploads\/2020\/02\/petstar-logo.webp","contentUrl":"https:\/\/petproducts.com.cn\/wp-content\/uploads\/2020\/02\/petstar-logo.webp","width":779,"height":520,"caption":"Petstar"},"image":{"@id":"https:\/\/petproducts.com.cn\/#\/schema\/logo\/image\/"}}]}},"_links":{"self":[{"href":"https:\/\/petproducts.com.cn\/pt\/wp-json\/wp\/v2\/product\/31481","targetHints":{"allow":["GET"]}}],"collection":[{"href":"https:\/\/petproducts.com.cn\/pt\/wp-json\/wp\/v2\/product"}],"about":[{"href":"https:\/\/petproducts.com.cn\/pt\/wp-json\/wp\/v2\/types\/product"}],"version-history":[{"count":2,"href":"https:\/\/petproducts.com.cn\/pt\/wp-json\/wp\/v2\/product\/31481\/revisions"}],"predecessor-version":[{"id":31489,"href":"https:\/\/petproducts.com.cn\/pt\/wp-json\/wp\/v2\/product\/31481\/revisions\/31489"}],"wp:featuredmedia":[{"embeddable":true,"href":"https:\/\/petproducts.com.cn\/pt\/wp-json\/wp\/v2\/media\/31483"}],"wp:attachment":[{"href":"https:\/\/petproducts.com.cn\/pt\/wp-json\/wp\/v2\/media?parent=31481"}],"wp:term":[{"taxonomy":"product_brand","embeddable":true,"href":"https:\/\/petproducts.com.cn\/pt\/wp-json\/wp\/v2\/product_brand?post=31481"},{"taxonomy":"product_cat","embeddable":true,"href":"https:\/\/petproducts.com.cn\/pt\/wp-json\/wp\/v2\/product_cat?post=31481"},{"taxonomy":"product_tag","embeddable":true,"href":"https:\/\/petproducts.com.cn\/pt\/wp-json\/wp\/v2\/product_tag?post=31481"}],"curies":[{"name":"wp","href":"https:\/\/api.w.org\/{rel}","templated":true}]}}