{"id":31531,"date":"2025-01-20T02:26:12","date_gmt":"2025-01-20T02:26:12","guid":{"rendered":"https:\/\/petproducts.com.cn\/?post_type=product&#038;p=31531"},"modified":"2025-01-20T02:49:17","modified_gmt":"2025-01-20T02:49:17","slug":"cat-tree-scratch-post-animal-shape-kitty-toy-small-sisal-cat-scratcher-post","status":"publish","type":"product","link":"https:\/\/petproducts.com.cn\/pt\/product\/cat-tree-scratch-post-animal-shape-kitty-toy-small-sisal-cat-scratcher-post\/","title":{"rendered":"Arranhador para gatos em forma de animal Brinquedo para gatinhos Pequeno arranhador para gatos em sisal"},"content":{"rendered":"<h2>Carater\u00edsticas do poste para arranhar \u00e1rvores para gatos<\/h2>\n<ul>\n<li><strong>Desenho em forma de animal<\/strong><br \/>\nEsse <em>Poste para arranhar gatos<\/em> apresenta um ador\u00e1vel design animal que alegrar\u00e1 qualquer espa\u00e7o. O seu gato pode co\u00e7ar e brincar com a forma de um elefante, de um c\u00e3o, de um porco ou de um koala enquanto desfruta do seu tempo de co\u00e7ar. Para al\u00e9m de proporcionar uma experi\u00eancia l\u00fadica cativante, tamb\u00e9m melhora a decora\u00e7\u00e3o da sua casa.<\/li>\n<li><strong>Poste de arranhar de sisal resistente<\/strong><br \/>\nO poste de arranhar horizontal de sisal \u00e9 ideal para a manuten\u00e7\u00e3o das garras do seu gato. Incentiva o comportamento natural de arranhar e ajuda a manter as garras do seu gato afiadas e saud\u00e1veis. O material de sisal de alta qualidade proporciona uma superf\u00edcie dur\u00e1vel para arranhar que o seu gato vai adorar.<\/li>\n<li><strong>Compacto e leve<\/strong><br \/>\nEste poste para arranhar de pequenas dimens\u00f5es \u00e9 perfeito para espa\u00e7os mais pequenos ou se estiver \u00e0 procura de uma op\u00e7\u00e3o port\u00e1til. \u00c9 leve, f\u00e1cil de deslocar e n\u00e3o ocupa muito espa\u00e7o, o que o torna uma escolha ideal para apartamentos, casas com espa\u00e7o limitado ou viagens.<\/li>\n<li><strong>Materiais seguros e n\u00e3o t\u00f3xicos<\/strong><br \/>\nOs materiais utilizados para este <em>Poste para arranhar a \u00e1rvore do gato<\/em> s\u00e3o seguros e n\u00e3o t\u00f3xicos, garantindo a sa\u00fade e a seguran\u00e7a do seu animal de estima\u00e7\u00e3o. O tecido de pel\u00facia e o sisal foram concebidos para serem dur\u00e1veis e manterem o seu gato confort\u00e1vel durante as brincadeiras.<\/li>\n<li><strong>Brincadeiras divertidas e interactivas<\/strong><br \/>\nA forma animal \u00fanica e o design divertido incentivam o seu gato a brincar e a arranhar. O poste n\u00e3o \u00e9 apenas um arranhador, mas um brinquedo divertido que manter\u00e1 o seu gato entretido durante horas. \u00c9 uma combina\u00e7\u00e3o perfeita de funcionalidade e prazer.<\/li>\n<li><strong>F\u00e1cil de manter<\/strong><br \/>\nO poste para arranhar foi concebido para facilitar a manuten\u00e7\u00e3o. O tecido \u00e9 f\u00e1cil de limpar e o sisal \u00e9 duradouro, o que o torna um \u00f3timo investimento para os donos de animais que procuram um produto dur\u00e1vel e de baixa manuten\u00e7\u00e3o.<\/li>\n<\/ul>\n<p style=\"text-align: center;\"><em><strong>Para mais informa\u00e7\u00f5es <a href=\"https:\/\/petproducts.com.cn\/pt\/wholesale-cat-trees\/\">\u00e1rvores de gato<\/a><\/strong><\/em><em><strong>, por favor <a href=\"https:\/\/petproducts.com.cn\/pt\/contactar-nos\/\">Contate-nos<\/a>!<\/strong><\/em><\/p>","protected":false},"excerpt":{"rendered":"<p>O <em>Poste para arranhar a \u00e1rvore do gato<\/em> combina funcionalidade com um design divertido. O seu gato vai gostar de se co\u00e7ar e brincar com este poste \u00fanico, em forma de animal, beneficiando de uma rotina de brincadeiras mais saud\u00e1vel e feliz. \u00c9 um complemento perfeito para o enriquecimento do seu animal de estima\u00e7\u00e3o e da sua casa!<\/p>","protected":false},"featured_media":31536,"template":"","meta":{"_acf_changed":false},"product_brand":[],"product_cat":[71,47],"product_tag":[206],"class_list":{"0":"post-31531","1":"product","2":"type-product","3":"status-publish","4":"has-post-thumbnail","6":"product_cat-cat-supplies","7":"product_cat-cat-trees-furniture","8":"product_tag-cat-trees","10":"first","11":"instock","12":"shipping-taxable","13":"product-type-simple"},"acf":[],"yoast_head":"<!-- This site is optimized with the Yoast SEO plugin v27.1.1 - https:\/\/yoast.com\/product\/yoast-seo-wordpress\/ -->\n<title>Cat Tree Scratch Post | Cat Tower Tree Manufacturer - Petstar<\/title>\n<meta name=\"description\" content=\"Explore Cat Tree Scratch Post from pet products supplier. Petstar is a global pet supplies manufacturer. Your ideal business solution with Petstar.\" \/>\n<meta name=\"robots\" content=\"index, follow, max-snippet:-1, max-image-preview:large, max-video-preview:-1\" \/>\n<link rel=\"canonical\" href=\"https:\/\/petproducts.com.cn\/pt\/produto\/cat-tree-scratch-post-animal-shape-kitty-toy-small-sisal-cat-scratcher-post\/\" \/>\n<meta property=\"og:locale\" content=\"pt_PT\" \/>\n<meta property=\"og:type\" content=\"article\" \/>\n<meta property=\"og:title\" content=\"Cat Tree Scratch Post | Cat Tower Tree Manufacturer - Petstar\" \/>\n<meta property=\"og:description\" content=\"Explore Cat Tree Scratch Post from pet products supplier. Petstar is a global pet supplies manufacturer. Your ideal business solution with Petstar.\" \/>\n<meta property=\"og:url\" content=\"https:\/\/petproducts.com.cn\/pt\/produto\/cat-tree-scratch-post-animal-shape-kitty-toy-small-sisal-cat-scratcher-post\/\" \/>\n<meta property=\"og:site_name\" content=\"Petstar\" \/>\n<meta property=\"article:modified_time\" content=\"2025-01-20T02:49:17+00:00\" \/>\n<meta property=\"og:image\" content=\"https:\/\/petproducts.com.cn\/wp-content\/uploads\/2025\/01\/cat-tree-scratch-posts.webp\" \/>\n\t<meta property=\"og:image:width\" content=\"1000\" \/>\n\t<meta property=\"og:image:height\" content=\"1000\" \/>\n\t<meta property=\"og:image:type\" content=\"image\/webp\" \/>\n<meta name=\"twitter:card\" content=\"summary_large_image\" \/>\n<meta name=\"twitter:label1\" content=\"Tempo estimado de leitura\" \/>\n\t<meta name=\"twitter:data1\" content=\"2 minutos\" \/>\n<script type=\"application\/ld+json\" class=\"yoast-schema-graph\">{\"@context\":\"https:\/\/schema.org\",\"@graph\":[{\"@type\":\"WebPage\",\"@id\":\"https:\/\/petproducts.com.cn\/product\/cat-tree-scratch-post-animal-shape-kitty-toy-small-sisal-cat-scratcher-post\/\",\"url\":\"https:\/\/petproducts.com.cn\/product\/cat-tree-scratch-post-animal-shape-kitty-toy-small-sisal-cat-scratcher-post\/\",\"name\":\"Cat Tree Scratch Post | Cat Tower Tree Manufacturer - Petstar\",\"isPartOf\":{\"@id\":\"https:\/\/petproducts.com.cn\/#website\"},\"primaryImageOfPage\":{\"@id\":\"https:\/\/petproducts.com.cn\/product\/cat-tree-scratch-post-animal-shape-kitty-toy-small-sisal-cat-scratcher-post\/#primaryimage\"},\"image\":{\"@id\":\"https:\/\/petproducts.com.cn\/product\/cat-tree-scratch-post-animal-shape-kitty-toy-small-sisal-cat-scratcher-post\/#primaryimage\"},\"thumbnailUrl\":\"https:\/\/petproducts.com.cn\/wp-content\/uploads\/2025\/01\/cat-tree-scratch-posts.webp\",\"datePublished\":\"2025-01-20T02:26:12+00:00\",\"dateModified\":\"2025-01-20T02:49:17+00:00\",\"description\":\"Explore Cat Tree Scratch Post from pet products supplier. Petstar is a global pet supplies manufacturer. Your ideal business solution with Petstar.\",\"breadcrumb\":{\"@id\":\"https:\/\/petproducts.com.cn\/product\/cat-tree-scratch-post-animal-shape-kitty-toy-small-sisal-cat-scratcher-post\/#breadcrumb\"},\"inLanguage\":\"pt-PT\",\"potentialAction\":[{\"@type\":\"ReadAction\",\"target\":[\"https:\/\/petproducts.com.cn\/product\/cat-tree-scratch-post-animal-shape-kitty-toy-small-sisal-cat-scratcher-post\/\"]}]},{\"@type\":\"ImageObject\",\"inLanguage\":\"pt-PT\",\"@id\":\"https:\/\/petproducts.com.cn\/product\/cat-tree-scratch-post-animal-shape-kitty-toy-small-sisal-cat-scratcher-post\/#primaryimage\",\"url\":\"https:\/\/petproducts.com.cn\/wp-content\/uploads\/2025\/01\/cat-tree-scratch-posts.webp\",\"contentUrl\":\"https:\/\/petproducts.com.cn\/wp-content\/uploads\/2025\/01\/cat-tree-scratch-posts.webp\",\"width\":1000,\"height\":1000,\"caption\":\"cat tree scratch posts\"},{\"@type\":\"BreadcrumbList\",\"@id\":\"https:\/\/petproducts.com.cn\/product\/cat-tree-scratch-post-animal-shape-kitty-toy-small-sisal-cat-scratcher-post\/#breadcrumb\",\"itemListElement\":[{\"@type\":\"ListItem\",\"position\":1,\"name\":\"HOME\",\"item\":\"https:\/\/petproducts.com.cn\/\"},{\"@type\":\"ListItem\",\"position\":2,\"name\":\"Products\",\"item\":\"https:\/\/petproducts.com.cn\/shop\/\"},{\"@type\":\"ListItem\",\"position\":3,\"name\":\"Cat Trees &amp; Furniture\",\"item\":\"https:\/\/petproducts.com.cn\/product-category\/cat-trees-furniture\/\"},{\"@type\":\"ListItem\",\"position\":4,\"name\":\"Cat Tree Scratch Post Animal Shape Kitty Toy Small Sisal Cat Scratcher Post\"}]},{\"@type\":\"WebSite\",\"@id\":\"https:\/\/petproducts.com.cn\/#website\",\"url\":\"https:\/\/petproducts.com.cn\/\",\"name\":\"Petstar\",\"description\":\"Leading Pet Supplies Manufacturer &amp; OEM Pet Products Supplier\",\"publisher\":{\"@id\":\"https:\/\/petproducts.com.cn\/#organization\"},\"alternateName\":\"Petstar Pet Supplies\",\"potentialAction\":[{\"@type\":\"SearchAction\",\"target\":{\"@type\":\"EntryPoint\",\"urlTemplate\":\"https:\/\/petproducts.com.cn\/?s={search_term_string}\"},\"query-input\":{\"@type\":\"PropertyValueSpecification\",\"valueRequired\":true,\"valueName\":\"search_term_string\"}}],\"inLanguage\":\"pt-PT\"},{\"@type\":\"Organization\",\"@id\":\"https:\/\/petproducts.com.cn\/#organization\",\"name\":\"Petstar\",\"url\":\"https:\/\/petproducts.com.cn\/\",\"logo\":{\"@type\":\"ImageObject\",\"inLanguage\":\"pt-PT\",\"@id\":\"https:\/\/petproducts.com.cn\/#\/schema\/logo\/image\/\",\"url\":\"https:\/\/petproducts.com.cn\/wp-content\/uploads\/2020\/02\/petstar-logo.webp\",\"contentUrl\":\"https:\/\/petproducts.com.cn\/wp-content\/uploads\/2020\/02\/petstar-logo.webp\",\"width\":779,\"height\":520,\"caption\":\"Petstar\"},\"image\":{\"@id\":\"https:\/\/petproducts.com.cn\/#\/schema\/logo\/image\/\"}}]}<\/script>\n<!-- \/ Yoast SEO plugin. -->","yoast_head_json":{"title":"\u00c1rvore para gatos Arranhador | Torre para gatos Fabricante da \u00e1rvore - Petstar","description":"Explore Cat Tree Scratch Post do fornecedor de produtos para animais de estima\u00e7\u00e3o. Petstar \u00e9 um fabricante global de artigos para animais de estima\u00e7\u00e3o. A sua solu\u00e7\u00e3o de neg\u00f3cio ideal com Petstar.","robots":{"index":"index","follow":"follow","max-snippet":"max-snippet:-1","max-image-preview":"max-image-preview:large","max-video-preview":"max-video-preview:-1"},"canonical":"https:\/\/petproducts.com.cn\/pt\/produto\/cat-tree-scratch-post-animal-shape-kitty-toy-small-sisal-cat-scratcher-post\/","og_locale":"pt_PT","og_type":"article","og_title":"Cat Tree Scratch Post | Cat Tower Tree Manufacturer - Petstar","og_description":"Explore Cat Tree Scratch Post from pet products supplier. Petstar is a global pet supplies manufacturer. Your ideal business solution with Petstar.","og_url":"https:\/\/petproducts.com.cn\/pt\/produto\/cat-tree-scratch-post-animal-shape-kitty-toy-small-sisal-cat-scratcher-post\/","og_site_name":"Petstar","article_modified_time":"2025-01-20T02:49:17+00:00","og_image":[{"width":1000,"height":1000,"url":"https:\/\/petproducts.com.cn\/wp-content\/uploads\/2025\/01\/cat-tree-scratch-posts.webp","type":"image\/webp"}],"twitter_card":"summary_large_image","twitter_misc":{"Tempo estimado de leitura":"2 minutos"},"schema":{"@context":"https:\/\/schema.org","@graph":[{"@type":"WebPage","@id":"https:\/\/petproducts.com.cn\/product\/cat-tree-scratch-post-animal-shape-kitty-toy-small-sisal-cat-scratcher-post\/","url":"https:\/\/petproducts.com.cn\/product\/cat-tree-scratch-post-animal-shape-kitty-toy-small-sisal-cat-scratcher-post\/","name":"\u00c1rvore para gatos Arranhador | Torre para gatos Fabricante da \u00e1rvore - Petstar","isPartOf":{"@id":"https:\/\/petproducts.com.cn\/#website"},"primaryImageOfPage":{"@id":"https:\/\/petproducts.com.cn\/product\/cat-tree-scratch-post-animal-shape-kitty-toy-small-sisal-cat-scratcher-post\/#primaryimage"},"image":{"@id":"https:\/\/petproducts.com.cn\/product\/cat-tree-scratch-post-animal-shape-kitty-toy-small-sisal-cat-scratcher-post\/#primaryimage"},"thumbnailUrl":"https:\/\/petproducts.com.cn\/wp-content\/uploads\/2025\/01\/cat-tree-scratch-posts.webp","datePublished":"2025-01-20T02:26:12+00:00","dateModified":"2025-01-20T02:49:17+00:00","description":"Explore Cat Tree Scratch Post do fornecedor de produtos para animais de estima\u00e7\u00e3o. Petstar \u00e9 um fabricante global de artigos para animais de estima\u00e7\u00e3o. A sua solu\u00e7\u00e3o de neg\u00f3cio ideal com Petstar.","breadcrumb":{"@id":"https:\/\/petproducts.com.cn\/product\/cat-tree-scratch-post-animal-shape-kitty-toy-small-sisal-cat-scratcher-post\/#breadcrumb"},"inLanguage":"pt-PT","potentialAction":[{"@type":"ReadAction","target":["https:\/\/petproducts.com.cn\/product\/cat-tree-scratch-post-animal-shape-kitty-toy-small-sisal-cat-scratcher-post\/"]}]},{"@type":"ImageObject","inLanguage":"pt-PT","@id":"https:\/\/petproducts.com.cn\/product\/cat-tree-scratch-post-animal-shape-kitty-toy-small-sisal-cat-scratcher-post\/#primaryimage","url":"https:\/\/petproducts.com.cn\/wp-content\/uploads\/2025\/01\/cat-tree-scratch-posts.webp","contentUrl":"https:\/\/petproducts.com.cn\/wp-content\/uploads\/2025\/01\/cat-tree-scratch-posts.webp","width":1000,"height":1000,"caption":"cat tree scratch posts"},{"@type":"BreadcrumbList","@id":"https:\/\/petproducts.com.cn\/product\/cat-tree-scratch-post-animal-shape-kitty-toy-small-sisal-cat-scratcher-post\/#breadcrumb","itemListElement":[{"@type":"ListItem","position":1,"name":"HOME","item":"https:\/\/petproducts.com.cn\/"},{"@type":"ListItem","position":2,"name":"Products","item":"https:\/\/petproducts.com.cn\/shop\/"},{"@type":"ListItem","position":3,"name":"Cat Trees &amp; Furniture","item":"https:\/\/petproducts.com.cn\/product-category\/cat-trees-furniture\/"},{"@type":"ListItem","position":4,"name":"Cat Tree Scratch Post Animal Shape Kitty Toy Small Sisal Cat Scratcher Post"}]},{"@type":"WebSite","@id":"https:\/\/petproducts.com.cn\/#website","url":"https:\/\/petproducts.com.cn\/","name":"Petstar","description":"Fabricante l\u00edder de artigos para animais de estima\u00e7\u00e3o e fornecedor de produtos OEM para animais de estima\u00e7\u00e3o","publisher":{"@id":"https:\/\/petproducts.com.cn\/#organization"},"alternateName":"Petstar Pet Supplies","potentialAction":[{"@type":"SearchAction","target":{"@type":"EntryPoint","urlTemplate":"https:\/\/petproducts.com.cn\/?s={search_term_string}"},"query-input":{"@type":"PropertyValueSpecification","valueRequired":true,"valueName":"search_term_string"}}],"inLanguage":"pt-PT"},{"@type":"Organization","@id":"https:\/\/petproducts.com.cn\/#organization","name":"Petstar","url":"https:\/\/petproducts.com.cn\/","logo":{"@type":"ImageObject","inLanguage":"pt-PT","@id":"https:\/\/petproducts.com.cn\/#\/schema\/logo\/image\/","url":"https:\/\/petproducts.com.cn\/wp-content\/uploads\/2020\/02\/petstar-logo.webp","contentUrl":"https:\/\/petproducts.com.cn\/wp-content\/uploads\/2020\/02\/petstar-logo.webp","width":779,"height":520,"caption":"Petstar"},"image":{"@id":"https:\/\/petproducts.com.cn\/#\/schema\/logo\/image\/"}}]}},"_links":{"self":[{"href":"https:\/\/petproducts.com.cn\/pt\/wp-json\/wp\/v2\/product\/31531","targetHints":{"allow":["GET"]}}],"collection":[{"href":"https:\/\/petproducts.com.cn\/pt\/wp-json\/wp\/v2\/product"}],"about":[{"href":"https:\/\/petproducts.com.cn\/pt\/wp-json\/wp\/v2\/types\/product"}],"version-history":[{"count":4,"href":"https:\/\/petproducts.com.cn\/pt\/wp-json\/wp\/v2\/product\/31531\/revisions"}],"predecessor-version":[{"id":31555,"href":"https:\/\/petproducts.com.cn\/pt\/wp-json\/wp\/v2\/product\/31531\/revisions\/31555"}],"wp:featuredmedia":[{"embeddable":true,"href":"https:\/\/petproducts.com.cn\/pt\/wp-json\/wp\/v2\/media\/31536"}],"wp:attachment":[{"href":"https:\/\/petproducts.com.cn\/pt\/wp-json\/wp\/v2\/media?parent=31531"}],"wp:term":[{"taxonomy":"product_brand","embeddable":true,"href":"https:\/\/petproducts.com.cn\/pt\/wp-json\/wp\/v2\/product_brand?post=31531"},{"taxonomy":"product_cat","embeddable":true,"href":"https:\/\/petproducts.com.cn\/pt\/wp-json\/wp\/v2\/product_cat?post=31531"},{"taxonomy":"product_tag","embeddable":true,"href":"https:\/\/petproducts.com.cn\/pt\/wp-json\/wp\/v2\/product_tag?post=31531"}],"curies":[{"name":"wp","href":"https:\/\/api.w.org\/{rel}","templated":true}]}}