{"id":31631,"date":"2025-01-21T10:25:27","date_gmt":"2025-01-21T10:25:27","guid":{"rendered":"https:\/\/petproducts.com.cn\/?post_type=product&#038;p=31631"},"modified":"2025-01-21T10:31:56","modified_gmt":"2025-01-21T10:31:56","slug":"dog-travel-mats-outdoor-pet-bed-waterproof-portable-folding-dog-bed","status":"publish","type":"product","link":"https:\/\/petproducts.com.cn\/pt\/product\/dog-travel-mats-outdoor-pet-bed-waterproof-portable-folding-dog-bed\/","title":{"rendered":"Tapetes de viagem para c\u00e3es Cama para animais de estima\u00e7\u00e3o ao ar livre Cama para c\u00e3es dobr\u00e1vel \u00e0 prova de \u00e1gua"},"content":{"rendered":"<h2>Carater\u00edsticas das esteiras de viagem para c\u00e3es<\/h2>\n<ul>\n<li><strong>Design compacto e dobr\u00e1vel<\/strong>: A cama tem um design dobr\u00e1vel, o que a torna f\u00e1cil de enrolar e guardar. A sua forma compacta garante uma f\u00e1cil portabilidade, permitindo viajar sem stress.<\/li>\n<li><strong>Imperme\u00e1vel e dur\u00e1vel<\/strong>: Fabricada com tecido imperme\u00e1vel, esta cama mant\u00e9m os animais de estima\u00e7\u00e3o secos e confort\u00e1veis, mesmo quando colocados em superf\u00edcies h\u00famidas. O material dur\u00e1vel garante a sua resist\u00eancia aos elementos exteriores.<\/li>\n<li><strong>Port\u00e1til e c\u00f3modo<\/strong>: Equipada com pegas, a cama \u00e9 f\u00e1cil de transportar. Basta agarrar na pega, enrol\u00e1-la e partir. \u00c9 a companhia perfeita para acampar, ir \u00e0 praia ou qualquer aventura ao ar livre.<\/li>\n<li><strong>Confort\u00e1vel e macio<\/strong>: Com uma superf\u00edcie almofadada, esta cama para c\u00e3es proporciona um local de descanso confort\u00e1vel. O tecido macio ajuda a manter os animais de estima\u00e7\u00e3o relaxados enquanto descansam, garantindo uma experi\u00eancia acolhedora.<\/li>\n<li><strong>Vers\u00e1til e pr\u00e1tico<\/strong>: Adequada para utiliza\u00e7\u00e3o no interior e no exterior, a cama \u00e9 ideal para viagens, para descansar ao ar livre ou como um local confort\u00e1vel em casa. \u00c9 suficientemente vers\u00e1til para animais de estima\u00e7\u00e3o de todos os tamanhos.<\/li>\n<\/ul>\n<p style=\"text-align: center;\"><em><strong>F<\/strong><\/em><em><strong>ou mais <a href=\"https:\/\/petproducts.com.cn\/pt\/wholesale-dog-beds\/\">c\u00e3o\u00a0<\/a><\/strong><\/em><em><strong><a href=\"https:\/\/petproducts.com.cn\/pt\/wholesale-dog-beds\/\">camas<\/a> &amp; <a href=\"https:\/\/petproducts.com.cn\/pt\/wholesale-cat-beds\/\">camas para gatos<\/a>, por favor <a href=\"https:\/\/petproducts.com.cn\/pt\/contactar-nos\/\">Contate-nos<\/a>!<\/strong><\/em><\/p>","protected":false},"excerpt":{"rendered":"<p>A Dog Travel Mats Outdoor Pet Bed combina conforto, comodidade e durabilidade, garantindo que os animais de estima\u00e7\u00e3o desfrutem do melhor descanso onde quer que estejam.<\/p>","protected":false},"featured_media":31640,"template":"","meta":{"_acf_changed":false},"product_brand":[],"product_cat":[58,71,57,72],"product_tag":[190,203,250,189],"class_list":{"0":"post-31631","1":"product","2":"type-product","3":"status-publish","4":"has-post-thumbnail","6":"product_cat-cat-beds","7":"product_cat-cat-supplies","8":"product_cat-dog-beds","9":"product_cat-dog-supplies","10":"product_tag-outdoor-pet-beds","11":"product_tag-pet-beds","12":"product_tag-pet-mat-beds","13":"product_tag-waterproof-pet-beds","15":"first","16":"instock","17":"shipping-taxable","18":"product-type-simple"},"acf":[],"yoast_head":"<!-- This site is optimized with the Yoast SEO plugin v27.1.1 - https:\/\/yoast.com\/product\/yoast-seo-wordpress\/ -->\n<title>Dog Travel Mats | Folding Pet Bed Manufacturer - Petstar<\/title>\n<meta name=\"description\" content=\"Explore Dog Travel Mats from the best pet products supplier. Petstar is a global pet products manufacturer. Your ideal business solution with Petstar.\" \/>\n<meta name=\"robots\" content=\"index, follow, max-snippet:-1, max-image-preview:large, max-video-preview:-1\" \/>\n<link rel=\"canonical\" href=\"https:\/\/petproducts.com.cn\/pt\/produto\/dog-travel-mats-outdoor-pet-bed-waterproof-portable-folding-dog-bed\/\" \/>\n<meta property=\"og:locale\" content=\"pt_PT\" \/>\n<meta property=\"og:type\" content=\"article\" \/>\n<meta property=\"og:title\" content=\"Dog Travel Mats | Folding Pet Bed Manufacturer - Petstar\" \/>\n<meta property=\"og:description\" content=\"Explore Dog Travel Mats from the best pet products supplier. Petstar is a global pet products manufacturer. Your ideal business solution with Petstar.\" \/>\n<meta property=\"og:url\" content=\"https:\/\/petproducts.com.cn\/pt\/produto\/dog-travel-mats-outdoor-pet-bed-waterproof-portable-folding-dog-bed\/\" \/>\n<meta property=\"og:site_name\" content=\"Petstar\" \/>\n<meta property=\"article:modified_time\" content=\"2025-01-21T10:31:56+00:00\" \/>\n<meta property=\"og:image\" content=\"https:\/\/petproducts.com.cn\/wp-content\/uploads\/2025\/01\/Wholesale-Dog-Travel-Mats.webp\" \/>\n\t<meta property=\"og:image:width\" content=\"1000\" \/>\n\t<meta property=\"og:image:height\" content=\"1000\" \/>\n\t<meta property=\"og:image:type\" content=\"image\/webp\" \/>\n<meta name=\"twitter:card\" content=\"summary_large_image\" \/>\n<meta name=\"twitter:label1\" content=\"Tempo estimado de leitura\" \/>\n\t<meta name=\"twitter:data1\" content=\"1 minuto\" \/>\n<script type=\"application\/ld+json\" class=\"yoast-schema-graph\">{\"@context\":\"https:\/\/schema.org\",\"@graph\":[{\"@type\":\"WebPage\",\"@id\":\"https:\/\/petproducts.com.cn\/product\/dog-travel-mats-outdoor-pet-bed-waterproof-portable-folding-dog-bed\/\",\"url\":\"https:\/\/petproducts.com.cn\/product\/dog-travel-mats-outdoor-pet-bed-waterproof-portable-folding-dog-bed\/\",\"name\":\"Dog Travel Mats | Folding Pet Bed Manufacturer - Petstar\",\"isPartOf\":{\"@id\":\"https:\/\/petproducts.com.cn\/#website\"},\"primaryImageOfPage\":{\"@id\":\"https:\/\/petproducts.com.cn\/product\/dog-travel-mats-outdoor-pet-bed-waterproof-portable-folding-dog-bed\/#primaryimage\"},\"image\":{\"@id\":\"https:\/\/petproducts.com.cn\/product\/dog-travel-mats-outdoor-pet-bed-waterproof-portable-folding-dog-bed\/#primaryimage\"},\"thumbnailUrl\":\"https:\/\/petproducts.com.cn\/wp-content\/uploads\/2025\/01\/Wholesale-Dog-Travel-Mats.webp\",\"datePublished\":\"2025-01-21T10:25:27+00:00\",\"dateModified\":\"2025-01-21T10:31:56+00:00\",\"description\":\"Explore Dog Travel Mats from the best pet products supplier. Petstar is a global pet products manufacturer. Your ideal business solution with Petstar.\",\"breadcrumb\":{\"@id\":\"https:\/\/petproducts.com.cn\/product\/dog-travel-mats-outdoor-pet-bed-waterproof-portable-folding-dog-bed\/#breadcrumb\"},\"inLanguage\":\"pt-PT\",\"potentialAction\":[{\"@type\":\"ReadAction\",\"target\":[\"https:\/\/petproducts.com.cn\/product\/dog-travel-mats-outdoor-pet-bed-waterproof-portable-folding-dog-bed\/\"]}]},{\"@type\":\"ImageObject\",\"inLanguage\":\"pt-PT\",\"@id\":\"https:\/\/petproducts.com.cn\/product\/dog-travel-mats-outdoor-pet-bed-waterproof-portable-folding-dog-bed\/#primaryimage\",\"url\":\"https:\/\/petproducts.com.cn\/wp-content\/uploads\/2025\/01\/Wholesale-Dog-Travel-Mats.webp\",\"contentUrl\":\"https:\/\/petproducts.com.cn\/wp-content\/uploads\/2025\/01\/Wholesale-Dog-Travel-Mats.webp\",\"width\":1000,\"height\":1000,\"caption\":\"Wholesale Dog Travel Mats\"},{\"@type\":\"BreadcrumbList\",\"@id\":\"https:\/\/petproducts.com.cn\/product\/dog-travel-mats-outdoor-pet-bed-waterproof-portable-folding-dog-bed\/#breadcrumb\",\"itemListElement\":[{\"@type\":\"ListItem\",\"position\":1,\"name\":\"HOME\",\"item\":\"https:\/\/petproducts.com.cn\/\"},{\"@type\":\"ListItem\",\"position\":2,\"name\":\"Products\",\"item\":\"https:\/\/petproducts.com.cn\/shop\/\"},{\"@type\":\"ListItem\",\"position\":3,\"name\":\"Dog Beds\",\"item\":\"https:\/\/petproducts.com.cn\/product-category\/dog-beds\/\"},{\"@type\":\"ListItem\",\"position\":4,\"name\":\"Dog Travel Mats Outdoor Pet Bed Waterproof Portable Folding Dog Bed\"}]},{\"@type\":\"WebSite\",\"@id\":\"https:\/\/petproducts.com.cn\/#website\",\"url\":\"https:\/\/petproducts.com.cn\/\",\"name\":\"Petstar\",\"description\":\"Leading Pet Supplies Manufacturer &amp; OEM Pet Products Supplier\",\"publisher\":{\"@id\":\"https:\/\/petproducts.com.cn\/#organization\"},\"alternateName\":\"Petstar Pet Supplies\",\"potentialAction\":[{\"@type\":\"SearchAction\",\"target\":{\"@type\":\"EntryPoint\",\"urlTemplate\":\"https:\/\/petproducts.com.cn\/?s={search_term_string}\"},\"query-input\":{\"@type\":\"PropertyValueSpecification\",\"valueRequired\":true,\"valueName\":\"search_term_string\"}}],\"inLanguage\":\"pt-PT\"},{\"@type\":\"Organization\",\"@id\":\"https:\/\/petproducts.com.cn\/#organization\",\"name\":\"Petstar\",\"url\":\"https:\/\/petproducts.com.cn\/\",\"logo\":{\"@type\":\"ImageObject\",\"inLanguage\":\"pt-PT\",\"@id\":\"https:\/\/petproducts.com.cn\/#\/schema\/logo\/image\/\",\"url\":\"https:\/\/petproducts.com.cn\/wp-content\/uploads\/2020\/02\/petstar-logo.webp\",\"contentUrl\":\"https:\/\/petproducts.com.cn\/wp-content\/uploads\/2020\/02\/petstar-logo.webp\",\"width\":779,\"height\":520,\"caption\":\"Petstar\"},\"image\":{\"@id\":\"https:\/\/petproducts.com.cn\/#\/schema\/logo\/image\/\"}}]}<\/script>\n<!-- \/ Yoast SEO plugin. -->","yoast_head_json":{"title":"Tapetes de viagem para c\u00e3es | Cama dobr\u00e1vel para animais de estima\u00e7\u00e3o Fabricante - Petstar","description":"Explore Tapetes de viagem para c\u00e3es do melhor fornecedor de produtos para animais de estima\u00e7\u00e3o. Petstar \u00e9 um fabricante global de produtos para animais de estima\u00e7\u00e3o. A sua solu\u00e7\u00e3o de neg\u00f3cio ideal com Petstar.","robots":{"index":"index","follow":"follow","max-snippet":"max-snippet:-1","max-image-preview":"max-image-preview:large","max-video-preview":"max-video-preview:-1"},"canonical":"https:\/\/petproducts.com.cn\/pt\/produto\/dog-travel-mats-outdoor-pet-bed-waterproof-portable-folding-dog-bed\/","og_locale":"pt_PT","og_type":"article","og_title":"Dog Travel Mats | Folding Pet Bed Manufacturer - Petstar","og_description":"Explore Dog Travel Mats from the best pet products supplier. Petstar is a global pet products manufacturer. Your ideal business solution with Petstar.","og_url":"https:\/\/petproducts.com.cn\/pt\/produto\/dog-travel-mats-outdoor-pet-bed-waterproof-portable-folding-dog-bed\/","og_site_name":"Petstar","article_modified_time":"2025-01-21T10:31:56+00:00","og_image":[{"width":1000,"height":1000,"url":"https:\/\/petproducts.com.cn\/wp-content\/uploads\/2025\/01\/Wholesale-Dog-Travel-Mats.webp","type":"image\/webp"}],"twitter_card":"summary_large_image","twitter_misc":{"Tempo estimado de leitura":"1 minuto"},"schema":{"@context":"https:\/\/schema.org","@graph":[{"@type":"WebPage","@id":"https:\/\/petproducts.com.cn\/product\/dog-travel-mats-outdoor-pet-bed-waterproof-portable-folding-dog-bed\/","url":"https:\/\/petproducts.com.cn\/product\/dog-travel-mats-outdoor-pet-bed-waterproof-portable-folding-dog-bed\/","name":"Tapetes de viagem para c\u00e3es | Cama dobr\u00e1vel para animais de estima\u00e7\u00e3o Fabricante - Petstar","isPartOf":{"@id":"https:\/\/petproducts.com.cn\/#website"},"primaryImageOfPage":{"@id":"https:\/\/petproducts.com.cn\/product\/dog-travel-mats-outdoor-pet-bed-waterproof-portable-folding-dog-bed\/#primaryimage"},"image":{"@id":"https:\/\/petproducts.com.cn\/product\/dog-travel-mats-outdoor-pet-bed-waterproof-portable-folding-dog-bed\/#primaryimage"},"thumbnailUrl":"https:\/\/petproducts.com.cn\/wp-content\/uploads\/2025\/01\/Wholesale-Dog-Travel-Mats.webp","datePublished":"2025-01-21T10:25:27+00:00","dateModified":"2025-01-21T10:31:56+00:00","description":"Explore Tapetes de viagem para c\u00e3es do melhor fornecedor de produtos para animais de estima\u00e7\u00e3o. Petstar \u00e9 um fabricante global de produtos para animais de estima\u00e7\u00e3o. A sua solu\u00e7\u00e3o de neg\u00f3cio ideal com Petstar.","breadcrumb":{"@id":"https:\/\/petproducts.com.cn\/product\/dog-travel-mats-outdoor-pet-bed-waterproof-portable-folding-dog-bed\/#breadcrumb"},"inLanguage":"pt-PT","potentialAction":[{"@type":"ReadAction","target":["https:\/\/petproducts.com.cn\/product\/dog-travel-mats-outdoor-pet-bed-waterproof-portable-folding-dog-bed\/"]}]},{"@type":"ImageObject","inLanguage":"pt-PT","@id":"https:\/\/petproducts.com.cn\/product\/dog-travel-mats-outdoor-pet-bed-waterproof-portable-folding-dog-bed\/#primaryimage","url":"https:\/\/petproducts.com.cn\/wp-content\/uploads\/2025\/01\/Wholesale-Dog-Travel-Mats.webp","contentUrl":"https:\/\/petproducts.com.cn\/wp-content\/uploads\/2025\/01\/Wholesale-Dog-Travel-Mats.webp","width":1000,"height":1000,"caption":"Wholesale Dog Travel Mats"},{"@type":"BreadcrumbList","@id":"https:\/\/petproducts.com.cn\/product\/dog-travel-mats-outdoor-pet-bed-waterproof-portable-folding-dog-bed\/#breadcrumb","itemListElement":[{"@type":"ListItem","position":1,"name":"HOME","item":"https:\/\/petproducts.com.cn\/"},{"@type":"ListItem","position":2,"name":"Products","item":"https:\/\/petproducts.com.cn\/shop\/"},{"@type":"ListItem","position":3,"name":"Dog Beds","item":"https:\/\/petproducts.com.cn\/product-category\/dog-beds\/"},{"@type":"ListItem","position":4,"name":"Dog Travel Mats Outdoor Pet Bed Waterproof Portable Folding Dog Bed"}]},{"@type":"WebSite","@id":"https:\/\/petproducts.com.cn\/#website","url":"https:\/\/petproducts.com.cn\/","name":"Petstar","description":"Fabricante l\u00edder de artigos para animais de estima\u00e7\u00e3o e fornecedor de produtos OEM para animais de estima\u00e7\u00e3o","publisher":{"@id":"https:\/\/petproducts.com.cn\/#organization"},"alternateName":"Petstar Pet Supplies","potentialAction":[{"@type":"SearchAction","target":{"@type":"EntryPoint","urlTemplate":"https:\/\/petproducts.com.cn\/?s={search_term_string}"},"query-input":{"@type":"PropertyValueSpecification","valueRequired":true,"valueName":"search_term_string"}}],"inLanguage":"pt-PT"},{"@type":"Organization","@id":"https:\/\/petproducts.com.cn\/#organization","name":"Petstar","url":"https:\/\/petproducts.com.cn\/","logo":{"@type":"ImageObject","inLanguage":"pt-PT","@id":"https:\/\/petproducts.com.cn\/#\/schema\/logo\/image\/","url":"https:\/\/petproducts.com.cn\/wp-content\/uploads\/2020\/02\/petstar-logo.webp","contentUrl":"https:\/\/petproducts.com.cn\/wp-content\/uploads\/2020\/02\/petstar-logo.webp","width":779,"height":520,"caption":"Petstar"},"image":{"@id":"https:\/\/petproducts.com.cn\/#\/schema\/logo\/image\/"}}]}},"_links":{"self":[{"href":"https:\/\/petproducts.com.cn\/pt\/wp-json\/wp\/v2\/product\/31631","targetHints":{"allow":["GET"]}}],"collection":[{"href":"https:\/\/petproducts.com.cn\/pt\/wp-json\/wp\/v2\/product"}],"about":[{"href":"https:\/\/petproducts.com.cn\/pt\/wp-json\/wp\/v2\/types\/product"}],"version-history":[{"count":2,"href":"https:\/\/petproducts.com.cn\/pt\/wp-json\/wp\/v2\/product\/31631\/revisions"}],"predecessor-version":[{"id":31641,"href":"https:\/\/petproducts.com.cn\/pt\/wp-json\/wp\/v2\/product\/31631\/revisions\/31641"}],"wp:featuredmedia":[{"embeddable":true,"href":"https:\/\/petproducts.com.cn\/pt\/wp-json\/wp\/v2\/media\/31640"}],"wp:attachment":[{"href":"https:\/\/petproducts.com.cn\/pt\/wp-json\/wp\/v2\/media?parent=31631"}],"wp:term":[{"taxonomy":"product_brand","embeddable":true,"href":"https:\/\/petproducts.com.cn\/pt\/wp-json\/wp\/v2\/product_brand?post=31631"},{"taxonomy":"product_cat","embeddable":true,"href":"https:\/\/petproducts.com.cn\/pt\/wp-json\/wp\/v2\/product_cat?post=31631"},{"taxonomy":"product_tag","embeddable":true,"href":"https:\/\/petproducts.com.cn\/pt\/wp-json\/wp\/v2\/product_tag?post=31631"}],"curies":[{"name":"wp","href":"https:\/\/api.w.org\/{rel}","templated":true}]}}