{"id":32025,"date":"2025-02-19T03:05:16","date_gmt":"2025-02-19T03:05:16","guid":{"rendered":"https:\/\/petproducts.com.cn\/?post_type=product&#038;p=32025"},"modified":"2025-02-25T03:14:09","modified_gmt":"2025-02-25T03:14:09","slug":"dog-bed-cozy-soft-non-slip-bottom-imitation-linen-fabric-pet-dog-bed-companies","status":"publish","type":"product","link":"https:\/\/petproducts.com.cn\/pt\/product\/dog-bed-cozy-soft-non-slip-bottom-imitation-linen-fabric-pet-dog-bed-companies\/","title":{"rendered":"Cama de c\u00e3o aconchegante e macia com fundo antiderrapante Imita\u00e7\u00e3o de tecido de linho Cama de c\u00e3o para animais de estima\u00e7\u00e3o Empresas"},"content":{"rendered":"<h2>Caracter\u00edsticas da cama para c\u00e3es Cozy<\/h2>\n<ul>\n<li data-start=\"321\" data-end=\"616\">\n<p data-start=\"324\" data-end=\"616\"><strong data-start=\"324\" data-end=\"350\">Tecido de imita\u00e7\u00e3o de linho<\/strong>O tecido de imita\u00e7\u00e3o de linho proporciona uma superf\u00edcie macia, mas resistente, para os animais de estima\u00e7\u00e3o se deitarem. A sua textura confere \u00e0 Dog Bed Cozy um toque luxuoso, oferecendo conforto e mantendo a praticidade. O material \u00e9 f\u00e1cil de limpar e resistente ao desgaste, garantindo uma utiliza\u00e7\u00e3o duradoura.<\/p>\n<\/li>\n<li data-start=\"618\" data-end=\"909\">\n<p data-start=\"621\" data-end=\"909\"><strong data-start=\"621\" data-end=\"644\">Cores personaliz\u00e1veis<\/strong>Esta cama para c\u00e3es oferece cores personalizadas para combinar com qualquer decora\u00e7\u00e3o. Seja em uma casa, loja de animais ou espa\u00e7o de varejo, esta op\u00e7\u00e3o personaliz\u00e1vel permite que as empresas atendam \u00e0s necessidades espec\u00edficas dos clientes que preferem camas que se integram perfeitamente aos seus espa\u00e7os de conviv\u00eancia.<\/p>\n<\/li>\n<li data-start=\"911\" data-end=\"1184\">\n<p data-start=\"914\" data-end=\"1184\"><strong data-start=\"914\" data-end=\"933\">Fundo antiderrapante<\/strong>: A base antiderrapante proporciona maior estabilidade, impedindo que a cama deslize pelo ch\u00e3o, mesmo durante movimentos mais ativos. Esta caracter\u00edstica garante que os animais de estima\u00e7\u00e3o possam desfrutar do seu descanso sem que a cama se desloque, tornando-a mais segura e confort\u00e1vel.<\/p>\n<\/li>\n<li data-start=\"1186\" data-end=\"1424\">\n<p data-start=\"1189\" data-end=\"1424\"><strong data-start=\"1189\" data-end=\"1213\">Suave e confort\u00e1vel<\/strong>: O acolchoamento macio da cama oferece amplo apoio para os animais de estima\u00e7\u00e3o descansarem confortavelmente. Quer estejam enrolados para uma sesta ou a relaxar, esta cama oferece o conforto ideal para c\u00e3es de todos os tamanhos.<\/p>\n<\/li>\n<li data-start=\"1426\" data-end=\"1736\">\n<p data-start=\"1429\" data-end=\"1736\"><strong data-start=\"1429\" data-end=\"1458\">Design simples e elegante<\/strong>: O design simples e moderno garante que a cama n\u00e3o seja apenas funcional, mas tamb\u00e9m uma adi\u00e7\u00e3o elegante a qualquer divis\u00e3o. O design elegante adapta-se facilmente a v\u00e1rios estilos de casa, enquanto o tecido e a constru\u00e7\u00e3o de alta qualidade tornam-na um produto atraente para donos de animais de estima\u00e7\u00e3o e retalhistas.<\/p>\n<\/li>\n<\/ul>\n<div id='gallery-1' class='gallery galleryid-32025 gallery-columns-3 gallery-size-medium'><figure class='gallery-item'>\n\t\t\t<div class='gallery-icon landscape'>\n\t\t\t\t<img fetchpriority=\"high\" decoding=\"async\" width=\"300\" height=\"300\" src=\"https:\/\/petproducts.com.cn\/wp-content\/uploads\/2025\/02\/3.-Supplier-Dog-Bed-Cozy-300x300.webp\" class=\"attachment-medium size-medium\" alt=\"Fornecedor Cama para c\u00e3es Cozy\" srcset=\"https:\/\/petproducts.com.cn\/wp-content\/uploads\/2025\/02\/3.-Supplier-Dog-Bed-Cozy-300x300.webp 300w, https:\/\/petproducts.com.cn\/wp-content\/uploads\/2025\/02\/3.-Supplier-Dog-Bed-Cozy-150x150.webp 150w, https:\/\/petproducts.com.cn\/wp-content\/uploads\/2025\/02\/3.-Supplier-Dog-Bed-Cozy-768x768.webp 768w, https:\/\/petproducts.com.cn\/wp-content\/uploads\/2025\/02\/3.-Supplier-Dog-Bed-Cozy-12x12.webp 12w, https:\/\/petproducts.com.cn\/wp-content\/uploads\/2025\/02\/3.-Supplier-Dog-Bed-Cozy-600x600.webp 600w, https:\/\/petproducts.com.cn\/wp-content\/uploads\/2025\/02\/3.-Supplier-Dog-Bed-Cozy-100x100.webp 100w, https:\/\/petproducts.com.cn\/wp-content\/uploads\/2025\/02\/3.-Supplier-Dog-Bed-Cozy.webp 1000w\" sizes=\"(max-width: 300px) 100vw, 300px\" \/>\n\t\t\t<\/div><\/figure><figure class='gallery-item'>\n\t\t\t<div class='gallery-icon landscape'>\n\t\t\t\t<img decoding=\"async\" width=\"300\" height=\"300\" src=\"https:\/\/petproducts.com.cn\/wp-content\/uploads\/2025\/02\/5.-Manufacturer-Dog-Bed-Cozy-300x300.webp\" class=\"attachment-medium size-medium\" alt=\"Fabricante Cama para c\u00e3es Cozy\" srcset=\"https:\/\/petproducts.com.cn\/wp-content\/uploads\/2025\/02\/5.-Manufacturer-Dog-Bed-Cozy-300x300.webp 300w, https:\/\/petproducts.com.cn\/wp-content\/uploads\/2025\/02\/5.-Manufacturer-Dog-Bed-Cozy-150x150.webp 150w, https:\/\/petproducts.com.cn\/wp-content\/uploads\/2025\/02\/5.-Manufacturer-Dog-Bed-Cozy-768x768.webp 768w, https:\/\/petproducts.com.cn\/wp-content\/uploads\/2025\/02\/5.-Manufacturer-Dog-Bed-Cozy-12x12.webp 12w, https:\/\/petproducts.com.cn\/wp-content\/uploads\/2025\/02\/5.-Manufacturer-Dog-Bed-Cozy-600x600.webp 600w, https:\/\/petproducts.com.cn\/wp-content\/uploads\/2025\/02\/5.-Manufacturer-Dog-Bed-Cozy-100x100.webp 100w, https:\/\/petproducts.com.cn\/wp-content\/uploads\/2025\/02\/5.-Manufacturer-Dog-Bed-Cozy.webp 1000w\" sizes=\"(max-width: 300px) 100vw, 300px\" \/>\n\t\t\t<\/div><\/figure><figure class='gallery-item'>\n\t\t\t<div class='gallery-icon landscape'>\n\t\t\t\t<img decoding=\"async\" width=\"300\" height=\"300\" src=\"https:\/\/petproducts.com.cn\/wp-content\/uploads\/2025\/02\/1.-Dog-Bed-Cozy-300x300.webp\" class=\"attachment-medium size-medium\" alt=\"Cama para c\u00e3es Cozy\" srcset=\"https:\/\/petproducts.com.cn\/wp-content\/uploads\/2025\/02\/1.-Dog-Bed-Cozy-300x300.webp 300w, https:\/\/petproducts.com.cn\/wp-content\/uploads\/2025\/02\/1.-Dog-Bed-Cozy-150x150.webp 150w, https:\/\/petproducts.com.cn\/wp-content\/uploads\/2025\/02\/1.-Dog-Bed-Cozy-768x768.webp 768w, https:\/\/petproducts.com.cn\/wp-content\/uploads\/2025\/02\/1.-Dog-Bed-Cozy-12x12.webp 12w, https:\/\/petproducts.com.cn\/wp-content\/uploads\/2025\/02\/1.-Dog-Bed-Cozy-600x600.webp 600w, https:\/\/petproducts.com.cn\/wp-content\/uploads\/2025\/02\/1.-Dog-Bed-Cozy-100x100.webp 100w, https:\/\/petproducts.com.cn\/wp-content\/uploads\/2025\/02\/1.-Dog-Bed-Cozy.webp 1000w\" sizes=\"(max-width: 300px) 100vw, 300px\" \/>\n\t\t\t<\/div><\/figure><figure class='gallery-item'>\n\t\t\t<div class='gallery-icon landscape'>\n\t\t\t\t<img loading=\"lazy\" decoding=\"async\" width=\"300\" height=\"300\" src=\"https:\/\/petproducts.com.cn\/wp-content\/uploads\/2025\/02\/7.-Top-Dog-Bed-Cozy-300x300.webp\" class=\"attachment-medium size-medium\" alt=\"Cama para c\u00e3es Top Dog Cozy\" srcset=\"https:\/\/petproducts.com.cn\/wp-content\/uploads\/2025\/02\/7.-Top-Dog-Bed-Cozy-300x300.webp 300w, https:\/\/petproducts.com.cn\/wp-content\/uploads\/2025\/02\/7.-Top-Dog-Bed-Cozy-150x150.webp 150w, https:\/\/petproducts.com.cn\/wp-content\/uploads\/2025\/02\/7.-Top-Dog-Bed-Cozy-768x768.webp 768w, https:\/\/petproducts.com.cn\/wp-content\/uploads\/2025\/02\/7.-Top-Dog-Bed-Cozy-12x12.webp 12w, https:\/\/petproducts.com.cn\/wp-content\/uploads\/2025\/02\/7.-Top-Dog-Bed-Cozy-600x600.webp 600w, https:\/\/petproducts.com.cn\/wp-content\/uploads\/2025\/02\/7.-Top-Dog-Bed-Cozy-100x100.webp 100w, https:\/\/petproducts.com.cn\/wp-content\/uploads\/2025\/02\/7.-Top-Dog-Bed-Cozy.webp 1000w\" sizes=\"(max-width: 300px) 100vw, 300px\" \/>\n\t\t\t<\/div><\/figure><figure class='gallery-item'>\n\t\t\t<div class='gallery-icon landscape'>\n\t\t\t\t<img loading=\"lazy\" decoding=\"async\" width=\"300\" height=\"300\" src=\"https:\/\/petproducts.com.cn\/wp-content\/uploads\/2025\/02\/6.-Best-Dog-Bed-Cozy-300x300.webp\" class=\"attachment-medium size-medium\" alt=\"A melhor cama para c\u00e3es Aconchegante\" srcset=\"https:\/\/petproducts.com.cn\/wp-content\/uploads\/2025\/02\/6.-Best-Dog-Bed-Cozy-300x300.webp 300w, https:\/\/petproducts.com.cn\/wp-content\/uploads\/2025\/02\/6.-Best-Dog-Bed-Cozy-150x150.webp 150w, https:\/\/petproducts.com.cn\/wp-content\/uploads\/2025\/02\/6.-Best-Dog-Bed-Cozy-768x768.webp 768w, https:\/\/petproducts.com.cn\/wp-content\/uploads\/2025\/02\/6.-Best-Dog-Bed-Cozy-12x12.webp 12w, https:\/\/petproducts.com.cn\/wp-content\/uploads\/2025\/02\/6.-Best-Dog-Bed-Cozy-600x600.webp 600w, https:\/\/petproducts.com.cn\/wp-content\/uploads\/2025\/02\/6.-Best-Dog-Bed-Cozy-100x100.webp 100w, https:\/\/petproducts.com.cn\/wp-content\/uploads\/2025\/02\/6.-Best-Dog-Bed-Cozy.webp 1000w\" sizes=\"(max-width: 300px) 100vw, 300px\" \/>\n\t\t\t<\/div><\/figure><figure class='gallery-item'>\n\t\t\t<div class='gallery-icon landscape'>\n\t\t\t\t<img loading=\"lazy\" decoding=\"async\" width=\"300\" height=\"300\" src=\"https:\/\/petproducts.com.cn\/wp-content\/uploads\/2025\/02\/2.-Wholesale-Dog-Bed-Cozy-300x300.webp\" class=\"attachment-medium size-medium\" alt=\"Cama para c\u00e3es Cozy por grosso\" srcset=\"https:\/\/petproducts.com.cn\/wp-content\/uploads\/2025\/02\/2.-Wholesale-Dog-Bed-Cozy-300x300.webp 300w, https:\/\/petproducts.com.cn\/wp-content\/uploads\/2025\/02\/2.-Wholesale-Dog-Bed-Cozy-150x150.webp 150w, https:\/\/petproducts.com.cn\/wp-content\/uploads\/2025\/02\/2.-Wholesale-Dog-Bed-Cozy-768x768.webp 768w, https:\/\/petproducts.com.cn\/wp-content\/uploads\/2025\/02\/2.-Wholesale-Dog-Bed-Cozy-12x12.webp 12w, https:\/\/petproducts.com.cn\/wp-content\/uploads\/2025\/02\/2.-Wholesale-Dog-Bed-Cozy-600x600.webp 600w, https:\/\/petproducts.com.cn\/wp-content\/uploads\/2025\/02\/2.-Wholesale-Dog-Bed-Cozy-100x100.webp 100w, https:\/\/petproducts.com.cn\/wp-content\/uploads\/2025\/02\/2.-Wholesale-Dog-Bed-Cozy.webp 1000w\" sizes=\"(max-width: 300px) 100vw, 300px\" \/>\n\t\t\t<\/div><\/figure>\n\t\t<\/div>\n\n<p style=\"text-align: center;\"><em><strong>F<\/strong><\/em><em><strong>ou mais <a href=\"https:\/\/petproducts.com.cn\/pt\/wholesale-dog-beds\/\">c\u00e3o\u00a0<\/a><\/strong><\/em><em><strong><a href=\"https:\/\/petproducts.com.cn\/pt\/wholesale-dog-beds\/\">camas<\/a> &amp; <a href=\"https:\/\/petproducts.com.cn\/pt\/wholesale-cat-beds\/\">camas para gatos<\/a>, por favor <a href=\"https:\/\/petproducts.com.cn\/pt\/contactar-nos\/\">Contate-nos<\/a>!<\/strong><\/em><\/p>","protected":false},"excerpt":{"rendered":"<p>A Dog Bed Cozy \u00e9 uma excelente combina\u00e7\u00e3o de conforto e estilo, com tecido de imita\u00e7\u00e3o de linho, um fundo antiderrapante e cores personaliz\u00e1veis. \u00c9 a escolha perfeita para as empresas que procuram oferecer aos animais de estima\u00e7\u00e3o um espa\u00e7o de repouso acolhedor e seguro.<\/p>","protected":false},"featured_media":32162,"template":"","meta":{"_acf_changed":false},"product_brand":[],"product_cat":[58,71,57,72],"product_tag":[203,162],"class_list":{"0":"post-32025","1":"product","2":"type-product","3":"status-publish","4":"has-post-thumbnail","6":"product_cat-cat-beds","7":"product_cat-cat-supplies","8":"product_cat-dog-beds","9":"product_cat-dog-supplies","10":"product_tag-pet-beds","11":"product_tag-stock-pet-supplies","13":"first","14":"instock","15":"shipping-taxable","16":"product-type-simple"},"acf":[],"yoast_head":"<!-- This site is optimized with the Yoast SEO plugin v27.1.1 - https:\/\/yoast.com\/product\/yoast-seo-wordpress\/ -->\n<title>Dog Bed Cozy | Pet Beds Manufacturer - Petstar<\/title>\n<meta name=\"description\" content=\"Explore Dog Bed Cozy from the best pet products supplier. Petstar is a global pet products manufacturer. Your ideal business solution with Petstar.\" \/>\n<meta name=\"robots\" content=\"index, follow, max-snippet:-1, max-image-preview:large, max-video-preview:-1\" \/>\n<link rel=\"canonical\" href=\"https:\/\/petproducts.com.cn\/pt\/produto\/dog-bed-cozy-soft-non-slip-bottom-imitation-linen-fabric-pet-dog-bed-companies\/\" \/>\n<meta property=\"og:locale\" content=\"pt_PT\" \/>\n<meta property=\"og:type\" content=\"article\" \/>\n<meta property=\"og:title\" content=\"Dog Bed Cozy | Pet Beds Manufacturer - Petstar\" \/>\n<meta property=\"og:description\" content=\"Explore Dog Bed Cozy from the best pet products supplier. Petstar is a global pet products manufacturer. Your ideal business solution with Petstar.\" \/>\n<meta property=\"og:url\" content=\"https:\/\/petproducts.com.cn\/pt\/produto\/dog-bed-cozy-soft-non-slip-bottom-imitation-linen-fabric-pet-dog-bed-companies\/\" \/>\n<meta property=\"og:site_name\" content=\"Petstar\" \/>\n<meta property=\"article:modified_time\" content=\"2025-02-25T03:14:09+00:00\" \/>\n<meta property=\"og:image\" content=\"https:\/\/petproducts.com.cn\/wp-content\/uploads\/2025\/02\/4.-Factory-Dog-Bed-Cozy.webp\" \/>\n\t<meta property=\"og:image:width\" content=\"1000\" \/>\n\t<meta property=\"og:image:height\" content=\"1000\" \/>\n\t<meta property=\"og:image:type\" content=\"image\/webp\" \/>\n<meta name=\"twitter:card\" content=\"summary_large_image\" \/>\n<meta name=\"twitter:label1\" content=\"Tempo estimado de leitura\" \/>\n\t<meta name=\"twitter:data1\" content=\"2 minutos\" \/>\n<script type=\"application\/ld+json\" class=\"yoast-schema-graph\">{\"@context\":\"https:\/\/schema.org\",\"@graph\":[{\"@type\":\"WebPage\",\"@id\":\"https:\/\/petproducts.com.cn\/product\/dog-bed-cozy-soft-non-slip-bottom-imitation-linen-fabric-pet-dog-bed-companies\/\",\"url\":\"https:\/\/petproducts.com.cn\/product\/dog-bed-cozy-soft-non-slip-bottom-imitation-linen-fabric-pet-dog-bed-companies\/\",\"name\":\"Dog Bed Cozy | Pet Beds Manufacturer - Petstar\",\"isPartOf\":{\"@id\":\"https:\/\/petproducts.com.cn\/#website\"},\"primaryImageOfPage\":{\"@id\":\"https:\/\/petproducts.com.cn\/product\/dog-bed-cozy-soft-non-slip-bottom-imitation-linen-fabric-pet-dog-bed-companies\/#primaryimage\"},\"image\":{\"@id\":\"https:\/\/petproducts.com.cn\/product\/dog-bed-cozy-soft-non-slip-bottom-imitation-linen-fabric-pet-dog-bed-companies\/#primaryimage\"},\"thumbnailUrl\":\"https:\/\/petproducts.com.cn\/wp-content\/uploads\/2025\/02\/4.-Factory-Dog-Bed-Cozy.webp\",\"datePublished\":\"2025-02-19T03:05:16+00:00\",\"dateModified\":\"2025-02-25T03:14:09+00:00\",\"description\":\"Explore Dog Bed Cozy from the best pet products supplier. Petstar is a global pet products manufacturer. Your ideal business solution with Petstar.\",\"breadcrumb\":{\"@id\":\"https:\/\/petproducts.com.cn\/product\/dog-bed-cozy-soft-non-slip-bottom-imitation-linen-fabric-pet-dog-bed-companies\/#breadcrumb\"},\"inLanguage\":\"pt-PT\",\"potentialAction\":[{\"@type\":\"ReadAction\",\"target\":[\"https:\/\/petproducts.com.cn\/product\/dog-bed-cozy-soft-non-slip-bottom-imitation-linen-fabric-pet-dog-bed-companies\/\"]}]},{\"@type\":\"ImageObject\",\"inLanguage\":\"pt-PT\",\"@id\":\"https:\/\/petproducts.com.cn\/product\/dog-bed-cozy-soft-non-slip-bottom-imitation-linen-fabric-pet-dog-bed-companies\/#primaryimage\",\"url\":\"https:\/\/petproducts.com.cn\/wp-content\/uploads\/2025\/02\/4.-Factory-Dog-Bed-Cozy.webp\",\"contentUrl\":\"https:\/\/petproducts.com.cn\/wp-content\/uploads\/2025\/02\/4.-Factory-Dog-Bed-Cozy.webp\",\"width\":1000,\"height\":1000,\"caption\":\"Factory Dog Bed Cozy\"},{\"@type\":\"BreadcrumbList\",\"@id\":\"https:\/\/petproducts.com.cn\/product\/dog-bed-cozy-soft-non-slip-bottom-imitation-linen-fabric-pet-dog-bed-companies\/#breadcrumb\",\"itemListElement\":[{\"@type\":\"ListItem\",\"position\":1,\"name\":\"HOME\",\"item\":\"https:\/\/petproducts.com.cn\/\"},{\"@type\":\"ListItem\",\"position\":2,\"name\":\"Products\",\"item\":\"https:\/\/petproducts.com.cn\/shop\/\"},{\"@type\":\"ListItem\",\"position\":3,\"name\":\"Dog Beds\",\"item\":\"https:\/\/petproducts.com.cn\/product-category\/dog-beds\/\"},{\"@type\":\"ListItem\",\"position\":4,\"name\":\"Dog Bed Cozy Soft Non-Slip Bottom Imitation Linen Fabric Pet Dog Bed Companies\"}]},{\"@type\":\"WebSite\",\"@id\":\"https:\/\/petproducts.com.cn\/#website\",\"url\":\"https:\/\/petproducts.com.cn\/\",\"name\":\"Petstar\",\"description\":\"Leading Pet Supplies Manufacturer &amp; OEM Pet Products Supplier\",\"publisher\":{\"@id\":\"https:\/\/petproducts.com.cn\/#organization\"},\"alternateName\":\"Petstar Pet Supplies\",\"potentialAction\":[{\"@type\":\"SearchAction\",\"target\":{\"@type\":\"EntryPoint\",\"urlTemplate\":\"https:\/\/petproducts.com.cn\/?s={search_term_string}\"},\"query-input\":{\"@type\":\"PropertyValueSpecification\",\"valueRequired\":true,\"valueName\":\"search_term_string\"}}],\"inLanguage\":\"pt-PT\"},{\"@type\":\"Organization\",\"@id\":\"https:\/\/petproducts.com.cn\/#organization\",\"name\":\"Petstar\",\"url\":\"https:\/\/petproducts.com.cn\/\",\"logo\":{\"@type\":\"ImageObject\",\"inLanguage\":\"pt-PT\",\"@id\":\"https:\/\/petproducts.com.cn\/#\/schema\/logo\/image\/\",\"url\":\"https:\/\/petproducts.com.cn\/wp-content\/uploads\/2020\/02\/petstar-logo.webp\",\"contentUrl\":\"https:\/\/petproducts.com.cn\/wp-content\/uploads\/2020\/02\/petstar-logo.webp\",\"width\":779,\"height\":520,\"caption\":\"Petstar\"},\"image\":{\"@id\":\"https:\/\/petproducts.com.cn\/#\/schema\/logo\/image\/\"}}]}<\/script>\n<!-- \/ Yoast SEO plugin. -->","yoast_head_json":{"title":"Cama para c\u00e3es aconchegante | Fabricante de camas para animais de estima\u00e7\u00e3o - Petstar","description":"Explore a cama para c\u00e3es Dog Bed Cozy do melhor fornecedor de produtos para animais de estima\u00e7\u00e3o. A Petstar \u00e9 um fabricante global de produtos para animais de estima\u00e7\u00e3o. A sua solu\u00e7\u00e3o de neg\u00f3cios ideal com a Petstar.","robots":{"index":"index","follow":"follow","max-snippet":"max-snippet:-1","max-image-preview":"max-image-preview:large","max-video-preview":"max-video-preview:-1"},"canonical":"https:\/\/petproducts.com.cn\/pt\/produto\/dog-bed-cozy-soft-non-slip-bottom-imitation-linen-fabric-pet-dog-bed-companies\/","og_locale":"pt_PT","og_type":"article","og_title":"Dog Bed Cozy | Pet Beds Manufacturer - Petstar","og_description":"Explore Dog Bed Cozy from the best pet products supplier. Petstar is a global pet products manufacturer. Your ideal business solution with Petstar.","og_url":"https:\/\/petproducts.com.cn\/pt\/produto\/dog-bed-cozy-soft-non-slip-bottom-imitation-linen-fabric-pet-dog-bed-companies\/","og_site_name":"Petstar","article_modified_time":"2025-02-25T03:14:09+00:00","og_image":[{"width":1000,"height":1000,"url":"https:\/\/petproducts.com.cn\/wp-content\/uploads\/2025\/02\/4.-Factory-Dog-Bed-Cozy.webp","type":"image\/webp"}],"twitter_card":"summary_large_image","twitter_misc":{"Tempo estimado de leitura":"2 minutos"},"schema":{"@context":"https:\/\/schema.org","@graph":[{"@type":"WebPage","@id":"https:\/\/petproducts.com.cn\/product\/dog-bed-cozy-soft-non-slip-bottom-imitation-linen-fabric-pet-dog-bed-companies\/","url":"https:\/\/petproducts.com.cn\/product\/dog-bed-cozy-soft-non-slip-bottom-imitation-linen-fabric-pet-dog-bed-companies\/","name":"Cama para c\u00e3es aconchegante | Fabricante de camas para animais de estima\u00e7\u00e3o - Petstar","isPartOf":{"@id":"https:\/\/petproducts.com.cn\/#website"},"primaryImageOfPage":{"@id":"https:\/\/petproducts.com.cn\/product\/dog-bed-cozy-soft-non-slip-bottom-imitation-linen-fabric-pet-dog-bed-companies\/#primaryimage"},"image":{"@id":"https:\/\/petproducts.com.cn\/product\/dog-bed-cozy-soft-non-slip-bottom-imitation-linen-fabric-pet-dog-bed-companies\/#primaryimage"},"thumbnailUrl":"https:\/\/petproducts.com.cn\/wp-content\/uploads\/2025\/02\/4.-Factory-Dog-Bed-Cozy.webp","datePublished":"2025-02-19T03:05:16+00:00","dateModified":"2025-02-25T03:14:09+00:00","description":"Explore a cama para c\u00e3es Dog Bed Cozy do melhor fornecedor de produtos para animais de estima\u00e7\u00e3o. A Petstar \u00e9 um fabricante global de produtos para animais de estima\u00e7\u00e3o. A sua solu\u00e7\u00e3o de neg\u00f3cios ideal com a Petstar.","breadcrumb":{"@id":"https:\/\/petproducts.com.cn\/product\/dog-bed-cozy-soft-non-slip-bottom-imitation-linen-fabric-pet-dog-bed-companies\/#breadcrumb"},"inLanguage":"pt-PT","potentialAction":[{"@type":"ReadAction","target":["https:\/\/petproducts.com.cn\/product\/dog-bed-cozy-soft-non-slip-bottom-imitation-linen-fabric-pet-dog-bed-companies\/"]}]},{"@type":"ImageObject","inLanguage":"pt-PT","@id":"https:\/\/petproducts.com.cn\/product\/dog-bed-cozy-soft-non-slip-bottom-imitation-linen-fabric-pet-dog-bed-companies\/#primaryimage","url":"https:\/\/petproducts.com.cn\/wp-content\/uploads\/2025\/02\/4.-Factory-Dog-Bed-Cozy.webp","contentUrl":"https:\/\/petproducts.com.cn\/wp-content\/uploads\/2025\/02\/4.-Factory-Dog-Bed-Cozy.webp","width":1000,"height":1000,"caption":"Factory Dog Bed Cozy"},{"@type":"BreadcrumbList","@id":"https:\/\/petproducts.com.cn\/product\/dog-bed-cozy-soft-non-slip-bottom-imitation-linen-fabric-pet-dog-bed-companies\/#breadcrumb","itemListElement":[{"@type":"ListItem","position":1,"name":"HOME","item":"https:\/\/petproducts.com.cn\/"},{"@type":"ListItem","position":2,"name":"Products","item":"https:\/\/petproducts.com.cn\/shop\/"},{"@type":"ListItem","position":3,"name":"Dog Beds","item":"https:\/\/petproducts.com.cn\/product-category\/dog-beds\/"},{"@type":"ListItem","position":4,"name":"Dog Bed Cozy Soft Non-Slip Bottom Imitation Linen Fabric Pet Dog Bed Companies"}]},{"@type":"WebSite","@id":"https:\/\/petproducts.com.cn\/#website","url":"https:\/\/petproducts.com.cn\/","name":"Petstar","description":"Fabricante l\u00edder de artigos para animais de estima\u00e7\u00e3o e fornecedor de produtos OEM para animais de estima\u00e7\u00e3o","publisher":{"@id":"https:\/\/petproducts.com.cn\/#organization"},"alternateName":"Petstar Pet Supplies","potentialAction":[{"@type":"SearchAction","target":{"@type":"EntryPoint","urlTemplate":"https:\/\/petproducts.com.cn\/?s={search_term_string}"},"query-input":{"@type":"PropertyValueSpecification","valueRequired":true,"valueName":"search_term_string"}}],"inLanguage":"pt-PT"},{"@type":"Organization","@id":"https:\/\/petproducts.com.cn\/#organization","name":"Petstar","url":"https:\/\/petproducts.com.cn\/","logo":{"@type":"ImageObject","inLanguage":"pt-PT","@id":"https:\/\/petproducts.com.cn\/#\/schema\/logo\/image\/","url":"https:\/\/petproducts.com.cn\/wp-content\/uploads\/2020\/02\/petstar-logo.webp","contentUrl":"https:\/\/petproducts.com.cn\/wp-content\/uploads\/2020\/02\/petstar-logo.webp","width":779,"height":520,"caption":"Petstar"},"image":{"@id":"https:\/\/petproducts.com.cn\/#\/schema\/logo\/image\/"}}]}},"_links":{"self":[{"href":"https:\/\/petproducts.com.cn\/pt\/wp-json\/wp\/v2\/product\/32025","targetHints":{"allow":["GET"]}}],"collection":[{"href":"https:\/\/petproducts.com.cn\/pt\/wp-json\/wp\/v2\/product"}],"about":[{"href":"https:\/\/petproducts.com.cn\/pt\/wp-json\/wp\/v2\/types\/product"}],"version-history":[{"count":4,"href":"https:\/\/petproducts.com.cn\/pt\/wp-json\/wp\/v2\/product\/32025\/revisions"}],"predecessor-version":[{"id":32172,"href":"https:\/\/petproducts.com.cn\/pt\/wp-json\/wp\/v2\/product\/32025\/revisions\/32172"}],"wp:featuredmedia":[{"embeddable":true,"href":"https:\/\/petproducts.com.cn\/pt\/wp-json\/wp\/v2\/media\/32162"}],"wp:attachment":[{"href":"https:\/\/petproducts.com.cn\/pt\/wp-json\/wp\/v2\/media?parent=32025"}],"wp:term":[{"taxonomy":"product_brand","embeddable":true,"href":"https:\/\/petproducts.com.cn\/pt\/wp-json\/wp\/v2\/product_brand?post=32025"},{"taxonomy":"product_cat","embeddable":true,"href":"https:\/\/petproducts.com.cn\/pt\/wp-json\/wp\/v2\/product_cat?post=32025"},{"taxonomy":"product_tag","embeddable":true,"href":"https:\/\/petproducts.com.cn\/pt\/wp-json\/wp\/v2\/product_tag?post=32025"}],"curies":[{"name":"wp","href":"https:\/\/api.w.org\/{rel}","templated":true}]}}