{"id":32202,"date":"2025-02-25T06:41:43","date_gmt":"2025-02-25T06:41:43","guid":{"rendered":"https:\/\/petproducts.com.cn\/?post_type=product&#038;p=32202"},"modified":"2025-02-25T06:58:12","modified_gmt":"2025-02-25T06:58:12","slug":"halloween-cat-cave-bed-cute-ghost-shape-plush-pet-cat-house-bed","status":"publish","type":"product","link":"https:\/\/petproducts.com.cn\/pt\/product\/halloween-cat-cave-bed-cute-ghost-shape-plush-pet-cat-house-bed\/","title":{"rendered":"Cama de Halloween para gatos Cama de pel\u00facia em forma de fantasma para gatos"},"content":{"rendered":"<h2>Features Of Halloween Cat Cave Bed<\/h2>\n<ul>\n<li data-start=\"371\" data-end=\"634\">\n<p data-start=\"374\" data-end=\"634\"><strong data-start=\"374\" data-end=\"406\">Halloween Ghost Shape Design<\/strong>: The ghost-shaped design of this Halloween Cat Cave Bed provides a unique and adorable look. Its playful, spooky style fits perfectly with the Halloween theme, making it both a functional and decorative piece for your home.<\/p>\n<\/li>\n<li data-start=\"636\" data-end=\"906\">\n<p data-start=\"639\" data-end=\"906\"><strong data-start=\"639\" data-end=\"669\">Plush Material for Comfort<\/strong>: Crafted from plush fabric, this cat cave offers a soft, warm, and inviting interior. The comfortable surface ensures that your cat can curl up and relax in peace, enjoying a snug retreat during colder months or after a playful day.<\/p>\n<\/li>\n<li data-start=\"908\" data-end=\"1220\">\n<p data-start=\"911\" data-end=\"1220\"><strong data-start=\"911\" data-end=\"948\">Interactive Scythe Cat Teaser Rod<\/strong>: The scythe cat teaser rod attached to the cave adds an interactive element to the play. Your cat can engage with the rod, stimulating both playtime and exercise. This feature helps to satisfy your cat\u2019s natural hunting instincts, keeping them entertained and active.<\/p>\n<\/li>\n<li data-start=\"1222\" data-end=\"1506\">\n<p data-start=\"1225\" data-end=\"1506\"><strong data-start=\"1225\" data-end=\"1258\">Non-Slip Bottom for Stability<\/strong>: The non-slip bottom ensures that the cat cave stays securely in place, even during active play or when your cat moves around inside. This feature provides added safety, preventing any unwanted slipping or sliding, especially on smooth floors.<\/p>\n<\/li>\n<li data-start=\"1508\" data-end=\"1784\">\n<p data-start=\"1511\" data-end=\"1784\"><strong data-start=\"1511\" data-end=\"1538\">Versatile Pet Cat House<\/strong>: Beyond Halloween, this Pet Cat House Bed can serve as an everyday retreat for your cat. Whether it\u2019s used as a cozy nap spot, a hideaway, or a place to relax, the cute design and plush comfort will make it your cat\u2019s favorite place to rest.<\/p>\n<\/li>\n<\/ul>\n<div class=\"w-full pt-2 md:pt-0 dark:border-white\/20 md:border-transparent md:dark:border-transparent md:w-[calc(100%-.5rem)]\">\n<form class=\"stretch mx-2 flex flex-row gap-3 last:mb-2 md:mx-4 md:last:mb-6 lg:mx-auto lg:max-w-2xl xl:max-w-3xl\">\n<div class=\"relative flex h-full flex-1 flex-col\">\n<div class=\"flex w-full items-center\">\n<div class=\"overflow-hidden [&amp;:has(textarea:focus)]:border-token-border-xheavy [&amp;:has(textarea:focus)]:shadow-[0_2px_6px_rgba(0,0,0,.05)] flex flex-col w-full dark:border-token-border-medium flex-grow relative border border-token-border-medium dark:text-white rounded-2xl bg-token-main-surface-primary\">\n<div data-grammarly-part=\"button\">\n<div><\/div>\n<\/div>\n<\/div>\n<\/div>\n<\/div>\n<\/form>\n<\/div>\n","protected":false},"excerpt":{"rendered":"<p>A cama Halloween Cat Cave combina divers\u00e3o festiva com funcionalidade. Com a sua forma de fantasma, o material de pel\u00facia, a foice interactiva e o fundo antiderrapante, oferece conforto e divers\u00e3o para os gatos durante a \u00e9poca do Dia das Bruxas e mais al\u00e9m.<\/p>","protected":false},"featured_media":32209,"template":"","meta":{"_acf_changed":false},"product_brand":[],"product_cat":[58,71],"product_tag":[199,198,197],"class_list":{"0":"post-32202","1":"product","2":"type-product","3":"status-publish","4":"has-post-thumbnail","6":"product_cat-cat-beds","7":"product_cat-cat-supplies","8":"product_tag-halloween-pet-beds","9":"product_tag-halloween-pet-supplies","10":"product_tag-pet-cave-beds","12":"first","13":"instock","14":"shipping-taxable","15":"product-type-simple"},"acf":[],"yoast_head":"<!-- This site is optimized with the Yoast SEO plugin v27.1.1 - https:\/\/yoast.com\/product\/yoast-seo-wordpress\/ -->\n<title>Halloween Cat Cave Bed | Halloween Cat Beds Manufacturer - Petstar<\/title>\n<meta name=\"description\" content=\"Explore Halloween Cat Cave Bed from the best pet products supplier. Petstar is a global pet product manufacturer. Your ideal business solution with Petstar.\" \/>\n<meta name=\"robots\" content=\"index, follow, max-snippet:-1, max-image-preview:large, max-video-preview:-1\" \/>\n<link rel=\"canonical\" href=\"https:\/\/petproducts.com.cn\/pt\/produto\/halloween-cat-cave-bed-cute-ghost-shape-plush-pet-cat-house-bed\/\" \/>\n<meta property=\"og:locale\" content=\"pt_PT\" \/>\n<meta property=\"og:type\" content=\"article\" \/>\n<meta property=\"og:title\" content=\"Halloween Cat Cave Bed | Halloween Cat Beds Manufacturer - Petstar\" \/>\n<meta property=\"og:description\" content=\"Explore Halloween Cat Cave Bed from the best pet products supplier. Petstar is a global pet product manufacturer. Your ideal business solution with Petstar.\" \/>\n<meta property=\"og:url\" content=\"https:\/\/petproducts.com.cn\/pt\/produto\/halloween-cat-cave-bed-cute-ghost-shape-plush-pet-cat-house-bed\/\" \/>\n<meta property=\"og:site_name\" content=\"Petstar\" \/>\n<meta property=\"article:modified_time\" content=\"2025-02-25T06:58:12+00:00\" \/>\n<meta property=\"og:image\" content=\"https:\/\/petproducts.com.cn\/wp-content\/uploads\/2025\/02\/6.-Best-Halloween-Cat-Cave.webp\" \/>\n\t<meta property=\"og:image:width\" content=\"1000\" \/>\n\t<meta property=\"og:image:height\" content=\"1000\" \/>\n\t<meta property=\"og:image:type\" content=\"image\/webp\" \/>\n<meta name=\"twitter:card\" content=\"summary_large_image\" \/>\n<meta name=\"twitter:label1\" content=\"Tempo estimado de leitura\" \/>\n\t<meta name=\"twitter:data1\" content=\"2 minutos\" \/>\n<script type=\"application\/ld+json\" class=\"yoast-schema-graph\">{\"@context\":\"https:\/\/schema.org\",\"@graph\":[{\"@type\":\"WebPage\",\"@id\":\"https:\/\/petproducts.com.cn\/product\/halloween-cat-cave-bed-cute-ghost-shape-plush-pet-cat-house-bed\/\",\"url\":\"https:\/\/petproducts.com.cn\/product\/halloween-cat-cave-bed-cute-ghost-shape-plush-pet-cat-house-bed\/\",\"name\":\"Halloween Cat Cave Bed | Halloween Cat Beds Manufacturer - Petstar\",\"isPartOf\":{\"@id\":\"https:\/\/petproducts.com.cn\/#website\"},\"primaryImageOfPage\":{\"@id\":\"https:\/\/petproducts.com.cn\/product\/halloween-cat-cave-bed-cute-ghost-shape-plush-pet-cat-house-bed\/#primaryimage\"},\"image\":{\"@id\":\"https:\/\/petproducts.com.cn\/product\/halloween-cat-cave-bed-cute-ghost-shape-plush-pet-cat-house-bed\/#primaryimage\"},\"thumbnailUrl\":\"https:\/\/petproducts.com.cn\/wp-content\/uploads\/2025\/02\/6.-Best-Halloween-Cat-Cave.webp\",\"datePublished\":\"2025-02-25T06:41:43+00:00\",\"dateModified\":\"2025-02-25T06:58:12+00:00\",\"description\":\"Explore Halloween Cat Cave Bed from the best pet products supplier. Petstar is a global pet product manufacturer. Your ideal business solution with Petstar.\",\"breadcrumb\":{\"@id\":\"https:\/\/petproducts.com.cn\/product\/halloween-cat-cave-bed-cute-ghost-shape-plush-pet-cat-house-bed\/#breadcrumb\"},\"inLanguage\":\"pt-PT\",\"potentialAction\":[{\"@type\":\"ReadAction\",\"target\":[\"https:\/\/petproducts.com.cn\/product\/halloween-cat-cave-bed-cute-ghost-shape-plush-pet-cat-house-bed\/\"]}]},{\"@type\":\"ImageObject\",\"inLanguage\":\"pt-PT\",\"@id\":\"https:\/\/petproducts.com.cn\/product\/halloween-cat-cave-bed-cute-ghost-shape-plush-pet-cat-house-bed\/#primaryimage\",\"url\":\"https:\/\/petproducts.com.cn\/wp-content\/uploads\/2025\/02\/6.-Best-Halloween-Cat-Cave.webp\",\"contentUrl\":\"https:\/\/petproducts.com.cn\/wp-content\/uploads\/2025\/02\/6.-Best-Halloween-Cat-Cave.webp\",\"width\":1000,\"height\":1000,\"caption\":\"Best Halloween Cat Cave\"},{\"@type\":\"BreadcrumbList\",\"@id\":\"https:\/\/petproducts.com.cn\/product\/halloween-cat-cave-bed-cute-ghost-shape-plush-pet-cat-house-bed\/#breadcrumb\",\"itemListElement\":[{\"@type\":\"ListItem\",\"position\":1,\"name\":\"HOME\",\"item\":\"https:\/\/petproducts.com.cn\/\"},{\"@type\":\"ListItem\",\"position\":2,\"name\":\"Products\",\"item\":\"https:\/\/petproducts.com.cn\/shop\/\"},{\"@type\":\"ListItem\",\"position\":3,\"name\":\"Cat Beds\",\"item\":\"https:\/\/petproducts.com.cn\/product-category\/cat-beds\/\"},{\"@type\":\"ListItem\",\"position\":4,\"name\":\"Halloween Cat Cave Bed Cute Ghost Shape Plush Pet Cat House Bed\"}]},{\"@type\":\"WebSite\",\"@id\":\"https:\/\/petproducts.com.cn\/#website\",\"url\":\"https:\/\/petproducts.com.cn\/\",\"name\":\"Petstar\",\"description\":\"Leading Pet Supplies Manufacturer &amp; OEM Pet Products Supplier\",\"publisher\":{\"@id\":\"https:\/\/petproducts.com.cn\/#organization\"},\"alternateName\":\"Petstar Pet Supplies\",\"potentialAction\":[{\"@type\":\"SearchAction\",\"target\":{\"@type\":\"EntryPoint\",\"urlTemplate\":\"https:\/\/petproducts.com.cn\/?s={search_term_string}\"},\"query-input\":{\"@type\":\"PropertyValueSpecification\",\"valueRequired\":true,\"valueName\":\"search_term_string\"}}],\"inLanguage\":\"pt-PT\"},{\"@type\":\"Organization\",\"@id\":\"https:\/\/petproducts.com.cn\/#organization\",\"name\":\"Petstar\",\"url\":\"https:\/\/petproducts.com.cn\/\",\"logo\":{\"@type\":\"ImageObject\",\"inLanguage\":\"pt-PT\",\"@id\":\"https:\/\/petproducts.com.cn\/#\/schema\/logo\/image\/\",\"url\":\"https:\/\/petproducts.com.cn\/wp-content\/uploads\/2020\/02\/petstar-logo.webp\",\"contentUrl\":\"https:\/\/petproducts.com.cn\/wp-content\/uploads\/2020\/02\/petstar-logo.webp\",\"width\":779,\"height\":520,\"caption\":\"Petstar\"},\"image\":{\"@id\":\"https:\/\/petproducts.com.cn\/#\/schema\/logo\/image\/\"}}]}<\/script>\n<!-- \/ Yoast SEO plugin. -->","yoast_head_json":{"title":"Cama de Halloween para gatos | Fabricante de camas de Halloween para gatos - Petstar","description":"Explore a cama de Halloween Cat Cave do melhor fornecedor de produtos para animais de estima\u00e7\u00e3o. Petstar \u00e9 um fabricante global de produtos para animais de estima\u00e7\u00e3o. A sua solu\u00e7\u00e3o de neg\u00f3cio ideal com Petstar.","robots":{"index":"index","follow":"follow","max-snippet":"max-snippet:-1","max-image-preview":"max-image-preview:large","max-video-preview":"max-video-preview:-1"},"canonical":"https:\/\/petproducts.com.cn\/pt\/produto\/halloween-cat-cave-bed-cute-ghost-shape-plush-pet-cat-house-bed\/","og_locale":"pt_PT","og_type":"article","og_title":"Halloween Cat Cave Bed | Halloween Cat Beds Manufacturer - Petstar","og_description":"Explore Halloween Cat Cave Bed from the best pet products supplier. Petstar is a global pet product manufacturer. Your ideal business solution with Petstar.","og_url":"https:\/\/petproducts.com.cn\/pt\/produto\/halloween-cat-cave-bed-cute-ghost-shape-plush-pet-cat-house-bed\/","og_site_name":"Petstar","article_modified_time":"2025-02-25T06:58:12+00:00","og_image":[{"width":1000,"height":1000,"url":"https:\/\/petproducts.com.cn\/wp-content\/uploads\/2025\/02\/6.-Best-Halloween-Cat-Cave.webp","type":"image\/webp"}],"twitter_card":"summary_large_image","twitter_misc":{"Tempo estimado de leitura":"2 minutos"},"schema":{"@context":"https:\/\/schema.org","@graph":[{"@type":"WebPage","@id":"https:\/\/petproducts.com.cn\/product\/halloween-cat-cave-bed-cute-ghost-shape-plush-pet-cat-house-bed\/","url":"https:\/\/petproducts.com.cn\/product\/halloween-cat-cave-bed-cute-ghost-shape-plush-pet-cat-house-bed\/","name":"Cama de Halloween para gatos | Fabricante de camas de Halloween para gatos - Petstar","isPartOf":{"@id":"https:\/\/petproducts.com.cn\/#website"},"primaryImageOfPage":{"@id":"https:\/\/petproducts.com.cn\/product\/halloween-cat-cave-bed-cute-ghost-shape-plush-pet-cat-house-bed\/#primaryimage"},"image":{"@id":"https:\/\/petproducts.com.cn\/product\/halloween-cat-cave-bed-cute-ghost-shape-plush-pet-cat-house-bed\/#primaryimage"},"thumbnailUrl":"https:\/\/petproducts.com.cn\/wp-content\/uploads\/2025\/02\/6.-Best-Halloween-Cat-Cave.webp","datePublished":"2025-02-25T06:41:43+00:00","dateModified":"2025-02-25T06:58:12+00:00","description":"Explore a cama de Halloween Cat Cave do melhor fornecedor de produtos para animais de estima\u00e7\u00e3o. Petstar \u00e9 um fabricante global de produtos para animais de estima\u00e7\u00e3o. A sua solu\u00e7\u00e3o de neg\u00f3cio ideal com Petstar.","breadcrumb":{"@id":"https:\/\/petproducts.com.cn\/product\/halloween-cat-cave-bed-cute-ghost-shape-plush-pet-cat-house-bed\/#breadcrumb"},"inLanguage":"pt-PT","potentialAction":[{"@type":"ReadAction","target":["https:\/\/petproducts.com.cn\/product\/halloween-cat-cave-bed-cute-ghost-shape-plush-pet-cat-house-bed\/"]}]},{"@type":"ImageObject","inLanguage":"pt-PT","@id":"https:\/\/petproducts.com.cn\/product\/halloween-cat-cave-bed-cute-ghost-shape-plush-pet-cat-house-bed\/#primaryimage","url":"https:\/\/petproducts.com.cn\/wp-content\/uploads\/2025\/02\/6.-Best-Halloween-Cat-Cave.webp","contentUrl":"https:\/\/petproducts.com.cn\/wp-content\/uploads\/2025\/02\/6.-Best-Halloween-Cat-Cave.webp","width":1000,"height":1000,"caption":"Best Halloween Cat Cave"},{"@type":"BreadcrumbList","@id":"https:\/\/petproducts.com.cn\/product\/halloween-cat-cave-bed-cute-ghost-shape-plush-pet-cat-house-bed\/#breadcrumb","itemListElement":[{"@type":"ListItem","position":1,"name":"HOME","item":"https:\/\/petproducts.com.cn\/"},{"@type":"ListItem","position":2,"name":"Products","item":"https:\/\/petproducts.com.cn\/shop\/"},{"@type":"ListItem","position":3,"name":"Cat Beds","item":"https:\/\/petproducts.com.cn\/product-category\/cat-beds\/"},{"@type":"ListItem","position":4,"name":"Halloween Cat Cave Bed Cute Ghost Shape Plush Pet Cat House Bed"}]},{"@type":"WebSite","@id":"https:\/\/petproducts.com.cn\/#website","url":"https:\/\/petproducts.com.cn\/","name":"Petstar","description":"Fabricante l\u00edder de artigos para animais de estima\u00e7\u00e3o e fornecedor de produtos OEM para animais de estima\u00e7\u00e3o","publisher":{"@id":"https:\/\/petproducts.com.cn\/#organization"},"alternateName":"Petstar Pet Supplies","potentialAction":[{"@type":"SearchAction","target":{"@type":"EntryPoint","urlTemplate":"https:\/\/petproducts.com.cn\/?s={search_term_string}"},"query-input":{"@type":"PropertyValueSpecification","valueRequired":true,"valueName":"search_term_string"}}],"inLanguage":"pt-PT"},{"@type":"Organization","@id":"https:\/\/petproducts.com.cn\/#organization","name":"Petstar","url":"https:\/\/petproducts.com.cn\/","logo":{"@type":"ImageObject","inLanguage":"pt-PT","@id":"https:\/\/petproducts.com.cn\/#\/schema\/logo\/image\/","url":"https:\/\/petproducts.com.cn\/wp-content\/uploads\/2020\/02\/petstar-logo.webp","contentUrl":"https:\/\/petproducts.com.cn\/wp-content\/uploads\/2020\/02\/petstar-logo.webp","width":779,"height":520,"caption":"Petstar"},"image":{"@id":"https:\/\/petproducts.com.cn\/#\/schema\/logo\/image\/"}}]}},"_links":{"self":[{"href":"https:\/\/petproducts.com.cn\/pt\/wp-json\/wp\/v2\/product\/32202","targetHints":{"allow":["GET"]}}],"collection":[{"href":"https:\/\/petproducts.com.cn\/pt\/wp-json\/wp\/v2\/product"}],"about":[{"href":"https:\/\/petproducts.com.cn\/pt\/wp-json\/wp\/v2\/types\/product"}],"version-history":[{"count":2,"href":"https:\/\/petproducts.com.cn\/pt\/wp-json\/wp\/v2\/product\/32202\/revisions"}],"predecessor-version":[{"id":32210,"href":"https:\/\/petproducts.com.cn\/pt\/wp-json\/wp\/v2\/product\/32202\/revisions\/32210"}],"wp:featuredmedia":[{"embeddable":true,"href":"https:\/\/petproducts.com.cn\/pt\/wp-json\/wp\/v2\/media\/32209"}],"wp:attachment":[{"href":"https:\/\/petproducts.com.cn\/pt\/wp-json\/wp\/v2\/media?parent=32202"}],"wp:term":[{"taxonomy":"product_brand","embeddable":true,"href":"https:\/\/petproducts.com.cn\/pt\/wp-json\/wp\/v2\/product_brand?post=32202"},{"taxonomy":"product_cat","embeddable":true,"href":"https:\/\/petproducts.com.cn\/pt\/wp-json\/wp\/v2\/product_cat?post=32202"},{"taxonomy":"product_tag","embeddable":true,"href":"https:\/\/petproducts.com.cn\/pt\/wp-json\/wp\/v2\/product_tag?post=32202"}],"curies":[{"name":"wp","href":"https:\/\/api.w.org\/{rel}","templated":true}]}}