{"id":32412,"date":"2025-03-07T05:56:11","date_gmt":"2025-03-07T05:56:11","guid":{"rendered":"https:\/\/petproducts.com.cn\/?post_type=product&#038;p=32412"},"modified":"2025-03-07T06:12:46","modified_gmt":"2025-03-07T06:12:46","slug":"dog-collar-harness-leash-set-adjustable-no-pull-colorful-grid-dog-leash","status":"publish","type":"product","link":"https:\/\/petproducts.com.cn\/pt\/product\/dog-collar-harness-leash-set-adjustable-no-pull-colorful-grid-dog-leash\/","title":{"rendered":"Coleira para c\u00e3es Conjunto de trela ajust\u00e1vel sem pux\u00e3o Trela para c\u00e3es com grelha colorida"},"content":{"rendered":"<h2>Carater\u00edsticas da coleira para c\u00e3es com trela<\/h2>\n<ol>\n<li><strong>Conjunto completo de coleira, arn\u00eas e trela para c\u00e3es<\/strong> - Um conjunto 3 em 1 que inclui uma coleira, um arn\u00eas e uma trela, proporcionando uma solu\u00e7\u00e3o a condizer e com estilo para os donos de animais de estima\u00e7\u00e3o.<\/li>\n<li><strong>Design ajust\u00e1vel sem tra\u00e7\u00e3o<\/strong> - O arn\u00eas sem pux\u00e3o distribui uniformemente a press\u00e3o para evitar asfixia, garantindo uma experi\u00eancia de passeio mais segura e confort\u00e1vel.<\/li>\n<li><strong>Fivela de fecho forte e argolas em D para trabalhos pesados<\/strong> - Constru\u00eddo com uma fivela de interrutor segura e an\u00e9is D dur\u00e1veis, oferecendo uma resist\u00eancia fi\u00e1vel para uma melhor fixa\u00e7\u00e3o e controlo da trela.<\/li>\n<li><strong>Padr\u00e3o de grelha colorido e vibrante<\/strong> - O design atraente da grelha colorida acrescenta um toque de moda, fazendo com que os animais de estima\u00e7\u00e3o se destaquem, mantendo a durabilidade e a resist\u00eancia ao desvanecimento.<\/li>\n<li><strong>Materiais de alta qualidade e duradouros <\/strong>- Fabricado com materiais fortes e resistentes ao desgaste, este conjunto \u00e9 ideal para passeios di\u00e1rios, treinos e aventuras ao ar livre.<\/li>\n<li><strong>Perfeito para compradores B2B<\/strong> - Concebido para grossistas de produtos para animais de estima\u00e7\u00e3o, grandes compradores e lojas de animais, este conjunto premium oferece uma solu\u00e7\u00e3o tudo-em-um que satisfaz as exig\u00eancias dos retalhistas e dos seus clientes.<\/li>\n<\/ol>","protected":false},"excerpt":{"rendered":"<p>O nosso conjunto de trela para coleira de c\u00e3o ajust\u00e1vel sem puxar a trela de c\u00e3o com grelha colorida oferece uma solu\u00e7\u00e3o 3 em 1 elegante e funcional, com um design de grelha vibrante, fivela de interrutor forte, an\u00e9is D resistentes e um arn\u00eas ajust\u00e1vel sem puxar, tornando-o uma escolha perfeita para empresas de fornecimento de animais de estima\u00e7\u00e3o.<\/p>","protected":false},"featured_media":32413,"template":"","meta":{"_acf_changed":false},"product_brand":[],"product_cat":[124,72],"product_tag":[212,211,213],"class_list":{"0":"post-32412","1":"product","2":"type-product","3":"status-publish","4":"has-post-thumbnail","6":"product_cat-dog-collars-leashes-harnesses","7":"product_cat-dog-supplies","8":"product_tag-pet-collars","9":"product_tag-pet-harnesses","10":"product_tag-pet-leashes","12":"first","13":"instock","14":"shipping-taxable","15":"product-type-simple"},"acf":[],"yoast_head":"<!-- This site is optimized with the Yoast SEO plugin v27.1.1 - https:\/\/yoast.com\/product\/yoast-seo-wordpress\/ -->\n<title>Dog Collar Harness Leash | Dog Leash Collar Manufacturer - Petstar<\/title>\n<meta name=\"description\" content=\"Explore Dog Collar Harness Leash from the best pet products supplier. Petstar is a global pet products manufacturer. Your ideal business solution with Petstar.\" \/>\n<meta name=\"robots\" content=\"index, follow, max-snippet:-1, max-image-preview:large, max-video-preview:-1\" \/>\n<link rel=\"canonical\" href=\"https:\/\/petproducts.com.cn\/pt\/produto\/dog-collar-harness-leash-set-adjustable-no-pull-colorful-grid-dog-leash\/\" \/>\n<meta property=\"og:locale\" content=\"pt_PT\" \/>\n<meta property=\"og:type\" content=\"article\" \/>\n<meta property=\"og:title\" content=\"Dog Collar Harness Leash | Dog Leash Collar Manufacturer - Petstar\" \/>\n<meta property=\"og:description\" content=\"Explore Dog Collar Harness Leash from the best pet products supplier. Petstar is a global pet products manufacturer. Your ideal business solution with Petstar.\" \/>\n<meta property=\"og:url\" content=\"https:\/\/petproducts.com.cn\/pt\/produto\/dog-collar-harness-leash-set-adjustable-no-pull-colorful-grid-dog-leash\/\" \/>\n<meta property=\"og:site_name\" content=\"Petstar\" \/>\n<meta property=\"article:modified_time\" content=\"2025-03-07T06:12:46+00:00\" \/>\n<meta property=\"og:image\" content=\"https:\/\/petproducts.com.cn\/wp-content\/uploads\/2025\/03\/dog-collar-harness-leash-set.webp\" \/>\n\t<meta property=\"og:image:width\" content=\"1000\" \/>\n\t<meta property=\"og:image:height\" content=\"1000\" \/>\n\t<meta property=\"og:image:type\" content=\"image\/webp\" \/>\n<meta name=\"twitter:card\" content=\"summary_large_image\" \/>\n<meta name=\"twitter:label1\" content=\"Tempo estimado de leitura\" \/>\n\t<meta name=\"twitter:data1\" content=\"1 minuto\" \/>\n<script type=\"application\/ld+json\" class=\"yoast-schema-graph\">{\"@context\":\"https:\/\/schema.org\",\"@graph\":[{\"@type\":\"WebPage\",\"@id\":\"https:\/\/petproducts.com.cn\/product\/dog-collar-harness-leash-set-adjustable-no-pull-colorful-grid-dog-leash\/\",\"url\":\"https:\/\/petproducts.com.cn\/product\/dog-collar-harness-leash-set-adjustable-no-pull-colorful-grid-dog-leash\/\",\"name\":\"Dog Collar Harness Leash | Dog Leash Collar Manufacturer - Petstar\",\"isPartOf\":{\"@id\":\"https:\/\/petproducts.com.cn\/#website\"},\"primaryImageOfPage\":{\"@id\":\"https:\/\/petproducts.com.cn\/product\/dog-collar-harness-leash-set-adjustable-no-pull-colorful-grid-dog-leash\/#primaryimage\"},\"image\":{\"@id\":\"https:\/\/petproducts.com.cn\/product\/dog-collar-harness-leash-set-adjustable-no-pull-colorful-grid-dog-leash\/#primaryimage\"},\"thumbnailUrl\":\"https:\/\/petproducts.com.cn\/wp-content\/uploads\/2025\/03\/dog-collar-harness-leash-set.webp\",\"datePublished\":\"2025-03-07T05:56:11+00:00\",\"dateModified\":\"2025-03-07T06:12:46+00:00\",\"description\":\"Explore Dog Collar Harness Leash from the best pet products supplier. Petstar is a global pet products manufacturer. Your ideal business solution with Petstar.\",\"breadcrumb\":{\"@id\":\"https:\/\/petproducts.com.cn\/product\/dog-collar-harness-leash-set-adjustable-no-pull-colorful-grid-dog-leash\/#breadcrumb\"},\"inLanguage\":\"pt-PT\",\"potentialAction\":[{\"@type\":\"ReadAction\",\"target\":[\"https:\/\/petproducts.com.cn\/product\/dog-collar-harness-leash-set-adjustable-no-pull-colorful-grid-dog-leash\/\"]}]},{\"@type\":\"ImageObject\",\"inLanguage\":\"pt-PT\",\"@id\":\"https:\/\/petproducts.com.cn\/product\/dog-collar-harness-leash-set-adjustable-no-pull-colorful-grid-dog-leash\/#primaryimage\",\"url\":\"https:\/\/petproducts.com.cn\/wp-content\/uploads\/2025\/03\/dog-collar-harness-leash-set.webp\",\"contentUrl\":\"https:\/\/petproducts.com.cn\/wp-content\/uploads\/2025\/03\/dog-collar-harness-leash-set.webp\",\"width\":1000,\"height\":1000,\"caption\":\"dog collar harness leash set\"},{\"@type\":\"BreadcrumbList\",\"@id\":\"https:\/\/petproducts.com.cn\/product\/dog-collar-harness-leash-set-adjustable-no-pull-colorful-grid-dog-leash\/#breadcrumb\",\"itemListElement\":[{\"@type\":\"ListItem\",\"position\":1,\"name\":\"HOME\",\"item\":\"https:\/\/petproducts.com.cn\/\"},{\"@type\":\"ListItem\",\"position\":2,\"name\":\"Products\",\"item\":\"https:\/\/petproducts.com.cn\/shop\/\"},{\"@type\":\"ListItem\",\"position\":3,\"name\":\"Dog Collars, Leashes &amp; Harnesses\",\"item\":\"https:\/\/petproducts.com.cn\/product-category\/dog-collars-leashes-harnesses\/\"},{\"@type\":\"ListItem\",\"position\":4,\"name\":\"Dog Collar Harness Leash Set Adjustable No Pull Colorful Grid Dog Leash\"}]},{\"@type\":\"WebSite\",\"@id\":\"https:\/\/petproducts.com.cn\/#website\",\"url\":\"https:\/\/petproducts.com.cn\/\",\"name\":\"Petstar\",\"description\":\"Leading Pet Supplies Manufacturer &amp; OEM Pet Products Supplier\",\"publisher\":{\"@id\":\"https:\/\/petproducts.com.cn\/#organization\"},\"alternateName\":\"Petstar Pet Supplies\",\"potentialAction\":[{\"@type\":\"SearchAction\",\"target\":{\"@type\":\"EntryPoint\",\"urlTemplate\":\"https:\/\/petproducts.com.cn\/?s={search_term_string}\"},\"query-input\":{\"@type\":\"PropertyValueSpecification\",\"valueRequired\":true,\"valueName\":\"search_term_string\"}}],\"inLanguage\":\"pt-PT\"},{\"@type\":\"Organization\",\"@id\":\"https:\/\/petproducts.com.cn\/#organization\",\"name\":\"Petstar\",\"url\":\"https:\/\/petproducts.com.cn\/\",\"logo\":{\"@type\":\"ImageObject\",\"inLanguage\":\"pt-PT\",\"@id\":\"https:\/\/petproducts.com.cn\/#\/schema\/logo\/image\/\",\"url\":\"https:\/\/petproducts.com.cn\/wp-content\/uploads\/2020\/02\/petstar-logo.webp\",\"contentUrl\":\"https:\/\/petproducts.com.cn\/wp-content\/uploads\/2020\/02\/petstar-logo.webp\",\"width\":779,\"height\":520,\"caption\":\"Petstar\"},\"image\":{\"@id\":\"https:\/\/petproducts.com.cn\/#\/schema\/logo\/image\/\"}}]}<\/script>\n<!-- \/ Yoast SEO plugin. -->","yoast_head_json":{"title":"Coleira para c\u00e3es Arreios Trela | Coleira para c\u00e3es Fabricante - Petstar","description":"Explore Coleira de c\u00e3o Arn\u00eas trela do melhor fornecedor de produtos para animais de estima\u00e7\u00e3o. Petstar \u00e9 um fabricante global de produtos para animais de estima\u00e7\u00e3o. A sua solu\u00e7\u00e3o de neg\u00f3cio ideal com Petstar.","robots":{"index":"index","follow":"follow","max-snippet":"max-snippet:-1","max-image-preview":"max-image-preview:large","max-video-preview":"max-video-preview:-1"},"canonical":"https:\/\/petproducts.com.cn\/pt\/produto\/dog-collar-harness-leash-set-adjustable-no-pull-colorful-grid-dog-leash\/","og_locale":"pt_PT","og_type":"article","og_title":"Dog Collar Harness Leash | Dog Leash Collar Manufacturer - Petstar","og_description":"Explore Dog Collar Harness Leash from the best pet products supplier. Petstar is a global pet products manufacturer. Your ideal business solution with Petstar.","og_url":"https:\/\/petproducts.com.cn\/pt\/produto\/dog-collar-harness-leash-set-adjustable-no-pull-colorful-grid-dog-leash\/","og_site_name":"Petstar","article_modified_time":"2025-03-07T06:12:46+00:00","og_image":[{"width":1000,"height":1000,"url":"https:\/\/petproducts.com.cn\/wp-content\/uploads\/2025\/03\/dog-collar-harness-leash-set.webp","type":"image\/webp"}],"twitter_card":"summary_large_image","twitter_misc":{"Tempo estimado de leitura":"1 minuto"},"schema":{"@context":"https:\/\/schema.org","@graph":[{"@type":"WebPage","@id":"https:\/\/petproducts.com.cn\/product\/dog-collar-harness-leash-set-adjustable-no-pull-colorful-grid-dog-leash\/","url":"https:\/\/petproducts.com.cn\/product\/dog-collar-harness-leash-set-adjustable-no-pull-colorful-grid-dog-leash\/","name":"Coleira para c\u00e3es Arreios Trela | Coleira para c\u00e3es Fabricante - Petstar","isPartOf":{"@id":"https:\/\/petproducts.com.cn\/#website"},"primaryImageOfPage":{"@id":"https:\/\/petproducts.com.cn\/product\/dog-collar-harness-leash-set-adjustable-no-pull-colorful-grid-dog-leash\/#primaryimage"},"image":{"@id":"https:\/\/petproducts.com.cn\/product\/dog-collar-harness-leash-set-adjustable-no-pull-colorful-grid-dog-leash\/#primaryimage"},"thumbnailUrl":"https:\/\/petproducts.com.cn\/wp-content\/uploads\/2025\/03\/dog-collar-harness-leash-set.webp","datePublished":"2025-03-07T05:56:11+00:00","dateModified":"2025-03-07T06:12:46+00:00","description":"Explore Coleira de c\u00e3o Arn\u00eas trela do melhor fornecedor de produtos para animais de estima\u00e7\u00e3o. Petstar \u00e9 um fabricante global de produtos para animais de estima\u00e7\u00e3o. A sua solu\u00e7\u00e3o de neg\u00f3cio ideal com Petstar.","breadcrumb":{"@id":"https:\/\/petproducts.com.cn\/product\/dog-collar-harness-leash-set-adjustable-no-pull-colorful-grid-dog-leash\/#breadcrumb"},"inLanguage":"pt-PT","potentialAction":[{"@type":"ReadAction","target":["https:\/\/petproducts.com.cn\/product\/dog-collar-harness-leash-set-adjustable-no-pull-colorful-grid-dog-leash\/"]}]},{"@type":"ImageObject","inLanguage":"pt-PT","@id":"https:\/\/petproducts.com.cn\/product\/dog-collar-harness-leash-set-adjustable-no-pull-colorful-grid-dog-leash\/#primaryimage","url":"https:\/\/petproducts.com.cn\/wp-content\/uploads\/2025\/03\/dog-collar-harness-leash-set.webp","contentUrl":"https:\/\/petproducts.com.cn\/wp-content\/uploads\/2025\/03\/dog-collar-harness-leash-set.webp","width":1000,"height":1000,"caption":"dog collar harness leash set"},{"@type":"BreadcrumbList","@id":"https:\/\/petproducts.com.cn\/product\/dog-collar-harness-leash-set-adjustable-no-pull-colorful-grid-dog-leash\/#breadcrumb","itemListElement":[{"@type":"ListItem","position":1,"name":"HOME","item":"https:\/\/petproducts.com.cn\/"},{"@type":"ListItem","position":2,"name":"Products","item":"https:\/\/petproducts.com.cn\/shop\/"},{"@type":"ListItem","position":3,"name":"Dog Collars, Leashes &amp; Harnesses","item":"https:\/\/petproducts.com.cn\/product-category\/dog-collars-leashes-harnesses\/"},{"@type":"ListItem","position":4,"name":"Dog Collar Harness Leash Set Adjustable No Pull Colorful Grid Dog Leash"}]},{"@type":"WebSite","@id":"https:\/\/petproducts.com.cn\/#website","url":"https:\/\/petproducts.com.cn\/","name":"Petstar","description":"Fabricante l\u00edder de artigos para animais de estima\u00e7\u00e3o e fornecedor de produtos OEM para animais de estima\u00e7\u00e3o","publisher":{"@id":"https:\/\/petproducts.com.cn\/#organization"},"alternateName":"Petstar Pet Supplies","potentialAction":[{"@type":"SearchAction","target":{"@type":"EntryPoint","urlTemplate":"https:\/\/petproducts.com.cn\/?s={search_term_string}"},"query-input":{"@type":"PropertyValueSpecification","valueRequired":true,"valueName":"search_term_string"}}],"inLanguage":"pt-PT"},{"@type":"Organization","@id":"https:\/\/petproducts.com.cn\/#organization","name":"Petstar","url":"https:\/\/petproducts.com.cn\/","logo":{"@type":"ImageObject","inLanguage":"pt-PT","@id":"https:\/\/petproducts.com.cn\/#\/schema\/logo\/image\/","url":"https:\/\/petproducts.com.cn\/wp-content\/uploads\/2020\/02\/petstar-logo.webp","contentUrl":"https:\/\/petproducts.com.cn\/wp-content\/uploads\/2020\/02\/petstar-logo.webp","width":779,"height":520,"caption":"Petstar"},"image":{"@id":"https:\/\/petproducts.com.cn\/#\/schema\/logo\/image\/"}}]}},"_links":{"self":[{"href":"https:\/\/petproducts.com.cn\/pt\/wp-json\/wp\/v2\/product\/32412","targetHints":{"allow":["GET"]}}],"collection":[{"href":"https:\/\/petproducts.com.cn\/pt\/wp-json\/wp\/v2\/product"}],"about":[{"href":"https:\/\/petproducts.com.cn\/pt\/wp-json\/wp\/v2\/types\/product"}],"version-history":[{"count":3,"href":"https:\/\/petproducts.com.cn\/pt\/wp-json\/wp\/v2\/product\/32412\/revisions"}],"predecessor-version":[{"id":32421,"href":"https:\/\/petproducts.com.cn\/pt\/wp-json\/wp\/v2\/product\/32412\/revisions\/32421"}],"wp:featuredmedia":[{"embeddable":true,"href":"https:\/\/petproducts.com.cn\/pt\/wp-json\/wp\/v2\/media\/32413"}],"wp:attachment":[{"href":"https:\/\/petproducts.com.cn\/pt\/wp-json\/wp\/v2\/media?parent=32412"}],"wp:term":[{"taxonomy":"product_brand","embeddable":true,"href":"https:\/\/petproducts.com.cn\/pt\/wp-json\/wp\/v2\/product_brand?post=32412"},{"taxonomy":"product_cat","embeddable":true,"href":"https:\/\/petproducts.com.cn\/pt\/wp-json\/wp\/v2\/product_cat?post=32412"},{"taxonomy":"product_tag","embeddable":true,"href":"https:\/\/petproducts.com.cn\/pt\/wp-json\/wp\/v2\/product_tag?post=32412"}],"curies":[{"name":"wp","href":"https:\/\/api.w.org\/{rel}","templated":true}]}}